{"id":6567,"date":"2022-11-20T01:51:34","date_gmt":"2022-11-19T18:51:34","guid":{"rendered":"https:\/\/democmctile.urah.vn\/?post_type=product&#038;p=6567"},"modified":"2023-07-04T10:56:56","modified_gmt":"2023-07-04T03:56:56","slug":"gach-lat-nen-mau-xam-nhat-van-cam-thach-trang-lx-6668","status":"publish","type":"product","link":"https:\/\/cmctiles.vn\/en\/gach-op-lat\/gach-lat\/gach-lat-lx-6668.html","title":{"rendered":"G\u1ea1ch l\u00e1t n\u1ec1n m\u00e0u x\u00e1m nh\u1ea1t v\u00e2n \u0111\u00e1 c\u1ea9m th\u1ea1ch tr\u1eafng LX 6668"},"content":{"rendered":"<p style=\"text-align: justify;\"><span style=\"font-weight: 400;\">L\u1ea5y c\u1ea3m h\u1ee9ng t\u1eeb nh\u1eefng phi\u1ebfn \u0111\u00e1 nhu\u1ed9m \u0111\u1eadm phong s\u01b0\u01a1ng v\u1edbi nh\u1eefng \u0111\u01b0\u1eddng n\u00e9t th\u00f4 s\u01a1 nh\u01b0ng uy\u1ec3n chuy\u1ec3n, <strong>LX 6668<\/strong> l\u00e0 s\u1ef1 l\u1ef1a ch\u1ecdn l\u00fd t\u01b0\u1edfng cho nh\u1eefng ng\u01b0\u1eddi theo \u0111u\u1ed5i xu h\u01b0\u1edbng ki\u1ebfn tr\u00fac t\u1ed1i gi\u1ea3n v\u00e0 tinh t\u1ebf. Gam m\u00e0u trung t\u00ednh, k\u1ebft h\u1ee3p nh\u1eefng v\u00e2n tr\u1eafng tinh kh\u00f4i c\u1ee7a c\u1ea9m th\u1ea1ch, \u0111\u01b0\u1ee3c t\u1ea1o \u0111i\u1ec3m nh\u1ea5n b\u1edfi \u0111\u01b0\u1eddng v\u00e2n m\u1ea1nh m\u1ebd n\u1ed5i b\u1eadt, <strong>LX 6668<\/strong> mang \u0111\u1ebfn v\u1ebb sang tr\u1ecdng, m\u00e1t l\u1ea1nh v\u00e0 \u0111\u1eb3ng c\u1ea5p cho kh\u00f4ng gian ki\u1ebfn tr\u00fac.<\/span><\/p>\n<h2 style=\"text-align: justify;\"><b>1. Th\u00f4ng s\u1ed1 s\u1ea3n ph\u1ea9m<\/b><\/h2>\n<table>\n<tbody>\n<tr>\n<td><span style=\"font-weight: 400;\">M\u00e3 s\u1ea3n ph\u1ea9m<\/span><\/td>\n<td><strong>LX 6668<\/strong><\/td>\n<\/tr>\n<tr>\n<td><span style=\"font-weight: 400;\">BRANDS<\/span><\/td>\n<td><span style=\"font-weight: 400;\">CMC Tiles<\/span><\/td>\n<\/tr>\n<tr>\n<td><span style=\"font-weight: 400;\">Ph\u00e2n lo\u1ea1i<\/span><\/td>\n<td><span style=\"font-weight: 400;\">G\u1ea1ch l\u00e1t Porcelain<\/span><\/td>\n<\/tr>\n<tr>\n<td><span style=\"font-weight: 400;\">M\u00e0u s\u1eafc<\/span><\/td>\n<td><span style=\"font-weight: 400;\">M\u00e0u x\u00e1m nh\u1ea1t, v\u00e2n \u0111\u00e1 c\u1ea9m th\u1ea1ch tr\u1eafng<\/span><\/td>\n<\/tr>\n<tr>\n<td><span style=\"font-weight: 400;\">Sizes<\/span><\/td>\n<td><span style=\"font-weight: 400;\">600\u00d7600 mm<\/span><\/td>\n<\/tr>\n<tr>\n<td><span style=\"font-weight: 400;\">\u0110\u1ed9 d\u00e0y<\/span><\/td>\n<td><span style=\"font-weight: 400;\">11.5 (mm)<\/span><\/td>\n<\/tr>\n<tr>\n<td><span style=\"font-weight: 400;\">MATERIALS\u00a0<\/span><\/td>\n<td><span style=\"font-weight: 400;\">Porcelain<\/span><\/td>\n<\/tr>\n<tr>\n<td><span style=\"font-weight: 400;\">Surfaces<\/span><\/td>\n<td><span style=\"font-weight: 400;\">Men nano b\u00f3ng cao c\u1ea5p<\/span><\/td>\n<\/tr>\n<tr>\n<td><span style=\"font-weight: 400;\">Outstanding features<\/span><\/td>\n<td>\n<ul>\n<li style=\"font-weight: 400;\" aria-level=\"1\"><span style=\"font-weight: 400;\">High wear resistance<\/span><\/li>\n<li style=\"font-weight: 400;\" aria-level=\"1\"><span style=\"font-weight: 400;\">High-pressure resistance<\/span><\/li>\n<li style=\"font-weight: 400;\" aria-level=\"1\"><span style=\"font-weight: 400;\">Anti-acid, anti-slip<\/span><\/li>\n<li style=\"font-weight: 400;\" aria-level=\"1\"><span style=\"font-weight: 400;\">Non-ignition, non-expansion<\/span><\/li>\n<li style=\"font-weight: 400;\" aria-level=\"1\"><span style=\"font-weight: 400;\">Easy to clean, anti-bacterial, anti-mildew<\/span><\/li>\n<\/ul>\n<\/td>\n<\/tr>\n<tr>\n<td><span style=\"font-weight: 400;\">APPLICATIONS<\/span><\/td>\n<td><span style=\"font-weight: 400;\">\u0110a d\u1ea1ng, v\u00ed d\u1ee5 ki\u1ebfn tr\u00fac nh\u00e0 \u1ed1ng, khu chung c\u01b0, nh\u00e0 \u1edf cao c\u1ea5p, bi\u1ec7t th\u1ef1, ph\u00f2ng kh\u00e1ch, ph\u00f2ng t\u1eafm\u2026<\/span><\/td>\n<\/tr>\n<\/tbody>\n<\/table>\n<p><em><strong>S\u1ea3n ph\u1ea9m li\u00ean quan:<\/strong><\/em><\/p>\n<ul>\n<li><a href=\"https:\/\/cmctiles.vn\/gach-op-lat\/gach-lat\/gach-lat-lx-6671.html\/\" target=\"_blank\" rel=\"noopener\">G\u1ea1ch l\u00e1t LX 6671 v\u00e2n \u0111\u00e1 c\u1ed5 k\u00ednh<\/a><\/li>\n<li><a href=\"https:\/\/cmctiles.vn\/gach-op-lat\/gach-lat\/gach-lat-lx-6669.html\/\" target=\"_blank\" rel=\"noopener\">G\u1ea1ch l\u00e1t n\u1ec1n m\u00e0u tr\u1eafng v\u00e2n m\u00e2y x\u00e1m LX 6669 \u0111\u1ea7y sang tr\u1ecdng<\/a><\/li>\n<li><a href=\"https:\/\/cmctiles.vn\/gach-op-lat\/gach-lat\/gach-lat-lx-6670.html\/\" target=\"_blank\" rel=\"noopener\">G\u1ea1ch l\u00e1t n\u1ec1n LX 6670 m\u00e0u v\u00e0ng kem ch\u1ea5m ph\u00e1 h\u1ed5 ph\u00e1ch \u1ea5n t\u01b0\u1ee3ng<\/a><\/li>\n<\/ul>\n<h2 style=\"text-align: justify;\"><b>2. <\/b><b>LX 6668<\/b><b> &#8211; d\u00f2ng s\u1ea3n ph\u1ea9m cao c\u1ea5p c\u1ee7a CMC<\/b><\/h2>\n<p style=\"text-align: justify;\"><span style=\"font-weight: 400;\">Do \u0111\u01b0\u1ee3c t\u1ea1o ra t\u1eeb m\u1ed9t kh\u1ed1i \u0111\u1ed3ng ch\u1ea5t v\u1ec1 nguy\u00ean li\u1ec7u v\u00e0 m\u00e0u s\u1eafc n\u00ean <\/span><span style=\"font-weight: 400;\">LX 6668 <\/span><span style=\"font-weight: 400;\">c\u00f3 \u01b0u \u0111i\u1ec3m v\u01b0\u1ee3t tr\u1ed9i l\u00e0 khung x\u01b0\u01a1ng ch\u1eafc ch\u1eafn, \u0111\u1ed9 c\u1ee9ng cao, k\u1ebft c\u1ea5u \u0111\u01b0\u1ee3c n\u00e9n k\u1ef9 n\u00ean \u00edt l\u1ed7 h\u1ed5ng, t\u0103ng kh\u1ea3 n\u0103ng ch\u1ed1ng th\u1ea5m n\u01b0\u1edbc v\u00e0 mang \u0111\u1ebfn tr\u1ea3i nghi\u1ec7m t\u1ed1t h\u01a1n cho ng\u01b0\u1eddi d\u00f9ng.\u00a0<\/span><\/p>\n<h3 style=\"text-align: justify;\"><b><i>2.1. Thi\u1ebft k\u1ebf l\u1ea5y c\u1ea3m h\u1ee9ng t\u1eeb s\u1ef1 v\u0129nh c\u1eedu c\u1ee7a d\u00f2ng ch\u1ea3y th\u1eddi gian<\/i><\/b><\/h3>\n<p style=\"text-align: justify;\"><span style=\"font-weight: 400;\">L\u1ea5y c\u1ea3m h\u1ee9ng t\u1eeb nh\u1eefng phi\u1ebfn \u0111\u00e1 nhu\u1ed9m \u0111\u1eadm phong s\u01b0\u01a1ng v\u1edbi nh\u1eefng \u0111\u01b0\u1eddng n\u00e9t th\u00f4 s\u01a1 nh\u01b0ng uy\u1ec3n chuy\u1ec3n, LX 6668 l\u00e0 s\u1ef1 l\u1ef1a ch\u1ecdn l\u00fd t\u01b0\u1edfng cho nh\u1eefng ng\u01b0\u1eddi theo \u0111u\u1ed5i xu h\u01b0\u1edbng ki\u1ebfn tr\u00fac t\u1ed1i gi\u1ea3n v\u00e0 tinh t\u1ebf. Gam m\u00e0u trung t\u00ednh, k\u1ebft h\u1ee3p nh\u1eefng v\u00e2n tr\u1eafng tinh kh\u00f4i c\u1ee7a c\u1ea9m th\u1ea1ch, \u0111\u01b0\u1ee3c t\u1ea1o \u0111i\u1ec3m nh\u1ea5n b\u1edfi \u0111\u01b0\u1eddng v\u00e2n m\u1ea1nh m\u1ebd n\u1ed5i b\u1eadt, LX 6668 mang \u0111\u1ebfn v\u1ebb sang tr\u1ecdng, m\u00e1t l\u1ea1nh v\u00e0 \u0111\u1eb3ng c\u1ea5p cho kh\u00f4ng gian ki\u1ebfn tr\u00fac.<\/span><\/p>\n<h3 style=\"text-align: justify;\"><b><i>2.2. \u0110\u1ed9 b\u1ec1n v\u01b0\u1ee3t th\u1eddi gian<\/i><\/b><\/h3>\n<ul style=\"text-align: justify;\">\n<li style=\"font-weight: 400;\" aria-level=\"2\"><b>Kh\u1ea3 n\u0103ng ch\u1ed1ng m\u00e0i m\u00f2n cao: <\/b><span style=\"font-weight: 400;\">Tiles <\/span><span style=\"font-weight: 400;\">LX 6668 <\/span><span style=\"font-weight: 400;\">l\u00e0 m\u1ed9t s\u1ea3n ph\u1ea9m thu\u1ed9c d\u00f2ng g\u1ea1ch Porcelain (g\u1ea1ch b\u00e1n s\u1ee9) <\/span><span style=\"font-weight: 400;\">v\u1edbi ch\u1ea5t g\u1ea1ch \u0111\u1eb7c m\u1ecbn, \u0111\u1ed9 c\u1ee9ng cao,<\/span><span style=\"font-weight: 400;\"> b\u1ec1n b\u1ec9 g\u1ea7n nh\u01b0 tuy\u1ec7t \u0111\u1ed1i, b\u1ec1 m\u1eb7t \u00eam m\u1ec1m kh\u00f4ng t\u1ea1o ti\u1ebfng \u0111\u1ed9ng khi di chuy\u1ec3n.<\/span><\/li>\n<li style=\"font-weight: 400;\" aria-level=\"2\"><b>Kh\u1ea3 n\u0103ng ch\u1ecbu \u00e1p l\u1ef1c cao: <\/b><span style=\"font-weight: 400;\">G\u1ea1ch \u0111\u01b0\u1ee3c nung \u1edf nhi\u1ec7t \u0111\u1ed9 cao t\u1eeb 1.200-1.300 \u0111\u1ed9 C, c\u00f3 \u0111\u1ed9 b\u1ec1n u\u1ed1ng ho\u00e0n h\u1ea3o do \u0111\u01b0\u1ee3c tr\u1ea3i qua qu\u00e1 tr\u00ecnh \u00e9p n\u00e9n t\u1edbi 7.000 t\u1ea5n.<\/span><\/li>\n<\/ul>\n<h3 style=\"text-align: justify;\"><b><i>2.3. An to\u00e0n &#8211; ti\u1ec7n l\u1ee3i cho gia ch\u1ee7<\/i><\/b><\/h3>\n<ul style=\"text-align: justify;\">\n<li style=\"font-weight: 400;\" aria-level=\"2\"><b>Ch\u1ed1ng tr\u1ea7y x\u01b0\u1edbc, gi\u1eef m\u00e0u b\u1ec1n:<\/b><span style=\"font-weight: 400;\"> \u1ee8ng d\u1ee5ng c\u00f4ng ngh\u1ec7 ph\u1ee7 men nano cao c\u1ea5p gi\u00fap ho\u1ea1 ti\u1ebft s\u1eafc n\u00e9t, t\u1ef1 nhi\u00ean v\u00e0 lu\u00f4n s\u00e1ng b\u00f3ng sau th\u1eddi gian d\u00e0i s\u1eed d\u1ee5ng, \u0111\u1eb7c bi\u1ec7t thu\u1eadn ti\u1ec7n cho vi\u1ec7c v\u1ec7 sinh lau ch\u00f9i b\u1ec1 m\u1eb7t g\u1ea1ch v\u00e0 gi\u1eef s\u1ea1ch s\u1ebd cho ng\u00f4i nh\u00e0.<\/span><\/li>\n<li style=\"font-weight: 400;\" aria-level=\"2\"><b>Kh\u00f4ng b\u1eaft ch\u00e1y, kh\u00f4ng gi\u00e3n n\u1edf: <\/b><span style=\"font-weight: 400;\">G\u1ea1ch \u0111\u01b0\u1ee3c nung \u1edf nhi\u1ec7t \u0111\u1ed9 cao t\u1edbi 1.300 \u0111\u1ed9 C n\u00ean kh\u00f4ng d\u1ec5 d\u00e0ng b\u1eaft ch\u00e1y, \u0111\u1eb7c bi\u1ec7t tuy\u1ec7t \u0111\u1ed1i kh\u00f4ng gi\u00e3n n\u1edf \u1edf nhi\u1ec7t \u0111\u1ed9 nh\u00e0 th\u00f4ng th\u01b0\u1eddng v\u00e0 ch\u1ecbu \u0111\u01b0\u1ee3c th\u1eddi ti\u1ebft kh\u1eafc nghi\u1ec7t<\/span><\/li>\n<\/ul>\n<h2 style=\"text-align: justify;\"><b>3. L\u01b0u \u00fd khi ch\u1ecdn mua v\u00e0 s\u1eed d\u1ee5ng g\u1ea1ch l\u00e1t <\/b><b>LX 6668<\/b><\/h2>\n<p style=\"text-align: justify;\"><span style=\"font-weight: 400;\">Qu\u00fd kh\u00e1ch vui l\u00f2ng l\u01b0u \u00fd nh\u1eefng \u0111i\u1ec1u sau \u0111\u1ec3 \u0111\u1ea3m b\u1ea3o t\u1ed1i \u0111a c\u00f4ng n\u0103ng v\u00e0 t\u00ednh th\u1ea9m m\u1ef9 c\u1ee7a s\u1ea3n ph\u1ea9m:<\/span><\/p>\n<ul style=\"text-align: justify;\">\n<li style=\"font-weight: 400;\" aria-level=\"1\"><b>M\u00e0u s\u1eafc h\u00e0i h\u00f2a:<\/b><span style=\"font-weight: 400;\"> C\u00e2n \u0111\u1ed1i ch\u1ecdn m\u00e0u g\u1ea1ch ph\u00f9 h\u1ee3p v\u1edbi m\u00e0u s\u1eafc c\u1ee7a t\u1ed5ng th\u1ec3 ng\u00f4i nh\u00e0 v\u00e0 c\u00f4ng n\u0103ng s\u1eed d\u1ee5ng. Nh\u1eefng s\u1ea3n ph\u1ea9m g\u1ea1ch tone s\u00e1ng (tr\u1eafng, be, kem,..) ph\u00f9 h\u1ee3p v\u1edbi ph\u00f2ng nh\u1ecf v\u00ec gi\u00fap m\u1edf r\u1ed9ng kh\u00f4ng gian v\u00e0 h\u00fat s\u00e1ng; tone t\u1ed1i (\u0111en, tr\u1ea7m, n\u00e2u&#8230;) ph\u00f9 h\u1ee3p v\u1edbi kh\u00f4ng gian r\u1ed9ng, phong c\u00e1ch ki\u1ebfn tr\u00fac c\u1ed5 \u0111i\u1ec3n, t\u00e2n c\u1ed5 \u0111i\u1ec3n.<\/span><\/li>\n<li style=\"font-weight: 400;\" aria-level=\"1\"><b>Kh\u00f4ng gian ph\u00f9 h\u1ee3p: <\/b><span style=\"font-weight: 400;\">v\u1edbi k\u00edch th\u01b0\u1edbc kh\u1ed5 l\u1edbn, ph\u1ee7 men <\/span><span style=\"font-weight: 400;\">nano b\u00f3ng cao c\u1ea5p <\/span><span style=\"font-weight: 400;\">v\u00e0 <\/span><span style=\"font-weight: 400;\">t\u00f4ng x\u00e1m trung t\u00ednh th\u1eddi th\u01b0\u1ee3ng, LX 6668 <\/span><span style=\"font-weight: 400;\">l\u00e0 s\u1ef1 l\u1ef1a ch\u1ecdn ho\u00e0n h\u1ea3o cho nhi\u1ec1u kh\u00f4ng gian nh\u01b0 ph\u00f2ng kh\u00e1ch, ph\u00f2ng ng\u1ee7, ph\u00f2ng t\u1eafm,&#8230; \u0111\u1eb7c bi\u1ec7t t\u1ea1i s\u1ea3nh l\u1edbn nh\u1eefng c\u00f4ng tr\u00ecnh ki\u1ebfn tr\u00fac cao c\u1ea5p.<\/span><\/li>\n<li style=\"font-weight: 400;\" aria-level=\"1\"><b>S\u1eed d\u1ee5ng \u0111\u00fang c\u00e1ch:<\/b><span style=\"font-weight: 400;\"> \u0110\u1ea3m b\u1ea3o quy tr\u00ecnh thi c\u00f4ng khoa h\u1ecdc v\u00e0 h\u1ea1n ch\u1ebf d\u00f9ng v\u1eadt nh\u1ecdn t\u00e1c \u0111\u1ed9ng l\u00ean b\u1ec1 m\u1eb7t g\u1ea1ch<\/span><\/li>\n<\/ul>\n<p style=\"text-align: justify;\"><span style=\"font-weight: 400;\">Tr\u00ean \u0111\u00e2y l\u00e0 nh\u1eefng \u0111\u1eb7c \u0111i\u1ec3m n\u1ed5i b\u1eadt v\u00e0 l\u01b0u \u00fd khi qu\u00fd kh\u00e1ch l\u1ef1a ch\u1ecdn v\u00e0 s\u1eed d\u1ee5ng g\u1ea1ch \u1ed1p l\u00e1t <\/span><strong>LX 6668<\/strong><span style=\"font-weight: 400;\">. Hy v\u1ecdng b\u00e0i vi\u1ebft s\u1ebd gi\u00fap \u00edch cho qu\u00fd v\u1ecb \u0111\u1ec3 l\u1ef1a ch\u1ecdn \u0111\u01b0\u1ee3c s\u1ea3n ph\u1ea9m ph\u00f9 h\u1ee3p nh\u1ea5t v\u1edbi kh\u00f4ng gian v\u00e0 chi ph\u00ed c\u1ee7a gia \u0111\u00ecnh.\u00a0<\/span><\/p>\n<p style=\"text-align: justify;\"><i><span style=\"font-weight: 400;\">Vui l\u00f2ng \u0111\u1ec3 l\u1ea1i th\u00f4ng tin d\u01b0\u1edbi h\u1ed9p th\u01b0 d\u01b0\u1edbi \u0111\u00e2y n\u1ebfu qu\u00fd v\u1ecb c\u1ea7n gi\u1ea3i \u0111\u00e1p th\u1eafc m\u1eafc ho\u1eb7c nh\u1eadn s\u1ef1 t\u01b0 v\u1ea5n t\u1eeb chuy\u00ean gia c\u1ee7a CMC Tiles!<\/span><\/i><\/p>","protected":false},"excerpt":{"rendered":"<p><em>*Gi\u00e1 s\u1ea3n ph\u1ea9m ch\u1ec9 mang t\u00ednh tham kh\u1ea3o.<\/em><\/p>\n<p>&nbsp;<\/p>\n<p style=\"text-align: justify;\"><span style=\"font-weight: 400;\">Gam m\u00e0u trung t\u00ednh, k\u1ebft h\u1ee3p nh\u1eefng v\u00e2n tr\u1eafng tinh kh\u00f4i c\u1ee7a c\u1ea9m th\u1ea1ch, \u0111\u01b0\u1ee3c t\u1ea1o \u0111i\u1ec3m nh\u1ea5n b\u1edfi \u0111\u01b0\u1eddng v\u00e2n m\u1ea1nh m\u1ebd n\u1ed5i b\u1eadt, <strong>LX 6668<\/strong> mang \u0111\u1ebfn v\u1ebb sang tr\u1ecdng, m\u00e1t l\u1ea1nh v\u00e0 \u0111\u1eb3ng c\u1ea5p cho kh\u00f4ng gian ki\u1ebfn tr\u00fac.<\/span><\/p>","protected":false},"featured_media":17370,"comment_status":"open","ping_status":"closed","template":"","meta":[],"product_brand":[],"product_cat":[1015,1083,1017,1023],"product_tag":[],"class_list":{"0":"post-6567","1":"product","2":"type-product","3":"status-publish","4":"has-post-thumbnail","6":"product_cat-gach-lat","7":"product_cat-gach-lat-nen-van-da","8":"product_cat-gach-op-lat-cmc","9":"product_cat-porcelain","11":"first","12":"instock","13":"taxable","14":"shipping-taxable","15":"purchasable","16":"product-type-simple"},"_links":{"self":[{"href":"https:\/\/cmctiles.vn\/en\/wp-json\/wp\/v2\/product\/6567","targetHints":{"allow":["GET"]}}],"collection":[{"href":"https:\/\/cmctiles.vn\/en\/wp-json\/wp\/v2\/product"}],"about":[{"href":"https:\/\/cmctiles.vn\/en\/wp-json\/wp\/v2\/types\/product"}],"replies":[{"embeddable":true,"href":"https:\/\/cmctiles.vn\/en\/wp-json\/wp\/v2\/comments?post=6567"}],"version-history":[{"count":14,"href":"https:\/\/cmctiles.vn\/en\/wp-json\/wp\/v2\/product\/6567\/revisions"}],"predecessor-version":[{"id":27146,"href":"https:\/\/cmctiles.vn\/en\/wp-json\/wp\/v2\/product\/6567\/revisions\/27146"}],"wp:featuredmedia":[{"embeddable":true,"href":"https:\/\/cmctiles.vn\/en\/wp-json\/wp\/v2\/media\/17370"}],"wp:attachment":[{"href":"https:\/\/cmctiles.vn\/en\/wp-json\/wp\/v2\/media?parent=6567"}],"wp:term":[{"taxonomy":"product_brand","embeddable":true,"href":"https:\/\/cmctiles.vn\/en\/wp-json\/wp\/v2\/product_brand?post=6567"},{"taxonomy":"product_cat","embeddable":true,"href":"https:\/\/cmctiles.vn\/en\/wp-json\/wp\/v2\/product_cat?post=6567"},{"taxonomy":"product_tag","embeddable":true,"href":"https:\/\/cmctiles.vn\/en\/wp-json\/wp\/v2\/product_tag?post=6567"}],"curies":[{"name":"wp","href":"https:\/\/api.w.org\/{rel}","templated":true}]}}