{"id":6263,"date":"2021-08-28T20:04:52","date_gmt":"2021-08-28T13:04:52","guid":{"rendered":"https:\/\/democmctile.urah.vn\/?post_type=product&#038;p=6263"},"modified":"2024-11-20T19:27:57","modified_gmt":"2024-11-20T12:27:57","slug":"gach-thanh-go-cmc-mau-hat-de-tho-go-xoan-tron-w-158009","status":"publish","type":"product","link":"https:\/\/cmctiles.vn\/en\/gach-op-lat\/gach-lat\/gach-thanh-go-cmc-w-158009.html","title":{"rendered":"G\u1ea1ch thanh g\u1ed7 CMC m\u00e0u h\u1ea1t d\u1ebb th\u1edb g\u1ed7 xo\u1eafn tr\u00f2n W 158009"},"content":{"rendered":"<p style=\"text-align: justify;\"><span style=\"font-weight: 400;\">G\u1ea1ch gi\u1ea3 g\u1ed7 <strong>W 158009<\/strong> m\u00f4 ph\u1ecfng v\u1ebb \u0111\u1eb9p ch\u00e2n th\u1ef1c v\u00e0 sinh \u0111\u1ed9ng c\u1ee7a g\u1ed7 th\u1eadt v\u1edbi t\u00f4ng n\u00e2u h\u1ea1t d\u1ebb thi\u00ean s\u00e1ng, \u0111\u01b0\u1eddng v\u00e2n c\u00e1ch \u0111i\u1ec7u kh\u00f4ng tr\u00f9ng l\u1eb7p gi\u1eefa c\u00e1c t\u1ea5m \u1ed1p l\u00e1t. H\u1ecda ti\u1ebft th\u1edb g\u1ed7 \u0111a d\u1ea1ng v\u00e0 \u0111\u01b0\u1ee3c kh\u1eafc h\u1ecda tinh t\u1ebf nh\u1edd c\u00f4ng ngh\u1ec7 in k\u1ef9 thu\u1eadt s\u1ed1 hi\u1ec7n \u0111\u1ea1i. N\u1ebfu l\u00e0 m\u1ed9t ng\u01b0\u1eddi y\u00eau v\u1ebb \u0111\u1eb9p t\u1ef1 nhi\u00ean th\u00ec g\u1ea1ch gi\u1ea3 g\u1ed7 W 158009 h\u1eb3n l\u00e0 s\u1ef1 l\u1ef1a ch\u1ecdn tuy\u1ec7t v\u1eddi cho b\u1ea1n.<\/span><\/p>\n<figure id=\"attachment_10553\" aria-describedby=\"caption-attachment-10553\" style=\"width: 2560px\" class=\"wp-caption aligncenter\"><img fetchpriority=\"high\" decoding=\"async\" class=\"wp-image-10553 size-full\" src=\"https:\/\/cmctiles.vn\/wp-content\/uploads\/2019\/07\/9-scaled-1.jpg\" alt=\"G\u1ea1ch gi\u1ea3 g\u1ed7 W 158009 v\u1edbi t\u00f4ng m\u00e0u n\u00e2u h\u1ea1t d\u1ebb v\u1edbi v\u1ebb \u0111\u1eb9p hi\u1ec7n \u0111\u1ea1i, m\u1edbi l\u1ea1 v\u00e0 b\u1eaft m\u1eaft\" width=\"2560\" height=\"1439\" title=\"\" srcset=\"https:\/\/cmctiles.vn\/wp-content\/uploads\/2019\/07\/9-scaled-1.jpg 2560w, https:\/\/cmctiles.vn\/wp-content\/uploads\/2019\/07\/9-scaled-1-280x157.jpg 280w, https:\/\/cmctiles.vn\/wp-content\/uploads\/2019\/07\/9-scaled-1-500x281.jpg 500w, https:\/\/cmctiles.vn\/wp-content\/uploads\/2019\/07\/9-scaled-1-300x169.jpg 300w, https:\/\/cmctiles.vn\/wp-content\/uploads\/2019\/07\/9-scaled-1-1024x576.jpg 1024w, https:\/\/cmctiles.vn\/wp-content\/uploads\/2019\/07\/9-scaled-1-768x432.jpg 768w, https:\/\/cmctiles.vn\/wp-content\/uploads\/2019\/07\/9-scaled-1-1536x863.jpg 1536w, https:\/\/cmctiles.vn\/wp-content\/uploads\/2019\/07\/9-scaled-1-2048x1151.jpg 2048w, https:\/\/cmctiles.vn\/wp-content\/uploads\/2019\/07\/9-scaled-1-18x10.jpg 18w, https:\/\/cmctiles.vn\/wp-content\/uploads\/2019\/07\/9-scaled-1-600x337.jpg 600w\" sizes=\"(max-width: 2560px) 100vw, 2560px\" \/><figcaption id=\"caption-attachment-10553\" class=\"wp-caption-text\">G\u1ea1ch gi\u1ea3 g\u1ed7 W 158009 v\u1edbi t\u00f4ng m\u00e0u n\u00e2u h\u1ea1t d\u1ebb v\u1edbi v\u1ebb \u0111\u1eb9p hi\u1ec7n \u0111\u1ea1i, m\u1edbi l\u1ea1 v\u00e0 b\u1eaft m\u1eaft<\/figcaption><\/figure>\n<h2 style=\"text-align: justify;\"><b>1. Th\u00f4ng s\u1ed1 s\u1ea3n ph\u1ea9m<\/b><\/h2>\n<table style=\"width: 100%;\" border=\"1\" cellpadding=\"10\">\n<tbody>\n<tr style=\"height: 44px;\">\n<td style=\"height: 44px;\"><span style=\"font-weight: 400;\">M\u00e3 s\u1ea3n ph\u1ea9m<\/span><\/td>\n<td style=\"height: 44px;\"><strong>W 158009<\/strong><\/td>\n<\/tr>\n<tr style=\"height: 44px;\">\n<td style=\"height: 44px;\"><span style=\"font-weight: 400;\">BRANDS<\/span><\/td>\n<td style=\"height: 44px;\"><span style=\"font-weight: 400;\">CMC Tiles<\/span><\/td>\n<\/tr>\n<tr style=\"height: 44px;\">\n<td style=\"height: 44px;\"><span style=\"font-weight: 400;\">Ph\u00e2n lo\u1ea1i<\/span><\/td>\n<td style=\"height: 44px;\"><span style=\"font-weight: 400;\">G\u1ea1ch l\u00e1t n\u1ec1n Ceramic<\/span><\/td>\n<\/tr>\n<tr style=\"height: 44px;\">\n<td style=\"height: 44px;\"><span style=\"font-weight: 400;\">M\u00e0u s\u1eafc<\/span><\/td>\n<td style=\"height: 44px;\"><span style=\"font-weight: 400;\">M\u00e0u h\u1ea1t d\u1ebb v\u1edbi th\u1edb g\u1ed7 xo\u1eafn tr\u00f2n<\/span><\/td>\n<\/tr>\n<tr style=\"height: 44px;\">\n<td style=\"height: 44px;\"><span style=\"font-weight: 400;\">Sizes<\/span><\/td>\n<td style=\"height: 44px;\"><span style=\"font-weight: 400;\">150 x 800 mm<\/span><\/td>\n<\/tr>\n<tr style=\"height: 44px;\">\n<td style=\"height: 44px;\"><span style=\"font-weight: 400;\">\u0110\u1ed9 d\u00e0y<\/span><\/td>\n<td style=\"height: 44px;\"><span style=\"font-weight: 400;\">10.8 (mm)<\/span><\/td>\n<\/tr>\n<tr style=\"height: 44px;\">\n<td style=\"height: 44px;\"><span style=\"font-weight: 400;\">MATERIALS\u00a0<\/span><\/td>\n<td style=\"height: 44px;\"><span style=\"font-weight: 400;\">Ceramic<\/span><\/td>\n<\/tr>\n<tr style=\"height: 44px;\">\n<td style=\"height: 44px;\"><span style=\"font-weight: 400;\">Surfaces<\/span><\/td>\n<td style=\"height: 44px;\"><span style=\"font-weight: 400;\">Men matt<\/span><\/td>\n<\/tr>\n<tr style=\"height: 152px;\">\n<td style=\"height: 152px;\"><span style=\"font-weight: 400;\">Outstanding features<\/span><\/td>\n<td style=\"height: 152px;\">\n<ul>\n<li style=\"font-weight: 400;\" aria-level=\"1\"><span style=\"font-weight: 400;\">H\u1ecda ti\u1ebft s\u1eafc n\u00e9t, m\u00f4 ph\u1ecfng ch\u00e2n th\u1ef1c v\u1ebb \u0111\u1eb9p c\u1ee7a g\u1ed7 t\u1ef1 nhi\u00ean<\/span><\/li>\n<li style=\"font-weight: 400;\" aria-level=\"1\"><span style=\"font-weight: 400;\">\u0110\u1ed9 b\u1ec1n m\u00e0u v\u01b0\u1ee3t tr\u1ed9i h\u01a1n so v\u1edbi g\u1ed7 th\u01b0\u1eddng<\/span><\/li>\n<li style=\"font-weight: 400;\" aria-level=\"1\"><span style=\"font-weight: 400;\">D\u1ec5 \u1ee9ng d\u1ee5ng, d\u1ec5 thi c\u00f4ng<\/span><\/li>\n<li style=\"font-weight: 400;\" aria-level=\"1\"><span style=\"font-weight: 400;\">Non-ignition, non-expansion<\/span><\/li>\n<li style=\"font-weight: 400;\" aria-level=\"1\"><span style=\"font-weight: 400;\">D\u1ec5 v\u1ec7 sinh, ch\u1ed1ng n\u1ea5m m\u1ed1c, ch\u1ed1ng m\u1ed1i m\u1ecdt<\/span><\/li>\n<\/ul>\n<\/td>\n<\/tr>\n<tr style=\"height: 68px;\">\n<td style=\"height: 68px;\"><span style=\"font-weight: 400;\">APPLICATIONS<\/span><\/td>\n<td style=\"height: 68px;\"><span style=\"font-weight: 400;\">\u0110a d\u1ea1ng, v\u00ed d\u1ee5 ki\u1ebfn tr\u00fac t\u01b0\u1eddng nh\u00e0 \u1ed1ng, khu chung c\u01b0, nh\u00e0 \u1edf cao c\u1ea5p, bi\u1ec7t th\u1ef1, ph\u00f2ng kh\u00e1ch, ph\u00f2ng t\u1eafm, nh\u00e0 b\u1ebfp\u2026<\/span><\/td>\n<\/tr>\n<\/tbody>\n<\/table>\n<p><strong>S\u1ea3n ph\u1ea9m li\u00ean quan:<\/strong><\/p>\n<ul>\n<li><a href=\"https:\/\/cmctiles.vn\/gach-op-lat\/gach-lat\/gach-thanh-go-cmc-w-158012.html\" target=\"_blank\" rel=\"noopener\">G\u1ea1ch thanh g\u1ed7 W 158012 m\u00e0u v\u00e0ng kem<\/a><\/li>\n<li><a href=\"https:\/\/cmctiles.vn\/gach-op-lat\/gach-lat\/w158010.html\" target=\"_blank\" rel=\"noopener\">G\u1ea1ch thanh g\u1ed7 CMC m\u00e0u n\u00e2u r\u00eau \u0111\u1ed1m \u0111en W 158010<\/a><\/li>\n<li><a href=\"https:\/\/cmctiles.vn\/gach-op-lat\/gach-lat\/gach-thanh-go-cmc-w-158013.html\" target=\"_blank\" rel=\"noopener\">G\u1ea1ch thanh g\u1ed7 CMC m\u00e0u n\u00e2u tr\u1ea7m vi\u1ec1n \u0111en W 158013<\/a><\/li>\n<\/ul>\n<h2 style=\"text-align: justify;\"><b>2.<\/b><b>G\u1ea1ch \u1ed1p l\u00e1t gi\u1ea3 g\u1ed7 W 158009<\/b><b> &#8211; d\u00f2ng s\u1ea3n ph\u1ea9m trung c\u1ea5p c\u1ee7a CMC<\/b><\/h2>\n<p style=\"text-align: justify;\"><span style=\"font-weight: 400;\">V\u1edbi \u0111\u01b0\u1eddng v\u00e2n ch\u00e2n th\u1ef1c v\u00e0 c\u00f3 chi\u1ec1u s\u00e2u, g\u1ea1ch gi\u1ea3 g\u1ed7 W 158009 l\u00e0 m\u1ed9t trong <a href=\"https:\/\/cmctiles.vn\/gach-op-lat\/\" target=\"_blank\" rel=\"noopener\">c\u00e1c m\u1eabu g\u1ea1ch \u1ed1p l\u00e1t \u0111\u1eb9p<\/a> h\u00fat tr\u1ecdn \u00e1nh nh\u00ecn nh\u1edd v\u1ebb \u0111\u1eb9p tinh t\u1ebf, sang tr\u1ecdng v\u00e0 cu\u1ed1n h\u00fat. L\u1edbp x\u01b0\u01a1ng g\u1ea1ch ch\u1eafc ch\u1eafn v\u00e0 l\u1edbp men matt cao c\u1ea5p gi\u00fap h\u1ecda ti\u1ebft s\u1eafc n\u00e9t, mang l\u1ea1i c\u1ea3m gi\u00e1c ch\u00e2n th\u1ef1c, b\u1ec1 m\u1eb7t s\u1ea7n nh\u1eb9 t\u1ea1o \u0111\u1ed9 g\u1ee3n t\u1ef1 nhi\u00ean v\u00e0 th\u01b0 th\u00e1i nh\u1edd t\u00f4ng m\u00e0u nh\u1eb9 nh\u00e0ng, d\u1ecbu m\u1eaft.<\/span><\/p>\n<h3 style=\"text-align: justify;\"><b>2.1. L\u1ea5y c\u1ea3m h\u1ee9ng t\u1eeb nh\u1eefng h\u1ecda ti\u1ebft th\u1edb g\u1ed7 sinh \u0111\u1ed9ng v\u00e0 \u0111\u1ed9c \u0111\u00e1o v\u1edbi nh\u1eefng \u0111\u01b0\u1eddng v\u00e2n kh\u00e1c bi\u1ec7t<\/b><\/h3>\n<figure id=\"attachment_17926\" aria-describedby=\"caption-attachment-17926\" style=\"width: 600px\" class=\"wp-caption aligncenter\"><img decoding=\"async\" class=\"wp-image-17926 size-full\" src=\"https:\/\/cmctiles.vn\/wp-content\/uploads\/2022\/08\/w158009.jpg\" alt=\"L\u1ea5y c\u1ea3m h\u1ee9ng t\u1eeb nh\u1eefng h\u1ecda ti\u1ebft sinh \u0111\u1ed9ng v\u00e0 \u1ea5n t\u01b0\u1ee3ng, g\u1ea1ch gi\u1ea3 g\u1ed7 W158009 mang \u0111\u1ebfn v\u1ebb \u0111\u1eb9p v\u1eeba sinh \u0111\u1ed9ng v\u1eeba ch\u00e2n th\u1ef1c\" width=\"600\" height=\"547\" title=\"\" srcset=\"https:\/\/cmctiles.vn\/wp-content\/uploads\/2022\/08\/w158009.jpg 600w, https:\/\/cmctiles.vn\/wp-content\/uploads\/2022\/08\/w158009-500x456.jpg 500w, https:\/\/cmctiles.vn\/wp-content\/uploads\/2022\/08\/w158009-300x274.jpg 300w\" sizes=\"(max-width: 600px) 100vw, 600px\" \/><figcaption id=\"caption-attachment-17926\" class=\"wp-caption-text\">L\u1ea5y c\u1ea3m h\u1ee9ng t\u1eeb nh\u1eefng h\u1ecda ti\u1ebft sinh \u0111\u1ed9ng v\u00e0 \u1ea5n t\u01b0\u1ee3ng, g\u1ea1ch gi\u1ea3 g\u1ed7 W158009 mang \u0111\u1ebfn v\u1ebb \u0111\u1eb9p v\u1eeba sinh \u0111\u1ed9ng v\u1eeba ch\u00e2n th\u1ef1c<\/figcaption><\/figure>\n<p style=\"text-align: justify;\"><span style=\"font-weight: 400;\">G\u1ea1ch gi\u1ea3 g\u1ed7 W 158009 m\u00f4 ph\u1ecfng v\u1ebb \u0111\u1eb9p ch\u00e2n th\u1ef1c v\u00e0 sinh \u0111\u1ed9ng c\u1ee7a g\u1ed7 th\u1eadt v\u1edbi t\u00f4ng n\u00e2u h\u1ea1t d\u1ebb thi\u00ean s\u00e1ng, \u0111\u01b0\u1eddng v\u00e2n c\u00e1ch \u0111i\u1ec7u kh\u00f4ng tr\u00f9ng l\u1eb7p gi\u1eefa c\u00e1c t\u1ea5m \u1ed1p l\u00e1t. H\u1ecda ti\u1ebft th\u1edb g\u1ed7 \u0111a d\u1ea1ng v\u00e0 \u0111\u01b0\u1ee3c kh\u1eafc h\u1ecda tinh t\u1ebf nh\u1edd c\u00f4ng ngh\u1ec7 in k\u1ef9 thu\u1eadt s\u1ed1 hi\u1ec7n \u0111\u1ea1i. N\u1ebfu l\u00e0 m\u1ed9t ng\u01b0\u1eddi y\u00eau v\u1ebb \u0111\u1eb9p t\u1ef1 nhi\u00ean th\u00ec g\u1ea1ch gi\u1ea3 g\u1ed7 W 158009 h\u1eb3n l\u00e0 s\u1ef1 l\u1ef1a ch\u1ecdn tuy\u1ec7t v\u1eddi cho b\u1ea1n.<\/span><\/p>\n<h3 style=\"text-align: justify;\"><b>2.2. T\u1ed1i thi\u1ec3u chi ph\u00ed, t\u1ed1i \u0111a \u0111\u1ed9 b\u1ec1n<\/b><\/h3>\n<ul style=\"text-align: justify;\">\n<li style=\"font-weight: 400;\" aria-level=\"1\"><b>\u0110\u1ed9 b\u1ec1n v\u01b0\u1ee3t tr\u1ed9i<\/b><span style=\"font-weight: 400;\">: So v\u1edbi g\u1ed7 th\u01b0\u1eddng, g\u1ea1ch gi\u1ea3 g\u1ed7 W 158009 c\u00f3 ch\u1ea5t li\u1ec7u Ceramic v\u1edbi l\u1edbp x\u01b0\u01a1ng g\u1ea1ch ch\u1eafc ch\u1eafn, \u0111\u01b0\u1ee3c s\u1ea3n xu\u1ea5t b\u1eb1ng c\u00f4ng ngh\u1ec7 hi\u1ec7n \u0111\u1ea1i, gi\u00fap g\u1ea1ch kh\u00f4ng b\u1ecb m\u1ed1i m\u1ecdt, ch\u1ed1ng ch\u1ecbu l\u1ef1c t\u1ed1t, ch\u1ed1ng th\u1ea5m n\u01b0\u1edbc, b\u1ec1n b\u1ec9 v\u01b0\u1ee3t th\u1eddi gian.<\/span><\/li>\n<li style=\"font-weight: 400;\" aria-level=\"1\"><b>Ti\u1ebft ki\u1ec7m chi ph\u00ed: <\/b><span style=\"font-weight: 400;\">G\u1ed7 xoan \u0111\u00e0o th\u1eadt c\u00f3 gi\u00e1 tr\u1ecb kinh t\u1ebf r\u1ea5t l\u1edbn, kh\u00f4ng ph\u1ea3i ai c\u0169ng c\u00f3 th\u1ec3 m\u1ea1nh tay chi h\u1ea7u bao \u0111\u1ec3 l\u00e1t s\u00e0n b\u1eb1ng g\u1ed7 th\u1eadt. V\u00ec v\u1eadt g\u1ea1ch gi\u1ea3 g\u1ed7 W 158009 v\u1edbi nh\u1eefng \u0111\u01b0\u1eddng v\u00e2n s\u1eafc n\u00e9t, b\u1ec1 m\u1eb7t men matt s\u1ebd l\u00e0 m\u1ed9t gi\u1ea3i ph\u00e1p thay th\u1ebf ho\u00e0n h\u1ea3o.<\/span><\/li>\n<\/ul>\n<h3 style=\"text-align: justify;\"><b>2.3. An to\u00e0n v\u00e0 ti\u1ec7n l\u1ee3i cho gia ch\u1ee7<\/b><\/h3>\n<ul style=\"text-align: justify;\">\n<li style=\"font-weight: 400;\" aria-level=\"1\"><b>An to\u00e0n trong thi c\u00f4ng v\u00e0 s\u1eed d\u1ee5ng: <\/b><span style=\"font-weight: 400;\">\u01afu \u0111i\u1ec3m v\u01b0\u1ee3t tr\u1ed9i c\u1ee7a g\u1ea1ch gi\u1ea3 g\u1ed7 l\u00e0 g\u1ea1ch kh\u00f4ng b\u1eaft ch\u00e1y, kh\u00f4ng gi\u00e3n n\u1edf. Do \u0111\u01b0\u1ee3c nung \u1edf nhi\u1ec7t \u0111\u1ed9 cao tr\u00ean 1.000 \u0111\u1ed9 C n\u00ean kh\u00f4ng d\u1ec5 d\u00e0ng b\u1eaft ch\u00e1y nh\u01b0 g\u1ed7 th\u1eadt, \u0111\u1eb7c bi\u1ec7t kh\u00f4ng gi\u00e3n n\u1edf, kh\u00f4ng d\u1ec5 m\u1ed1i m\u1ecdt nh\u01b0 g\u1ed7 gi\u00fap an to\u00e0n trong s\u1eed d\u1ee5ng.<\/span><\/li>\n<li style=\"font-weight: 400;\" aria-level=\"1\"><b>Ti\u1ec7n l\u1ee3i cho gia ch\u1ee7:<\/b><span style=\"font-weight: 400;\"> Thi c\u00f4ng g\u1ea1ch \u1ed1p l\u00e1t kh\u00f4ng \u0111\u00f2i h\u1ecfi khung, g\u1ed3, k\u00e8o ch\u1ed1ng hay \u0111inh v\u00edt ph\u1ee9c t\u1ea1p nh\u01b0 g\u1ed7 th\u01b0\u1eddng. Thi c\u00f4ng g\u1ea1ch gi\u1ea3 g\u1ed7 ch\u1ec9 y\u00eau c\u1ea7u \u0111\u00fang k\u1ef9 thu\u1eadt \u1ed1p l\u00e1t, s\u1eafp x\u1ebfp c\u00e1c face (m\u1eb7t) g\u1ea1ch sao cho c\u00f9ng chi\u1ec1u v\u1edbi nhau \u0111\u1ec3 \u0111\u1ea3m b\u1ea3o \u0111\u1ed9 h\u00e0i h\u00f2a v\u00e0 hi\u1ec7u \u1ee9ng th\u1ea9m m\u1ef9 trong kh\u00f4ng gian.<\/span><\/li>\n<\/ul>\n<h2 style=\"text-align: justify;\"><b>3. L\u01b0u \u00fd khi ch\u1ecdn mua v\u00e0 s\u1eed d\u1ee5ng <\/b><b>G\u1ea1ch gi\u1ea3 g\u1ed7 W 158009<\/b><\/h2>\n<p style=\"text-align: justify;\"><span style=\"font-weight: 400;\">Qu\u00fd kh\u00e1ch vui l\u00f2ng l\u01b0u \u00fd nh\u1eefng \u0111i\u1ec1u sau \u0111\u1ec3 \u0111\u1ea3m b\u1ea3o t\u1ed1i \u0111a c\u00f4ng n\u0103ng v\u00e0 t\u00ednh th\u1ea9m m\u1ef9 c\u1ee7a s\u1ea3n ph\u1ea9m:<\/span><\/p>\n<ul style=\"text-align: justify;\">\n<li style=\"font-weight: 400;\" aria-level=\"1\"><b>Ph\u1ed1i m\u00e0u ph\u00f9 h\u1ee3p: <\/b><span style=\"font-weight: 400;\">G\u1ea1ch gi\u1ea3 g\u1ed7 W 158009 s\u1edf h\u1eefu m\u00e0u h\u1ea1t d\u1ebb b\u1eaft m\u1eaft, c\u00f3 kh\u1ea3 n\u0103ng \u1ee9ng d\u1ee5ng trong \u0111a d\u1ea1ng kh\u00f4ng gian, \u0111a d\u1ea1ng phong c\u00e1ch ki\u1ebfn tr\u00fac t\u1eeb c\u1ed5 \u0111i\u1ec3n \u0111\u1ebfn hi\u1ec7n \u0111\u1ea1i. Tuy nhi\u00ean n\u00ean ph\u1ed1i m\u00e0u g\u1ea1ch gi\u1ea3 g\u1ed7 \u0111\u1ed3ng t\u00f4ng v\u1edbi n\u1ed9i th\u1ea5t v\u00e0 t\u01b0\u1eddng nh\u00e0 \u0111\u1ec3 t\u1ea1o c\u1ea3m gi\u00e1c \u0111\u1ed3ng \u0111i\u1ec7u trong kh\u00f4ng gian ki\u1ebfn tr\u00fac.<\/span><\/li>\n<li style=\"font-weight: 400;\" aria-level=\"1\"><b>Thi c\u00f4ng \u0111\u00fang c\u00e1ch:<\/b><span style=\"font-weight: 400;\"> V\u1edbi k\u00edch th\u01b0\u1edbc kh\u1ed5 d\u00e0i, thanh nh\u1ecf, v\u1edbi nhi\u1ec1u m\u1eb7t g\u1ea1ch, m\u1ed7i m\u1eb7t l\u00e0 m\u1ed9t v\u00e2n g\u1ed7 kh\u00e1c nhau mang \u0111\u1ebfn s\u1ef1 l\u1ef1a ch\u1ecdn ho\u00e0n h\u1ea3o cho nhi\u1ec1u kh\u00f4ng gian nh\u01b0 ph\u00f2ng kh\u00e1ch, ph\u00f2ng b\u1ebfp, ph\u00f2ng t\u1eafm tuy nhi\u00ean c\u1ea7n l\u01b0u \u00fd s\u1eafp x\u1ebfp c\u00e1c chi\u1ec1u v\u00e2n g\u1ed7 \u0111\u1ed3ng b\u1ed9 sao cho kh\u00f4ng gian h\u00e0i h\u00f2a v\u00e0 li\u1ec1n m\u1ea1ch<\/span><\/li>\n<\/ul>\n<p style=\"text-align: justify;\"><span style=\"font-weight: 400;\">Tr\u00ean \u0111\u00e2y l\u00e0 nh\u1eefng \u0111\u1eb7c \u0111i\u1ec3m n\u1ed5i b\u1eadt v\u00e0 l\u01b0u \u00fd khi qu\u00fd kh\u00e1ch l\u1ef1a ch\u1ecdn v\u00e0 s\u1eed d\u1ee5ng<\/span><span style=\"font-weight: 400;\"> G\u1ea1ch gi\u1ea3 g\u1ed7 <strong>W 158009<\/strong>.<\/span><span style=\"font-weight: 400;\"> Hy v\u1ecdng b\u00e0i vi\u1ebft s\u1ebd gi\u00fap \u00edch cho qu\u00fd v\u1ecb \u0111\u1ec3 l\u1ef1a ch\u1ecdn \u0111\u01b0\u1ee3c s\u1ea3n ph\u1ea9m ph\u00f9 h\u1ee3p nh\u1ea5t v\u1edbi kh\u00f4ng gian v\u00e0 chi ph\u00ed c\u1ee7a gia \u0111\u00ecnh.\u00a0<\/span><\/p>\n<p style=\"text-align: justify;\"><i><span style=\"font-weight: 400;\">Vui l\u00f2ng \u0111\u1ec3 l\u1ea1i th\u00f4ng tin d\u01b0\u1edbi h\u1ed9p th\u01b0 d\u01b0\u1edbi \u0111\u00e2y n\u1ebfu qu\u00fd v\u1ecb c\u1ea7n gi\u1ea3i \u0111\u00e1p th\u1eafc m\u1eafc ho\u1eb7c nh\u1eadn s\u1ef1 t\u01b0 v\u1ea5n t\u1eeb chuy\u00ean gia c\u1ee7a CMC Tiles!<\/span><\/i><\/p>","protected":false},"excerpt":{"rendered":"<p><em>*Gi\u00e1 s\u1ea3n ph\u1ea9m ch\u1ec9 mang t\u00ednh ch\u1ea5t tham kh\u1ea3o.<\/em><\/p>\n<p>&nbsp;<\/p>\n<p style=\"text-align: justify;\"><span style=\"font-weight: 400;\">G\u1ea1ch gi\u1ea3 g\u1ed7 <strong>W 158009<\/strong> m\u00f4 ph\u1ecfng v\u1ebb \u0111\u1eb9p ch\u00e2n th\u1ef1c v\u00e0 sinh \u0111\u1ed9ng c\u1ee7a g\u1ed7 th\u1eadt v\u1edbi t\u00f4ng n\u00e2u h\u1ea1t d\u1ebb thi\u00ean s\u00e1ng, \u0111\u01b0\u1eddng v\u00e2n c\u00e1ch \u0111i\u1ec7u kh\u00f4ng tr\u00f9ng l\u1eb7p gi\u1eefa c\u00e1c t\u1ea5m \u1ed1p l\u00e1t. H\u1ecda ti\u1ebft th\u1edb g\u1ed7 \u0111a d\u1ea1ng v\u00e0 \u0111\u01b0\u1ee3c kh\u1eafc h\u1ecda tinh t\u1ebf nh\u1edd c\u00f4ng ngh\u1ec7 in k\u1ef9 thu\u1eadt s\u1ed1 hi\u1ec7n \u0111\u1ea1i. N\u1ebfu l\u00e0 m\u1ed9t ng\u01b0\u1eddi y\u00eau v\u1ebb \u0111\u1eb9p t\u1ef1 nhi\u00ean th\u00ec g\u1ea1ch gi\u1ea3 g\u1ed7 W 158009 h\u1eb3n l\u00e0 s\u1ef1 l\u1ef1a ch\u1ecdn tuy\u1ec7t v\u1eddi cho b\u1ea1n.<\/span><\/p>","protected":false},"featured_media":6259,"comment_status":"open","ping_status":"closed","template":"","meta":[],"product_brand":[],"product_cat":[1009,1015,1084,1016,1076,1017],"product_tag":[],"class_list":{"0":"post-6263","1":"product","2":"type-product","3":"status-publish","4":"has-post-thumbnail","6":"product_cat-ceramic","7":"product_cat-gach-lat","8":"product_cat-gach-lat-nen-van-go","9":"product_cat-gach-op","10":"product_cat-gach-op-lat","11":"product_cat-gach-op-lat-cmc","13":"first","14":"instock","15":"taxable","16":"shipping-taxable","17":"purchasable","18":"product-type-simple"},"_links":{"self":[{"href":"https:\/\/cmctiles.vn\/en\/wp-json\/wp\/v2\/product\/6263","targetHints":{"allow":["GET"]}}],"collection":[{"href":"https:\/\/cmctiles.vn\/en\/wp-json\/wp\/v2\/product"}],"about":[{"href":"https:\/\/cmctiles.vn\/en\/wp-json\/wp\/v2\/types\/product"}],"replies":[{"embeddable":true,"href":"https:\/\/cmctiles.vn\/en\/wp-json\/wp\/v2\/comments?post=6263"}],"version-history":[{"count":7,"href":"https:\/\/cmctiles.vn\/en\/wp-json\/wp\/v2\/product\/6263\/revisions"}],"predecessor-version":[{"id":27271,"href":"https:\/\/cmctiles.vn\/en\/wp-json\/wp\/v2\/product\/6263\/revisions\/27271"}],"wp:featuredmedia":[{"embeddable":true,"href":"https:\/\/cmctiles.vn\/en\/wp-json\/wp\/v2\/media\/6259"}],"wp:attachment":[{"href":"https:\/\/cmctiles.vn\/en\/wp-json\/wp\/v2\/media?parent=6263"}],"wp:term":[{"taxonomy":"product_brand","embeddable":true,"href":"https:\/\/cmctiles.vn\/en\/wp-json\/wp\/v2\/product_brand?post=6263"},{"taxonomy":"product_cat","embeddable":true,"href":"https:\/\/cmctiles.vn\/en\/wp-json\/wp\/v2\/product_cat?post=6263"},{"taxonomy":"product_tag","embeddable":true,"href":"https:\/\/cmctiles.vn\/en\/wp-json\/wp\/v2\/product_tag?post=6263"}],"curies":[{"name":"wp","href":"https:\/\/api.w.org\/{rel}","templated":true}]}}