{"id":6223,"date":"2021-08-28T19:32:18","date_gmt":"2021-08-28T12:32:18","guid":{"rendered":"https:\/\/democmctile.urah.vn\/?post_type=product&#038;p=6223"},"modified":"2025-05-23T15:37:40","modified_gmt":"2025-05-23T08:37:40","slug":"gach-lat-mau-den-cham-cam-kc-66007","status":"publish","type":"product","link":"https:\/\/cmctiles.vn\/en\/gach-op-lat\/gach-lat\/gach-lat-kc-66007.html","title":{"rendered":"G\u1ea1ch l\u00e1t m\u00e0u \u0111en ch\u1ea5m cam men kim c\u01b0\u01a1ng KC 66007"},"content":{"rendered":"<p style=\"text-align: justify;\"><span style=\"font-weight: 400;\">M\u00f4 ph\u1ecfng ho\u00e0n h\u1ea3o s\u1eafc m\u00e0u nguy\u00ean b\u1ea3n, <strong>KC 66007<\/strong> l\u00e0 s\u1ef1 k\u1ebft h\u1ee3p \u0111\u1ea7y b\u1ea5t ng\u1edd gi\u1eefa m\u00e0u \u0111en huy\u1ec1n b\u00ed c\u1ee7a \u0111\u00e1 c\u1ea9m th\u1ea1ch-quy\u1ec1n l\u1ef1c, sang tr\u1ecdng v\u1edbi m\u00e0u cam-thu\u1ed9c gam m\u00e0u n\u00f3ng v\u00e0 r\u1ea5t k\u00e9n ch\u1ecdn trong ph\u1ed1i c\u1ea3nh, ki\u1ebfn tr\u00fac. Ph\u00e1 b\u1ecf nh\u1eefng quy lu\u1eadt th\u00f4ng th\u01b0\u1eddng, CMC Tiles \u0111\u0103 \u0111\u1eb7t h\u00e0ng ng\u00e0n tinh th\u1ec3 m\u00e0u cam si\u00eau nh\u1ecf trong n\u1ec1n \u0111en b\u00f3ng s\u00e2u th\u1eb3m c\u1ee7a v\u0169 tr\u1ee5, b\u1ea5t ng\u1edd mang l\u1ea1i hi\u1ec7u qu\u1ea3 th\u1ea9m m\u1ef9 \u0111\u1ea7y ph\u00e1 c\u00e1ch, tinh t\u1ebf v\u00e0 v\u1ebb \u1ea5n t\u01b0\u1ee3ng cho kh\u00f4ng gian ki\u1ebfn tr\u00fac.<\/span><\/p>\n<h2 style=\"text-align: justify;\"><b>1. Th\u00f4ng s\u1ed1 s\u1ea3n ph\u1ea9m<\/b><\/h2>\n<table>\n<tbody>\n<tr>\n<td><span style=\"font-weight: 400;\">M\u00e3 s\u1ea3n ph\u1ea9m<\/span><\/td>\n<td><strong>KC 66007<\/strong><\/td>\n<\/tr>\n<tr>\n<td><span style=\"font-weight: 400;\">BRANDS<\/span><\/td>\n<td><span style=\"font-weight: 400;\">CMC Tiles<\/span><\/td>\n<\/tr>\n<tr>\n<td><span style=\"font-weight: 400;\">Ph\u00e2n lo\u1ea1i<\/span><\/td>\n<td><span style=\"font-weight: 400;\">G\u1ea1ch \u1ed1p Porcelain<\/span><\/td>\n<\/tr>\n<tr>\n<td><span style=\"font-weight: 400;\">M\u00e0u s\u1eafc<\/span><\/td>\n<td><span style=\"font-weight: 400;\">M\u00e0u \u0111en, \u0111i\u1ec3m xuy\u1ebft ch\u1ea5m nh\u1ecf m\u00e0u cam<\/span><\/td>\n<\/tr>\n<tr>\n<td><span style=\"font-weight: 400;\">Sizes<\/span><\/td>\n<td><span style=\"font-weight: 400;\">600\u00d7600 mm<\/span><\/td>\n<\/tr>\n<tr>\n<td><span style=\"font-weight: 400;\">\u0110\u1ed9 d\u00e0y<\/span><\/td>\n<td><span style=\"font-weight: 400;\">\u00a09.3 (mm)<\/span><\/td>\n<\/tr>\n<tr>\n<td><span style=\"font-weight: 400;\">MATERIALS\u00a0<\/span><\/td>\n<td><span style=\"font-weight: 400;\">Porcelain<\/span><\/td>\n<\/tr>\n<tr>\n<td><span style=\"font-weight: 400;\">Surfaces<\/span><\/td>\n<td><span style=\"font-weight: 400;\">Men kim c\u01b0\u01a1ng<\/span><\/td>\n<\/tr>\n<tr>\n<td><span style=\"font-weight: 400;\">Outstanding features<\/span><\/td>\n<td>\n<ul>\n<li style=\"font-weight: 400;\" aria-level=\"1\"><span style=\"font-weight: 400;\">High wear resistance<\/span><\/li>\n<li style=\"font-weight: 400;\" aria-level=\"1\"><span style=\"font-weight: 400;\">High-pressure resistance<\/span><\/li>\n<li style=\"font-weight: 400;\" aria-level=\"1\"><span style=\"font-weight: 400;\">Anti-acid, anti-slip<\/span><\/li>\n<li style=\"font-weight: 400;\" aria-level=\"1\"><span style=\"font-weight: 400;\">Non-ignition, non-expansion<\/span><\/li>\n<li style=\"font-weight: 400;\" aria-level=\"1\"><span style=\"font-weight: 400;\">Easy to clean, anti-bacterial, anti-mildew<\/span><\/li>\n<\/ul>\n<\/td>\n<\/tr>\n<tr>\n<td><span style=\"font-weight: 400;\">APPLICATIONS<\/span><\/td>\n<td><span style=\"font-weight: 400;\">\u0110a d\u1ea1ng, v\u00ed d\u1ee5 ki\u1ebfn tr\u00fac nh\u00e0 \u1ed1ng, khu chung c\u01b0, nh\u00e0 \u1edf cao c\u1ea5p, bi\u1ec7t th\u1ef1, ph\u00f2ng kh\u00e1ch, ph\u00f2ng t\u1eafm\u2026<\/span><\/td>\n<\/tr>\n<\/tbody>\n<\/table>\n<p><em><strong>S\u1ea3n ph\u1ea9m li\u00ean quan:<\/strong><\/em><\/p>\n<ul>\n<li><a href=\"https:\/\/cmctiles.vn\/gach-op-lat\/gach-lat\/kc66008.html\/\" target=\"_blank\" rel=\"noopener\">G\u1ea1ch l\u00e1t m\u00e0u \u0111en kh\u1eafc \u00e1nh kim sang tr\u1ecdng KC 66005<\/a><\/li>\n<li><a href=\"https:\/\/cmctiles.vn\/gach-op-lat\/gach-lat\/gach-lat-kc-66007.html\/\" target=\"_blank\" rel=\"noopener\">G\u1ea1ch l\u00e1t KC 66007 m\u00e0u \u0111en ch\u1ea5m cam \u0111\u1ea7y b\u00ed \u1ea9n<\/a><\/li>\n<\/ul>\n<h2 style=\"text-align: justify;\"><b>2. <\/b><b>KC 66007<\/b><b> &#8211; d\u00f2ng s\u1ea3n ph\u1ea9m cao c\u1ea5p c\u1ee7a CMC<\/b><\/h2>\n<p style=\"text-align: justify;\"><span style=\"font-weight: 400;\">Do \u0111\u01b0\u1ee3c t\u1ea1o ra t\u1eeb m\u1ed9t kh\u1ed1i \u0111\u1ed3ng ch\u1ea5t v\u1ec1 nguy\u00ean li\u1ec7u v\u00e0 m\u00e0u s\u1eafc n\u00ean <\/span><span style=\"font-weight: 400;\">KC 66007 <\/span><span style=\"font-weight: 400;\">c\u00f3 \u01b0u \u0111i\u1ec3m v\u01b0\u1ee3t tr\u1ed9i l\u00e0 khung x\u01b0\u01a1ng ch\u1eafc ch\u1eafn, \u0111\u1ed9 c\u1ee9ng cao, k\u1ebft c\u1ea5u \u0111\u01b0\u1ee3c n\u00e9n k\u1ef9 n\u00ean \u00edt l\u1ed7 h\u1ed5ng, t\u0103ng kh\u1ea3 n\u0103ng ch\u1ed1ng th\u1ea5m n\u01b0\u1edbc v\u00e0 mang \u0111\u1ebfn tr\u1ea3i nghi\u1ec7m t\u1ed1t h\u01a1n cho ng\u01b0\u1eddi d\u00f9ng.\u00a0<\/span><\/p>\n<h3 style=\"text-align: justify;\"><b><i>2.1. Thi\u1ebft k\u1ebf l\u1ea5y c\u1ea3m h\u1ee9ng t\u1eeb s\u1ef1 huy\u1ec1n b\u00ed c\u1ee7a kh\u00f4ng gian v\u0169 tr\u1ee5<\/i><\/b><\/h3>\n<p style=\"text-align: justify;\"><span style=\"font-weight: 400;\">M\u00f4 ph\u1ecfng ho\u00e0n h\u1ea3o s\u1eafc m\u00e0u nguy\u00ean b\u1ea3n, KC 66007 l\u00e0 s\u1ef1 k\u1ebft h\u1ee3p \u0111\u1ea7y b\u1ea5t ng\u1edd gi\u1eefa m\u00e0u \u0111en huy\u1ec1n b\u00ed c\u1ee7a \u0111\u00e1 c\u1ea9m th\u1ea1ch-quy\u1ec1n l\u1ef1c, sang tr\u1ecdng v\u1edbi m\u00e0u cam-thu\u1ed9c gam m\u00e0u n\u00f3ng v\u00e0 r\u1ea5t k\u00e9n ch\u1ecdn trong ph\u1ed1i c\u1ea3nh, ki\u1ebfn tr\u00fac. Ph\u00e1 b\u1ecf nh\u1eefng quy lu\u1eadt th\u00f4ng th\u01b0\u1eddng, CMC Tiles \u0111\u0103 \u0111\u1eb7t h\u00e0ng ng\u00e0n tinh th\u1ec3 m\u00e0u cam si\u00eau nh\u1ecf trong n\u1ec1n \u0111en b\u00f3ng s\u00e2u th\u1eb3m c\u1ee7a v\u0169 tr\u1ee5, b\u1ea5t ng\u1edd mang l\u1ea1i hi\u1ec7u qu\u1ea3 th\u1ea9m m\u1ef9 \u0111\u1ea7y ph\u00e1 c\u00e1ch, tinh t\u1ebf v\u00e0 v\u1ebb \u1ea5n t\u01b0\u1ee3ng cho kh\u00f4ng gian ki\u1ebfn tr\u00fac.<\/span><\/p>\n<h3 style=\"text-align: justify;\"><b><i>2.2. \u0110\u1ed9 b\u1ec1n v\u01b0\u1ee3t th\u1eddi gian<\/i><\/b><\/h3>\n<ul style=\"text-align: justify;\">\n<li style=\"font-weight: 400;\" aria-level=\"2\"><b>Kh\u1ea3 n\u0103ng ch\u1ed1ng m\u00e0i m\u00f2n cao: <\/b><span style=\"font-weight: 400;\">Tiles <\/span><span style=\"font-weight: 400;\">KC 66007 <\/span><span style=\"font-weight: 400;\">l\u00e0 m\u1ed9t s\u1ea3n ph\u1ea9m thu\u1ed9c d\u00f2ng g\u1ea1ch Porcelain (g\u1ea1ch b\u00e1n s\u1ee9) <\/span><span style=\"font-weight: 400;\">v\u1edbi ch\u1ea5t g\u1ea1ch \u0111\u1eb7c m\u1ecbn, \u0111\u1ed9 c\u1ee9ng cao,<\/span><span style=\"font-weight: 400;\"> \u0111\u1ed9 h\u00fat n\u01b0\u1edbc &lt; 0.5% n\u00ean b\u1ec1n b\u1ec9 c\u00f9ng th\u1eddi gian k\u1ec3 c\u1ea3 trong nh\u1eefng m\u00f4i tr\u01b0\u1eddng ngo\u1ea1i th\u1ea5t.<\/span><\/li>\n<li style=\"font-weight: 400;\" aria-level=\"2\"><b>Kh\u1ea3 n\u0103ng ch\u1ecbu \u00e1p l\u1ef1c cao: <\/b><span style=\"font-weight: 400;\">G\u1ea1ch \u0111\u01b0\u1ee3c nung \u1edf nhi\u1ec7t \u0111\u1ed9 cao t\u1eeb 1.200-1.300 \u0111\u1ed9 C, c\u00f3 \u0111\u1ed9 b\u1ec1n u\u1ed1ng ho\u00e0n h\u1ea3o do \u0111\u01b0\u1ee3c tr\u1ea3i qua qu\u00e1 tr\u00ecnh \u00e9p n\u00e9n t\u1edbi 7.000 t\u1ea5n.<\/span><\/li>\n<\/ul>\n<h3 style=\"text-align: justify;\"><b><i>2.3. An to\u00e0n &#8211; ti\u1ec7n l\u1ee3i cho gia ch\u1ee7<\/i><\/b><\/h3>\n<ul style=\"text-align: justify;\">\n<li><b>Ti\u1ec7n l\u1ee3i v\u1ec7 sinh v\u00e0 b\u1ea3o qu\u1ea3n:<\/b><span style=\"font-weight: 400;\"> \u1ee8ng d\u1ee5ng c\u00f4ng ngh\u1ec7 ph\u1ee7 men vi tinh v\u00e0 men kim c\u01b0\u01a1ng gi\u00fap b\u1ec1 m\u1eb7t s\u00e1ng b\u00f3ng kh\u00f4ng b\u00e1m b\u1ea9n, thu\u1eadn ti\u1ec7n cho vi\u1ec7c v\u1ec7 sinh lau ch\u00f9i b\u1ec1 m\u1eb7t g\u1ea1ch v\u00e0 gi\u1eef s\u1ea1ch s\u1ebd cho ng\u00f4i nh\u00e0.<\/span><\/li>\n<li style=\"font-weight: 400;\" aria-level=\"2\"><b>Kh\u00f4ng b\u1eaft ch\u00e1y, kh\u00f4ng gi\u00e3n n\u1edf: <\/b><span style=\"font-weight: 400;\">G\u1ea1ch \u0111\u01b0\u1ee3c nung \u1edf nhi\u1ec7t \u0111\u1ed9 cao t\u1edbi 1.300 \u0111\u1ed9 C n\u00ean kh\u00f4ng d\u1ec5 d\u00e0ng b\u1eaft ch\u00e1y, \u0111\u1eb7c bi\u1ec7t tuy\u1ec7t \u0111\u1ed1i kh\u00f4ng gi\u00e3n n\u1edf \u1edf nhi\u1ec7t \u0111\u1ed9 nh\u00e0 th\u00f4ng th\u01b0\u1eddng v\u00e0 ch\u1ecbu \u0111\u01b0\u1ee3c th\u1eddi ti\u1ebft kh\u1eafc nghi\u1ec7t<\/span><\/li>\n<\/ul>\n<h2 style=\"text-align: justify;\"><b>3. L\u01b0u \u00fd khi ch\u1ecdn mua v\u00e0 s\u1eed d\u1ee5ng g\u1ea1ch l\u00e1t <\/b><b>KC 66007<\/b><\/h2>\n<p style=\"text-align: justify;\"><span style=\"font-weight: 400;\">Qu\u00fd kh\u00e1ch vui l\u00f2ng l\u01b0u \u00fd nh\u1eefng \u0111i\u1ec1u sau \u0111\u1ec3 \u0111\u1ea3m b\u1ea3o t\u1ed1i \u0111a c\u00f4ng n\u0103ng v\u00e0 t\u00ednh th\u1ea9m m\u1ef9 c\u1ee7a s\u1ea3n ph\u1ea9m:<\/span><\/p>\n<ul style=\"text-align: justify;\">\n<li style=\"font-weight: 400;\" aria-level=\"1\"><b>M\u00e0u s\u1eafc h\u00e0i h\u00f2a:<\/b><span style=\"font-weight: 400;\"> C\u00e2n \u0111\u1ed1i ch\u1ecdn m\u00e0u g\u1ea1ch ph\u00f9 h\u1ee3p v\u1edbi m\u00e0u s\u1eafc c\u1ee7a t\u1ed5ng th\u1ec3 ng\u00f4i nh\u00e0 v\u00e0 c\u00f4ng n\u0103ng s\u1eed d\u1ee5ng. Nh\u1eefng s\u1ea3n ph\u1ea9m g\u1ea1ch tone s\u00e1ng (tr\u1eafng, be, kem,..) ph\u00f9 h\u1ee3p v\u1edbi ph\u00f2ng nh\u1ecf v\u00ec gi\u00fap m\u1edf r\u1ed9ng kh\u00f4ng gian v\u00e0 h\u00fat s\u00e1ng; tone t\u1ed1i (\u0111en, tr\u1ea7m, n\u00e2u&#8230;) ph\u00f9 h\u1ee3p v\u1edbi kh\u00f4ng gian r\u1ed9ng, phong c\u00e1ch ki\u1ebfn tr\u00fac c\u1ed5 \u0111i\u1ec3n, t\u00e2n c\u1ed5 \u0111i\u1ec3n.<\/span><\/li>\n<li style=\"font-weight: 400;\" aria-level=\"1\"><b>Kh\u00f4ng gian ph\u00f9 h\u1ee3p:<\/b>B\u1ec1 m\u1eb7t men kim c\u01b0\u01a1ng si\u00eau b\u00f3ng, si\u00eau b\u1eaft s\u00e1ng v\u00e0 h\u1eaft s\u00e1ng ph\u00f9 h\u1ee3p \u1ed1p m\u1eb7t ti\u1ec1n, \u1ed1p t\u01b0\u1eddng \u0111a kh\u00f4ng gian,\u2026 \u0111\u1eb7c bi\u1ec7t t\u1ea1i s\u1ea3nh l\u1edbn nh\u1eefng c\u00f4ng tr\u00ecnh ki\u1ebfn tr\u00fac cao c\u1ea5p.<\/li>\n<li style=\"font-weight: 400;\" aria-level=\"1\"><b>S\u1eed d\u1ee5ng \u0111\u00fang c\u00e1ch:<\/b><span style=\"font-weight: 400;\"> \u0110\u1ea3m b\u1ea3o quy tr\u00ecnh thi c\u00f4ng khoa h\u1ecdc v\u00e0 h\u1ea1n ch\u1ebf d\u00f9ng v\u1eadt nh\u1ecdn t\u00e1c \u0111\u1ed9ng l\u00ean b\u1ec1 m\u1eb7t g\u1ea1ch<\/span><\/li>\n<\/ul>\n<p style=\"text-align: justify;\"><span style=\"font-weight: 400;\">Tr\u00ean \u0111\u00e2y l\u00e0 nh\u1eefng \u0111\u1eb7c \u0111i\u1ec3m n\u1ed5i b\u1eadt v\u00e0 l\u01b0u \u00fd khi qu\u00fd kh\u00e1ch l\u1ef1a ch\u1ecdn v\u00e0 s\u1eed d\u1ee5ng g\u1ea1ch \u1ed1p l\u00e1t <\/span><strong>KC 66007 <\/strong>c\u1ee7a <a href=\"https:\/\/cmctiles.vn\/\" target=\"_blank\" rel=\"noopener\">c\u00f4ng ty g\u1ea1ch CMC Tiles<\/a><span style=\"font-weight: 400;\">. Hy v\u1ecdng b\u00e0i vi\u1ebft s\u1ebd gi\u00fap \u00edch cho qu\u00fd v\u1ecb \u0111\u1ec3 l\u1ef1a ch\u1ecdn \u0111\u01b0\u1ee3c s\u1ea3n ph\u1ea9m ph\u00f9 h\u1ee3p nh\u1ea5t v\u1edbi kh\u00f4ng gian v\u00e0 chi ph\u00ed c\u1ee7a gia \u0111\u00ecnh.\u00a0<\/span><\/p>\n<p style=\"text-align: justify;\"><i><span style=\"font-weight: 400;\">Vui l\u00f2ng \u0111\u1ec3 l\u1ea1i th\u00f4ng tin d\u01b0\u1edbi h\u1ed9p th\u01b0 d\u01b0\u1edbi \u0111\u00e2y n\u1ebfu qu\u00fd v\u1ecb c\u1ea7n gi\u1ea3i \u0111\u00e1p th\u1eafc m\u1eafc ho\u1eb7c nh\u1eadn s\u1ef1 t\u01b0 v\u1ea5n t\u1eeb chuy\u00ean gia c\u1ee7a CMC Tiles!<\/span><\/i><\/p>\n<p style=\"text-align: justify;\">","protected":false},"excerpt":{"rendered":"<p><em>*Gi\u00e1 s\u1ea3n ph\u1ea9m ch\u1ec9 mang t\u00ednh ch\u1ea5t tham kh\u1ea3o.<\/em><\/p>\n<p>&nbsp;<\/p>\n<p style=\"text-align: justify;\"><span style=\"font-weight: 400;\">M\u00f4 ph\u1ecfng ho\u00e0n h\u1ea3o s\u1eafc m\u00e0u nguy\u00ean b\u1ea3n, <strong>KC 66007<\/strong> l\u00e0 s\u1ef1 k\u1ebft h\u1ee3p \u0111\u1ea7y b\u1ea5t ng\u1edd gi\u1eefa m\u00e0u \u0111en huy\u1ec1n b\u00ed c\u1ee7a \u0111\u00e1 c\u1ea9m th\u1ea1ch-quy\u1ec1n l\u1ef1c, sang tr\u1ecdng v\u1edbi m\u00e0u cam-thu\u1ed9c gam m\u00e0u n\u00f3ng v\u00e0 r\u1ea5t k\u00e9n ch\u1ecdn trong ph\u1ed1i c\u1ea3nh, ki\u1ebfn tr\u00fac.<\/span><\/p>","protected":false},"featured_media":17326,"comment_status":"open","ping_status":"closed","template":"","meta":[],"product_brand":[],"product_cat":[1015,1083,1076,1017,1023],"product_tag":[],"class_list":{"0":"post-6223","1":"product","2":"type-product","3":"status-publish","4":"has-post-thumbnail","6":"product_cat-gach-lat","7":"product_cat-gach-lat-nen-van-da","8":"product_cat-gach-op-lat","9":"product_cat-gach-op-lat-cmc","10":"product_cat-porcelain","12":"first","13":"instock","14":"taxable","15":"shipping-taxable","16":"purchasable","17":"product-type-simple"},"_links":{"self":[{"href":"https:\/\/cmctiles.vn\/en\/wp-json\/wp\/v2\/product\/6223","targetHints":{"allow":["GET"]}}],"collection":[{"href":"https:\/\/cmctiles.vn\/en\/wp-json\/wp\/v2\/product"}],"about":[{"href":"https:\/\/cmctiles.vn\/en\/wp-json\/wp\/v2\/types\/product"}],"replies":[{"embeddable":true,"href":"https:\/\/cmctiles.vn\/en\/wp-json\/wp\/v2\/comments?post=6223"}],"version-history":[{"count":11,"href":"https:\/\/cmctiles.vn\/en\/wp-json\/wp\/v2\/product\/6223\/revisions"}],"predecessor-version":[{"id":32944,"href":"https:\/\/cmctiles.vn\/en\/wp-json\/wp\/v2\/product\/6223\/revisions\/32944"}],"wp:featuredmedia":[{"embeddable":true,"href":"https:\/\/cmctiles.vn\/en\/wp-json\/wp\/v2\/media\/17326"}],"wp:attachment":[{"href":"https:\/\/cmctiles.vn\/en\/wp-json\/wp\/v2\/media?parent=6223"}],"wp:term":[{"taxonomy":"product_brand","embeddable":true,"href":"https:\/\/cmctiles.vn\/en\/wp-json\/wp\/v2\/product_brand?post=6223"},{"taxonomy":"product_cat","embeddable":true,"href":"https:\/\/cmctiles.vn\/en\/wp-json\/wp\/v2\/product_cat?post=6223"},{"taxonomy":"product_tag","embeddable":true,"href":"https:\/\/cmctiles.vn\/en\/wp-json\/wp\/v2\/product_tag?post=6223"}],"curies":[{"name":"wp","href":"https:\/\/api.w.org\/{rel}","templated":true}]}}