{"id":6079,"date":"2021-08-28T17:20:25","date_gmt":"2021-08-28T10:20:25","guid":{"rendered":"https:\/\/democmctile.urah.vn\/?post_type=product&#038;p=6079"},"modified":"2023-07-05T15:43:02","modified_gmt":"2023-07-05T08:43:02","slug":"gach-lat-pt-80010","status":"publish","type":"product","link":"https:\/\/cmctiles.vn\/en\/gach-op-lat\/gach-lat\/gach-lat-pt-80010.html","title":{"rendered":"PT 80010 FLOOR TILES"},"content":{"rendered":"<p><span data-sheets-value=\"{&quot;1&quot;:2,&quot;2&quot;:&quot;G\u1ea1ch mang hoa ti\u1ebft v\u00e2n \u0111\u00e1 c\u1ea9m th\u1ea1ch gi\u00fap c\u0103n nh\u00e0 v\u1eeba to\u00e1t l\u00ean v\u1ebb sang tr\u1ecdng v\u1eeba c\u00f3 th\u1ec3 \u1ee9ng d\u1ee5ng \u1edf nhi\u1ec1u kh\u00f4ng gian, b\u1ec3 m\u1eb7t kh\u00e1c nhau. G\u1ea1ch v\u1eabn gi\u1eef \u0111\u01b0\u1ee3c nguy\u00ean nh\u1eefng b\u1ea3n ch\u1ea5t v\u00e0 k\u1ebft c\u1ea5u ch\u1eafc ch\u1eafn c\u1ee7a \u0111\u00e1, b\u1edfi th\u1ebf n\u00ean ng\u01b0\u1eddi ti\u00eau d\u00f9ng c\u00f3 th\u1ec3 y\u00ean t\u00e2m v\u1edbi ch\u1ea5t l\u01b0\u1ee3ng v\u00e0 \u0111\u1ed9 b\u1ec1n c\u1ee7a g\u1ea1ch. B\u1ec1 m\u1eb7t b\u00f3ng k\u00ednh mang \u0111\u1ebfn n\u00e9t sang tr\u1ecdng v\u00e0 m\u1edf r\u1ed9ng kh\u00f4ng gian nh\u00e0 c\u1ee7a b\u1ea1n&quot;}\" data-sheets-userformat=\"{&quot;2&quot;:12799,&quot;3&quot;:[null,2,&quot;#,##0&quot;,1],&quot;4&quot;:[null,2,12040119],&quot;5&quot;:{&quot;1&quot;:[{&quot;1&quot;:2,&quot;2&quot;:0,&quot;5&quot;:[null,2,12632256]},{&quot;1&quot;:0,&quot;2&quot;:0,&quot;3&quot;:3},{&quot;1&quot;:1,&quot;2&quot;:0,&quot;4&quot;:2}]},&quot;6&quot;:{&quot;1&quot;:[{&quot;1&quot;:2,&quot;2&quot;:0,&quot;5&quot;:[null,2,0]},{&quot;1&quot;:0,&quot;2&quot;:0,&quot;3&quot;:3},{&quot;1&quot;:1,&quot;2&quot;:0,&quot;4&quot;:2}]},&quot;7&quot;:{&quot;1&quot;:[{&quot;1&quot;:2,&quot;2&quot;:0,&quot;5&quot;:[null,2,12632256]},{&quot;1&quot;:0,&quot;2&quot;:0,&quot;3&quot;:3},{&quot;1&quot;:1,&quot;2&quot;:0,&quot;4&quot;:2}]},&quot;8&quot;:{&quot;1&quot;:[{&quot;1&quot;:2,&quot;2&quot;:0,&quot;5&quot;:[null,2,0]},{&quot;1&quot;:0,&quot;2&quot;:0,&quot;3&quot;:3},{&quot;1&quot;:1,&quot;2&quot;:0,&quot;4&quot;:2}]},&quot;9&quot;:0,&quot;10&quot;:1,&quot;11&quot;:4,&quot;15&quot;:&quot;Times New Roman&quot;,&quot;16&quot;:12}\">G\u1ea1ch mang hoa ti\u1ebft v\u00e2n \u0111\u00e1 c\u1ea9m th\u1ea1ch gi\u00fap c\u0103n nh\u00e0 v\u1eeba to\u00e1t l\u00ean v\u1ebb sang tr\u1ecdng v\u1eeba c\u00f3 th\u1ec3 \u1ee9ng d\u1ee5ng \u1edf nhi\u1ec1u kh\u00f4ng gian, b\u1ec1 m\u1eb7t kh\u00e1c nhau. G\u1ea1ch v\u1eabn gi\u1eef \u0111\u01b0\u1ee3c nguy\u00ean nh\u1eefng b\u1ea3n ch\u1ea5t v\u00e0 k\u1ebft c\u1ea5u ch\u1eafc ch\u1eafn c\u1ee7a \u0111\u00e1, b\u1edfi th\u1ebf n\u00ean ng\u01b0\u1eddi ti\u00eau d\u00f9ng c\u00f3 th\u1ec3 y\u00ean t\u00e2m v\u1edbi ch\u1ea5t l\u01b0\u1ee3ng v\u00e0 \u0111\u1ed9 b\u1ec1n c\u1ee7a g\u1ea1ch. B\u1ec1 m\u1eb7t b\u00f3ng k\u00ednh mang \u0111\u1ebfn n\u00e9t sang tr\u1ecdng v\u00e0 m\u1edf r\u1ed9ng kh\u00f4ng gian nh\u00e0 c\u1ee7a b\u1ea1n.<\/span><\/p>\n","protected":false},"excerpt":{"rendered":"<p><em>*Gi\u00e1 s\u1ea3n ph\u1ea9m ch\u1ec9 mang t\u00ednh ch\u1ea5t tham kh\u1ea3o.<\/em><\/p>","protected":false},"featured_media":6076,"comment_status":"open","ping_status":"closed","template":"","meta":[],"product_brand":[],"product_cat":[1015,1092,1023],"product_tag":[333],"class_list":{"0":"post-6079","1":"product","2":"type-product","3":"status-publish","4":"has-post-thumbnail","6":"product_cat-gach-lat","7":"product_cat-gach-op-lat-prato","8":"product_cat-porcelain","9":"product_tag-gach-lat","11":"first","12":"instock","13":"taxable","14":"shipping-taxable","15":"purchasable","16":"product-type-simple"},"_links":{"self":[{"href":"https:\/\/cmctiles.vn\/en\/wp-json\/wp\/v2\/product\/6079","targetHints":{"allow":["GET"]}}],"collection":[{"href":"https:\/\/cmctiles.vn\/en\/wp-json\/wp\/v2\/product"}],"about":[{"href":"https:\/\/cmctiles.vn\/en\/wp-json\/wp\/v2\/types\/product"}],"replies":[{"embeddable":true,"href":"https:\/\/cmctiles.vn\/en\/wp-json\/wp\/v2\/comments?post=6079"}],"version-history":[{"count":2,"href":"https:\/\/cmctiles.vn\/en\/wp-json\/wp\/v2\/product\/6079\/revisions"}],"predecessor-version":[{"id":27318,"href":"https:\/\/cmctiles.vn\/en\/wp-json\/wp\/v2\/product\/6079\/revisions\/27318"}],"wp:featuredmedia":[{"embeddable":true,"href":"https:\/\/cmctiles.vn\/en\/wp-json\/wp\/v2\/media\/6076"}],"wp:attachment":[{"href":"https:\/\/cmctiles.vn\/en\/wp-json\/wp\/v2\/media?parent=6079"}],"wp:term":[{"taxonomy":"product_brand","embeddable":true,"href":"https:\/\/cmctiles.vn\/en\/wp-json\/wp\/v2\/product_brand?post=6079"},{"taxonomy":"product_cat","embeddable":true,"href":"https:\/\/cmctiles.vn\/en\/wp-json\/wp\/v2\/product_cat?post=6079"},{"taxonomy":"product_tag","embeddable":true,"href":"https:\/\/cmctiles.vn\/en\/wp-json\/wp\/v2\/product_tag?post=6079"}],"curies":[{"name":"wp","href":"https:\/\/api.w.org\/{rel}","templated":true}]}}