{"id":35766,"date":"2026-01-23T15:31:11","date_gmt":"2026-01-23T08:31:11","guid":{"rendered":"https:\/\/cmctiles.vn\/?post_type=product&#038;p=35766"},"modified":"2026-01-23T15:31:13","modified_gmt":"2026-01-23T08:31:13","slug":"gach-op-lat-cao-cap-rpd612001s5-van-da-trang-su-sang-trong-nhe-nhang","status":"publish","type":"product","link":"https:\/\/cmctiles.vn\/en\/gach-op-lat-refina\/gach-op-lat-cao-cap-rpd612001s5-van-da-trang-su-sang-trong-nhe-nhang.html","title":{"rendered":"G\u1ea1ch \u1ed1p l\u00e1t cao c\u1ea5p RPD612001S5 v\u00e2n \u0111\u00e1 tr\u1eafng s\u1ee9 sang tr\u1ecdng nh\u1eb9 nh\u00e0ng"},"content":{"rendered":"<h2><strong>1. Th\u00f4ng s\u1ed1 s\u1ea3n ph\u1ea9m<\/strong><\/h2>\n<table>\n<tbody>\n<tr>\n<td>M\u00e3 s\u1ea3n ph\u1ea9m<\/td>\n<td>RPD612001S5<\/td>\n<\/tr>\n<tr>\n<td>BRANDS<\/td>\n<td>G\u1ea1ch \u1ed1p l\u00e1t REFINA<\/td>\n<\/tr>\n<tr>\n<td>Ph\u00e2n lo\u1ea1i<\/td>\n<td>G\u1ea1ch l\u00e1t s\u00e0n, g\u1ea1ch \u1ed1p t\u01b0\u1eddng<\/td>\n<\/tr>\n<tr>\n<td>M\u00e0u s\u1eafc<\/td>\n<td>M\u00e0u tr\u1eafng s\u1ee9 v\u00e2n \u0111\u00e1 m\u1ecfng nh\u1eb9 calactta<\/td>\n<\/tr>\n<tr>\n<td>Ki\u1ec3u v\u00e2n<\/td>\n<td>Veinstone<\/td>\n<\/tr>\n<tr>\n<td>Sizes<\/td>\n<td>600 x 1200mm<\/td>\n<\/tr>\n<tr>\n<td>MATERIALS<\/td>\n<td>Porcelain<\/td>\n<\/tr>\n<tr>\n<td>Surfaces<\/td>\n<td>Men Kim c\u01b0\u01a1ng cao c\u1ea5p<\/td>\n<\/tr>\n<tr>\n<td>Outstanding features<\/td>\n<td>\n<ul>\n<li aria-level=\"1\">Th\u1ea9m m\u1ef9 sang tr\u1ecdng, cao c\u1ea5p<\/li>\n<li aria-level=\"1\">Ch\u1ea5t li\u1ec7u Porcelain cao c\u1ea5p, c\u1ee9ng c\u00e1p, ch\u1ecbu \u00e1p l\u1ef1c cao<\/li>\n<li aria-level=\"1\">B\u1ec1 m\u1eb7t men si\u00eau b\u00f3ng, si\u00eau c\u1ee9ng h\u1ea1n ch\u1ebf tr\u1ea7y x\u01b0\u1edbc, ch\u1ed1ng b\u00e1m b\u1ea9n v\u00e0 m\u00e0i m\u00f2n<\/li>\n<li aria-level=\"1\">Non-ignition, non-expansion<\/li>\n<li aria-level=\"1\">Easy to clean, anti-bacterial, anti-mildew<\/li>\n<\/ul>\n<\/td>\n<\/tr>\n<tr>\n<td>APPLICATIONS<\/td>\n<td>\u0110a d\u1ea1ng, v\u00ed d\u1ee5 ki\u1ebfn tr\u00fac nh\u00e0 \u1ed1ng, khu chung c\u01b0, nh\u00e0 \u1edf cao c\u1ea5p, bi\u1ec7t th\u1ef1, ph\u00f2ng kh\u00e1ch\u2026<\/td>\n<\/tr>\n<\/tbody>\n<\/table>\n<h2><strong>2. RPD612002S5 <\/strong><strong>\u2013 d\u00f2ng s\u1ea3n ph\u1ea9m cao c\u1ea5p c\u1ee7a CMC \u2013 REFINA<\/strong><\/h2>\n<figure id=\"attachment_34048\" class=\"wp-caption aligncenter\" aria-describedby=\"caption-attachment-34048\"><figcaption id=\"caption-attachment-34048\" class=\"wp-caption-text\">\n<figure id=\"attachment_35786\" aria-describedby=\"caption-attachment-35786\" style=\"width: 2560px\" class=\"wp-caption aligncenter\"><img fetchpriority=\"high\" decoding=\"async\" class=\"wp-image-35786 size-full\" src=\"https:\/\/cmctiles.vn\/wp-content\/uploads\/2026\/01\/RPD-612001-S5-2-scaled.jpg\" alt=\"\" width=\"2560\" height=\"1283\" title=\"\" srcset=\"https:\/\/cmctiles.vn\/wp-content\/uploads\/2026\/01\/RPD-612001-S5-2-scaled.jpg 2560w, https:\/\/cmctiles.vn\/wp-content\/uploads\/2026\/01\/RPD-612001-S5-2-300x150.jpg 300w, https:\/\/cmctiles.vn\/wp-content\/uploads\/2026\/01\/RPD-612001-S5-2-1024x513.jpg 1024w, https:\/\/cmctiles.vn\/wp-content\/uploads\/2026\/01\/RPD-612001-S5-2-768x385.jpg 768w, https:\/\/cmctiles.vn\/wp-content\/uploads\/2026\/01\/RPD-612001-S5-2-1536x770.jpg 1536w, https:\/\/cmctiles.vn\/wp-content\/uploads\/2026\/01\/RPD-612001-S5-2-2048x1027.jpg 2048w, https:\/\/cmctiles.vn\/wp-content\/uploads\/2026\/01\/RPD-612001-S5-2-18x9.jpg 18w, https:\/\/cmctiles.vn\/wp-content\/uploads\/2026\/01\/RPD-612001-S5-2-500x251.jpg 500w\" sizes=\"(max-width: 2560px) 100vw, 2560px\" \/><figcaption id=\"caption-attachment-35786\" class=\"wp-caption-text\">G\u1ea1ch \u1ed1p l\u00e1t RPD612001S5 \u2013 d\u00f2ng s\u1ea3n ph\u1ea9m cao c\u1ea5p c\u1ee7a CMC \u2013 REFINA<\/figcaption><\/figure>\n<\/figcaption><\/figure>\n<figure id=\"attachment_34046\" class=\"wp-caption aligncenter\" aria-describedby=\"caption-attachment-34046\"><\/figure>\n<p>G\u1ea1ch \u1ed1p l\u00e1t CMC REFINA \u2013 Chu\u1ea9n m\u1ef1c m\u1edbi cho kh\u00f4ng gian s\u1ed1ng hi\u1ec7n \u0111\u1ea1i, h\u1ee9a h\u1eb9n mang \u0111\u1ebfn tr\u1ea3i nghi\u1ec7m \u01b0u vi\u1ec7t cho ng\u01b0\u1eddi d\u00f9ng nh\u1edd nh\u1eefng \u01b0u \u0111i\u1ec3m v\u01b0\u1ee3t tr\u1ed9i:<\/p>\n<ul>\n<li data-start=\"262\" data-end=\"374\"><strong data-start=\"262\" data-end=\"286\">K\u00edch th\u01b0\u1edbc l\u1edbn 600X1200MM<\/strong>: M\u1edf r\u1ed9ng kh\u00f4ng gian, t\u1ea1o c\u1ea3m gi\u00e1c li\u1ec1n m\u1ea1ch v\u00e0 t\u1ed1i gi\u1ea3n \u2013 tinh th\u1ea7n thi\u1ebft k\u1ebf \u0111\u01b0\u01a1ng \u0111\u1ea1i.<\/li>\n<li data-start=\"262\" data-end=\"374\"><strong data-start=\"377\" data-end=\"406\">B\u1ec1 m\u1eb7t ho\u00e0n thi\u1ec7n cao c\u1ea5p<\/strong>: S\u1ea3n ph\u1ea9m \u0111\u01b0\u1ee3c tr\u00e1ng ph\u1ee7 l\u1edbp men kim c\u01b0\u01a1ng si\u00eau b\u00f3ng, si\u00eau trong v\u00e0 si\u00eau c\u1ee9ng v\u1eeba h\u1ea1n ch\u1ebf tr\u1ea7y x\u01b0\u1edbc, b\u00e1m b\u1ea9n v\u1eeba gi\u1eef tr\u1ecdn v\u1ebb \u0111\u1eb9p theo th\u1eddi gian.<\/li>\n<li data-start=\"262\" data-end=\"374\"><strong data-start=\"486\" data-end=\"506\">Ch\u1ea5t li\u1ec7u b\u1ec1n b\u1ec9<\/strong>: Ch\u1ea5t li\u1ec7u Porcelain cao c\u1ea5p v\u1edbi l\u1edbp x\u01b0\u01a1ng g\u1ea1ch d\u00e0y d\u1eb7n n\u00e9n ch\u1eb7t, ch\u1ecbu l\u1ef1c cao, ph\u00f9 h\u1ee3p c\u1ea3 khu v\u1ef1c n\u1ed9i \u2013 ngo\u1ea1i th\u1ea5t, \u0111\u1ed9 th\u1ea5m h\u00fat n\u01b0\u1edbc si\u00eau th\u1ea5p ch\u1ec9 &lt; 0.5%<\/li>\n<li data-start=\"262\" data-end=\"374\"><strong data-start=\"724\" data-end=\"745\">Th\u1ea9m m\u1ef9 cao c\u1ea5p<\/strong>: V\u00e2n \u0111\u00e1 t\u1ef1 nhi\u00ean sang tr\u1ecdng v\u00e0 th\u1eddi th\u01b0\u1ee3ng \u0111\u00e1p \u1ee9ng \u0111a d\u1ea1ng phong c\u00e1ch thi\u1ebft k\u1ebf, mang l\u1ea1i v\u1ebb \u0111\u1eb9p sang tr\u1ecdng, \u1ee9ng d\u1ee5ng linh ho\u1ea1t trong nhi\u1ec1u kh\u00f4ng gian, v\u1eeba trang tr\u00ed kh\u00f4ng gian r\u1ed9ng v\u1eeba t\u1ea1o \u0111i\u1ec3m nh\u1ea5n cho \u1ea5n t\u01b0\u1ee3ng, gi\u00fap t\u0103ng t\u00ednh th\u1ea9m m\u1ef9 v\u00e0 th\u1ed5i h\u1ed3n cho kh\u00f4ng gian s\u1ed1ng<\/li>\n<li data-start=\"262\" data-end=\"374\"><strong data-start=\"848\" data-end=\"869\">Thi c\u00f4ng tinh g\u1ecdn<\/strong>: \u01afu \u0111i\u1ec3m c\u1ee7a g\u1ea1ch kh\u1ed5 l\u1edbn l\u00e0 \u00edt \u0111\u01b0\u1eddng ron, t\u0103ng t\u00ednh th\u1ea9m m\u1ef9 cho kh\u00f4ng gian, r\u00fat ng\u1eafn th\u1eddi gian thi c\u00f4ng v\u00e0 gi\u1ea3m chi ph\u00ed b\u1ea3o tr\u00ec.<\/li>\n<\/ul>\n<div class=\"x11i5rnm xat24cr x1mh8g0r x1vvkbs xtlvy1s x126k92a\">\n<div dir=\"auto\">V\u1edbi nh\u1eefng \u01b0u \u0111i\u1ec3m v\u01b0\u1ee3t tr\u1ed9i, s\u1ea3n ph\u1ea9m g\u1ea1ch RPD612001S5 h\u1ee9a h\u1eb9n s\u1ebd mang \u0111\u1ebfn cho Qu\u00fd v\u1ecb tr\u1ea3i nghi\u1ec7m s\u1ed1ng th\u01b0\u1ee3ng l\u01b0u v\u00e0 ch\u1ea5t l\u01b0\u1ee3ng!<\/div>\n<div dir=\"auto\"><\/div>\n<\/div>\n<p>Tr\u00ean \u0111\u00e2y l\u00e0 nh\u1eefng \u0111\u1eb7c \u0111i\u1ec3m n\u1ed5i b\u1eadt v\u00e0 l\u01b0u \u00fd khi qu\u00fd kh\u00e1ch l\u1ef1a ch\u1ecdn v\u00e0 s\u1eed d\u1ee5ng s\u1ea3n ph\u1ea9m g\u1ea1ch <strong>RPD612001S5<\/strong>. Hy v\u1ecdng b\u00e0i vi\u1ebft s\u1ebd gi\u00fap \u00edch cho qu\u00fd v\u1ecb \u0111\u1ec3 l\u1ef1a ch\u1ecdn \u0111\u01b0\u1ee3c s\u1ea3n ph\u1ea9m ph\u00f9 h\u1ee3p nh\u1ea5t v\u1edbi kh\u00f4ng gian v\u00e0 chi ph\u00ed c\u1ee7a gia \u0111\u00ecnh.<\/p>\n<p>Vui l\u00f2ng \u0111\u1ec3 l\u1ea1i th\u00f4ng tin d\u01b0\u1edbi h\u1ed9p th\u01b0 d\u01b0\u1edbi \u0111\u00e2y n\u1ebfu qu\u00fd v\u1ecb c\u1ea7n gi\u1ea3i \u0111\u00e1p th\u1eafc m\u1eafc ho\u1eb7c nh\u1eadn s\u1ef1 t\u01b0 v\u1ea5n t\u1eeb chuy\u00ean gia c\u1ee7a CMC Tiles!<\/p>","protected":false},"excerpt":{"rendered":"<p>1. Th\u00f4ng s\u1ed1 s\u1ea3n ph\u1ea9m M\u00e3 s\u1ea3n ph\u1ea9m RPD612001S5 Th\u01b0\u01a1ng hi\u1ec7u G\u1ea1ch \u1ed1p l\u00e1t REFINA Ph\u00e2n lo\u1ea1i G\u1ea1ch l\u00e1t s\u00e0n, g\u1ea1ch \u1ed1p t\u01b0\u1eddng M\u00e0u s\u1eafc M\u00e0u tr\u1eafng s\u1ee9 v\u00e2n \u0111\u00e1 m\u1ecfng nh\u1eb9 calactta Ki\u1ec3u v\u00e2n V\u00e2n \u0111\u00e1 K\u00edch th\u01b0\u1edbc 600 x 1200mm Ch\u1ea5t li\u1ec7u Porcelain B\u1ec1 m\u1eb7t Men Kim c\u01b0\u01a1ng cao c\u1ea5p \u0110\u1eb7c \u0111i\u1ec3m n\u1ed5i [&hellip;]<\/p>\n","protected":false},"featured_media":35780,"comment_status":"open","ping_status":"closed","template":"","meta":[],"product_brand":[],"product_cat":[1134,1017,1014],"product_tag":[],"class_list":{"0":"post-35766","1":"product","2":"type-product","3":"status-publish","4":"has-post-thumbnail","6":"product_cat-gach-op-lat-refina","7":"product_cat-gach-op-lat-cmc","8":"product_cat-gach-oplat-refina","10":"first","11":"instock","12":"taxable","13":"shipping-taxable","14":"product-type-simple"},"_links":{"self":[{"href":"https:\/\/cmctiles.vn\/en\/wp-json\/wp\/v2\/product\/35766","targetHints":{"allow":["GET"]}}],"collection":[{"href":"https:\/\/cmctiles.vn\/en\/wp-json\/wp\/v2\/product"}],"about":[{"href":"https:\/\/cmctiles.vn\/en\/wp-json\/wp\/v2\/types\/product"}],"replies":[{"embeddable":true,"href":"https:\/\/cmctiles.vn\/en\/wp-json\/wp\/v2\/comments?post=35766"}],"version-history":[{"count":1,"href":"https:\/\/cmctiles.vn\/en\/wp-json\/wp\/v2\/product\/35766\/revisions"}],"predecessor-version":[{"id":35793,"href":"https:\/\/cmctiles.vn\/en\/wp-json\/wp\/v2\/product\/35766\/revisions\/35793"}],"wp:featuredmedia":[{"embeddable":true,"href":"https:\/\/cmctiles.vn\/en\/wp-json\/wp\/v2\/media\/35780"}],"wp:attachment":[{"href":"https:\/\/cmctiles.vn\/en\/wp-json\/wp\/v2\/media?parent=35766"}],"wp:term":[{"taxonomy":"product_brand","embeddable":true,"href":"https:\/\/cmctiles.vn\/en\/wp-json\/wp\/v2\/product_brand?post=35766"},{"taxonomy":"product_cat","embeddable":true,"href":"https:\/\/cmctiles.vn\/en\/wp-json\/wp\/v2\/product_cat?post=35766"},{"taxonomy":"product_tag","embeddable":true,"href":"https:\/\/cmctiles.vn\/en\/wp-json\/wp\/v2\/product_tag?post=35766"}],"curies":[{"name":"wp","href":"https:\/\/api.w.org\/{rel}","templated":true}]}}