{"id":34028,"date":"2025-08-01T09:16:59","date_gmt":"2025-08-01T02:16:59","guid":{"rendered":"https:\/\/cmctiles.vn\/?post_type=product&#038;p=34028"},"modified":"2025-08-01T09:17:00","modified_gmt":"2025-08-01T02:17:00","slug":"gach-op-lat-ppg88006s5-mau-vang-champagne-nhat-toi-gian-va-nhe-nhang","status":"publish","type":"product","link":"https:\/\/cmctiles.vn\/en\/gach-op-lat\/gach-op-lat-ppg88006s5-mau-vang-champagne-nhat-toi-gian-va-nhe-nhang.html","title":{"rendered":"G\u1ea1ch \u1ed1p l\u00e1t PPG88006S5 m\u00e0u v\u00e0ng champagne nh\u1ea1t t\u1ed1i gi\u1ea3n v\u00e0 nh\u1eb9 nh\u00e0ng"},"content":{"rendered":"<h2><b>1. Th\u00f4ng s\u1ed1 s\u1ea3n ph\u1ea9m<\/b><\/h2>\n<table>\n<tbody>\n<tr>\n<td>M\u00e3 s\u1ea3n ph\u1ea9m<\/td>\n<td><strong>PPG88006S5<\/strong><\/td>\n<\/tr>\n<tr>\n<td>BRANDS<\/td>\n<td>G\u1ea1ch \u1ed1p l\u00e1t Prato<\/td>\n<\/tr>\n<tr>\n<td>Ph\u00e2n lo\u1ea1i<\/td>\n<td>Ceramic tiles<\/td>\n<\/tr>\n<tr>\n<td>M\u00e0u s\u1eafc<\/td>\n<td>M\u00e0u v\u00e0ng champagne nh\u1ea1t t\u1ed1i gi\u1ea3n v\u00e0 nh\u1eb9 nh\u00e0ng<\/td>\n<\/tr>\n<tr>\n<td>Sizes<\/td>\n<td>800\u00d7800 mm (combo 600x600mm)<\/td>\n<\/tr>\n<tr>\n<td>\u0110\u1ed9 d\u00e0y<\/td>\n<td>9,3 \u00b1 0,3 mm<\/td>\n<\/tr>\n<tr>\n<td>MATERIALS<\/td>\n<td>Porcelain<\/td>\n<\/tr>\n<tr>\n<td>Surfaces<\/td>\n<td>Men B\u00f3ng Nano<\/td>\n<\/tr>\n<tr>\n<td>Outstanding features<\/td>\n<td>\n<ul>\n<li aria-level=\"1\">V\u00e2n m\u00e2y \u2013 v\u00e2n \u0111\u00e1 t\u1ef1 nhi\u00ean, sang tr\u1ecdng v\u00e0 hi\u1ec7n \u0111\u1ea1i<\/li>\n<li aria-level=\"1\">B\u1ec1 m\u1eb7t b\u00f3ng s\u00e1ng, d\u1ec5 d\u00e0ng v\u1ec7 sinh<\/li>\n<li aria-level=\"1\">\u0110\u1ed9 c\u1ee9ng cao, ch\u1eafc ch\u1eafn, th\u1ea5m h\u00fat n\u01b0\u1edbc th\u1ea5p<\/li>\n<li aria-level=\"1\">K\u00edch th\u01b0\u1edbc ph\u1ed5 th\u00f4ng, \u1ee9ng d\u1ee5ng \u0111a d\u1ea1ng<\/li>\n<li aria-level=\"1\">Non-ignition, non-expansion<\/li>\n<\/ul>\n<\/td>\n<\/tr>\n<tr>\n<td>APPLICATIONS<\/td>\n<td>\u0110a d\u1ea1ng, v\u00ed d\u1ee5 ki\u1ebfn tr\u00fac nh\u00e0 \u1ed1ng, khu chung c\u01b0, nh\u00e0 \u1edf cao c\u1ea5p, bi\u1ec7t th\u1ef1, ph\u00f2ng kh\u00e1ch\u2026<\/td>\n<\/tr>\n<\/tbody>\n<\/table>\n<h2><b>2. G\u1ea1ch \u1ed1p l\u00e1t <strong>PPG88006S5<\/strong> \u2013 s\u1ef1 l\u1ef1a ch\u1ecdn ho\u00e0n h\u1ea3o cho m\u1ecdi c\u00f4ng tr\u00ecnh<\/b><\/h2>\n<figure class=\"wp-caption alignnone\"><img fetchpriority=\"high\" decoding=\"async\" title=\"G\u1ea1ch \u1ed1p l\u00e1t PPG66006S5 m\u00e0u v\u00e0ng champagne nh\u1ea1t t\u1ed1i gi\u1ea3n v\u00e0 nh\u1eb9 nh\u00e0ng 1\" src=\"https:\/\/scontent.fhan2-5.fna.fbcdn.net\/v\/t39.30808-6\/506147304_1337347531731713_5376559568516394290_n.jpg?_nc_cat=107&amp;ccb=1-7&amp;_nc_sid=127cfc&amp;_nc_ohc=unk4V_t0uwsQ7kNvwGd9VbV&amp;_nc_oc=AdnIRaUXBtnlgDnDRz3yCjVKIe7IIpraxxwTEi3jvYtj21JicP0rWlfHF-VDzNKYGIg&amp;_nc_zt=23&amp;_nc_ht=scontent.fhan2-5.fna&amp;_nc_gid=PD5E597bbtmmBLL8uuKvFg&amp;oh=00_AfR-ecygX32vgUgIPEPYolPTXZsTkNvJZ0K8KjPDpqUTvQ&amp;oe=6891CD0A\" alt=\"G\u1ea1ch \u1ed1p l\u00e1t PPG66006S5 m\u00e0u v\u00e0ng champagne nh\u1ea1t t\u1ed1i gi\u1ea3n v\u00e0 nh\u1eb9 nh\u00e0ng\" width=\"1668\" height=\"1667\" \/><figcaption class=\"wp-caption-text\">G\u1ea1ch \u1ed1p l\u00e1t PPG88006S5 m\u00e0u v\u00e0ng champagne nh\u1ea1t t\u1ed1i gi\u1ea3n v\u00e0 nh\u1eb9 nh\u00e0ng<\/figcaption><\/figure>\n<p>&nbsp;<\/p>\n<p>Ceramic tiles <strong>PPG88006S5<\/strong>\u00a0men Glossy l\u00e0 m\u1ed9t s\u1ea3n ph\u1ea9m n\u1ed5i b\u1eadt c\u1ee7a d\u00f2ng g\u1ea1ch Porcelain, \u0111\u01b0\u1eddng v\u00e2n m\u00e2y t\u1ef1 nhi\u00ean ch\u00e2n th\u1ef1c, tinh t\u1ebf v\u00e0 ch\u1ea5t l\u01b0\u1ee3ng v\u01b0\u1ee3t tr\u1ed9i. Khung x\u01b0\u01a1ng Porcelain c\u00f3 kh\u1ea3 n\u0103ng ch\u1ed1ng th\u1ea5m n\u01b0\u1edbc v\u00e0 \u0111\u1ed9 b\u1ec1n v\u01b0\u1ee3t tr\u1ed9i.<\/p>\n<ul>\n<li data-start=\"1004\" data-end=\"1209\"><strong data-start=\"1004\" data-end=\"1043\">V\u00e2n \u0111\u00e1 nh\u1eb9 nh\u00e0ng:<\/strong> M\u00e0u v\u00e0ng champagne nh\u1ea1t thanh l\u1ecbch, k\u1ebft h\u1ee3p hoa v\u0103n t\u1ed1i gi\u1ea3n tinh t\u1ebf mang l\u1ea1i c\u1ea3m gi\u00e1c nh\u1eb9 nh\u00e0ng, tho\u00e1ng s\u00e1ng cho kh\u00f4ng gian. B\u1ec1 m\u1eb7t men b\u00f3ng Nano gi\u00fap t\u0103ng \u0111\u1ed9 ph\u1ea3n chi\u1ebfu \u00e1nh s\u00e1ng, t\u1ea1o hi\u1ec7u \u1ee9ng r\u1ed9ng r\u00e3i, hi\u1ec7n \u0111\u1ea1i m\u00e0 v\u1eabn gi\u1eef n\u00e9t \u1ea5m \u00e1p, sang tr\u1ecdng.<\/li>\n<li data-start=\"1215\" data-end=\"1384\"><strong data-start=\"1215\" data-end=\"1245\">B\u1ec1 m\u1eb7t men Nano s\u00e1ng b\u00f3ng:<\/strong>\u00a0Kh\u00f4ng ch\u1ec9 t\u0103ng \u0111\u1ed9 ph\u1ea3n chi\u1ebfu \u00e1nh s\u00e1ng cho kh\u00f4ng gian r\u1ed9ng h\u01a1n, tho\u00e1ng h\u01a1n m\u00e0 c\u00f2n ch\u1ed1ng b\u00e1m b\u1ea9n, d\u1ec5 v\u1ec7 sinh, gi\u1eef s\u00e0n lu\u00f4n s\u00e1ng \u0111\u1eb9p nh\u01b0 m\u1edbi.<\/li>\n<li data-start=\"1388\" data-end=\"1564\"><strong data-start=\"1388\" data-end=\"1429\">C\u1ea5u tr\u00fac g\u1ea1ch ch\u1eafc ch\u1eafn, \u0111\u1ed9 c\u1ee9ng cao:<\/strong>\u00a0\u0110\u01b0\u1ee3c s\u1ea3n xu\u1ea5t theo c\u00f4ng ngh\u1ec7 hi\u1ec7n \u0111\u1ea1i, gi\u00fap x\u01b0\u01a1ng g\u1ea1ch \u0111\u1ea1t \u0111\u1ed9 n\u00e9n t\u1ed1i \u01b0u, ch\u1ed1ng cong v\u00eanh, gi\u00e3n n\u1edf hay n\u1ee9t v\u1ee1 trong qu\u00e1 tr\u00ecnh s\u1eed d\u1ee5ng.<\/li>\n<li data-start=\"1568\" data-end=\"1766\"><strong data-start=\"1568\" data-end=\"1611\">K\u00edch th\u01b0\u1edbc \u0111a d\u1ea1ng \u2013 t\u00ednh \u1ee9ng d\u1ee5ng cao:<\/strong>\u00a0B\u1ed9 \u0111\u00f4i k\u00edch th\u01b0\u1edbc 600x600mm v\u00e0 800x800mm d\u1ec5 k\u1ebft h\u1ee3p, \u0111\u00e1p \u1ee9ng linh ho\u1ea1t cho nhi\u1ec1u d\u1ea1ng m\u1eb7t b\u1eb1ng t\u1eeb c\u0103n h\u1ed9, nh\u00e0 \u1ed1ng \u0111\u1ebfn bi\u1ec7t th\u1ef1 ho\u1eb7c kh\u00f4ng gian th\u01b0\u01a1ng m\u1ea1i.<\/li>\n<\/ul>\n<h4 data-start=\"1773\" data-end=\"1793\"><strong data-start=\"1778\" data-end=\"1793\">3. \u1ee8ng d\u1ee5ng<\/strong><\/h4>\n<ul>\n<li data-start=\"1797\" data-end=\"1940\">L\u00fd t\u01b0\u1edfng s\u1eed d\u1ee5ng cho ph\u00f2ng kh\u00e1ch, nh\u00e0 b\u1ebfp, s\u1ea3nh ch\u1edd, khu v\u1ef1c c\u00f4ng c\u1ed9ng cao c\u1ea5p nh\u01b0 trung t\u00e2m h\u1ed9i ngh\u1ecb, kh\u00e1ch s\u1ea1n, showroom\u2026<\/li>\n<li data-start=\"1943\" data-end=\"2024\">\u0110\u1eb7c bi\u1ec7t ph\u00f9 h\u1ee3p cho c\u00e1c kh\u00f4ng gian \u0111\u00f2i h\u1ecfi t\u00ednh \u0111\u1ed3ng b\u1ed9, s\u1ea1ch s\u1ebd v\u00e0 cao c\u1ea5p.<\/li>\n<\/ul>\n<p data-start=\"2052\" data-end=\"2329\">V\u1edbi s\u1ef1 k\u1ebft h\u1ee3p ho\u00e0n h\u1ea3o gi\u1eefa c\u00f4ng ngh\u1ec7 hi\u1ec7n \u0111\u1ea1i v\u00e0 thi\u1ebft k\u1ebf th\u1ea9m m\u1ef9, g\u1ea1ch l\u00e1t n\u1ec1n <strong>PPG88006S5<\/strong>\u00a0c\u1ee7a CMC \u2013 Prato s\u1ebd l\u00e0 \u0111i\u1ec3m nh\u1ea5n n\u00e2ng t\u1ea7m kh\u00f4ng gian s\u1ed1ng c\u1ee7a b\u1ea1n. N\u1ebfu b\u1ea1n \u0111ang t\u00ecm ki\u1ebfm gi\u1ea3i ph\u00e1p l\u00e1t n\u1ec1n \u0111\u1eb9p \u2013 b\u1ec1n \u2013 sang tr\u1ecdng, \u0111\u00e2y ch\u1eafc ch\u1eafn l\u00e0 l\u1ef1a ch\u1ecdn kh\u00f4ng th\u1ec3 b\u1ecf qua.<\/p>\n<p>Tr\u00ean \u0111\u00e2y l\u00e0 nh\u1eefng \u0111\u1eb7c \u0111i\u1ec3m n\u1ed5i b\u1eadt v\u00e0 l\u01b0u \u00fd khi qu\u00fd kh\u00e1ch l\u1ef1a ch\u1ecdn v\u00e0 s\u1eed d\u1ee5ng g\u1ea1ch \u1ed1p l\u00e1t <strong>PPG88006S5.<\/strong>\u00a0Hy v\u1ecdng b\u00e0i vi\u1ebft s\u1ebd gi\u00fap \u00edch cho qu\u00fd v\u1ecb \u0111\u1ec3 l\u1ef1a ch\u1ecdn \u0111\u01b0\u1ee3c s\u1ea3n ph\u1ea9m ph\u00f9 h\u1ee3p nh\u1ea5t v\u1edbi kh\u00f4ng gian v\u00e0 chi ph\u00ed c\u1ee7a gia \u0111\u00ecnh.<\/p>\n<p>Vui l\u00f2ng \u0111\u1ec3 l\u1ea1i th\u00f4ng tin d\u01b0\u1edbi h\u1ed9p th\u01b0 d\u01b0\u1edbi \u0111\u00e2y n\u1ebfu qu\u00fd v\u1ecb c\u1ea7n gi\u1ea3i \u0111\u00e1p th\u1eafc m\u1eafc ho\u1eb7c nh\u1eadn s\u1ef1 t\u01b0 v\u1ea5n t\u1eeb chuy\u00ean gia c\u1ee7a CMC Tiles!<\/p>","protected":false},"excerpt":{"rendered":"<p>1. Th\u00f4ng s\u1ed1 s\u1ea3n ph\u1ea9m M\u00e3 s\u1ea3n ph\u1ea9m PPG88006S5 Th\u01b0\u01a1ng hi\u1ec7u G\u1ea1ch \u1ed1p l\u00e1t Prato Ph\u00e2n lo\u1ea1i G\u1ea1ch \u1ed1p l\u00e1t M\u00e0u s\u1eafc M\u00e0u v\u00e0ng champagne nh\u1ea1t t\u1ed1i gi\u1ea3n v\u00e0 nh\u1eb9 nh\u00e0ng K\u00edch th\u01b0\u1edbc 800\u00d7800 mm (combo 600x600mm) \u0110\u1ed9 d\u00e0y 9,3 \u00b1 0,3 mm Ch\u1ea5t li\u1ec7u Porcelain B\u1ec1 m\u1eb7t Men B\u00f3ng Nano \u0110\u1eb7c \u0111i\u1ec3m n\u1ed5i b\u1eadt [&hellip;]<\/p>\n","protected":false},"featured_media":34012,"comment_status":"open","ping_status":"closed","template":"","meta":[],"product_brand":[],"product_cat":[1076,1015,1083,1092,1023],"product_tag":[],"class_list":{"0":"post-34028","1":"product","2":"type-product","3":"status-publish","4":"has-post-thumbnail","6":"product_cat-gach-op-lat","7":"product_cat-gach-lat","8":"product_cat-gach-lat-nen-van-da","9":"product_cat-gach-op-lat-prato","10":"product_cat-porcelain","12":"first","13":"instock","14":"taxable","15":"shipping-taxable","16":"purchasable","17":"product-type-simple"},"_links":{"self":[{"href":"https:\/\/cmctiles.vn\/en\/wp-json\/wp\/v2\/product\/34028","targetHints":{"allow":["GET"]}}],"collection":[{"href":"https:\/\/cmctiles.vn\/en\/wp-json\/wp\/v2\/product"}],"about":[{"href":"https:\/\/cmctiles.vn\/en\/wp-json\/wp\/v2\/types\/product"}],"replies":[{"embeddable":true,"href":"https:\/\/cmctiles.vn\/en\/wp-json\/wp\/v2\/comments?post=34028"}],"version-history":[{"count":2,"href":"https:\/\/cmctiles.vn\/en\/wp-json\/wp\/v2\/product\/34028\/revisions"}],"predecessor-version":[{"id":34030,"href":"https:\/\/cmctiles.vn\/en\/wp-json\/wp\/v2\/product\/34028\/revisions\/34030"}],"wp:featuredmedia":[{"embeddable":true,"href":"https:\/\/cmctiles.vn\/en\/wp-json\/wp\/v2\/media\/34012"}],"wp:attachment":[{"href":"https:\/\/cmctiles.vn\/en\/wp-json\/wp\/v2\/media?parent=34028"}],"wp:term":[{"taxonomy":"product_brand","embeddable":true,"href":"https:\/\/cmctiles.vn\/en\/wp-json\/wp\/v2\/product_brand?post=34028"},{"taxonomy":"product_cat","embeddable":true,"href":"https:\/\/cmctiles.vn\/en\/wp-json\/wp\/v2\/product_cat?post=34028"},{"taxonomy":"product_tag","embeddable":true,"href":"https:\/\/cmctiles.vn\/en\/wp-json\/wp\/v2\/product_tag?post=34028"}],"curies":[{"name":"wp","href":"https:\/\/api.w.org\/{rel}","templated":true}]}}