{"id":33880,"date":"2025-07-31T10:51:42","date_gmt":"2025-07-31T03:51:42","guid":{"rendered":"https:\/\/cmctiles.vn\/?post_type=product&#038;p=33880"},"modified":"2025-07-31T10:51:44","modified_gmt":"2025-07-31T03:51:44","slug":"gach-lat-san-vuon-rcm55005s5-thiet-ke-hien-dai-va-an-tuong","status":"publish","type":"product","link":"https:\/\/cmctiles.vn\/en\/gach-op-lat\/gach-lat-san-vuon-rcm55005s5-thiet-ke-hien-dai-va-an-tuong.html","title":{"rendered":"G\u1ea1ch l\u00e1t s\u00e2n v\u01b0\u1eddn RCM55005S5 thi\u1ebft k\u1ebf hi\u1ec7n \u0111\u1ea1i v\u00e0 \u1ea5n t\u01b0\u1ee3ng"},"content":{"rendered":"<p>Trong xu h\u01b0\u1edbng thi\u1ebft k\u1ebf c\u1ea3nh quan hi\u1ec7n \u0111\u1ea1i,\u00a0<strong data-start=\"852\" data-end=\"881\">g\u1ea1ch l\u00e1t s\u00e2n v\u01b0\u1eddn 50x50cm<\/strong>\u00a0\u0111\u01b0\u1ee3c xem l\u00e0 l\u1ef1a ch\u1ecdn th\u00f4ng minh nh\u1edd kh\u1ea3 n\u0103ng \u1ee9ng d\u1ee5ng linh ho\u1ea1t, d\u1ec5 thi c\u00f4ng v\u00e0 ph\u00f9 h\u1ee3p v\u1edbi nhi\u1ec1u phong c\u00e1ch s\u00e2n v\u01b0\u1eddn kh\u00e1c nhau. S\u1edf h\u1eefu \u0111\u1ed9 b\u1ec1n v\u01b0\u1ee3t tr\u1ed9i, h\u1ecda ti\u1ebft sinh \u0111\u1ed9ng v\u00e0 gi\u00e1 c\u1ea3 h\u1ee3p l\u00fd, g\u1ea1ch l\u00e1t s\u00e2n v\u01b0\u1eddn 50x50cm CMC l\u00e0 gi\u1ea3i ph\u00e1p t\u1ed1i \u01b0u cho m\u1ecdi c\u00f4ng tr\u00ecnh t\u1eeb nh\u00e0 \u1edf \u0111\u1ebfn c\u1ea3nh quan c\u00f4ng c\u1ed9ng.<\/p>\n<h2><b>1. Th\u00f4ng s\u1ed1 s\u1ea3n ph\u1ea9m<\/b><\/h2>\n<table>\n<tbody>\n<tr>\n<td>M\u00e3 s\u1ea3n ph\u1ea9m<\/td>\n<td><strong>RCM55005S5<\/strong><\/td>\n<\/tr>\n<tr>\n<td>BRANDS<\/td>\n<td>G\u1ea1ch \u1ed1p l\u00e1t REFINA<\/td>\n<\/tr>\n<tr>\n<td>Ph\u00e2n lo\u1ea1i<\/td>\n<td>G\u1ea1ch l\u00e1t ngo\u1ea1i th\u1ea5t<\/td>\n<\/tr>\n<tr>\n<td>M\u00e0u s\u1eafc<\/td>\n<td>M\u00e0u ghi x\u00e1m v\u00e2n \u0111\u00e1 t\u1ef1 nhi\u00ean<\/td>\n<\/tr>\n<tr>\n<td>Sizes<\/td>\n<td>500\u00d7500 mm<\/td>\n<\/tr>\n<tr>\n<td>\u0110\u1ed9 d\u00e0y<\/td>\n<td>9,0 \u00b1 0,3\u00a0mm<\/td>\n<\/tr>\n<tr>\n<td>MATERIALS<\/td>\n<td>Ceramic<\/td>\n<\/tr>\n<tr>\n<td>Surfaces<\/td>\n<td>Matt Glaze<\/td>\n<\/tr>\n<tr>\n<td>Outstanding features<\/td>\n<td>\n<ul>\n<li aria-level=\"1\">B\u1ec1 m\u1eb7t men matt ch\u1ed1ng tr\u01a1n tr\u01b0\u1ee3t hi\u1ec7u qu\u1ea3<\/li>\n<li aria-level=\"1\">Hoa v\u0103n hi\u1ec7n \u0111\u1ea1i, tr\u1ebb trung, gi\u00e1 th\u00e0nh v\u1eeba ph\u1ea3i<\/li>\n<li aria-level=\"1\">K\u00edch th\u01b0\u1edbc ph\u1ed5 th\u00f4ng, \u1ee9ng d\u1ee5ng \u0111a d\u1ea1ng<\/li>\n<li aria-level=\"1\">Non-ignition, non-expansion<\/li>\n<li aria-level=\"1\">Easy to clean, anti-bacterial, anti-mildew<\/li>\n<\/ul>\n<\/td>\n<\/tr>\n<tr>\n<td>APPLICATIONS<\/td>\n<td>\u0110a d\u1ea1ng, v\u00ed d\u1ee5 n\u1ec1n ngo\u1ea1i th\u1ea5t, s\u00e2n v\u01b0\u1eddn l\u1edbn, ban c\u00f4ng khu chung c\u01b0, nh\u00e0 \u1edf cao c\u1ea5p, bi\u1ec7t th\u1ef1, ph\u00f2ng kh\u00e1ch\u2026<\/td>\n<\/tr>\n<\/tbody>\n<\/table>\n<h2><b>2. G\u1ea1ch l\u00e1t s\u00e2n v\u01b0\u1eddn RCM55005S5 \u2013 s\u1ef1 l\u1ef1a ch\u1ecdn ho\u00e0n h\u1ea3o cho m\u1ecdi c\u00f4ng tr\u00ecnh<\/b><\/h2>\n<figure id=\"attachment_33675\" class=\"wp-caption aligncenter\" style=\"width: 818px;\" aria-describedby=\"caption-attachment-33675\"><img fetchpriority=\"high\" decoding=\"async\" class=\"alignnone wp-image-33684\" title=\"G\u1ea1ch l\u00e1t s\u00e2n v\u01b0\u1eddn 50x50cm m\u00e0u ghi \u0111\u00e1 CCM55007S5 1\" src=\"https:\/\/cmctiles.vn\/wp-content\/uploads\/2025\/07\/RCM-55005S5-2-288x300.jpg\" alt=\"\" width=\"818\" height=\"852\" srcset=\"https:\/\/cmctiles.vn\/wp-content\/uploads\/2025\/07\/RCM-55005S5-2-288x300.jpg 288w, https:\/\/cmctiles.vn\/wp-content\/uploads\/2025\/07\/RCM-55005S5-2-982x1024.jpg 982w, https:\/\/cmctiles.vn\/wp-content\/uploads\/2025\/07\/RCM-55005S5-2-768x801.jpg 768w, https:\/\/cmctiles.vn\/wp-content\/uploads\/2025\/07\/RCM-55005S5-2-1473x1536.jpg 1473w, https:\/\/cmctiles.vn\/wp-content\/uploads\/2025\/07\/RCM-55005S5-2-1964x2048.jpg 1964w, https:\/\/cmctiles.vn\/wp-content\/uploads\/2025\/07\/RCM-55005S5-2-12x12.jpg 12w, https:\/\/cmctiles.vn\/wp-content\/uploads\/2025\/07\/RCM-55005S5-2-268x280.jpg 268w, https:\/\/cmctiles.vn\/wp-content\/uploads\/2025\/07\/RCM-55005S5-2-500x521.jpg 500w\" sizes=\"(max-width: 818px) 100vw, 818px\" \/><figcaption id=\"caption-attachment-33675\" class=\"wp-caption-text\"><em>G\u1ea1ch s\u00e2n v\u01b0\u1eddn RCM55005S5 h\u1ecda ti\u1ebft v\u00e2n \u0111\u00e1 t\u1ef1 nhi\u00ean tinh t\u1ebf, m\u1ed9c m\u1ea1c<\/p>\n<p><\/em><\/figcaption><\/figure>\n<p>G\u1ea1ch l\u00e1t n\u1ec1n RCM55005S5 l\u00e0 d\u00f2ng s\u1ea3n ph\u1ea9m g\u1ea1ch \u1ed1p l\u00e1t cao c\u1ea5p c\u1ee7a CMC v\u1edbi ch\u1ea5t li\u1ec7u x\u01b0\u01a1ng Ceramic nh\u1eb9 x\u1ed1p d\u1ec5 thi c\u00f4ng, \u0111\u1eb7c bi\u1ec7t ti\u1ebft ki\u1ec7m chi ph\u00ed cho nh\u1eefng kh\u00f4ng gian th\u1ee9 y\u1ebfu nh\u01b0 ngo\u1ea1i th\u1ea5t m\u00e0 v\u1eabn t\u1ed1i \u01b0u m\u1ecdi c\u00f4ng n\u0103ng. S\u1ea3n ph\u1ea9m s\u1edf h\u1eefu nh\u1eefng \u0111\u1eb7c \u0111i\u1ec3m n\u1ed5i b\u1eadt:<\/p>\n<ul>\n<li><em><strong>Kh\u1ea3 n\u0103ng ch\u1ed1ng tr\u01a1n tr\u01b0\u1ee3t \u01b0u vi\u1ec7t:<\/strong><\/em>\u00a0B\u1ec1 m\u1eb7t men matt l\u00e0 b\u1ec1 m\u1eb7t men chuy\u00ean d\u1ee5ng v\u00e0 ch\u1ed1ng tr\u01a1n t\u1ed1t nh\u1ea5t hi\u1ec7n nay v\u1edbi \u0111\u1ed9 nh\u00e1m m\u1ecbn, b\u00e1m ch\u00e2n v\u00e0 \u0111\u1ed9 ch\u1ed1ng m\u00e0i m\u00f2i cao<\/li>\n<li><em><strong>Gi\u00e1 th\u00e0nh ph\u1ea3i ch\u0103ng, thi c\u00f4ng d\u1ec5 d\u00e0ng:<\/strong><\/em>\u00a0X\u01b0\u01a1ng g\u1ea1ch Ceramic v\u1edbi \u0111\u1ed9 d\u00e0y 9.0 mm ch\u1eafc ch\u1eafn, ch\u1ecbu l\u1ef1c t\u1ed1t v\u1edbi gi\u00e1 th\u00e0nh h\u1ee3p l\u00fd, ph\u00f9 h\u1ee3p v\u1edbi m\u1ecdi \u0111\u1ed1i t\u01b0\u1edfng<\/li>\n<li><em><strong>Hoa v\u0103n hi\u1ec7n \u0111\u1ea1i tinh t\u1ebf:<\/strong><\/em>\u00a0M\u1eabu m\u00e3 \u0111a d\u1ea1ng v\u1edbi h\u1ecda ti\u1ebft v\u00e2n \u0111\u00e1, v\u00e2n xi m\u0103ng \u0111\u01a1n gi\u1ea3n, tinh t\u1ebf, ph\u00f9 h\u1ee3p phong c\u00e1ch thi\u1ebft k\u1ebf hi\u1ec7n \u0111\u1ea1i ng\u00e0y nay<\/li>\n<li><em><strong>Th\u1ea9m m\u1ef9 h\u00e0i h\u00f2a v\u00e0 s\u1ea1ch s\u1ebd:<\/strong><\/em>\u00a0T\u00f4ng m\u00e0u ghi x\u00e1m kh\u00f4ng ch\u1ec9 mang t\u00ednh th\u1ea9m m\u1ef9 th\u1eddi th\u01b0\u1ee3ng m\u00e0 c\u00f2n t\u0103ng hi\u1ec7u \u1ee9ng s\u1ea1ch s\u1ebd cho kh\u00f4ng gian, \u0111\u1eb7c bi\u1ec7t nh\u1eefng kh\u00f4ng gian \u1ea9m \u01b0\u1edbt, d\u1ec5 b\u00e1m b\u1ea9n, r\u00eau m\u1ed1c<\/li>\n<\/ul>\n<p>Tr\u00ean \u0111\u00e2y l\u00e0 nh\u1eefng \u0111\u1eb7c \u0111i\u1ec3m n\u1ed5i b\u1eadt v\u00e0 l\u01b0u \u00fd khi qu\u00fd kh\u00e1ch l\u1ef1a ch\u1ecdn v\u00e0 s\u1eed d\u1ee5ng g\u1ea1ch \u1ed1p l\u00e1t\u00a0<strong>RCM55005S5.<\/strong>\u00a0Hy v\u1ecdng b\u00e0i vi\u1ebft s\u1ebd gi\u00fap \u00edch cho qu\u00fd v\u1ecb \u0111\u1ec3 l\u1ef1a ch\u1ecdn \u0111\u01b0\u1ee3c s\u1ea3n ph\u1ea9m ph\u00f9 h\u1ee3p nh\u1ea5t v\u1edbi kh\u00f4ng gian v\u00e0 chi ph\u00ed c\u1ee7a gia \u0111\u00ecnh.<\/p>\n<p>Vui l\u00f2ng \u0111\u1ec3 l\u1ea1i th\u00f4ng tin d\u01b0\u1edbi h\u1ed9p th\u01b0 d\u01b0\u1edbi \u0111\u00e2y n\u1ebfu qu\u00fd v\u1ecb c\u1ea7n gi\u1ea3i \u0111\u00e1p th\u1eafc m\u1eafc ho\u1eb7c nh\u1eadn s\u1ef1 t\u01b0 v\u1ea5n t\u1eeb chuy\u00ean gia c\u1ee7a CMC Tiles!<\/p>","protected":false},"excerpt":{"rendered":"<p>Trong xu h\u01b0\u1edbng thi\u1ebft k\u1ebf c\u1ea3nh quan hi\u1ec7n \u0111\u1ea1i,\u00a0g\u1ea1ch l\u00e1t s\u00e2n v\u01b0\u1eddn 50x50cm\u00a0\u0111\u01b0\u1ee3c xem l\u00e0 l\u1ef1a ch\u1ecdn th\u00f4ng minh nh\u1edd kh\u1ea3 n\u0103ng \u1ee9ng d\u1ee5ng linh ho\u1ea1t, d\u1ec5 thi c\u00f4ng v\u00e0 ph\u00f9 h\u1ee3p v\u1edbi nhi\u1ec1u phong c\u00e1ch s\u00e2n v\u01b0\u1eddn kh\u00e1c nhau. S\u1edf h\u1eefu \u0111\u1ed9 b\u1ec1n v\u01b0\u1ee3t tr\u1ed9i, h\u1ecda ti\u1ebft sinh \u0111\u1ed9ng v\u00e0 gi\u00e1 c\u1ea3 h\u1ee3p l\u00fd, [&hellip;]<\/p>\n","protected":false},"featured_media":33685,"comment_status":"open","ping_status":"closed","template":"","meta":[],"product_brand":[],"product_cat":[1076,1009,1015,1083,1134],"product_tag":[],"class_list":{"0":"post-33880","1":"product","2":"type-product","3":"status-publish","4":"has-post-thumbnail","6":"product_cat-gach-op-lat","7":"product_cat-ceramic","8":"product_cat-gach-lat","9":"product_cat-gach-lat-nen-van-da","10":"product_cat-gach-op-lat-refina","12":"first","13":"instock","14":"taxable","15":"shipping-taxable","16":"purchasable","17":"product-type-simple"},"_links":{"self":[{"href":"https:\/\/cmctiles.vn\/en\/wp-json\/wp\/v2\/product\/33880","targetHints":{"allow":["GET"]}}],"collection":[{"href":"https:\/\/cmctiles.vn\/en\/wp-json\/wp\/v2\/product"}],"about":[{"href":"https:\/\/cmctiles.vn\/en\/wp-json\/wp\/v2\/types\/product"}],"replies":[{"embeddable":true,"href":"https:\/\/cmctiles.vn\/en\/wp-json\/wp\/v2\/comments?post=33880"}],"version-history":[{"count":3,"href":"https:\/\/cmctiles.vn\/en\/wp-json\/wp\/v2\/product\/33880\/revisions"}],"predecessor-version":[{"id":33892,"href":"https:\/\/cmctiles.vn\/en\/wp-json\/wp\/v2\/product\/33880\/revisions\/33892"}],"wp:featuredmedia":[{"embeddable":true,"href":"https:\/\/cmctiles.vn\/en\/wp-json\/wp\/v2\/media\/33685"}],"wp:attachment":[{"href":"https:\/\/cmctiles.vn\/en\/wp-json\/wp\/v2\/media?parent=33880"}],"wp:term":[{"taxonomy":"product_brand","embeddable":true,"href":"https:\/\/cmctiles.vn\/en\/wp-json\/wp\/v2\/product_brand?post=33880"},{"taxonomy":"product_cat","embeddable":true,"href":"https:\/\/cmctiles.vn\/en\/wp-json\/wp\/v2\/product_cat?post=33880"},{"taxonomy":"product_tag","embeddable":true,"href":"https:\/\/cmctiles.vn\/en\/wp-json\/wp\/v2\/product_tag?post=33880"}],"curies":[{"name":"wp","href":"https:\/\/api.w.org\/{rel}","templated":true}]}}