{"id":33710,"date":"2025-07-25T11:16:01","date_gmt":"2025-07-25T04:16:01","guid":{"rendered":"https:\/\/cmctiles.vn\/?post_type=product&#038;p=33710"},"modified":"2025-07-25T11:29:27","modified_gmt":"2025-07-25T04:29:27","slug":"gach-op-lat-mau-ghi-sang-van-may-hien-dai-cpg66023s5","status":"publish","type":"product","link":"https:\/\/cmctiles.vn\/en\/gach-op-lat\/gach-op-lat-mau-ghi-sang-van-may-hien-dai-cpg66023s5.html","title":{"rendered":"G\u1ea1ch \u1ed1p l\u00e1t m\u00e0u ghi s\u00e1ng v\u00e2n m\u00e2y hi\u1ec7n \u0111\u1ea1i CPG66023S5"},"content":{"rendered":"<p>Kh\u00f4ng gian s\u1ed1ng hi\u1ec7n \u0111\u1ea1i \u0111\u00f2i h\u1ecfi s\u1ef1 \u0111\u1ed3ng b\u1ed9 v\u1ec1 m\u00e0u s\u1eafc v\u00e0 ch\u1ea5t li\u1ec7u, \u0111\u1eb7c bi\u1ec7t l\u00e0 trong thi\u1ebft k\u1ebf s\u00e0n nh\u00e0. <strong data-start=\"461\" data-end=\"484\">G\u1ea1ch \u1ed1p l\u00e1t 60x60cm<\/strong> l\u00e0 l\u1ef1a ch\u1ecdn ph\u1ed5 bi\u1ebfn nh\u1edd t\u00ednh linh ho\u1ea1t, d\u1ec5 thi c\u00f4ng v\u00e0 ph\u00f9 h\u1ee3p v\u1edbi nhi\u1ec1u phong c\u00e1ch n\u1ed9i th\u1ea5t. Khi k\u1ebft h\u1ee3p c\u00f9ng <strong data-start=\"597\" data-end=\"613\">g\u1ea1ch 80x80cm<\/strong> \u0111\u1ed3ng b\u1ed9 thi\u1ebft k\u1ebf, b\u1ea1n s\u1ebd c\u00f3 m\u1ed9t gi\u1ea3i ph\u00e1p t\u1ed1i \u01b0u v\u1eeba ti\u1ec7n l\u1ee3i, v\u1eeba n\u00e2ng t\u1ea7m th\u1ea9m m\u1ef9 cho to\u00e0n b\u1ed9 c\u00f4ng tr\u00ecnh. \u0110\u00e2y l\u00e0 xu h\u01b0\u1edbng \u0111ang \u0111\u01b0\u1ee3c nhi\u1ec1u ki\u1ebfn tr\u00fac s\u01b0 v\u00e0 gia ch\u1ee7 l\u1ef1a ch\u1ecdn.<\/p>\n<h2><b>1. Th\u00f4ng s\u1ed1 s\u1ea3n ph\u1ea9m<\/b><\/h2>\n<table>\n<tbody>\n<tr>\n<td>M\u00e3 s\u1ea3n ph\u1ea9m<\/td>\n<td><span style=\"font-weight: 400;\">CPG66023S5<\/span><\/td>\n<\/tr>\n<tr>\n<td>BRANDS<\/td>\n<td>CMC Tiles<\/td>\n<\/tr>\n<tr>\n<td>Ph\u00e2n lo\u1ea1i<\/td>\n<td>Ceramic tiles<\/td>\n<\/tr>\n<tr>\n<td>M\u00e0u s\u1eafc<\/td>\n<td>M\u00e0u ghi s\u00e1ng \u00e1nh xanh, v\u00e2n m\u00e2y m\u1ecfng nh\u1eb9<\/td>\n<\/tr>\n<tr>\n<td>Sizes<\/td>\n<td>600\u00d7600 mm (combo 800x800mm)<\/td>\n<\/tr>\n<tr>\n<td>\u0110\u1ed9 d\u00e0y<\/td>\n<td><span style=\"font-weight: 400;\">8,7 \u00b1 0,3 mm<\/span><\/td>\n<\/tr>\n<tr>\n<td>MATERIALS<\/td>\n<td>Porcelain<\/td>\n<\/tr>\n<tr>\n<td>Surfaces<\/td>\n<td>Men B\u00f3ng Nano<\/td>\n<\/tr>\n<tr>\n<td>Outstanding features<\/td>\n<td>\n<ul>\n<li style=\"font-weight: 400;\" aria-level=\"1\"><span style=\"font-weight: 400;\">V\u00e2n m\u00e2y &#8211; v\u00e2n \u0111\u00e1 t\u1ef1 nhi\u00ean, sang tr\u1ecdng v\u00e0 hi\u1ec7n \u0111\u1ea1i<\/span><\/li>\n<li style=\"font-weight: 400;\" aria-level=\"1\"><span style=\"font-weight: 400;\">B\u1ec1 m\u1eb7t b\u00f3ng s\u00e1ng, d\u1ec5 d\u00e0ng v\u1ec7 sinh<\/span><\/li>\n<li style=\"font-weight: 400;\" aria-level=\"1\"><span style=\"font-weight: 400;\">\u0110\u1ed9 c\u1ee9ng cao, ch\u1eafc ch\u1eafn, th\u1ea5m h\u00fat n\u01b0\u1edbc th\u1ea5p<\/span><\/li>\n<li aria-level=\"1\">K\u00edch th\u01b0\u1edbc ph\u1ed5 th\u00f4ng, \u1ee9ng d\u1ee5ng \u0111a d\u1ea1ng<\/li>\n<li aria-level=\"1\">Non-ignition, non-expansion<\/li>\n<\/ul>\n<\/td>\n<\/tr>\n<tr>\n<td>APPLICATIONS<\/td>\n<td>\u0110a d\u1ea1ng, v\u00ed d\u1ee5 ki\u1ebfn tr\u00fac nh\u00e0 \u1ed1ng, khu chung c\u01b0, nh\u00e0 \u1edf cao c\u1ea5p, bi\u1ec7t th\u1ef1, ph\u00f2ng kh\u00e1ch\u2026<\/td>\n<\/tr>\n<\/tbody>\n<\/table>\n<h2><b>2. G\u1ea1ch l\u00e1t s\u00e2n v\u01b0\u1eddn CPG66023S5 \u2013 s\u1ef1 l\u1ef1a ch\u1ecdn ho\u00e0n h\u1ea3o cho m\u1ecdi c\u00f4ng tr\u00ecnh<\/b><\/h2>\n<p><img fetchpriority=\"high\" decoding=\"async\" class=\"wp-image-33718 aligncenter\" src=\"https:\/\/cmctiles.vn\/wp-content\/uploads\/2025\/07\/CPG66023S5-88023S5-300x184.jpg\" alt=\"\" width=\"977\" height=\"599\" title=\"\" srcset=\"https:\/\/cmctiles.vn\/wp-content\/uploads\/2025\/07\/CPG66023S5-88023S5-300x184.jpg 300w, https:\/\/cmctiles.vn\/wp-content\/uploads\/2025\/07\/CPG66023S5-88023S5-1024x629.jpg 1024w, https:\/\/cmctiles.vn\/wp-content\/uploads\/2025\/07\/CPG66023S5-88023S5-768x472.jpg 768w, https:\/\/cmctiles.vn\/wp-content\/uploads\/2025\/07\/CPG66023S5-88023S5-18x12.jpg 18w, https:\/\/cmctiles.vn\/wp-content\/uploads\/2025\/07\/CPG66023S5-88023S5-400x246.jpg 400w, https:\/\/cmctiles.vn\/wp-content\/uploads\/2025\/07\/CPG66023S5-88023S5-500x307.jpg 500w, https:\/\/cmctiles.vn\/wp-content\/uploads\/2025\/07\/CPG66023S5-88023S5.jpg 1280w\" sizes=\"(max-width: 977px) 100vw, 977px\" \/><\/p>\n<p style=\"text-align: center;\"><em>G\u1ea1ch \u1ed1p l\u00e1t m\u00e0u ghi s\u00e1ng v\u00e2n m\u00e2y m\u1ecfng nh\u1eb9 CPG66023S5<\/em><\/p>\n<p><span style=\"font-weight: 400;\">G\u1ea1ch \u1ed1p l\u00e1t CMC CPG 6060023S5 men Glossy l\u00e0 m\u1ed9t s\u1ea3n ph\u1ea9m n\u1ed5i b\u1eadt c\u1ee7a d\u00f2ng g\u1ea1ch Porcelain, \u0111\u01b0\u1eddng v\u00e2n m\u00e2y t\u1ef1 nhi\u00ean ch\u00e2n th\u1ef1c, tinh t\u1ebf v\u00e0 ch\u1ea5t l\u01b0\u1ee3ng v\u01b0\u1ee3t tr\u1ed9i. Khung x\u01b0\u01a1ng Porcelain c\u00f3 kh\u1ea3 n\u0103ng ch\u1ed1ng th\u1ea5m n\u01b0\u1edbc v\u00e0 \u0111\u1ed9 b\u1ec1n v\u01b0\u1ee3t tr\u1ed9i.<\/span><\/p>\n<p><span style=\"font-weight: 400;\">\u00a0G\u1ea1ch \u1ed1p l\u00e1t CMC CPG 6060023S5 c\u00f3 nh\u1eefng \u01b0u \u0111i\u1ec3m v\u01b0\u1ee3t tr\u1ed9i sau:<\/span><\/p>\n<ul>\n<li><span style=\"font-weight: 400;\"><em><strong>V\u00e2n \u0111\u00e1 calacatta t\u1ef1 nhi\u00ean, sang tr\u1ecdng v\u00e0 hi\u1ec7n \u0111\u1ea1i:<\/strong> <\/em>S\u1ef1 k\u1ebft h\u1ee3p h\u00e0i h\u00f2a gi\u1eefa h\u1ecda ti\u1ebft v\u00e2n m\u00e2y t\u1ef1 nhi\u00ean m\u1ecfng m\u1ecbn, ph\u1ee7 tr\u00ean l\u1edbp men b\u00f3ng Glossy c\u00f9ng v\u1edbi \u00e1nh s\u00e1ng t\u1ea1o c\u1ea3m gi\u00e1c nh\u1eb9 nh\u00e0ng, bay b\u1ed5ng, r\u1ea5t t\u1ef1 nhi\u00ean. Mang \u0111\u1ebfn v\u1ebb \u0111\u1eb9p tinh t\u1ebf, sang tr\u1ecdng, hi\u1ec7n \u0111\u1ea1i cho m\u1ecdi kh\u00f4ng gian.<\/span><\/li>\n<li><span style=\"font-weight: 400;\"><em><strong>Kh\u00f4ng b\u00e1m b\u1ea9n, d\u1ec5 d\u00e0ng v\u1ec7 sinh:<\/strong><\/em> \u0110\u01b0\u1ee3c ph\u1ee7 l\u1edbp men b\u00f3ng Glossy gi\u00fap ng\u0103n ch\u1eb7n b\u1ee5i b\u1ea9n, c\u00f3 kh\u1ea3 n\u0103ng ch\u1ed1ng l\u1ea1i s\u1ef1 \u0103n m\u00f2n c\u1ee7a c\u00e1c ch\u1ea5t t\u1ea9y r\u1eeda, hay c\u00e1c t\u00e1c nh\u00e2n g\u00e2y \u1ed1 b\u1ea9n kh\u00e1c b\u00e1m s\u00e2u l\u00ean b\u1ec1 m\u1eb7t.<\/span><\/li>\n<li><span style=\"font-weight: 400;\"><em><strong>\u0110\u1ed9 c\u1ee9ng cao, ch\u1eafc ch\u1eafn, th\u1ea5m h\u00fat n\u01b0\u1edbc th\u1ea5p:<\/strong><\/em> S\u1ea3n ph\u1ea9m \u0111\u01b0\u1ee3c s\u1ea3n xu\u1ea5t tr\u00ean c\u00f4ng ngh\u1ec7 x\u01b0\u01a1ng Porcelain BIb c\u1ea3i ti\u1ebfn, x\u01b0\u01a1ng g\u1ea1ch \u0111\u1ea1t \u0111\u1ebfn \u0111\u1ed9 k\u1ebft kh\u1ed1i ho\u00e0n h\u1ea3o, h\u1ea1n ch\u1ebf t\u1ed1i \u0111a c\u00e1c l\u1ed7 r\u1ed7ng li ti trong c\u1ea5u tr\u00fac, gi\u00fap g\u1ea1ch c\u00f3 \u0111\u1ed9 b\u1ec1n v\u01b0\u1ee3t tr\u1ed9i, c\u1ee9ng c\u00e1p v\u00e0 \u0111\u1ed9 th\u1ea5m h\u00fat &lt; = 0.5%.<\/span><\/li>\n<\/ul>\n<p>Tr\u00ean \u0111\u00e2y l\u00e0 nh\u1eefng \u0111\u1eb7c \u0111i\u1ec3m n\u1ed5i b\u1eadt v\u00e0 l\u01b0u \u00fd khi qu\u00fd kh\u00e1ch l\u1ef1a ch\u1ecdn v\u00e0 s\u1eed d\u1ee5ng g\u1ea1ch \u1ed1p l\u00e1t\u00a0<strong>CPG66023S5.<\/strong>\u00a0Hy v\u1ecdng b\u00e0i vi\u1ebft s\u1ebd gi\u00fap \u00edch cho qu\u00fd v\u1ecb \u0111\u1ec3 l\u1ef1a ch\u1ecdn \u0111\u01b0\u1ee3c s\u1ea3n ph\u1ea9m ph\u00f9 h\u1ee3p nh\u1ea5t v\u1edbi kh\u00f4ng gian v\u00e0 chi ph\u00ed c\u1ee7a gia \u0111\u00ecnh.<\/p>\n<p>Vui l\u00f2ng \u0111\u1ec3 l\u1ea1i th\u00f4ng tin d\u01b0\u1edbi h\u1ed9p th\u01b0 d\u01b0\u1edbi \u0111\u00e2y n\u1ebfu qu\u00fd v\u1ecb c\u1ea7n gi\u1ea3i \u0111\u00e1p th\u1eafc m\u1eafc ho\u1eb7c nh\u1eadn s\u1ef1 t\u01b0 v\u1ea5n t\u1eeb chuy\u00ean gia c\u1ee7a CMC Tiles!<\/p>","protected":false},"excerpt":{"rendered":"<p>Kh\u00f4ng gian s\u1ed1ng hi\u1ec7n \u0111\u1ea1i \u0111\u00f2i h\u1ecfi s\u1ef1 \u0111\u1ed3ng b\u1ed9 v\u1ec1 m\u00e0u s\u1eafc v\u00e0 ch\u1ea5t li\u1ec7u, \u0111\u1eb7c bi\u1ec7t l\u00e0 trong thi\u1ebft k\u1ebf s\u00e0n nh\u00e0. G\u1ea1ch \u1ed1p l\u00e1t 60x60cm l\u00e0 l\u1ef1a ch\u1ecdn ph\u1ed5 bi\u1ebfn nh\u1edd t\u00ednh linh ho\u1ea1t, d\u1ec5 thi c\u00f4ng v\u00e0 ph\u00f9 h\u1ee3p v\u1edbi nhi\u1ec1u phong c\u00e1ch n\u1ed9i th\u1ea5t. Khi k\u1ebft h\u1ee3p c\u00f9ng g\u1ea1ch 80x80cm [&hellip;]<\/p>\n","protected":false},"featured_media":33724,"comment_status":"open","ping_status":"closed","template":"","meta":[],"product_brand":[],"product_cat":[1076,1015,1083,1017,1023],"product_tag":[],"class_list":{"0":"post-33710","1":"product","2":"type-product","3":"status-publish","4":"has-post-thumbnail","6":"product_cat-gach-op-lat","7":"product_cat-gach-lat","8":"product_cat-gach-lat-nen-van-da","9":"product_cat-gach-op-lat-cmc","10":"product_cat-porcelain","12":"first","13":"instock","14":"taxable","15":"shipping-taxable","16":"purchasable","17":"product-type-simple"},"_links":{"self":[{"href":"https:\/\/cmctiles.vn\/en\/wp-json\/wp\/v2\/product\/33710","targetHints":{"allow":["GET"]}}],"collection":[{"href":"https:\/\/cmctiles.vn\/en\/wp-json\/wp\/v2\/product"}],"about":[{"href":"https:\/\/cmctiles.vn\/en\/wp-json\/wp\/v2\/types\/product"}],"replies":[{"embeddable":true,"href":"https:\/\/cmctiles.vn\/en\/wp-json\/wp\/v2\/comments?post=33710"}],"version-history":[{"count":3,"href":"https:\/\/cmctiles.vn\/en\/wp-json\/wp\/v2\/product\/33710\/revisions"}],"predecessor-version":[{"id":33750,"href":"https:\/\/cmctiles.vn\/en\/wp-json\/wp\/v2\/product\/33710\/revisions\/33750"}],"wp:featuredmedia":[{"embeddable":true,"href":"https:\/\/cmctiles.vn\/en\/wp-json\/wp\/v2\/media\/33724"}],"wp:attachment":[{"href":"https:\/\/cmctiles.vn\/en\/wp-json\/wp\/v2\/media?parent=33710"}],"wp:term":[{"taxonomy":"product_brand","embeddable":true,"href":"https:\/\/cmctiles.vn\/en\/wp-json\/wp\/v2\/product_brand?post=33710"},{"taxonomy":"product_cat","embeddable":true,"href":"https:\/\/cmctiles.vn\/en\/wp-json\/wp\/v2\/product_cat?post=33710"},{"taxonomy":"product_tag","embeddable":true,"href":"https:\/\/cmctiles.vn\/en\/wp-json\/wp\/v2\/product_tag?post=33710"}],"curies":[{"name":"wp","href":"https:\/\/api.w.org\/{rel}","templated":true}]}}