{"id":33468,"date":"2025-05-30T11:54:13","date_gmt":"2025-05-30T04:54:13","guid":{"rendered":"https:\/\/cmctiles.vn\/?post_type=product&#038;p=33468"},"modified":"2025-05-30T12:12:43","modified_gmt":"2025-05-30T05:12:43","slug":"bo-gach-op-tuong-mau-trang-su-van-da-hoa-tiet-binh-hoa-trang-nha-rsg48019s5-rsg4080020s5-rsg4080021s5","status":"publish","type":"product","link":"https:\/\/cmctiles.vn\/en\/gach-op-lat\/gach-op\/bo-gach-op-tuong-mau-trang-su-van-da-hoa-tiet-binh-hoa-trang-nha-rsg48019s5-rsg4080020s5-rsg4080021s5.html","title":{"rendered":"B\u1ed9 g\u1ea1ch \u1ed1p t\u01b0\u1eddng m\u00e0u tr\u1eafng s\u1ee9 v\u00e2n \u0111\u00e1 h\u1ecda ti\u1ebft b\u00ecnh hoa trang nh\u00e3 RSG48019S5 &#8211; RSG4080020S5 &#8211; RSG4080021S5"},"content":{"rendered":"<h2><b>1. Th\u00f4ng s\u1ed1 s\u1ea3n ph\u1ea9m<\/b><\/h2>\n<table>\n<tbody>\n<tr>\n<td>M\u00e3 s\u1ea3n ph\u1ea9m<\/td>\n<td><strong>RSG48019S5 &#8211; RSG4080020S5 &#8211; RSG4080021S5<\/strong><\/td>\n<\/tr>\n<tr>\n<td>BRANDS<\/td>\n<td>G\u1ea1ch \u1ed1p l\u00e1t Refina<\/td>\n<\/tr>\n<tr>\n<td>Ph\u00e2n lo\u1ea1i<\/td>\n<td>G\u1ea1ch \u1ed1p t\u01b0\u1eddng Porcelain<\/td>\n<\/tr>\n<tr>\n<td>M\u00e0u s\u1eafc<\/td>\n<td>M\u00e0u tr\u1eafng s\u1ee9 v\u00e2n \u0111\u00e1, h\u1ecda ti\u1ebft b\u00ecnh hoa ngh\u1ec7 thu\u1eadt trang nh\u00e3<\/td>\n<\/tr>\n<tr>\n<td>Sizes<\/td>\n<td>300 x 600 mm<\/td>\n<\/tr>\n<tr>\n<td>\u0110\u1ed9 d\u00e0y<\/td>\n<td>8.5 (mm)<\/td>\n<\/tr>\n<tr>\n<td>MATERIALS<\/td>\n<td>Porcelain BIb<\/td>\n<\/tr>\n<tr>\n<td>Surfaces<\/td>\n<td>Glossy Glaze<\/td>\n<\/tr>\n<tr>\n<td>Outstanding features<\/td>\n<td>\n<ul>\n<li aria-level=\"1\">H\u1ecda ti\u1ebft s\u1eafc n\u00e9t, m\u1eabu m\u00e3 \u0111a d\u1ea1ng<\/li>\n<li aria-level=\"1\">G\u1ea1ch m\u1ecfng nh\u1eb9, c\u1ee9ng v\u1eeba ph\u1ea3i n\u00ean b\u00e1m d\u00ednh t\u01b0\u1eddng t\u1ed1t v\u00e0 b\u1ea3o v\u1ec7 t\u01b0\u1eddng hi\u1ec7u qu\u1ea3<\/li>\n<li aria-level=\"1\">D\u1ec5 \u1ee9ng d\u1ee5ng, d\u1ec5 thi c\u00f4ng<\/li>\n<li aria-level=\"1\">Non-ignition, non-expansion<\/li>\n<li aria-level=\"1\">D\u1ec5 v\u1ec7 sinh, ch\u1ed1ng n\u1ea5m m\u1ed1c<\/li>\n<\/ul>\n<\/td>\n<\/tr>\n<tr>\n<td>APPLICATIONS<\/td>\n<td>\u0110a d\u1ea1ng, v\u00ed d\u1ee5 ki\u1ebfn tr\u00fac t\u01b0\u1eddng nh\u00e0 \u1ed1ng, khu chung c\u01b0, nh\u00e0 \u1edf cao c\u1ea5p, bi\u1ec7t th\u1ef1, ph\u00f2ng kh\u00e1ch, ph\u00f2ng t\u1eafm, nh\u00e0 b\u1ebfp\u2026<\/td>\n<\/tr>\n<\/tbody>\n<\/table>\n<figure id=\"attachment_32973\" class=\"wp-caption alignnone\" aria-describedby=\"caption-attachment-32973\">\n<figure id=\"attachment_32974\" class=\"wp-caption aligncenter\" style=\"width: 898px;\" aria-describedby=\"caption-attachment-32974\"><img fetchpriority=\"high\" decoding=\"async\" class=\"alignnone wp-image-33469\" title=\"B\u1ed9 g\u1ea1ch \u1ed1p t\u01b0\u1eddng tr\u1eafng s\u1ee9 h\u1ecda ti\u1ebft hoa m\u1ed9c lan sang tr\u1ecdng PSG48010S5 - PSG48011S5D - PSG48012S5 1\" src=\"https:\/\/cmctiles.vn\/wp-content\/uploads\/2025\/05\/18-300x300.jpg\" alt=\"RSG48019S5 - RSG4080020S5 - RSG4080021S5\" width=\"898\" height=\"898\" srcset=\"https:\/\/cmctiles.vn\/wp-content\/uploads\/2025\/05\/18-300x300.jpg 300w, https:\/\/cmctiles.vn\/wp-content\/uploads\/2025\/05\/18-1024x1024.jpg 1024w, https:\/\/cmctiles.vn\/wp-content\/uploads\/2025\/05\/18-150x150.jpg 150w, https:\/\/cmctiles.vn\/wp-content\/uploads\/2025\/05\/18-768x768.jpg 768w, https:\/\/cmctiles.vn\/wp-content\/uploads\/2025\/05\/18-1536x1536.jpg 1536w, https:\/\/cmctiles.vn\/wp-content\/uploads\/2025\/05\/18-12x12.jpg 12w, https:\/\/cmctiles.vn\/wp-content\/uploads\/2025\/05\/18-280x280.jpg 280w, https:\/\/cmctiles.vn\/wp-content\/uploads\/2025\/05\/18-600x600.jpg 600w, https:\/\/cmctiles.vn\/wp-content\/uploads\/2025\/05\/18-500x500.jpg 500w, https:\/\/cmctiles.vn\/wp-content\/uploads\/2025\/05\/18-100x100.jpg 100w, https:\/\/cmctiles.vn\/wp-content\/uploads\/2025\/05\/18.jpg 2000w\" sizes=\"(max-width: 898px) 100vw, 898px\" \/><figcaption id=\"caption-attachment-32974\" class=\"wp-caption-text\">B\u1ed9 g\u1ea1ch \u1ed1p t\u01b0\u1eddng tr\u1eafng s\u1ee9 \u0111i\u1ec3m h\u1ecda ti\u1ebft b\u00ecnh hoa ngh\u1ec7 thu\u1eadt \u0111i\u1ec3m nh\u1ea5n cho kh\u00f4ng gian<\/figcaption><\/figure>\n<\/figure>\n<h2><span id=\"2_Gach_op_LX_36612M_%E2%80%93_LX_36613DMS8_%E2%80%93_LX_36614MS8_%E2%80%93_dong_san_pham_trung_cap_cua_CMC\" class=\"ez-toc-section\"><\/span><b>2.<\/b><b> Wall tiles <strong>RSG48019S5 &#8211; RSG4080020S5 &#8211; RSG4080021S5<\/strong><\/b><b>\u00a0\u2013 d\u00f2ng s\u1ea3n ph\u1ea9m \u1ed1p t\u01b0\u1eddng hot nh\u1ea5t c\u1ee7a CMC \u2013 Refina<\/b><\/h2>\n<figure id=\"attachment_32976\" class=\"wp-caption aligncenter\" aria-describedby=\"caption-attachment-32976\">\n<figure id=\"attachment_32977\" class=\"wp-caption aligncenter\" style=\"width: 903px;\" aria-describedby=\"caption-attachment-32977\"><img decoding=\"async\" class=\"alignnone wp-image-33472\" title=\"B\u1ed9 g\u1ea1ch \u1ed1p t\u01b0\u1eddng tr\u1eafng s\u1ee9 h\u1ecda ti\u1ebft hoa m\u1ed9c lan sang tr\u1ecdng PSG48010S5 - PSG48011S5D - PSG48012S5 2\" src=\"https:\/\/cmctiles.vn\/wp-content\/uploads\/2025\/05\/7A-300x270.jpg\" alt=\"RSG48019S5 - RSG4080020S5 - RSG4080021S5\" width=\"903\" height=\"813\" srcset=\"https:\/\/cmctiles.vn\/wp-content\/uploads\/2025\/05\/7A-300x270.jpg 300w, https:\/\/cmctiles.vn\/wp-content\/uploads\/2025\/05\/7A-1024x922.jpg 1024w, https:\/\/cmctiles.vn\/wp-content\/uploads\/2025\/05\/7A-768x691.jpg 768w, https:\/\/cmctiles.vn\/wp-content\/uploads\/2025\/05\/7A-1536x1382.jpg 1536w, https:\/\/cmctiles.vn\/wp-content\/uploads\/2025\/05\/7A-2048x1843.jpg 2048w, https:\/\/cmctiles.vn\/wp-content\/uploads\/2025\/05\/7A-13x12.jpg 13w, https:\/\/cmctiles.vn\/wp-content\/uploads\/2025\/05\/7A-311x280.jpg 311w, https:\/\/cmctiles.vn\/wp-content\/uploads\/2025\/05\/7A-500x450.jpg 500w\" sizes=\"(max-width: 903px) 100vw, 903px\" \/><figcaption id=\"caption-attachment-32977\" class=\"wp-caption-text\">B\u1ed9 g\u1ea1ch \u1ed1p t\u01b0\u1eddng gi\u00fap b\u1ea3o v\u1ec7 t\u01b0\u1eddng v\u00e0 mang t\u1edbi tr\u1ea3i nghi\u1ec7m tr\u1ecdn v\u1eb9n cho c\u1ea3 gia \u0111\u00ecnh<\/figcaption><\/figure><figcaption id=\"caption-attachment-32976\" class=\"wp-caption-text\"><\/figcaption><\/figure>\n<p>L\u00e0 s\u1ea3n ph\u1ea9m thu\u1ed9c d\u00f2ng g\u1ea1ch Porcelain BIb, b\u1ed9 g\u1ea1ch \u1ed1p <strong>RSG48019S5 &#8211; RSG4080020S5 &#8211; RSG4080021S5<\/strong><b>\u00a0<\/b>nhanh ch\u00f3ng \u0111\u01b0\u1ee3c kh\u00e1ch h\u00e0ng tin d\u00f9ng v\u00e0 \u01b0a chu\u1ed9ng nh\u1edd nh\u1eefng \u0111\u1eb7c \u0111i\u1ec3m \u01b0u vi\u1ec7t:<\/p>\n<ul>\n<li aria-level=\"1\"><b>M\u1eabu m\u00e3 \u0111a d\u1ea1ng<\/b>: B\u1ed9 g\u1ea1ch \u1ed1p t\u01b0\u1eddng g\u1ed3m 03 m\u1eabu s\u1ea3n ph\u1ea9m k\u1ebft h\u1ee3p mang \u0111\u1ebfn h\u1ecda ti\u1ebft \u0111a d\u1ea1ng, \u1ee9ng d\u1ee5ng linh ho\u1ea1t trong nhi\u1ec1u kh\u00f4ng gian, v\u1eeba trang tr\u00ed kh\u00f4ng gian r\u1ed9ng v\u1eeba t\u1ea1o \u0111i\u1ec3m nh\u1ea5n cho m\u1ea3ng t\u01b0\u1eddng, gi\u00fap t\u0103ng t\u00ednh th\u1ea9m m\u1ef9 v\u00e0 th\u1ed5i h\u1ed3n cho kh\u00f4ng gian s\u1ed1ng<\/li>\n<li aria-level=\"1\"><b>B\u1ec1 m\u1eb7t men b\u00f3ng sang tr\u1ecdng:\u00a0<\/b>S\u1ea3n ph\u1ea9m \u0111\u01b0\u1ee3c tr\u00e1ng ph\u1ee7 l\u1edbp men b\u00f3ng b\u1ec1 m\u1eb7t v\u1eeba t\u1ea1o hi\u1ec7u \u1ee9ng g\u01b0\u01a1ng \u0111\u1eb9p m\u1eaft v\u1eeba kh\u00f4ng b\u00e1m b\u1ea9n, b\u00e1m r\u00eau m\u1ed1c gi\u00fap d\u1ec5 d\u00e0ng v\u1ec7 sinh b\u1ee9c t\u01b0\u1eddng \u0111\u1eb7c bi\u1ec7t trong m\u00f4i tr\u01b0\u1eddng \u1ea9m \u01b0\u1edbt nh\u01b0 nh\u00e0 t\u1eafm, nh\u00e0 b\u1ebfp.<\/li>\n<li aria-level=\"1\"><b>\u0110\u1ed9 b\u1ec1n v\u01b0\u1ee3t tr\u1ed9i:\u00a0<\/b>X\u01b0\u01a1ng g\u1ea1ch Semi Porcelain ch\u1eafc ch\u1eafn v\u1edbi \u0111\u1ed9 th\u1ea5m h\u00fat n\u01b0\u1edbc &lt; 3% gi\u00fap s\u1ea3n ph\u1ea9m c\u00f3 \u0111\u1ed9 b\u1ec1n l\u00e2u d\u00e0i, \u0111\u1eb7c bi\u1ec7t tr\u1ecdng l\u01b0\u1ee3ng g\u1ea1ch nh\u1eb9 h\u01a1n so v\u1edbi g\u1ea1ch Porcelain BIa gi\u00fap b\u00e1m d\u00ednh t\u01b0\u1eddng t\u1ed1t h\u01a1n, h\u1ea1n ch\u1ebf kh\u1ea3 n\u0103ng r\u01a1i v\u1ee1 v\u00e0 th\u1ea5m ng\u01b0\u1ee3c t\u1eeb t\u01b0\u1eddng<\/li>\n<li aria-level=\"1\"><b>Kh\u00f4ng b\u1eaft ch\u00e1y, kh\u00f4ng gi\u00e3n n\u1edf:<\/b>\u00a0G\u1ea1ch \u0111\u01b0\u1ee3c nung \u1edf nhi\u1ec7t \u0111\u1ed9 cao t\u1eeb 1.150 \u2013 1.180 \u0111\u1ed9 C n\u00ean kh\u00f4ng d\u1ec5 d\u00e0ng b\u1eaft ch\u00e1y, \u0111\u1eb7c bi\u1ec7t tuy\u1ec7t \u0111\u1ed1i kh\u00f4ng gi\u00e3n n\u1edf \u1edf nhi\u1ec7t \u0111\u1ed9 nh\u00e0 th\u00f4ng th\u01b0\u1eddng v\u00e0 ch\u1ecbu \u0111\u01b0\u1ee3c th\u1eddi ti\u1ebft kh\u1eafc nghi\u1ec7t.<\/li>\n<\/ul>\n<p>S\u1ea3n ph\u1ea9m l\u00e0 s\u1ef1 l\u1ef1a ch\u1ecdn l\u00fd t\u01b0\u1edfng cho \u0111a d\u1ea1ng kh\u00f4ng gian t\u1eeb ph\u00f2ng kh\u00e1ch sang tr\u1ecdng, ph\u00f2ng b\u1ebfp \u1ea5m c\u00fang v\u00e0 ph\u00f2ng t\u1eafm thanh l\u1ecbch, ph\u00f9 h\u1ee3p v\u1edbi m\u1ecdi phong c\u00e1ch ki\u1ebfn tr\u00fac.<\/p>","protected":false},"excerpt":{"rendered":"<p>1. Th\u00f4ng s\u1ed1 s\u1ea3n ph\u1ea9m M\u00e3 s\u1ea3n ph\u1ea9m RSG48019S5 &#8211; RSG4080020S5 &#8211; RSG4080021S5 Th\u01b0\u01a1ng hi\u1ec7u G\u1ea1ch \u1ed1p l\u00e1t Refina Ph\u00e2n lo\u1ea1i G\u1ea1ch \u1ed1p t\u01b0\u1eddng Porcelain M\u00e0u s\u1eafc M\u00e0u tr\u1eafng s\u1ee9 v\u00e2n \u0111\u00e1, h\u1ecda ti\u1ebft b\u00ecnh hoa ngh\u1ec7 thu\u1eadt trang nh\u00e3 K\u00edch th\u01b0\u1edbc 300 x 600 mm \u0110\u1ed9 d\u00e0y 8.5 (mm) Ch\u1ea5t li\u1ec7u Porcelain BIb B\u1ec1 [&hellip;]<\/p>\n","protected":false},"featured_media":33469,"comment_status":"open","ping_status":"closed","template":"","meta":[],"product_brand":[],"product_cat":[1016,1023,1134],"product_tag":[],"class_list":{"0":"post-33468","1":"product","2":"type-product","3":"status-publish","4":"has-post-thumbnail","6":"product_cat-gach-op","7":"product_cat-porcelain","8":"product_cat-gach-op-lat-refina","10":"first","11":"instock","12":"taxable","13":"shipping-taxable","14":"purchasable","15":"product-type-simple"},"_links":{"self":[{"href":"https:\/\/cmctiles.vn\/en\/wp-json\/wp\/v2\/product\/33468","targetHints":{"allow":["GET"]}}],"collection":[{"href":"https:\/\/cmctiles.vn\/en\/wp-json\/wp\/v2\/product"}],"about":[{"href":"https:\/\/cmctiles.vn\/en\/wp-json\/wp\/v2\/types\/product"}],"replies":[{"embeddable":true,"href":"https:\/\/cmctiles.vn\/en\/wp-json\/wp\/v2\/comments?post=33468"}],"version-history":[{"count":3,"href":"https:\/\/cmctiles.vn\/en\/wp-json\/wp\/v2\/product\/33468\/revisions"}],"predecessor-version":[{"id":33485,"href":"https:\/\/cmctiles.vn\/en\/wp-json\/wp\/v2\/product\/33468\/revisions\/33485"}],"wp:featuredmedia":[{"embeddable":true,"href":"https:\/\/cmctiles.vn\/en\/wp-json\/wp\/v2\/media\/33469"}],"wp:attachment":[{"href":"https:\/\/cmctiles.vn\/en\/wp-json\/wp\/v2\/media?parent=33468"}],"wp:term":[{"taxonomy":"product_brand","embeddable":true,"href":"https:\/\/cmctiles.vn\/en\/wp-json\/wp\/v2\/product_brand?post=33468"},{"taxonomy":"product_cat","embeddable":true,"href":"https:\/\/cmctiles.vn\/en\/wp-json\/wp\/v2\/product_cat?post=33468"},{"taxonomy":"product_tag","embeddable":true,"href":"https:\/\/cmctiles.vn\/en\/wp-json\/wp\/v2\/product_tag?post=33468"}],"curies":[{"name":"wp","href":"https:\/\/api.w.org\/{rel}","templated":true}]}}