{"id":33379,"date":"2025-05-29T16:58:51","date_gmt":"2025-05-29T09:58:51","guid":{"rendered":"https:\/\/cmctiles.vn\/?post_type=product&#038;p=33379"},"modified":"2025-05-29T16:58:52","modified_gmt":"2025-05-29T09:58:52","slug":"ngoi-cuoi-ria-mau-nau-cafe-cr07-phu-kien-ngoi-cmc","status":"publish","type":"product","link":"https:\/\/cmctiles.vn\/en\/ceramic\/ngoi-cuoi-ria-mau-nau-cafe-cr07-phu-kien-ngoi-cmc.html","title":{"rendered":"Ng\u00f3i cu\u1ed1i r\u00eca m\u00e0u n\u00e2u cafe CR07 &#8211; Ph\u1ee5 ki\u1ec7n ng\u00f3i CMC"},"content":{"rendered":"<p data-start=\"1623\" data-end=\"1845\"><strong data-start=\"531\" data-end=\"556\">Ph\u1ee5 ki\u1ec7n ng\u00f3i CMC<\/strong>\u00a0l\u00e0 d\u00f2ng s\u1ea3n ph\u1ea9m \u0111\u01b0\u1ee3c thi\u1ebft k\u1ebf chuy\u00ean bi\u1ec7t, \u0111\u1ed3ng b\u1ed9 v\u1ec1 m\u00e0u s\u1eafc \u2013 ch\u1ea5t li\u1ec7u \u2013 c\u00f4ng n\u0103ng, mang \u0111\u1ebfn gi\u1ea3i ph\u00e1p ho\u00e0n thi\u1ec7n m\u00e1i ng\u00f3i b\u1ec1n ch\u1eafc, th\u1ea9m m\u1ef9, t\u1ed1i \u01b0u tho\u00e1t n\u01b0\u1edbc v\u00e0 ch\u1ed1ng th\u1ea5m.<\/p>\n<h2><b>1. Th\u00f4ng s\u1ed1 s\u1ea3n ph\u1ea9m<\/b><\/h2>\n<table>\n<tbody>\n<tr>\n<td>M\u00e3 s\u1ea3n ph\u1ea9m<\/td>\n<td>Ng\u00f3i cu\u1ed1i r\u00eca &#8211; CR07<\/td>\n<\/tr>\n<tr>\n<td>BRANDS<\/td>\n<td>Ng\u00f3i g\u1ed1m tr\u00e1ng men CMC<\/td>\n<\/tr>\n<tr>\n<td>Ph\u00e2n lo\u1ea1i<\/td>\n<td>Ph\u1ee5 ki\u1ec7n ng\u00f3i<\/td>\n<\/tr>\n<tr>\n<td>M\u00e0u s\u1eafc<\/td>\n<td>M\u00e0u n\u00e2u cafe<\/td>\n<\/tr>\n<tr>\n<td>Sizes<\/td>\n<td>250mm<\/td>\n<\/tr>\n<tr>\n<td>Tr\u1ecdng l\u01b0\u1ee3ng<\/td>\n<td>0.9 kg\/ vi\u00ean<\/td>\n<\/tr>\n<tr>\n<td>MATERIALS<\/td>\n<td>Ceramic<\/td>\n<\/tr>\n<tr>\n<td>Surfaces<\/td>\n<td>Men B\u00f3ng<\/td>\n<\/tr>\n<tr>\n<td>Outstanding features<\/td>\n<td>\n<ul>\n<li aria-level=\"1\">Ch\u1ea5t li\u1ec7u x\u01b0\u01a1ng g\u1ed1m nung \u00e9p tr\u00ean 1.100 \u0111\u1ed9 C, b\u1ec1n ch\u1eafc, kh\u00f4ng d\u00e3n n\u1edf<\/li>\n<li aria-level=\"1\">Thi\u1ebft k\u1ebf ph\u1ee5 ki\u1ec7n chuy\u00ean nghi\u1ec7p, chu\u1ea9n k\u1ef9 thu\u1eadt cho t\u1eebng v\u1ecb tr\u00ed t\u01b0\u01a1ng x\u1ee9ng tr\u00ean h\u1ec7 m\u00e1i<\/li>\n<li aria-level=\"1\">M\u00e0u ph\u1ee5 ki\u1ec7n \u0111\u1ed3ng b\u1ed9 v\u1edbi m\u00e0u ng\u00f3i ch\u00ednh<\/li>\n<li aria-level=\"1\">M\u00e0u s\u1eafc hi\u1ec7n \u0111\u1ea1i, th\u1eddi th\u01b0\u1ee3ng v\u00e0 tr\u1ebb trung<\/li>\n<\/ul>\n<\/td>\n<\/tr>\n<tr>\n<td>APPLICATIONS<\/td>\n<td>\u0110a d\u1ea1ng, v\u00ed d\u1ee5 ki\u1ebfn tr\u00fac nh\u00e0 \u1ed1ng, c\u00f4ng tr\u00ecnh d\u00e2n d\u1ee5ng, khu chung c\u01b0, bi\u1ec7t th\u1ef1 cao c\u1ea5p\u2026<\/td>\n<\/tr>\n<\/tbody>\n<\/table>\n<h2><b>2. C\u00f4ng n\u0103ng \u01b0u vi\u1ec7t c\u1ee7a ph\u1ee5 ki\u1ec7n ng\u00f3i l\u1ee3p chuy\u00ean nghi\u1ec7p \u2013 m\u1ea3nh gh\u00e9p ho\u00e0n h\u1ea3o cho m\u00e1i nh\u00e0 b\u1ec1n v\u1eefng<\/b><\/h2>\n<p data-start=\"706\" data-end=\"981\"><strong data-start=\"735\" data-end=\"761\"><img fetchpriority=\"high\" decoding=\"async\" class=\"wp-image-33284 aligncenter\" title=\"Ng\u00f3i ch\u1ea1c ba m\u00e0u \u0111\u1ecf g\u1ea1ch CB05 - Ph\u1ee5 ki\u1ec7n ng\u00f3i CMC 1\" src=\"https:\/\/cmctiles.vn\/wp-content\/uploads\/2025\/05\/499571567_1320420636757736_5370828096461036141_n-1-300x300.jpg\" sizes=\"(max-width: 936px) 100vw, 936px\" srcset=\"https:\/\/cmctiles.vn\/wp-content\/uploads\/2025\/05\/499571567_1320420636757736_5370828096461036141_n-1-300x300.jpg 300w, https:\/\/cmctiles.vn\/wp-content\/uploads\/2025\/05\/499571567_1320420636757736_5370828096461036141_n-1-1024x1024.jpg 1024w, https:\/\/cmctiles.vn\/wp-content\/uploads\/2025\/05\/499571567_1320420636757736_5370828096461036141_n-1-150x150.jpg 150w, https:\/\/cmctiles.vn\/wp-content\/uploads\/2025\/05\/499571567_1320420636757736_5370828096461036141_n-1-768x768.jpg 768w, https:\/\/cmctiles.vn\/wp-content\/uploads\/2025\/05\/499571567_1320420636757736_5370828096461036141_n-1-1536x1536.jpg 1536w, https:\/\/cmctiles.vn\/wp-content\/uploads\/2025\/05\/499571567_1320420636757736_5370828096461036141_n-1-12x12.jpg 12w, https:\/\/cmctiles.vn\/wp-content\/uploads\/2025\/05\/499571567_1320420636757736_5370828096461036141_n-1-280x280.jpg 280w, https:\/\/cmctiles.vn\/wp-content\/uploads\/2025\/05\/499571567_1320420636757736_5370828096461036141_n-1-600x600.jpg 600w, https:\/\/cmctiles.vn\/wp-content\/uploads\/2025\/05\/499571567_1320420636757736_5370828096461036141_n-1-500x500.jpg 500w, https:\/\/cmctiles.vn\/wp-content\/uploads\/2025\/05\/499571567_1320420636757736_5370828096461036141_n-1-100x100.jpg 100w, https:\/\/cmctiles.vn\/wp-content\/uploads\/2025\/05\/499571567_1320420636757736_5370828096461036141_n-1.jpg 2048w\" alt=\"499571567 1320420636757736 5370828096461036141 n 1\" width=\"936\" height=\"936\" \/><\/strong><\/p>\n<p style=\"text-align: center;\" data-start=\"706\" data-end=\"981\"><em>Ph\u1ee5 ki\u1ec7n ng\u00f3i l\u1ee3p chuy\u00ean nghi\u1ec7p \u2013 th\u1ea9m m\u1ef9 \u0111\u1ed3ng b\u1ed9 \u2013 t\u1ed1i \u01b0u c\u00f4ng n\u0103ng<\/em><\/p>\n<p data-start=\"223\" data-end=\"547\"><strong data-start=\"223\" data-end=\"248\">Ph\u1ee5 ki\u1ec7n ng\u00f3i l\u1ee3p CMC<\/strong>\u00a0kh\u00f4ng ch\u1ec9 \u0111\u01a1n thu\u1ea7n l\u00e0 chi ti\u1ebft b\u1ed5 tr\u1ee3, m\u00e0 l\u00e0 gi\u1ea3i ph\u00e1p ho\u00e0n thi\u1ec7n m\u00e1i ng\u00f3i \u0111\u1ed3ng b\u1ed9 \u2013 b\u1ec1n v\u1eefng \u2013 th\u1ea9m m\u1ef9 t\u1ed1i \u0111a. Kh\u00e1c bi\u1ec7t l\u1edbn nh\u1ea5t \u0111\u1ebfn t\u1eeb tri\u1ebft l\u00fd thi\u1ebft k\u1ebf: \u201c\u0110\u1ed3ng b\u1ed9 t\u1eeb ch\u1ea5t li\u1ec7u \u0111\u1ebfn s\u1eafc \u0111\u1ed9\u201d, \u0111\u1ea3m b\u1ea3o m\u1ed7i vi\u00ean ph\u1ee5 ki\u1ec7n kh\u00f4ng ch\u1ec9 kh\u1edbp k\u1ef9 thu\u1eadt m\u00e0 c\u00f2n t\u00f4n vinh v\u1ebb \u0111\u1eb9p t\u1ed5ng th\u1ec3 c\u1ee7a c\u00f4ng tr\u00ecnh.<\/p>\n<ul>\n<li data-start=\"549\" data-end=\"969\"><strong data-start=\"551\" data-end=\"581\">Ch\u1ea5t li\u1ec7u g\u1ed1m nung cao c\u1ea5p:\u00a0<\/strong>x\u01b0\u01a1ng g\u1ed1m d\u00e0y d\u1eb7n v\u00e0 ph\u1ee7 men b\u00f3ng \u0111\u1ed3ng b\u1ed9 v\u1edbi ng\u00f3i ch\u00ednh \u2013 cho \u0111\u1ed9 b\u1ec1n m\u00e0u, ch\u1ed1ng th\u1ea5m, ch\u1ed1ng r\u00eau v\u01b0\u1ee3t tr\u1ed9i.<\/li>\n<li data-start=\"549\" data-end=\"969\"><strong data-start=\"669\" data-end=\"712\">T\u0103ng c\u01b0\u1eddng kh\u1ea3 n\u0103ng ho\u00e0n thi\u1ec7n c\u1ee7a h\u1ec7 m\u00e1i<\/strong>: t\u1eeb ng\u00f3i n\u00f3c, ng\u00f3i r\u00eca \u0111\u1ebfn ng\u00f3i l\u00f3t v\u00e0 c\u00e1c ng\u00f3i ch\u1ea1c 3, tr\u1ecdn b\u1ed9 ph\u1ee5 ki\u1ec7n ng\u00f3i gi\u00fap thi c\u00f4ng d\u1ec5 d\u00e0ng, \u0111\u1ea3m b\u1ea3o \u0111\u1ed9 ho\u00e0n thi\u1ec7n to\u00e0n di\u1ec7n c\u1ee7a h\u1ec7 m\u00e1i, k\u00edn kh\u00edt tuy\u1ec7t \u0111\u1ed1i, ch\u1ed1ng h\u1eaft d\u1ed9t hi\u1ec7u qu\u1ea3.<\/li>\n<li data-start=\"549\" data-end=\"969\"><strong data-start=\"822\" data-end=\"849\">Th\u1ea9m m\u1ef9 \u0111\u1ed3ng b\u1ed9<\/strong>: t\u1eebng \u0111\u01b0\u1eddng giao m\u00e1i \u0111\u01b0\u1ee3c x\u1eed l\u00fd tinh t\u1ebf, bi\u1ebfn h\u1ec7 ph\u1ee5 ki\u1ec7n tr\u1edf th\u00e0nh \u0111i\u1ec3m nh\u1ea5n ki\u1ebfn tr\u00fac mang \u0111\u1ebfn th\u1ea9m m\u1ef9 \u0111\u1ed3ng b\u1ed9.<\/li>\n<\/ul>\n<p data-start=\"971\" data-end=\"1160\"><strong data-start=\"971\" data-end=\"996\">Ph\u1ee5 ki\u1ec7n ng\u00f3i l\u1ee3p CMC<\/strong>\u00a0\u2013 t\u1ea1o n\u00ean h\u1ec7 m\u00e1i ho\u00e0n ch\u1ec9nh, b\u1ec1n v\u1eefng t\u1eeb k\u1ebft c\u1ea5u \u0111\u1ebfn th\u1ea9m m\u1ef9, l\u00e0 l\u1ef1a ch\u1ecdn c\u1ee7a nh\u1eefng c\u00f4ng tr\u00ecnh \u0111\u00f2i h\u1ecfi ch\u1ea5t l\u01b0\u1ee3ng t\u1ed1i \u01b0u v\u00e0 v\u1ebb \u0111\u1eb9p v\u0129nh c\u1eedu theo th\u1eddi gian.<\/p>\n<p>Vui l\u00f2ng \u0111\u1ec3 l\u1ea1i th\u00f4ng tin d\u01b0\u1edbi h\u1ed9p th\u01b0 d\u01b0\u1edbi \u0111\u00e2y n\u1ebfu qu\u00fd v\u1ecb c\u1ea7n gi\u1ea3i \u0111\u00e1p th\u1eafc m\u1eafc ho\u1eb7c nh\u1eadn s\u1ef1 t\u01b0 v\u1ea5n t\u1eeb chuy\u00ean gia c\u1ee7a CMC Tiles!<\/p>","protected":false},"excerpt":{"rendered":"<p>Ph\u1ee5 ki\u1ec7n ng\u00f3i CMC\u00a0l\u00e0 d\u00f2ng s\u1ea3n ph\u1ea9m \u0111\u01b0\u1ee3c thi\u1ebft k\u1ebf chuy\u00ean bi\u1ec7t, \u0111\u1ed3ng b\u1ed9 v\u1ec1 m\u00e0u s\u1eafc \u2013 ch\u1ea5t li\u1ec7u \u2013 c\u00f4ng n\u0103ng, mang \u0111\u1ebfn gi\u1ea3i ph\u00e1p ho\u00e0n thi\u1ec7n m\u00e1i ng\u00f3i b\u1ec1n ch\u1eafc, th\u1ea9m m\u1ef9, t\u1ed1i \u01b0u tho\u00e1t n\u01b0\u1edbc v\u00e0 ch\u1ed1ng th\u1ea5m. 1. Th\u00f4ng s\u1ed1 s\u1ea3n ph\u1ea9m M\u00e3 s\u1ea3n ph\u1ea9m Ng\u00f3i cu\u1ed1i r\u00eca &#8211; CR07 [&hellip;]<\/p>\n","protected":false},"featured_media":33406,"comment_status":"open","ping_status":"closed","template":"","meta":[],"product_brand":[],"product_cat":[1009,1020,1181],"product_tag":[],"class_list":{"0":"post-33379","1":"product","2":"type-product","3":"status-publish","4":"has-post-thumbnail","6":"product_cat-ceramic","7":"product_cat-ngoi-trang-men","8":"product_cat-phu-kien-ngoi","10":"first","11":"instock","12":"taxable","13":"shipping-taxable","14":"product-type-simple"},"_links":{"self":[{"href":"https:\/\/cmctiles.vn\/en\/wp-json\/wp\/v2\/product\/33379","targetHints":{"allow":["GET"]}}],"collection":[{"href":"https:\/\/cmctiles.vn\/en\/wp-json\/wp\/v2\/product"}],"about":[{"href":"https:\/\/cmctiles.vn\/en\/wp-json\/wp\/v2\/types\/product"}],"replies":[{"embeddable":true,"href":"https:\/\/cmctiles.vn\/en\/wp-json\/wp\/v2\/comments?post=33379"}],"version-history":[{"count":2,"href":"https:\/\/cmctiles.vn\/en\/wp-json\/wp\/v2\/product\/33379\/revisions"}],"predecessor-version":[{"id":33408,"href":"https:\/\/cmctiles.vn\/en\/wp-json\/wp\/v2\/product\/33379\/revisions\/33408"}],"wp:featuredmedia":[{"embeddable":true,"href":"https:\/\/cmctiles.vn\/en\/wp-json\/wp\/v2\/media\/33406"}],"wp:attachment":[{"href":"https:\/\/cmctiles.vn\/en\/wp-json\/wp\/v2\/media?parent=33379"}],"wp:term":[{"taxonomy":"product_brand","embeddable":true,"href":"https:\/\/cmctiles.vn\/en\/wp-json\/wp\/v2\/product_brand?post=33379"},{"taxonomy":"product_cat","embeddable":true,"href":"https:\/\/cmctiles.vn\/en\/wp-json\/wp\/v2\/product_cat?post=33379"},{"taxonomy":"product_tag","embeddable":true,"href":"https:\/\/cmctiles.vn\/en\/wp-json\/wp\/v2\/product_tag?post=33379"}],"curies":[{"name":"wp","href":"https:\/\/api.w.org\/{rel}","templated":true}]}}