{"id":33316,"date":"2025-05-29T16:26:15","date_gmt":"2025-05-29T09:26:15","guid":{"rendered":"https:\/\/cmctiles.vn\/?post_type=product&#038;p=33316"},"modified":"2025-05-29T16:27:49","modified_gmt":"2025-05-29T09:27:49","slug":"gach-op-lat-van-da-tong-xam-thoi-thuong-ppg8080119s3","status":"publish","type":"product","link":"https:\/\/cmctiles.vn\/en\/gach-op-lat\/gach-lat\/gach-op-lat-van-da-tong-xam-thoi-thuong-ppg8080119s3.html","title":{"rendered":"G\u1ea1ch \u1ed1p l\u00e1t v\u00e2n \u0111\u00e1 t\u00f4ng x\u00e1m th\u1eddi th\u01b0\u1ee3ng PPG8080119S3"},"content":{"rendered":"<p><b>1. Th\u00f4ng s\u1ed1 s\u1ea3n ph\u1ea9m<\/b><\/p>\n<table>\n<tbody>\n<tr>\n<td>M\u00e3 s\u1ea3n ph\u1ea9m<\/td>\n<td><strong>PPG8080119S3<\/strong><\/td>\n<\/tr>\n<tr>\n<td>BRANDS<\/td>\n<td>PRATO Tiles<\/td>\n<\/tr>\n<tr>\n<td>Ph\u00e2n lo\u1ea1i<\/td>\n<td>Ceramic tiles<\/td>\n<\/tr>\n<tr>\n<td>M\u00e0u s\u1eafc<\/td>\n<td>M\u00e0u x\u00e1m \u0111\u1eadm v\u00e2n s\u00f3ng<\/td>\n<\/tr>\n<tr>\n<td>Sizes<\/td>\n<td>800\u00d7800 mm<\/td>\n<\/tr>\n<tr>\n<td>\u0110\u1ed9 d\u00e0y<\/td>\n<td>9,3 mm<\/td>\n<\/tr>\n<tr>\n<td>MATERIALS<\/td>\n<td>Porcelain<\/td>\n<\/tr>\n<tr>\n<td>Surfaces<\/td>\n<td>Glossy Glaze<\/td>\n<\/tr>\n<tr>\n<td>Outstanding features<\/td>\n<td>\n<ul>\n<li aria-level=\"1\">Hoa v\u0103n sang tr\u1ecdng, th\u1eddi th\u01b0\u1ee3ng<\/li>\n<li aria-level=\"1\">\u0110\u1ed3 b\u1ec1n u\u1ed1n ch\u1ecbu l\u1ef1c t\u1ed1t, th\u1ea5m h\u00fat n\u01b0\u1edbc th\u1ea5p<\/li>\n<li aria-level=\"1\">K\u00edch th\u01b0\u1edbc ph\u1ed5 th\u00f4ng, \u1ee9ng d\u1ee5ng \u0111a d\u1ea1ng<\/li>\n<li aria-level=\"1\">Non-ignition, non-expansion<\/li>\n<li aria-level=\"1\">Easy to clean, anti-bacterial, anti-mildew<\/li>\n<\/ul>\n<\/td>\n<\/tr>\n<tr>\n<td>APPLICATIONS<\/td>\n<td>\u0110a d\u1ea1ng, v\u00ed d\u1ee5 ki\u1ebfn tr\u00fac nh\u00e0 \u1ed1ng, khu chung c\u01b0, nh\u00e0 \u1edf cao c\u1ea5p, bi\u1ec7t th\u1ef1, ph\u00f2ng kh\u00e1ch\u2026<\/td>\n<\/tr>\n<\/tbody>\n<\/table>\n<p><b><strong>2. PPG8080119S3<\/strong> \u2013 d\u00f2ng s\u1ea3n ph\u1ea9m cao c\u1ea5p c\u1ee7a CMC\u00a0<\/b><\/p>\n<figure id=\"attachment_29616\" aria-describedby=\"caption-attachment-29616\" style=\"width: 996px\" class=\"wp-caption aligncenter\"><img fetchpriority=\"high\" decoding=\"async\" class=\"wp-image-29616\" title=\"G\u1ea1ch \u1ed1p l\u00e1t v\u00e2n \u0111\u00e1 t\u00f4ng x\u00e1m th\u1eddi th\u01b0\u1ee3ng PPG6060119S3 1\" src=\"https:\/\/cmctiles.vn\/wp-content\/uploads\/2024\/06\/PPG6060119S3-4face-PC-300x233.jpg\" sizes=\"(max-width: 758px) 100vw, 758px\" srcset=\"https:\/\/cmctiles.vn\/wp-content\/uploads\/2024\/06\/PPG6060119S3-4face-PC-300x233.jpg 300w, https:\/\/cmctiles.vn\/wp-content\/uploads\/2024\/06\/PPG6060119S3-4face-PC-1024x794.jpg 1024w, https:\/\/cmctiles.vn\/wp-content\/uploads\/2024\/06\/PPG6060119S3-4face-PC-15x12.jpg 15w, https:\/\/cmctiles.vn\/wp-content\/uploads\/2024\/06\/PPG6060119S3-4face-PC-361x280.jpg 361w, https:\/\/cmctiles.vn\/wp-content\/uploads\/2024\/06\/PPG6060119S3-4face-PC-500x388.jpg 500w\" alt=\"PPG6060119S3 4face PC\" width=\"996\" height=\"773\" \/><figcaption id=\"caption-attachment-29616\" class=\"wp-caption-text\">\u1ea2nh m\u00e0u s\u1eafc th\u1ef1c c\u1ee7a g\u1ea1ch PPG8080119S3<\/figcaption><\/figure>\n<p>&nbsp;<\/p>\n<p>V\u1edbi ch\u1ea5t l\u01b0\u1ee3ng v\u01b0\u1ee3t tr\u1ed9i v\u00e0 c\u00e1c hoa v\u0103n tinh t\u1ebf s\u1eafc n\u00e9t, g\u1ea1ch <strong>PPG8080119S3<\/strong> \u0111\u01b0\u1ee3c \u0111\u00e1nh gi\u00e1 l\u00e0 d\u00f2ng s\u1ea3n ph\u1ea9m cao c\u1ea5p c\u1ee7a CMC. Nh\u1eefng th\u1ebf m\u1ea1nh \u0111\u1eb7c bi\u1ec7t khi\u1ebfn s\u1ea3n ph\u1ea9m g\u1ea1ch <strong>PPG8080119S3<\/strong>\u00a0tr\u1edf th\u00e0nh m\u1ed9t l\u1ef1a ch\u1ecdn \u01b0u vi\u1ec7t trong l\u0129nh v\u1ef1c \u1ed1p l\u00e1t.<\/p>\n<h3><i>2.1. Nh\u1eefng \u0111\u01b0\u1eddng v\u00e2n s\u1eafc n\u00e9t t\u01b0\u1ee3ng tr\u01b0ng cho s\u1ef1 lu\u00e2n chuy\u1ec3n v\u0129nh c\u1eedu c\u1ee7a v\u1ea1n v\u1eadt.<\/i><\/h3>\n<p>V\u1ebb \u0111\u1eb9p c\u1ee7a g\u1ea1ch <strong>PPG8080119S3<\/strong>\u00a0ch\u00ednh l\u00e0 \u1edf s\u1ef1 h\u00f2a quy\u1ec7n gi\u1eefa t\u00ednh ch\u1ea5t c\u1ee9ng c\u00e1p, v\u1eefng ch\u00e3i c\u1ee7a g\u1ea1ch v\u1edbi s\u1ef1 m\u1ec1m m\u1ea1i, uy\u1ec3n chuy\u1ec3n c\u1ee7a d\u00f2ng ch\u1ea3y t\u1ea1o n\u00ean v\u1ebb \u0111\u1eb9p v\u0129nh h\u1eb1ng.<\/p>\n<p>Nh\u1eefng \u0111\u01b0\u1eddng v\u00e2n tr\u00ean g\u1ea1ch khi\u1ebfn ta li\u00ean t\u01b0\u1edfng \u0111\u1ebfn s\u1ef1 v\u1eadn \u0111\u1ed9ng, bi\u1ebfn h\u00f3a kh\u00f4ng ng\u1eebng ngh\u1ec9 c\u1ee7a d\u00f2ng ch\u1ea3y v\u0169 tr\u1ee5, c\u1ee7a cu\u1ed9c s\u1ed1ng.<\/p>\n<h3><i>2.2. T\u00ednh n\u0103ng m\u1ea1nh m\u1ebd v\u00e0 b\u1ec1n b\u1ec9\u00a0<\/i><\/h3>\n<p>Ch\u1ea5t li\u1ec7u Porcelain \u0111\u01b0\u1ee3c nung \u1edf nhi\u1ec7t \u0111\u1ed9 r\u1ea5t cao tr\u00ean 1200\u00b0C n\u00ean g\u1ea1ch c\u00f3 \u0111\u1ed9 c\u1ee9ng cao v\u00e0 kh\u1ea3 n\u0103ng h\u00fat n\u01b0\u1edbc th\u1ea5p.<\/p>\n<p>B\u1ec1 m\u1eb7t g\u1ea1ch b\u00f3ng b\u1ea9y, m\u01b0\u1ee3t m\u00e0 n\u00ean vi\u1ec7c v\u1ec7 sinh lau ch\u00f9i kh\u00f4ng c\u00f2n l\u00e0 \u0111i\u1ec1u \u0111\u00e1ng ng\u1ea1i. \u0110i\u1ec1u n\u00e0y ch\u1ee9ng minh s\u1ea3n ph\u1ea9m c\u00f3 kh\u1ea3 n\u0103ng duy tr\u00ec \u0111\u01b0\u1ee3c v\u1ebb m\u1edbi l\u00e2u d\u00e0i.<\/p>\n<p>Tr\u00ean \u0111\u00e2y l\u00e0 nh\u1eefng \u0111\u1eb7c \u0111i\u1ec3m n\u1ed5i b\u1eadt v\u00e0 l\u01b0u \u00fd khi qu\u00fd kh\u00e1ch l\u1ef1a ch\u1ecdn v\u00e0 s\u1eed d\u1ee5ng g\u1ea1ch \u1ed1p l\u00e1t <strong>PPG8080119S3<\/strong>. Hy v\u1ecdng b\u00e0i vi\u1ebft s\u1ebd gi\u00fap \u00edch cho qu\u00fd v\u1ecb \u0111\u1ec3 l\u1ef1a ch\u1ecdn \u0111\u01b0\u1ee3c s\u1ea3n ph\u1ea9m ph\u00f9 h\u1ee3p nh\u1ea5t v\u1edbi kh\u00f4ng gian v\u00e0 chi ph\u00ed c\u1ee7a gia \u0111\u00ecnh.<\/p>\n<p>Vui l\u00f2ng \u0111\u1ec3 l\u1ea1i th\u00f4ng tin d\u01b0\u1edbi h\u1ed9p th\u01b0 d\u01b0\u1edbi \u0111\u00e2y n\u1ebfu qu\u00fd v\u1ecb c\u1ea7n gi\u1ea3i \u0111\u00e1p th\u1eafc m\u1eafc ho\u1eb7c nh\u1eadn s\u1ef1 t\u01b0 v\u1ea5n t\u1eeb chuy\u00ean gia c\u1ee7a CMC Tiles!<\/p>","protected":false},"excerpt":{"rendered":"<p>1. Th\u00f4ng s\u1ed1 s\u1ea3n ph\u1ea9m M\u00e3 s\u1ea3n ph\u1ea9m PPG8080119S3 Th\u01b0\u01a1ng hi\u1ec7u G\u1ea1ch \u1ed1p l\u00e1t PRATO Ph\u00e2n lo\u1ea1i G\u1ea1ch \u1ed1p l\u00e1t M\u00e0u s\u1eafc M\u00e0u x\u00e1m \u0111\u1eadm v\u00e2n s\u00f3ng K\u00edch th\u01b0\u1edbc 800\u00d7800 mm \u0110\u1ed9 d\u00e0y 9,3 mm Ch\u1ea5t li\u1ec7u Porcelain B\u1ec1 m\u1eb7t Men b\u00f3ng \u0110\u1eb7c \u0111i\u1ec3m n\u1ed5i b\u1eadt Hoa v\u0103n sang tr\u1ecdng, th\u1eddi th\u01b0\u1ee3ng \u0110\u1ed3 b\u1ec1n u\u1ed1n [&hellip;]<\/p>\n","protected":false},"featured_media":33339,"comment_status":"open","ping_status":"closed","template":"","meta":[],"product_brand":[],"product_cat":[1015,1083,1076,1092,1023],"product_tag":[],"class_list":{"0":"post-33316","1":"product","2":"type-product","3":"status-publish","4":"has-post-thumbnail","6":"product_cat-gach-lat","7":"product_cat-gach-lat-nen-van-da","8":"product_cat-gach-op-lat","9":"product_cat-gach-op-lat-prato","10":"product_cat-porcelain","12":"first","13":"instock","14":"taxable","15":"shipping-taxable","16":"purchasable","17":"product-type-simple"},"_links":{"self":[{"href":"https:\/\/cmctiles.vn\/en\/wp-json\/wp\/v2\/product\/33316","targetHints":{"allow":["GET"]}}],"collection":[{"href":"https:\/\/cmctiles.vn\/en\/wp-json\/wp\/v2\/product"}],"about":[{"href":"https:\/\/cmctiles.vn\/en\/wp-json\/wp\/v2\/types\/product"}],"replies":[{"embeddable":true,"href":"https:\/\/cmctiles.vn\/en\/wp-json\/wp\/v2\/comments?post=33316"}],"version-history":[{"count":4,"href":"https:\/\/cmctiles.vn\/en\/wp-json\/wp\/v2\/product\/33316\/revisions"}],"predecessor-version":[{"id":33345,"href":"https:\/\/cmctiles.vn\/en\/wp-json\/wp\/v2\/product\/33316\/revisions\/33345"}],"wp:featuredmedia":[{"embeddable":true,"href":"https:\/\/cmctiles.vn\/en\/wp-json\/wp\/v2\/media\/33339"}],"wp:attachment":[{"href":"https:\/\/cmctiles.vn\/en\/wp-json\/wp\/v2\/media?parent=33316"}],"wp:term":[{"taxonomy":"product_brand","embeddable":true,"href":"https:\/\/cmctiles.vn\/en\/wp-json\/wp\/v2\/product_brand?post=33316"},{"taxonomy":"product_cat","embeddable":true,"href":"https:\/\/cmctiles.vn\/en\/wp-json\/wp\/v2\/product_cat?post=33316"},{"taxonomy":"product_tag","embeddable":true,"href":"https:\/\/cmctiles.vn\/en\/wp-json\/wp\/v2\/product_tag?post=33316"}],"curies":[{"name":"wp","href":"https:\/\/api.w.org\/{rel}","templated":true}]}}