{"id":33307,"date":"2025-05-29T16:12:25","date_gmt":"2025-05-29T09:12:25","guid":{"rendered":"https:\/\/cmctiles.vn\/?post_type=product&#038;p=33307"},"modified":"2025-05-29T16:12:27","modified_gmt":"2025-05-29T09:12:27","slug":"gach-op-lat-van-da-mau-ghi-xanh-doc-la-ppg8080121s3","status":"publish","type":"product","link":"https:\/\/cmctiles.vn\/en\/gach-op-lat\/gach-op-lat-van-da-mau-ghi-xanh-doc-la-ppg8080121s3.html","title":{"rendered":"G\u1ea1ch \u1ed1p l\u00e1t v\u00e2n \u0111\u00e1 m\u00e0u ghi xanh \u0111\u1ed9c l\u1ea1 PPG8080121S3"},"content":{"rendered":"<p><span style=\"font-weight: 400;\">S\u1edf h\u1eefu gam m\u00e0u ghi xanh \u0111\u1ed9c l\u1ea1 v\u00e0 \u1ea5n t\u01b0\u1ee3ng, s\u1ea3n ph\u1ea9m g\u1ea1ch \u1ed1p l\u00e1t <strong>PPG8080121S3<\/strong>\u00a0th\u1ed5i v\u00e0o kh\u00f4ng gian s\u1ed1ng s\u1ef1 tho\u00e1ng \u0111\u00e3ng, an y\u00ean nh\u01b0ng v\u1eabn kh\u00f4ng k\u00e9m ph\u1ea7n sang tr\u1ecdng.\u00a0<\/span><\/p>\n<ol>\n<li>\n<h2><b> Th\u00f4ng s\u1ed1 s\u1ea3n ph\u1ea9m\u00a0<\/b><\/h2>\n<\/li>\n<\/ol>\n<table style=\"width: 76.2684%; height: 368px;\">\n<tbody>\n<tr style=\"height: 24px;\">\n<td style=\"width: 26.0541%; height: 24px;\"><span style=\"font-weight: 400;\">M\u00e3 s\u1ea3n ph\u1ea9m<\/span><\/td>\n<td style=\"width: 79.1474%; height: 24px;\"><strong>PPG8080121S3<\/strong><\/td>\n<\/tr>\n<tr style=\"height: 24px;\">\n<td style=\"width: 26.0541%; height: 24px;\"><span style=\"font-weight: 400;\">BRANDS<\/span><\/td>\n<td style=\"width: 79.1474%; height: 24px;\"><span style=\"font-weight: 400;\">PRATO Tiles<\/span><\/td>\n<\/tr>\n<tr style=\"height: 24px;\">\n<td style=\"width: 26.0541%; height: 24px;\"><span style=\"font-weight: 400;\">Ph\u00e2n lo\u1ea1i<\/span><\/td>\n<td style=\"width: 79.1474%; height: 24px;\"><span style=\"font-weight: 400;\">Ceramic tiles\u00a0<\/span><\/td>\n<\/tr>\n<tr style=\"height: 24px;\">\n<td style=\"width: 26.0541%; height: 24px;\"><span style=\"font-weight: 400;\">M\u00e0u s\u1eafc<\/span><\/td>\n<td style=\"width: 79.1474%; height: 24px;\"><span style=\"font-weight: 400;\">M\u00e0u ghi \u00e1nh xanh v\u00e2n \u0111\u00e1<\/span><\/td>\n<\/tr>\n<tr style=\"height: 24px;\">\n<td style=\"width: 26.0541%; height: 24px;\"><span style=\"font-weight: 400;\">Sizes<\/span><\/td>\n<td style=\"width: 79.1474%; height: 24px;\"><span style=\"font-weight: 400;\">800&#215;800 mm<\/span><\/td>\n<\/tr>\n<tr style=\"height: 24px;\">\n<td style=\"width: 26.0541%; height: 24px;\"><span style=\"font-weight: 400;\">\u0110\u1ed9 d\u00e0y<\/span><\/td>\n<td style=\"width: 79.1474%; height: 24px;\"><span style=\"font-weight: 400;\">9.3 mm<\/span><\/td>\n<\/tr>\n<tr style=\"height: 24px;\">\n<td style=\"width: 26.0541%; height: 24px;\"><span style=\"font-weight: 400;\">MATERIALS\u00a0<\/span><\/td>\n<td style=\"width: 79.1474%; height: 24px;\"><span style=\"font-weight: 400;\">Porcelain<\/span><\/td>\n<\/tr>\n<tr style=\"height: 24px;\">\n<td style=\"width: 26.0541%; height: 24px;\"><span style=\"font-weight: 400;\">Surfaces<\/span><\/td>\n<td style=\"width: 79.1474%; height: 24px;\"><span style=\"font-weight: 400;\">Glossy Glaze\u00a0<\/span><\/td>\n<\/tr>\n<tr style=\"height: 152px;\">\n<td style=\"width: 26.0541%; height: 152px;\"><span style=\"font-weight: 400;\">Outstanding features<\/span><\/td>\n<td style=\"width: 79.1474%; height: 152px;\">\n<ul>\n<li style=\"font-weight: 400;\" aria-level=\"1\"><span style=\"font-weight: 400;\">Hoa v\u0103n sang tr\u1ecdng, th\u1eddi th\u01b0\u1ee3ng<\/span><\/li>\n<li style=\"font-weight: 400;\" aria-level=\"1\"><span style=\"font-weight: 400;\">\u0110\u1ed3 b\u1ec1n u\u1ed1n ch\u1ecbu l\u1ef1c t\u1ed1t, th\u1ea5m h\u00fat n\u01b0\u1edbc th\u1ea5p<\/span><\/li>\n<li style=\"font-weight: 400;\" aria-level=\"1\"><span style=\"font-weight: 400;\">K\u00edch th\u01b0\u1edbc ph\u1ed5 th\u00f4ng, \u1ee9ng d\u1ee5ng \u0111a d\u1ea1ng<\/span><\/li>\n<li style=\"font-weight: 400;\" aria-level=\"1\"><span style=\"font-weight: 400;\">Non-ignition, non-expansion<\/span><\/li>\n<li style=\"font-weight: 400;\" aria-level=\"1\"><span style=\"font-weight: 400;\">Easy to clean, anti-bacterial, anti-mildew<\/span><\/li>\n<\/ul>\n<\/td>\n<\/tr>\n<tr style=\"height: 24px;\">\n<td style=\"width: 26.0541%; height: 24px;\"><span style=\"font-weight: 400;\">APPLICATIONS<\/span><\/td>\n<td style=\"width: 79.1474%; height: 24px;\"><span style=\"font-weight: 400;\">\u0110a d\u1ea1ng, v\u00ed d\u1ee5 ki\u1ebfn tr\u00fac nh\u00e0 \u1ed1ng, khu chung c\u01b0, nh\u00e0 \u1edf cao c\u1ea5p, bi\u1ec7t th\u1ef1, ph\u00f2ng kh\u00e1ch\u2026<\/span><\/td>\n<\/tr>\n<\/tbody>\n<\/table>\n<ol start=\"2\">\n<li>\n<h2><b><strong>PPG8080121S3<\/strong> &#8211; d\u00f2ng s\u1ea3n ph\u1ea9m cao c\u1ea5p c\u1ee7a CMC\u00a0<\/b><\/h2>\n<\/li>\n<\/ol>\n<figure id=\"attachment_29643\" aria-describedby=\"caption-attachment-29643\" style=\"width: 863px\" class=\"wp-caption aligncenter\"><img fetchpriority=\"high\" decoding=\"async\" class=\"wp-image-29643\" src=\"https:\/\/cmctiles.vn\/wp-content\/uploads\/2024\/06\/PPG6060121S3-3faces-300x203.jpg\" alt=\"\" width=\"863\" height=\"584\" title=\"\" srcset=\"https:\/\/cmctiles.vn\/wp-content\/uploads\/2024\/06\/PPG6060121S3-3faces-300x203.jpg 300w, https:\/\/cmctiles.vn\/wp-content\/uploads\/2024\/06\/PPG6060121S3-3faces-1024x692.jpg 1024w, https:\/\/cmctiles.vn\/wp-content\/uploads\/2024\/06\/PPG6060121S3-3faces-768x519.jpg 768w, https:\/\/cmctiles.vn\/wp-content\/uploads\/2024\/06\/PPG6060121S3-3faces-1536x1039.jpg 1536w, https:\/\/cmctiles.vn\/wp-content\/uploads\/2024\/06\/PPG6060121S3-3faces-2048x1385.jpg 2048w, https:\/\/cmctiles.vn\/wp-content\/uploads\/2024\/06\/PPG6060121S3-3faces-18x12.jpg 18w, https:\/\/cmctiles.vn\/wp-content\/uploads\/2024\/06\/PPG6060121S3-3faces-400x270.jpg 400w, https:\/\/cmctiles.vn\/wp-content\/uploads\/2024\/06\/PPG6060121S3-3faces-500x338.jpg 500w\" sizes=\"(max-width: 863px) 100vw, 863px\" \/><figcaption id=\"caption-attachment-29643\" class=\"wp-caption-text\">Nh\u1eefng \u0111\u01b0\u1eddng v\u00e2n m\u1ec1m m\u1ea1i c\u1ee7a g\u1ea1ch \u1ed1p l\u00e1t <strong>PPG8080121S3<\/strong><\/figcaption><\/figure>\n<p>&nbsp;<\/p>\n<p><span style=\"font-weight: 400;\">\u0110\u01b0\u1ee3c \u0111\u00e1nh gi\u00e1 l\u00e0 d\u00f2ng s\u1ea3n ph\u1ea9m cao c\u1ea5p c\u1ee7a CMC, <strong>PPG8080121S3<\/strong> mang \u0111\u1ebfn v\u1ebb \u0111\u1eb9p k\u00ec \u1ea3o v\u00e0 phi\u00eau l\u00e3ng cho m\u1ecdi kh\u00f4ng gian. Ch\u1ec9 v\u1edbi \u01b0u \u0111i\u1ec3m n\u00e0y <strong>PPG8080121S3<\/strong>\u00a0\u0111\u00e3 nh\u1eadn \u0111\u01b0\u1ee3c nhi\u1ec1u s\u1ef1 \u01b0u \u00e1i c\u1ee7a c\u00e1c nh\u00e0 ki\u1ebfn tr\u00fac s\u01b0 v\u00e0 nh\u00e0 thi\u1ebft k\u1ebf n\u1ed9i th\u1ea5t tr\u00ean to\u00e0n th\u1ebf gi\u1edbi.<\/span><\/p>\n<h3><span style=\"font-weight: 400;\">\u00a0<\/span><i><span style=\"font-weight: 400;\">2.1. Phong c\u00e1ch thi\u1ebft k\u1ebf nh\u1eb9 nh\u00e0ng v\u00e0 sang tr\u1ecdng<\/span><\/i><\/h3>\n<p><span style=\"font-weight: 400;\">Nh\u00ecn v\u00e0o nh\u1eefng t\u1ea5m g\u1ea1ch m\u00e0i b\u00f3ng n\u00e0y ta nh\u01b0 b\u1ecb cu\u1ed1n m\u1ed9t th\u1ebf gi\u1edbi kh\u00e1c bi\u1ec7t ho\u00e0n to\u00e0n v\u1edbi hi\u1ec7n th\u1ef1c th\u01b0\u1eddng ng\u00e0y mang c\u1ea3m gi\u00e1c l\u00e3ng m\u1ea1n v\u00e0 m\u01a1 m\u00e0ng \u0111\u1ebfn k\u00ec l\u1ea1<\/span><span style=\"font-weight: 400;\">.\u00a0<\/span><\/p>\n<h3><i><span style=\"font-weight: 400;\">2.2. \u0110\u1eb7c \u0111i\u1ec3m n\u1ed5i b\u1eadt c\u1ee7a ch\u1ea5t li\u1ec7u g\u1ea1ch Porcelain\u00a0<\/span><\/i><\/h3>\n<p><span style=\"font-weight: 400;\">B\u00ean c\u1ea1nh gi\u00e1 tr\u1ecb th\u1ea9m m\u1ef9, <strong>PPG8080121S3<\/strong>\u00a0c\u00f2n r\u1ea5t b\u1ec1n ch\u1eafc v\u00ec ch\u1ecbu \u0111\u01b0\u1ee3c t\u00e1c \u0111\u1ed9ng c\u1ee7a nhi\u1ec7t \u0111\u1ed9, h\u00f3a ch\u1ea5t, v\u1ebft b\u1ea9n v\u00e0 c\u0169ng nh\u01b0 vi\u1ec7c v\u1ec7 sinh hay lau ch\u00f9i tr\u1edf n\u00ean \u0111\u01a1n gi\u1ea3n h\u01a1n.\u00a0<\/span><\/p>\n<h3><i><span style=\"font-weight: 400;\">2.3. T\u1ed1i \u01b0u tr\u1ea3i nghi\u1ec7m c\u1ee7a kh\u00e1ch h\u00e0ng<\/span><\/i><\/h3>\n<p><span style=\"font-weight: 400;\">B\u1ec1 m\u1eb7t men nano b\u00f3ng v\u1eeba mang \u0111\u1ebfn v\u1ebb \u0111\u1eb9p sang tr\u1ecdng, thu h\u00fat v\u1eeba thu\u1eadn ti\u1ec7n cho vi\u1ec7c ch\u0103m s\u00f3c v\u00e0 v\u1ec7 sinh s\u00e0n t\u01b0\u1eddng.<\/span><\/p>\n<p><span style=\"font-weight: 400;\">\u0110\u1ed9 b\u1ec1n u\u1ed1n v\u00e0 ch\u1ecbu l\u1ef1c t\u1ed1t, k\u00edch th\u01b0\u1edbc ph\u1ed5 th\u00f4ng n\u00ean c\u00f3 kh\u1ea3 n\u0103ng \u1ee9ng d\u1ee5ng trong c\u1ea3 l\u00e1t n\u1ec1n v\u00e0 \u1ed1p t\u01b0\u1eddng, mang \u0111\u1ebfn th\u1ea9m m\u1ef9 \u0111\u1ed3ng b\u1ed9 v\u00e0 h\u00e0i h\u00f2a.\u00a0<\/span><\/p>\n<p><span style=\"font-weight: 400;\">Tr\u00ean \u0111\u00e2y l\u00e0 nh\u1eefng \u0111\u1eb7c \u0111i\u1ec3m n\u1ed5i b\u1eadt v\u00e0 l\u01b0u \u00fd khi qu\u00fd kh\u00e1ch l\u1ef1a ch\u1ecdn v\u00e0 s\u1eed d\u1ee5ng g\u1ea1ch \u1ed1p l\u00e1t <strong>PPG8080121S3<\/strong>. Hy v\u1ecdng b\u00e0i vi\u1ebft s\u1ebd gi\u00fap \u00edch cho qu\u00fd v\u1ecb \u0111\u1ec3 l\u1ef1a ch\u1ecdn \u0111\u01b0\u1ee3c s\u1ea3n ph\u1ea9m ph\u00f9 h\u1ee3p nh\u1ea5t v\u1edbi kh\u00f4ng gian v\u00e0 chi ph\u00ed c\u1ee7a gia \u0111\u00ecnh.\u00a0<\/span><\/p>\n<p><span style=\"font-weight: 400;\">Vui l\u00f2ng \u0111\u1ec3 l\u1ea1i th\u00f4ng tin d\u01b0\u1edbi h\u1ed9p th\u01b0 d\u01b0\u1edbi \u0111\u00e2y n\u1ebfu qu\u00fd v\u1ecb c\u1ea7n gi\u1ea3i \u0111\u00e1p th\u1eafc m\u1eafc ho\u1eb7c nh\u1eadn s\u1ef1 t\u01b0 v\u1ea5n t\u1eeb chuy\u00ean gia c\u1ee7a CMC Tiles!<\/span><\/p>\n<p>&nbsp;<\/p>","protected":false},"excerpt":{"rendered":"<p>S\u1edf h\u1eefu gam m\u00e0u ghi xanh \u0111\u1ed9c l\u1ea1 v\u00e0 \u1ea5n t\u01b0\u1ee3ng, s\u1ea3n ph\u1ea9m g\u1ea1ch \u1ed1p l\u00e1t PPG8080121S3\u00a0th\u1ed5i v\u00e0o kh\u00f4ng gian s\u1ed1ng s\u1ef1 tho\u00e1ng \u0111\u00e3ng, an y\u00ean nh\u01b0ng v\u1eabn kh\u00f4ng k\u00e9m ph\u1ea7n sang tr\u1ecdng.\u00a0 Th\u00f4ng s\u1ed1 s\u1ea3n ph\u1ea9m\u00a0 M\u00e3 s\u1ea3n ph\u1ea9m PPG8080121S3 Th\u01b0\u01a1ng hi\u1ec7u G\u1ea1ch \u1ed1p l\u00e1t PRATO Ph\u00e2n lo\u1ea1i G\u1ea1ch \u1ed1p l\u00e1t\u00a0 M\u00e0u s\u1eafc M\u00e0u [&hellip;]<\/p>\n","protected":false},"featured_media":29912,"comment_status":"open","ping_status":"closed","template":"","meta":[],"product_brand":[],"product_cat":[1076,1015,1083,1092,1023],"product_tag":[],"class_list":{"0":"post-33307","1":"product","2":"type-product","3":"status-publish","4":"has-post-thumbnail","6":"product_cat-gach-op-lat","7":"product_cat-gach-lat","8":"product_cat-gach-lat-nen-van-da","9":"product_cat-gach-op-lat-prato","10":"product_cat-porcelain","12":"first","13":"instock","14":"taxable","15":"shipping-taxable","16":"purchasable","17":"product-type-simple"},"_links":{"self":[{"href":"https:\/\/cmctiles.vn\/en\/wp-json\/wp\/v2\/product\/33307","targetHints":{"allow":["GET"]}}],"collection":[{"href":"https:\/\/cmctiles.vn\/en\/wp-json\/wp\/v2\/product"}],"about":[{"href":"https:\/\/cmctiles.vn\/en\/wp-json\/wp\/v2\/types\/product"}],"replies":[{"embeddable":true,"href":"https:\/\/cmctiles.vn\/en\/wp-json\/wp\/v2\/comments?post=33307"}],"version-history":[{"count":1,"href":"https:\/\/cmctiles.vn\/en\/wp-json\/wp\/v2\/product\/33307\/revisions"}],"predecessor-version":[{"id":33314,"href":"https:\/\/cmctiles.vn\/en\/wp-json\/wp\/v2\/product\/33307\/revisions\/33314"}],"wp:featuredmedia":[{"embeddable":true,"href":"https:\/\/cmctiles.vn\/en\/wp-json\/wp\/v2\/media\/29912"}],"wp:attachment":[{"href":"https:\/\/cmctiles.vn\/en\/wp-json\/wp\/v2\/media?parent=33307"}],"wp:term":[{"taxonomy":"product_brand","embeddable":true,"href":"https:\/\/cmctiles.vn\/en\/wp-json\/wp\/v2\/product_brand?post=33307"},{"taxonomy":"product_cat","embeddable":true,"href":"https:\/\/cmctiles.vn\/en\/wp-json\/wp\/v2\/product_cat?post=33307"},{"taxonomy":"product_tag","embeddable":true,"href":"https:\/\/cmctiles.vn\/en\/wp-json\/wp\/v2\/product_tag?post=33307"}],"curies":[{"name":"wp","href":"https:\/\/api.w.org\/{rel}","templated":true}]}}