{"id":33214,"date":"2025-05-29T14:27:14","date_gmt":"2025-05-29T07:27:14","guid":{"rendered":"https:\/\/cmctiles.vn\/?post_type=product&#038;p=33214"},"modified":"2025-05-29T14:41:32","modified_gmt":"2025-05-29T07:41:32","slug":"ngoi-gom-trang-men-cao-cap-galaxy-mau-xanh-reu-rf102","status":"publish","type":"product","link":"https:\/\/cmctiles.vn\/en\/ceramic\/ngoi-gom-trang-men-cao-cap-galaxy-mau-xanh-reu-rf102.html","title":{"rendered":"Ng\u00f3i g\u1ed1m tr\u00e1ng men cao c\u1ea5p GALAXY m\u00e0u xanh r\u00eau RF102"},"content":{"rendered":"<p data-start=\"1538\" data-end=\"1756\">Trong th\u1ebf gi\u1edbi c\u1ee7a nh\u1eefng c\u00f4ng tr\u00ecnh cao c\u1ea5p, t\u1eebng chi ti\u1ebft \u0111\u1ec1u g\u00f3p ph\u1ea7n ki\u1ebfn t\u1ea1o n\u00ean gi\u00e1 tr\u1ecb v\u00e0 \u0111\u1eb3ng c\u1ea5p. M\u1ed9t m\u00e1i nh\u00e0 \u0111\u1eb9p kh\u00f4ng ch\u1ec9 \u0111\u00f2i h\u1ecfi s\u1ef1 ki\u00ean c\u1ed1, m\u00e0 c\u00f2n c\u1ea7n \u0111\u1ebfn v\u1eadt li\u1ec7u mang th\u1ea7n th\u00e1i th\u1ea9m m\u1ef9 ri\u00eang bi\u1ec7t. <strong data-start=\"1758\" data-end=\"1784\">Ng\u00f3i g\u1ed1m tr\u00e1ng men cao c\u1ea5p GALAXY<\/strong> ch\u00ednh l\u00e0 s\u1ef1 giao thoa gi\u1eefa ngh\u1ec7 thu\u1eadt th\u1ee7 c\u00f4ng tinh x\u1ea3o v\u00e0 k\u1ef9 thu\u1eadt hi\u1ec7n \u0111\u1ea1i. \u0110\u01b0\u1ee3c nung \u1edf nhi\u1ec7t \u0111\u1ed9 cao, ph\u1ee7 men ch\u1ed1ng th\u1ea5m \u0111a t\u1ea7ng, s\u1ea3n ph\u1ea9m kh\u00f4ng ch\u1ec9 kh\u00e1ng n\u01b0\u1edbc, ch\u1ed1ng th\u1ea5m ch\u1ed1ng d\u1ed9t hi\u1ec7u qu\u1ea3 m\u00e0 c\u00f2n \u0111\u1ea3m b\u1ea3o \u0111\u1ed9 ch\u1eafc ch\u1eafn, b\u1ec1n b\u1ec9 tr\u01b0\u1eddng t\u1ed3n v\u01b0\u1ee3t th\u1eddi gian.<\/p>\n<h2><b>1. Th\u00f4ng s\u1ed1 s\u1ea3n ph\u1ea9m<\/b><\/h2>\n<table>\n<tbody>\n<tr>\n<td>M\u00e3 s\u1ea3n ph\u1ea9m<\/td>\n<td><strong>RF102<\/strong><\/td>\n<\/tr>\n<tr>\n<td>BRANDS<\/td>\n<td>Ng\u00f3i g\u1ed1m tr\u00e1ng men GALAXY<\/td>\n<\/tr>\n<tr>\n<td>Ph\u00e2n lo\u1ea1i<\/td>\n<td>Ng\u00f3i g\u1ed1m tr\u00e1ng men 1 v\u00edt<\/td>\n<\/tr>\n<tr>\n<td>M\u00e0u s\u1eafc<\/td>\n<td>M\u00e0u xanh r\u00eau<\/td>\n<\/tr>\n<tr>\n<td>Sizes<\/td>\n<td>416 x 310 mm<\/td>\n<\/tr>\n<tr>\n<td>Tr\u1ecdng l\u01b0\u1ee3ng<\/td>\n<td>27kg\/ h\u1ed9p\/ 08 vi\u00ean<\/td>\n<\/tr>\n<tr>\n<td>MATERIALS<\/td>\n<td>Ceramic<\/td>\n<\/tr>\n<tr>\n<td>Surfaces<\/td>\n<td>Men B\u00f3ng<\/td>\n<\/tr>\n<tr>\n<td>Outstanding features<\/td>\n<td>\n<ul>\n<li aria-level=\"1\">Ch\u1ea5t li\u1ec7u x\u01b0\u01a1ng g\u1ed1m nung \u00e9p tr\u00ean 1.100 \u0111\u1ed9 C<\/li>\n<li aria-level=\"1\">C\u00f4ng ngh\u1ec7 men \u0111a t\u1ea7ng, tr\u00e1ng ph\u1ee7 men ch\u1ed1ng th\u1ea5m 2 m\u1eb7t<\/li>\n<li aria-level=\"1\">Thi\u1ebft k\u1ebf d\u1ea1ng m\u0169i s\u00f3ng tr\u00f4i tho\u00e1t n\u01b0\u1edbc t\u1ed1t, ch\u1ed1ng h\u1eaft d\u1ed9t<\/li>\n<li aria-level=\"1\">M\u00e0u s\u1eafc hi\u1ec7n \u0111\u1ea1i, th\u1eddi th\u01b0\u1ee3ng v\u00e0 tr\u1ebb trung<\/li>\n<li aria-level=\"1\">Cam k\u1ebft b\u1ea3o h\u00e0nh \u0111\u1ed1i v\u1edbi h\u00e0ng lo\u1ea1i 1 trong \u0111i\u1ec1u ki\u1ec7n thi c\u00f4ng theo h\u01b0\u1edbng d\u1eabn<\/li>\n<\/ul>\n<\/td>\n<\/tr>\n<tr>\n<td>APPLICATIONS<\/td>\n<td>\u0110a d\u1ea1ng, v\u00ed d\u1ee5 ki\u1ebfn tr\u00fac nh\u00e0 \u1ed1ng, c\u00f4ng tr\u00ecnh d\u00e2n d\u1ee5ng, khu chung c\u01b0, bi\u1ec7t th\u1ef1 cao c\u1ea5p\u2026<\/td>\n<\/tr>\n<\/tbody>\n<\/table>\n<h2><b>2. C\u00f4ng n\u0103ng \u01b0u vi\u1ec7t c\u1ee7a Ng\u00f3i g\u1ed1m tr\u00e1ng men RF102 \u2013 s\u1ef1 l\u1ef1a ch\u1ecdn ho\u00e0n h\u1ea3o cho m\u1ecdi c\u00f4ng tr\u00ecnh<\/b><\/h2>\n<p data-start=\"706\" data-end=\"981\"><strong data-start=\"735\" data-end=\"761\"><img fetchpriority=\"high\" decoding=\"async\" class=\"wp-image-33015 aligncenter\" src=\"https:\/\/cmctiles.vn\/wp-content\/uploads\/2021\/08\/497765081_1314687897331010_351141795929898155_n-300x300.jpg\" alt=\"\" width=\"992\" height=\"992\" title=\"\" srcset=\"https:\/\/cmctiles.vn\/wp-content\/uploads\/2021\/08\/497765081_1314687897331010_351141795929898155_n-300x300.jpg 300w, https:\/\/cmctiles.vn\/wp-content\/uploads\/2021\/08\/497765081_1314687897331010_351141795929898155_n-1024x1024.jpg 1024w, https:\/\/cmctiles.vn\/wp-content\/uploads\/2021\/08\/497765081_1314687897331010_351141795929898155_n-150x150.jpg 150w, https:\/\/cmctiles.vn\/wp-content\/uploads\/2021\/08\/497765081_1314687897331010_351141795929898155_n-768x768.jpg 768w, https:\/\/cmctiles.vn\/wp-content\/uploads\/2021\/08\/497765081_1314687897331010_351141795929898155_n-1536x1536.jpg 1536w, https:\/\/cmctiles.vn\/wp-content\/uploads\/2021\/08\/497765081_1314687897331010_351141795929898155_n-12x12.jpg 12w, https:\/\/cmctiles.vn\/wp-content\/uploads\/2021\/08\/497765081_1314687897331010_351141795929898155_n-280x280.jpg 280w, https:\/\/cmctiles.vn\/wp-content\/uploads\/2021\/08\/497765081_1314687897331010_351141795929898155_n-600x600.jpg 600w, https:\/\/cmctiles.vn\/wp-content\/uploads\/2021\/08\/497765081_1314687897331010_351141795929898155_n-500x500.jpg 500w, https:\/\/cmctiles.vn\/wp-content\/uploads\/2021\/08\/497765081_1314687897331010_351141795929898155_n-100x100.jpg 100w, https:\/\/cmctiles.vn\/wp-content\/uploads\/2021\/08\/497765081_1314687897331010_351141795929898155_n.jpg 2048w\" sizes=\"(max-width: 992px) 100vw, 992px\" \/><\/strong><\/p>\n<p style=\"text-align: center;\" data-start=\"706\" data-end=\"981\"><em>Ng\u00f3i g\u1ed1m tr\u00e1ng men GALAXY thi\u1ebft k\u1ebf hi\u1ec7n \u0111\u1ea1i \u2013 m\u00e0u s\u1eafc th\u1eddi th\u01b0\u1ee3ng<\/em><\/p>\n<p data-start=\"706\" data-end=\"981\"><strong data-start=\"735\" data-end=\"761\">Ng\u00f3i g\u1ed1m tr\u00e1ng men REFINA<\/strong>\u00a0\u0111\u01b0\u1ee3c \u1ee9ng d\u1ee5ng r\u1ed9ng r\u00e3i trong c\u00e1c c\u00f4ng tr\u00ecnh ki\u1ebfn tr\u00fac t\u1eeb bi\u1ec7t th\u1ef1, nh\u00e0 ph\u1ed1 cao c\u1ea5p \u0111\u1ebfn \u0111\u1ec1n ch\u00f9a, khu ngh\u1ec9 d\u01b0\u1ee1ng. S\u1ea3n ph\u1ea9m kh\u00f4ng ch\u1ec9 t\u1ea1o n\u00ean v\u1ebb \u0111\u1eb9p th\u1ea9m m\u1ef9 tinh t\u1ebf cho m\u00e1i nh\u00e0 m\u00e0 c\u00f2n s\u1edf h\u1eefu h\u00e0ng lo\u1ea1t c\u00f4ng n\u0103ng v\u01b0\u1ee3t tr\u1ed9i:<\/p>\n<div class=\"x11i5rnm xat24cr x1mh8g0r x1vvkbs xtlvy1s x126k92a\">\n<ul>\n<li dir=\"auto\"><strong>M\u00e0u s\u1eafc t\u01b0\u01a1i s\u00e1ng v\u00e0 b\u1ec1n b\u1ec9:<\/strong>\u00a0L\u1edbp men m\u00e0u cao c\u1ea5p tr\u00e1ng ph\u1ee7 \u0111\u1ec1u m\u1eb7t ng\u00f3i, \u0111\u01b0\u1ee3c b\u1ea3o v\u1ec7 b\u1edfi l\u1edbp men nano tr\u00ean c\u00f9ng gi\u00fap m\u00e0u s\u1eafc ng\u00f3i t\u01b0\u01a1i s\u00e1ng, kh\u00f4ng d\u1ec5 phai m\u00e0u d\u01b0\u1edbi s\u1ef1 t\u00e1c \u0111\u1ed9ng ngo\u1ea1i c\u1ea3nh.<\/li>\n<li dir=\"auto\"><strong>Ch\u1ed1ng th\u1ea5m d\u1ed9t hi\u1ec7u qu\u1ea3:<\/strong>\u00a0C\u00f4ng ngh\u1ec7 men ph\u1ee7 \u0111a t\u1ea7ng k\u1ebft h\u1ee3p hi\u1ec7u \u1ee9ng l\u00e1 sen tr\u00ean c\u1ea3 hai m\u1eb7t gi\u00fap ng\u00f3i kh\u00e1ng n\u01b0\u1edbc t\u1ed1i \u0111a, ch\u1ed1ng r\u00eau m\u1ed1c, ch\u1ed1ng th\u1ea5m d\u1ed9t v\u00e0 t\u1ef1 l\u00e0m s\u1ea1ch hi\u1ec7u qu\u1ea3.<\/li>\n<li dir=\"auto\"><strong>B\u1ec1n \u0111\u1eb9p v\u1edbi th\u1eddi gian:<\/strong>\u00a0X\u01b0\u01a1ng ng\u00f3i ceramic \u0111\u01b0\u1ee3c nung r\u00e8n tr\u00ean 1.100 \u0111\u1ed9 C, k\u1ebft c\u1ea5u \u0111\u1eb7c ch\u1eafc, \u0111\u01b0\u1ee3c cam k\u1ebft ch\u00ednh h\u00e3ng b\u1ea3o h\u00e0nh tr\u00ean 39 n\u0103m \u0111\u1ed1i v\u1edbi s\u1ea3n ph\u1ea9m lo\u1ea1i 1 trong \u0111i\u1ec1u ki\u1ec7n thi c\u00f4ng theo h\u01b0\u1edbng d\u1eabn.<\/li>\n<\/ul>\n<\/div>\n<p>Tr\u00ean \u0111\u00e2y l\u00e0 nh\u1eefng \u0111\u1eb7c \u0111i\u1ec3m n\u1ed5i b\u1eadt v\u00e0 l\u01b0u \u00fd khi qu\u00fd kh\u00e1ch l\u1ef1a ch\u1ecdn v\u00e0 s\u1eed d\u1ee5ng g\u1ea1ch Ng\u00f3i g\u1ed1m l\u1ee3p nh\u00e0<strong>.<\/strong>\u00a0Hy v\u1ecdng b\u00e0i vi\u1ebft s\u1ebd gi\u00fap \u00edch cho qu\u00fd v\u1ecb \u0111\u1ec3 l\u1ef1a ch\u1ecdn \u0111\u01b0\u1ee3c s\u1ea3n ph\u1ea9m ph\u00f9 h\u1ee3p nh\u1ea5t v\u1edbi kh\u00f4ng gian v\u00e0 chi ph\u00ed c\u1ee7a gia \u0111\u00ecnh.<\/p>\n<p>Vui l\u00f2ng \u0111\u1ec3 l\u1ea1i th\u00f4ng tin d\u01b0\u1edbi h\u1ed9p th\u01b0 d\u01b0\u1edbi \u0111\u00e2y n\u1ebfu qu\u00fd v\u1ecb c\u1ea7n gi\u1ea3i \u0111\u00e1p th\u1eafc m\u1eafc ho\u1eb7c nh\u1eadn s\u1ef1 t\u01b0 v\u1ea5n t\u1eeb chuy\u00ean gia c\u1ee7a CMC Tiles!<\/p>","protected":false},"excerpt":{"rendered":"<p>Trong th\u1ebf gi\u1edbi c\u1ee7a nh\u1eefng c\u00f4ng tr\u00ecnh cao c\u1ea5p, t\u1eebng chi ti\u1ebft \u0111\u1ec1u g\u00f3p ph\u1ea7n ki\u1ebfn t\u1ea1o n\u00ean gi\u00e1 tr\u1ecb v\u00e0 \u0111\u1eb3ng c\u1ea5p. M\u1ed9t m\u00e1i nh\u00e0 \u0111\u1eb9p kh\u00f4ng ch\u1ec9 \u0111\u00f2i h\u1ecfi s\u1ef1 ki\u00ean c\u1ed1, m\u00e0 c\u00f2n c\u1ea7n \u0111\u1ebfn v\u1eadt li\u1ec7u mang th\u1ea7n th\u00e1i th\u1ea9m m\u1ef9 ri\u00eang bi\u1ec7t. Ng\u00f3i g\u1ed1m tr\u00e1ng men cao c\u1ea5p GALAXY ch\u00ednh [&hellip;]<\/p>\n","protected":false},"featured_media":33243,"comment_status":"open","ping_status":"closed","template":"","meta":[],"product_brand":[],"product_cat":[1009,1020,1022],"product_tag":[],"class_list":{"0":"post-33214","1":"product","2":"type-product","3":"status-publish","4":"has-post-thumbnail","6":"product_cat-ceramic","7":"product_cat-ngoi-trang-men","8":"product_cat-ngoi-trang-men-galaxy","10":"first","11":"instock","12":"taxable","13":"shipping-taxable","14":"product-type-simple"},"_links":{"self":[{"href":"https:\/\/cmctiles.vn\/en\/wp-json\/wp\/v2\/product\/33214","targetHints":{"allow":["GET"]}}],"collection":[{"href":"https:\/\/cmctiles.vn\/en\/wp-json\/wp\/v2\/product"}],"about":[{"href":"https:\/\/cmctiles.vn\/en\/wp-json\/wp\/v2\/types\/product"}],"replies":[{"embeddable":true,"href":"https:\/\/cmctiles.vn\/en\/wp-json\/wp\/v2\/comments?post=33214"}],"version-history":[{"count":4,"href":"https:\/\/cmctiles.vn\/en\/wp-json\/wp\/v2\/product\/33214\/revisions"}],"predecessor-version":[{"id":33235,"href":"https:\/\/cmctiles.vn\/en\/wp-json\/wp\/v2\/product\/33214\/revisions\/33235"}],"wp:featuredmedia":[{"embeddable":true,"href":"https:\/\/cmctiles.vn\/en\/wp-json\/wp\/v2\/media\/33243"}],"wp:attachment":[{"href":"https:\/\/cmctiles.vn\/en\/wp-json\/wp\/v2\/media?parent=33214"}],"wp:term":[{"taxonomy":"product_brand","embeddable":true,"href":"https:\/\/cmctiles.vn\/en\/wp-json\/wp\/v2\/product_brand?post=33214"},{"taxonomy":"product_cat","embeddable":true,"href":"https:\/\/cmctiles.vn\/en\/wp-json\/wp\/v2\/product_cat?post=33214"},{"taxonomy":"product_tag","embeddable":true,"href":"https:\/\/cmctiles.vn\/en\/wp-json\/wp\/v2\/product_tag?post=33214"}],"curies":[{"name":"wp","href":"https:\/\/api.w.org\/{rel}","templated":true}]}}