{"id":33174,"date":"2025-05-29T11:19:11","date_gmt":"2025-05-29T04:19:11","guid":{"rendered":"https:\/\/cmctiles.vn\/?post_type=product&#038;p=33174"},"modified":"2025-05-29T11:19:12","modified_gmt":"2025-05-29T04:19:12","slug":"ngoi-gom-trang-men-cmc-mau-xanh-than-rf09","status":"publish","type":"product","link":"https:\/\/cmctiles.vn\/en\/ceramic\/ngoi-gom-trang-men-cmc-mau-xanh-than-rf09.html","title":{"rendered":"Ng\u00f3i g\u1ed1m tr\u00e1ng men CMC m\u00e0u xanh than RF09"},"content":{"rendered":"<p data-start=\"1623\" data-end=\"1845\">Trong xu h\u01b0\u1edbng thi\u1ebft k\u1ebf hi\u1ec7n \u0111\u1ea1i, m\u00e1i nh\u00e0 kh\u00f4ng ch\u1ec9 l\u00e0 n\u01a1i che n\u1eafng che m\u01b0a, m\u00e0 c\u00f2n l\u00e0 bi\u1ec3u t\u01b0\u1ee3ng c\u1ee7a gu th\u1ea9m m\u1ef9 v\u00e0 phong c\u00e1ch s\u1ed1ng c\u00e1 nh\u00e2n. <strong data-start=\"1866\" data-end=\"1892\">Ng\u00f3i g\u1ed1m tr\u00e1ng men CMC<\/strong> mang \u0111\u1ebfn m\u1ed9t gi\u1ea3i ph\u00e1p v\u1eadt li\u1ec7u l\u1ee3p m\u00e1i h\u1eefu hi\u1ec7u v\u1edbi s\u1ef1 h\u00f2a quy\u1ec7n h\u00e0i h\u00f2a gi\u1eefa c\u00f4ng ngh\u1ec7 hi\u1ec7n \u0111\u1ea1i v\u00e0 gi\u00e1 tr\u1ecb m\u00e1i ng\u00f3i truy\u1ec1n th\u1ed1ng, \u0111\u00e1p \u1ee9ng nhu c\u1ea7u c\u1ee7a th\u1ecb tr\u01b0\u1eddng v\u1ec1 nh\u1eefng d\u00f2ng v\u1eadt li\u1ec7u ng\u00f3i l\u1ee3p nh\u00e0 cao c\u1ea5p, b\u1ec1n m\u00e0u, th\u00e2n thi\u1ec7n v\u1edbi m\u00f4i tr\u01b0\u1eddng v\u00e0 ti\u1ebft ki\u1ec7m chi ph\u00ed b\u1ea3o tr\u00ec l\u00e2u d\u00e0i.<\/p>\n<h2><b>1. Th\u00f4ng s\u1ed1 s\u1ea3n ph\u1ea9m<\/b><\/h2>\n<table style=\"width: 804px; height: 430px;\">\n<tbody>\n<tr style=\"height: 24px;\">\n<td style=\"height: 24px;\">M\u00e3 s\u1ea3n ph\u1ea9m<\/td>\n<td style=\"height: 24px;\"><strong>RF09<\/strong><\/td>\n<\/tr>\n<tr style=\"height: 24px;\">\n<td style=\"height: 24px;\">BRANDS<\/td>\n<td style=\"height: 24px;\">Ng\u00f3i g\u1ed1m tr\u00e1ng men CMC<\/td>\n<\/tr>\n<tr style=\"height: 24px;\">\n<td style=\"height: 24px;\">Ph\u00e2n lo\u1ea1i<\/td>\n<td style=\"height: 24px;\">Ng\u00f3i g\u1ed1m tr\u00e1ng men 2 v\u00edt<\/td>\n<\/tr>\n<tr style=\"height: 24px;\">\n<td style=\"height: 24px;\">M\u00e0u s\u1eafc<\/td>\n<td style=\"height: 24px;\">M\u00e0u xanh t\u00edm than<\/td>\n<\/tr>\n<tr style=\"height: 24px;\">\n<td style=\"height: 24px;\">Sizes<\/td>\n<td style=\"height: 24px;\">415 x 310 mm<\/td>\n<\/tr>\n<tr style=\"height: 24px;\">\n<td style=\"height: 24px;\">Tr\u1ecdng l\u01b0\u1ee3ng<\/td>\n<td style=\"height: 24px;\">23kg\/ h\u1ed9p\/ 08 vi\u00ean<\/td>\n<\/tr>\n<tr style=\"height: 24px;\">\n<td style=\"height: 24px;\">MATERIALS<\/td>\n<td style=\"height: 24px;\">Ceramic<\/td>\n<\/tr>\n<tr style=\"height: 24px;\">\n<td style=\"height: 24px;\">Surfaces<\/td>\n<td style=\"height: 24px;\">Men B\u00f3ng<\/td>\n<\/tr>\n<tr style=\"height: 152px;\">\n<td style=\"height: 152px;\">Outstanding features<\/td>\n<td style=\"height: 152px;\">\n<ul>\n<li aria-level=\"1\">Ch\u1ea5t li\u1ec7u x\u01b0\u01a1ng g\u1ed1m nung \u00e9p tr\u00ean 1.100 \u0111\u1ed9 C<\/li>\n<li aria-level=\"1\">C\u00f4ng ngh\u1ec7 men \u0111a t\u1ea7ng, tr\u00e1ng ph\u1ee7 men ch\u1ed1ng th\u1ea5m 2 m\u1eb7t<\/li>\n<li aria-level=\"1\">Thi\u1ebft k\u1ebf d\u1ea1ng m\u0169i s\u00f3ng tr\u00f4i tho\u00e1t n\u01b0\u1edbc t\u1ed1t, ch\u1ed1ng h\u1eaft d\u1ed9t<\/li>\n<li aria-level=\"1\">M\u00e0u s\u1eafc hi\u1ec7n \u0111\u1ea1i, th\u1eddi th\u01b0\u1ee3ng v\u00e0 tr\u1ebb trung<\/li>\n<li aria-level=\"1\">Cam k\u1ebft b\u1ea3o h\u00e0nh \u0111\u1ed1i v\u1edbi h\u00e0ng lo\u1ea1i 1 trong \u0111i\u1ec1u ki\u1ec7n thi c\u00f4ng theo h\u01b0\u1edbng d\u1eabn<\/li>\n<\/ul>\n<\/td>\n<\/tr>\n<tr style=\"height: 24px;\">\n<td style=\"height: 24px;\">APPLICATIONS<\/td>\n<td style=\"height: 24px;\">\u0110a d\u1ea1ng, v\u00ed d\u1ee5 ki\u1ebfn tr\u00fac nh\u00e0 \u1ed1ng, c\u00f4ng tr\u00ecnh d\u00e2n d\u1ee5ng, khu chung c\u01b0, bi\u1ec7t th\u1ef1 cao c\u1ea5p&#8230;<\/td>\n<\/tr>\n<\/tbody>\n<\/table>\n<h2><b>2. C\u00f4ng n\u0103ng \u01b0u vi\u1ec7t c\u1ee7a Ng\u00f3i g\u1ed1m tr\u00e1ng men RF09 \u2013 s\u1ef1 l\u1ef1a ch\u1ecdn ho\u00e0n h\u1ea3o cho m\u1ecdi c\u00f4ng tr\u00ecnh<\/b><\/h2>\n<p data-start=\"706\" data-end=\"981\"><strong data-start=\"735\" data-end=\"761\"><img fetchpriority=\"high\" decoding=\"async\" class=\"wp-image-33026 aligncenter\" src=\"https:\/\/cmctiles.vn\/wp-content\/uploads\/2021\/08\/RF09-300x300.jpg\" alt=\"\" width=\"895\" height=\"895\" title=\"\" srcset=\"https:\/\/cmctiles.vn\/wp-content\/uploads\/2021\/08\/RF09-300x300.jpg 300w, https:\/\/cmctiles.vn\/wp-content\/uploads\/2021\/08\/RF09-1024x1024.jpg 1024w, https:\/\/cmctiles.vn\/wp-content\/uploads\/2021\/08\/RF09-150x150.jpg 150w, https:\/\/cmctiles.vn\/wp-content\/uploads\/2021\/08\/RF09-768x768.jpg 768w, https:\/\/cmctiles.vn\/wp-content\/uploads\/2021\/08\/RF09-1536x1536.jpg 1536w, https:\/\/cmctiles.vn\/wp-content\/uploads\/2021\/08\/RF09-12x12.jpg 12w, https:\/\/cmctiles.vn\/wp-content\/uploads\/2021\/08\/RF09-280x280.jpg 280w, https:\/\/cmctiles.vn\/wp-content\/uploads\/2021\/08\/RF09-600x600.jpg 600w, https:\/\/cmctiles.vn\/wp-content\/uploads\/2021\/08\/RF09-500x500.jpg 500w, https:\/\/cmctiles.vn\/wp-content\/uploads\/2021\/08\/RF09-100x100.jpg 100w, https:\/\/cmctiles.vn\/wp-content\/uploads\/2021\/08\/RF09.jpg 2048w\" sizes=\"(max-width: 895px) 100vw, 895px\" \/><\/strong><\/p>\n<p style=\"text-align: center;\" data-start=\"706\" data-end=\"981\"><em>Ng\u00f3i g\u1ed1m tr\u00e1ng men CMC thi\u1ebft k\u1ebf hi\u1ec7n \u0111\u1ea1i &#8211; m\u00e0u s\u1eafc th\u1eddi th\u01b0\u1ee3ng<\/em><\/p>\n<p data-start=\"706\" data-end=\"981\"><strong data-start=\"735\" data-end=\"761\">Ng\u00f3i g\u1ed1m tr\u00e1ng men CMC<\/strong> \u0111\u01b0\u1ee3c \u1ee9ng d\u1ee5ng r\u1ed9ng r\u00e3i trong c\u00e1c c\u00f4ng tr\u00ecnh ki\u1ebfn tr\u00fac t\u1eeb bi\u1ec7t th\u1ef1, nh\u00e0 ph\u1ed1 cao c\u1ea5p \u0111\u1ebfn \u0111\u1ec1n ch\u00f9a, khu ngh\u1ec9 d\u01b0\u1ee1ng. S\u1ea3n ph\u1ea9m kh\u00f4ng ch\u1ec9 t\u1ea1o n\u00ean v\u1ebb \u0111\u1eb9p th\u1ea9m m\u1ef9 tinh t\u1ebf cho m\u00e1i nh\u00e0 m\u00e0 c\u00f2n s\u1edf h\u1eefu h\u00e0ng lo\u1ea1t c\u00f4ng n\u0103ng v\u01b0\u1ee3t tr\u1ed9i:<\/p>\n<div class=\"x11i5rnm xat24cr x1mh8g0r x1vvkbs xtlvy1s x126k92a\">\n<ul>\n<li dir=\"auto\"><strong>M\u00e0u s\u1eafc t\u01b0\u01a1i s\u00e1ng v\u00e0 b\u1ec1n b\u1ec9:<\/strong> L\u1edbp men m\u00e0u cao c\u1ea5p tr\u00e1ng ph\u1ee7 \u0111\u1ec1u m\u1eb7t ng\u00f3i, \u0111\u01b0\u1ee3c b\u1ea3o v\u1ec7 b\u1edfi l\u1edbp men nano tr\u00ean c\u00f9ng gi\u00fap m\u00e0u s\u1eafc ng\u00f3i t\u01b0\u01a1i s\u00e1ng, kh\u00f4ng d\u1ec5 phai m\u00e0u d\u01b0\u1edbi s\u1ef1 t\u00e1c \u0111\u1ed9ng ngo\u1ea1i c\u1ea3nh.<\/li>\n<li dir=\"auto\"><strong>Ch\u1ed1ng th\u1ea5m d\u1ed9t hi\u1ec7u qu\u1ea3:<\/strong> C\u00f4ng ngh\u1ec7 men ph\u1ee7 \u0111a t\u1ea7ng k\u1ebft h\u1ee3p hi\u1ec7u \u1ee9ng l\u00e1 sen tr\u00ean c\u1ea3 hai m\u1eb7t gi\u00fap ng\u00f3i kh\u00e1ng n\u01b0\u1edbc t\u1ed1i \u0111a, ch\u1ed1ng r\u00eau m\u1ed1c, ch\u1ed1ng th\u1ea5m d\u1ed9t v\u00e0 t\u1ef1 l\u00e0m s\u1ea1ch hi\u1ec7u qu\u1ea3.<\/li>\n<li dir=\"auto\"><strong>B\u1ec1n \u0111\u1eb9p v\u1edbi th\u1eddi gian:<\/strong> X\u01b0\u01a1ng ng\u00f3i ceramic \u0111\u01b0\u1ee3c nung r\u00e8n tr\u00ean 1.100 \u0111\u1ed9 C, k\u1ebft c\u1ea5u \u0111\u1eb7c ch\u1eafc, \u0111\u01b0\u1ee3c cam k\u1ebft ch\u00ednh h\u00e3ng b\u1ea3o h\u00e0nh tr\u00ean 39 n\u0103m \u0111\u1ed1i v\u1edbi s\u1ea3n ph\u1ea9m lo\u1ea1i 1 trong \u0111i\u1ec1u ki\u1ec7n thi c\u00f4ng theo h\u01b0\u1edbng d\u1eabn.<\/li>\n<\/ul>\n<\/div>\n<p>Tr\u00ean \u0111\u00e2y l\u00e0 nh\u1eefng \u0111\u1eb7c \u0111i\u1ec3m n\u1ed5i b\u1eadt v\u00e0 l\u01b0u \u00fd khi qu\u00fd kh\u00e1ch l\u1ef1a ch\u1ecdn v\u00e0 s\u1eed d\u1ee5ng g\u1ea1ch Ng\u00f3i g\u1ed1m l\u1ee3p nh\u00e0<strong>.<\/strong>\u00a0Hy v\u1ecdng b\u00e0i vi\u1ebft s\u1ebd gi\u00fap \u00edch cho qu\u00fd v\u1ecb \u0111\u1ec3 l\u1ef1a ch\u1ecdn \u0111\u01b0\u1ee3c s\u1ea3n ph\u1ea9m ph\u00f9 h\u1ee3p nh\u1ea5t v\u1edbi kh\u00f4ng gian v\u00e0 chi ph\u00ed c\u1ee7a gia \u0111\u00ecnh.<\/p>\n<p>Vui l\u00f2ng \u0111\u1ec3 l\u1ea1i th\u00f4ng tin d\u01b0\u1edbi h\u1ed9p th\u01b0 d\u01b0\u1edbi \u0111\u00e2y n\u1ebfu qu\u00fd v\u1ecb c\u1ea7n gi\u1ea3i \u0111\u00e1p th\u1eafc m\u1eafc ho\u1eb7c nh\u1eadn s\u1ef1 t\u01b0 v\u1ea5n t\u1eeb chuy\u00ean gia c\u1ee7a CMC Tiles!<\/p>","protected":false},"excerpt":{"rendered":"<p>Trong xu h\u01b0\u1edbng thi\u1ebft k\u1ebf hi\u1ec7n \u0111\u1ea1i, m\u00e1i nh\u00e0 kh\u00f4ng ch\u1ec9 l\u00e0 n\u01a1i che n\u1eafng che m\u01b0a, m\u00e0 c\u00f2n l\u00e0 bi\u1ec3u t\u01b0\u1ee3ng c\u1ee7a gu th\u1ea9m m\u1ef9 v\u00e0 phong c\u00e1ch s\u1ed1ng c\u00e1 nh\u00e2n. Ng\u00f3i g\u1ed1m tr\u00e1ng men CMC mang \u0111\u1ebfn m\u1ed9t gi\u1ea3i ph\u00e1p v\u1eadt li\u1ec7u l\u1ee3p m\u00e1i h\u1eefu hi\u1ec7u v\u1edbi s\u1ef1 h\u00f2a quy\u1ec7n h\u00e0i h\u00f2a gi\u1eefa [&hellip;]<\/p>\n","protected":false},"featured_media":33026,"comment_status":"open","ping_status":"closed","template":"","meta":[],"product_brand":[],"product_cat":[1009,1020,1021],"product_tag":[],"class_list":{"0":"post-33174","1":"product","2":"type-product","3":"status-publish","4":"has-post-thumbnail","6":"product_cat-ceramic","7":"product_cat-ngoi-trang-men","8":"product_cat-ngoi-trang-men-cmc","10":"first","11":"instock","12":"taxable","13":"shipping-taxable","14":"product-type-simple"},"_links":{"self":[{"href":"https:\/\/cmctiles.vn\/en\/wp-json\/wp\/v2\/product\/33174","targetHints":{"allow":["GET"]}}],"collection":[{"href":"https:\/\/cmctiles.vn\/en\/wp-json\/wp\/v2\/product"}],"about":[{"href":"https:\/\/cmctiles.vn\/en\/wp-json\/wp\/v2\/types\/product"}],"replies":[{"embeddable":true,"href":"https:\/\/cmctiles.vn\/en\/wp-json\/wp\/v2\/comments?post=33174"}],"version-history":[{"count":3,"href":"https:\/\/cmctiles.vn\/en\/wp-json\/wp\/v2\/product\/33174\/revisions"}],"predecessor-version":[{"id":33219,"href":"https:\/\/cmctiles.vn\/en\/wp-json\/wp\/v2\/product\/33174\/revisions\/33219"}],"wp:featuredmedia":[{"embeddable":true,"href":"https:\/\/cmctiles.vn\/en\/wp-json\/wp\/v2\/media\/33026"}],"wp:attachment":[{"href":"https:\/\/cmctiles.vn\/en\/wp-json\/wp\/v2\/media?parent=33174"}],"wp:term":[{"taxonomy":"product_brand","embeddable":true,"href":"https:\/\/cmctiles.vn\/en\/wp-json\/wp\/v2\/product_brand?post=33174"},{"taxonomy":"product_cat","embeddable":true,"href":"https:\/\/cmctiles.vn\/en\/wp-json\/wp\/v2\/product_cat?post=33174"},{"taxonomy":"product_tag","embeddable":true,"href":"https:\/\/cmctiles.vn\/en\/wp-json\/wp\/v2\/product_tag?post=33174"}],"curies":[{"name":"wp","href":"https:\/\/api.w.org\/{rel}","templated":true}]}}