{"id":32962,"date":"2025-05-24T17:19:50","date_gmt":"2025-05-24T10:19:50","guid":{"rendered":"https:\/\/cmctiles.vn\/?post_type=product&#038;p=32962"},"modified":"2025-05-24T17:24:06","modified_gmt":"2025-05-24T10:24:06","slug":"gach-lat-san-vuon-mau-xam-thanh-lich-van-da-chan-that-pcm4060020s5","status":"publish","type":"product","link":"https:\/\/cmctiles.vn\/en\/ceramic\/gach-lat-san-vuon-mau-xam-thanh-lich-van-da-chan-that-pcm4060020s5.html","title":{"rendered":"G\u1ea1ch l\u00e1t s\u00e2n v\u01b0\u1eddn m\u00e0u x\u00e1m thanh l\u1ecbch v\u00e2n \u0111\u00e1 ch\u00e2n th\u1eadt PCM4060020S5"},"content":{"rendered":"<figure id=\"attachment_32963\" aria-describedby=\"caption-attachment-32963\" style=\"width: 787px\" class=\"wp-caption aligncenter\"><img fetchpriority=\"high\" decoding=\"async\" class=\"wp-image-32963\" src=\"https:\/\/cmctiles.vn\/wp-content\/uploads\/2025\/05\/PCM4060020S5-R1-300x270.jpg\" alt=\"\" width=\"787\" height=\"708\" title=\"\" srcset=\"https:\/\/cmctiles.vn\/wp-content\/uploads\/2025\/05\/PCM4060020S5-R1-300x270.jpg 300w, https:\/\/cmctiles.vn\/wp-content\/uploads\/2025\/05\/PCM4060020S5-R1-1024x922.jpg 1024w, https:\/\/cmctiles.vn\/wp-content\/uploads\/2025\/05\/PCM4060020S5-R1-768x691.jpg 768w, https:\/\/cmctiles.vn\/wp-content\/uploads\/2025\/05\/PCM4060020S5-R1-1536x1382.jpg 1536w, https:\/\/cmctiles.vn\/wp-content\/uploads\/2025\/05\/PCM4060020S5-R1-13x12.jpg 13w, https:\/\/cmctiles.vn\/wp-content\/uploads\/2025\/05\/PCM4060020S5-R1-311x280.jpg 311w, https:\/\/cmctiles.vn\/wp-content\/uploads\/2025\/05\/PCM4060020S5-R1-500x450.jpg 500w, https:\/\/cmctiles.vn\/wp-content\/uploads\/2025\/05\/PCM4060020S5-R1.jpg 2000w\" sizes=\"(max-width: 787px) 100vw, 787px\" \/><figcaption id=\"caption-attachment-32963\" class=\"wp-caption-text\">G\u1ea1ch l\u00e1t s\u00e2n v\u01b0\u1eddn PCM4060020S5 n\u00e2ng t\u1ea7m th\u1ea9m m\u1ef9 cho kh\u00f4ng gian s\u1ed1ng th\u00eam h\u00e0i h\u00f2a v\u00e0 g\u1ea7n g\u0169i v\u1edbi thi\u00ean nhi\u00ean<\/figcaption><\/figure>\n<h2 class=\"wp-caption aligncenter\" aria-describedby=\"caption-attachment-30711\"><b>1. Th\u00f4ng s\u1ed1 s\u1ea3n ph\u1ea9m<\/b><\/h2>\n<table border=\"1\" cellpadding=\"10\">\n<tbody>\n<tr>\n<td>M\u00e3 s\u1ea3n ph\u1ea9m<\/td>\n<td><strong>PCM4060020S5<\/strong><\/td>\n<\/tr>\n<tr>\n<td>BRANDS<\/td>\n<td>G\u1ea1ch \u1ed1p l\u00e1t Prato<\/td>\n<\/tr>\n<tr>\n<td>Ph\u00e2n lo\u1ea1i<\/td>\n<td>Garden floor tiles<\/td>\n<\/tr>\n<tr>\n<td>M\u00e0u s\u1eafc<\/td>\n<td>M\u00e0u x\u00e1m t\u1ef1 nhi\u00ean c\u1ee7a \u0111\u00e1 v\u1edbi h\u1ecda ti\u1ebft trung t\u00e2m n\u1ed5i b\u1eadt<\/td>\n<\/tr>\n<tr>\n<td>Sizes<\/td>\n<td>400\u00d7600 mm<\/td>\n<\/tr>\n<tr>\n<td>\u0110\u1ed9 d\u00e0y<\/td>\n<td>11.5 (mm)<\/td>\n<\/tr>\n<tr>\n<td>MATERIALS<\/td>\n<td>Ceramic<\/td>\n<\/tr>\n<tr>\n<td>Surfaces<\/td>\n<td>Men matt<\/td>\n<\/tr>\n<tr>\n<td>Outstanding features<\/td>\n<td>\n<ul>\n<li aria-level=\"1\">High wear resistance<\/li>\n<li aria-level=\"1\">High-pressure resistance<\/li>\n<li aria-level=\"1\">Anti-acid, anti-slip<\/li>\n<li aria-level=\"1\">Non-ignition, non-expansion<\/li>\n<li aria-level=\"1\">Easy to clean, anti-bacterial, anti-mildew<\/li>\n<\/ul>\n<\/td>\n<\/tr>\n<tr>\n<td>APPLICATIONS<\/td>\n<td>\u0110a d\u1ea1ng, th\u00edch h\u1ee3p cho l\u00e1t s\u00e2n v\u01b0\u1eddn bi\u1ec7t th\u1ef1, l\u1ed1i \u0111i s\u00e2n nh\u00e0 ph\u1ed1, s\u00e2n v\u01b0\u1eddn, khu\u00f4n vi\u00ean chung c\u01b0, s\u00e2n th\u01b0\u1ee3ng\u2026<\/td>\n<\/tr>\n<\/tbody>\n<\/table>\n<h2><b>2.<\/b><b> G\u1ea1ch l\u00e1t s\u00e2n v\u01b0\u1eddn PCM4060020S5<\/b><b><strong>\u00a0<\/strong><\/b><b>\u2013 d\u00f2ng s\u1ea3n ph\u1ea9m g\u1ea1ch l\u00e1t s\u00e2n v\u01b0\u1eddn th\u1ebf h\u1ec7 m\u1edbi c\u1ee7a CMC \u2013 Prato<\/b><\/h2>\n<figure id=\"attachment_32957\" class=\"wp-caption alignnone\" style=\"width: 760px;\" aria-describedby=\"caption-attachment-32957\"><img decoding=\"async\" class=\"alignnone wp-image-32964\" title=\"G\u1ea1ch l\u00e1t s\u00e2n v\u01b0\u1eddn v\u00e2n \u0111\u00e1 t\u1ef1 nhi\u00ean PCM4060019S5 2\" src=\"https:\/\/cmctiles.vn\/wp-content\/uploads\/2025\/05\/PCM4060020S5-scaled-e1748081748117-300x201.jpg\" alt=\"\" width=\"760\" height=\"509\" srcset=\"https:\/\/cmctiles.vn\/wp-content\/uploads\/2025\/05\/PCM4060020S5-scaled-e1748081748117-300x201.jpg 300w, https:\/\/cmctiles.vn\/wp-content\/uploads\/2025\/05\/PCM4060020S5-scaled-e1748081748117-1024x686.jpg 1024w, https:\/\/cmctiles.vn\/wp-content\/uploads\/2025\/05\/PCM4060020S5-scaled-e1748081748117-768x514.jpg 768w, https:\/\/cmctiles.vn\/wp-content\/uploads\/2025\/05\/PCM4060020S5-scaled-e1748081748117-1536x1028.jpg 1536w, https:\/\/cmctiles.vn\/wp-content\/uploads\/2025\/05\/PCM4060020S5-scaled-e1748081748117-2048x1371.jpg 2048w, https:\/\/cmctiles.vn\/wp-content\/uploads\/2025\/05\/PCM4060020S5-scaled-e1748081748117-18x12.jpg 18w, https:\/\/cmctiles.vn\/wp-content\/uploads\/2025\/05\/PCM4060020S5-scaled-e1748081748117-400x268.jpg 400w, https:\/\/cmctiles.vn\/wp-content\/uploads\/2025\/05\/PCM4060020S5-scaled-e1748081748117-500x335.jpg 500w\" sizes=\"(max-width: 760px) 100vw, 760px\" \/><figcaption id=\"caption-attachment-32957\" class=\"wp-caption-text\">G\u1ea1ch l\u00e1t s\u00e2n v\u01b0\u1eddn PCM4060020S5 n\u1ed5i b\u1eadt v\u1edbi phong c\u00e1ch thi\u1ebft k\u1ebf s\u00e1ng t\u1ea1o v\u00e0 l\u1ea1 m\u1eaft<\/figcaption><\/figure>\n<p><span style=\"font-weight: 400;\">Garden floor tiles <\/span><b>PCM4060020S5 <\/b><span style=\"font-weight: 400;\">n\u1ed5i b\u1eadt nh\u1edd h\u1ecda ti\u1ebft k\u1ebft c\u1ea5u s\u1eafc n\u00e9t v\u00e0 chuy\u00ean nghi\u1ec7p, nh\u1eefng \u0111\u01b0\u1eddng v\u00e2n \u0111\u00e1 \u0111\u01b0\u1ee3c s\u1eafp x\u1ebfp m\u1ed9t c\u00e1ch \u0111\u1ec1u \u0111\u1eb7n, t\u1ea1o ra m\u1ed9t m\u00f4-t\u00edp l\u1eb7p l\u1ea1i sinh \u0111\u1ed9ng, \u0111\u1ea7y \u1ea5n t\u01b0\u1ee3ng. C\u00e1ch ph\u1ed1i m\u00e0u gam x\u00e1m, \u0111en v\u00e0 tr\u1eafng c\u0169ng g\u00f3p ph\u1ea7n t\u0103ng c\u01b0\u1eddng hi\u1ec7u \u1ee9ng v\u00e2n \u0111\u00e1, mang l\u1ea1i v\u1ebb sang tr\u1ecdng, \u0111\u1eb3ng c\u1ea5p cho b\u1ec1 m\u1eb7t g\u1ea1ch.<\/span><\/p>\n<p><span style=\"font-weight: 400;\">G\u1ea1ch \u0111\u01b0\u1ee3c s\u1ea3n xu\u1ea5t tr\u00ean n\u1ec1n x\u01b0\u01a1ng Ceramic c\u00f9ng b\u1ec1 m\u1eb7t men matt mang kh\u1ea3 n\u0103ng ch\u1ed1ng tr\u01a1n tr\u01b0\u1ee3t v\u00e0 ch\u1ecbu l\u1ef1c t\u1ed1t, <\/span><b>PCM4060020S5<\/b><span style=\"font-weight: 400;\"> l\u00e0 l\u1ef1a ch\u1ecdn l\u00fd t\u01b0\u1edfng cho c\u00e1c khu v\u1ef1c nh\u01b0 l\u1ed1i \u0111i s\u00e2n v\u01b0\u1eddn, s\u00e2n tr\u01b0\u1edbc, s\u00e2n sau, khu ti\u1ec3u c\u1ea3nh, s\u00e2n th\u01b0\u1ee3ng, ban c\u00f4ng hay khu v\u1ef1c sinh ho\u1ea1t ngo\u00e0i tr\u1eddi. Kh\u00f4ng ch\u1ec9 \u0111\u1ea3m b\u1ea3o an to\u00e0n v\u00e0 b\u1ec1n b\u1ec9, s\u1ea3n ph\u1ea9m c\u00f2n g\u00f3p ph\u1ea7n n\u00e2ng t\u1ea7m th\u1ea9m m\u1ef9 cho kh\u00f4ng gian s\u1ed1ng th\u00eam h\u00e0i h\u00f2a v\u00e0 g\u1ea7n g\u0169i v\u1edbi thi\u00ean nhi\u00ean.<\/span><\/p>","protected":false},"excerpt":{"rendered":"<p>1. Th\u00f4ng s\u1ed1 s\u1ea3n ph\u1ea9m M\u00e3 s\u1ea3n ph\u1ea9m PCM4060020S5 Th\u01b0\u01a1ng hi\u1ec7u G\u1ea1ch \u1ed1p l\u00e1t Prato Ph\u00e2n lo\u1ea1i G\u1ea1ch l\u00e1t s\u00e2n v\u01b0\u1eddn M\u00e0u s\u1eafc M\u00e0u x\u00e1m t\u1ef1 nhi\u00ean c\u1ee7a \u0111\u00e1 v\u1edbi h\u1ecda ti\u1ebft trung t\u00e2m n\u1ed5i b\u1eadt K\u00edch th\u01b0\u1edbc 400\u00d7600 mm \u0110\u1ed9 d\u00e0y 11.5 (mm) Ch\u1ea5t li\u1ec7u Ceramic B\u1ec1 m\u1eb7t Men matt \u0110\u1eb7c \u0111i\u1ec3m n\u1ed5i b\u1eadt [&hellip;]<\/p>\n","protected":false},"featured_media":32964,"comment_status":"open","ping_status":"closed","template":"","meta":[],"product_brand":[],"product_cat":[1009,1015,1083,1076,1092],"product_tag":[],"class_list":{"0":"post-32962","1":"product","2":"type-product","3":"status-publish","4":"has-post-thumbnail","6":"product_cat-ceramic","7":"product_cat-gach-lat","8":"product_cat-gach-lat-nen-van-da","9":"product_cat-gach-op-lat","10":"product_cat-gach-op-lat-prato","12":"first","13":"instock","14":"taxable","15":"shipping-taxable","16":"purchasable","17":"product-type-simple"},"_links":{"self":[{"href":"https:\/\/cmctiles.vn\/en\/wp-json\/wp\/v2\/product\/32962","targetHints":{"allow":["GET"]}}],"collection":[{"href":"https:\/\/cmctiles.vn\/en\/wp-json\/wp\/v2\/product"}],"about":[{"href":"https:\/\/cmctiles.vn\/en\/wp-json\/wp\/v2\/types\/product"}],"replies":[{"embeddable":true,"href":"https:\/\/cmctiles.vn\/en\/wp-json\/wp\/v2\/comments?post=32962"}],"version-history":[{"count":4,"href":"https:\/\/cmctiles.vn\/en\/wp-json\/wp\/v2\/product\/32962\/revisions"}],"predecessor-version":[{"id":32968,"href":"https:\/\/cmctiles.vn\/en\/wp-json\/wp\/v2\/product\/32962\/revisions\/32968"}],"wp:featuredmedia":[{"embeddable":true,"href":"https:\/\/cmctiles.vn\/en\/wp-json\/wp\/v2\/media\/32964"}],"wp:attachment":[{"href":"https:\/\/cmctiles.vn\/en\/wp-json\/wp\/v2\/media?parent=32962"}],"wp:term":[{"taxonomy":"product_brand","embeddable":true,"href":"https:\/\/cmctiles.vn\/en\/wp-json\/wp\/v2\/product_brand?post=32962"},{"taxonomy":"product_cat","embeddable":true,"href":"https:\/\/cmctiles.vn\/en\/wp-json\/wp\/v2\/product_cat?post=32962"},{"taxonomy":"product_tag","embeddable":true,"href":"https:\/\/cmctiles.vn\/en\/wp-json\/wp\/v2\/product_tag?post=32962"}],"curies":[{"name":"wp","href":"https:\/\/api.w.org\/{rel}","templated":true}]}}