{"id":32955,"date":"2025-05-24T17:03:33","date_gmt":"2025-05-24T10:03:33","guid":{"rendered":"https:\/\/cmctiles.vn\/?post_type=product&#038;p=32955"},"modified":"2025-05-30T11:31:54","modified_gmt":"2025-05-30T04:31:54","slug":"gach-lat-san-vuon-van-da-tu-nhien-pcm4060019s5","status":"publish","type":"product","link":"https:\/\/cmctiles.vn\/en\/ceramic\/gach-lat-san-vuon-van-da-tu-nhien-pcm4060019s5.html","title":{"rendered":"G\u1ea1ch l\u00e1t s\u00e2n v\u01b0\u1eddn v\u00e2n \u0111\u00e1 t\u1ef1 nhi\u00ean PCM4060019S5"},"content":{"rendered":"<figure id=\"attachment_33465\" aria-describedby=\"caption-attachment-33465\" style=\"width: 1320px\" class=\"wp-caption alignnone\"><img fetchpriority=\"high\" decoding=\"async\" class=\"wp-image-33465\" src=\"https:\/\/cmctiles.vn\/wp-content\/uploads\/2025\/05\/PCM4060019S5-R2-300x300.jpg\" alt=\"\" width=\"1320\" height=\"1320\" title=\"\" srcset=\"https:\/\/cmctiles.vn\/wp-content\/uploads\/2025\/05\/PCM4060019S5-R2-300x300.jpg 300w, https:\/\/cmctiles.vn\/wp-content\/uploads\/2025\/05\/PCM4060019S5-R2-1024x1024.jpg 1024w, https:\/\/cmctiles.vn\/wp-content\/uploads\/2025\/05\/PCM4060019S5-R2-150x150.jpg 150w, https:\/\/cmctiles.vn\/wp-content\/uploads\/2025\/05\/PCM4060019S5-R2-768x768.jpg 768w, https:\/\/cmctiles.vn\/wp-content\/uploads\/2025\/05\/PCM4060019S5-R2-1536x1536.jpg 1536w, https:\/\/cmctiles.vn\/wp-content\/uploads\/2025\/05\/PCM4060019S5-R2-12x12.jpg 12w, https:\/\/cmctiles.vn\/wp-content\/uploads\/2025\/05\/PCM4060019S5-R2-280x280.jpg 280w, https:\/\/cmctiles.vn\/wp-content\/uploads\/2025\/05\/PCM4060019S5-R2-600x600.jpg 600w, https:\/\/cmctiles.vn\/wp-content\/uploads\/2025\/05\/PCM4060019S5-R2-500x500.jpg 500w, https:\/\/cmctiles.vn\/wp-content\/uploads\/2025\/05\/PCM4060019S5-R2-100x100.jpg 100w, https:\/\/cmctiles.vn\/wp-content\/uploads\/2025\/05\/PCM4060019S5-R2.jpg 1800w\" sizes=\"(max-width: 1320px) 100vw, 1320px\" \/><figcaption id=\"caption-attachment-33465\" class=\"wp-caption-text\">G\u1ea1ch l\u00e1t s\u00e2n v\u01b0\u1eddn PCM4060019S5 n\u00e2ng t\u1ea7m th\u1ea9m m\u1ef9 cho kh\u00f4ng gian s\u1ed1ng th\u00eam h\u00e0i h\u00f2a v\u00e0 g\u1ea7n g\u0169i v\u1edbi thi\u00ean nhi\u00ean<\/figcaption><\/figure>\n<h2><b>1. Th\u00f4ng s\u1ed1 s\u1ea3n ph\u1ea9m<\/b><\/h2>\n<table style=\"height: 703px;\" width=\"748\">\n<tbody>\n<tr>\n<td><span style=\"font-weight: 400;\">M\u00e3 s\u1ea3n ph\u1ea9m<\/span><\/td>\n<td><span style=\"font-weight: 400;\">PCM4060019S5<\/span><\/td>\n<\/tr>\n<tr>\n<td><span style=\"font-weight: 400;\">BRANDS<\/span><\/td>\n<td><span style=\"font-weight: 400;\">G\u1ea1ch \u1ed1p l\u00e1t Prato<\/span><\/td>\n<\/tr>\n<tr>\n<td><span style=\"font-weight: 400;\">Ph\u00e2n lo\u1ea1i<\/span><\/td>\n<td><span style=\"font-weight: 400;\">Ceramic tiles<\/span><\/td>\n<\/tr>\n<tr>\n<td><span style=\"font-weight: 400;\">M\u00e0u s\u1eafc<\/span><\/td>\n<td><span style=\"font-weight: 400;\">M\u00e0u x\u00e1m \u0111\u1eadm, h\u1ecda ti\u1ebft v\u00e2n \u0111\u00e1 t\u1ef1 nhi\u00ean<\/span><\/td>\n<\/tr>\n<tr>\n<td><span style=\"font-weight: 400;\">Sizes<\/span><\/td>\n<td><span style=\"font-weight: 400;\">400 x 600 mm<\/span><\/td>\n<\/tr>\n<tr>\n<td><span style=\"font-weight: 400;\">\u0110\u1ed9 d\u00e0y<\/span><\/td>\n<td><span style=\"font-weight: 400;\">11.5 (mm)<\/span><\/td>\n<\/tr>\n<tr>\n<td><span style=\"font-weight: 400;\">MATERIALS<\/span><\/td>\n<td><span style=\"font-weight: 400;\">Ceramic<\/span><\/td>\n<\/tr>\n<tr>\n<td><span style=\"font-weight: 400;\">Surfaces<\/span><\/td>\n<td><span style=\"font-weight: 400;\">Men matt<\/span><\/td>\n<\/tr>\n<tr>\n<td><span style=\"font-weight: 400;\">Outstanding features<\/span><\/td>\n<td>\n<ul>\n<li style=\"font-weight: 400;\" aria-level=\"1\"><span style=\"font-weight: 400;\">H\u1ecda ti\u1ebft s\u1eafc n\u00e9t, m\u1eabu m\u00e3 \u0111a d\u1ea1ng, ph\u00f9 h\u1ee3p nhi\u1ec1u phong c\u00e1ch s\u00e2n v\u01b0\u1eddn, g\u1ea1ch d\u00e0y d\u1eb7n, ch\u1ecbu l\u1ef1c t\u1ed1t, ph\u00f9 h\u1ee3p cho khu v\u1ef1c ngo\u00e0i tr\u1eddi c\u00f3 l\u01b0u l\u01b0\u1ee3ng di chuy\u1ec3n l\u1edbn<\/span><\/li>\n<li style=\"font-weight: 400;\" aria-level=\"1\"><span style=\"font-weight: 400;\">B\u1ec1 m\u1eb7t ch\u1ed1ng tr\u01a1n tr\u01b0\u1ee3t, an to\u00e0n khi s\u1eed d\u1ee5ng k\u1ec3 c\u1ea3 l\u00fac tr\u1eddi m\u01b0a<\/span><\/li>\n<li style=\"font-weight: 400;\" aria-level=\"1\"><span style=\"font-weight: 400;\">Kh\u00f4ng b\u1eaft ch\u00e1y, kh\u00f4ng gi\u00e3n n\u1edf d\u01b0\u1edbi t\u00e1c \u0111\u1ed9ng c\u1ee7a th\u1eddi ti\u1ebft<\/span><\/li>\n<li style=\"font-weight: 400;\" aria-level=\"1\"><span style=\"font-weight: 400;\">D\u1ec5 v\u1ec7 sinh, ch\u1ed1ng r\u00eau m\u1ed1c, b\u1ec1n m\u00e0u theo th\u1eddi gian<\/span><\/li>\n<\/ul>\n<\/td>\n<\/tr>\n<tr>\n<td><span style=\"font-weight: 400;\">APPLICATIONS<\/span><\/td>\n<td><span style=\"font-weight: 400;\">\u0110a d\u1ea1ng, th\u00edch h\u1ee3p cho l\u00e1t s\u00e2n v\u01b0\u1eddn bi\u1ec7t th\u1ef1, l\u1ed1i \u0111i s\u00e2n nh\u00e0 ph\u1ed1, s\u00e2n v\u01b0\u1eddn, khu\u00f4n vi\u00ean chung c\u01b0, s\u00e2n th\u01b0\u1ee3ng,\u2026<\/span><\/td>\n<\/tr>\n<\/tbody>\n<\/table>\n<h2><span id=\"2_Gach_op_LX_36612M_%E2%80%93_LX_36613DMS8_%E2%80%93_LX_36614MS8_%E2%80%93_dong_san_pham_trung_cap_cua_CMC\" class=\"ez-toc-section\"><\/span><b>2.<\/b><b> G\u1ea1ch l\u00e1t s\u00e2n v\u01b0\u1eddn PCM4060019S5<\/b><b><strong>\u00a0<\/strong><\/b><b>\u2013 d\u00f2ng s\u1ea3n ph\u1ea9m g\u1ea1ch l\u00e1t s\u00e2n v\u01b0\u1eddn th\u1ebf h\u1ec7 m\u1edbi c\u1ee7a CMC &#8211; Prato<\/b><\/h2>\n<p>&nbsp;<\/p>\n<p>Garden floor tiles <strong>PCM4060019S5<\/strong><strong>\u00a0<\/strong>n\u1ed5i b\u1eadt nh\u1edd h\u1ecda ti\u1ebft k\u1ebft c\u1ea5u s\u1eafc n\u00e9t v\u00e0 chuy\u00ean nghi\u1ec7p, nh\u1eefng \u0111\u01b0\u1eddng v\u00e2n \u0111\u00e1 \u0111\u01b0\u1ee3c s\u1eafp x\u1ebfp m\u1ed9t c\u00e1ch \u0111\u1ec1u \u0111\u1eb7n, t\u1ea1o ra m\u1ed9t m\u00f4-t\u00edp l\u1eb7p l\u1ea1i sinh \u0111\u1ed9ng, \u0111\u1ea7y \u1ea5n t\u01b0\u1ee3ng. C\u00e1ch ph\u1ed1i m\u00e0u gam x\u00e1m, \u0111en v\u00e0 tr\u1eafng c\u0169ng g\u00f3p ph\u1ea7n t\u0103ng c\u01b0\u1eddng hi\u1ec7u \u1ee9ng v\u00e2n \u0111\u00e1, mang l\u1ea1i v\u1ebb sang tr\u1ecdng, \u0111\u1eb3ng c\u1ea5p cho b\u1ec1 m\u1eb7t g\u1ea1ch.<\/p>\n<p>G\u1ea1ch \u0111\u01b0\u1ee3c s\u1ea3n xu\u1ea5t tr\u00ean n\u1ec1n x\u01b0\u01a1ng Ceramic c\u00f9ng b\u1ec1 m\u1eb7t men matt mang kh\u1ea3 n\u0103ng ch\u1ed1ng tr\u01a1n tr\u01b0\u1ee3t v\u00e0 ch\u1ecbu l\u1ef1c t\u1ed1t, <strong>PCM4060019S5<\/strong> l\u00e0 l\u1ef1a ch\u1ecdn l\u00fd t\u01b0\u1edfng cho c\u00e1c khu v\u1ef1c nh\u01b0 l\u1ed1i \u0111i s\u00e2n v\u01b0\u1eddn, s\u00e2n tr\u01b0\u1edbc, s\u00e2n sau, khu ti\u1ec3u c\u1ea3nh, s\u00e2n th\u01b0\u1ee3ng, ban c\u00f4ng hay khu v\u1ef1c sinh ho\u1ea1t ngo\u00e0i tr\u1eddi. Kh\u00f4ng ch\u1ec9 \u0111\u1ea3m b\u1ea3o an to\u00e0n v\u00e0 b\u1ec1n b\u1ec9, s\u1ea3n ph\u1ea9m c\u00f2n g\u00f3p ph\u1ea7n n\u00e2ng t\u1ea7m th\u1ea9m m\u1ef9 cho kh\u00f4ng gian s\u1ed1ng th\u00eam h\u00e0i h\u00f2a v\u00e0 g\u1ea7n g\u0169i v\u1edbi thi\u00ean nhi\u00ean.<\/p>","protected":false},"excerpt":{"rendered":"<p>1. Th\u00f4ng s\u1ed1 s\u1ea3n ph\u1ea9m M\u00e3 s\u1ea3n ph\u1ea9m PCM4060019S5 Th\u01b0\u01a1ng hi\u1ec7u G\u1ea1ch \u1ed1p l\u00e1t Prato Ph\u00e2n lo\u1ea1i G\u1ea1ch \u1ed1p l\u00e1t M\u00e0u s\u1eafc M\u00e0u x\u00e1m \u0111\u1eadm, h\u1ecda ti\u1ebft v\u00e2n \u0111\u00e1 t\u1ef1 nhi\u00ean K\u00edch th\u01b0\u1edbc 400 x 600 mm \u0110\u1ed9 d\u00e0y 11.5 (mm) Ch\u1ea5t li\u1ec7u Ceramic B\u1ec1 m\u1eb7t Men matt \u0110\u1eb7c \u0111i\u1ec3m n\u1ed5i b\u1eadt H\u1ecda ti\u1ebft s\u1eafc [&hellip;]<\/p>\n","protected":false},"featured_media":32957,"comment_status":"open","ping_status":"closed","template":"","meta":[],"product_brand":[],"product_cat":[1009,1015,1083,1076,1092],"product_tag":[],"class_list":{"0":"post-32955","1":"product","2":"type-product","3":"status-publish","4":"has-post-thumbnail","6":"product_cat-ceramic","7":"product_cat-gach-lat","8":"product_cat-gach-lat-nen-van-da","9":"product_cat-gach-op-lat","10":"product_cat-gach-op-lat-prato","12":"first","13":"instock","14":"taxable","15":"shipping-taxable","16":"purchasable","17":"product-type-simple"},"_links":{"self":[{"href":"https:\/\/cmctiles.vn\/en\/wp-json\/wp\/v2\/product\/32955","targetHints":{"allow":["GET"]}}],"collection":[{"href":"https:\/\/cmctiles.vn\/en\/wp-json\/wp\/v2\/product"}],"about":[{"href":"https:\/\/cmctiles.vn\/en\/wp-json\/wp\/v2\/types\/product"}],"replies":[{"embeddable":true,"href":"https:\/\/cmctiles.vn\/en\/wp-json\/wp\/v2\/comments?post=32955"}],"version-history":[{"count":6,"href":"https:\/\/cmctiles.vn\/en\/wp-json\/wp\/v2\/product\/32955\/revisions"}],"predecessor-version":[{"id":33466,"href":"https:\/\/cmctiles.vn\/en\/wp-json\/wp\/v2\/product\/32955\/revisions\/33466"}],"wp:featuredmedia":[{"embeddable":true,"href":"https:\/\/cmctiles.vn\/en\/wp-json\/wp\/v2\/media\/32957"}],"wp:attachment":[{"href":"https:\/\/cmctiles.vn\/en\/wp-json\/wp\/v2\/media?parent=32955"}],"wp:term":[{"taxonomy":"product_brand","embeddable":true,"href":"https:\/\/cmctiles.vn\/en\/wp-json\/wp\/v2\/product_brand?post=32955"},{"taxonomy":"product_cat","embeddable":true,"href":"https:\/\/cmctiles.vn\/en\/wp-json\/wp\/v2\/product_cat?post=32955"},{"taxonomy":"product_tag","embeddable":true,"href":"https:\/\/cmctiles.vn\/en\/wp-json\/wp\/v2\/product_tag?post=32955"}],"curies":[{"name":"wp","href":"https:\/\/api.w.org\/{rel}","templated":true}]}}