{"id":32853,"date":"2025-05-22T15:23:01","date_gmt":"2025-05-22T08:23:01","guid":{"rendered":"https:\/\/cmctiles.vn\/?post_type=product&#038;p=32853"},"modified":"2025-05-22T15:36:47","modified_gmt":"2025-05-22T08:36:47","slug":"bo-gach-op-tuong-men-bong-csg4080001s5-csg4080002s5-csg4080003s5-sac-trang-su-sang-trong","status":"publish","type":"product","link":"https:\/\/cmctiles.vn\/en\/gach-op-lat\/bo-gach-op-tuong-men-bong-csg4080001s5-csg4080002s5-csg4080003s5-sac-trang-su-sang-trong.html","title":{"rendered":"B\u1ed9 g\u1ea1ch \u1ed1p t\u01b0\u1eddng men b\u00f3ng CSG4080001S5-CSG4080002S5-CSG4080003S5 s\u1eafc tr\u1eafng s\u1ee9 sang tr\u1ecdng"},"content":{"rendered":"<h2><b>1. Th\u00f4ng s\u1ed1 s\u1ea3n ph\u1ea9m<\/b><\/h2>\n<table>\n<tbody>\n<tr>\n<td>M\u00e3 s\u1ea3n ph\u1ea9m<\/td>\n<td><strong>CSG 4080001S5 &#8211; CSG 4080002S5 &#8211; CSG 4080003S5<\/strong><\/td>\n<\/tr>\n<tr>\n<td>BRANDS<\/td>\n<td>CMC Tiles<\/td>\n<\/tr>\n<tr>\n<td>Ph\u00e2n lo\u1ea1i<\/td>\n<td>G\u1ea1ch \u1ed1p t\u01b0\u1eddng Porcelain<\/td>\n<\/tr>\n<tr>\n<td>M\u00e0u s\u1eafc<\/td>\n<td>M\u00e0u tr\u1eafng s\u1ee9, h\u1ecda ti\u1ebft b\u00ecnh hoa tinh t\u1ebf v\u00e0 sang tr\u1ecdng<\/td>\n<\/tr>\n<tr>\n<td>Sizes<\/td>\n<td>400 x 800 mm<\/td>\n<\/tr>\n<tr>\n<td>\u0110\u1ed9 d\u00e0y<\/td>\n<td>8.5 (mm)<\/td>\n<\/tr>\n<tr>\n<td>MATERIALS<\/td>\n<td>Porcelain BIb<\/td>\n<\/tr>\n<tr>\n<td>Surfaces<\/td>\n<td>Glossy Glaze<\/td>\n<\/tr>\n<tr>\n<td>Outstanding features<\/td>\n<td>\n<ul>\n<li aria-level=\"1\">H\u1ecda ti\u1ebft s\u1eafc n\u00e9t, m\u1eabu m\u00e3 \u0111a d\u1ea1ng<\/li>\n<li aria-level=\"1\">G\u1ea1ch m\u1ecfng nh\u1eb9, c\u1ee9ng v\u1eeba ph\u1ea3i n\u00ean b\u00e1m d\u00ednh t\u01b0\u1eddng t\u1ed1t v\u00e0 b\u1ea3o v\u1ec7 t\u01b0\u1eddng hi\u1ec7u qu\u1ea3<\/li>\n<li aria-level=\"1\">D\u1ec5 \u1ee9ng d\u1ee5ng, d\u1ec5 thi c\u00f4ng<\/li>\n<li aria-level=\"1\">Non-ignition, non-expansion<\/li>\n<li aria-level=\"1\">D\u1ec5 v\u1ec7 sinh, ch\u1ed1ng n\u1ea5m m\u1ed1c<\/li>\n<\/ul>\n<\/td>\n<\/tr>\n<tr>\n<td>APPLICATIONS<\/td>\n<td>\u0110a d\u1ea1ng, v\u00ed d\u1ee5 ki\u1ebfn tr\u00fac t\u01b0\u1eddng nh\u00e0 \u1ed1ng, khu chung c\u01b0, nh\u00e0 \u1edf cao c\u1ea5p, bi\u1ec7t th\u1ef1, ph\u00f2ng kh\u00e1ch, ph\u00f2ng t\u1eafm, nh\u00e0 b\u1ebfp\u2026<\/td>\n<\/tr>\n<\/tbody>\n<\/table>\n<h2><img fetchpriority=\"high\" decoding=\"async\" class=\"wp-image-32863 aligncenter\" src=\"https:\/\/cmctiles.vn\/wp-content\/uploads\/2024\/06\/5-2-300x300.png\" alt=\"\" width=\"1089\" height=\"1089\" title=\"\" srcset=\"https:\/\/cmctiles.vn\/wp-content\/uploads\/2024\/06\/5-2-300x300.png 300w, https:\/\/cmctiles.vn\/wp-content\/uploads\/2024\/06\/5-2-1024x1024.png 1024w, https:\/\/cmctiles.vn\/wp-content\/uploads\/2024\/06\/5-2-150x150.png 150w, https:\/\/cmctiles.vn\/wp-content\/uploads\/2024\/06\/5-2-768x768.png 768w, https:\/\/cmctiles.vn\/wp-content\/uploads\/2024\/06\/5-2-1536x1536.png 1536w, https:\/\/cmctiles.vn\/wp-content\/uploads\/2024\/06\/5-2-12x12.png 12w, https:\/\/cmctiles.vn\/wp-content\/uploads\/2024\/06\/5-2-280x280.png 280w, https:\/\/cmctiles.vn\/wp-content\/uploads\/2024\/06\/5-2-600x600.png 600w, https:\/\/cmctiles.vn\/wp-content\/uploads\/2024\/06\/5-2-500x500.png 500w, https:\/\/cmctiles.vn\/wp-content\/uploads\/2024\/06\/5-2-100x100.png 100w, https:\/\/cmctiles.vn\/wp-content\/uploads\/2024\/06\/5-2.png 2000w\" sizes=\"(max-width: 1089px) 100vw, 1089px\" \/><\/h2>\n<p style=\"text-align: center;\"><em>B\u1ed9 g\u1ea1ch \u1ed1p t\u01b0\u1eddng men b\u00f3ng \u1ee9ng d\u1ee5ng \u0111a d\u1ea1ng kh\u00f4ng gian<\/em><\/p>\n<h2><span id=\"2_Gach_op_LX_36612M_%E2%80%93_LX_36613DMS8_%E2%80%93_LX_36614MS8_%E2%80%93_dong_san_pham_trung_cap_cua_CMC\" class=\"ez-toc-section\"><\/span><b>2.<\/b><b>\u00a0Wall tiles\u00a0<strong>CSG 4080001S5 \u2013 CSG <\/strong><\/b><b><strong>4080002<\/strong><\/b><b><strong>S5 <\/strong><\/b><b><\/b><b><strong>\u2013 CSG 4080003S5 <\/strong><\/b><b>\u2013 d\u00f2ng s\u1ea3n ph\u1ea9m g\u1ea1ch \u1ed1p t\u01b0\u1eddng \u0111ang \u0111\u01b0\u1ee3c kh\u00e1ch h\u00e0ng \u01b0a chu\u1ed9ng nh\u1ea5t<\/b><\/h2>\n<p>B\u1ed9 g\u1ea1ch \u1ed1p t\u01b0\u1eddng CSG4080001S5 &#8211; CSG4080002S5 &#8211; CSG4080003S5 thu\u1ed9c d\u00f2ng s\u1ea3n ph\u1ea9m c\u1eadn cao c\u1ea5p v\u1edbi thi\u1ebft k\u1ebf th\u1eddi th\u01b0\u1ee3ng, hoa v\u0103n hi\u1ec7n \u0111\u1ea1i v\u00e0 sang tr\u1ecdng. \u0110\u1eb7c bi\u1ec7t, s\u1ea3n ph\u1ea9m \u0111\u01b0\u1ee3c s\u1ea3n xu\u1ea5t tr\u00ean c\u00f4ng ngh\u1ec7 x\u01b0\u01a1ng Porcelain BIb c\u1ea3i ti\u1ebfn, gi\u00fap s\u1edf h\u1eefu \u0111\u1ed9 b\u1ec1n v\u01b0\u1ee3t tr\u1ed9i h\u01a1n, c\u1ee9ng c\u00e1p h\u01a1n c\u00f9ng \u0111\u1ed9 th\u1ea5m h\u00fat n\u01b0\u1edbc \u0111\u1ea1t chu\u1ea9n &lt; 3%.<\/p>\n<p>S\u1ea3n ph\u1ea9m l\u00e0 s\u1ef1 l\u1ef1a ch\u1ecdn l\u00fd t\u01b0\u1edfng cho \u0111a d\u1ea1ng kh\u00f4ng gian t\u1eeb ph\u00f2ng kh\u00e1ch sang tr\u1ecdng, ph\u00f2ng b\u1ebfp \u1ea5m c\u00fang v\u00e0 ph\u00f2ng t\u1eafm thanh l\u1ecbch, ph\u00f9 h\u1ee3p v\u1edbi m\u1ecdi phong c\u00e1ch ki\u1ebfn tr\u00fac.<\/p>","protected":false},"excerpt":{"rendered":"<p>1. Th\u00f4ng s\u1ed1 s\u1ea3n ph\u1ea9m M\u00e3 s\u1ea3n ph\u1ea9m CSG 4080001S5 &#8211; CSG 4080002S5 &#8211; CSG 4080003S5 Th\u01b0\u01a1ng hi\u1ec7u G\u1ea1ch \u1ed1p l\u00e1t CMC Ph\u00e2n lo\u1ea1i G\u1ea1ch \u1ed1p t\u01b0\u1eddng Porcelain M\u00e0u s\u1eafc M\u00e0u tr\u1eafng s\u1ee9, h\u1ecda ti\u1ebft b\u00ecnh hoa tinh t\u1ebf v\u00e0 sang tr\u1ecdng K\u00edch th\u01b0\u1edbc 400 x 800 mm \u0110\u1ed9 d\u00e0y 8.5 (mm) Ch\u1ea5t li\u1ec7u Porcelain [&hellip;]<\/p>\n","protected":false},"featured_media":32863,"comment_status":"open","ping_status":"closed","template":"","meta":[],"product_brand":[],"product_cat":[1076,1016,1017],"product_tag":[],"class_list":{"0":"post-32853","1":"product","2":"type-product","3":"status-publish","4":"has-post-thumbnail","6":"product_cat-gach-op-lat","7":"product_cat-gach-op","8":"product_cat-gach-op-lat-cmc","10":"first","11":"instock","12":"taxable","13":"shipping-taxable","14":"purchasable","15":"product-type-simple"},"_links":{"self":[{"href":"https:\/\/cmctiles.vn\/en\/wp-json\/wp\/v2\/product\/32853","targetHints":{"allow":["GET"]}}],"collection":[{"href":"https:\/\/cmctiles.vn\/en\/wp-json\/wp\/v2\/product"}],"about":[{"href":"https:\/\/cmctiles.vn\/en\/wp-json\/wp\/v2\/types\/product"}],"replies":[{"embeddable":true,"href":"https:\/\/cmctiles.vn\/en\/wp-json\/wp\/v2\/comments?post=32853"}],"version-history":[{"count":3,"href":"https:\/\/cmctiles.vn\/en\/wp-json\/wp\/v2\/product\/32853\/revisions"}],"predecessor-version":[{"id":32892,"href":"https:\/\/cmctiles.vn\/en\/wp-json\/wp\/v2\/product\/32853\/revisions\/32892"}],"wp:featuredmedia":[{"embeddable":true,"href":"https:\/\/cmctiles.vn\/en\/wp-json\/wp\/v2\/media\/32863"}],"wp:attachment":[{"href":"https:\/\/cmctiles.vn\/en\/wp-json\/wp\/v2\/media?parent=32853"}],"wp:term":[{"taxonomy":"product_brand","embeddable":true,"href":"https:\/\/cmctiles.vn\/en\/wp-json\/wp\/v2\/product_brand?post=32853"},{"taxonomy":"product_cat","embeddable":true,"href":"https:\/\/cmctiles.vn\/en\/wp-json\/wp\/v2\/product_cat?post=32853"},{"taxonomy":"product_tag","embeddable":true,"href":"https:\/\/cmctiles.vn\/en\/wp-json\/wp\/v2\/product_tag?post=32853"}],"curies":[{"name":"wp","href":"https:\/\/api.w.org\/{rel}","templated":true}]}}