{"id":32205,"date":"2025-01-15T10:04:45","date_gmt":"2025-01-15T03:04:45","guid":{"rendered":"https:\/\/cmctiles.vn\/?post_type=product&#038;p=32205"},"modified":"2025-01-15T10:04:46","modified_gmt":"2025-01-15T03:04:46","slug":"gach-op-lat-mau-xam-ghi-van-da-tu-nhien-rgd8080216s4","status":"publish","type":"product","link":"https:\/\/cmctiles.vn\/en\/gach-op-lat\/gach-op-lat-mau-xam-ghi-van-da-tu-nhien-rgd8080216s4.html","title":{"rendered":"G\u1ea1ch \u1ed1p l\u00e1t m\u00e0u x\u00e1m ghi v\u00e2n \u0111\u00e1 t\u1ef1 nhi\u00ean RGD8080216S4"},"content":{"rendered":"<p>N\u00fai Vesuvius, bi\u1ec3u t\u01b0\u1ee3ng h\u00f9ng v\u0129 c\u1ee7a mi\u1ec1n nam n\u01b0\u1edbc \u00dd, mang trong m\u00ecnh v\u1ebb \u0111\u1eb9p k\u1ef3 di\u1ec7u v\u00e0 s\u1ee9c h\u00fat l\u1ecbch s\u1eed. S\u1eebng s\u1eefng b\u00ean V\u1ecbnh Naples, ng\u1ecdn n\u00fai v\u1edbi mi\u1ec7ng n\u00fai l\u1eeda kh\u1ed5ng l\u1ed3 \u1ea9n ch\u1ee9a s\u1ef1 hoang s\u01a1 \u0111\u1ea7y quy\u1ebfn r\u0169. S\u1ea3n ph\u1ea9m g\u1ea1ch \u1ed1p l\u00e1t <strong>RGD8080216S4<\/strong> t\u00e1i hi\u1ec7n tr\u1ecdn v\u1eb9n v\u1ebb \u0111\u1eb9p t\u1ef1 nhi\u00ean c\u1ee7a Vesuvius, v\u1eeba m\u1ea1nh m\u1ebd, v\u1eeba sang tr\u1ecdng, mang \u0111\u1ebfn m\u1ed9t kh\u00f4ng gian hi\u1ec7n \u0111\u1ea1i v\u1edbi v\u1ebb \u0111\u1eb9p tr\u01b0\u1eddng t\u1ed3n c\u1ee7a t\u1ea1o h\u00f3a.<\/p>\n<figure id=\"attachment_32162\" class=\"wp-caption aligncenter\" aria-describedby=\"caption-attachment-32162\">\n<figure id=\"attachment_32169\" class=\"wp-caption aligncenter\" aria-describedby=\"caption-attachment-32169\">\n<figure id=\"attachment_32194\" class=\"wp-caption aligncenter\" aria-describedby=\"caption-attachment-32194\">\n<p><figure id=\"attachment_32207\" aria-describedby=\"caption-attachment-32207\" style=\"width: 1024px\" class=\"wp-caption aligncenter\"><img fetchpriority=\"high\" decoding=\"async\" class=\"wp-image-32207 size-large\" title=\"G\u1ea1ch \u1ed1p l\u00e1t m\u00e0u x\u00e1m xi m\u0103ng v\u00e2n x\u01b0\u1edbc ch\u00e2n th\u1ef1c RGD8080213S4 1\" src=\"https:\/\/cmctiles.vn\/wp-content\/uploads\/2025\/01\/RGD8080216S4-1024x1024.jpg\" alt=\"\" width=\"1024\" height=\"1024\" srcset=\"https:\/\/cmctiles.vn\/wp-content\/uploads\/2025\/01\/RGD8080216S4-1024x1024.jpg 1024w, https:\/\/cmctiles.vn\/wp-content\/uploads\/2025\/01\/RGD8080216S4-300x300.jpg 300w, https:\/\/cmctiles.vn\/wp-content\/uploads\/2025\/01\/RGD8080216S4-150x150.jpg 150w, https:\/\/cmctiles.vn\/wp-content\/uploads\/2025\/01\/RGD8080216S4-768x768.jpg 768w, https:\/\/cmctiles.vn\/wp-content\/uploads\/2025\/01\/RGD8080216S4-1536x1536.jpg 1536w, https:\/\/cmctiles.vn\/wp-content\/uploads\/2025\/01\/RGD8080216S4-2048x2048.jpg 2048w, https:\/\/cmctiles.vn\/wp-content\/uploads\/2025\/01\/RGD8080216S4-12x12.jpg 12w, https:\/\/cmctiles.vn\/wp-content\/uploads\/2025\/01\/RGD8080216S4-280x280.jpg 280w, https:\/\/cmctiles.vn\/wp-content\/uploads\/2025\/01\/RGD8080216S4-600x600.jpg 600w, https:\/\/cmctiles.vn\/wp-content\/uploads\/2025\/01\/RGD8080216S4-500x500.jpg 500w, https:\/\/cmctiles.vn\/wp-content\/uploads\/2025\/01\/RGD8080216S4-100x100.jpg 100w\" sizes=\"(max-width: 1024px) 100vw, 1024px\" \/><figcaption id=\"caption-attachment-32207\" class=\"wp-caption-text\">G\u1ea1ch \u1ed1p l\u00e1t RGD8080216S4 mang \u0111\u1ebfn m\u1ed9t kh\u00f4ng gian hi\u1ec7n \u0111\u1ea1i v\u1edbi v\u1ebb \u0111\u1eb9p tr\u01b0\u1eddng t\u1ed3n c\u1ee7a t\u1ea1o h\u00f3a<\/figcaption><\/figure><figcaption id=\"caption-attachment-32194\" class=\"wp-caption-text\"><\/figcaption><\/figure><figcaption id=\"caption-attachment-32169\" class=\"wp-caption-text\"><\/figcaption><\/figure>\n<\/figure>\n<div class=\"elementor-element elementor-element-7a7c2fc elementor-widget elementor-widget-theme-post-content\" data-id=\"7a7c2fc\" data-element_type=\"widget\" data-widget_type=\"theme-post-content.default\">\n<div class=\"elementor-widget-container\">\n<div class=\"product\">\n<figure id=\"attachment_30369\" class=\"wp-caption aligncenter\" aria-describedby=\"caption-attachment-30369\"><figcaption id=\"caption-attachment-30369\" class=\"wp-caption-text\">\n<figure id=\"attachment_32062\" class=\"wp-caption aligncenter\" aria-describedby=\"caption-attachment-32062\">\n<figure id=\"attachment_32071\" class=\"wp-caption alignleft\" aria-describedby=\"caption-attachment-32071\">\n<h2>1. Th\u00f4ng s\u1ed1 s\u1ea3n ph\u1ea9m<\/h2>\n<\/figure>\n<\/figure>\n<\/figcaption><\/figure>\n<p>&nbsp;<\/p>\n<p>&nbsp;<\/p>\n<table>\n<tbody>\n<tr>\n<td>M\u00e3 s\u1ea3n ph\u1ea9m<\/td>\n<td><strong>RGD8080216S4<\/strong><\/td>\n<\/tr>\n<tr>\n<td>BRANDS<\/td>\n<td>G\u1ea1ch \u1ed1p l\u00e1t Refina<\/td>\n<\/tr>\n<tr>\n<td>Ph\u00e2n lo\u1ea1i<\/td>\n<td>G\u1ea1ch \u1ed1p l\u00e1t n\u1ec1n<\/td>\n<\/tr>\n<tr>\n<td>M\u00e0u s\u1eafc<\/td>\n<td>M\u00e0u x\u00e1m ghi v\u00e2n \u0111\u00e1<\/td>\n<\/tr>\n<tr>\n<td>Sizes<\/td>\n<td>800\u00d7800 mm<\/td>\n<\/tr>\n<tr>\n<td>\u0110\u1ed9 d\u00e0y<\/td>\n<td>10,5 mm<\/td>\n<\/tr>\n<tr>\n<td>MATERIALS<\/td>\n<td>Granite<\/td>\n<\/tr>\n<tr>\n<td>Surfaces<\/td>\n<td>Men kim c\u01b0\u01a1ng b\u00f3ng<\/td>\n<\/tr>\n<tr>\n<td>Outstanding features<\/td>\n<td>\n<ul>\n<li aria-level=\"1\">Hoa v\u0103n sang tr\u1ecdng, th\u1eddi th\u01b0\u1ee3ng<\/li>\n<li aria-level=\"1\">\u0110\u1ed3 b\u1ec1n u\u1ed1n ch\u1ecbu l\u1ef1c t\u1ed1t, th\u1ea5m h\u00fat n\u01b0\u1edbc th\u1ea5p<\/li>\n<li aria-level=\"1\">K\u00edch th\u01b0\u1edbc ph\u1ed5 th\u00f4ng, \u1ee9ng d\u1ee5ng \u0111a d\u1ea1ng<\/li>\n<li aria-level=\"1\">Non-ignition, non-expansion<\/li>\n<li aria-level=\"1\">Easy to clean, anti-bacterial, anti-mildew<\/li>\n<\/ul>\n<\/td>\n<\/tr>\n<tr>\n<td>APPLICATIONS<\/td>\n<td>\u0110a d\u1ea1ng, v\u00ed d\u1ee5 ki\u1ebfn tr\u00fac nh\u00e0 \u1ed1ng, khu chung c\u01b0, nh\u00e0 \u1edf cao c\u1ea5p, bi\u1ec7t th\u1ef1, ph\u00f2ng kh\u00e1ch\u2026<\/td>\n<\/tr>\n<\/tbody>\n<\/table>\n<h2>2. G<b>\u1ea1ch \u1ed1p l\u00e1t\u00a0<strong>RGD8080216S4<\/strong><\/b><b> \u2013 s\u1ef1 l\u1ef1a ch\u1ecdn ho\u00e0n h\u1ea3o cho m\u1ecdi c\u00f4ng tr\u00ecnh<\/b><\/h2>\n<figure id=\"attachment_32061\" class=\"wp-caption aligncenter\" aria-describedby=\"caption-attachment-32061\">\n<figure id=\"attachment_32070\" class=\"wp-caption aligncenter\" aria-describedby=\"caption-attachment-32070\">\n<figure id=\"attachment_32095\" class=\"wp-caption aligncenter\" aria-describedby=\"caption-attachment-32095\">\n<figure id=\"attachment_32121\" class=\"wp-caption aligncenter\" aria-describedby=\"caption-attachment-32121\">\n<figure id=\"attachment_32127\" class=\"wp-caption aligncenter\" aria-describedby=\"caption-attachment-32127\">\n<figure id=\"attachment_32134\" class=\"wp-caption aligncenter\" aria-describedby=\"caption-attachment-32134\">\n<figure id=\"attachment_32141\" class=\"wp-caption aligncenter\" aria-describedby=\"caption-attachment-32141\">\n<figure id=\"attachment_32147\" class=\"wp-caption aligncenter\" aria-describedby=\"caption-attachment-32147\">\n<figure id=\"attachment_32154\" class=\"wp-caption aligncenter\" aria-describedby=\"caption-attachment-32154\">\n<figure id=\"attachment_32160\" class=\"wp-caption aligncenter\" aria-describedby=\"caption-attachment-32160\">\n<figure id=\"attachment_32167\" class=\"wp-caption aligncenter\" aria-describedby=\"caption-attachment-32167\">\n<figure id=\"attachment_32193\" class=\"wp-caption aligncenter\" aria-describedby=\"caption-attachment-32193\">\n<p><figure id=\"attachment_32206\" aria-describedby=\"caption-attachment-32206\" style=\"width: 1024px\" class=\"wp-caption aligncenter\"><img decoding=\"async\" class=\"wp-image-32206 size-large\" title=\"G\u1ea1ch \u1ed1p l\u00e1t m\u00e0u x\u00e1m v\u00e2n \u0111\u00e1 t\u1ef1 nhi\u00ean CGD8080204S4 1\" src=\"https:\/\/cmctiles.vn\/wp-content\/uploads\/2025\/01\/RGD-8080216S4-1024x1024.jpg\" alt=\"\" width=\"1024\" height=\"1024\" srcset=\"https:\/\/cmctiles.vn\/wp-content\/uploads\/2025\/01\/RGD-8080216S4-1024x1024.jpg 1024w, https:\/\/cmctiles.vn\/wp-content\/uploads\/2025\/01\/RGD-8080216S4-300x300.jpg 300w, https:\/\/cmctiles.vn\/wp-content\/uploads\/2025\/01\/RGD-8080216S4-150x150.jpg 150w, https:\/\/cmctiles.vn\/wp-content\/uploads\/2025\/01\/RGD-8080216S4-768x768.jpg 768w, https:\/\/cmctiles.vn\/wp-content\/uploads\/2025\/01\/RGD-8080216S4-1536x1536.jpg 1536w, https:\/\/cmctiles.vn\/wp-content\/uploads\/2025\/01\/RGD-8080216S4-12x12.jpg 12w, https:\/\/cmctiles.vn\/wp-content\/uploads\/2025\/01\/RGD-8080216S4-280x280.jpg 280w, https:\/\/cmctiles.vn\/wp-content\/uploads\/2025\/01\/RGD-8080216S4-600x600.jpg 600w, https:\/\/cmctiles.vn\/wp-content\/uploads\/2025\/01\/RGD-8080216S4-500x500.jpg 500w, https:\/\/cmctiles.vn\/wp-content\/uploads\/2025\/01\/RGD-8080216S4-100x100.jpg 100w, https:\/\/cmctiles.vn\/wp-content\/uploads\/2025\/01\/RGD-8080216S4.jpg 1575w\" sizes=\"(max-width: 1024px) 100vw, 1024px\" \/><figcaption id=\"caption-attachment-32206\" class=\"wp-caption-text\">G\u1ea1ch \u1ed1p l\u00e1t RGD8080216S4 s\u1edf h\u1eefu m\u00e0u s\u1eafc t\u1ef1 nhi\u00ean c\u00f9ng nh\u1eefng n\u00e9t v\u00e2n \u0111\u00e1 m\u1ea1nh m\u1ebd<\/figcaption><\/figure><figcaption id=\"caption-attachment-32193\" class=\"wp-caption-text\"><\/figcaption><\/figure><figcaption id=\"caption-attachment-32167\" class=\"wp-caption-text\"><\/figcaption><\/figure><figcaption id=\"caption-attachment-32160\" class=\"wp-caption-text\"><\/figcaption><\/figure><figcaption id=\"caption-attachment-32154\" class=\"wp-caption-text\"><\/figcaption><\/figure><figcaption id=\"caption-attachment-32147\" class=\"wp-caption-text\"><\/figcaption><\/figure><figcaption id=\"caption-attachment-32141\" class=\"wp-caption-text\"><\/figcaption><\/figure><figcaption id=\"caption-attachment-32134\" class=\"wp-caption-text\"><\/figcaption><\/figure><figcaption id=\"caption-attachment-32127\" class=\"wp-caption-text\"><\/figcaption><\/figure><figcaption id=\"caption-attachment-32121\" class=\"wp-caption-text\"><\/figcaption><\/figure><figcaption id=\"caption-attachment-32095\" class=\"wp-caption-text\"><\/figcaption><\/figure>\n<\/figure>\n<\/figure>\n<\/div>\n<\/div>\n<\/div>\n<p>N\u1ed5i b\u1eadt trong ph\u00e2n kh\u00fac g\u1ea1ch \u1ed1p l\u00e1t cao c\u1ea5p c\u1ee7a CMC, s\u1ea3n ph\u1ea9m g\u1ea1ch \u1ed1p l\u00e1t\u00a0<strong>RGD8080216S4<\/strong>\u00a0mang \u0111\u1ebfn cho kh\u00e1ch h\u00e0ng m\u1ed9t tr\u1ea3i nghi\u1ec7m ho\u00e0n to\u00e0n m\u1edbi m\u1ebb v\u00e0 \u0111\u1ed9c \u0111\u00e1o v\u1edbi thi\u1ebft k\u1ebf \u1ea5n t\u01b0\u1ee3ng l\u1ea5y c\u1ea3m h\u1ee9ng t\u1eeb thi\u00ean nhi\u00ean \u0111\u1ed9c b\u1ea3n. S\u1edf h\u1eefu ch\u1ea5t li\u1ec7u Granite cao c\u1ea5p, b\u1ec1 m\u1eb7t men kim c\u01b0\u01a1ng s\u00e1ng b\u00f3ng, g\u1ea1ch \u1ed1p l\u00e1t\u00a0<strong>RGD8080216S4<\/strong>\u00a0kh\u00f4ng ch\u1ec9 mang l\u1ea1i v\u1ebb \u0111\u1eb9p sang tr\u1ecdng, th\u1eddi th\u01b0\u1ee3ng m\u00e0 c\u00f2n \u0111\u1ea3m b\u1ea3o ch\u1ea5t l\u01b0\u1ee3ng v\u00e0 \u0111\u1ed9 b\u1ec1n theo th\u1eddi gian.<\/p>\n<h3><b>2.1. Thi\u1ebft k\u1ebf \u0111\u1ed9c \u0111\u00e1o l\u1ea5y c\u1ea3m h\u1ee9ng t\u1eeb nh\u1eefng \u0111\u01b0\u1eddng v\u00e2n \u0111\u1ed9c b\u1ea3n c\u1ee7a \u0111\u00e1 t\u1ef1 nhi\u00ean<\/b><\/h3>\n<p>T\u1ef1a nh\u01b0 nh\u1eefng n\u00e9t ch\u1ea1m kh\u1eafc tinh t\u1ebf c\u1ee7a thi\u00ean nhi\u00ean, s\u1ea3n ph\u1ea9m g\u1ea1ch \u1ed1p l\u00e1t\u00a0<strong>RGD8080216S4<\/strong>\u00a0trong d\u00f2ng Nature Spirit l\u00e0 ki\u1ec7t t\u00e1c ngh\u1ec7 thu\u1eadt mang trong m\u00ecnh h\u01a1i th\u1edf c\u1ee7a \u0111\u1ea5t tr\u1eddi. L\u1ea5y c\u1ea3m h\u1ee9ng t\u1eeb v\u1ebb \u0111\u1eb9p thu\u1ea7n khi\u1ebft c\u1ee7a t\u1ef1 nhi\u00ean \u2013 t\u1eeb s\u1ef1 m\u1ea1nh m\u1ebd c\u1ee7a n\u00fai \u0111\u00e1 \u2013 t\u1eeb s\u1ef1 trong tr\u1ebbo c\u1ee7a d\u00f2ng su\u1ed1i, g\u1ea1ch \u1ed1p l\u00e1t\u00a0<strong>RGD8080216S4<\/strong>\u00a0t\u00e1i hi\u1ec7n tr\u1ecdn v\u1eb9n v\u1ebb \u0111\u1eb9p c\u1ee7a b\u1ee9c tranh thi\u00ean nhi\u00ean qua nh\u1eefng \u0111\u01b0\u1eddng v\u00e2n \u0111\u1ea7y bi\u1ebfn chuy\u1ec3n c\u00f9ng c\u00e1c t\u00f4ng m\u00e0u nguy\u00ean b\u1ea3n c\u1ee7a \u0111\u00e1 t\u1ef1 nhi\u00ean, s\u1ea3n ph\u1ea9m kh\u00f4ng ch\u1ec9 l\u00e0 \u0111i\u1ec3m nh\u1ea5n cho kh\u00f4ng gian m\u00e0 c\u00f2n l\u00e0 l\u1eddi kh\u1eb3ng \u0111\u1ecbnh v\u1ec1 m\u1ed9t phong c\u00e1ch s\u1ed1ng \u0111\u1eb3ng c\u1ea5p, g\u1ea7n g\u0169i v\u00e0 \u0111\u1ea7y sang tr\u1ecdng.<\/p>\n<h3><b>2.2. \u0110\u1ea3m b\u1ea3o \u0111\u1ed9 b\u1ec1n theo n\u0103m th\u00e1ng<\/b><\/h3>\n<p>Ch\u1ea5t li\u1ec7u Granite cao c\u1ea5p v\u1edbi \u0111\u1ed9 th\u1ea5m h\u00fat n\u01b0\u1edbc &lt;0,5% gi\u00fap s\u1ea3n ph\u1ea9m b\u1ec1n b\u1ec9 v\u00e0 v\u1eefng ch\u00e3i v\u01b0\u1ee3t th\u1eddi gian. K\u1ebft h\u1ee3p hi\u1ec7u \u1ee9ng b\u1eaft s\u00e1ng v\u00e0 h\u1eaft s\u00e1ng cao c\u1ee7a m\u1eb7t men kim c\u01b0\u01a1ng si\u00eau b\u00f3ng mang t\u1edbi m\u1ed9t kh\u00f4ng gian sang tr\u1ecdng v\u00e0 h\u00fat tr\u1ecdn \u00e1nh nh\u00ecn.<\/p>\n<h3><b>2.3. Tr\u1ea3i nghi\u1ec7m t\u1ed1i \u01b0u cho m\u1ecdi kh\u00e1ch h\u00e0ng\u00a0\u00a0<\/b><\/h3>\n<p>Ceramic tiles\u00a0<strong>RGD8080216S4<\/strong>\u00a0mang l\u1ea1i nh\u1eefng tr\u1ea3i nghi\u1ec7m tuy\u1ec7t v\u1eddi cho kh\u00e1ch h\u00e0ng nh\u1edd thi\u1ebft k\u1ebf hi\u1ec7n \u0111\u1ea1i, k\u00edch th\u01b0\u1edbc kh\u1ed5 l\u1edbn ti\u1ebft ki\u1ec7m th\u1eddi gian thi c\u00f4ng v\u00e0 t\u1ea1o ra hi\u1ec7u \u1ee9ng m\u1edf r\u1ed9ng kh\u00f4ng gian \u0111\u1ea7y hi\u1ec7u qu\u1ea3.<\/p>\n<p>Tr\u00ean \u0111\u00e2y l\u00e0 nh\u1eefng \u0111\u1eb7c \u0111i\u1ec3m n\u1ed5i b\u1eadt v\u00e0 l\u01b0u \u00fd khi qu\u00fd kh\u00e1ch l\u1ef1a ch\u1ecdn v\u00e0 s\u1eed d\u1ee5ng g\u1ea1ch \u1ed1p l\u00e1t\u00a0<strong>RGD8080216S4<\/strong>. Hy v\u1ecdng b\u00e0i vi\u1ebft s\u1ebd gi\u00fap \u00edch cho qu\u00fd v\u1ecb \u0111\u1ec3 l\u1ef1a ch\u1ecdn \u0111\u01b0\u1ee3c s\u1ea3n ph\u1ea9m ph\u00f9 h\u1ee3p nh\u1ea5t v\u1edbi kh\u00f4ng gian v\u00e0 chi ph\u00ed c\u1ee7a gia \u0111\u00ecnh.<\/p>\n<p>Vui l\u00f2ng \u0111\u1ec3 l\u1ea1i th\u00f4ng tin d\u01b0\u1edbi h\u1ed9p th\u01b0 d\u01b0\u1edbi \u0111\u00e2y n\u1ebfu qu\u00fd v\u1ecb c\u1ea7n gi\u1ea3i \u0111\u00e1p th\u1eafc m\u1eafc ho\u1eb7c nh\u1eadn s\u1ef1 t\u01b0 v\u1ea5n t\u1eeb chuy\u00ean gia c\u1ee7a CMC Tiles!<\/p>","protected":false},"excerpt":{"rendered":"<p>N\u00fai Vesuvius, bi\u1ec3u t\u01b0\u1ee3ng h\u00f9ng v\u0129 c\u1ee7a mi\u1ec1n nam n\u01b0\u1edbc \u00dd, mang trong m\u00ecnh v\u1ebb \u0111\u1eb9p k\u1ef3 di\u1ec7u v\u00e0 s\u1ee9c h\u00fat l\u1ecbch s\u1eed. S\u1eebng s\u1eefng b\u00ean V\u1ecbnh Naples, ng\u1ecdn n\u00fai v\u1edbi mi\u1ec7ng n\u00fai l\u1eeda kh\u1ed5ng l\u1ed3 \u1ea9n ch\u1ee9a s\u1ef1 hoang s\u01a1 \u0111\u1ea7y quy\u1ebfn r\u0169. S\u1ea3n ph\u1ea9m g\u1ea1ch \u1ed1p l\u00e1t RGD8080216S4 t\u00e1i hi\u1ec7n tr\u1ecdn v\u1eb9n v\u1ebb [&hellip;]<\/p>\n","protected":false},"featured_media":32206,"comment_status":"open","ping_status":"closed","template":"","meta":[],"product_brand":[],"product_cat":[1076,1015,1083,1019,1134],"product_tag":[],"class_list":{"0":"post-32205","1":"product","2":"type-product","3":"status-publish","4":"has-post-thumbnail","6":"product_cat-gach-op-lat","7":"product_cat-gach-lat","8":"product_cat-gach-lat-nen-van-da","9":"product_cat-granite","10":"product_cat-gach-op-lat-refina","12":"first","13":"instock","14":"taxable","15":"shipping-taxable","16":"purchasable","17":"product-type-simple"},"_links":{"self":[{"href":"https:\/\/cmctiles.vn\/en\/wp-json\/wp\/v2\/product\/32205","targetHints":{"allow":["GET"]}}],"collection":[{"href":"https:\/\/cmctiles.vn\/en\/wp-json\/wp\/v2\/product"}],"about":[{"href":"https:\/\/cmctiles.vn\/en\/wp-json\/wp\/v2\/types\/product"}],"replies":[{"embeddable":true,"href":"https:\/\/cmctiles.vn\/en\/wp-json\/wp\/v2\/comments?post=32205"}],"version-history":[{"count":2,"href":"https:\/\/cmctiles.vn\/en\/wp-json\/wp\/v2\/product\/32205\/revisions"}],"predecessor-version":[{"id":32212,"href":"https:\/\/cmctiles.vn\/en\/wp-json\/wp\/v2\/product\/32205\/revisions\/32212"}],"wp:featuredmedia":[{"embeddable":true,"href":"https:\/\/cmctiles.vn\/en\/wp-json\/wp\/v2\/media\/32206"}],"wp:attachment":[{"href":"https:\/\/cmctiles.vn\/en\/wp-json\/wp\/v2\/media?parent=32205"}],"wp:term":[{"taxonomy":"product_brand","embeddable":true,"href":"https:\/\/cmctiles.vn\/en\/wp-json\/wp\/v2\/product_brand?post=32205"},{"taxonomy":"product_cat","embeddable":true,"href":"https:\/\/cmctiles.vn\/en\/wp-json\/wp\/v2\/product_cat?post=32205"},{"taxonomy":"product_tag","embeddable":true,"href":"https:\/\/cmctiles.vn\/en\/wp-json\/wp\/v2\/product_tag?post=32205"}],"curies":[{"name":"wp","href":"https:\/\/api.w.org\/{rel}","templated":true}]}}