{"id":32138,"date":"2025-01-12T23:25:30","date_gmt":"2025-01-12T16:25:30","guid":{"rendered":"https:\/\/cmctiles.vn\/?post_type=product&#038;p=32138"},"modified":"2025-01-12T23:25:33","modified_gmt":"2025-01-12T16:25:33","slug":"gach-op-lat-mau-xam-sang-van-da-nhe-nhang-pgd8080210s4","status":"publish","type":"product","link":"https:\/\/cmctiles.vn\/en\/gach-op-lat\/gach-op-lat-mau-xam-sang-van-da-nhe-nhang-pgd8080210s4.html","title":{"rendered":"G\u1ea1ch \u1ed1p l\u00e1t m\u00e0u x\u00e1m s\u00e1ng v\u00e2n \u0111\u00e1 nh\u1eb9 nh\u00e0ng PGD8080210S4"},"content":{"rendered":"<p>S\u1ea3n ph\u1ea9m g\u1ea1ch \u1ed1p l\u00e1t <strong>PGD8080210S4<\/strong> kh\u00f4ng ch\u1ec9 t\u00e1i hi\u1ec7n v\u1ebb nguy\u00ean s\u01a1 m\u00e0 c\u00f2n mang \u0111\u1ebfn s\u1ef1 thanh tho\u00e1t v\u00e0 tr\u00e1ng l\u1ec7 cho kh\u00f4ng gian s\u1ed1ng. S\u1ef1 k\u1ebft h\u1ee3p ho\u00e0n h\u1ea3o gi\u1eefa nh\u1eefng \u0111\u01b0\u1eddng n\u00e9t t\u1ef1 nhi\u00ean v\u00e0 thi\u1ebft k\u1ebf \u0111\u1eb3ng c\u1ea5p t\u1ea1o n\u00ean v\u1ebb sang tr\u1ecdng, v\u1eeba hi\u1ec7n \u0111\u1ea1i v\u1eeba g\u1ea7n g\u0169i v\u1edbi thi\u00ean nhi\u00ean, l\u00e0m n\u1ed5i b\u1eadt s\u1ef1 thanh l\u1ecbch v\u00e0 tinh t\u1ebf trong t\u1eebng chi ti\u1ebft.\u200b<\/p>\n<figure id=\"attachment_32120\" class=\"wp-caption aligncenter\" aria-describedby=\"caption-attachment-32120\">\n<figure id=\"attachment_32126\" class=\"wp-caption aligncenter\" aria-describedby=\"caption-attachment-32126\">\n<figure id=\"attachment_32133\" class=\"wp-caption aligncenter\" aria-describedby=\"caption-attachment-32133\">\n<p><figure id=\"attachment_32139\" aria-describedby=\"caption-attachment-32139\" style=\"width: 708px\" class=\"wp-caption aligncenter\"><img fetchpriority=\"high\" decoding=\"async\" class=\"wp-image-32139 size-full\" title=\"G\u1ea1ch \u1ed1p l\u00e1t m\u00e0u v\u00e0ng n\u00e2u qu\u00fd ph\u00e1i v\u00e2n \u0111\u00e1 \u0111\u1ed9c \u0111\u00e1o PGD8080207S4 1\" src=\"https:\/\/cmctiles.vn\/wp-content\/uploads\/2025\/01\/PGD8080210S4-Face-1.png\" alt=\"\" width=\"708\" height=\"711\" srcset=\"https:\/\/cmctiles.vn\/wp-content\/uploads\/2025\/01\/PGD8080210S4-Face-1.png 708w, https:\/\/cmctiles.vn\/wp-content\/uploads\/2025\/01\/PGD8080210S4-Face-1-300x300.png 300w, https:\/\/cmctiles.vn\/wp-content\/uploads\/2025\/01\/PGD8080210S4-Face-1-150x150.png 150w, https:\/\/cmctiles.vn\/wp-content\/uploads\/2025\/01\/PGD8080210S4-Face-1-12x12.png 12w, https:\/\/cmctiles.vn\/wp-content\/uploads\/2025\/01\/PGD8080210S4-Face-1-279x280.png 279w, https:\/\/cmctiles.vn\/wp-content\/uploads\/2025\/01\/PGD8080210S4-Face-1-500x502.png 500w, https:\/\/cmctiles.vn\/wp-content\/uploads\/2025\/01\/PGD8080210S4-Face-1-100x100.png 100w\" sizes=\"(max-width: 708px) 100vw, 708px\" \/><figcaption id=\"caption-attachment-32139\" class=\"wp-caption-text\">G\u1ea1ch \u1ed1p l\u00e1t PGD8080210S4 l\u00e0m n\u1ed5i b\u1eadt s\u1ef1 thanh l\u1ecbch v\u00e0 tinh t\u1ebf trong t\u1eebng chi ti\u1ebft<\/figcaption><\/figure><figcaption id=\"caption-attachment-32133\" class=\"wp-caption-text\"><\/figcaption><\/figure><figcaption id=\"caption-attachment-32126\" class=\"wp-caption-text\"><\/figcaption><\/figure>\n<\/figure>\n<div class=\"elementor-element elementor-element-7a7c2fc elementor-widget elementor-widget-theme-post-content\" data-id=\"7a7c2fc\" data-element_type=\"widget\" data-widget_type=\"theme-post-content.default\">\n<div class=\"elementor-widget-container\">\n<div class=\"product\">\n<figure id=\"attachment_30369\" class=\"wp-caption aligncenter\" aria-describedby=\"caption-attachment-30369\"><figcaption id=\"caption-attachment-30369\" class=\"wp-caption-text\">\n<figure id=\"attachment_32062\" class=\"wp-caption aligncenter\" aria-describedby=\"caption-attachment-32062\">\n<figure id=\"attachment_32071\" class=\"wp-caption alignleft\" aria-describedby=\"caption-attachment-32071\">\n<h2>1. Th\u00f4ng s\u1ed1 s\u1ea3n ph\u1ea9m<\/h2>\n<\/figure>\n<\/figure>\n<\/figcaption><\/figure>\n<p>&nbsp;<\/p>\n<p>&nbsp;<\/p>\n<table>\n<tbody>\n<tr>\n<td>M\u00e3 s\u1ea3n ph\u1ea9m<\/td>\n<td><strong>PGD8080210S4<\/strong><\/td>\n<\/tr>\n<tr>\n<td>BRANDS<\/td>\n<td>G\u1ea1ch \u1ed1p l\u00e1t Prato<\/td>\n<\/tr>\n<tr>\n<td>Ph\u00e2n lo\u1ea1i<\/td>\n<td>G\u1ea1ch \u1ed1p l\u00e1t n\u1ec1n<\/td>\n<\/tr>\n<tr>\n<td>M\u00e0u s\u1eafc<\/td>\n<td>M\u00e0u x\u00e1m tr\u1eafng v\u00e2n \u0111\u00e1<\/td>\n<\/tr>\n<tr>\n<td>Sizes<\/td>\n<td>800\u00d7800 mm<\/td>\n<\/tr>\n<tr>\n<td>\u0110\u1ed9 d\u00e0y<\/td>\n<td>10,5 mm<\/td>\n<\/tr>\n<tr>\n<td>MATERIALS<\/td>\n<td>Granite<\/td>\n<\/tr>\n<tr>\n<td>Surfaces<\/td>\n<td>Men kim c\u01b0\u01a1ng b\u00f3ng<\/td>\n<\/tr>\n<tr>\n<td>Outstanding features<\/td>\n<td>\n<ul>\n<li aria-level=\"1\">Hoa v\u0103n sang tr\u1ecdng, th\u1eddi th\u01b0\u1ee3ng<\/li>\n<li aria-level=\"1\">\u0110\u1ed3 b\u1ec1n u\u1ed1n ch\u1ecbu l\u1ef1c t\u1ed1t, th\u1ea5m h\u00fat n\u01b0\u1edbc th\u1ea5p<\/li>\n<li aria-level=\"1\">K\u00edch th\u01b0\u1edbc ph\u1ed5 th\u00f4ng, \u1ee9ng d\u1ee5ng \u0111a d\u1ea1ng<\/li>\n<li aria-level=\"1\">Non-ignition, non-expansion<\/li>\n<li aria-level=\"1\">Easy to clean, anti-bacterial, anti-mildew<\/li>\n<\/ul>\n<\/td>\n<\/tr>\n<tr>\n<td>APPLICATIONS<\/td>\n<td>\u0110a d\u1ea1ng, v\u00ed d\u1ee5 ki\u1ebfn tr\u00fac nh\u00e0 \u1ed1ng, khu chung c\u01b0, nh\u00e0 \u1edf cao c\u1ea5p, bi\u1ec7t th\u1ef1, ph\u00f2ng kh\u00e1ch\u2026<\/td>\n<\/tr>\n<\/tbody>\n<\/table>\n<h2>2. G<b>\u1ea1ch \u1ed1p l\u00e1t\u00a0<strong>PGD8080210S4<\/strong><\/b><b> \u2013 s\u1ef1 l\u1ef1a ch\u1ecdn ho\u00e0n h\u1ea3o cho m\u1ecdi c\u00f4ng tr\u00ecnh<\/b><\/h2>\n<figure id=\"attachment_32061\" class=\"wp-caption aligncenter\" aria-describedby=\"caption-attachment-32061\">\n<figure id=\"attachment_32070\" class=\"wp-caption aligncenter\" aria-describedby=\"caption-attachment-32070\">\n<figure id=\"attachment_32095\" class=\"wp-caption aligncenter\" aria-describedby=\"caption-attachment-32095\">\n<figure id=\"attachment_32121\" class=\"wp-caption aligncenter\" aria-describedby=\"caption-attachment-32121\">\n<figure id=\"attachment_32127\" class=\"wp-caption aligncenter\" aria-describedby=\"caption-attachment-32127\">\n<figure id=\"attachment_32134\" class=\"wp-caption aligncenter\" aria-describedby=\"caption-attachment-32134\">\n<p><figure id=\"attachment_32141\" aria-describedby=\"caption-attachment-32141\" style=\"width: 600px\" class=\"wp-caption aligncenter\"><img decoding=\"async\" class=\"wp-image-32141 size-full\" title=\"G\u1ea1ch \u1ed1p l\u00e1t m\u00e0u x\u00e1m v\u00e2n \u0111\u00e1 t\u1ef1 nhi\u00ean CGD8080204S4 1\" src=\"https:\/\/cmctiles.vn\/wp-content\/uploads\/2025\/01\/PGD8080210S4.png\" alt=\"\" width=\"600\" height=\"400\" srcset=\"https:\/\/cmctiles.vn\/wp-content\/uploads\/2025\/01\/PGD8080210S4.png 600w, https:\/\/cmctiles.vn\/wp-content\/uploads\/2025\/01\/PGD8080210S4-300x200.png 300w, https:\/\/cmctiles.vn\/wp-content\/uploads\/2025\/01\/PGD8080210S4-18x12.png 18w, https:\/\/cmctiles.vn\/wp-content\/uploads\/2025\/01\/PGD8080210S4-400x267.png 400w, https:\/\/cmctiles.vn\/wp-content\/uploads\/2025\/01\/PGD8080210S4-500x333.png 500w\" sizes=\"(max-width: 600px) 100vw, 600px\" \/><figcaption id=\"caption-attachment-32141\" class=\"wp-caption-text\">G\u1ea1ch \u1ed1p l\u00e1t PGD8080210S4 s\u1edf h\u1eefu 3 faces \u0111a d\u1ea1ng<\/figcaption><\/figure><figcaption id=\"caption-attachment-32134\" class=\"wp-caption-text\"><\/figcaption><\/figure><figcaption id=\"caption-attachment-32127\" class=\"wp-caption-text\"><\/figcaption><\/figure><figcaption id=\"caption-attachment-32121\" class=\"wp-caption-text\"><\/figcaption><\/figure><figcaption id=\"caption-attachment-32095\" class=\"wp-caption-text\"><\/figcaption><\/figure>\n<\/figure>\n<\/figure>\n<\/div>\n<\/div>\n<\/div>\n<p>N\u1ed5i b\u1eadt trong ph\u00e2n kh\u00fac g\u1ea1ch \u1ed1p l\u00e1t cao c\u1ea5p c\u1ee7a CMC, m\u00e3 s\u1ea3n ph\u1ea9m\u00a0<strong>PGD8080210S4<\/strong>\u00a0mang \u0111\u1ebfn cho kh\u00e1ch h\u00e0ng m\u1ed9t tr\u1ea3i nghi\u1ec7m ho\u00e0n to\u00e0n m\u1edbi m\u1ebb v\u00e0 \u0111\u1ed9c \u0111\u00e1o v\u1edbi thi\u1ebft k\u1ebf \u1ea5n t\u01b0\u1ee3ng l\u1ea5y c\u1ea3m h\u1ee9ng t\u1eeb thi\u00ean nhi\u00ean \u0111\u1ed9c b\u1ea3n. S\u1edf h\u1eefu ch\u1ea5t li\u1ec7u Granite cao c\u1ea5p, b\u1ec1 m\u1eb7t men kim c\u01b0\u01a1ng s\u00e1ng b\u00f3ng, g\u1ea1ch \u1ed1p l\u00e1t\u00a0<strong>PGD8080210S4<\/strong>\u00a0kh\u00f4ng ch\u1ec9 mang l\u1ea1i v\u1ebb \u0111\u1eb9p sang tr\u1ecdng, th\u1eddi th\u01b0\u1ee3ng m\u00e0 c\u00f2n \u0111\u1ea3m b\u1ea3o ch\u1ea5t l\u01b0\u1ee3ng v\u00e0 \u0111\u1ed9 b\u1ec1n theo th\u1eddi gian.<\/p>\n<h3><b>2.1. Thi\u1ebft k\u1ebf \u0111\u1ed9c \u0111\u00e1o l\u1ea5y c\u1ea3m h\u1ee9ng t\u1eeb nh\u1eefng \u0111\u01b0\u1eddng v\u00e2n \u0111\u1ed9c b\u1ea3n c\u1ee7a \u0111\u00e1 t\u1ef1 nhi\u00ean<\/b><\/h3>\n<p>V\u1edbi thi\u1ebft k\u1ebf tinh t\u1ebf c\u00f9ng t\u00f4ng m\u00e0u sang tr\u1ecdng, g\u1ea1ch \u1ed1p l\u00e1t\u00a0<strong>PGD8080210S4<\/strong>\u00a0mang \u0111\u1ebfn kh\u00f4ng gian s\u1ed1ng \u0111\u1eb3ng c\u1ea5p v\u00e0 \u0111\u1ea7y c\u1ea3m h\u1ee9ng. \u0110\u1eb7c bi\u1ec7t, n\u1ed5i b\u1eadt h\u01a1n v\u1edbi nh\u1eefng \u0111\u01b0\u1eddng v\u00e2n \u0111\u1ed9c b\u1ea3n \u0111\u01b0\u1ee3c l\u1ea5y c\u1ea3m h\u1ee9ng t\u1eeb thi\u00ean nhi\u00ean tr\u00ean l\u1edbp x\u01b0\u01a1ng g\u1ea1ch granite ch\u1eafc ch\u1eafn, g\u1ea1ch \u1ed1p l\u00e1t\u00a0<strong>PGD8080210S4<\/strong>\u00a0kh\u00f4ng ch\u1ec9 l\u00e0m n\u1ed5i b\u1eadt v\u1ebb \u0111\u1eb9p ho\u00e0n m\u1ef9 c\u1ee7a ki\u1ebfn tr\u00fac m\u00e0 c\u00f2n mang \u0111\u1ebfn tr\u1ea3i nghi\u1ec7m s\u1ed1ng sang b\u1ec1n v\u1eefng.<\/p>\n<p>S\u1ea3n ph\u1ea9m ph\u00f9 h\u1ee3p v\u1edbi nh\u1eefng ai y\u00eau th\u00edch s\u1ef1 ph\u00e1 c\u00e1ch, c\u00e1 t\u00ednh v\u00e0 mong mu\u1ed1n t\u1ea1o \u0111i\u1ec3m nh\u1ea5n cho kh\u00f4ng gian s\u1ed1ng c\u1ee7a m\u00ecnh.<\/p>\n<h3><b>2.2. \u0110\u1ea3m b\u1ea3o \u0111\u1ed9 b\u1ec1n theo n\u0103m th\u00e1ng<\/b><\/h3>\n<p>L\u00e0 d\u00f2ng s\u1ea3n ph\u1ea9m thu\u1ed9c ph\u00e2n kh\u00fac cao c\u1ea5p, g\u1ea1ch \u1ed1p l\u00e1t\u00a0<strong>PGD8080210S4<\/strong>\u00a0\u0111\u01b0\u1ee3c ch\u1ebf t\u00e1c b\u1eb1ng ch\u1ea5t li\u1ec7u Granite ch\u1eafc ch\u1eafn v\u00e0 b\u1ec1n b\u1ec9, \u0111\u1ed9 th\u1ea5m h\u00fat n\u01b0\u1edbc &lt; 0,5%, b\u1ec1 m\u1eb7t men kim c\u01b0\u01a1ng si\u00eau b\u00f3ng sang tr\u1ecdng, ch\u1ed1ng tr\u1ea7y x\u01b0\u1edbc, duy tr\u00ec v\u1ebb \u0111\u1eb9p v\u01b0\u1ee3t th\u1eddi gian.<\/p>\n<h3><b>2.3. Tr\u1ea3i nghi\u1ec7m t\u1ed1i \u01b0u cho m\u1ecdi kh\u00e1ch h\u00e0ng\u00a0\u00a0<\/b><\/h3>\n<p>Ceramic tiles\u00a0<strong>PGD8080210S4<\/strong>\u00a0mang l\u1ea1i nh\u1eefng tr\u1ea3i nghi\u1ec7m tuy\u1ec7t v\u1eddi cho kh\u00e1ch h\u00e0ng nh\u1edd thi\u1ebft k\u1ebf hi\u1ec7n \u0111\u1ea1i, k\u00edch th\u01b0\u1edbc kh\u1ed5 l\u1edbn ti\u1ebft ki\u1ec7m th\u1eddi gian thi c\u00f4ng v\u00e0 t\u1ea1o ra hi\u1ec7u \u1ee9ng m\u1edf r\u1ed9ng kh\u00f4ng gian \u0111\u1ea7y hi\u1ec7u qu\u1ea3.<\/p>\n<p>Tr\u00ean \u0111\u00e2y l\u00e0 nh\u1eefng \u0111\u1eb7c \u0111i\u1ec3m n\u1ed5i b\u1eadt v\u00e0 l\u01b0u \u00fd khi qu\u00fd kh\u00e1ch l\u1ef1a ch\u1ecdn v\u00e0 s\u1eed d\u1ee5ng g\u1ea1ch \u1ed1p l\u00e1t\u00a0<strong>PGD8080210S4<\/strong>. Hy v\u1ecdng b\u00e0i vi\u1ebft s\u1ebd gi\u00fap \u00edch cho qu\u00fd v\u1ecb \u0111\u1ec3 l\u1ef1a ch\u1ecdn \u0111\u01b0\u1ee3c s\u1ea3n ph\u1ea9m ph\u00f9 h\u1ee3p nh\u1ea5t v\u1edbi kh\u00f4ng gian v\u00e0 chi ph\u00ed c\u1ee7a gia \u0111\u00ecnh.<\/p>\n<p>Vui l\u00f2ng \u0111\u1ec3 l\u1ea1i th\u00f4ng tin d\u01b0\u1edbi h\u1ed9p th\u01b0 d\u01b0\u1edbi \u0111\u00e2y n\u1ebfu qu\u00fd v\u1ecb c\u1ea7n gi\u1ea3i \u0111\u00e1p th\u1eafc m\u1eafc ho\u1eb7c nh\u1eadn s\u1ef1 t\u01b0 v\u1ea5n t\u1eeb chuy\u00ean gia c\u1ee7a CMC Tiles!<\/p>","protected":false},"excerpt":{"rendered":"<p>S\u1ea3n ph\u1ea9m g\u1ea1ch \u1ed1p l\u00e1t PGD8080210S4 kh\u00f4ng ch\u1ec9 t\u00e1i hi\u1ec7n v\u1ebb nguy\u00ean s\u01a1 m\u00e0 c\u00f2n mang \u0111\u1ebfn s\u1ef1 thanh tho\u00e1t v\u00e0 tr\u00e1ng l\u1ec7 cho kh\u00f4ng gian s\u1ed1ng. S\u1ef1 k\u1ebft h\u1ee3p ho\u00e0n h\u1ea3o gi\u1eefa nh\u1eefng \u0111\u01b0\u1eddng n\u00e9t t\u1ef1 nhi\u00ean v\u00e0 thi\u1ebft k\u1ebf \u0111\u1eb3ng c\u1ea5p t\u1ea1o n\u00ean v\u1ebb sang tr\u1ecdng, v\u1eeba hi\u1ec7n \u0111\u1ea1i v\u1eeba g\u1ea7n g\u0169i v\u1edbi [&hellip;]<\/p>\n","protected":false},"featured_media":32139,"comment_status":"open","ping_status":"closed","template":"","meta":[],"product_brand":[],"product_cat":[1076,1015,1083,1092,1019],"product_tag":[],"class_list":{"0":"post-32138","1":"product","2":"type-product","3":"status-publish","4":"has-post-thumbnail","6":"product_cat-gach-op-lat","7":"product_cat-gach-lat","8":"product_cat-gach-lat-nen-van-da","9":"product_cat-gach-op-lat-prato","10":"product_cat-granite","12":"first","13":"instock","14":"taxable","15":"shipping-taxable","16":"purchasable","17":"product-type-simple"},"_links":{"self":[{"href":"https:\/\/cmctiles.vn\/en\/wp-json\/wp\/v2\/product\/32138","targetHints":{"allow":["GET"]}}],"collection":[{"href":"https:\/\/cmctiles.vn\/en\/wp-json\/wp\/v2\/product"}],"about":[{"href":"https:\/\/cmctiles.vn\/en\/wp-json\/wp\/v2\/types\/product"}],"replies":[{"embeddable":true,"href":"https:\/\/cmctiles.vn\/en\/wp-json\/wp\/v2\/comments?post=32138"}],"version-history":[{"count":3,"href":"https:\/\/cmctiles.vn\/en\/wp-json\/wp\/v2\/product\/32138\/revisions"}],"predecessor-version":[{"id":32144,"href":"https:\/\/cmctiles.vn\/en\/wp-json\/wp\/v2\/product\/32138\/revisions\/32144"}],"wp:featuredmedia":[{"embeddable":true,"href":"https:\/\/cmctiles.vn\/en\/wp-json\/wp\/v2\/media\/32139"}],"wp:attachment":[{"href":"https:\/\/cmctiles.vn\/en\/wp-json\/wp\/v2\/media?parent=32138"}],"wp:term":[{"taxonomy":"product_brand","embeddable":true,"href":"https:\/\/cmctiles.vn\/en\/wp-json\/wp\/v2\/product_brand?post=32138"},{"taxonomy":"product_cat","embeddable":true,"href":"https:\/\/cmctiles.vn\/en\/wp-json\/wp\/v2\/product_cat?post=32138"},{"taxonomy":"product_tag","embeddable":true,"href":"https:\/\/cmctiles.vn\/en\/wp-json\/wp\/v2\/product_tag?post=32138"}],"curies":[{"name":"wp","href":"https:\/\/api.w.org\/{rel}","templated":true}]}}