{"id":32069,"date":"2025-01-08T17:23:15","date_gmt":"2025-01-08T10:23:15","guid":{"rendered":"https:\/\/cmctiles.vn\/?post_type=product&#038;p=32069"},"modified":"2025-01-12T20:06:43","modified_gmt":"2025-01-12T13:06:43","slug":"gach-op-lat-van-da-mau-xam-anh-reu-thoi-thuong-cgd8080202s4","status":"publish","type":"product","link":"https:\/\/cmctiles.vn\/en\/gach-op-lat\/gach-op-lat-van-da-mau-xam-anh-reu-thoi-thuong-cgd8080202s4.html","title":{"rendered":"G\u1ea1ch \u1ed1p l\u00e1t v\u00e2n \u0111\u00e1 m\u00e0u x\u00e1m \u00e1nh r\u00eau th\u1eddi th\u01b0\u1ee3ng CGD8080202S4"},"content":{"rendered":"<div class=\"elementor-element elementor-element-5a60706 elementor-widget elementor-widget-heading\" data-id=\"5a60706\" data-element_type=\"widget\" data-widget_type=\"heading.default\">\n<div class=\"elementor-widget-container\"><span data-sheets-root=\"1\">Ceramic tiles <strong>CGD8080202S4 <\/strong>l\u1ea5y c\u1ea3m h\u1ee9ng t\u1eeb ng\u1ecdn n\u00fai Kinabalu &#8211; bi\u1ec3u t\u01b0\u1ee3ng k\u1ef3 v\u0129 c\u1ee7a v\u00f9ng \u0111\u1ea5t Borneo xinh \u0111\u1eb9p v\u00e0 l\u00e0 minh ch\u1ee9ng cho s\u1ee9c m\u1ea1nh v\u00e0 v\u1ebb \u0111\u1eb9p tr\u00e1ng l\u1ec7 c\u1ee7a thi\u00ean nhi\u00ean. Tr\u1ea7m m\u1eb7c gi\u1eefa \u0111\u1ea1i d\u01b0\u01a1ng m\u00e2y tr\u1eddi, Kinabalu hi\u1ec7n l\u00ean v\u1edbi n\u00e9t c\u1ed5 k\u00ednh pha l\u1eabn s\u1ef1 uy nghi, huy\u1ec1n \u1ea3o, kh\u01a1i g\u1ee3i nh\u1eefng li\u00ean t\u01b0\u1edfng v\u1ec1 s\u1ef1 b\u1ea5t t\u1eadn v\u00e0 v\u0129nh h\u1eb1ng c\u1ee7a t\u1ea1o h\u00f3a. T\u00e1i hi\u1ec7n l\u1ea1i tinh th\u1ea7n \u1ea5y qua s\u1eafc x\u00e1m tr\u1ea7m l\u1eafng c\u00f9ng nh\u1eefng \u0111\u01b0\u1eddng v\u00e2n \u0111\u00e1 ph\u00e1 c\u00e1ch \u0111\u1ea7y m\u1ea1nh m\u1ebd, g\u1ea1ch \u1ed1p l\u00e1t <strong>CGD8080202S4<\/strong> nh\u01b0 m\u1ed9t l\u1eddi t\u00f4n vinh v\u1ec1 v\u1ebb \u0111\u1eb9p b\u1ea5t bi\u1ebfn v\u00e0 s\u00e2u l\u1eafng c\u1ee7a ng\u1ecdn n\u00fai v\u0129 \u0111\u1ea1i n\u00e0y.<br \/>\n<\/span><\/div>\n<\/div>\n<div class=\"elementor-element elementor-element-7a7c2fc elementor-widget elementor-widget-theme-post-content\" data-id=\"7a7c2fc\" data-element_type=\"widget\" data-widget_type=\"theme-post-content.default\">\n<div class=\"elementor-widget-container\">\n<div class=\"product\">\n<figure id=\"attachment_30369\" class=\"wp-caption aligncenter\" aria-describedby=\"caption-attachment-30369\"><figcaption id=\"caption-attachment-30369\" class=\"wp-caption-text\">\n<figure id=\"attachment_32062\" class=\"wp-caption aligncenter\" aria-describedby=\"caption-attachment-32062\">\n<p><figure id=\"attachment_32071\" aria-describedby=\"caption-attachment-32071\" style=\"width: 1024px\" class=\"wp-caption aligncenter\"><img fetchpriority=\"high\" decoding=\"async\" class=\"wp-image-32071 size-large\" title=\"G\u1ea1ch \u1ed1p l\u00e1t m\u00e0u tr\u1eafng v\u00e2n \u0111\u00e1 thanh l\u1ecbch CGD8080201S4 1\" src=\"https:\/\/cmctiles.vn\/wp-content\/uploads\/2025\/01\/CGD8080202S4-1024x972.jpg\" alt=\"CGD8080202S4 mang \u0111\u1ebfn kh\u00f4ng gian v\u1ebb \u0111\u1eb9p th\u1eddi th\u01b0\u1ee3ng v\u00e0 quy\u1ec1n qu\u00fd\" width=\"1024\" height=\"972\" srcset=\"https:\/\/cmctiles.vn\/wp-content\/uploads\/2025\/01\/CGD8080202S4-1024x972.jpg 1024w, https:\/\/cmctiles.vn\/wp-content\/uploads\/2025\/01\/CGD8080202S4-300x285.jpg 300w, https:\/\/cmctiles.vn\/wp-content\/uploads\/2025\/01\/CGD8080202S4-768x729.jpg 768w, https:\/\/cmctiles.vn\/wp-content\/uploads\/2025\/01\/CGD8080202S4-1536x1458.jpg 1536w, https:\/\/cmctiles.vn\/wp-content\/uploads\/2025\/01\/CGD8080202S4-2048x1945.jpg 2048w, https:\/\/cmctiles.vn\/wp-content\/uploads\/2025\/01\/CGD8080202S4-13x12.jpg 13w, https:\/\/cmctiles.vn\/wp-content\/uploads\/2025\/01\/CGD8080202S4-295x280.jpg 295w, https:\/\/cmctiles.vn\/wp-content\/uploads\/2025\/01\/CGD8080202S4-500x475.jpg 500w\" sizes=\"(max-width: 1024px) 100vw, 1024px\" \/><figcaption id=\"caption-attachment-32071\" class=\"wp-caption-text\">CGD8080202S4 mang \u0111\u1ebfn kh\u00f4ng gian v\u1ebb \u0111\u1eb9p th\u1eddi th\u01b0\u1ee3ng v\u00e0 quy\u1ec1n qu\u00fd<\/figcaption><\/figure><\/figure>\n<\/figcaption><\/figure>\n<h2>1. Th\u00f4ng s\u1ed1 s\u1ea3n ph\u1ea9m<\/h2>\n<table>\n<tbody>\n<tr>\n<td>M\u00e3 s\u1ea3n ph\u1ea9m<\/td>\n<td><span data-sheets-root=\"1\"><strong>CGD8080202S4<\/strong><\/span><\/td>\n<\/tr>\n<tr>\n<td>BRANDS<\/td>\n<td>CMC Tiles<\/td>\n<\/tr>\n<tr>\n<td>Ph\u00e2n lo\u1ea1i<\/td>\n<td>G\u1ea1ch \u1ed1p l\u00e1t n\u1ec1n<\/td>\n<\/tr>\n<tr>\n<td>M\u00e0u s\u1eafc<\/td>\n<td>M\u00e0u x\u00e1m anh r\u00eau th\u1eddi th\u01b0\u1ee3ng<\/td>\n<\/tr>\n<tr>\n<td>Sizes<\/td>\n<td>800\u00d7800 mm<\/td>\n<\/tr>\n<tr>\n<td>\u0110\u1ed9 d\u00e0y<\/td>\n<td>10,5 mm<\/td>\n<\/tr>\n<tr>\n<td>MATERIALS<\/td>\n<td>Granite<\/td>\n<\/tr>\n<tr>\n<td>Surfaces<\/td>\n<td>Men kim c\u01b0\u01a1ng b\u00f3ng<\/td>\n<\/tr>\n<tr>\n<td>Outstanding features<\/td>\n<td>\n<ul>\n<li aria-level=\"1\">Hoa v\u0103n sang tr\u1ecdng, th\u1eddi th\u01b0\u1ee3ng<\/li>\n<li aria-level=\"1\">\u0110\u1ed3 b\u1ec1n u\u1ed1n ch\u1ecbu l\u1ef1c t\u1ed1t, th\u1ea5m h\u00fat n\u01b0\u1edbc th\u1ea5p<\/li>\n<li aria-level=\"1\">K\u00edch th\u01b0\u1edbc ph\u1ed5 th\u00f4ng, \u1ee9ng d\u1ee5ng \u0111a d\u1ea1ng<\/li>\n<li aria-level=\"1\">Non-ignition, non-expansion<\/li>\n<li aria-level=\"1\">Easy to clean, anti-bacterial, anti-mildew<\/li>\n<\/ul>\n<\/td>\n<\/tr>\n<tr>\n<td>APPLICATIONS<\/td>\n<td>\u0110a d\u1ea1ng, v\u00ed d\u1ee5 ki\u1ebfn tr\u00fac nh\u00e0 \u1ed1ng, khu chung c\u01b0, nh\u00e0 \u1edf cao c\u1ea5p, bi\u1ec7t th\u1ef1, ph\u00f2ng kh\u00e1ch\u2026<\/td>\n<\/tr>\n<\/tbody>\n<\/table>\n<h2>2. G<b>\u1ea1ch \u1ed1p l\u00e1t <span data-sheets-root=\"1\"><strong>CGD8080202S4<\/strong><\/span><\/b><b>\u00a0\u2013 s\u1ef1 l\u1ef1a ch\u1ecdn ho\u00e0n h\u1ea3o cho m\u1ecdi c\u00f4ng tr\u00ecnh<\/b><\/h2>\n<figure id=\"attachment_32061\" class=\"wp-caption aligncenter\" aria-describedby=\"caption-attachment-32061\">\n<p><figure id=\"attachment_32070\" aria-describedby=\"caption-attachment-32070\" style=\"width: 1024px\" class=\"wp-caption aligncenter\"><img decoding=\"async\" class=\"wp-image-32070 size-large\" title=\"G\u1ea1ch \u1ed1p l\u00e1t m\u00e0u tr\u1eafng v\u00e2n \u0111\u00e1 thanh l\u1ecbch CGD8080201S4 2\" src=\"https:\/\/cmctiles.vn\/wp-content\/uploads\/2025\/01\/AF049-SX-3d-1024x1024.jpg\" alt=\"CGD8080202S4 s\u1edf h\u1eefu v\u00e2n \u0111\u00e1 ph\u00e1 c\u00e1ch \u0111\u1ea7y m\u1ea1nh m\u1ebd\" width=\"1024\" height=\"1024\" srcset=\"https:\/\/cmctiles.vn\/wp-content\/uploads\/2025\/01\/AF049-SX-3d-1024x1024.jpg 1024w, https:\/\/cmctiles.vn\/wp-content\/uploads\/2025\/01\/AF049-SX-3d-300x300.jpg 300w, https:\/\/cmctiles.vn\/wp-content\/uploads\/2025\/01\/AF049-SX-3d-150x150.jpg 150w, https:\/\/cmctiles.vn\/wp-content\/uploads\/2025\/01\/AF049-SX-3d-768x768.jpg 768w, https:\/\/cmctiles.vn\/wp-content\/uploads\/2025\/01\/AF049-SX-3d-1536x1536.jpg 1536w, https:\/\/cmctiles.vn\/wp-content\/uploads\/2025\/01\/AF049-SX-3d-12x12.jpg 12w, https:\/\/cmctiles.vn\/wp-content\/uploads\/2025\/01\/AF049-SX-3d-280x280.jpg 280w, https:\/\/cmctiles.vn\/wp-content\/uploads\/2025\/01\/AF049-SX-3d-600x600.jpg 600w, https:\/\/cmctiles.vn\/wp-content\/uploads\/2025\/01\/AF049-SX-3d-500x500.jpg 500w, https:\/\/cmctiles.vn\/wp-content\/uploads\/2025\/01\/AF049-SX-3d-100x100.jpg 100w, https:\/\/cmctiles.vn\/wp-content\/uploads\/2025\/01\/AF049-SX-3d.jpg 1575w\" sizes=\"(max-width: 1024px) 100vw, 1024px\" \/><figcaption id=\"caption-attachment-32070\" class=\"wp-caption-text\">CGD8080202S4 s\u1edf h\u1eefu v\u00e2n \u0111\u00e1 ph\u00e1 c\u00e1ch \u0111\u1ea7y m\u1ea1nh m\u1ebd<\/figcaption><\/figure><\/figure>\n<p>\u0110\u01b0\u1ee3c \u0111\u1ecbnh v\u1ecb l\u00e0 d\u00f2ng s\u1ea3n ph\u1ea9m thu\u1ed9c ph\u00e2n kh\u00fac cao c\u1ea5p, s\u1ea3n ph\u1ea9m g\u1ea1ch <strong>CGD8080202S4<\/strong> s\u1edf h\u1eefu v\u00e2n \u0111\u00e1 ph\u00e1 c\u00e1ch \u0111\u1ea7y m\u1ea1nh m\u1ebd\u00a0\u0111\u00e1p \u1ee9ng nh\u1eefng ti\u00eau chu\u1ea9n kh\u1eaft khe nh\u1ea5t c\u1ee7a gia ch\u1ee7 v\u1edbi nh\u1eefng \u0111\u1eb7c \u0111i\u1ec3m n\u1ed5i b\u1eadt:<\/p>\n<ul>\n<li aria-level=\"1\"><b>T\u00ednh th\u1ea9m m\u1ef9 cao<\/b>: S\u1ea3n ph\u1ea9m mang \u0111\u1ebfn kh\u00f4ng gian h\u00e0i h\u00f2a, \u1ee9ng d\u1ee5ng linh ho\u1ea1t trong nhi\u1ec1u kh\u00f4ng gian, v\u1eeba trang tr\u00ed kh\u00f4ng gian r\u1ed9ng v\u1eeba t\u1ea1o \u0111i\u1ec3m nh\u1ea5n cho \u1ea5n t\u01b0\u1ee3ng, gi\u00fap t\u0103ng t\u00ednh th\u1ea9m m\u1ef9 v\u00e0 th\u1ed5i h\u1ed3n cho kh\u00f4ng gian s\u1ed1ng<\/li>\n<li aria-level=\"1\"><b>B\u1ec1 m\u1eb7t men kim c\u01b0\u01a1ng cao c\u1ea5p:\u00a0<\/b>S\u1ea3n ph\u1ea9m \u0111\u01b0\u1ee3c tr\u00e1ng ph\u1ee7 l\u1edbp men kim c\u01b0\u01a1ng b\u00f3ng lo\u00e1ng, b\u1ec1 m\u1eb7t v\u1eeba t\u1ea1o hi\u1ec7u \u1ee9ng g\u01b0\u01a1ng \u0111\u1eb9p m\u1eaft v\u1eeba kh\u00f4ng b\u00e1m b\u1ea9n, b\u00e1m r\u00eau m\u1ed1c gi\u00fap d\u1ec5 d\u00e0ng v\u1ec7 sinh, \u0111\u1eb7c bi\u1ec7t trong m\u00f4i tr\u01b0\u1eddng \u1ea9m \u01b0\u1edbt.<\/li>\n<li aria-level=\"1\"><b>\u0110\u1ed9 b\u1ec1n v\u01b0\u1ee3t tr\u1ed9i:\u00a0<\/b>X\u01b0\u01a1ng g\u1ea1ch Granite ch\u1eafc ch\u1eafn v\u1edbi \u0111\u1ed9 th\u1ea5m h\u00fat n\u01b0\u1edbc &lt;0.5% gi\u00fap s\u1ea3n ph\u1ea9m c\u00f3 \u0111\u1ed9 b\u1ec1n l\u00e2u d\u00e0i, h\u1ea1n ch\u1ebf t\u1ed1i \u0111a t\u00ecnh tr\u1ea1ng b\u1ed9p n\u1ee9t \u0111\u1ed3ng th\u1eddi b\u1ea3o v\u1ec7 n\u1ec1n nh\u00e0.<\/li>\n<li aria-level=\"1\"><b>Kh\u00f4ng b\u1eaft ch\u00e1y, kh\u00f4ng gi\u00e3n n\u1edf:<\/b>\u00a0G\u1ea1ch \u0111\u01b0\u1ee3c nung \u1edf nhi\u1ec7t \u0111\u1ed9 cao t\u1eeb 1.150 \u2013 1.180 \u0111\u1ed9 C n\u00ean kh\u00f4ng d\u1ec5 d\u00e0ng b\u1eaft ch\u00e1y, \u0111\u1eb7c bi\u1ec7t tuy\u1ec7t \u0111\u1ed1i kh\u00f4ng gi\u00e3n n\u1edf \u1edf nhi\u1ec7t \u0111\u1ed9 nh\u00e0 th\u00f4ng th\u01b0\u1eddng v\u00e0 ch\u1ecbu \u0111\u01b0\u1ee3c th\u1eddi ti\u1ebft kh\u1eafc nghi\u1ec7t.<\/li>\n<\/ul>\n<div class=\"x11i5rnm xat24cr x1mh8g0r x1vvkbs xtlvy1s x126k92a\"><\/div>\n<div class=\"x11i5rnm xat24cr x1mh8g0r x1vvkbs xtlvy1s x126k92a\">\n<div dir=\"auto\">V\u1edbi nh\u1eefng \u01b0u \u0111i\u1ec3m v\u01b0\u1ee3t tr\u1ed9i, s\u1ea3n ph\u1ea9m g\u1ea1ch <strong>CGD8080202S4<\/strong> s\u1edf h\u1eefu v\u00e2n \u0111\u00e1 ph\u00e1 c\u00e1ch \u0111\u1ea7y m\u1ea1nh m\u1ebd\u00a0h\u1ee9a h\u1eb9n s\u1ebd mang \u0111\u1ebfn cho Qu\u00fd v\u1ecb tr\u1ea3i nghi\u1ec7m s\u1ed1ng th\u01b0\u1ee3ng l\u01b0u v\u00e0 ch\u1ea5t l\u01b0\u1ee3ng!<\/div>\n<div dir=\"auto\"><\/div>\n<\/div>\n<p>Tr\u00ean \u0111\u00e2y l\u00e0 nh\u1eefng \u0111\u1eb7c \u0111i\u1ec3m n\u1ed5i b\u1eadt v\u00e0 l\u01b0u \u00fd khi qu\u00fd kh\u00e1ch l\u1ef1a ch\u1ecdn v\u00e0 s\u1eed d\u1ee5ng s\u1ea3n ph\u1ea9m g\u1ea1ch <strong>CGD8080202S4<\/strong>. Hy v\u1ecdng b\u00e0i vi\u1ebft s\u1ebd gi\u00fap \u00edch cho qu\u00fd v\u1ecb \u0111\u1ec3 l\u1ef1a ch\u1ecdn \u0111\u01b0\u1ee3c s\u1ea3n ph\u1ea9m ph\u00f9 h\u1ee3p nh\u1ea5t v\u1edbi kh\u00f4ng gian v\u00e0 chi ph\u00ed c\u1ee7a gia \u0111\u00ecnh.<\/p>\n<p>Vui l\u00f2ng \u0111\u1ec3 l\u1ea1i th\u00f4ng tin d\u01b0\u1edbi h\u1ed9p th\u01b0 d\u01b0\u1edbi \u0111\u00e2y n\u1ebfu qu\u00fd v\u1ecb c\u1ea7n gi\u1ea3i \u0111\u00e1p th\u1eafc m\u1eafc ho\u1eb7c nh\u1eadn s\u1ef1 t\u01b0 v\u1ea5n t\u1eeb chuy\u00ean gia c\u1ee7a CMC Tiles!<\/p>\n<\/div>\n<\/div>\n<\/div>","protected":false},"excerpt":{"rendered":"<p>G\u1ea1ch \u1ed1p l\u00e1t CGD8080202S4 l\u1ea5y c\u1ea3m h\u1ee9ng t\u1eeb ng\u1ecdn n\u00fai Kinabalu &#8211; bi\u1ec3u t\u01b0\u1ee3ng k\u1ef3 v\u0129 c\u1ee7a v\u00f9ng \u0111\u1ea5t Borneo xinh \u0111\u1eb9p v\u00e0 l\u00e0 minh ch\u1ee9ng cho s\u1ee9c m\u1ea1nh v\u00e0 v\u1ebb \u0111\u1eb9p tr\u00e1ng l\u1ec7 c\u1ee7a thi\u00ean nhi\u00ean. Tr\u1ea7m m\u1eb7c gi\u1eefa \u0111\u1ea1i d\u01b0\u01a1ng m\u00e2y tr\u1eddi, Kinabalu hi\u1ec7n l\u00ean v\u1edbi n\u00e9t c\u1ed5 k\u00ednh pha l\u1eabn s\u1ef1 uy [&hellip;]<\/p>\n","protected":false},"featured_media":32070,"comment_status":"open","ping_status":"closed","template":"","meta":[],"product_brand":[],"product_cat":[1076,1015,1083,1017,1019],"product_tag":[],"class_list":{"0":"post-32069","1":"product","2":"type-product","3":"status-publish","4":"has-post-thumbnail","6":"product_cat-gach-op-lat","7":"product_cat-gach-lat","8":"product_cat-gach-lat-nen-van-da","9":"product_cat-gach-op-lat-cmc","10":"product_cat-granite","12":"first","13":"instock","14":"taxable","15":"shipping-taxable","16":"purchasable","17":"product-type-simple"},"_links":{"self":[{"href":"https:\/\/cmctiles.vn\/en\/wp-json\/wp\/v2\/product\/32069","targetHints":{"allow":["GET"]}}],"collection":[{"href":"https:\/\/cmctiles.vn\/en\/wp-json\/wp\/v2\/product"}],"about":[{"href":"https:\/\/cmctiles.vn\/en\/wp-json\/wp\/v2\/types\/product"}],"replies":[{"embeddable":true,"href":"https:\/\/cmctiles.vn\/en\/wp-json\/wp\/v2\/comments?post=32069"}],"version-history":[{"count":6,"href":"https:\/\/cmctiles.vn\/en\/wp-json\/wp\/v2\/product\/32069\/revisions"}],"predecessor-version":[{"id":32079,"href":"https:\/\/cmctiles.vn\/en\/wp-json\/wp\/v2\/product\/32069\/revisions\/32079"}],"wp:featuredmedia":[{"embeddable":true,"href":"https:\/\/cmctiles.vn\/en\/wp-json\/wp\/v2\/media\/32070"}],"wp:attachment":[{"href":"https:\/\/cmctiles.vn\/en\/wp-json\/wp\/v2\/media?parent=32069"}],"wp:term":[{"taxonomy":"product_brand","embeddable":true,"href":"https:\/\/cmctiles.vn\/en\/wp-json\/wp\/v2\/product_brand?post=32069"},{"taxonomy":"product_cat","embeddable":true,"href":"https:\/\/cmctiles.vn\/en\/wp-json\/wp\/v2\/product_cat?post=32069"},{"taxonomy":"product_tag","embeddable":true,"href":"https:\/\/cmctiles.vn\/en\/wp-json\/wp\/v2\/product_tag?post=32069"}],"curies":[{"name":"wp","href":"https:\/\/api.w.org\/{rel}","templated":true}]}}