{"id":31643,"date":"2024-08-23T16:53:10","date_gmt":"2024-08-23T09:53:10","guid":{"rendered":"https:\/\/cmctiles.vn\/?post_type=product&#038;p=31643"},"modified":"2024-08-23T17:05:16","modified_gmt":"2024-08-23T10:05:16","slug":"gach-lat-nen-mau-den-van-da-tao-bao-ptk68006","status":"publish","type":"product","link":"https:\/\/cmctiles.vn\/en\/gach-op-lat\/gach-lat-nen-mau-den-van-da-tao-bao-ptk68006.html","title":{"rendered":"G\u1ea1ch l\u00e1t n\u1ec1n m\u00e0u \u0111en v\u00e2n \u0111\u00e1 t\u00e1o b\u1ea1o PTK68006"},"content":{"rendered":"<p>Floor Tiles <strong>PTK68006<\/strong> kh\u01a1i ngu\u1ed3n c\u1ea3m h\u1ee9ng t\u1eeb s\u1ef1 t\u00e1c \u0111\u1ed9ng c\u1ee7a thi\u00ean nhi\u00ean, nh\u1eefng n\u00e9t v\u00e2n \u0111\u00e1 ph\u00e1 c\u00e1ch t\u00e1o b\u1ea1o nh\u01b0 t\u00e1i hi\u1ec7n l\u1ea1i hi\u1ec7n t\u01b0\u1ee3ng va ch\u1ea1m gi\u1eefa c\u00e1c t\u1ea7ng \u0111\u00e1, qua \u0111\u00f3 ng\u01b0\u1eddi ngh\u1ec7 nh\u00e2n mu\u1ed1n truy\u1ec1n t\u1ea3i m\u1ed9t v\u1ebb \u0111\u1eb9p \u0111\u1ea7y s\u1ee9c m\u1ea1nh, \u0111\u1ed9ng l\u1ef1c v\u00e0 s\u1ef1 b\u00ed \u1ea9n, g\u00e2y k\u00edch th\u00edch th\u1ecb gi\u00e1c v\u00e0 kh\u01a1i d\u1eady s\u1ef1 t\u00f2 m\u00f2 c\u1ee7a con ng\u01b0\u1eddi.<\/p>\n<figure id=\"attachment_31669\" aria-describedby=\"caption-attachment-31669\" style=\"width: 846px\" class=\"wp-caption aligncenter\"><img fetchpriority=\"high\" decoding=\"async\" class=\"wp-image-31669\" src=\"https:\/\/cmctiles.vn\/wp-content\/uploads\/2024\/08\/PTK68006-1.png\" alt=\"\" width=\"846\" height=\"902\" title=\"\" srcset=\"https:\/\/cmctiles.vn\/wp-content\/uploads\/2024\/08\/PTK68006-1.png 698w, https:\/\/cmctiles.vn\/wp-content\/uploads\/2024\/08\/PTK68006-1-281x300.png 281w, https:\/\/cmctiles.vn\/wp-content\/uploads\/2024\/08\/PTK68006-1-11x12.png 11w, https:\/\/cmctiles.vn\/wp-content\/uploads\/2024\/08\/PTK68006-1-263x280.png 263w, https:\/\/cmctiles.vn\/wp-content\/uploads\/2024\/08\/PTK68006-1-500x533.png 500w\" sizes=\"(max-width: 846px) 100vw, 846px\" \/><figcaption id=\"caption-attachment-31669\" class=\"wp-caption-text\">G\u1ea1ch l\u00e1t n\u1ec1n PTK68006 mang v\u1ebb \u0111\u1eb9p \u0111\u1ea7y b\u00ed \u1ea9n<\/figcaption><\/figure>\n<h2><b>1. Th\u00f4ng s\u1ed1 s\u1ea3n ph\u1ea9m\u00a0<\/b><\/h2>\n<table style=\"width: 92.9797%; height: 647px;\">\n<tbody>\n<tr style=\"height: 31px;\">\n<td style=\"width: 25.2668%; height: 31px;\">M\u00e3 s\u1ea3n ph\u1ea9m<\/td>\n<td style=\"width: 73.6915%; height: 31px;\"><strong>PTK68006<\/strong><\/td>\n<\/tr>\n<tr style=\"height: 31px;\">\n<td style=\"width: 25.2668%; height: 31px;\">BRANDS<\/td>\n<td style=\"width: 73.6915%; height: 31px;\">PRATO Tiles<\/td>\n<\/tr>\n<tr style=\"height: 31px;\">\n<td style=\"width: 25.2668%; height: 31px;\">Ph\u00e2n lo\u1ea1i<\/td>\n<td style=\"width: 73.6915%; height: 31px;\">Ceramic tiles<\/td>\n<\/tr>\n<tr style=\"height: 31px;\">\n<td style=\"width: 25.2668%; height: 31px;\">M\u00e0u s\u1eafc<\/td>\n<td style=\"width: 73.6915%; height: 31px;\">M\u00e0u \u0111en tuy\u1ec1n v\u00e2n \u0111\u00e1<\/td>\n<\/tr>\n<tr style=\"height: 31px;\">\n<td style=\"width: 25.2668%; height: 31px;\">Sizes<\/td>\n<td style=\"width: 73.6915%; height: 31px;\">600\u00d7600 mm<\/td>\n<\/tr>\n<tr style=\"height: 31px;\">\n<td style=\"width: 25.2668%; height: 31px;\">\u0110\u1ed9 d\u00e0y<\/td>\n<td style=\"width: 73.6915%; height: 31px;\">9,0 mm<\/td>\n<\/tr>\n<tr style=\"height: 31px;\">\n<td style=\"width: 25.2668%; height: 31px;\">MATERIALS<\/td>\n<td style=\"width: 73.6915%; height: 31px;\">Porcelain<\/td>\n<\/tr>\n<tr style=\"height: 31px;\">\n<td style=\"width: 25.2668%; height: 31px;\">Surfaces<\/td>\n<td style=\"width: 73.6915%; height: 31px;\">Men kim c\u01b0\u01a1ng<\/td>\n<\/tr>\n<tr style=\"height: 191px;\">\n<td style=\"width: 25.2668%; height: 191px;\">Outstanding features<\/td>\n<td style=\"width: 73.6915%; height: 191px;\">\n<ul>\n<li aria-level=\"1\">Hoa v\u0103n sang tr\u1ecdng, th\u1eddi th\u01b0\u1ee3ng<\/li>\n<li aria-level=\"1\">\u0110\u1ed3 b\u1ec1n u\u1ed1n ch\u1ecbu l\u1ef1c t\u1ed1t, th\u1ea5m h\u00fat n\u01b0\u1edbc th\u1ea5p<\/li>\n<li aria-level=\"1\">K\u00edch th\u01b0\u1edbc ph\u1ed5 th\u00f4ng, \u1ee9ng d\u1ee5ng \u0111a d\u1ea1ng<\/li>\n<li aria-level=\"1\">Non-ignition, non-expansion<\/li>\n<li aria-level=\"1\">Easy to clean, anti-bacterial, anti-mildew<\/li>\n<\/ul>\n<\/td>\n<\/tr>\n<tr style=\"height: 31px;\">\n<td style=\"width: 25.2668%; height: 31px;\">APPLICATIONS<\/td>\n<td style=\"width: 73.6915%; height: 31px;\">\u0110a d\u1ea1ng, v\u00ed d\u1ee5 ki\u1ebfn tr\u00fac nh\u00e0 \u1ed1ng, khu chung c\u01b0, nh\u00e0 \u1edf cao c\u1ea5p, bi\u1ec7t th\u1ef1, ph\u00f2ng kh\u00e1ch\u2026<\/td>\n<\/tr>\n<\/tbody>\n<\/table>\n<h2><b>2. G\u1ea1ch l\u00e1t n\u1ec1n <strong>PTK68006<\/strong>\u00a0\u2013 s\u1ef1 l\u1ef1a ch\u1ecdn ho\u00e0n h\u1ea3o cho m\u1ecdi c\u00f4ng tr\u00ecnh\u00a0<\/b><\/h2>\n<figure id=\"attachment_31670\" aria-describedby=\"caption-attachment-31670\" style=\"width: 852px\" class=\"wp-caption aligncenter\"><img decoding=\"async\" class=\"wp-image-31670\" src=\"https:\/\/cmctiles.vn\/wp-content\/uploads\/2024\/08\/PTK68006-1024x1024.png\" alt=\"\" width=\"852\" height=\"852\" title=\"\" srcset=\"https:\/\/cmctiles.vn\/wp-content\/uploads\/2024\/08\/PTK68006-1024x1024.png 1024w, https:\/\/cmctiles.vn\/wp-content\/uploads\/2024\/08\/PTK68006-300x300.png 300w, https:\/\/cmctiles.vn\/wp-content\/uploads\/2024\/08\/PTK68006-150x150.png 150w, https:\/\/cmctiles.vn\/wp-content\/uploads\/2024\/08\/PTK68006-768x768.png 768w, https:\/\/cmctiles.vn\/wp-content\/uploads\/2024\/08\/PTK68006-12x12.png 12w, https:\/\/cmctiles.vn\/wp-content\/uploads\/2024\/08\/PTK68006-280x280.png 280w, https:\/\/cmctiles.vn\/wp-content\/uploads\/2024\/08\/PTK68006-600x600.png 600w, https:\/\/cmctiles.vn\/wp-content\/uploads\/2024\/08\/PTK68006-500x500.png 500w, https:\/\/cmctiles.vn\/wp-content\/uploads\/2024\/08\/PTK68006-100x100.png 100w, https:\/\/cmctiles.vn\/wp-content\/uploads\/2024\/08\/PTK68006.png 1200w\" sizes=\"(max-width: 852px) 100vw, 852px\" \/><figcaption id=\"caption-attachment-31670\" class=\"wp-caption-text\">C\u00e1c \u0111\u01b0\u1eddng n\u00e9t v\u00e2n \u0111\u00e1 s\u1eafc s\u1ea3o, m\u1ea1nh m\u1ebd c\u1ee7a g\u1ea1ch l\u00e1t n\u1ec1n PTK68006<\/figcaption><\/figure>\n<figure id=\"attachment_31525\" class=\"wp-caption alignnone\" aria-describedby=\"caption-attachment-31525\"><figcaption id=\"caption-attachment-31525\" class=\"wp-caption-text\"><\/figcaption><\/figure>\n<p>&nbsp;<\/p>\n<p>Floor Tiles <strong>PTK68006<\/strong> l\u00e0 d\u00f2ng s\u1ea3n ph\u1ea9m g\u1ea1ch \u1ed1p l\u00e1t cao c\u1ea5p c\u1ee7a CMC v\u1edbi ch\u1ea5t li\u1ec7u x\u01b0\u01a1ng Porcelain c\u1ee9ng c\u00e1p, \u0111\u1ed9 h\u00fat n\u01b0\u1edbc th\u1ea5p &lt;0.5% \u0111\u1eb7c bi\u1ec7t ph\u00f9 h\u1ee3p trong nh\u1eefng m\u00f4i tr\u01b0\u1eddng \u00e2m \u01b0\u1edbt nh\u01b0 nh\u00e0 t\u1eafm. S\u1ea3n ph\u1ea9m s\u1edf h\u1eefu nh\u1eefng \u0111\u1eb7c \u0111i\u1ec3m n\u1ed5i b\u1eadt:<\/p>\n<ul>\n<li aria-level=\"1\"><b>B\u1ec1 m\u1eb7t men kim c\u01b0\u01a1ng sang tr\u1ecdng:\u00a0<\/b>B\u1ec1 m\u1eb7t g\u1ea1ch c\u00f3 \u0111\u1ed9 b\u00f3ng, v\u1eeba t\u1ea1o hi\u1ec7u \u1ee9ng g\u01b0\u01a1ng \u0111\u1eb9p m\u1eaft v\u1eeba kh\u00f4ng b\u00e1m b\u1ea9n, b\u00e1m r\u00eau m\u1ed1c gi\u00fap d\u1ec5 d\u00e0ng v\u1ec7 sinh b\u1ee9c t\u01b0\u1eddng \u0111\u1eb7c bi\u1ec7t trong m\u00f4i tr\u01b0\u1eddng \u1ea9m \u01b0\u1edbt<\/li>\n<li><em><strong>Hoa v\u0103n hi\u1ec7n \u0111\u1ea1i tinh t\u1ebf:<\/strong><\/em>\u00a0M\u1eabu m\u00e3 \u0111a d\u1ea1ng v\u1edbi h\u1ecda ti\u1ebft v\u00e2n \u0111\u00e1, v\u00e2n xi m\u0103ng \u0111\u01a1n gi\u1ea3n, tinh t\u1ebf, ph\u00f9 h\u1ee3p phong c\u00e1ch thi\u1ebft k\u1ebf hi\u1ec7n \u0111\u1ea1i ng\u00e0y nay<\/li>\n<li><em><strong>Th\u1ea9m m\u1ef9 h\u00e0i h\u00f2a v\u00e0 s\u1ea1ch s\u1ebd:<\/strong><\/em> T\u00f4ng m\u00e0u \u0111en kh\u00f4ng ch\u1ec9 mang t\u00ednh th\u1ea9m m\u1ef9 th\u1eddi th\u01b0\u1ee3ng m\u00e0 c\u00f2n t\u0103ng hi\u1ec7u \u1ee9ng s\u1ea1ch s\u1ebd cho kh\u00f4ng gian, \u0111\u1eb7c bi\u1ec7t nh\u1eefng kh\u00f4ng gian \u1ea9m \u01b0\u1edbt, d\u1ec5 b\u00e1m b\u1ea9n, r\u00eau m\u1ed1c<\/li>\n<li><em><strong>B\u1ea3o v\u1ec7 s\u00e0n nh\u00e0 hi\u1ec7u qu\u1ea3:<\/strong><\/em>\u00a0Ch\u1ea5t li\u1ec7u x\u01b0\u01a1ng Porcelain c\u1ee9ng c\u00e1p, h\u00fat n\u01b0\u1edbc th\u1ea5p gi\u00fap b\u1ea3o v\u1ec7 s\u00e0n theo n\u0103m th\u00e1ng, h\u1ea1n ch\u1ebf t\u1ed1i \u0111a t\u00ecnh tr\u1ea1ng bong r\u1ed9p<\/li>\n<\/ul>\n<p>Tr\u00ean \u0111\u00e2y l\u00e0 nh\u1eefng \u0111\u1eb7c \u0111i\u1ec3m n\u1ed5i b\u1eadt v\u00e0 l\u01b0u \u00fd khi qu\u00fd kh\u00e1ch l\u1ef1a ch\u1ecdn v\u00e0 s\u1eed d\u1ee5ng g\u1ea1ch \u1ed1p l\u00e1t <strong>PTK68006<\/strong>. Hy v\u1ecdng b\u00e0i vi\u1ebft s\u1ebd gi\u00fap \u00edch cho qu\u00fd v\u1ecb \u0111\u1ec3 l\u1ef1a ch\u1ecdn \u0111\u01b0\u1ee3c s\u1ea3n ph\u1ea9m ph\u00f9 h\u1ee3p nh\u1ea5t v\u1edbi kh\u00f4ng gian v\u00e0 chi ph\u00ed c\u1ee7a gia \u0111\u00ecnh.<\/p>\n<p>Vui l\u00f2ng \u0111\u1ec3 l\u1ea1i th\u00f4ng tin d\u01b0\u1edbi h\u1ed9p th\u01b0 d\u01b0\u1edbi \u0111\u00e2y n\u1ebfu qu\u00fd v\u1ecb c\u1ea7n gi\u1ea3i \u0111\u00e1p th\u1eafc m\u1eafc ho\u1eb7c nh\u1eadn s\u1ef1 t\u01b0 v\u1ea5n t\u1eeb chuy\u00ean gia c\u1ee7a CMC Tiles!<\/p>","protected":false},"excerpt":{"rendered":"<p>G\u1ea1ch l\u00e1t n\u1ec1n PTK68006 kh\u01a1i ngu\u1ed3n c\u1ea3m h\u1ee9ng t\u1eeb s\u1ef1 t\u00e1c \u0111\u1ed9ng c\u1ee7a thi\u00ean nhi\u00ean, nh\u1eefng n\u00e9t v\u00e2n \u0111\u00e1 ph\u00e1 c\u00e1ch t\u00e1o b\u1ea1o nh\u01b0 t\u00e1i hi\u1ec7n l\u1ea1i hi\u1ec7n t\u01b0\u1ee3ng va ch\u1ea1m gi\u1eefa c\u00e1c t\u1ea7ng \u0111\u00e1, qua \u0111\u00f3 ng\u01b0\u1eddi ngh\u1ec7 nh\u00e2n mu\u1ed1n truy\u1ec1n t\u1ea3i m\u1ed9t v\u1ebb \u0111\u1eb9p \u0111\u1ea7y s\u1ee9c m\u1ea1nh, \u0111\u1ed9ng l\u1ef1c v\u00e0 s\u1ef1 b\u00ed \u1ea9n, [&hellip;]<\/p>\n","protected":false},"featured_media":31670,"comment_status":"open","ping_status":"closed","template":"","meta":[],"product_brand":[],"product_cat":[1076,1015,1083,1016,1092,1023],"product_tag":[],"class_list":{"0":"post-31643","1":"product","2":"type-product","3":"status-publish","4":"has-post-thumbnail","6":"product_cat-gach-op-lat","7":"product_cat-gach-lat","8":"product_cat-gach-lat-nen-van-da","9":"product_cat-gach-op","10":"product_cat-gach-op-lat-prato","11":"product_cat-porcelain","13":"first","14":"instock","15":"taxable","16":"shipping-taxable","17":"purchasable","18":"product-type-simple"},"_links":{"self":[{"href":"https:\/\/cmctiles.vn\/en\/wp-json\/wp\/v2\/product\/31643","targetHints":{"allow":["GET"]}}],"collection":[{"href":"https:\/\/cmctiles.vn\/en\/wp-json\/wp\/v2\/product"}],"about":[{"href":"https:\/\/cmctiles.vn\/en\/wp-json\/wp\/v2\/types\/product"}],"replies":[{"embeddable":true,"href":"https:\/\/cmctiles.vn\/en\/wp-json\/wp\/v2\/comments?post=31643"}],"version-history":[{"count":5,"href":"https:\/\/cmctiles.vn\/en\/wp-json\/wp\/v2\/product\/31643\/revisions"}],"predecessor-version":[{"id":31678,"href":"https:\/\/cmctiles.vn\/en\/wp-json\/wp\/v2\/product\/31643\/revisions\/31678"}],"wp:featuredmedia":[{"embeddable":true,"href":"https:\/\/cmctiles.vn\/en\/wp-json\/wp\/v2\/media\/31670"}],"wp:attachment":[{"href":"https:\/\/cmctiles.vn\/en\/wp-json\/wp\/v2\/media?parent=31643"}],"wp:term":[{"taxonomy":"product_brand","embeddable":true,"href":"https:\/\/cmctiles.vn\/en\/wp-json\/wp\/v2\/product_brand?post=31643"},{"taxonomy":"product_cat","embeddable":true,"href":"https:\/\/cmctiles.vn\/en\/wp-json\/wp\/v2\/product_cat?post=31643"},{"taxonomy":"product_tag","embeddable":true,"href":"https:\/\/cmctiles.vn\/en\/wp-json\/wp\/v2\/product_tag?post=31643"}],"curies":[{"name":"wp","href":"https:\/\/api.w.org\/{rel}","templated":true}]}}