{"id":31514,"date":"2024-08-23T10:21:17","date_gmt":"2024-08-23T03:21:17","guid":{"rendered":"https:\/\/cmctiles.vn\/?post_type=product&#038;p=31514"},"modified":"2024-08-23T10:21:18","modified_gmt":"2024-08-23T03:21:18","slug":"bo-gach-op-tuong-hoa-tiet-hoa-hong-tren-da-sang-trong-va-trang-nha-rpd4080009s2-rpd4080010s2-rpd4080011s2","status":"publish","type":"product","link":"https:\/\/cmctiles.vn\/en\/gach-op-lat\/bo-gach-op-tuong-hoa-tiet-hoa-hong-tren-da-sang-trong-va-trang-nha-rpd4080009s2-rpd4080010s2-rpd4080011s2.html","title":{"rendered":"B\u1ed9 g\u1ea1ch \u1ed1p t\u01b0\u1eddng h\u1ecda ti\u1ebft hoa h\u1ed3ng tr\u00ean \u0111\u00e1 sang tr\u1ecdng v\u00e0 trang nh\u00e3 RPD4080009S2 &#8211; RPD4080010S2 &#8211; RPD4080011S2"},"content":{"rendered":"<p>B\u1ed9 g\u1ea1ch \u1ed1p t\u01b0\u1eddng l\u00e0 m\u1ed9t trong nh\u1eefng d\u00f2ng s\u1ea3n ph\u1ea9m ch\u1ee7 l\u1ef1c c\u1ee7a CMC \u2013 REFINA v\u1edbi thi\u1ebft k\u1ebf \u0111a d\u1ea1ng, \u1ea5n t\u01b0\u1ee3ng c\u00f9ng ch\u1ea5t li\u1ec7u cao c\u1ea5p. G\u1ea1ch \u1ed1p t\u01b0\u1eddng kh\u00f4ng ch\u1ec9 mang \u0111\u1ebfn hi\u1ec7u \u1ee9ng th\u1ea9m m\u1ef9 v\u01b0\u1ee3t tr\u1ed9i m\u00e0 c\u00f2n gi\u00fap b\u1ea3o v\u1ec7 t\u01b0\u1eddng v\u00e0 t\u1ed1i \u01b0u tr\u1ea3i nghi\u1ec7m c\u1ee7a ng\u01b0\u1eddi d\u00f9ng. CMC xin gi\u1edbi thi\u1ec7u t\u1edbi Qu\u00fd v\u1ecb b\u1ed9 g\u1ea1ch \u1ed1p t\u01b0\u1eddng\u00a0<strong>RPD4080009S2 \u2013 RPD4080010S2 \u2013 RPD4080011S2<\/strong>\u00a0v\u1edbi n\u00e9t \u0111\u1eb9p sang tr\u1ecdng, hi\u1ec7n \u0111\u1ea1i:<\/p>\n<h2><b>1. Th\u00f4ng s\u1ed1 s\u1ea3n ph\u1ea9m<\/b><\/h2>\n<table>\n<tbody>\n<tr>\n<td>M\u00e3 s\u1ea3n ph\u1ea9m<\/td>\n<td>RPD4080009S2 \u2013 RPD4080010S2 \u2013 RPD4080011S2<\/td>\n<\/tr>\n<tr>\n<td>BRANDS<\/td>\n<td>G\u1ea1ch \u1ed1p l\u00e1t REFINA<\/td>\n<\/tr>\n<tr>\n<td>Ph\u00e2n lo\u1ea1i<\/td>\n<td>G\u1ea1ch \u1ed1p t\u01b0\u1eddng Porcelain<\/td>\n<\/tr>\n<tr>\n<td>M\u00e0u s\u1eafc<\/td>\n<td>M\u00e0u tr\u1eafng s\u1ee9 v\u00e2n \u0111\u00e1 calacatta c\u00f9ng h\u1ecda ti\u1ebft hoa sen thanh l\u1ecbch<\/td>\n<\/tr>\n<tr>\n<td>Sizes<\/td>\n<td>400 x 800 mm<\/td>\n<\/tr>\n<tr>\n<td>\u0110\u1ed9 d\u00e0y<\/td>\n<td>8.5 (mm)<\/td>\n<\/tr>\n<tr>\n<td>MATERIALS<\/td>\n<td>Porcelain<\/td>\n<\/tr>\n<tr>\n<td>Surfaces<\/td>\n<td>Men B\u00f3ng<\/td>\n<\/tr>\n<tr>\n<td>Outstanding features<\/td>\n<td>\n<ul>\n<li aria-level=\"1\">H\u1ecda ti\u1ebft s\u1eafc n\u00e9t, m\u1eabu m\u00e3 \u0111a d\u1ea1ng<\/li>\n<li aria-level=\"1\">X\u01b0\u01a1ng g\u1ea1ch Porcelain cao c\u1ea5p v\u1edbi \u0111\u1ed9 ch\u1ed1ng th\u1ea5m h\u00fat n\u01b0\u1edbc th\u1ea5p (&lt;0.5%) mang \u0111\u1ebfn \u0111\u1ed9 b\u1ec1n v\u01b0\u1ee3t tr\u1ed9i<\/li>\n<li aria-level=\"1\">B\u1ec1 m\u1eb7t men s\u00e1ng b\u00f3ng, sang tr\u1ecdng v\u00e0 b\u1eaft s\u00e1ng t\u1ed1t<\/li>\n<li aria-level=\"1\">Non-ignition, non-expansion<\/li>\n<li aria-level=\"1\">D\u1ec5 v\u1ec7 sinh, ch\u1ed1ng n\u1ea5m m\u1ed1c, \u1ee9ng d\u1ee5ng linh ho\u1ea1t<\/li>\n<\/ul>\n<\/td>\n<\/tr>\n<tr>\n<td>APPLICATIONS<\/td>\n<td>\u0110a d\u1ea1ng, v\u00ed d\u1ee5 ki\u1ebfn tr\u00fac t\u01b0\u1eddng nh\u00e0 \u1ed1ng, khu chung c\u01b0, nh\u00e0 \u1edf cao c\u1ea5p, bi\u1ec7t th\u1ef1, ph\u00f2ng kh\u00e1ch, ph\u00f2ng t\u1eafm, nh\u00e0 b\u1ebfp\u2026<\/td>\n<\/tr>\n<\/tbody>\n<\/table>\n<h2><b>2.<\/b><b> B\u1ed9 g\u1ea1ch \u1ed1p t\u01b0\u1eddng RPD4080009S2 \u2013 010S2 <\/b><b>\u2013 011S2 <\/b><b><\/b><b>\u2013 d\u00f2ng s\u1ea3n ph\u1ea9m cao c\u1ea5p c\u1ee7a CMC<\/b><\/h2>\n<p><img fetchpriority=\"high\" decoding=\"async\" class=\"aligncenter size-large wp-image-31494\" src=\"https:\/\/cmctiles.vn\/wp-content\/uploads\/2024\/08\/09-10-11-1024x1024.png\" alt=\"\" width=\"1024\" height=\"1024\" title=\"\" srcset=\"https:\/\/cmctiles.vn\/wp-content\/uploads\/2024\/08\/09-10-11-1024x1024.png 1024w, https:\/\/cmctiles.vn\/wp-content\/uploads\/2024\/08\/09-10-11-300x300.png 300w, https:\/\/cmctiles.vn\/wp-content\/uploads\/2024\/08\/09-10-11-150x150.png 150w, https:\/\/cmctiles.vn\/wp-content\/uploads\/2024\/08\/09-10-11-768x768.png 768w, https:\/\/cmctiles.vn\/wp-content\/uploads\/2024\/08\/09-10-11-1536x1536.png 1536w, https:\/\/cmctiles.vn\/wp-content\/uploads\/2024\/08\/09-10-11-12x12.png 12w, https:\/\/cmctiles.vn\/wp-content\/uploads\/2024\/08\/09-10-11-280x280.png 280w, https:\/\/cmctiles.vn\/wp-content\/uploads\/2024\/08\/09-10-11-600x600.png 600w, https:\/\/cmctiles.vn\/wp-content\/uploads\/2024\/08\/09-10-11-500x500.png 500w, https:\/\/cmctiles.vn\/wp-content\/uploads\/2024\/08\/09-10-11-100x100.png 100w, https:\/\/cmctiles.vn\/wp-content\/uploads\/2024\/08\/09-10-11.png 2048w\" sizes=\"(max-width: 1024px) 100vw, 1024px\" \/><\/p>\n<p style=\"text-align: center;\"><em>B\u1ed9 g\u1ea1ch \u1ed1p t\u01b0\u1eddng v\u00e2n \u0111\u00e1 hoa h\u1ed3ng sang tr\u1ecdng v\u00e0 trang nh\u00e3<\/em><\/p>\n<p>L\u00e0 s\u1ea3n ph\u1ea9m thu\u1ed9c d\u00f2ng g\u1ea1ch Porcelain, b\u1ed9 g\u1ea1ch \u1ed1p\u00a0<strong>RPD4080009S2 \u2013 RPD4080010S2 \u2013 RPD4080011S2<\/strong>\u00a0nhanh ch\u00f3ng \u0111\u01b0\u1ee3c kh\u00e1ch h\u00e0ng tin d\u00f9ng v\u00e0 \u01b0a chu\u1ed9ng nh\u1edd nh\u1eefng \u0111\u1eb7c \u0111i\u1ec3m \u01b0u vi\u1ec7t:<\/p>\n<ul>\n<li aria-level=\"1\"><b>M\u1eabu m\u00e3 \u0111a d\u1ea1ng<\/b>: B\u1ed9 g\u1ea1ch \u1ed1p t\u01b0\u1eddng g\u1ed3m 03 m\u1eabu s\u1ea3n ph\u1ea9m k\u1ebft h\u1ee3p mang \u0111\u1ebfn h\u1ecda ti\u1ebft \u0111a d\u1ea1ng, \u1ee9ng d\u1ee5ng linh ho\u1ea1t trong nhi\u1ec1u kh\u00f4ng gian, v\u1eeba trang tr\u00ed kh\u00f4ng gian r\u1ed9ng v\u1eeba t\u1ea1o \u0111i\u1ec3m nh\u1ea5n cho m\u1ea3ng t\u01b0\u1eddng, gi\u00fap t\u0103ng t\u00ednh th\u1ea9m m\u1ef9 v\u00e0 th\u1ed5i h\u1ed3n cho kh\u00f4ng gian s\u1ed1ng<\/li>\n<li aria-level=\"1\"><b>B\u1ec1 m\u1eb7t men b\u00f3ng sang tr\u1ecdng:\u00a0<\/b>S\u1ea3n ph\u1ea9m \u0111\u01b0\u1ee3c tr\u00e1ng ph\u1ee7 l\u1edbp men b\u00f3ng b\u1ec1 m\u1eb7t v\u1eeba t\u1ea1o hi\u1ec7u \u1ee9ng g\u01b0\u01a1ng \u0111\u1eb9p m\u1eaft v\u1eeba kh\u00f4ng b\u00e1m b\u1ea9n, b\u00e1m r\u00eau m\u1ed1c gi\u00fap d\u1ec5 d\u00e0ng v\u1ec7 sinh b\u1ee9c t\u01b0\u1eddng \u0111\u1eb7c bi\u1ec7t trong m\u00f4i tr\u01b0\u1eddng \u1ea9m \u01b0\u1edbt nh\u01b0 nh\u00e0 t\u1eafm, nh\u00e0 b\u1ebfp.<\/li>\n<li aria-level=\"1\"><b>\u0110\u1ed9 b\u1ec1n v\u01b0\u1ee3t tr\u1ed9i:\u00a0<\/b>X\u01b0\u01a1ng g\u1ea1ch Porcelain ch\u1eafc ch\u1eafn v\u1edbi \u0111\u1ed9 th\u1ea5m h\u00fat n\u01b0\u1edbc &lt;0.5% gi\u00fap s\u1ea3n ph\u1ea9m c\u00f3 \u0111\u1ed9 b\u1ec1n l\u00e2u d\u00e0i, kh\u00f4ng lo ng\u1ea5m n\u01b0\u1edbc ng\u01b0\u1ee3c t\u1eeb t\u01b0\u1eddng, h\u1ea1n ch\u1ebf t\u1ed1i \u0111a t\u00ecnh tr\u1ea1ng b\u1ed9p n\u1ee9t \u0111\u1ed3ng th\u1eddi b\u1ea3o v\u1ec7 t\u01b0\u1eddng nh\u00e0.<\/li>\n<li aria-level=\"1\"><b>Kh\u00f4ng b\u1eaft ch\u00e1y, kh\u00f4ng gi\u00e3n n\u1edf:<\/b>\u00a0G\u1ea1ch \u0111\u01b0\u1ee3c nung \u1edf nhi\u1ec7t \u0111\u1ed9 cao t\u1eeb 1.150 \u2013 1.180 \u0111\u1ed9 C n\u00ean kh\u00f4ng d\u1ec5 d\u00e0ng b\u1eaft ch\u00e1y, \u0111\u1eb7c bi\u1ec7t tuy\u1ec7t \u0111\u1ed1i kh\u00f4ng gi\u00e3n n\u1edf \u1edf nhi\u1ec7t \u0111\u1ed9 nh\u00e0 th\u00f4ng th\u01b0\u1eddng v\u00e0 ch\u1ecbu \u0111\u01b0\u1ee3c th\u1eddi ti\u1ebft kh\u1eafc nghi\u1ec7t.<\/li>\n<\/ul>\n<p>Tr\u00ean \u0111\u00e2y l\u00e0 nh\u1eefng \u0111\u1eb7c \u0111i\u1ec3m n\u1ed5i b\u1eadt v\u00e0 l\u01b0u \u00fd khi qu\u00fd kh\u00e1ch l\u1ef1a ch\u1ecdn v\u00e0 s\u1eed d\u1ee5ng g\u1ea1ch \u1ed1p t\u01b0\u1eddng RPD4080009S2 \u2013 RPD4080010S2 \u2013 RPD4080011S2. Hy v\u1ecdng b\u00e0i vi\u1ebft s\u1ebd gi\u00fap \u00edch cho qu\u00fd v\u1ecb \u0111\u1ec3 l\u1ef1a ch\u1ecdn \u0111\u01b0\u1ee3c s\u1ea3n ph\u1ea9m ph\u00f9 h\u1ee3p nh\u1ea5t v\u1edbi kh\u00f4ng gian v\u00e0 chi ph\u00ed c\u1ee7a gia \u0111\u00ecnh.<\/p>\n<p><i>Vui l\u00f2ng \u0111\u1ec3 l\u1ea1i th\u00f4ng tin d\u01b0\u1edbi h\u1ed9p th\u01b0 d\u01b0\u1edbi \u0111\u00e2y n\u1ebfu qu\u00fd v\u1ecb c\u1ea7n gi\u1ea3i \u0111\u00e1p th\u1eafc m\u1eafc ho\u1eb7c nh\u1eadn s\u1ef1 t\u01b0 v\u1ea5n t\u1eeb chuy\u00ean gia c\u1ee7a CMC Tiles!<\/i><\/p>","protected":false},"excerpt":{"rendered":"<p>B\u1ed9 g\u1ea1ch \u1ed1p t\u01b0\u1eddng l\u00e0 m\u1ed9t trong nh\u1eefng d\u00f2ng s\u1ea3n ph\u1ea9m ch\u1ee7 l\u1ef1c c\u1ee7a CMC \u2013 REFINA v\u1edbi thi\u1ebft k\u1ebf \u0111a d\u1ea1ng, \u1ea5n t\u01b0\u1ee3ng c\u00f9ng ch\u1ea5t li\u1ec7u cao c\u1ea5p. G\u1ea1ch \u1ed1p t\u01b0\u1eddng kh\u00f4ng ch\u1ec9 mang \u0111\u1ebfn hi\u1ec7u \u1ee9ng th\u1ea9m m\u1ef9 v\u01b0\u1ee3t tr\u1ed9i m\u00e0 c\u00f2n gi\u00fap b\u1ea3o v\u1ec7 t\u01b0\u1eddng v\u00e0 t\u1ed1i \u01b0u tr\u1ea3i nghi\u1ec7m c\u1ee7a ng\u01b0\u1eddi [&hellip;]<\/p>\n","protected":false},"featured_media":31494,"comment_status":"open","ping_status":"closed","template":"","meta":[],"product_brand":[],"product_cat":[1076,1016,1023,1134],"product_tag":[],"class_list":{"0":"post-31514","1":"product","2":"type-product","3":"status-publish","4":"has-post-thumbnail","6":"product_cat-gach-op-lat","7":"product_cat-gach-op","8":"product_cat-porcelain","9":"product_cat-gach-op-lat-refina","11":"first","12":"instock","13":"taxable","14":"shipping-taxable","15":"purchasable","16":"product-type-simple"},"_links":{"self":[{"href":"https:\/\/cmctiles.vn\/en\/wp-json\/wp\/v2\/product\/31514","targetHints":{"allow":["GET"]}}],"collection":[{"href":"https:\/\/cmctiles.vn\/en\/wp-json\/wp\/v2\/product"}],"about":[{"href":"https:\/\/cmctiles.vn\/en\/wp-json\/wp\/v2\/types\/product"}],"replies":[{"embeddable":true,"href":"https:\/\/cmctiles.vn\/en\/wp-json\/wp\/v2\/comments?post=31514"}],"version-history":[{"count":2,"href":"https:\/\/cmctiles.vn\/en\/wp-json\/wp\/v2\/product\/31514\/revisions"}],"predecessor-version":[{"id":31544,"href":"https:\/\/cmctiles.vn\/en\/wp-json\/wp\/v2\/product\/31514\/revisions\/31544"}],"wp:featuredmedia":[{"embeddable":true,"href":"https:\/\/cmctiles.vn\/en\/wp-json\/wp\/v2\/media\/31494"}],"wp:attachment":[{"href":"https:\/\/cmctiles.vn\/en\/wp-json\/wp\/v2\/media?parent=31514"}],"wp:term":[{"taxonomy":"product_brand","embeddable":true,"href":"https:\/\/cmctiles.vn\/en\/wp-json\/wp\/v2\/product_brand?post=31514"},{"taxonomy":"product_cat","embeddable":true,"href":"https:\/\/cmctiles.vn\/en\/wp-json\/wp\/v2\/product_cat?post=31514"},{"taxonomy":"product_tag","embeddable":true,"href":"https:\/\/cmctiles.vn\/en\/wp-json\/wp\/v2\/product_tag?post=31514"}],"curies":[{"name":"wp","href":"https:\/\/api.w.org\/{rel}","templated":true}]}}