{"id":31411,"date":"2024-08-22T11:26:42","date_gmt":"2024-08-22T04:26:42","guid":{"rendered":"https:\/\/cmctiles.vn\/?post_type=product&#038;p=31411"},"modified":"2024-08-22T11:26:43","modified_gmt":"2024-08-22T04:26:43","slug":"gach-op-tuong-trang-tri-hoa-tiet-da-ghep-noi-an-tuong-rcs2550008s3","status":"publish","type":"product","link":"https:\/\/cmctiles.vn\/en\/ceramic\/gach-op-tuong-trang-tri-hoa-tiet-da-ghep-noi-an-tuong-rcs2550008s3.html","title":{"rendered":"G\u1ea1ch \u1ed1p t\u01b0\u1eddng trang tr\u00ed h\u1ecda ti\u1ebft \u0111\u00e1 gh\u00e9p n\u1ed1i \u1ea5n t\u01b0\u1ee3ng RCS2550008S3"},"content":{"rendered":"<p>G\u1ea1ch \u1ed1p trang tr\u00ed l\u00e0 m\u1ed9t trong nh\u1eefng m\u1ea3nh gh\u00e9p quan tr\u1ecdng gi\u00fap bi\u1ebfn h\u00f3a b\u1ee9c t\u01b0\u1eddng tr\u1edf n\u00ean \u1ea5n t\u01b0\u1ee3ng, sang tr\u1ecdng v\u00e0 cu\u1ed1n h\u00fat h\u01a1n. CMC \u2013 REFINA gi\u1edbi thi\u1ec7u t\u1edbi Qu\u00fd Kh\u00e1ch h\u00e0ng gi\u1ea3i ph\u00e1p g\u1ea1ch \u1ed1p t\u01b0\u1eddng trang tr\u00ed v\u1edbi m\u1eabu m\u00e3 \u0111a d\u1ea1ng, h\u1ecda ti\u1ebft gi\u1ea3 \u0111\u00e1 \u0111\u01b0\u1ee3c s\u1eafp x\u1ebfp m\u1ed9t c\u00e1ch ng\u1eabu nhi\u00ean v\u00e0 c\u00e1ch \u0111i\u1ec7u, mang \u0111\u1ebfn th\u1ea9m m\u1ef9 hi\u1ec7n \u0111\u1ea1i v\u00e0 tr\u1ebb trung.<\/p>\n<h2><b>1. Th\u00f4ng s\u1ed1 s\u1ea3n ph\u1ea9m<\/b><\/h2>\n<table>\n<tbody>\n<tr>\n<td>M\u00e3 s\u1ea3n ph\u1ea9m<\/td>\n<td>RCS2550008S3<\/td>\n<\/tr>\n<tr>\n<td>BRANDS<\/td>\n<td>CMC Tiles<\/td>\n<\/tr>\n<tr>\n<td>Ph\u00e2n lo\u1ea1i<\/td>\n<td>G\u1ea1ch \u1ed1p t\u01b0\u1eddng trang tr\u00ed<\/td>\n<\/tr>\n<tr>\n<td>M\u00e0u s\u1eafc<\/td>\n<td>M\u00e0u ghi \u0111\u00e1 hi\u1ec7n \u0111\u1ea1i<\/td>\n<\/tr>\n<tr>\n<td>Sizes<\/td>\n<td>250 x 500 mm<\/td>\n<\/tr>\n<tr>\n<td>\u0110\u1ed9 d\u00e0y<\/td>\n<td>9.1 mm<\/td>\n<\/tr>\n<tr>\n<td>MATERIALS<\/td>\n<td>Ceramic<\/td>\n<\/tr>\n<tr>\n<td>Surfaces<\/td>\n<td>Men sugar<\/td>\n<\/tr>\n<tr>\n<td>Outstanding features<\/td>\n<td>\n<ul>\n<li aria-level=\"1\">Hoa v\u0103n tr\u1ebb trung, s\u1ed1ng \u0111\u1ed9ng<\/li>\n<li>K\u00edch th\u01b0\u1edbc ph\u1ed5 th\u00f4ng, \u1ee9ng d\u1ee5ng \u0111a d\u1ea1ng<\/li>\n<li aria-level=\"1\">B\u1ec1 m\u1eb7t men sugar c\u00f3 \u0111\u1ed9 l\u1ea5p l\u00e1nh v\u00e0 b\u1eaft s\u00e1ng t\u1ed1t gi\u00fap b\u1ee9c t\u01b0\u1eddng \u1ea5n t\u01b0\u1eddng v\u00e0 thu h\u00fat h\u01a1n<\/li>\n<li aria-level=\"1\">Non-ignition, non-expansion<\/li>\n<li aria-level=\"1\">Easy to clean, anti-bacterial, anti-mildew<\/li>\n<\/ul>\n<\/td>\n<\/tr>\n<tr>\n<td>APPLICATIONS<\/td>\n<td>\u0110a d\u1ea1ng, v\u00ed d\u1ee5 ki\u1ebfn tr\u00fac nh\u00e0 \u1ed1ng, khu chung c\u01b0, nh\u00e0 \u1edf cao c\u1ea5p, bi\u1ec7t th\u1ef1, ph\u00f2ng kh\u00e1ch\u2026<\/td>\n<\/tr>\n<\/tbody>\n<\/table>\n<h2><b>2. G\u1ea1ch \u1ed1p l\u00e1t RCS2550008S3 \u2013 s\u1ef1 l\u1ef1a ch\u1ecdn ho\u00e0n h\u1ea3o cho m\u1ecdi c\u00f4ng tr\u00ecnh\u00a0<\/b><\/h2>\n<p>G\u1ea1ch \u1ed1p t\u01b0\u1eddng trang tr\u00ed RCS2550008S3 v\u1edbi h\u1ecda ti\u1ebft tr\u1ebb trung, hi\u1ec7n \u0111\u1ea1i gi\u00fap t\u1ea1o \u0111i\u1ec3m nh\u1ea5n cho kh\u00f4ng gian s\u1ed1ng, bi\u1ebfn h\u00f3a b\u1ee9c t\u01b0\u1eddng tr\u1edf n\u00ean s\u1ed1ng \u0111\u1ed9ng v\u00e0 b\u1eaft m\u1eaft h\u01a1n v\u1edbi gi\u00e1 th\u00e0nh ph\u1ea3i ch\u0103ng, ph\u00f9 h\u1ee3p v\u1edbi t\u00fai ti\u1ec1n c\u1ee7a nhi\u1ec1u gia ch\u1ee7.<\/p>\n<p><img fetchpriority=\"high\" decoding=\"async\" class=\"aligncenter size-large wp-image-31313\" src=\"https:\/\/cmctiles.vn\/wp-content\/uploads\/2024\/08\/08S3-1024x748.png\" alt=\"\" width=\"1024\" height=\"748\" title=\"\" srcset=\"https:\/\/cmctiles.vn\/wp-content\/uploads\/2024\/08\/08S3-1024x748.png 1024w, https:\/\/cmctiles.vn\/wp-content\/uploads\/2024\/08\/08S3-300x219.png 300w, https:\/\/cmctiles.vn\/wp-content\/uploads\/2024\/08\/08S3-768x561.png 768w, https:\/\/cmctiles.vn\/wp-content\/uploads\/2024\/08\/08S3-16x12.png 16w, https:\/\/cmctiles.vn\/wp-content\/uploads\/2024\/08\/08S3-383x280.png 383w, https:\/\/cmctiles.vn\/wp-content\/uploads\/2024\/08\/08S3-500x365.png 500w, https:\/\/cmctiles.vn\/wp-content\/uploads\/2024\/08\/08S3.png 1033w\" sizes=\"(max-width: 1024px) 100vw, 1024px\" \/><\/p>\n<p style=\"text-align: center;\"><em>G\u1ea1ch \u1ed1p t\u01b0\u1eddng trang tr\u00ed RCS2550008S3<\/em><\/p>\n<ul>\n<li><strong>H\u1ecda ti\u1ebft tr\u1ebb trung, s\u1ed1ng \u0111\u1ed9ng:<\/strong>\u00a0\u1ee8ng d\u1ee5ng c\u00f4ng ngh\u1ec7 in k\u1ef9 thu\u1eadt s\u1ed1 gi\u00fap s\u1ea3n ph\u1ea9m c\u00f3 hoa v\u0103n s\u1eafc n\u00e9t v\u00e0 s\u1ed1ng \u0111\u1ed9ng, h\u1ecda ti\u1ebft v\u00e2n \u0111\u00e1 \u0111\u01b0\u1ee3c s\u1eafp x\u1ebfp m\u1ed9t c\u00e1ch ng\u1eabu nhi\u00ean, m\u00f4 ph\u1ecfng v\u1ebb \u0111\u1eb9p c\u1ee7a \u0111\u00e1 th\u1eadt m\u00e0 v\u1eabn mang \u0111\u1ebfn tinh th\u1ea7n ph\u00f3ng kho\u00e1ng v\u00e0 s\u1ed1ng \u0111\u1ed9ng<\/li>\n<li><strong>B\u1ec1 m\u1eb7t men sugar l\u1ea5p l\u00e1nh v\u00e0 b\u1eaft s\u00e1ng t\u1ed1t:<\/strong>\u00a0S\u1ea3n ph\u1ea9m \u0111\u01b0\u1ee3c tr\u00e1ng ph\u1ee7 l\u1edbp men sugar v\u1edbi hi\u1ec7u \u1ee9ng h\u1ea1t \u0111\u01b0\u1eddng l\u1ea5p l\u00e1nh, c\u00f3 kh\u1ea3 n\u0103ng b\u1eaft s\u00e1ng v\u00e0 h\u1eaft s\u00e1ng t\u1ed1t trong c\u1ea3 kh\u00f4ng gian ngo\u00e0i tr\u1eddi v\u00e0 \u00e1nh \u0111\u00e8n trong ph\u00f2ng<\/li>\n<li><strong>D\u1ec5 d\u00e0ng thi c\u00f4ng v\u00e0 l\u1eafp \u0111\u1eb7t:<\/strong>\u00a0Ch\u1ea5t li\u1ec7u Ceramic nh\u1eb9 x\u1ed1p, d\u1ec5 d\u00e0ng khoan \u0111\u1ee5c, d\u1ec5 d\u00e0ng treo t\u01b0\u1eddng, b\u00e1m d\u00ednh t\u1ed1t, kh\u00f4ng lo r\u01a1i v\u1ee1<\/li>\n<\/ul>\n<p>Tr\u00ean \u0111\u00e2y l\u00e0 nh\u1eefng \u0111\u1eb7c \u0111i\u1ec3m n\u1ed5i b\u1eadt v\u00e0 l\u01b0u \u00fd khi qu\u00fd kh\u00e1ch l\u1ef1a ch\u1ecdn v\u00e0 s\u1eed d\u1ee5ng g\u1ea1ch \u1ed1p t\u01b0\u1eddng trang tr\u00ed RCS2550008S3. Hy v\u1ecdng b\u00e0i vi\u1ebft s\u1ebd gi\u00fap \u00edch cho qu\u00fd v\u1ecb \u0111\u1ec3 l\u1ef1a ch\u1ecdn \u0111\u01b0\u1ee3c s\u1ea3n ph\u1ea9m ph\u00f9 h\u1ee3p nh\u1ea5t v\u1edbi kh\u00f4ng gian v\u00e0 chi ph\u00ed c\u1ee7a gia \u0111\u00ecnh.<\/p>\n<p>Vui l\u00f2ng \u0111\u1ec3 l\u1ea1i th\u00f4ng tin d\u01b0\u1edbi h\u1ed9p th\u01b0 d\u01b0\u1edbi \u0111\u00e2y n\u1ebfu qu\u00fd v\u1ecb c\u1ea7n gi\u1ea3i \u0111\u00e1p th\u1eafc m\u1eafc ho\u1eb7c nh\u1eadn s\u1ef1 t\u01b0 v\u1ea5n t\u1eeb chuy\u00ean gia c\u1ee7a CMC Tiles!<\/p>","protected":false},"excerpt":{"rendered":"<p>G\u1ea1ch \u1ed1p trang tr\u00ed l\u00e0 m\u1ed9t trong nh\u1eefng m\u1ea3nh gh\u00e9p quan tr\u1ecdng gi\u00fap bi\u1ebfn h\u00f3a b\u1ee9c t\u01b0\u1eddng tr\u1edf n\u00ean \u1ea5n t\u01b0\u1ee3ng, sang tr\u1ecdng v\u00e0 cu\u1ed1n h\u00fat h\u01a1n. CMC \u2013 REFINA gi\u1edbi thi\u1ec7u t\u1edbi Qu\u00fd Kh\u00e1ch h\u00e0ng gi\u1ea3i ph\u00e1p g\u1ea1ch \u1ed1p t\u01b0\u1eddng trang tr\u00ed v\u1edbi m\u1eabu m\u00e3 \u0111a d\u1ea1ng, h\u1ecda ti\u1ebft gi\u1ea3 \u0111\u00e1 \u0111\u01b0\u1ee3c s\u1eafp x\u1ebfp [&hellip;]<\/p>\n","protected":false},"featured_media":31315,"comment_status":"open","ping_status":"closed","template":"","meta":[],"product_brand":[],"product_cat":[1009,1016,1076,1134],"product_tag":[],"class_list":{"0":"post-31411","1":"product","2":"type-product","3":"status-publish","4":"has-post-thumbnail","6":"product_cat-ceramic","7":"product_cat-gach-op","8":"product_cat-gach-op-lat","9":"product_cat-gach-op-lat-refina","11":"first","12":"instock","13":"taxable","14":"shipping-taxable","15":"purchasable","16":"product-type-simple"},"_links":{"self":[{"href":"https:\/\/cmctiles.vn\/en\/wp-json\/wp\/v2\/product\/31411","targetHints":{"allow":["GET"]}}],"collection":[{"href":"https:\/\/cmctiles.vn\/en\/wp-json\/wp\/v2\/product"}],"about":[{"href":"https:\/\/cmctiles.vn\/en\/wp-json\/wp\/v2\/types\/product"}],"replies":[{"embeddable":true,"href":"https:\/\/cmctiles.vn\/en\/wp-json\/wp\/v2\/comments?post=31411"}],"version-history":[{"count":2,"href":"https:\/\/cmctiles.vn\/en\/wp-json\/wp\/v2\/product\/31411\/revisions"}],"predecessor-version":[{"id":31454,"href":"https:\/\/cmctiles.vn\/en\/wp-json\/wp\/v2\/product\/31411\/revisions\/31454"}],"wp:featuredmedia":[{"embeddable":true,"href":"https:\/\/cmctiles.vn\/en\/wp-json\/wp\/v2\/media\/31315"}],"wp:attachment":[{"href":"https:\/\/cmctiles.vn\/en\/wp-json\/wp\/v2\/media?parent=31411"}],"wp:term":[{"taxonomy":"product_brand","embeddable":true,"href":"https:\/\/cmctiles.vn\/en\/wp-json\/wp\/v2\/product_brand?post=31411"},{"taxonomy":"product_cat","embeddable":true,"href":"https:\/\/cmctiles.vn\/en\/wp-json\/wp\/v2\/product_cat?post=31411"},{"taxonomy":"product_tag","embeddable":true,"href":"https:\/\/cmctiles.vn\/en\/wp-json\/wp\/v2\/product_tag?post=31411"}],"curies":[{"name":"wp","href":"https:\/\/api.w.org\/{rel}","templated":true}]}}