{"id":31395,"date":"2024-08-21T15:23:36","date_gmt":"2024-08-21T08:23:36","guid":{"rendered":"https:\/\/cmctiles.vn\/?post_type=product&#038;p=31395"},"modified":"2024-08-21T15:37:11","modified_gmt":"2024-08-21T08:37:11","slug":"bo-gach-op-tuong-ppg3060043s3v-ppg3060044s3d-ppg3060045s3","status":"publish","type":"product","link":"https:\/\/cmctiles.vn\/en\/gach-op-lat\/bo-gach-op-tuong-ppg3060043s3v-ppg3060044s3d-ppg3060045s3.html","title":{"rendered":"B\u1ed9 g\u1ea1ch \u1ed1p t\u01b0\u1eddng PPG3060043S3V &#8211; PPG3060044S3D &#8211; PPG3060045S3"},"content":{"rendered":"<p>Thi\u1ebft k\u1ebf theo phong c\u00e1ch hi\u1ec7n \u0111\u1ea1i \u0111an xen v\u1edbi phong c\u00e1ch c\u1ed5 \u0111i\u1ec3n, b\u1ed9 g\u1ea1ch \u1ed1p t\u01b0\u1eddng <strong>PPG3060043S3V &#8211; PPG3060044S3D &#8211; PPG3060045S3\u00a0<\/strong>chinh ph\u1ee5c kh\u00e1ch h\u00e0ng b\u1eb1ng s\u1ef1 thanh khi\u1ebft c\u1ee7a c\u00e1c b\u00f4ng hoa loa k\u00e8n xanh d\u01b0\u01a1ng nh\u1eb9 nh\u00e0ng, chi ti\u1ebft b\u00ecnh hoa b\u00f3ng lo\u00e1ng mang h\u1ecda ti\u1ebft d\u00f2ng su\u1ed1i xanh \u0111\u01b0\u1ee3c \u0111\u00e1nh gi\u00e1 l\u00e0 r\u1ea5t s\u00e1ng t\u1ea1o. B\u1ed9 g\u1ea1ch \u1ed1p t\u01b0\u1eddng \u0111em l\u1ea1i c\u1ea3m gi\u00e1c th\u01b0 th\u00e1i, g\u1ea7n g\u0169i v\u1edbi thi\u00ean nhi\u00ean khi k\u1ebft h\u1ee3p v\u00e0o kh\u00f4ng gian n\u1ed9i th\u1ea5t.<\/p>\n<figure id=\"attachment_31388\" aria-describedby=\"caption-attachment-31388\" style=\"width: 1024px\" class=\"wp-caption aligncenter\"><img fetchpriority=\"high\" decoding=\"async\" class=\"wp-image-31388 size-large\" src=\"https:\/\/cmctiles.vn\/wp-content\/uploads\/2024\/08\/PPG3060043S3-44S3-45S3-1024x469.jpg\" alt=\"\" width=\"1024\" height=\"469\" title=\"\" srcset=\"https:\/\/cmctiles.vn\/wp-content\/uploads\/2024\/08\/PPG3060043S3-44S3-45S3-1024x469.jpg 1024w, https:\/\/cmctiles.vn\/wp-content\/uploads\/2024\/08\/PPG3060043S3-44S3-45S3-300x137.jpg 300w, https:\/\/cmctiles.vn\/wp-content\/uploads\/2024\/08\/PPG3060043S3-44S3-45S3-768x352.jpg 768w, https:\/\/cmctiles.vn\/wp-content\/uploads\/2024\/08\/PPG3060043S3-44S3-45S3-1536x704.jpg 1536w, https:\/\/cmctiles.vn\/wp-content\/uploads\/2024\/08\/PPG3060043S3-44S3-45S3-18x8.jpg 18w, https:\/\/cmctiles.vn\/wp-content\/uploads\/2024\/08\/PPG3060043S3-44S3-45S3-400x183.jpg 400w, https:\/\/cmctiles.vn\/wp-content\/uploads\/2024\/08\/PPG3060043S3-44S3-45S3-500x229.jpg 500w, https:\/\/cmctiles.vn\/wp-content\/uploads\/2024\/08\/PPG3060043S3-44S3-45S3.jpg 2047w\" sizes=\"(max-width: 1024px) 100vw, 1024px\" \/><figcaption id=\"caption-attachment-31388\" class=\"wp-caption-text\">B\u1ed9 g\u1ea1ch \u1ed1p t\u01b0\u1eddng PPG3060043S3V &#8211; PPG3060044S3D &#8211; PPG3060045S3 mang v\u1ebb \u0111\u1eb9p v\u1eeba c\u1ed5 \u0111i\u1ec3n v\u1eeba hi\u1ec7n \u0111\u1ea1i<\/figcaption><\/figure>\n<h2><b>1. Th\u00f4ng s\u1ed1 s\u1ea3n ph\u1ea9m\u00a0<\/b><\/h2>\n<table style=\"width: 95.4228%; height: 510px;\">\n<tbody>\n<tr>\n<td style=\"width: 18.9105%;\">M\u00e3 s\u1ea3n ph\u1ea9m<\/td>\n<td style=\"width: 80.5447%;\"><strong>PPG3060043S3V &#8211; PPG3060044S3D &#8211; PPG3060045S3<\/strong><\/td>\n<\/tr>\n<tr>\n<td style=\"width: 18.9105%;\">BRANDS<\/td>\n<td style=\"width: 80.5447%;\">PRATO Tiles<\/td>\n<\/tr>\n<tr>\n<td style=\"width: 18.9105%;\">Ph\u00e2n lo\u1ea1i<\/td>\n<td style=\"width: 80.5447%;\">Wall Tiles<\/td>\n<\/tr>\n<tr>\n<td style=\"width: 18.9105%;\">M\u00e0u s\u1eafc<\/td>\n<td style=\"width: 80.5447%;\">M\u00e0u tr\u1eafng s\u1ee9 v\u00e2n \u0111\u00e1, h\u1ecda ti\u1ebft b\u00f4ng hoa, b\u00ecnh hoa xanh d\u01b0\u01a1ng<\/td>\n<\/tr>\n<tr>\n<td style=\"width: 18.9105%;\">Sizes<\/td>\n<td style=\"width: 80.5447%;\">300\u00d7600 mm<\/td>\n<\/tr>\n<tr>\n<td style=\"width: 18.9105%;\">\u0110\u1ed9 d\u00e0y<\/td>\n<td style=\"width: 80.5447%;\">8,0 mm<\/td>\n<\/tr>\n<tr>\n<td style=\"width: 18.9105%;\">MATERIALS<\/td>\n<td style=\"width: 80.5447%;\">Porcelain<\/td>\n<\/tr>\n<tr>\n<td style=\"width: 18.9105%;\">Surfaces<\/td>\n<td style=\"width: 80.5447%;\">Glossy Glaze<\/td>\n<\/tr>\n<tr>\n<td style=\"width: 18.9105%;\">Outstanding features<\/td>\n<td style=\"width: 80.5447%;\">\n<ul>\n<li aria-level=\"1\">Hoa v\u0103n sang tr\u1ecdng, th\u1eddi th\u01b0\u1ee3ng<\/li>\n<li aria-level=\"1\">\u0110\u1ed3 b\u1ec1n u\u1ed1n ch\u1ecbu l\u1ef1c t\u1ed1t, th\u1ea5m h\u00fat n\u01b0\u1edbc th\u1ea5p<\/li>\n<li aria-level=\"1\">K\u00edch th\u01b0\u1edbc ph\u1ed5 th\u00f4ng, \u1ee9ng d\u1ee5ng \u0111a d\u1ea1ng<\/li>\n<li aria-level=\"1\">Non-ignition, non-expansion<\/li>\n<li aria-level=\"1\">Easy to clean, anti-bacterial, anti-mildew<\/li>\n<\/ul>\n<\/td>\n<\/tr>\n<tr>\n<td style=\"width: 18.9105%;\">APPLICATIONS<\/td>\n<td style=\"width: 80.5447%;\">\u0110a d\u1ea1ng, v\u00ed d\u1ee5 ki\u1ebfn tr\u00fac nh\u00e0 \u1ed1ng, khu chung c\u01b0, nh\u00e0 \u1edf cao c\u1ea5p, bi\u1ec7t th\u1ef1, ph\u00f2ng kh\u00e1ch\u2026<\/td>\n<\/tr>\n<\/tbody>\n<\/table>\n<h2><b>2. B\u1ed9 g\u1ea1ch \u1ed1p t\u01b0\u1eddng <strong>PPG3060043S3V &#8211; PPG3060044S3D &#8211; PPG3060045S3<\/strong>\u00a0\u2013 s\u1ef1 l\u1ef1a ch\u1ecdn ho\u00e0n h\u1ea3o cho m\u1ecdi c\u00f4ng tr\u00ecnh<\/b><\/h2>\n<p>L\u00e0 d\u00f2ng s\u1ea3n ph\u1ea9m hi\u1ec7n \u0111\u1ea1i v\u00e0 tr\u1ebb trung c\u1ee7a Prato v\u1edbi ch\u1ea5t li\u1ec7u Porcelain, b\u1ed9 g\u1ea1ch \u1ed1p t\u01b0\u1eddng <strong>PPG3060043S3V &#8211; PPG3060044S3D &#8211; PPG3060045S3<\/strong><strong>\u00a0<\/strong>nhanh ch\u00f3ng \u0111\u01b0\u1ee3c kh\u00e1ch h\u00e0ng tin d\u00f9ng v\u00e0 \u01b0a chu\u1ed9ng b\u1edfi \u0111\u1ed9 th\u1ea5m h\u00fat n\u01b0\u1edbc &lt;0.5%, \u0111\u1ed9 b\u1ec1n m\u00e0u cao v\u00e0 \u0111\u1eb7c bi\u1ec7t l\u1edbp x\u01b0\u01a1ng c\u1ee9ng c\u00e1p, ti\u1ec7n l\u1ee3i cho nh\u1eefng kh\u00f4ng gian th\u01b0\u1eddng xuy\u00ean \u1ea9m \u01b0\u1edbt nh\u01b0 ph\u00f2ng t\u1eafm hay th\u01b0\u1eddng xuy\u00ean b\u00e1m b\u1ea9n nh\u01b0 ph\u00f2ng b\u1ebfp. B\u1ed9 g\u1ea1ch c\u00f3 kh\u1ea3 n\u0103ng \u1ee9ng d\u1ee5ng \u0111a d\u1ea1ng trong nhi\u1ec1u kh\u00f4ng gian ki\u1ebfn tr\u00fac v\u1edbi h\u1ecda ti\u1ebft s\u1eafc n\u00e9t, tinh t\u1ebf v\u00e0 s\u1eafc m\u00e0u th\u1eddi th\u01b0\u1ee3ng.<\/p>\n<h3><b>2.1. H\u1ecda ti\u1ebft \u0111\u1ed9c \u0111\u00e1o, s\u00e1ng t\u1ea1o t\u1eeb thi\u00ean nhi\u00ean c\u00f9ng m\u00e0u xanh d\u01b0\u01a1ng t\u01b0\u01a1i m\u1edbi, thanh khi\u1ebft\u00a0<\/b><\/h3>\n<p>B\u1ed9 g\u1ea1ch \u1ed1p t\u01b0\u1eddng <strong>PPG3060043S3V &#8211; PPG3060044S3D &#8211; PPG3060045S3<\/strong> n\u1ed5i b\u1eadt nh\u1edd chi ti\u1ebft b\u00ecnh hoa xanh d\u01b0\u01a1ng \u0111\u1eb9p m\u1eaft, b\u1eb1ng s\u1ef1 s\u00e1ng t\u1ea1o \u0111\u1ed9c \u0111\u00e1o c\u1ee7a c\u00e1c ngh\u1ec7 nh\u00e2n, <strong>PPG3060043S3V &#8211; PPG3060044S3D &#8211; PPG3060045S3<\/strong><strong>\u00a0<\/strong>th\u00e0nh c\u00f4ng chinh ph\u1ee5c \u0111\u01b0\u1ee3c c\u00e1c gia ch\u1ee7 kh\u00f3 t\u00ednh v\u00e0 c\u0169ng nh\u01b0 \u0111\u01b0\u1ee3c r\u1ea5t nhi\u1ec1u c\u00e1c nh\u00e0 ki\u1ebfn tr\u00fac s\u01b0 s\u0103n \u0111\u00f3n.<\/p>\n<h3><b>2.2. Th\u1ea9m m\u1ef9 \u01b0u vi\u1ec7t v\u00e0 Thu\u1eadn ti\u1ec7n v\u1ec7 sinh t\u01b0\u1eddng<\/b><\/h3>\n<ul>\n<li aria-level=\"1\"><b>M\u1eabu m\u00e3 \u0111a d\u1ea1ng<\/b>: B\u1ed9 g\u1ea1ch \u1ed1p t\u01b0\u1eddng <strong>PPG3060043S3V &#8211; PPG3060044S3D &#8211; PPG3060045S3<\/strong>\u00a0v\u1edbi 03 m\u1eabu s\u1ea3n ph\u1ea9m k\u1ebft h\u1ee3p mang \u0111\u1ebfn h\u1ecda ti\u1ebft \u0111a d\u1ea1ng, \u1ee9ng d\u1ee5ng linh ho\u1ea1t trong nhi\u1ec1u kh\u00f4ng gian, v\u1eeba trang tr\u00ed kh\u00f4ng gian r\u1ed9ng v\u1eeba t\u1ea1o \u0111i\u1ec3m nh\u1ea5n cho m\u1ea3ng t\u01b0\u1eddng, gi\u00fap t\u0103ng t\u00ednh th\u1ea9m m\u1ef9 v\u00e0 th\u1ed5i h\u1ed3n cho kh\u00f4ng gian s\u1ed1ng<\/li>\n<li aria-level=\"1\"><b>V\u1eeba sang tr\u1ecdng v\u1eeba d\u1ec5 b\u1ea3o qu\u1ea3n:\u00a0<\/b>B\u1ed9 s\u1ea3n ph\u1ea9m v\u1edbi b\u1ec1 m\u1eb7t men b\u00f3ng l\u00e0 c\u00f3 \u0111\u1ed9 b\u00f3ng s\u00e1ng nh\u01b0ng v\u1eabn b\u00e1m tay, v\u1eeba t\u1ea1o hi\u1ec7u \u1ee9ng g\u01b0\u01a1ng \u0111\u1eb9p m\u1eaft v\u1eeba kh\u00f4ng b\u00e1m b\u1ea9n, b\u00e1m r\u00eau m\u1ed1c gi\u00fap d\u1ec5 d\u00e0ng v\u1ec7 sinh b\u1ee9c t\u01b0\u1eddng.<\/li>\n<\/ul>\n<h3><b>2.3. \u0110\u1ed9 b\u1ec1n v\u01b0\u1ee3t tr\u1ed9i v\u00e0 b\u1ea3o v\u1ec7 t\u01b0\u1eddng hi\u1ec7u qu\u1ea3<\/b><\/h3>\n<ul>\n<li aria-level=\"1\"><b>\u0110\u1ed9 b\u1ec1n v\u01b0\u1ee3t tr\u1ed9i:\u00a0<\/b>X\u01b0\u01a1ng g\u1ea1ch Porcelain ch\u1eafc ch\u1eafn v\u1edbi \u0111\u1ed9 th\u1ea5m h\u00fat n\u01b0\u1edbc &lt;0.5% gi\u00fap s\u1ea3n ph\u1ea9m c\u00f3 \u0111\u1ed9 b\u1ec1n l\u00e2u d\u00e0i, kh\u00f4ng lo ng\u1ea5m n\u01b0\u1edbc ng\u01b0\u1ee3c t\u1eeb t\u01b0\u1eddng, h\u1ea1n ch\u1ebf t\u1ed1i \u0111a t\u00ecnh tr\u1ea1ng b\u1ed9p n\u1ee9t \u0111\u1ed3ng th\u1eddi b\u1ea3o v\u1ec7 t\u01b0\u1eddng nh\u00e0.<\/li>\n<li aria-level=\"1\"><b>Kh\u00f4ng b\u1eaft ch\u00e1y, kh\u00f4ng gi\u00e3n n\u1edf:<\/b>\u00a0G\u1ea1ch \u0111\u01b0\u1ee3c nung \u1edf nhi\u1ec7t \u0111\u1ed9 cao t\u1eeb 1.200 \u2013 1.220 \u0111\u1ed9 C n\u00ean kh\u00f4ng d\u1ec5 d\u00e0ng b\u1eaft ch\u00e1y, \u0111\u1eb7c bi\u1ec7t tuy\u1ec7t \u0111\u1ed1i kh\u00f4ng gi\u00e3n n\u1edf \u1edf nhi\u1ec7t \u0111\u1ed9 nh\u00e0 th\u00f4ng th\u01b0\u1eddng v\u00e0 ch\u1ecbu \u0111\u01b0\u1ee3c th\u1eddi ti\u1ebft kh\u1eafc nghi\u1ec7t.<\/li>\n<\/ul>\n<h2>3. L\u01b0u \u00fd khi ch\u1ecdn mua v\u00e0 s\u1eed d\u1ee5ng g\u1ea1ch \u1ed1p t\u01b0\u1eddng <strong>PPG3060043S3V &#8211; PPG3060044S3D &#8211; PPG3060045S3<\/strong><\/h2>\n<p>Qu\u00fd kh\u00e1ch vui l\u00f2ng l\u01b0u \u00fd nh\u1eefng \u0111i\u1ec1u sau \u0111\u1ec3 \u0111\u1ea3m b\u1ea3o t\u1ed1i \u0111a c\u00f4ng n\u0103ng v\u00e0 t\u00ednh th\u1ea9m m\u1ef9 c\u1ee7a s\u1ea3n ph\u1ea9m:<\/p>\n<ul>\n<li aria-level=\"1\"><b>M\u00e0u s\u1eafc h\u00e0i h\u00f2a:\u00a0<\/b>C\u00e2n \u0111\u1ed1i ch\u1ecdn m\u00e0u g\u1ea1ch ph\u00f9 h\u1ee3p v\u1edbi m\u00e0u s\u1eafc c\u1ee7a t\u1ed5ng th\u1ec3 ng\u00f4i nh\u00e0 v\u00e0 c\u00f4ng n\u0103ng s\u1eed d\u1ee5ng. Nh\u1eefng s\u1ea3n ph\u1ea9m g\u1ea1ch tone s\u00e1ng (tr\u1eafng, be, kem,..) ph\u00f9 h\u1ee3p v\u1edbi ph\u00f2ng nh\u1ecf v\u00ec gi\u00fap m\u1edf r\u1ed9ng kh\u00f4ng gian v\u00e0 h\u00fat s\u00e1ng; tone t\u1ed1i (\u0111en, tr\u1ea7m, n\u00e2u\u2026) ph\u00f9 h\u1ee3p v\u1edbi kh\u00f4ng gian r\u1ed9ng, phong c\u00e1ch ki\u1ebfn tr\u00fac c\u1ed5 \u0111i\u1ec3n, t\u00e2n c\u1ed5 \u0111i\u1ec3n.<\/li>\n<li aria-level=\"1\"><b>Kh\u00f4ng gian ph\u00f9 h\u1ee3p:<\/b> V\u1edbi k\u00edch th\u01b0\u1edbc kh\u1ed5 l\u1edbn 300x600mm c\u00f9ng h\u1ecda ti\u1ebft 3 map \u0111a d\u1ea1ng, b\u1ed9 g\u1ea1ch \u1ed1p t\u01b0\u1eddng <strong>PPG3060043S3V &#8211; PPG3060044S3D &#8211; PPG3060045S3<\/strong><strong>\u00a0<\/strong>ti\u1ec7n l\u1ee3i cho nh\u1eefng kh\u00f4ng gian th\u01b0\u1eddng xuy\u00ean \u1ea9m \u01b0\u1edbt nh\u01b0 ph\u00f2ng t\u1eafm hay th\u01b0\u1eddng xuy\u00ean b\u00e1m b\u1ea9n nh\u01b0 ph\u00f2ng b\u1ebfp<\/li>\n<li aria-level=\"1\"><b>S\u1eed d\u1ee5ng \u0111\u00fang c\u00e1ch:\u00a0<\/b>\u0110\u1ea3m b\u1ea3o quy tr\u00ecnh thi c\u00f4ng khoa h\u1ecdc v\u00e0 h\u1ea1n ch\u1ebf d\u00f9ng v\u1eadt nh\u1ecdn t\u00e1c \u0111\u1ed9ng l\u00ean b\u1ec1 m\u1eb7t g\u1ea1ch<\/li>\n<\/ul>\n<p>Tr\u00ean \u0111\u00e2y l\u00e0 nh\u1eefng \u0111\u1eb7c \u0111i\u1ec3m n\u1ed5i b\u1eadt v\u00e0 l\u01b0u \u00fd khi qu\u00fd kh\u00e1ch l\u1ef1a ch\u1ecdn v\u00e0 s\u1eed d\u1ee5ng g\u1ea1ch \u1ed1p t\u01b0\u1eddng <strong>PPG3060043S3V &#8211; PPG3060044S3D &#8211; PPG3060045S3<\/strong>. Hy v\u1ecdng b\u00e0i vi\u1ebft s\u1ebd gi\u00fap \u00edch cho qu\u00fd v\u1ecb \u0111\u1ec3 l\u1ef1a ch\u1ecdn \u0111\u01b0\u1ee3c s\u1ea3n ph\u1ea9m ph\u00f9 h\u1ee3p nh\u1ea5t v\u1edbi kh\u00f4ng gian v\u00e0 chi ph\u00ed c\u1ee7a gia \u0111\u00ecnh.<\/p>\n<p><i>Vui l\u00f2ng \u0111\u1ec3 l\u1ea1i th\u00f4ng tin d\u01b0\u1edbi h\u1ed9p th\u01b0 d\u01b0\u1edbi \u0111\u00e2y n\u1ebfu qu\u00fd v\u1ecb c\u1ea7n gi\u1ea3i \u0111\u00e1p th\u1eafc m\u1eafc ho\u1eb7c nh\u1eadn s\u1ef1 t\u01b0 v\u1ea5n t\u1eeb chuy\u00ean gia c\u1ee7a CMC Tiles!<\/i><\/p>\n<p>&nbsp;<\/p>","protected":false},"excerpt":{"rendered":"<p>Thi\u1ebft k\u1ebf theo phong c\u00e1ch hi\u1ec7n \u0111\u1ea1i \u0111an xen v\u1edbi phong c\u00e1ch c\u1ed5 \u0111i\u1ec3n, b\u1ed9 g\u1ea1ch \u1ed1p t\u01b0\u1eddng PPG3060043S3V &#8211; PPG3060044S3D &#8211; PPG3060045S3\u00a0chinh ph\u1ee5c kh\u00e1ch h\u00e0ng b\u1eb1ng s\u1ef1 thanh khi\u1ebft c\u1ee7a c\u00e1c b\u00f4ng hoa loa k\u00e8n xanh d\u01b0\u01a1ng nh\u1eb9 nh\u00e0ng, chi ti\u1ebft b\u00ecnh hoa b\u00f3ng lo\u00e1ng mang h\u1ecda ti\u1ebft d\u00f2ng su\u1ed1i xanh \u0111\u01b0\u1ee3c \u0111\u00e1nh gi\u00e1 [&hellip;]<\/p>\n","protected":false},"featured_media":31388,"comment_status":"open","ping_status":"closed","template":"","meta":[],"product_brand":[],"product_cat":[1076,1015,1016,1092,1023],"product_tag":[],"class_list":{"0":"post-31395","1":"product","2":"type-product","3":"status-publish","4":"has-post-thumbnail","6":"product_cat-gach-op-lat","7":"product_cat-gach-lat","8":"product_cat-gach-op","9":"product_cat-gach-op-lat-prato","10":"product_cat-porcelain","12":"first","13":"instock","14":"taxable","15":"shipping-taxable","16":"purchasable","17":"product-type-simple"},"_links":{"self":[{"href":"https:\/\/cmctiles.vn\/en\/wp-json\/wp\/v2\/product\/31395","targetHints":{"allow":["GET"]}}],"collection":[{"href":"https:\/\/cmctiles.vn\/en\/wp-json\/wp\/v2\/product"}],"about":[{"href":"https:\/\/cmctiles.vn\/en\/wp-json\/wp\/v2\/types\/product"}],"replies":[{"embeddable":true,"href":"https:\/\/cmctiles.vn\/en\/wp-json\/wp\/v2\/comments?post=31395"}],"version-history":[{"count":2,"href":"https:\/\/cmctiles.vn\/en\/wp-json\/wp\/v2\/product\/31395\/revisions"}],"predecessor-version":[{"id":31402,"href":"https:\/\/cmctiles.vn\/en\/wp-json\/wp\/v2\/product\/31395\/revisions\/31402"}],"wp:featuredmedia":[{"embeddable":true,"href":"https:\/\/cmctiles.vn\/en\/wp-json\/wp\/v2\/media\/31388"}],"wp:attachment":[{"href":"https:\/\/cmctiles.vn\/en\/wp-json\/wp\/v2\/media?parent=31395"}],"wp:term":[{"taxonomy":"product_brand","embeddable":true,"href":"https:\/\/cmctiles.vn\/en\/wp-json\/wp\/v2\/product_brand?post=31395"},{"taxonomy":"product_cat","embeddable":true,"href":"https:\/\/cmctiles.vn\/en\/wp-json\/wp\/v2\/product_cat?post=31395"},{"taxonomy":"product_tag","embeddable":true,"href":"https:\/\/cmctiles.vn\/en\/wp-json\/wp\/v2\/product_tag?post=31395"}],"curies":[{"name":"wp","href":"https:\/\/api.w.org\/{rel}","templated":true}]}}