{"id":31392,"date":"2024-08-21T15:02:05","date_gmt":"2024-08-21T08:02:05","guid":{"rendered":"https:\/\/cmctiles.vn\/?post_type=product&#038;p=31392"},"modified":"2025-04-14T00:00:02","modified_gmt":"2025-04-13T17:00:02","slug":"bo-gach-op-tuong-mau-trang-su-van-da-thanh-nha-ppg3060040s3v-ppg3060041s3d-ppg3060042s3","status":"publish","type":"product","link":"https:\/\/cmctiles.vn\/en\/gach-op-lat\/bo-gach-op-tuong-mau-trang-su-van-da-thanh-nha-ppg3060040s3v-ppg3060041s3d-ppg3060042s3.html","title":{"rendered":"B\u1ed9 g\u1ea1ch \u1ed1p t\u01b0\u1eddng m\u00e0u tr\u1eafng s\u1ee9 v\u00e2n \u0111\u00e1 thanh nh\u00e3 PPG3060040S3V &#8211; PPG3060041S3D &#8211; PPG3060042S3"},"content":{"rendered":"<p>Kh\u01a1i g\u1ee3i t\u1eeb c\u1ea3m h\u1ee9ng th\u1ea9m m\u1ef9 c\u1ee7a thi\u00ean nhi\u00ean, b\u1ed9 g\u1ea1ch \u1ed1p t\u01b0\u1eddng <strong>PPG3060040S3V &#8211; PPG3060041S3D &#8211; PPG3060042S3<\/strong> s\u1edf h\u1eefu nh\u1eefng \u0111\u01b0\u1eddng n\u00e9t m\u1ec1m m\u1ea1i c\u1ee7a hoa l\u00e1, c\u00e0nh c\u00e2y u\u1ed1n l\u01b0\u1ee3n t\u1ea1o n\u00ean s\u1ef1 nh\u1eb9 nh\u00e0ng, uy\u1ec3n chuy\u1ec3n, th\u00eam n\u00e9t thanh t\u00fa, t\u1ea1o c\u1ea3m gi\u00e1c \u1ea5m \u00e1p, g\u1ea7n g\u0169i v\u00e0 thanh l\u1ecbch cho kh\u00f4ng gian s\u1ed1ng.<\/p>\n<figure id=\"attachment_31387\" aria-describedby=\"caption-attachment-31387\" style=\"width: 1024px\" class=\"wp-caption aligncenter\"><img fetchpriority=\"high\" decoding=\"async\" class=\"wp-image-31387 size-large\" src=\"https:\/\/cmctiles.vn\/wp-content\/uploads\/2024\/08\/PPG3060040S3-41S3-42S3-1024x469.jpg\" alt=\"\" width=\"1024\" height=\"469\" title=\"\" srcset=\"https:\/\/cmctiles.vn\/wp-content\/uploads\/2024\/08\/PPG3060040S3-41S3-42S3-1024x469.jpg 1024w, https:\/\/cmctiles.vn\/wp-content\/uploads\/2024\/08\/PPG3060040S3-41S3-42S3-300x137.jpg 300w, https:\/\/cmctiles.vn\/wp-content\/uploads\/2024\/08\/PPG3060040S3-41S3-42S3-768x352.jpg 768w, https:\/\/cmctiles.vn\/wp-content\/uploads\/2024\/08\/PPG3060040S3-41S3-42S3-1536x704.jpg 1536w, https:\/\/cmctiles.vn\/wp-content\/uploads\/2024\/08\/PPG3060040S3-41S3-42S3-18x8.jpg 18w, https:\/\/cmctiles.vn\/wp-content\/uploads\/2024\/08\/PPG3060040S3-41S3-42S3-400x183.jpg 400w, https:\/\/cmctiles.vn\/wp-content\/uploads\/2024\/08\/PPG3060040S3-41S3-42S3-500x229.jpg 500w, https:\/\/cmctiles.vn\/wp-content\/uploads\/2024\/08\/PPG3060040S3-41S3-42S3.jpg 2047w\" sizes=\"(max-width: 1024px) 100vw, 1024px\" \/><figcaption id=\"caption-attachment-31387\" class=\"wp-caption-text\">B\u1ed9 g\u1ea1ch \u1ed1p t\u01b0\u1eddng mang \u0111\u1ebfn v\u1ebb \u0111\u1eb9p thanh l\u1ecbch, g\u1ea7n g\u0169i PPG3060040S3V &#8211; PPG3060041S3D &#8211; PPG3060042S3<\/figcaption><\/figure>\n<h2><b>1. Th\u00f4ng s\u1ed1 s\u1ea3n ph\u1ea9m\u00a0<\/b><\/h2>\n<table style=\"width: 81.5458%; height: 510px;\">\n<tbody>\n<tr>\n<td style=\"width: 19.5811%;\">M\u00e3 s\u1ea3n ph\u1ea9m<\/td>\n<td style=\"width: 79.6903%;\"><strong>PPG3060040S3V &#8211; PPG3060041S3D &#8211; PPG3060042S3<\/strong><\/td>\n<\/tr>\n<tr>\n<td style=\"width: 19.5811%;\">BRANDS<\/td>\n<td style=\"width: 79.6903%;\">PRATO Tiles<\/td>\n<\/tr>\n<tr>\n<td style=\"width: 19.5811%;\">Ph\u00e2n lo\u1ea1i<\/td>\n<td style=\"width: 79.6903%;\">Wall Tiles<\/td>\n<\/tr>\n<tr>\n<td style=\"width: 19.5811%;\">M\u00e0u s\u1eafc<\/td>\n<td style=\"width: 79.6903%;\">M\u00e0u tr\u1eafng s\u1ee9 v\u00e2n \u0111\u00e1, h\u1ecda ti\u1ebft thi\u00ean nhi\u00ean<\/td>\n<\/tr>\n<tr>\n<td style=\"width: 19.5811%;\">Sizes<\/td>\n<td style=\"width: 79.6903%;\">300\u00d7600 mm<\/td>\n<\/tr>\n<tr>\n<td style=\"width: 19.5811%;\">\u0110\u1ed9 d\u00e0y<\/td>\n<td style=\"width: 79.6903%;\">8,0 mm<\/td>\n<\/tr>\n<tr>\n<td style=\"width: 19.5811%;\">MATERIALS<\/td>\n<td style=\"width: 79.6903%;\">Porcelain<\/td>\n<\/tr>\n<tr>\n<td style=\"width: 19.5811%;\">Surfaces<\/td>\n<td style=\"width: 79.6903%;\">Glossy Glaze<\/td>\n<\/tr>\n<tr>\n<td style=\"width: 19.5811%;\">Outstanding features<\/td>\n<td style=\"width: 79.6903%;\">\n<ul>\n<li aria-level=\"1\">Hoa v\u0103n sang tr\u1ecdng, th\u1eddi th\u01b0\u1ee3ng<\/li>\n<li aria-level=\"1\">\u0110\u1ed3 b\u1ec1n u\u1ed1n ch\u1ecbu l\u1ef1c t\u1ed1t, th\u1ea5m h\u00fat n\u01b0\u1edbc th\u1ea5p<\/li>\n<li aria-level=\"1\">K\u00edch th\u01b0\u1edbc ph\u1ed5 th\u00f4ng, \u1ee9ng d\u1ee5ng \u0111a d\u1ea1ng<\/li>\n<li aria-level=\"1\">Non-ignition, non-expansion<\/li>\n<li aria-level=\"1\">Easy to clean, anti-bacterial, anti-mildew<\/li>\n<\/ul>\n<\/td>\n<\/tr>\n<tr>\n<td style=\"width: 19.5811%;\">APPLICATIONS<\/td>\n<td style=\"width: 79.6903%;\">\u0110a d\u1ea1ng, v\u00ed d\u1ee5 ki\u1ebfn tr\u00fac nh\u00e0 \u1ed1ng, khu chung c\u01b0, nh\u00e0 \u1edf cao c\u1ea5p, bi\u1ec7t th\u1ef1, ph\u00f2ng kh\u00e1ch\u2026<\/td>\n<\/tr>\n<\/tbody>\n<\/table>\n<h2><b>2. B\u1ed9 g\u1ea1ch \u1ed1p t\u01b0\u1eddng <strong>PPG3060040S3V &#8211; PPG3060041S3D &#8211; PPG3060042S3<\/strong>\u00a0\u2013 s\u1ef1 l\u1ef1a ch\u1ecdn ho\u00e0n h\u1ea3o cho m\u1ecdi c\u00f4ng tr\u00ecnh<\/b><\/h2>\n<p>L\u00e0 s\u1ea3n ph\u1ea9m thu\u1ed9c d\u00f2ng g\u1ea1ch Porcelain, b\u1ed9 g\u1ea1ch \u1ed1p t\u01b0\u1eddng <strong>PPG3060040S3V &#8211; PPG3060041S3D &#8211; PPG3060042S3<\/strong>\u00a0nhanh ch\u00f3ng \u0111\u01b0\u1ee3c kh\u00e1ch h\u00e0ng tin d\u00f9ng v\u00e0 \u01b0a chu\u1ed9ng nh\u1edd nh\u1eefng \u0111\u1eb7c \u0111i\u1ec3m \u01b0u vi\u1ec7t:<\/p>\n<ul>\n<li aria-level=\"1\"><b>M\u1eabu m\u00e3 \u0111a d\u1ea1ng<\/b>: B\u1ed9 g\u1ea1ch \u1ed1p t\u01b0\u1eddng g\u1ed3m 03 m\u1eabu s\u1ea3n ph\u1ea9m k\u1ebft h\u1ee3p mang \u0111\u1ebfn h\u1ecda ti\u1ebft \u0111a d\u1ea1ng, \u1ee9ng d\u1ee5ng linh ho\u1ea1t trong nhi\u1ec1u kh\u00f4ng gian, v\u1eeba trang tr\u00ed kh\u00f4ng gian r\u1ed9ng v\u1eeba t\u1ea1o \u0111i\u1ec3m nh\u1ea5n cho m\u1ea3ng t\u01b0\u1eddng, gi\u00fap t\u0103ng t\u00ednh th\u1ea9m m\u1ef9 v\u00e0 th\u1ed5i h\u1ed3n cho kh\u00f4ng gian s\u1ed1ng<\/li>\n<li aria-level=\"1\"><b>B\u1ec1 m\u1eb7t men b\u00f3ng sang tr\u1ecdng:\u00a0<\/b>B\u1ec1 m\u1eb7t g\u1ea1ch c\u00f3 \u0111\u1ed9 b\u00f3ng, v\u1eeba t\u1ea1o hi\u1ec7u \u1ee9ng g\u01b0\u01a1ng \u0111\u1eb9p m\u1eaft v\u1eeba kh\u00f4ng b\u00e1m b\u1ea9n, b\u00e1m r\u00eau m\u1ed1c gi\u00fap d\u1ec5 d\u00e0ng v\u1ec7 sinh b\u1ee9c t\u01b0\u1eddng \u0111\u1eb7c bi\u1ec7t trong m\u00f4i tr\u01b0\u1eddng \u1ea9m \u01b0\u1edbt nh\u01b0 nh\u00e0 t\u1eafm, nh\u00e0 b\u1ebfp.<\/li>\n<li aria-level=\"1\"><b>\u0110\u1ed9 b\u1ec1n v\u01b0\u1ee3t tr\u1ed9i:\u00a0<\/b>X\u01b0\u01a1ng g\u1ea1ch Porcelain ch\u1eafc ch\u1eafn v\u1edbi \u0111\u1ed9 th\u1ea5m h\u00fat n\u01b0\u1edbc &lt;0.5% gi\u00fap s\u1ea3n ph\u1ea9m c\u00f3 \u0111\u1ed9 b\u1ec1n l\u00e2u d\u00e0i, kh\u00f4ng lo ng\u1ea5m n\u01b0\u1edbc ng\u01b0\u1ee3c t\u1eeb t\u01b0\u1eddng, h\u1ea1n ch\u1ebf t\u1ed1i \u0111a t\u00ecnh tr\u1ea1ng b\u1ed9p n\u1ee9t \u0111\u1ed3ng th\u1eddi b\u1ea3o v\u1ec7 t\u01b0\u1eddng nh\u00e0.<\/li>\n<li aria-level=\"1\"><b>Kh\u00f4ng b\u1eaft ch\u00e1y, kh\u00f4ng gi\u00e3n n\u1edf:<\/b>\u00a0G\u1ea1ch \u0111\u01b0\u1ee3c nung \u1edf nhi\u1ec7t \u0111\u1ed9 cao t\u1eeb 1.200 \u2013 1.220 \u0111\u1ed9 C n\u00ean kh\u00f4ng d\u1ec5 d\u00e0ng b\u1eaft ch\u00e1y, \u0111\u1eb7c bi\u1ec7t tuy\u1ec7t \u0111\u1ed1i kh\u00f4ng gi\u00e3n n\u1edf \u1edf nhi\u1ec7t \u0111\u1ed9 nh\u00e0 th\u00f4ng th\u01b0\u1eddng v\u00e0 ch\u1ecbu \u0111\u01b0\u1ee3c th\u1eddi ti\u1ebft kh\u1eafc nghi\u1ec7t.<\/li>\n<\/ul>\n<p>Tr\u00ean \u0111\u00e2y l\u00e0 nh\u1eefng \u0111\u1eb7c \u0111i\u1ec3m n\u1ed5i b\u1eadt v\u00e0 l\u01b0u \u00fd khi qu\u00fd kh\u00e1ch l\u1ef1a ch\u1ecdn v\u00e0 s\u1eed d\u1ee5ng g\u1ea1ch \u1ed1p t\u01b0\u1eddng <strong>PPG3060040S3V &#8211; PPG3060041S3D &#8211; PPG3060042S3<\/strong>. Hy v\u1ecdng b\u00e0i vi\u1ebft s\u1ebd gi\u00fap \u00edch cho qu\u00fd v\u1ecb \u0111\u1ec3 l\u1ef1a ch\u1ecdn \u0111\u01b0\u1ee3c s\u1ea3n ph\u1ea9m ph\u00f9 h\u1ee3p nh\u1ea5t v\u1edbi kh\u00f4ng gian v\u00e0 chi ph\u00ed c\u1ee7a gia \u0111\u00ecnh.<\/p>\n<p><i>Vui l\u00f2ng \u0111\u1ec3 l\u1ea1i th\u00f4ng tin d\u01b0\u1edbi h\u1ed9p th\u01b0 d\u01b0\u1edbi \u0111\u00e2y n\u1ebfu qu\u00fd v\u1ecb c\u1ea7n gi\u1ea3i \u0111\u00e1p th\u1eafc m\u1eafc ho\u1eb7c nh\u1eadn s\u1ef1 t\u01b0 v\u1ea5n t\u1eeb chuy\u00ean gia c\u1ee7a CMC Tiles!<\/i><\/p>","protected":false},"excerpt":{"rendered":"<p>Kh\u01a1i g\u1ee3i t\u1eeb c\u1ea3m h\u1ee9ng th\u1ea9m m\u1ef9 c\u1ee7a thi\u00ean nhi\u00ean, b\u1ed9 g\u1ea1ch \u1ed1p t\u01b0\u1eddng PPG3060040S3V &#8211; PPG3060041S3D &#8211; PPG3060042S3 s\u1edf h\u1eefu nh\u1eefng \u0111\u01b0\u1eddng n\u00e9t m\u1ec1m m\u1ea1i c\u1ee7a hoa l\u00e1, c\u00e0nh c\u00e2y u\u1ed1n l\u01b0\u1ee3n t\u1ea1o n\u00ean s\u1ef1 nh\u1eb9 nh\u00e0ng, uy\u1ec3n chuy\u1ec3n, th\u00eam n\u00e9t thanh t\u00fa, t\u1ea1o c\u1ea3m gi\u00e1c \u1ea5m \u00e1p, g\u1ea7n g\u0169i v\u00e0 thanh l\u1ecbch cho [&hellip;]<\/p>\n","protected":false},"featured_media":31387,"comment_status":"open","ping_status":"closed","template":"","meta":[],"product_brand":[],"product_cat":[1076,1015,1016,1092,1023],"product_tag":[],"class_list":{"0":"post-31392","1":"product","2":"type-product","3":"status-publish","4":"has-post-thumbnail","6":"product_cat-gach-op-lat","7":"product_cat-gach-lat","8":"product_cat-gach-op","9":"product_cat-gach-op-lat-prato","10":"product_cat-porcelain","12":"first","13":"instock","14":"taxable","15":"shipping-taxable","16":"purchasable","17":"product-type-simple"},"_links":{"self":[{"href":"https:\/\/cmctiles.vn\/en\/wp-json\/wp\/v2\/product\/31392","targetHints":{"allow":["GET"]}}],"collection":[{"href":"https:\/\/cmctiles.vn\/en\/wp-json\/wp\/v2\/product"}],"about":[{"href":"https:\/\/cmctiles.vn\/en\/wp-json\/wp\/v2\/types\/product"}],"replies":[{"embeddable":true,"href":"https:\/\/cmctiles.vn\/en\/wp-json\/wp\/v2\/comments?post=31392"}],"version-history":[{"count":2,"href":"https:\/\/cmctiles.vn\/en\/wp-json\/wp\/v2\/product\/31392\/revisions"}],"predecessor-version":[{"id":31398,"href":"https:\/\/cmctiles.vn\/en\/wp-json\/wp\/v2\/product\/31392\/revisions\/31398"}],"wp:featuredmedia":[{"embeddable":true,"href":"https:\/\/cmctiles.vn\/en\/wp-json\/wp\/v2\/media\/31387"}],"wp:attachment":[{"href":"https:\/\/cmctiles.vn\/en\/wp-json\/wp\/v2\/media?parent=31392"}],"wp:term":[{"taxonomy":"product_brand","embeddable":true,"href":"https:\/\/cmctiles.vn\/en\/wp-json\/wp\/v2\/product_brand?post=31392"},{"taxonomy":"product_cat","embeddable":true,"href":"https:\/\/cmctiles.vn\/en\/wp-json\/wp\/v2\/product_cat?post=31392"},{"taxonomy":"product_tag","embeddable":true,"href":"https:\/\/cmctiles.vn\/en\/wp-json\/wp\/v2\/product_tag?post=31392"}],"curies":[{"name":"wp","href":"https:\/\/api.w.org\/{rel}","templated":true}]}}