{"id":31292,"date":"2024-08-20T17:59:40","date_gmt":"2024-08-20T10:59:40","guid":{"rendered":"https:\/\/cmctiles.vn\/?post_type=product&#038;p=31292"},"modified":"2024-08-21T11:09:44","modified_gmt":"2024-08-21T04:09:44","slug":"gach-lat-nen-van-da-sang-tao-mang-ve-dep-thanh-lich-pt-60016","status":"publish","type":"product","link":"https:\/\/cmctiles.vn\/en\/gach-op-lat\/gach-lat-nen-van-da-sang-tao-mang-ve-dep-thanh-lich-pt-60016.html","title":{"rendered":"G\u1ea1ch l\u00e1t n\u1ec1n v\u00e2n \u0111\u00e1 s\u00e1ng t\u1ea1o mang v\u1ebb \u0111\u1eb9p thanh l\u1ecbch PT 60016"},"content":{"rendered":"<p>L\u1ecdt v\u00e0o danh s\u00e1ch c\u00e1c v\u1eadt li\u1ec7u kh\u00f4ng th\u1ec3 thi\u1ebfu trong nh\u1eefng kh\u00f4ng gian ki\u1ebfn tr\u00fac sang tr\u1ecdng, g\u1ea1ch l\u00e1t n\u1ec1n\u00a0<strong>PT60016<\/strong> s\u1edf h\u1eefu n\u00e9t \u0111\u1eb9p tinh t\u1ebf, nhu\u1ea7n nhuy\u1ec5n nh\u01b0 nh\u1eefng t\u00e1c ph\u1ea9m ngh\u1ec7 thu\u1eadt, b\u1edfi c\u00e1c \u0111\u01b0\u1eddng v\u00e2n c\u00f3 s\u1ef1 bi\u1ebfn \u0111\u1ed5i nh\u1eb9 nh\u00e0ng v\u1ec1 m\u00e0u s\u1eafc, \u0111\u1ed9 s\u00e2u v\u00e0 h\u00ecnh th\u00e1i, kh\u00e1c v\u1edbi v\u1ebb h\u00f9ng v\u0129 c\u1ee7a thi\u00ean nhi\u00ean, g\u1ea1ch l\u00e1t n\u1ec1n <strong>PT60016<\/strong><strong>\u00a0<\/strong>g\u1ee3i l\u00ean c\u1ea3m gi\u00e1c thanh l\u1ecbch, sang tr\u1ecdng v\u00e0 tinh t\u1ebf.<\/p>\n<figure id=\"attachment_31280\" class=\"wp-caption aligncenter\" aria-describedby=\"caption-attachment-31280\">\n<p><figure id=\"attachment_31280\" aria-describedby=\"caption-attachment-31280\" style=\"width: 929px\" class=\"wp-caption aligncenter\"><img fetchpriority=\"high\" decoding=\"async\" class=\"wp-image-31280 size-large\" src=\"https:\/\/cmctiles.vn\/wp-content\/uploads\/2024\/08\/PT-80016-929x1024.jpg\" alt=\"\" width=\"929\" height=\"1024\" title=\"\" srcset=\"https:\/\/cmctiles.vn\/wp-content\/uploads\/2024\/08\/PT-80016-929x1024.jpg 929w, https:\/\/cmctiles.vn\/wp-content\/uploads\/2024\/08\/PT-80016-272x300.jpg 272w, https:\/\/cmctiles.vn\/wp-content\/uploads\/2024\/08\/PT-80016-768x846.jpg 768w, https:\/\/cmctiles.vn\/wp-content\/uploads\/2024\/08\/PT-80016-1394x1536.jpg 1394w, https:\/\/cmctiles.vn\/wp-content\/uploads\/2024\/08\/PT-80016-1859x2048.jpg 1859w, https:\/\/cmctiles.vn\/wp-content\/uploads\/2024\/08\/PT-80016-11x12.jpg 11w, https:\/\/cmctiles.vn\/wp-content\/uploads\/2024\/08\/PT-80016-254x280.jpg 254w, https:\/\/cmctiles.vn\/wp-content\/uploads\/2024\/08\/PT-80016-500x551.jpg 500w\" sizes=\"(max-width: 929px) 100vw, 929px\" \/><figcaption id=\"caption-attachment-31280\" class=\"wp-caption-text\">G\u1ea1ch l\u00e1t n\u1ec1n PT60016 g\u1ee3i l\u00ean c\u1ea3m gi\u00e1c thanh l\u1ecbch, sang tr\u1ecdng v\u00e0 tinh t\u1ebf<\/figcaption><\/figure><figcaption id=\"caption-attachment-31280\" class=\"wp-caption-text\"><\/figcaption><\/figure>\n<p>&nbsp;<\/p>\n<h2><b>1. Th\u00f4ng s\u1ed1 s\u1ea3n ph\u1ea9m<\/b><\/h2>\n<table border=\"1\" cellpadding=\"10\">\n<tbody>\n<tr>\n<td>M\u00e3 s\u1ea3n ph\u1ea9m<\/td>\n<td><strong>PT60016<\/strong><\/td>\n<\/tr>\n<tr>\n<td>BRANDS<\/td>\n<td>G\u1ea1ch \u1ed1p l\u00e1t Prato<\/td>\n<\/tr>\n<tr>\n<td>Ph\u00e2n lo\u1ea1i<\/td>\n<td>G\u1ea1ch l\u00e1t Porcelain<\/td>\n<\/tr>\n<tr>\n<td>M\u00e0u s\u1eafc<\/td>\n<td>M\u00e0u tr\u1eafng s\u1ee9 v\u00e2n \u0111\u00e1<\/td>\n<\/tr>\n<tr>\n<td>Sizes<\/td>\n<td>600\u00d7600 mm<\/td>\n<\/tr>\n<tr>\n<td>\u0110\u1ed9 d\u00e0y<\/td>\n<td>9.0 (mm)<\/td>\n<\/tr>\n<tr>\n<td>MATERIALS<\/td>\n<td>Porcelain<\/td>\n<\/tr>\n<tr>\n<td>Surfaces<\/td>\n<td>Men nano b\u00f3ng<\/td>\n<\/tr>\n<tr>\n<td>Outstanding features<\/td>\n<td>\n<ul>\n<li aria-level=\"1\">High wear resistance<\/li>\n<li aria-level=\"1\">High-pressure resistance<\/li>\n<li aria-level=\"1\">Anti-acid, anti-slip<\/li>\n<li aria-level=\"1\">Non-ignition, non-expansion<\/li>\n<li aria-level=\"1\">Easy to clean, anti-bacterial, anti-mildew<\/li>\n<\/ul>\n<\/td>\n<\/tr>\n<tr>\n<td>APPLICATIONS<\/td>\n<td>\u0110a d\u1ea1ng, v\u00ed d\u1ee5 ki\u1ebfn tr\u00fac nh\u00e0 \u1ed1ng, khu chung c\u01b0, nh\u00e0 \u1edf cao c\u1ea5p, bi\u1ec7t th\u1ef1, ph\u00f2ng kh\u00e1ch, ph\u00f2ng t\u1eafm\u2026<\/td>\n<\/tr>\n<\/tbody>\n<\/table>\n<h2><strong>2. PT60016 \u2013 d\u00f2ng s\u1ea3n ph\u1ea9m cao c\u1ea5p c\u1ee7a CMC<\/strong><\/h2>\n<p><strong>PT60016<\/strong> l\u00e0 k\u1ebft qu\u1ea3 c\u1ee7a qu\u00e1 tr\u00ecnh s\u1ea3n xu\u1ea5t ti\u00ean ti\u1ebfn, n\u01a1i m\u00e0 t\u1eebng kh\u1ed1i \u0111\u01b0\u1ee3c ch\u1ebf t\u1ea1o t\u1eeb v\u1eadt li\u1ec7u \u0111\u1ed3ng nh\u1ea5t c\u1ea3 v\u1ec1 ch\u1ea5t l\u01b0\u1ee3ng l\u1eabn m\u00e0u s\u1eafc, \u0111\u1ea3m b\u1ea3o m\u1ed9t c\u1ea5u tr\u00fac v\u1eefng ch\u00e3i v\u1edbi \u0111\u1ed9 b\u1ec1n cao. Nh\u1edd v\u00e0o quy tr\u00ecnh n\u00e9n ch\u1eb7t ch\u1ebd, s\u1ea3n ph\u1ea9m n\u00e0y h\u1ea1n ch\u1ebf t\u1ed1i \u0111a c\u00e1c l\u1ed7 h\u1ed5ng, n\u00e2ng cao kh\u1ea3 n\u0103ng ch\u1ed1ng th\u1ea5m, \u0111em l\u1ea1i m\u1ed9t hi\u1ec7u su\u1ea5t \u1ed5n \u0111\u1ecbnh v\u00e0 tr\u1ea3i nghi\u1ec7m ng\u01b0\u1eddi d\u00f9ng \u0111\u01b0\u1ee3c c\u1ea3i thi\u1ec7n \u0111\u00e1ng k\u1ec3.<\/p>\n<h3><span id=\"21_Thiet_ke_lay_cam_hung_tu_nhung_phien_da_duom_phong_suong_tren_dinh_Cacxto_troi_Au\" class=\"ez-toc-section\"><\/span><strong>2.1. L\u1ea5y c\u1ea3m h\u1ee9ng t\u1eeb phong c\u00e1ch thi\u1ebft k\u1ebf nh\u1eb9 nh\u00e0ng v\u00e0 thanh l\u1ecbch\u00a0<\/strong><\/h3>\n<p>Trong b\u1ed1i c\u1ea3nh thi\u1ebft k\u1ebf n\u1ed9i th\u1ea5t ho\u1eb7c ki\u1ebfn tr\u00fac, h\u1ecda ti\u1ebft v\u00e2n \u0111\u00e1 c\u1ee7a <strong>PT60016<\/strong><strong>\u00a0<\/strong>r\u1ea5t ph\u00f9 h\u1ee3p \u0111\u1ec3 t\u1ea1o ra nh\u1eefng kh\u00f4ng gian mang phong c\u00e1ch trang nh\u00e3, thanh l\u1ecbch. S\u1ea3n ph\u1ea9m s\u1ebd t\u1ea1o n\u00ean kh\u00f4ng kh\u00ed sang tr\u1ecdng m\u00e0 kh\u00f4ng c\u1ea7n qu\u00e1 nhi\u1ec1u chi ti\u1ebft.<\/p>\n<h3><span id=\"22_Do_ben_vuot_thoi_gian\" class=\"ez-toc-section\"><\/span><strong>2.2. \u0110\u1ed9 b\u1ec1n v\u01b0\u1ee3t th\u1eddi gian<\/strong><\/h3>\n<ul>\n<li aria-level=\"1\"><b>Kh\u1ea3 n\u0103ng ch\u1ed1ng m\u00e0i m\u00f2n cao:<\/b> Tiles <strong>PT60016<\/strong>\u00a0l\u00e0 m\u1ed9t s\u1ea3n ph\u1ea9m thu\u1ed9c d\u00f2ng g\u1ea1ch Porcelain cao c\u1ea5p c\u00f3 ch\u1ea5t g\u1ea1ch \u0111\u1eb7c m\u1ecbn, \u0111\u1ed9 c\u1ee9ng cao, b\u1ec1n b\u1ec9 g\u1ea7n nh\u01b0 tuy\u1ec7t \u0111\u1ed1i, kh\u00f4ng tr\u1ea7y x\u01b0\u1edbc, kh\u00f4ng bay m\u00e0u theo th\u1eddi gian.<\/li>\n<li aria-level=\"1\"><b>Kh\u1ea3 n\u0103ng ch\u1ecbu \u00e1p l\u1ef1c cao:<\/b>\u00a0G\u1ea1ch \u0111\u01b0\u1ee3c nung \u1edf nhi\u1ec7t \u0111\u1ed9 cao t\u1eeb 1.200 \u2013 1.220 \u0111\u1ed9 C, c\u00f3 \u0111\u1ed9 b\u1ec1n u\u1ed1n ho\u00e0n h\u1ea3o do \u0111\u01b0\u1ee3c tr\u1ea3i qua qu\u00e1 tr\u00ecnh \u00e9p n\u00e9n t\u1edbi 7.000 t\u1ea5n.<\/li>\n<\/ul>\n<h3><span id=\"23_An_toan_%E2%80%93_tien_loi_cho_gia_chu\" class=\"ez-toc-section\"><\/span><strong>2.3. An to\u00e0n \u2013 ti\u1ec7n l\u1ee3i cho gia ch\u1ee7<\/strong><\/h3>\n<ul>\n<li aria-level=\"1\"><b>Hi\u1ec7u \u1ee9ng s\u00e1ng b\u00f3ng:\u00a0<\/b>L\u1edbp men nano b\u00f3ng cao c\u1ea5p c\u1ee7a CMC gi\u00fap g\u1ea1ch c\u00f3 \u0111\u01b0\u1ee3c b\u1ec1 m\u1eb7t nh\u1eb5n m\u1ecbn, b\u00f3ng b\u1ea9y, l\u00e0m s\u00e1ng g\u00f3c nh\u00e0.<\/li>\n<li aria-level=\"1\"><b>Kh\u00f4ng b\u1eaft ch\u00e1y, kh\u00f4ng gi\u00e3n n\u1edf:<\/b>\u00a0G\u1ea1ch \u0111\u01b0\u1ee3c nung \u1edf nhi\u1ec7t \u0111\u1ed9 cao t\u1eeb 1.200 \u2013 1.220 \u0111\u1ed9 C n\u00ean kh\u00f4ng d\u1ec5 d\u00e0ng b\u1eaft ch\u00e1y, \u0111\u1eb7c bi\u1ec7t tuy\u1ec7t \u0111\u1ed1i kh\u00f4ng gi\u00e3n n\u1edf \u1edf nhi\u1ec7t \u0111\u1ed9 nh\u00e0 th\u00f4ng th\u01b0\u1eddng v\u00e0 ch\u1ecbu \u0111\u01b0\u1ee3c th\u1eddi ti\u1ebft kh\u1eafc nghi\u1ec7t<\/li>\n<\/ul>\n<h2><span id=\"3_Luu_y_khi_chon_mua_va_su_dung_gach_lat_PT_60003\" class=\"ez-toc-section\"><\/span><strong>3. L\u01b0u \u00fd khi ch\u1ecdn mua v\u00e0 s\u1eed d\u1ee5ng g\u1ea1ch l\u00e1t PT60016<\/strong><\/h2>\n<p>Qu\u00fd kh\u00e1ch vui l\u00f2ng l\u01b0u \u00fd nh\u1eefng \u0111i\u1ec1u sau \u0111\u1ec3 \u0111\u1ea3m b\u1ea3o t\u1ed1i \u0111a c\u00f4ng n\u0103ng v\u00e0 t\u00ednh th\u1ea9m m\u1ef9 c\u1ee7a s\u1ea3n ph\u1ea9m:<\/p>\n<ul>\n<li aria-level=\"1\"><b>M\u00e0u s\u1eafc h\u00e0i h\u00f2a:\u00a0<\/b>C\u00e2n \u0111\u1ed1i ch\u1ecdn m\u00e0u g\u1ea1ch ph\u00f9 h\u1ee3p v\u1edbi m\u00e0u s\u1eafc c\u1ee7a t\u1ed5ng th\u1ec3 ng\u00f4i nh\u00e0 v\u00e0 c\u00f4ng n\u0103ng s\u1eed d\u1ee5ng. Nh\u1eefng s\u1ea3n ph\u1ea9m g\u1ea1ch tone s\u00e1ng (tr\u1eafng, be, kem,..) ph\u00f9 h\u1ee3p v\u1edbi ph\u00f2ng nh\u1ecf v\u00ec gi\u00fap m\u1edf r\u1ed9ng kh\u00f4ng gian v\u00e0 h\u00fat s\u00e1ng; tone t\u1ed1i (\u0111en, tr\u1ea7m, n\u00e2u\u2026) ph\u00f9 h\u1ee3p v\u1edbi kh\u00f4ng gian r\u1ed9ng, phong c\u00e1ch ki\u1ebfn tr\u00fac c\u1ed5 \u0111i\u1ec3n, t\u00e2n c\u1ed5 \u0111i\u1ec3n.<\/li>\n<li aria-level=\"1\"><b>Kh\u00f4ng gian ph\u00f9 h\u1ee3p:\u00a0<\/b>V\u1edbi k\u00edch th\u01b0\u1edbc kh\u1ed5 l\u1edbn, ph\u1ee7 men nano b\u00f3ng v\u00e0 tone s\u00e1ng, g\u1ea1ch <strong>PT60016<\/strong>\u00a0l\u00e0 s\u1ef1 l\u1ef1a ch\u1ecdn ho\u00e0n h\u1ea3o cho nhi\u1ec1u kh\u00f4ng gian nh\u01b0 ph\u00f2ng kh\u00e1ch, ph\u00f2ng ng\u1ee7 \u0111\u1eb7c bi\u1ec7t nh\u1eefng kh\u00f4ng gian c\u1ea7n g\u1ea1ch ch\u1ed1ng th\u1ea5m n\u01b0\u1edbc, ch\u1ed1ng tr\u01a1n tr\u01b0\u1ee3t nh\u01b0 ph\u00f2ng t\u1eafm, s\u00e2n v\u01b0\u1eddn<\/li>\n<li aria-level=\"1\"><b>S\u1eed d\u1ee5ng \u0111\u00fang c\u00e1ch:<\/b>\u00a0\u0110\u1ea3m b\u1ea3o quy tr\u00ecnh thi c\u00f4ng khoa h\u1ecdc v\u00e0 h\u1ea1n ch\u1ebf d\u00f9ng v\u1eadt nh\u1ecdn t\u00e1c \u0111\u1ed9ng l\u00ean b\u1ec1 m\u1eb7t g\u1ea1ch<\/li>\n<\/ul>\n<p>Tr\u00ean \u0111\u00e2y l\u00e0 nh\u1eefng \u0111\u1eb7c \u0111i\u1ec3m n\u1ed5i b\u1eadt v\u00e0 l\u01b0u \u00fd khi qu\u00fd kh\u00e1ch l\u1ef1a ch\u1ecdn v\u00e0 s\u1eed d\u1ee5ng g\u1ea1ch l\u00e1t <strong>PT60016<\/strong>. Hy v\u1ecdng b\u00e0i vi\u1ebft s\u1ebd gi\u00fap \u00edch cho qu\u00fd v\u1ecb \u0111\u1ec3 l\u1ef1a ch\u1ecdn \u0111\u01b0\u1ee3c s\u1ea3n ph\u1ea9m ph\u00f9 h\u1ee3p nh\u1ea5t v\u1edbi kh\u00f4ng gian v\u00e0 chi ph\u00ed c\u1ee7a gia \u0111\u00ecnh.<\/p>\n<p><i>Vui l\u00f2ng \u0111\u1ec3 l\u1ea1i th\u00f4ng tin d\u01b0\u1edbi h\u1ed9p th\u01b0 d\u01b0\u1edbi \u0111\u00e2y n\u1ebfu qu\u00fd v\u1ecb c\u1ea7n gi\u1ea3i \u0111\u00e1p th\u1eafc m\u1eafc ho\u1eb7c nh\u1eadn s\u1ef1 t\u01b0 v\u1ea5n t\u1eeb chuy\u00ean gia c\u1ee7a CMC Tiles!<\/i><\/p>","protected":false},"excerpt":{"rendered":"<p>L\u1ecdt v\u00e0o danh s\u00e1ch c\u00e1c v\u1eadt li\u1ec7u kh\u00f4ng th\u1ec3 thi\u1ebfu trong nh\u1eefng kh\u00f4ng gian ki\u1ebfn tr\u00fac sang tr\u1ecdng, g\u1ea1ch l\u00e1t n\u1ec1n\u00a0PT60016 s\u1edf h\u1eefu n\u00e9t \u0111\u1eb9p tinh t\u1ebf, nhu\u1ea7n nhuy\u1ec5n nh\u01b0 nh\u1eefng t\u00e1c ph\u1ea9m ngh\u1ec7 thu\u1eadt, b\u1edfi c\u00e1c \u0111\u01b0\u1eddng v\u00e2n c\u00f3 s\u1ef1 bi\u1ebfn \u0111\u1ed5i nh\u1eb9 nh\u00e0ng v\u1ec1 m\u00e0u s\u1eafc, \u0111\u1ed9 s\u00e2u v\u00e0 h\u00ecnh th\u00e1i, kh\u00e1c v\u1edbi [&hellip;]<\/p>\n","protected":false},"featured_media":31314,"comment_status":"open","ping_status":"closed","template":"","meta":[],"product_brand":[],"product_cat":[1076,1015,1083,1016,1092,1023],"product_tag":[],"class_list":{"0":"post-31292","1":"product","2":"type-product","3":"status-publish","4":"has-post-thumbnail","6":"product_cat-gach-op-lat","7":"product_cat-gach-lat","8":"product_cat-gach-lat-nen-van-da","9":"product_cat-gach-op","10":"product_cat-gach-op-lat-prato","11":"product_cat-porcelain","13":"first","14":"instock","15":"taxable","16":"shipping-taxable","17":"purchasable","18":"product-type-simple"},"_links":{"self":[{"href":"https:\/\/cmctiles.vn\/en\/wp-json\/wp\/v2\/product\/31292","targetHints":{"allow":["GET"]}}],"collection":[{"href":"https:\/\/cmctiles.vn\/en\/wp-json\/wp\/v2\/product"}],"about":[{"href":"https:\/\/cmctiles.vn\/en\/wp-json\/wp\/v2\/types\/product"}],"replies":[{"embeddable":true,"href":"https:\/\/cmctiles.vn\/en\/wp-json\/wp\/v2\/comments?post=31292"}],"version-history":[{"count":3,"href":"https:\/\/cmctiles.vn\/en\/wp-json\/wp\/v2\/product\/31292\/revisions"}],"predecessor-version":[{"id":31295,"href":"https:\/\/cmctiles.vn\/en\/wp-json\/wp\/v2\/product\/31292\/revisions\/31295"}],"wp:featuredmedia":[{"embeddable":true,"href":"https:\/\/cmctiles.vn\/en\/wp-json\/wp\/v2\/media\/31314"}],"wp:attachment":[{"href":"https:\/\/cmctiles.vn\/en\/wp-json\/wp\/v2\/media?parent=31292"}],"wp:term":[{"taxonomy":"product_brand","embeddable":true,"href":"https:\/\/cmctiles.vn\/en\/wp-json\/wp\/v2\/product_brand?post=31292"},{"taxonomy":"product_cat","embeddable":true,"href":"https:\/\/cmctiles.vn\/en\/wp-json\/wp\/v2\/product_cat?post=31292"},{"taxonomy":"product_tag","embeddable":true,"href":"https:\/\/cmctiles.vn\/en\/wp-json\/wp\/v2\/product_tag?post=31292"}],"curies":[{"name":"wp","href":"https:\/\/api.w.org\/{rel}","templated":true}]}}