{"id":31174,"date":"2024-08-02T10:26:55","date_gmt":"2024-08-02T03:26:55","guid":{"rendered":"https:\/\/cmctiles.vn\/?post_type=product&#038;p=31174"},"modified":"2024-08-02T10:26:56","modified_gmt":"2024-08-02T03:26:56","slug":"gach-lat-san-chong-tron-van-xi-mang-hien-dai-rpm4040009s3","status":"publish","type":"product","link":"https:\/\/cmctiles.vn\/en\/gach-op-lat\/gach-lat-san-chong-tron-van-xi-mang-hien-dai-rpm4040009s3.html","title":{"rendered":"G\u1ea1ch l\u00e1t s\u00e0n ch\u1ed1ng tr\u01a1n v\u00e2n xi m\u0103ng hi\u1ec7n \u0111\u1ea1i RPM4040009S3"},"content":{"rendered":"<p style=\"text-align: justify;\">Trong kh\u00f4ng gian \u1ea9m \u01b0\u1edbt nh\u01b0 ph\u00f2ng t\u1eafm, g\u1ea1ch l\u00e1t s\u00e0n \u0111\u00f3ng vai tr\u00f2 quan tr\u1ecdng gi\u00fap t\u1ed1i \u01b0u c\u00f4ng n\u0103ng ch\u1ed1ng tr\u01a1n tr\u01b0\u1ee3t \u0111\u1ed3ng th\u1eddi mang \u0111\u1ebfn th\u1ea9m m\u1ef9 hi\u1ec7n \u0111\u1ea1i, s\u1ea1ch s\u1ebd cho c\u0103n ph\u00f2ng. Hi\u1ec3u \u0111\u01b0\u1ee3c \u0111i\u1ec1u \u0111\u00f3, G\u1ea1ch \u1ed1p l\u00e1t CMC xin gi\u1edbi thi\u1ec7u t\u1edbi Qu\u00fd Kh\u00e1ch h\u00e0ng s\u1ea3n ph\u1ea9m g\u1ea1ch l\u00e1t s\u00e0n ch\u1ed1ng tr\u01a1n \u2013 s\u1ef1 l\u1ef1a ch\u1ecdn l\u00fd t\u01b0\u1edfng cho kh\u00f4ng gian ph\u00f2ng t\u1eafm, s\u00e2n b\u1ebfp v\u00e0 kh\u00f4ng gian \u1ea9m \u01b0\u1edbt nh\u01b0 ban c\u00f4ng, s\u00e2n v\u01b0\u1eddn\u2026<\/p>\n<h2 style=\"text-align: justify;\"><b>1. Th\u00f4ng s\u1ed1 s\u1ea3n ph\u1ea9m<\/b><\/h2>\n<table>\n<tbody>\n<tr>\n<td>M\u00e3 s\u1ea3n ph\u1ea9m<\/td>\n<td><strong>RPM4040009S3<\/strong><\/td>\n<\/tr>\n<tr>\n<td>BRANDS<\/td>\n<td>CMC Tiles<\/td>\n<\/tr>\n<tr>\n<td>Ph\u00e2n lo\u1ea1i<\/td>\n<td>Ceramic tiles<\/td>\n<\/tr>\n<tr>\n<td>M\u00e0u s\u1eafc<\/td>\n<td>M\u00e0u ghi t\u1ed1i v\u00e2n \u0111\u00e1<\/td>\n<\/tr>\n<tr>\n<td>Sizes<\/td>\n<td>400\u00d7400 mm<\/td>\n<\/tr>\n<tr>\n<td>\u0110\u1ed9 d\u00e0y<\/td>\n<td>8,5 mm<\/td>\n<\/tr>\n<tr>\n<td>MATERIALS<\/td>\n<td>Porcelain<\/td>\n<\/tr>\n<tr>\n<td>Surfaces<\/td>\n<td>Matt Glaze<\/td>\n<\/tr>\n<tr>\n<td>Outstanding features<\/td>\n<td>\n<ul>\n<li aria-level=\"1\">B\u1ec1 m\u1eb7t men matt ch\u1ed1ng tr\u01a1n tr\u01b0\u1ee3t hi\u1ec7u qu\u1ea3<\/li>\n<li aria-level=\"1\">\u0110\u1ed3 b\u1ec1n u\u1ed1n ch\u1ecbu l\u1ef1c t\u1ed1t, th\u1ea5m h\u00fat n\u01b0\u1edbc th\u1ea5p<\/li>\n<li aria-level=\"1\">K\u00edch th\u01b0\u1edbc ph\u1ed5 th\u00f4ng, \u1ee9ng d\u1ee5ng \u0111a d\u1ea1ng<\/li>\n<li aria-level=\"1\">Non-ignition, non-expansion<\/li>\n<li aria-level=\"1\">Easy to clean, anti-bacterial, anti-mildew<\/li>\n<\/ul>\n<\/td>\n<\/tr>\n<tr>\n<td>APPLICATIONS<\/td>\n<td>\u0110a d\u1ea1ng, v\u00ed d\u1ee5 ki\u1ebfn tr\u00fac nh\u00e0 \u1ed1ng, khu chung c\u01b0, nh\u00e0 \u1edf cao c\u1ea5p, bi\u1ec7t th\u1ef1, ph\u00f2ng kh\u00e1ch\u2026<\/td>\n<\/tr>\n<\/tbody>\n<\/table>\n<p>&nbsp;<\/p>\n<h2><b>2. G\u1ea1ch l\u00e1t s\u00e0n ch\u1ed1ng tr\u01a1n RPM4040009S3 \u2013 s\u1ef1 l\u1ef1a ch\u1ecdn ho\u00e0n h\u1ea3o cho m\u1ecdi c\u00f4ng tr\u00ecnh<\/b><\/h2>\n<figure id=\"attachment_29809\" class=\"wp-caption aligncenter\" style=\"text-align: justify;\" aria-describedby=\"caption-attachment-29809\"><img fetchpriority=\"high\" decoding=\"async\" class=\"aligncenter size-full wp-image-31184\" src=\"https:\/\/cmctiles.vn\/wp-content\/uploads\/2024\/08\/09s3-pc.png\" alt=\"\" width=\"896\" height=\"810\" title=\"\" srcset=\"https:\/\/cmctiles.vn\/wp-content\/uploads\/2024\/08\/09s3-pc.png 896w, https:\/\/cmctiles.vn\/wp-content\/uploads\/2024\/08\/09s3-pc-300x271.png 300w, https:\/\/cmctiles.vn\/wp-content\/uploads\/2024\/08\/09s3-pc-768x694.png 768w, https:\/\/cmctiles.vn\/wp-content\/uploads\/2024\/08\/09s3-pc-13x12.png 13w, https:\/\/cmctiles.vn\/wp-content\/uploads\/2024\/08\/09s3-pc-310x280.png 310w, https:\/\/cmctiles.vn\/wp-content\/uploads\/2024\/08\/09s3-pc-500x452.png 500w\" sizes=\"(max-width: 896px) 100vw, 896px\" \/><\/figure>\n<p style=\"text-align: center;\"><em>G\u1ea1ch l\u00e1t n\u1ec1n ch\u1ed1ng tr\u01a1n tr\u01b0\u1ee3t RPM4040009S3 h\u1ecda ti\u1ebft v\u00e2n \u0111\u00e1 hi\u1ec7n \u0111\u1ea1i<\/em><\/p>\n<p style=\"text-align: justify;\">G\u1ea1ch l\u00e1t n\u1ec1n RPM4040009S3 l\u00e0 d\u00f2ng s\u1ea3n ph\u1ea9m g\u1ea1ch \u1ed1p l\u00e1t cao c\u1ea5p c\u1ee7a CMC v\u1edbi ch\u1ea5t li\u1ec7u x\u01b0\u01a1ng Porcelain c\u1ee9ng c\u00e1p, \u0111\u1ed9 h\u00fat n\u01b0\u1edbc th\u1ea5p &lt;0.5% \u0111\u1eb7c bi\u1ec7t ph\u00f9 h\u1ee3p trong nh\u1eefng m\u00f4i tr\u01b0\u1eddng \u00e2m \u01b0\u1edbt nh\u01b0 nh\u00e0 t\u1eafm. S\u1ea3n ph\u1ea9m s\u1edf h\u1eefu nh\u1eefng \u0111\u1eb7c \u0111i\u1ec3m n\u1ed5i b\u1eadt:<\/p>\n<ul style=\"text-align: justify;\">\n<li><em><strong>Kh\u1ea3 n\u0103ng ch\u1ed1ng tr\u01a1n tr\u01b0\u1ee3t \u01b0u vi\u1ec7t:<\/strong><\/em> B\u1ec1 m\u1eb7t men matt l\u00e0 b\u1ec1 m\u1eb7t men chuy\u00ean d\u1ee5ng v\u00e0 ch\u1ed1ng tr\u01a1n t\u1ed1t nh\u1ea5t hi\u1ec7n nay v\u1edbi \u0111\u1ed9 nh\u00e1m m\u1ecbn, b\u00e1m ch\u00e2n v\u00e0 \u0111\u1ed9 ch\u1ed1ng m\u00e0i m\u00f2i cao<\/li>\n<li><em><strong>Hoa v\u0103n hi\u1ec7n \u0111\u1ea1i tinh t\u1ebf:<\/strong><\/em> M\u1eabu m\u00e3 \u0111a d\u1ea1ng v\u1edbi h\u1ecda ti\u1ebft v\u00e2n \u0111\u00e1, v\u00e2n xi m\u0103ng \u0111\u01a1n gi\u1ea3n, tinh t\u1ebf, ph\u00f9 h\u1ee3p phong c\u00e1ch thi\u1ebft k\u1ebf hi\u1ec7n \u0111\u1ea1i ng\u00e0y nay<\/li>\n<li><em><strong>Th\u1ea9m m\u1ef9 h\u00e0i h\u00f2a v\u00e0 s\u1ea1ch s\u1ebd:<\/strong><\/em> T\u00f4ng m\u00e0u ghi x\u00e1m kh\u00f4ng ch\u1ec9 mang t\u00ednh th\u1ea9m m\u1ef9 th\u1eddi th\u01b0\u1ee3ng m\u00e0 c\u00f2n t\u0103ng hi\u1ec7u \u1ee9ng s\u1ea1ch s\u1ebd cho kh\u00f4ng gian, \u0111\u1eb7c bi\u1ec7t nh\u1eefng kh\u00f4ng gian \u1ea9m \u01b0\u1edbt, d\u1ec5 b\u00e1m b\u1ea9n, r\u00eau m\u1ed1c<\/li>\n<li><em><strong>B\u1ea3o v\u1ec7 s\u00e0n nh\u00e0 hi\u1ec7u qu\u1ea3:<\/strong><\/em> Ch\u1ea5t li\u1ec7u x\u01b0\u01a1ng Porcelain c\u1ee9ng c\u00e1p, h\u00fat n\u01b0\u1edbc th\u1ea5p gi\u00fap b\u1ea3o v\u1ec7 s\u00e0n theo n\u0103m th\u00e1ng, h\u1ea1n ch\u1ebf t\u1ed1i \u0111a t\u00ecnh tr\u1ea1ng bong r\u1ed9p<\/li>\n<\/ul>\n<p style=\"text-align: justify;\">Tr\u00ean \u0111\u00e2y l\u00e0 nh\u1eefng \u0111\u1eb7c \u0111i\u1ec3m n\u1ed5i b\u1eadt v\u00e0 l\u01b0u \u00fd khi qu\u00fd kh\u00e1ch l\u1ef1a ch\u1ecdn v\u00e0 s\u1eed d\u1ee5ng g\u1ea1ch \u1ed1p l\u00e1t <strong>RPM4040009S3<\/strong>. Hy v\u1ecdng b\u00e0i vi\u1ebft s\u1ebd gi\u00fap \u00edch cho qu\u00fd v\u1ecb \u0111\u1ec3 l\u1ef1a ch\u1ecdn \u0111\u01b0\u1ee3c s\u1ea3n ph\u1ea9m ph\u00f9 h\u1ee3p nh\u1ea5t v\u1edbi kh\u00f4ng gian v\u00e0 chi ph\u00ed c\u1ee7a gia \u0111\u00ecnh.<\/p>\n<p style=\"text-align: justify;\">Vui l\u00f2ng \u0111\u1ec3 l\u1ea1i th\u00f4ng tin d\u01b0\u1edbi h\u1ed9p th\u01b0 d\u01b0\u1edbi \u0111\u00e2y n\u1ebfu qu\u00fd v\u1ecb c\u1ea7n gi\u1ea3i \u0111\u00e1p th\u1eafc m\u1eafc ho\u1eb7c nh\u1eadn s\u1ef1 t\u01b0 v\u1ea5n t\u1eeb chuy\u00ean gia c\u1ee7a CMC Tiles!<\/p>","protected":false},"excerpt":{"rendered":"<p>Trong kh\u00f4ng gian \u1ea9m \u01b0\u1edbt nh\u01b0 ph\u00f2ng t\u1eafm, g\u1ea1ch l\u00e1t s\u00e0n \u0111\u00f3ng vai tr\u00f2 quan tr\u1ecdng gi\u00fap t\u1ed1i \u01b0u c\u00f4ng n\u0103ng ch\u1ed1ng tr\u01a1n tr\u01b0\u1ee3t \u0111\u1ed3ng th\u1eddi mang \u0111\u1ebfn th\u1ea9m m\u1ef9 hi\u1ec7n \u0111\u1ea1i, s\u1ea1ch s\u1ebd cho c\u0103n ph\u00f2ng. Hi\u1ec3u \u0111\u01b0\u1ee3c \u0111i\u1ec1u \u0111\u00f3, G\u1ea1ch \u1ed1p l\u00e1t CMC xin gi\u1edbi thi\u1ec7u t\u1edbi Qu\u00fd Kh\u00e1ch h\u00e0ng s\u1ea3n ph\u1ea9m g\u1ea1ch [&hellip;]<\/p>\n","protected":false},"featured_media":31185,"comment_status":"open","ping_status":"closed","template":"","meta":[],"product_brand":[],"product_cat":[1076,1015,1083,1023,1134],"product_tag":[],"class_list":{"0":"post-31174","1":"product","2":"type-product","3":"status-publish","4":"has-post-thumbnail","6":"product_cat-gach-op-lat","7":"product_cat-gach-lat","8":"product_cat-gach-lat-nen-van-da","9":"product_cat-porcelain","10":"product_cat-gach-op-lat-refina","12":"first","13":"instock","14":"taxable","15":"shipping-taxable","16":"purchasable","17":"product-type-simple"},"_links":{"self":[{"href":"https:\/\/cmctiles.vn\/en\/wp-json\/wp\/v2\/product\/31174","targetHints":{"allow":["GET"]}}],"collection":[{"href":"https:\/\/cmctiles.vn\/en\/wp-json\/wp\/v2\/product"}],"about":[{"href":"https:\/\/cmctiles.vn\/en\/wp-json\/wp\/v2\/types\/product"}],"replies":[{"embeddable":true,"href":"https:\/\/cmctiles.vn\/en\/wp-json\/wp\/v2\/comments?post=31174"}],"version-history":[{"count":2,"href":"https:\/\/cmctiles.vn\/en\/wp-json\/wp\/v2\/product\/31174\/revisions"}],"predecessor-version":[{"id":31187,"href":"https:\/\/cmctiles.vn\/en\/wp-json\/wp\/v2\/product\/31174\/revisions\/31187"}],"wp:featuredmedia":[{"embeddable":true,"href":"https:\/\/cmctiles.vn\/en\/wp-json\/wp\/v2\/media\/31185"}],"wp:attachment":[{"href":"https:\/\/cmctiles.vn\/en\/wp-json\/wp\/v2\/media?parent=31174"}],"wp:term":[{"taxonomy":"product_brand","embeddable":true,"href":"https:\/\/cmctiles.vn\/en\/wp-json\/wp\/v2\/product_brand?post=31174"},{"taxonomy":"product_cat","embeddable":true,"href":"https:\/\/cmctiles.vn\/en\/wp-json\/wp\/v2\/product_cat?post=31174"},{"taxonomy":"product_tag","embeddable":true,"href":"https:\/\/cmctiles.vn\/en\/wp-json\/wp\/v2\/product_tag?post=31174"}],"curies":[{"name":"wp","href":"https:\/\/api.w.org\/{rel}","templated":true}]}}