{"id":31039,"date":"2024-08-01T16:02:42","date_gmt":"2024-08-01T09:02:42","guid":{"rendered":"https:\/\/cmctiles.vn\/?post_type=product&#038;p=31039"},"modified":"2024-08-01T16:02:43","modified_gmt":"2024-08-01T09:02:43","slug":"gach-op-lat-men-matt-van-da-tinh-te-ccm6060008s4","status":"publish","type":"product","link":"https:\/\/cmctiles.vn\/en\/ceramic\/gach-op-lat-men-matt-van-da-tinh-te-ccm6060008s4.html","title":{"rendered":"G\u1ea1ch \u1ed1p l\u00e1t men matt v\u00e2n \u0111\u00e1 tinh t\u1ebf CCM6060008S4"},"content":{"rendered":"<p>Trong nh\u1eefng n\u0103m g\u1ea7n \u0111\u00e2y, g\u1ea1ch \u1ed1p l\u00e1t men matt \u0111ang d\u1ea7n tr\u1edf th\u00e0nh xu h\u01b0\u1edbng \u0111\u01b0\u1ee3c nhi\u1ec1u kh\u00e1ch h\u00e0ng \u01b0a chu\u1ed9ng nh\u1edd th\u1ea9m m\u1ef9 tinh t\u1ebf, c\u1ea3m nh\u1eadn ch\u00e2n th\u1ef1c v\u00e0 kh\u1ea3 n\u0103ng ch\u1ed1ng tr\u01a1n t\u1ed1t. N\u1ed1i ti\u1ebfp xu h\u01b0\u1edbng n\u1ed5i b\u1eadt CMC gi\u1edbi thi\u1ec7u t\u1edbi Q\u00fay v\u1ecb s\u1ea3n ph\u1ea9m g\u1ea1ch \u1ed1p l\u00e1t men matt v\u1edbi h\u1ecda ti\u1ebft gi\u1ea3 \u0111\u00e1, gi\u1ea3 xi m\u0103ng thanh l\u1ecbch v\u00e0 sang tr\u1ecdng<\/p>\n<h2><b>1. Th\u00f4ng s\u1ed1 s\u1ea3n ph\u1ea9m<\/b><\/h2>\n<table>\n<tbody>\n<tr>\n<td>M\u00e3 s\u1ea3n ph\u1ea9m<\/td>\n<td><b>CCM6060008S4<\/b><\/td>\n<\/tr>\n<tr>\n<td>BRANDS<\/td>\n<td>CMC Tiles<\/td>\n<\/tr>\n<tr>\n<td>Ph\u00e2n lo\u1ea1i<\/td>\n<td>Ceramic tiles<\/td>\n<\/tr>\n<tr>\n<td>M\u00e0u s\u1eafc<\/td>\n<td>M\u00e0u ghi x\u00e1m v\u00e2n \u0111\u00e1 m\u00e0u s\u1eabm<\/td>\n<\/tr>\n<tr>\n<td>Sizes<\/td>\n<td>600\u00d7600 mm<\/td>\n<\/tr>\n<tr>\n<td>\u0110\u1ed9 d\u00e0y<\/td>\n<td>9,0 mm<\/td>\n<\/tr>\n<tr>\n<td>MATERIALS<\/td>\n<td>Ceramic<\/td>\n<\/tr>\n<tr>\n<td>Surfaces<\/td>\n<td>Men matt<\/td>\n<\/tr>\n<tr>\n<td>Outstanding features<\/td>\n<td>\n<ul>\n<li aria-level=\"1\">Hoa v\u0103n sang tr\u1ecdng, th\u1eddi th\u01b0\u1ee3ng<\/li>\n<li aria-level=\"1\">\u0110\u1ed3 b\u1ec1n u\u1ed1n ch\u1ecbu l\u1ef1c t\u1ed1t, th\u1ea5m h\u00fat n\u01b0\u1edbc th\u1ea5p<\/li>\n<li aria-level=\"1\">K\u00edch th\u01b0\u1edbc ph\u1ed5 th\u00f4ng, \u1ee9ng d\u1ee5ng \u0111a d\u1ea1ng<\/li>\n<li aria-level=\"1\">Non-ignition, non-expansion<\/li>\n<li aria-level=\"1\">Easy to clean, anti-bacterial, anti-mildew<\/li>\n<\/ul>\n<\/td>\n<\/tr>\n<tr>\n<td>APPLICATIONS<\/td>\n<td>\u0110a d\u1ea1ng, v\u00ed d\u1ee5 ki\u1ebfn tr\u00fac nh\u00e0 \u1ed1ng, khu chung c\u01b0, nh\u00e0 \u1edf cao c\u1ea5p, bi\u1ec7t th\u1ef1, ph\u00f2ng kh\u00e1ch\u2026<\/td>\n<\/tr>\n<\/tbody>\n<\/table>\n<h2><b>2. G\u1ea1ch \u1ed1p l\u00e1t CCM6060008S4 \u2013 s\u1ef1 l\u1ef1a ch\u1ecdn ho\u00e0n h\u1ea3o cho m\u1ecdi c\u00f4ng tr\u00ecnh\u00a0<\/b><\/h2>\n<figure id=\"attachment_29869\" class=\"wp-caption aligncenter\" aria-describedby=\"caption-attachment-29869\"><img fetchpriority=\"high\" decoding=\"async\" class=\"aligncenter size-full wp-image-31040\" src=\"https:\/\/cmctiles.vn\/wp-content\/uploads\/2024\/08\/008-pc.png\" alt=\"\" width=\"1014\" height=\"758\" title=\"\" srcset=\"https:\/\/cmctiles.vn\/wp-content\/uploads\/2024\/08\/008-pc.png 1014w, https:\/\/cmctiles.vn\/wp-content\/uploads\/2024\/08\/008-pc-300x224.png 300w, https:\/\/cmctiles.vn\/wp-content\/uploads\/2024\/08\/008-pc-768x574.png 768w, https:\/\/cmctiles.vn\/wp-content\/uploads\/2024\/08\/008-pc-16x12.png 16w, https:\/\/cmctiles.vn\/wp-content\/uploads\/2024\/08\/008-pc-375x280.png 375w, https:\/\/cmctiles.vn\/wp-content\/uploads\/2024\/08\/008-pc-500x374.png 500w\" sizes=\"(max-width: 1014px) 100vw, 1014px\" \/><\/figure>\n<p style=\"text-align: center;\"><em>S\u1ea3n ph\u1ea9m g\u1ea1ch \u1ed1p l\u00e1t CCM6060008S4 s\u1edf h\u1eefu t\u00f4ng ghi s\u1eabm v\u00e2n \u0111\u00e1<\/em><\/p>\n<p>V\u1edbi s\u1ee9 m\u1ec7nh ti\u00ean phong gi\u1ea3i ph\u00e1p s\u1ea3n ph\u1ea9m \u0111a d\u1ea1ng, s\u00e1ng t\u1ea1o, ch\u1ea5t l\u01b0\u1ee3ng ph\u00f9 h\u1ee3p v\u1edbi nhu c\u1ea7u kh\u00e1ch h\u00e0ng. CMC t\u1ea1o ra d\u00f2ng g\u1ea1ch \u1ed1p l\u00e1t\u00a0<b>CCM6060008S4<\/b>\u00a0men matt v\u1edbi thi\u1ebft k\u1ebf kh\u00f4ng qu\u00e1 c\u1ea7u k\u1ef3 v\u00e0 mang t\u00ednh \u1ee9ng d\u1ee5ng linh ho\u1ea1t cao.<b> CCM6060008S4\u00a0<\/b>ch\u1eafc ch\u1eafn s\u1ebd mang \u0111\u1ebfn tr\u1ea3i nghi\u1ec7m \u01b0u vi\u1ec7t cho ng\u01b0\u1eddi d\u00f9ng:<\/p>\n<ul>\n<li><strong>H\u1ecda ti\u1ebft tinh t\u1ebf v\u00e0 sang tr\u1ecdng:\u00a0<\/strong>M\u00f4 ph\u1ecfng v\u1ebb \u0111\u1eb9p tinh t\u1ebf c\u1ee7a d\u00f2ng v\u00e2n \u0111\u00e1, v\u00e2n xi m\u0103ng v\u1edbi h\u1ecda ti\u1ebft tr\u01a1n tinh gi\u1ea3n, s\u1ea3n ph\u1ea9m mang tinh th\u1ea7n hi\u1ec7n \u0111\u1ea1i v\u00e0 ph\u00f3ng kho\u00e1ng v\u00e0o kh\u00f4ng gian<\/li>\n<li><strong>Ch\u1ed1ng tr\u01a1n tr\u01b0\u1ee3t t\u1ed1t, tr\u1ea3i nghi\u1ec7m an to\u00e0n cho ng\u01b0\u1eddi d\u00f9ng:<\/strong>\u00a0B\u1ec1 m\u1eb7t men matt l\u00e0 lo\u1ea1i men c\u00f3 kh\u1ea3 n\u0103ng ch\u1ed1ng tr\u01a1n \u01b0u vi\u1ec7t nh\u1ea5t, c\u1ea3m gi\u00e1c b\u00e1m l\u00ec, nh\u00e1m m\u00e1t<\/li>\n<li><strong>Gi\u00e1 th\u00e0nh ph\u1ea3i ch\u0103ng, ph\u00f9 h\u1ee3p v\u1edbi nhi\u1ec1u kh\u00e1ch h\u00e0ng:<\/strong>\u00a0S\u1ea3n ph\u1ea9m \u0111\u01b0\u1ee3c s\u1ea3n xu\u1ea5t b\u1eb1ng ch\u1ea5t li\u1ec7u Ceramic v\u1edbi \u0111\u1ed9 h\u00fat n\u01b0\u1edbc &lt;10% c\u00f3 kh\u1ea3 n\u0103ng \u1ee9ng d\u1ee5ng linh ho\u1ea1t trong c\u1ea3 l\u00e1t s\u00e0n n\u1ed9i th\u1ea5t v\u00e0 ngo\u1ea1i th\u1ea5t v\u1edbi m\u1ee9c chi ph\u00ed t\u1ed1i \u01b0u<\/li>\n<\/ul>\n<p>Tr\u00ean \u0111\u00e2y l\u00e0 nh\u1eefng \u0111\u1eb7c \u0111i\u1ec3m n\u1ed5i b\u1eadt v\u00e0 l\u01b0u \u00fd khi qu\u00fd kh\u00e1ch l\u1ef1a ch\u1ecdn v\u00e0 s\u1eed d\u1ee5ng g\u1ea1ch \u1ed1p l\u00e1t\u00a0<b>CCM6060008S4<\/b>. Hy v\u1ecdng b\u00e0i vi\u1ebft s\u1ebd gi\u00fap \u00edch cho qu\u00fd v\u1ecb \u0111\u1ec3 l\u1ef1a ch\u1ecdn \u0111\u01b0\u1ee3c s\u1ea3n ph\u1ea9m ph\u00f9 h\u1ee3p nh\u1ea5t v\u1edbi kh\u00f4ng gian v\u00e0 chi ph\u00ed c\u1ee7a gia \u0111\u00ecnh.<\/p>\n<p>Vui l\u00f2ng \u0111\u1ec3 l\u1ea1i th\u00f4ng tin d\u01b0\u1edbi h\u1ed9p th\u01b0 d\u01b0\u1edbi \u0111\u00e2y n\u1ebfu qu\u00fd v\u1ecb c\u1ea7n gi\u1ea3i \u0111\u00e1p th\u1eafc m\u1eafc ho\u1eb7c nh\u1eadn s\u1ef1 t\u01b0 v\u1ea5n t\u1eeb chuy\u00ean gia c\u1ee7a CMC Tiles!<\/p>","protected":false},"excerpt":{"rendered":"<p>Trong nh\u1eefng n\u0103m g\u1ea7n \u0111\u00e2y, g\u1ea1ch \u1ed1p l\u00e1t men matt \u0111ang d\u1ea7n tr\u1edf th\u00e0nh xu h\u01b0\u1edbng \u0111\u01b0\u1ee3c nhi\u1ec1u kh\u00e1ch h\u00e0ng \u01b0a chu\u1ed9ng nh\u1edd th\u1ea9m m\u1ef9 tinh t\u1ebf, c\u1ea3m nh\u1eadn ch\u00e2n th\u1ef1c v\u00e0 kh\u1ea3 n\u0103ng ch\u1ed1ng tr\u01a1n t\u1ed1t. N\u1ed1i ti\u1ebfp xu h\u01b0\u1edbng n\u1ed5i b\u1eadt CMC gi\u1edbi thi\u1ec7u t\u1edbi Q\u00fay v\u1ecb s\u1ea3n ph\u1ea9m g\u1ea1ch \u1ed1p l\u00e1t men [&hellip;]<\/p>\n","protected":false},"featured_media":31041,"comment_status":"open","ping_status":"closed","template":"","meta":[],"product_brand":[],"product_cat":[1009,1015,1083,1016,1076,1017],"product_tag":[],"class_list":{"0":"post-31039","1":"product","2":"type-product","3":"status-publish","4":"has-post-thumbnail","6":"product_cat-ceramic","7":"product_cat-gach-lat","8":"product_cat-gach-lat-nen-van-da","9":"product_cat-gach-op","10":"product_cat-gach-op-lat","11":"product_cat-gach-op-lat-cmc","13":"first","14":"instock","15":"taxable","16":"shipping-taxable","17":"purchasable","18":"product-type-simple"},"_links":{"self":[{"href":"https:\/\/cmctiles.vn\/en\/wp-json\/wp\/v2\/product\/31039","targetHints":{"allow":["GET"]}}],"collection":[{"href":"https:\/\/cmctiles.vn\/en\/wp-json\/wp\/v2\/product"}],"about":[{"href":"https:\/\/cmctiles.vn\/en\/wp-json\/wp\/v2\/types\/product"}],"replies":[{"embeddable":true,"href":"https:\/\/cmctiles.vn\/en\/wp-json\/wp\/v2\/comments?post=31039"}],"version-history":[{"count":2,"href":"https:\/\/cmctiles.vn\/en\/wp-json\/wp\/v2\/product\/31039\/revisions"}],"predecessor-version":[{"id":31047,"href":"https:\/\/cmctiles.vn\/en\/wp-json\/wp\/v2\/product\/31039\/revisions\/31047"}],"wp:featuredmedia":[{"embeddable":true,"href":"https:\/\/cmctiles.vn\/en\/wp-json\/wp\/v2\/media\/31041"}],"wp:attachment":[{"href":"https:\/\/cmctiles.vn\/en\/wp-json\/wp\/v2\/media?parent=31039"}],"wp:term":[{"taxonomy":"product_brand","embeddable":true,"href":"https:\/\/cmctiles.vn\/en\/wp-json\/wp\/v2\/product_brand?post=31039"},{"taxonomy":"product_cat","embeddable":true,"href":"https:\/\/cmctiles.vn\/en\/wp-json\/wp\/v2\/product_cat?post=31039"},{"taxonomy":"product_tag","embeddable":true,"href":"https:\/\/cmctiles.vn\/en\/wp-json\/wp\/v2\/product_tag?post=31039"}],"curies":[{"name":"wp","href":"https:\/\/api.w.org\/{rel}","templated":true}]}}