{"id":30831,"date":"2024-07-30T16:53:46","date_gmt":"2024-07-30T09:53:46","guid":{"rendered":"https:\/\/cmctiles.vn\/?post_type=product&#038;p=30831"},"modified":"2024-08-23T15:51:32","modified_gmt":"2024-08-23T08:51:32","slug":"bo-gach-op-tuong-phong-cach-doc-dao-rpg3060024s3-rpg3060025s3-rpg3060026s3-rpg3060027s3","status":"publish","type":"product","link":"https:\/\/cmctiles.vn\/en\/gach-op-lat\/bo-gach-op-tuong-phong-cach-doc-dao-rpg3060024s3-rpg3060025s3-rpg3060026s3-rpg3060027s3.html","title":{"rendered":"B\u1ed9 g\u1ea1ch \u1ed1p t\u01b0\u1eddng phong c\u00e1ch \u0111\u1ed9c \u0111\u00e1o RPG3060024S3 &#8211; RPG3060025S3 &#8211; RPG3060026S3 &#8211; RPG3060027S3"},"content":{"rendered":"<p style=\"text-align: justify;\"><span style=\"font-weight: 400;\">V\u1edbi thi\u1ebft k\u1ebf \u0111\u1ed9c \u0111\u00e1o v\u00e0 sang tr\u1ecdng, b\u1ed9 g\u1ea1ch \u1ed1p t\u01b0\u1eddng RPG3060024S3 &#8211; RPG3060025S3 &#8211; RPG3060026S3 &#8211; RPG3060027S3, kh\u00f4ng ch\u1ec9 t\u00f4n vinh v\u1ebb \u0111\u1eb9p cho kh\u00f4ng gian s\u1ed1ng c\u1ee7a gia ch\u1ee7 m\u00e0 c\u00f2n \u0111\u1ea3m b\u1ea3o kh\u1ea3 n\u0103ng b\u1ea3o v\u1ec7 t\u01b0\u1eddng hi\u1ec7u qu\u1ea3 nh\u1edd v\u00e0o x\u01b0\u01a1ng g\u1ea1ch porcelain ch\u1eafc ch\u1eafn. S\u1ea3n ph\u1ea9m mang \u0111\u1ebfn nh\u1eefng tr\u1ea3i nghi\u1ec7m th\u00fa v\u1ecb v\u00e0 \u0111\u1ea7y \u1ea5n t\u01b0\u1ee3ng cho ng\u01b0\u1eddi s\u1eed d\u1ee5ng.<\/span><\/p>\n<h2 style=\"text-align: justify;\"><b>1. Th\u00f4ng s\u1ed1 s\u1ea3n ph\u1ea9m<\/b><\/h2>\n<table>\n<tbody>\n<tr>\n<td><span style=\"font-weight: 400;\">M\u00e3 s\u1ea3n ph\u1ea9m<\/span><\/td>\n<td><span style=\"font-weight: 400;\">RPG3060024S3 &#8211; RPG3060025S3 &#8211; RPG3060026S3 &#8211; RPG3060027S3\u00a0<\/span><\/td>\n<\/tr>\n<tr>\n<td><span style=\"font-weight: 400;\">BRANDS<\/span><\/td>\n<td><span style=\"font-weight: 400;\">G\u1ea1ch \u1ed1p l\u00e1t REFINA<\/span><\/td>\n<\/tr>\n<tr>\n<td><span style=\"font-weight: 400;\">Ph\u00e2n lo\u1ea1i<\/span><\/td>\n<td><span style=\"font-weight: 400;\">Ceramic tiles\u00a0<\/span><\/td>\n<\/tr>\n<tr>\n<td><span style=\"font-weight: 400;\">M\u00e0u s\u1eafc<\/span><\/td>\n<td><span style=\"font-weight: 400;\">M\u00e0u be tr\u1eafng n\u00e2u c\u00f9ng h\u1ecda ti\u1ebft b\u00ecnh hoa sinh \u0111\u1ed9ng, hoa tr\u1eafng s\u1ee9\u00a0<\/span><\/td>\n<\/tr>\n<tr>\n<td><span style=\"font-weight: 400;\">Sizes<\/span><\/td>\n<td><span style=\"font-weight: 400;\">300&#215;600 mm<\/span><\/td>\n<\/tr>\n<tr>\n<td><span style=\"font-weight: 400;\">\u0110\u1ed9 d\u00e0y<\/span><\/td>\n<td><span style=\"font-weight: 400;\">8,0 mm<\/span><\/td>\n<\/tr>\n<tr>\n<td><span style=\"font-weight: 400;\">MATERIALS\u00a0<\/span><\/td>\n<td><span style=\"font-weight: 400;\">Porcelain\u00a0<\/span><\/td>\n<\/tr>\n<tr>\n<td><span style=\"font-weight: 400;\">Surfaces<\/span><\/td>\n<td><span style=\"font-weight: 400;\">Glossy Glaze\u00a0<\/span><\/td>\n<\/tr>\n<tr>\n<td><span style=\"font-weight: 400;\">Outstanding features<\/span><\/td>\n<td>\n<ul>\n<li style=\"font-weight: 400;\" aria-level=\"1\"><span style=\"font-weight: 400;\">H\u1ecda ti\u1ebft s\u1eafc n\u00e9t, m\u1eabu m\u00e3 \u0111a d\u1ea1ng<\/span><\/li>\n<li style=\"font-weight: 400;\" aria-level=\"1\"><span style=\"font-weight: 400;\">B\u1ec1n b\u1ec9, c\u1ee9ng c\u00e1p, b\u1ea3o v\u1ec7 t\u01b0\u1eddng t\u1ed1t v\u00e0 tu\u1ed5i th\u1ecd cao<\/span><\/li>\n<li style=\"font-weight: 400;\" aria-level=\"1\"><span style=\"font-weight: 400;\">D\u1ec5 \u1ee9ng d\u1ee5ng, d\u1ec5 thi c\u00f4ng<\/span><\/li>\n<li style=\"font-weight: 400;\" aria-level=\"1\"><span style=\"font-weight: 400;\">Non-ignition, non-expansion<\/span><\/li>\n<li style=\"font-weight: 400;\" aria-level=\"1\"><span style=\"font-weight: 400;\">D\u1ec5 v\u1ec7 sinh, ch\u1ed1ng n\u1ea5m m\u1ed1c<\/span><\/li>\n<\/ul>\n<\/td>\n<\/tr>\n<tr>\n<td><span style=\"font-weight: 400;\">APPLICATIONS<\/span><\/td>\n<td><span style=\"font-weight: 400;\">\u0110a d\u1ea1ng, v\u00ed d\u1ee5 ki\u1ebfn tr\u00fac nh\u00e0 \u1ed1ng, khu chung c\u01b0, nh\u00e0 \u1edf cao c\u1ea5p, bi\u1ec7t th\u1ef1, ph\u00f2ng kh\u00e1ch\u2026<\/span><\/td>\n<\/tr>\n<\/tbody>\n<\/table>\n<h2><b style=\"text-align: justify;\">2. B\u1ed9 g\u1ea1ch \u1ed1p t\u01b0\u1eddng RPG3060024S3 &#8211; RPG3060025S3 &#8211; RPG3060026S3 &#8211; RPG3060027S3 &#8211; S\u1ef1 l\u1ef1a ch\u1ecdn ho\u00e0n h\u1ea3o cho m\u1ecdi c\u00f4ng tr\u00ecnh\u00a0<\/b><\/h2>\n<p style=\"text-align: justify;\"><span style=\"font-weight: 400;\">V\u1edbi thi\u1ebft k\u1ebf tinh t\u1ebf, ch\u1ea5t l\u01b0\u1ee3ng v\u01b0\u1ee3t tr\u1ed9i v\u00e0 kh\u1ea3 n\u0103ng \u1ee9ng d\u1ee5ng linh ho\u1ea1t, b\u1ed9 g\u1ea1ch \u1ed1p t\u01b0\u1eddng RPG3060024S3 &#8211; RPG3060025S3 &#8211; RPG3060026S3 &#8211; RPG3060027S3 ch\u1eafc ch\u1eafn s\u1ebd tr\u1edf th\u00e0nh \u0111i\u1ec3m nh\u1ea5n \u1ea5n t\u01b0\u1ee3ng cho b\u1ea5t k\u1ef3 kh\u00f4ng gian s\u1ed1ng n\u00e0o.<\/span><\/p>\n<figure id=\"attachment_30834\" aria-describedby=\"caption-attachment-30834\" style=\"width: 1024px\" class=\"wp-caption aligncenter\"><img fetchpriority=\"high\" decoding=\"async\" class=\"size-large wp-image-30834\" src=\"https:\/\/cmctiles.vn\/wp-content\/uploads\/2024\/07\/RPG3060024S3-025S3-26S3-27S311-1024x776.png\" alt=\"\" width=\"1024\" height=\"776\" title=\"\" srcset=\"https:\/\/cmctiles.vn\/wp-content\/uploads\/2024\/07\/RPG3060024S3-025S3-26S3-27S311-1024x776.png 1024w, https:\/\/cmctiles.vn\/wp-content\/uploads\/2024\/07\/RPG3060024S3-025S3-26S3-27S311-300x227.png 300w, https:\/\/cmctiles.vn\/wp-content\/uploads\/2024\/07\/RPG3060024S3-025S3-26S3-27S311-768x582.png 768w, https:\/\/cmctiles.vn\/wp-content\/uploads\/2024\/07\/RPG3060024S3-025S3-26S3-27S311-16x12.png 16w, https:\/\/cmctiles.vn\/wp-content\/uploads\/2024\/07\/RPG3060024S3-025S3-26S3-27S311-370x280.png 370w, https:\/\/cmctiles.vn\/wp-content\/uploads\/2024\/07\/RPG3060024S3-025S3-26S3-27S311-500x379.png 500w, https:\/\/cmctiles.vn\/wp-content\/uploads\/2024\/07\/RPG3060024S3-025S3-26S3-27S311.png 1238w\" sizes=\"(max-width: 1024px) 100vw, 1024px\" \/><figcaption id=\"caption-attachment-30834\" class=\"wp-caption-text\">B\u1ed9 g\u1ea1ch \u1ed1p t\u01b0\u1eddng RPG3060024S3 &#8211; RPG3060025S3 &#8211; RPG3060026S3 &#8211; RPG3060027S3<\/figcaption><\/figure>\n<h3 style=\"text-align: justify;\"><b>2.1. Thi\u1ebft k\u1ebf s\u1ed1ng \u0111\u1ed9ng \u0111\u1ea7y t\u00ednh ngh\u1ec7 thu\u1eadt\u00a0<\/b><\/h3>\n<p style=\"text-align: justify;\"><span style=\"font-weight: 400;\">B\u1ed9 g\u1ea1ch \u1ed1p t\u01b0\u1eddng RPG3060024S3 &#8211; RPG3060025S3 &#8211; RPG3060026S3 &#8211; RPG3060027S3 hi\u1ec7n l\u00ean nh\u01b0 m\u1ed9t b\u1ee9c tranh s\u01a1n m\u00e0i s\u1ed1ng \u0111\u1ed9ng. T\u00f4ng m\u00e0u be s\u00e1ng v\u00e0 n\u00e2u tr\u1ea7m \u0111an xen, k\u1ebft h\u1ee3p v\u1edbi h\u1ecda ti\u1ebft b\u00f4ng hoa tr\u1eafng s\u1ee9 nh\u1eb9 nh\u00e0ng nh\u01b0ng v\u01b0\u01a1n m\u00ecnh m\u1ea1nh m\u1ebd, t\u1ea1o n\u00ean m\u1ed9t kh\u00f4ng gian s\u1ed1ng v\u1eeba c\u1ed5 \u0111i\u1ec3n, v\u1eeba hi\u1ec7n \u0111\u1ea1i.\u00a0<\/span><\/p>\n<h3 style=\"text-align: justify;\"><b>2.2. Ch\u1ea5t l\u01b0\u1ee3ng \u01b0u vi\u1ec7t nh\u1edd v\u00e0o x\u01b0\u01a1ng g\u1ea1ch Porcelain<\/b><\/h3>\n<p style=\"text-align: justify;\"><span style=\"font-weight: 400;\">\u0110\u01b0\u1ee3c s\u1ea3n xu\u1ea5t t\u1eeb ch\u1ea5t li\u1ec7u porcelain cao c\u1ea5p, b\u1ec1 m\u1eb7t men b\u00f3ng, b\u1ed9 g\u1ea1ch \u1ed1p t\u01b0\u1eddng RPG3060024S3 &#8211; RPG3060025S3 &#8211; RPG3060026S3 &#8211; RPG3060027S3 s\u1edf h\u1eefu nh\u1eefng \u0111\u1eb7c t\u00ednh v\u01b0\u1ee3t tr\u1ed9i:<\/span><\/p>\n<ul style=\"text-align: justify;\">\n<li style=\"font-weight: 400;\" aria-level=\"1\"><b>Ch\u1ecbu l\u1ef1c t\u1ed1t:<\/b><span style=\"font-weight: 400;\"> \u0110\u1ed9 c\u1ee9ng c\u1ee7a b\u1ed9 g\u1ea1ch \u1ed1p t\u01b0\u1eddng RPG3060024S3 &#8211; RPG3060025S3 &#8211; RPG3060026S3 &#8211; RPG3060027S3 \u0111\u1ea1t m\u1ee9c 7 theo thang Mohs n\u00ean c\u00f3 kh\u1ea3 n\u0103ng ch\u1ed1ng tr\u1ea7y x\u01b0\u1edbc, ch\u1ed1ng m\u00e0i m\u00f2n c\u1ef1c cao, \u0111\u1ea3m b\u1ea3o b\u1ec1 m\u1eb7t g\u1ea1ch lu\u00f4n s\u00e1ng b\u00f3ng v\u00e0 nh\u01b0 m\u1edbi sau nhi\u1ec1u n\u0103m s\u1eed d\u1ee5ng.<\/span><\/li>\n<li style=\"font-weight: 400;\" aria-level=\"1\"><b>\u0110\u1ed9 h\u00fat n\u01b0\u1edbc g\u1ea7n nh\u01b0 b\u1eb1ng kh\u00f4ng: <\/b><span style=\"font-weight: 400;\">Nh\u1edd c\u00f3 x\u01b0\u01a1ng g\u1ea1ch porcelain n\u00ean b\u1ed9 g\u1ea1ch c\u00f3 ch\u1ec9 s\u1ed1 h\u00fat n\u01b0\u1edbc d\u01b0\u1edbi 0.5%, gi\u00fap b\u1ea3o v\u1ec7 t\u01b0\u1eddng nh\u00e0 gia ch\u1ee7 kh\u1ecfi \u1ea9m m\u1ed1c, n\u1ea5m m\u1ed1c, \u0111\u1ed3ng th\u1eddi t\u0103ng c\u01b0\u1eddng kh\u1ea3 n\u0103ng ch\u1ed1ng th\u1ea5m n\u01b0\u1edbc hi\u1ec7u qu\u1ea3.<\/span><\/li>\n<\/ul>\n<h3 style=\"text-align: justify;\"><b>2.3. Tr\u1ea3i nghi\u1ec7m ho\u00e0n h\u1ea3o cho Qu\u00fd kh\u00e1ch h\u00e0ng<\/b><\/h3>\n<p style=\"text-align: justify;\"><span style=\"font-weight: 400;\">V\u1edbi thi\u1ebft k\u1ebf tinh t\u1ebf, m\u00e0u s\u1eafc h\u00e0i h\u00f2a, b\u1ed9 g\u1ea1ch \u1ed1p t\u01b0\u1eddng RPG3060024S3 &#8211; RPG3060025S3 &#8211; RPG3060026S3 &#8211; RPG3060027S3 s\u1ebd t\u1ea1o \u0111i\u1ec3m nh\u1ea5n \u0111\u1ed9c \u0111\u00e1o cho m\u1ecdi kh\u00f4ng gian, t\u1eeb ph\u00f2ng kh\u00e1ch, ph\u00f2ng ng\u1ee7 \u0111\u1ebfn nh\u00e0 b\u1ebfp. B\u1ed9 g\u1ea1ch c\u00f3 th\u1ec3 d\u1ec5 d\u00e0ng k\u1ebft h\u1ee3p v\u1edbi nhi\u1ec1u phong c\u00e1ch n\u1ed9i th\u1ea5t kh\u00e1c nhau, t\u1eeb c\u1ed5 \u0111i\u1ec3n \u0111\u1ebfn hi\u1ec7n \u0111\u1ea1i, gi\u00fap b\u1ea1n t\u1ea1o n\u00ean m\u1ed9t kh\u00f4ng gian s\u1ed1ng mang \u0111\u1eadm d\u1ea5u \u1ea5n c\u00e1 nh\u00e2n.<\/span><\/p>\n<p style=\"text-align: justify;\"><span style=\"font-weight: 400;\">Tr\u00ean \u0111\u00e2y l\u00e0 nh\u1eefng \u0111\u1eb7c \u0111i\u1ec3m n\u1ed5i b\u1eadt v\u00e0 l\u01b0u \u00fd khi qu\u00fd kh\u00e1ch l\u1ef1a ch\u1ecdn v\u00e0 s\u1eed d\u1ee5ng b\u1ed9 g\u1ea1ch \u1ed1p t\u01b0\u1eddng RPG3060024S3 &#8211; RPG3060025S3 &#8211; RPG3060026S3 &#8211; RPG3060027S3. Hy v\u1ecdng b\u00e0i vi\u1ebft s\u1ebd gi\u00fap \u00edch cho qu\u00fd v\u1ecb \u0111\u1ec3 l\u1ef1a ch\u1ecdn \u0111\u01b0\u1ee3c s\u1ea3n ph\u1ea9m ph\u00f9 h\u1ee3p nh\u1ea5t v\u1edbi kh\u00f4ng gian v\u00e0 chi ph\u00ed c\u1ee7a gia \u0111\u00ecnh.\u00a0<\/span><\/p>\n<p style=\"text-align: justify;\"><span style=\"font-weight: 400;\">Vui l\u00f2ng \u0111\u1ec3 l\u1ea1i th\u00f4ng tin d\u01b0\u1edbi h\u1ed9p th\u01b0 d\u01b0\u1edbi \u0111\u00e2y n\u1ebfu qu\u00fd v\u1ecb c\u1ea7n gi\u1ea3i \u0111\u00e1p th\u1eafc m\u1eafc ho\u1eb7c nh\u1eadn s\u1ef1 t\u01b0 v\u1ea5n t\u1eeb chuy\u00ean gia c\u1ee7a CMC Tiles!<\/span><\/p>\n<p style=\"text-align: justify;\">","protected":false},"excerpt":{"rendered":"<p>V\u1edbi thi\u1ebft k\u1ebf \u0111\u1ed9c \u0111\u00e1o v\u00e0 sang tr\u1ecdng, b\u1ed9 g\u1ea1ch \u1ed1p t\u01b0\u1eddng RPG3060024S3 &#8211; RPG3060025S3 &#8211; RPG3060026S3 &#8211; RPG3060027S3, kh\u00f4ng ch\u1ec9 t\u00f4n vinh v\u1ebb \u0111\u1eb9p cho kh\u00f4ng gian s\u1ed1ng c\u1ee7a gia ch\u1ee7 m\u00e0 c\u00f2n \u0111\u1ea3m b\u1ea3o kh\u1ea3 n\u0103ng b\u1ea3o v\u1ec7 t\u01b0\u1eddng hi\u1ec7u qu\u1ea3 nh\u1edd v\u00e0o x\u01b0\u01a1ng g\u1ea1ch porcelain ch\u1eafc ch\u1eafn. S\u1ea3n ph\u1ea9m mang \u0111\u1ebfn nh\u1eefng [&hellip;]<\/p>\n","protected":false},"featured_media":31505,"comment_status":"open","ping_status":"closed","template":"","meta":[],"product_brand":[],"product_cat":[1076,1016,1135,1023,1134],"product_tag":[],"class_list":{"0":"post-30831","1":"product","2":"type-product","3":"status-publish","4":"has-post-thumbnail","6":"product_cat-gach-op-lat","7":"product_cat-gach-op","8":"product_cat-ngoi-trang-men-refina","9":"product_cat-porcelain","10":"product_cat-gach-op-lat-refina","12":"first","13":"instock","14":"taxable","15":"shipping-taxable","16":"purchasable","17":"product-type-simple"},"_links":{"self":[{"href":"https:\/\/cmctiles.vn\/en\/wp-json\/wp\/v2\/product\/30831","targetHints":{"allow":["GET"]}}],"collection":[{"href":"https:\/\/cmctiles.vn\/en\/wp-json\/wp\/v2\/product"}],"about":[{"href":"https:\/\/cmctiles.vn\/en\/wp-json\/wp\/v2\/types\/product"}],"replies":[{"embeddable":true,"href":"https:\/\/cmctiles.vn\/en\/wp-json\/wp\/v2\/comments?post=30831"}],"version-history":[{"count":2,"href":"https:\/\/cmctiles.vn\/en\/wp-json\/wp\/v2\/product\/30831\/revisions"}],"predecessor-version":[{"id":30836,"href":"https:\/\/cmctiles.vn\/en\/wp-json\/wp\/v2\/product\/30831\/revisions\/30836"}],"wp:featuredmedia":[{"embeddable":true,"href":"https:\/\/cmctiles.vn\/en\/wp-json\/wp\/v2\/media\/31505"}],"wp:attachment":[{"href":"https:\/\/cmctiles.vn\/en\/wp-json\/wp\/v2\/media?parent=30831"}],"wp:term":[{"taxonomy":"product_brand","embeddable":true,"href":"https:\/\/cmctiles.vn\/en\/wp-json\/wp\/v2\/product_brand?post=30831"},{"taxonomy":"product_cat","embeddable":true,"href":"https:\/\/cmctiles.vn\/en\/wp-json\/wp\/v2\/product_cat?post=30831"},{"taxonomy":"product_tag","embeddable":true,"href":"https:\/\/cmctiles.vn\/en\/wp-json\/wp\/v2\/product_tag?post=30831"}],"curies":[{"name":"wp","href":"https:\/\/api.w.org\/{rel}","templated":true}]}}