{"id":30742,"date":"2024-07-28T21:17:36","date_gmt":"2024-07-28T14:17:36","guid":{"rendered":"https:\/\/cmctiles.vn\/?post_type=product&#038;p=30742"},"modified":"2024-07-28T21:17:38","modified_gmt":"2024-07-28T14:17:38","slug":"gach-lat-nen-mau-xam-mang-ve-dep-co-dien-va-hien-dai-pcm3030055s3","status":"publish","type":"product","link":"https:\/\/cmctiles.vn\/en\/ceramic\/gach-lat-nen-mau-xam-mang-ve-dep-co-dien-va-hien-dai-pcm3030055s3.html","title":{"rendered":"G\u1ea1ch l\u00e1t n\u1ec1n m\u00e0u x\u00e1m mang v\u1ebb \u0111\u1eb9p c\u1ed5 \u0111i\u1ec3n v\u00e0 hi\u1ec7n \u0111\u1ea1i PCM3030055S3"},"content":{"rendered":"<p>L\u00e0 m\u1ed9t v\u00ed d\u1ee5 h\u1ebft s\u1ee9c ti\u00eau bi\u1ec3u cho kh\u1ea3 n\u0103ng s\u00e1ng t\u1ea1o v\u00e0 thi\u1ebft k\u1ebf tinh x\u1ea3o c\u1ee7a con ng\u01b0\u1eddi, g\u1ea1ch l\u00e1t n\u1ec1n <strong>PCM3030055S3<\/strong>\u00a0t\u00e1i hi\u1ec7n l\u1ea1i v\u1ebb \u0111\u1eb9p c\u1ee7a nh\u1eefng h\u1ecda ti\u1ebft Mosaic c\u1ed5 \u0111i\u1ec3n v\u1edbi nh\u1eefng\u00a0 h\u00ecnh thoi vu\u00f4ng v\u1ee9c v\u00e0 c\u00e1c v\u00e2n \u0111\u00e1 c\u1ea9m th\u1ea1ch in tr\u00ean b\u1ec1 m\u1eb7t g\u1ea1ch t\u1ea1o ra hi\u1ec7u \u1ee9ng hoa v\u0103n t\u1ef1 nhi\u00ean, tinh t\u1ebf, kh\u00f4ng qu\u00e1 c\u1ea7u k\u1ef3. S\u1ef1 \u0111an xen gi\u1eefa c\u00e1c t\u00f4ng m\u00e0u \u0111en, tr\u1eafng v\u00e0 x\u00e1m gi\u00fap m\u1eb7t g\u1ea1ch c\u00f3 \u0111\u1ed9 s\u00e2u v\u1ec1 c\u1ea3m gi\u00e1c th\u1ecb gi\u00e1c. G\u1ea1ch l\u00e1t n\u1ec1n <strong>PCM3030055S3<\/strong><strong>\u00a0<\/strong>mang \u0111\u1ebfn cho kh\u00f4ng gian v\u1ebb \u0111\u1eb9p m\u1edbi l\u1ea1, \u0111\u1ed9c \u0111\u00e1o v\u00e0 \u1ea5n t\u01b0\u1ee3ng.<\/p>\n<h2 class=\"wp-caption aligncenter\" style=\"text-align: justify;\" aria-describedby=\"caption-attachment-30711\"><b>1. Th\u00f4ng s\u1ed1 s\u1ea3n ph\u1ea9m<\/b><\/h2>\n<table style=\"width: 99.3695%; height: 555px;\" border=\"1\" cellpadding=\"10\">\n<tbody>\n<tr style=\"height: 25px;\">\n<td style=\"width: 24.817%; height: 25px;\">M\u00e3 s\u1ea3n ph\u1ea9m<\/td>\n<td style=\"width: 75.2955%; height: 25px;\"><strong>PCM3030055S3<\/strong><\/td>\n<\/tr>\n<tr style=\"height: 25px;\">\n<td style=\"width: 24.817%; height: 25px;\">BRANDS<\/td>\n<td style=\"width: 75.2955%; height: 25px;\">G\u1ea1ch \u1ed1p l\u00e1t Prato<\/td>\n<\/tr>\n<tr style=\"height: 25px;\">\n<td style=\"width: 24.817%; height: 25px;\">Ph\u00e2n lo\u1ea1i<\/td>\n<td style=\"width: 75.2955%; height: 25px;\">G\u1ea1ch l\u00e1t Ceramic<\/td>\n<\/tr>\n<tr style=\"height: 25px;\">\n<td style=\"width: 24.817%; height: 25px;\">M\u00e0u s\u1eafc<\/td>\n<td style=\"width: 75.2955%; height: 25px;\">M\u00e0u x\u00e1m t\u1ef1 nhi\u00ean h\u1ecda ti\u1ebft h\u00ecnh kh\u1ed1i<\/td>\n<\/tr>\n<tr style=\"height: 25px;\">\n<td style=\"width: 24.817%; height: 25px;\">Sizes<\/td>\n<td style=\"width: 75.2955%; height: 25px;\">300\u00d7300 mm<\/td>\n<\/tr>\n<tr style=\"height: 25px;\">\n<td style=\"width: 24.817%; height: 25px;\">\u0110\u1ed9 d\u00e0y<\/td>\n<td style=\"width: 75.2955%; height: 25px;\">8.5 (mm)<\/td>\n<\/tr>\n<tr style=\"height: 25px;\">\n<td style=\"width: 24.817%; height: 25px;\">MATERIALS<\/td>\n<td style=\"width: 75.2955%; height: 25px;\">Ceramic<\/td>\n<\/tr>\n<tr style=\"height: 25px;\">\n<td style=\"width: 24.817%; height: 25px;\">Surfaces<\/td>\n<td style=\"width: 75.2955%; height: 25px;\">Men matt<\/td>\n<\/tr>\n<tr style=\"height: 156px;\">\n<td style=\"width: 24.817%; height: 156px;\">Outstanding features<\/td>\n<td style=\"width: 75.2955%; height: 156px;\">\n<ul>\n<li aria-level=\"1\">High wear resistance<\/li>\n<li aria-level=\"1\">High-pressure resistance<\/li>\n<li aria-level=\"1\">Anti-acid, anti-slip<\/li>\n<li aria-level=\"1\">Non-ignition, non-expansion<\/li>\n<li aria-level=\"1\">Easy to clean, anti-bacterial, anti-mildew<\/li>\n<\/ul>\n<\/td>\n<\/tr>\n<tr style=\"height: 25px;\">\n<td style=\"width: 24.817%; height: 25px;\">APPLICATIONS<\/td>\n<td style=\"width: 75.2955%; height: 25px;\">\u0110a d\u1ea1ng, v\u00ed d\u1ee5 ki\u1ebfn tr\u00fac nh\u00e0 \u1ed1ng, khu chung c\u01b0, nh\u00e0 \u1edf cao c\u1ea5p, bi\u1ec7t th\u1ef1, ph\u00f2ng kh\u00e1ch, ph\u00f2ng t\u1eafm\u2026<\/td>\n<\/tr>\n<\/tbody>\n<\/table>\n<h2 style=\"text-align: justify;\"><b>2.<\/b><b> G\u1ea1ch l\u00e1t n\u1ec1n PCM3030055<strong>S3<\/strong> <\/b><b>\u2013 s\u1ef1 l\u1ef1a ch\u1ecdn ho\u00e0n h\u1ea3o cho m\u1ecdi c\u00f4ng tr\u00ecnh<\/b><\/h2>\n<figure id=\"attachment_30738\" aria-describedby=\"caption-attachment-30738\" style=\"width: 1024px\" class=\"wp-caption aligncenter\"><img fetchpriority=\"high\" decoding=\"async\" class=\"wp-image-30738 size-large\" src=\"https:\/\/cmctiles.vn\/wp-content\/uploads\/2024\/07\/PCM3030055S3-PC-1-1024x877.jpg\" alt=\"\" width=\"1024\" height=\"877\" title=\"\"><figcaption id=\"caption-attachment-30738\" class=\"wp-caption-text\">G\u1ea1ch l\u00e1t n\u1ec1n PCM3030055S3 chinh ph\u1ee5c c\u00e1c gia ch\u1ee7 b\u1eb1ng s\u1ef1 k\u1ebft h\u1ee3p h\u00e0i h\u00f2a gi\u1eefa m\u00e0u s\u1eafc v\u00e0 h\u1ecda ti\u1ebft<\/figcaption><\/figure>\n<figure id=\"attachment_30629\" class=\"wp-caption alignnone\" aria-describedby=\"caption-attachment-30629\">\n<p style=\"text-align: justify;\">\u0110\u01b0\u1ee3c s\u1ea3n xu\u1ea5t b\u1eb1ng ch\u1ea5t li\u1ec7u Ceramic cao c\u1ea5p v\u1edbi l\u1edbp x\u01b0\u01a1ng d\u00e0y d\u1eb7n, \u0111\u1ed9 c\u1ee9ng cao, ch\u1ecbu l\u1ef1c t\u1ed1t, kh\u1ea3 n\u0103ng in m\u00e0u v\u00e0 in h\u1ecda ti\u1ebft s\u1eafc n\u00e9t, g\u1ea1ch l\u00e1t n\u1ec1n<strong> PCM3030055S3<\/strong>\u00a0t\u1ea1o n\u00ean t\u1eeb c\u00f4ng ngh\u1ec7 nh\u00e1m, \u0111\u1ecbnh h\u00ecnh gi\u00fap ch\u1ed1ng tr\u01a1n tr\u01b0\u1ee3t \u01b0u vi\u1ec7t, \u0111\u1eb7c bi\u1ec7t an to\u00e0n v\u00e0 ph\u00f9 h\u1ee3p v\u1edbi nh\u1eefng kh\u00f4ng gian ngo\u1ea1i th\u1ea5t nh\u01b0 nh\u00e0 t\u1eafm , ban c\u00f4ng ho\u1eb7c s\u00e2n v\u01b0\u1eddn.<\/p>\n<h3 style=\"text-align: justify;\"><i>2.1. L\u1ea5y c\u1ea3m h\u1ee9ng thi\u1ebft k\u1ebf t\u1eeb h\u1ecda ti\u1ebft Mosaic<\/i><\/h3>\n<p style=\"text-align: justify;\">Floor Tiles<strong> PCM3030055S3<\/strong> l\u1ea5y c\u1ea3m h\u1ee9ng t\u1eeb nh\u1eefng h\u1ecda ti\u1ebft mosaic c\u1ed5 x\u01b0a, nh\u01b0ng \u0111\u00e3 \u0111\u01b0\u1ee3c hi\u1ec7n \u0111\u1ea1i h\u00f3a b\u1eb1ng c\u00e1ch s\u1eed d\u1ee5ng c\u00e1c h\u00ecnh h\u1ecdc \u0111\u01a1n gi\u1ea3n v\u00e0 m\u00e0u s\u1eafc t\u1ed1i gi\u1ea3n. <strong>PCM3030055S3<\/strong> tr\u1edf th\u00e0nh m\u1ed9t thi\u1ebft k\u1ebf hi\u1ec7n \u0111\u1ea1i, sang tr\u1ecdng v\u00e0 v\u1eabn g\u1eafn li\u1ec1n v\u1edbi truy\u1ec1n th\u1ed1ng, ph\u00f9 h\u1ee3p v\u1edbi kh\u00f4ng gian n\u1ed9i th\u1ea5t hi\u1ec7n \u0111\u1ea1i.<\/p>\n<h3 style=\"text-align: justify;\"><b><i>2.2. C\u00e1c t\u00ednh n\u0103ng v\u01b0\u1ee3t tr\u1ed9i v\u1edbi mong \u0111\u1ee3i<\/i><\/b><\/h3>\n<ul style=\"text-align: justify;\">\n<li aria-level=\"1\"><b>Ti\u1ec7n l\u1ee3i, an to\u00e0n cho gia ch\u1ee7: <\/b>Floor Tiles <strong>PCM3030055S3 <\/strong>l\u00e0 m\u1ed9t s\u1ea3n ph\u1ea9m thu\u1ed9c d\u00f2ng g\u1ea1ch Ceramic c\u00f3 kh\u1ea3 n\u0103ng ch\u1ed1ng tr\u01a1n tr\u01b0\u1ee3t t\u1ed1t, \u0111\u1ed9 c\u1ee9ng b\u1ec1 m\u1eb7t cao, ch\u1ed1ng tr\u1ea7y x\u01b0\u1edbc. Lu\u00f4n b\u1ec1n m\u00e0u v\u1edbi \u0111i\u1ec1u ki\u1ec7n kh\u1eafc nghi\u1ec7t c\u1ee7a m\u00f4i tr\u01b0\u1eddng, kh\u00f4ng lo b\u1ecb r\u1ea1n n\u1ee9t, bay m\u00e0u, \u1ed1 m\u00e0u.<\/li>\n<li aria-level=\"1\"><strong>D\u1ec5 \u1ee9ng d\u1ee5ng:<\/strong>\u00a0\u0110\u1ed9 c\u1ee9ng c\u1ee7a lo\u1ea1i g\u1ea1ch n\u00e0y v\u1eeba ph\u1ea3i n\u00ean g\u1ea1ch Ceramic r\u1ea5t \u0111\u01a1n gi\u1ea3n, thu\u1eadn ti\u1ec7n. Sau khi \u1ed1p, l\u00e1t cho m\u1ed9t v\u1ecb tr\u00ed v\u1eabn c\u00f3 th\u1ec3 d\u1ec5 d\u00e0ng khoan, c\u1eaft \u0111\u1ec3 trang tr\u00ed ho\u1eb7c l\u1eafp \u0111\u1eb7t c\u00e1c m\u00f3n \u0111\u1ed3 kh\u00e1c. \u0110\u1ed3ng th\u1eddi, g\u1ea1ch Ceramic kh\u00e1 nh\u1eb9 n\u00ean ph\u00f9 h\u1ee3p cho c\u1ea3 \u1ed1p l\u00e1t v\u00e0 \u1ed1p t\u01b0\u1eddng.<\/li>\n<li aria-level=\"1\"><strong>Gi\u00e1 c\u1ea3 ph\u1ea3i ch\u0103ng:<\/strong>\u00a0Trong r\u1ea5t nhi\u1ec1u c\u00e1c lo\u1ea1i g\u1ea1ch kh\u00e1c, Ceramic \u0111\u01b0\u1ee3c coi l\u00e0 c\u00f3 gi\u00e1 th\u00e0nh ph\u00f9 h\u1ee3p v\u1edbi kinh t\u1ebf c\u1ee7a nhi\u1ec1u gia \u0111\u00ecnh hi\u1ec7n nay.<\/li>\n<\/ul>\n<h2><b>3. L\u01b0u \u00fd khi ch\u1ecdn mua v\u00e0 s\u1eed d\u1ee5ng g\u1ea1ch l\u00e1t n\u1ec1n <strong>PCM3030055S3<\/strong><\/b><\/h2>\n<p style=\"text-align: justify;\">Qu\u00fd kh\u00e1ch vui l\u00f2ng l\u01b0u \u00fd nh\u1eefng \u0111i\u1ec1u sau \u0111\u1ec3 \u0111\u1ea3m b\u1ea3o t\u1ed1i \u0111a c\u00f4ng n\u0103ng v\u00e0 t\u00ednh th\u1ea9m m\u1ef9 c\u1ee7a s\u1ea3n ph\u1ea9m:<\/p>\n<ul style=\"text-align: justify;\">\n<li aria-level=\"1\"><b>M\u00e0u s\u1eafc h\u00e0i h\u00f2a:\u00a0<\/b>C\u00e2n \u0111\u1ed1i ch\u1ecdn m\u00e0u g\u1ea1ch ph\u00f9 h\u1ee3p v\u1edbi m\u00e0u s\u1eafc c\u1ee7a t\u1ed5ng th\u1ec3 ng\u00f4i nh\u00e0 v\u00e0 c\u00f4ng n\u0103ng s\u1eed d\u1ee5ng. Nh\u1eefng s\u1ea3n ph\u1ea9m g\u1ea1ch tone s\u00e1ng (tr\u1eafng, be, kem,..) ph\u00f9 h\u1ee3p v\u1edbi ph\u00f2ng nh\u1ecf v\u00ec gi\u00fap m\u1edf r\u1ed9ng kh\u00f4ng gian v\u00e0 h\u00fat s\u00e1ng; tone t\u1ed1i (\u0111en, tr\u1ea7m, n\u00e2u\u2026) ph\u00f9 h\u1ee3p v\u1edbi kh\u00f4ng gian r\u1ed9ng, phong c\u00e1ch ki\u1ebfn tr\u00fac c\u1ed5 \u0111i\u1ec3n, t\u00e2n c\u1ed5 \u0111i\u1ec3n.<\/li>\n<li aria-level=\"1\"><b>Kh\u00f4ng gian ph\u00f9 h\u1ee3p:\u00a0<\/b>v\u1edbi k\u00edch th\u01b0\u1edbc h\u1ee3p l\u00fd, ph\u1ee7 men matt, tone m\u00e0u t\u1ed1i gi\u1ea3n v\u00e0 h\u1ecda ti\u1ebft h\u00ecnh kh\u1ed1i, g\u1ea1ch l\u00e1t n\u1ec1n <strong>PCM3030055S3<\/strong><b><strong>\u00a0<\/strong><\/b>l\u00e0 s\u1ef1 l\u1ef1a ch\u1ecdn ho\u00e0n h\u1ea3o cho nhi\u1ec1u kh\u00f4ng gian nh\u01b0 ph\u00f2ng kh\u00e1ch, ph\u00f2ng ng\u1ee7\u2026\u1ee9ng d\u1ee5ng linh ho\u1ea1t c\u1ea3 l\u00e1t n\u1ec1n v\u00e0 \u1ed1p t\u01b0\u1eddng<\/li>\n<li aria-level=\"1\"><b>S\u1eed d\u1ee5ng \u0111\u00fang c\u00e1ch:<\/b>\u00a0\u0110\u1ea3m b\u1ea3o quy tr\u00ecnh thi c\u00f4ng khoa h\u1ecdc v\u00e0 h\u1ea1n ch\u1ebf d\u00f9ng v\u1eadt nh\u1ecdn t\u00e1c \u0111\u1ed9ng l\u00ean b\u1ec1 m\u1eb7t g\u1ea1ch<\/li>\n<\/ul>\n<p style=\"text-align: justify;\">Tr\u00ean \u0111\u00e2y l\u00e0 nh\u1eefng \u0111\u1eb7c \u0111i\u1ec3m n\u1ed5i b\u1eadt v\u00e0 l\u01b0u \u00fd khi qu\u00fd kh\u00e1ch l\u1ef1a ch\u1ecdn v\u00e0 s\u1eed d\u1ee5ng g\u1ea1ch l\u00e1t n\u1ec1n <strong>PCM3030055S3<\/strong><b><strong>. <\/strong><\/b>Hy v\u1ecdng b\u00e0i vi\u1ebft s\u1ebd gi\u00fap \u00edch cho qu\u00fd v\u1ecb \u0111\u1ec3 l\u1ef1a ch\u1ecdn \u0111\u01b0\u1ee3c s\u1ea3n ph\u1ea9m ph\u00f9 h\u1ee3p nh\u1ea5t v\u1edbi kh\u00f4ng gian v\u00e0 chi ph\u00ed c\u1ee7a gia \u0111\u00ecnh.<\/p>\n<p style=\"text-align: justify;\"><i>Vui l\u00f2ng \u0111\u1ec3 l\u1ea1i th\u00f4ng tin d\u01b0\u1edbi h\u1ed9p th\u01b0 d\u01b0\u1edbi \u0111\u00e2y n\u1ebfu qu\u00fd v\u1ecb c\u1ea7n gi\u1ea3i \u0111\u00e1p th\u1eafc m\u1eafc ho\u1eb7c nh\u1eadn s\u1ef1 t\u01b0 v\u1ea5n t\u1eeb chuy\u00ean gia c\u1ee7a CMC Tiles!<\/i><\/p>\n<\/figure>\n<p>&nbsp;<\/p>\n<figure id=\"attachment_30629\" class=\"wp-caption alignnone\" aria-describedby=\"caption-attachment-30629\">\n<p style=\"text-align: left;\">\n<\/figure>","protected":false},"excerpt":{"rendered":"<p>L\u00e0 m\u1ed9t v\u00ed d\u1ee5 h\u1ebft s\u1ee9c ti\u00eau bi\u1ec3u cho kh\u1ea3 n\u0103ng s\u00e1ng t\u1ea1o v\u00e0 thi\u1ebft k\u1ebf tinh x\u1ea3o c\u1ee7a con ng\u01b0\u1eddi, g\u1ea1ch l\u00e1t n\u1ec1n PCM3030055S3\u00a0t\u00e1i hi\u1ec7n l\u1ea1i v\u1ebb \u0111\u1eb9p c\u1ee7a nh\u1eefng h\u1ecda ti\u1ebft Mosaic c\u1ed5 \u0111i\u1ec3n v\u1edbi nh\u1eefng\u00a0 h\u00ecnh thoi vu\u00f4ng v\u1ee9c v\u00e0 c\u00e1c v\u00e2n \u0111\u00e1 c\u1ea9m th\u1ea1ch in tr\u00ean b\u1ec1 m\u1eb7t g\u1ea1ch t\u1ea1o ra [&hellip;]<\/p>\n","protected":false},"featured_media":30750,"comment_status":"open","ping_status":"closed","template":"","meta":[],"product_brand":[],"product_cat":[1009,1015,1083,1016,1076,1092],"product_tag":[],"class_list":{"0":"post-30742","1":"product","2":"type-product","3":"status-publish","4":"has-post-thumbnail","6":"product_cat-ceramic","7":"product_cat-gach-lat","8":"product_cat-gach-lat-nen-van-da","9":"product_cat-gach-op","10":"product_cat-gach-op-lat","11":"product_cat-gach-op-lat-prato","13":"first","14":"instock","15":"taxable","16":"shipping-taxable","17":"purchasable","18":"product-type-simple"},"_links":{"self":[{"href":"https:\/\/cmctiles.vn\/en\/wp-json\/wp\/v2\/product\/30742","targetHints":{"allow":["GET"]}}],"collection":[{"href":"https:\/\/cmctiles.vn\/en\/wp-json\/wp\/v2\/product"}],"about":[{"href":"https:\/\/cmctiles.vn\/en\/wp-json\/wp\/v2\/types\/product"}],"replies":[{"embeddable":true,"href":"https:\/\/cmctiles.vn\/en\/wp-json\/wp\/v2\/comments?post=30742"}],"version-history":[{"count":1,"href":"https:\/\/cmctiles.vn\/en\/wp-json\/wp\/v2\/product\/30742\/revisions"}],"predecessor-version":[{"id":30751,"href":"https:\/\/cmctiles.vn\/en\/wp-json\/wp\/v2\/product\/30742\/revisions\/30751"}],"wp:featuredmedia":[{"embeddable":true,"href":"https:\/\/cmctiles.vn\/en\/wp-json\/wp\/v2\/media\/30750"}],"wp:attachment":[{"href":"https:\/\/cmctiles.vn\/en\/wp-json\/wp\/v2\/media?parent=30742"}],"wp:term":[{"taxonomy":"product_brand","embeddable":true,"href":"https:\/\/cmctiles.vn\/en\/wp-json\/wp\/v2\/product_brand?post=30742"},{"taxonomy":"product_cat","embeddable":true,"href":"https:\/\/cmctiles.vn\/en\/wp-json\/wp\/v2\/product_cat?post=30742"},{"taxonomy":"product_tag","embeddable":true,"href":"https:\/\/cmctiles.vn\/en\/wp-json\/wp\/v2\/product_tag?post=30742"}],"curies":[{"name":"wp","href":"https:\/\/api.w.org\/{rel}","templated":true}]}}