{"id":30647,"date":"2024-07-24T10:07:08","date_gmt":"2024-07-24T03:07:08","guid":{"rendered":"https:\/\/cmctiles.vn\/?post_type=product&#038;p=30647"},"modified":"2024-07-24T14:33:08","modified_gmt":"2024-07-24T07:33:08","slug":"gach-op-lat-ghi-sang-tai-hien-tron-ven-ve-dep-an-tuong-cua-da-marble-rpg8080126s3","status":"publish","type":"product","link":"https:\/\/cmctiles.vn\/en\/gach-op-lat\/gach-lat\/gach-op-lat-ghi-sang-tai-hien-tron-ven-ve-dep-an-tuong-cua-da-marble-rpg8080126s3.html","title":{"rendered":"G\u1ea1ch \u1ed1p l\u00e1t ghi s\u00e1ng t\u00e1i hi\u1ec7n tr\u1ecdn v\u1eb9n v\u1ebb \u0111\u1eb9p \u1ea5n t\u01b0\u1ee3ng c\u1ee7a \u0111\u00e1 marble RPG8080126S3"},"content":{"rendered":"<p style=\"text-align: justify;\"><span style=\"font-weight: 400;\">L\u1ea5y c\u1ea3m h\u1ee9ng t\u1eeb v\u1ebb \u0111\u1eb9p \u1ea5n t\u01b0\u1ee3ng c\u1ee7a d\u00f2ng \u0111\u00e1 marble t\u1ef1 nhi\u00ean, g\u1ea1ch \u1ed1p l\u00e1t RPG8080126S3 t\u1ea1o n\u00ean kh\u00f4ng gian n\u1ed9i th\u1ea5t mang tinh th\u1ea7n ph\u00f3ng kho\u00e1ng v\u00e0 sang tr\u1ecdng, ph\u00f9 h\u1ee3p v\u1edbi nhi\u1ec1u phong c\u00e1ch ki\u1ebfn tr\u00fac t\u1eeb c\u1ed5 \u0111i\u1ec3n \u0111\u1ebfn hi\u1ec7n \u0111\u1ea1i.<\/span><\/p>\n<figure id=\"attachment_30651\" aria-describedby=\"caption-attachment-30651\" style=\"width: 1024px\" class=\"wp-caption aligncenter\"><img fetchpriority=\"high\" decoding=\"async\" class=\"size-large wp-image-30651\" src=\"https:\/\/cmctiles.vn\/wp-content\/uploads\/2024\/07\/RPG6060126S3-Face2-1024x1024.jpg\" alt=\"\" width=\"1024\" height=\"1024\" title=\"\" srcset=\"https:\/\/cmctiles.vn\/wp-content\/uploads\/2024\/07\/RPG6060126S3-Face2-1024x1024.jpg 1024w, https:\/\/cmctiles.vn\/wp-content\/uploads\/2024\/07\/RPG6060126S3-Face2-300x300.jpg 300w, https:\/\/cmctiles.vn\/wp-content\/uploads\/2024\/07\/RPG6060126S3-Face2-150x150.jpg 150w, https:\/\/cmctiles.vn\/wp-content\/uploads\/2024\/07\/RPG6060126S3-Face2-768x768.jpg 768w, https:\/\/cmctiles.vn\/wp-content\/uploads\/2024\/07\/RPG6060126S3-Face2-1536x1536.jpg 1536w, https:\/\/cmctiles.vn\/wp-content\/uploads\/2024\/07\/RPG6060126S3-Face2-2048x2048.jpg 2048w, https:\/\/cmctiles.vn\/wp-content\/uploads\/2024\/07\/RPG6060126S3-Face2-12x12.jpg 12w, https:\/\/cmctiles.vn\/wp-content\/uploads\/2024\/07\/RPG6060126S3-Face2-280x280.jpg 280w, https:\/\/cmctiles.vn\/wp-content\/uploads\/2024\/07\/RPG6060126S3-Face2-600x600.jpg 600w, https:\/\/cmctiles.vn\/wp-content\/uploads\/2024\/07\/RPG6060126S3-Face2-500x500.jpg 500w, https:\/\/cmctiles.vn\/wp-content\/uploads\/2024\/07\/RPG6060126S3-Face2-100x100.jpg 100w\" sizes=\"(max-width: 1024px) 100vw, 1024px\" \/><figcaption id=\"caption-attachment-30651\" class=\"wp-caption-text\">G\u1ea1ch \u1ed1p l\u00e1t RPG8080126S3 s\u1edf h\u1eefu thi\u1ebft k\u1ebf sang tr\u1ecdng v\u00e0 tinh t\u1ebf<\/figcaption><\/figure>\n<h2 style=\"text-align: justify;\"><b>1. Th\u00f4ng s\u1ed1 s\u1ea3n ph\u1ea9m\u00a0<\/b><\/h2>\n<table>\n<tbody>\n<tr>\n<td><span style=\"font-weight: 400;\">M\u00e3 s\u1ea3n ph\u1ea9m<\/span><\/td>\n<td><span style=\"font-weight: 400;\">RPG8080126S3<\/span><\/td>\n<\/tr>\n<tr>\n<td><span style=\"font-weight: 400;\">BRANDS<\/span><\/td>\n<td><span style=\"font-weight: 400;\">G\u1ea1ch \u1ed1p l\u00e1t REFINA<\/span><\/td>\n<\/tr>\n<tr>\n<td><span style=\"font-weight: 400;\">Ph\u00e2n lo\u1ea1i<\/span><\/td>\n<td><span style=\"font-weight: 400;\">Ceramic tiles<\/span><\/td>\n<\/tr>\n<tr>\n<td><span style=\"font-weight: 400;\">M\u00e0u s\u1eafc<\/span><\/td>\n<td><span style=\"font-weight: 400;\">M\u00e0u ghi s\u00e1ng v\u00e2n \u0111\u00e1\u00a0<\/span><\/td>\n<\/tr>\n<tr>\n<td><span style=\"font-weight: 400;\">Sizes<\/span><\/td>\n<td><span style=\"font-weight: 400;\">800&#215;800 mm<\/span><\/td>\n<\/tr>\n<tr>\n<td><span style=\"font-weight: 400;\">\u0110\u1ed9 d\u00e0y<\/span><\/td>\n<td><span style=\"font-weight: 400;\">9,3 mm<\/span><\/td>\n<\/tr>\n<tr>\n<td><span style=\"font-weight: 400;\">MATERIALS\u00a0<\/span><\/td>\n<td><span style=\"font-weight: 400;\">Porcelain<\/span><\/td>\n<\/tr>\n<tr>\n<td><span style=\"font-weight: 400;\">Surfaces<\/span><\/td>\n<td><span style=\"font-weight: 400;\">Glossy Glaze<\/span><\/td>\n<\/tr>\n<tr>\n<td><span style=\"font-weight: 400;\">Outstanding features<\/span><\/td>\n<td>\n<ul>\n<li style=\"font-weight: 400;\" aria-level=\"1\"><span style=\"font-weight: 400;\">H\u1ecda ti\u1ebft s\u1eafc n\u00e9t, m\u1eabu m\u00e3 \u0111a d\u1ea1ng<\/span><\/li>\n<li style=\"font-weight: 400;\" aria-level=\"1\"><span style=\"font-weight: 400;\">B\u1ec1n b\u1ec9, c\u1ee9ng c\u00e1p, b\u1ea3o v\u1ec7 t\u01b0\u1eddng t\u1ed1t v\u00e0 tu\u1ed5i th\u1ecd cao<\/span><\/li>\n<li style=\"font-weight: 400;\" aria-level=\"1\"><span style=\"font-weight: 400;\">D\u1ec5 \u1ee9ng d\u1ee5ng, d\u1ec5 thi c\u00f4ng<\/span><\/li>\n<li style=\"font-weight: 400;\" aria-level=\"1\"><span style=\"font-weight: 400;\">Non-ignition, non-expansion<\/span><\/li>\n<li style=\"font-weight: 400;\" aria-level=\"1\"><span style=\"font-weight: 400;\">D\u1ec5 v\u1ec7 sinh, ch\u1ed1ng n\u1ea5m m\u1ed1c<\/span><\/li>\n<\/ul>\n<\/td>\n<\/tr>\n<tr>\n<td><span style=\"font-weight: 400;\">APPLICATIONS<\/span><\/td>\n<td><span style=\"font-weight: 400;\">\u0110a d\u1ea1ng, v\u00ed d\u1ee5 ki\u1ebfn tr\u00fac nh\u00e0 \u1ed1ng, khu chung c\u01b0, nh\u00e0 \u1edf cao c\u1ea5p, bi\u1ec7t th\u1ef1, ph\u00f2ng kh\u00e1ch\u2026<\/span><\/td>\n<\/tr>\n<\/tbody>\n<\/table>\n<h2 style=\"text-align: justify;\"><b>2. RPG8080126S3 &#8211; D\u00f2ng s\u1ea3n ph\u1ea9m cao c\u1ea5p c\u1ee7a CMC\u00a0<\/b><\/h2>\n<p style=\"text-align: justify;\"><span style=\"font-weight: 400;\">Thu\u1ed9c ph\u00e2n kh\u00fac s\u1ea3n ph\u1ea9m cao c\u1ea5p c\u1ee7a CMC, s\u1ea3n ph\u1ea9m RPG8080126S3 \u0111\u01b0\u1ee3c coi l\u00e0 m\u1ed9t tuy\u1ec7t t\u00e1c c\u1ee7a g\u1ea1ch \u1ed1p l\u00e1t, kh\u00f4ng ch\u1ec9 mang t\u00ednh th\u1ea9m m\u1ef9 cao m\u00e0 c\u00f2n s\u1edf h\u1eefu ch\u1ea5t l\u01b0\u1ee3ng v\u01b0\u1ee3t tr\u1ed9i, \u0111\u00e1p \u1ee9ng m\u1ecdi nhu c\u1ea7u c\u1ee7a gia ch\u1ee7.<\/span><\/p>\n<figure id=\"attachment_30650\" aria-describedby=\"caption-attachment-30650\" style=\"width: 1024px\" class=\"wp-caption aligncenter\"><img decoding=\"async\" class=\"size-large wp-image-30650\" src=\"https:\/\/cmctiles.vn\/wp-content\/uploads\/2024\/07\/RPG6060126S3-3Face-PC-1-1024x691.jpg\" alt=\"\" width=\"1024\" height=\"691\" title=\"\" srcset=\"https:\/\/cmctiles.vn\/wp-content\/uploads\/2024\/07\/RPG6060126S3-3Face-PC-1-1024x691.jpg 1024w, https:\/\/cmctiles.vn\/wp-content\/uploads\/2024\/07\/RPG6060126S3-3Face-PC-1-300x203.jpg 300w, https:\/\/cmctiles.vn\/wp-content\/uploads\/2024\/07\/RPG6060126S3-3Face-PC-1-768x518.jpg 768w, https:\/\/cmctiles.vn\/wp-content\/uploads\/2024\/07\/RPG6060126S3-3Face-PC-1-1536x1037.jpg 1536w, https:\/\/cmctiles.vn\/wp-content\/uploads\/2024\/07\/RPG6060126S3-3Face-PC-1-2048x1382.jpg 2048w, https:\/\/cmctiles.vn\/wp-content\/uploads\/2024\/07\/RPG6060126S3-3Face-PC-1-18x12.jpg 18w, https:\/\/cmctiles.vn\/wp-content\/uploads\/2024\/07\/RPG6060126S3-3Face-PC-1-400x270.jpg 400w, https:\/\/cmctiles.vn\/wp-content\/uploads\/2024\/07\/RPG6060126S3-3Face-PC-1-500x338.jpg 500w\" sizes=\"(max-width: 1024px) 100vw, 1024px\" \/><figcaption id=\"caption-attachment-30650\" class=\"wp-caption-text\"><span style=\"font-weight: 400;\">RPG8080126S3 <\/span> l\u00e0 m\u1ed9t trong hai s\u1ea3n ph\u1ea9m thu\u1ed9c thi\u1ebft k\u1ebf combo g\u1ea1ch \u1ed1p l\u00e1t k\u00edch th\u01b0\u1edbc 600x600mm v\u00e0 800x800mm<\/figcaption><\/figure>\n<h3 style=\"text-align: justify;\"><b>2.1.Thi\u1ebft k\u1ebf sang tr\u1ecdng t\u1eeb nh\u1eefng \u0111\u01b0\u1eddng v\u00e2n \u0111\u00e1 marble\u00a0<\/b><\/h3>\n<p style=\"text-align: justify;\"><span style=\"font-weight: 400;\">G\u1ea1ch \u1ed1p l\u00e1t RPG8080126S3 s\u1edf h\u1eefu thi\u1ebft k\u1ebf v\u00e2n \u0111\u00e1 marble tinh t\u1ebf, t\u00e1i hi\u1ec7n tr\u1ecdn v\u1eb9n v\u1ebb \u0111\u1eb9p c\u1ee7a d\u00f2ng \u0111\u00e1 n\u00e0y trong t\u1ef1 nhi\u00ean. K\u1ebft h\u1ee3p c\u00f9ng gam m\u00e0u tr\u1eafng ch\u1ee7 \u0111\u1ea1o, s\u1ea3n ph\u1ea9m g\u1ea1ch RPG8080126S3 nh\u01b0 \u0111\u01b0a c\u1ea3 thi\u00ean nhi\u00ean v\u00e0o trong kh\u00f4ng gian s\u1ed1ng c\u1ee7a gia ch\u1ee7.<\/span><\/p>\n<h3 style=\"text-align: justify;\"><b>2.2. Ch\u1ea5t l\u01b0\u1ee3ng v\u01b0\u1ee3t tr\u1ed9i c\u1ee7a g\u1ea1ch RPG8080126S3<\/b><\/h3>\n<p style=\"text-align: justify;\"><span style=\"font-weight: 400;\">G\u1ea1ch \u1ed1p l\u00e1t RPG8080126S3 \u0111\u01b0\u1ee3c l\u00e0m t\u1eeb ch\u1ea5t li\u1ec7u porcelain cao c\u1ea5p. Nh\u1edd v\u00e0o k\u1ebft c\u1ea5u x\u01b0\u01a1ng \u00edt l\u1ed7 h\u1ed5ng, l\u1ea1i \u0111\u01b0\u1ee3c nung \u1edf nhi\u1ec7t \u0111\u1ed9 l\u00ean t\u1edbi 1200 \u0111\u1ed9 C n\u00ean s\u1ea3n ph\u1ea9m c\u00f3 \u0111\u1ed9 b\u1ec1n cao, ch\u1ecbu l\u1ef1c t\u1ed1t, ch\u1ed1ng th\u1ea5m h\u00fat n\u01b0\u1edbc hi\u1ec7u qu\u1ea3. B\u1ec1 m\u1eb7t men b\u00f3ng cao c\u1ea5p gi\u00fap t\u0103ng \u0111\u1ed9 s\u00e1ng b\u00f3ng cho kh\u00f4ng gian, t\u1ea1o n\u00ean hi\u1ec7u \u1ee9ng th\u1ecb gi\u00e1c thu h\u00fat m\u1ecdi \u00e1nh nh\u00ecn.\u00a0<\/span><\/p>\n<h3 style=\"text-align: justify;\"><b>2.3. Tr\u1ea3i nghi\u1ec7m \u0111\u1eb3ng c\u1ea5p cho ng\u01b0\u1eddi d\u00f9ng\u00a0<\/b><\/h3>\n<p style=\"text-align: justify;\"><span style=\"font-weight: 400;\">G\u1ea1ch \u1ed1p l\u00e1t RPG8080126S3 mang \u0111\u1ebfn cho gia ch\u1ee7 m\u1ed9t kh\u00f4ng gian sang tr\u1ecdng v\u00e0 \u0111\u1eb3ng c\u1ea5p. B\u1ec1 m\u1eb7t g\u1ea1ch ph\u1eb3ng m\u1ecbn t\u1ea1o c\u1ea3m gi\u00e1c tho\u1ea3i m\u00e1i v\u00e0 th\u01b0 gi\u00e3n cho gia ch\u1ee7 khi di chuy\u1ec3n sau m\u1ed9t ng\u00e0y l\u00e0m vi\u1ec7c m\u1ec7t m\u1ecfi tr\u1edf v\u1ec1. K\u00edch th\u01b0\u1edbc g\u1ea1ch 800x800mm c\u0169ng gi\u00fap gia ch\u1ee7 \u0111a d\u1ea1ng kh\u00f4ng gian \u1ed1p l\u00e1t g\u1ea1ch, c\u00f3 th\u1ec3 \u1ee9ng d\u1ee5ng kh\u00f4ng ch\u1ec9 trong ph\u00f2ng kh\u00e1ch m\u00e0 c\u00f2n ph\u00f2ng \u0103n, ph\u00f2ng t\u1eafm\u2026<\/span><\/p>\n<p style=\"text-align: justify;\"><span style=\"font-weight: 400;\">Tr\u00ean \u0111\u00e2y l\u00e0 nh\u1eefng \u0111\u1eb7c \u0111i\u1ec3m n\u1ed5i b\u1eadt v\u00e0 l\u01b0u \u00fd khi Qu\u00fd kh\u00e1ch l\u1ef1a ch\u1ecdn v\u00e0 s\u1eed d\u1ee5ng g\u1ea1ch \u1ed1p l\u00e1t RPG8080126S3. Hy v\u1ecdng b\u00e0i vi\u1ebft s\u1ebd gi\u00fap \u00edch cho qu\u00fd v\u1ecb \u0111\u1ec3 l\u1ef1a ch\u1ecdn \u0111\u01b0\u1ee3c s\u1ea3n ph\u1ea9m ph\u00f9 h\u1ee3p nh\u1ea5t v\u1edbi kh\u00f4ng gian v\u00e0 chi ph\u00ed c\u1ee7a gia \u0111\u00ecnh.\u00a0<\/span><\/p>\n<p style=\"text-align: justify;\"><span style=\"font-weight: 400;\">Vui l\u00f2ng \u0111\u1ec3 l\u1ea1i th\u00f4ng tin d\u01b0\u1edbi h\u1ed9p th\u01b0 d\u01b0\u1edbi \u0111\u00e2y n\u1ebfu qu\u00fd v\u1ecb c\u1ea7n gi\u1ea3i \u0111\u00e1p th\u1eafc m\u1eafc ho\u1eb7c nh\u1eadn s\u1ef1 t\u01b0 v\u1ea5n t\u1eeb chuy\u00ean gia c\u1ee7a CMC Tiles!<\/span><\/p>","protected":false},"excerpt":{"rendered":"<p>L\u1ea5y c\u1ea3m h\u1ee9ng t\u1eeb v\u1ebb \u0111\u1eb9p \u1ea5n t\u01b0\u1ee3ng c\u1ee7a d\u00f2ng \u0111\u00e1 marble t\u1ef1 nhi\u00ean, g\u1ea1ch \u1ed1p l\u00e1t RPG8080126S3 t\u1ea1o n\u00ean kh\u00f4ng gian n\u1ed9i th\u1ea5t mang tinh th\u1ea7n ph\u00f3ng kho\u00e1ng v\u00e0 sang tr\u1ecdng, ph\u00f9 h\u1ee3p v\u1edbi nhi\u1ec1u phong c\u00e1ch ki\u1ebfn tr\u00fac t\u1eeb c\u1ed5 \u0111i\u1ec3n \u0111\u1ebfn hi\u1ec7n \u0111\u1ea1i. 1. Th\u00f4ng s\u1ed1 s\u1ea3n ph\u1ea9m\u00a0 M\u00e3 s\u1ea3n ph\u1ea9m RPG8080126S3 [&hellip;]<\/p>\n","protected":false},"featured_media":30651,"comment_status":"open","ping_status":"closed","template":"","meta":[],"product_brand":[],"product_cat":[1015,1083,1076,1023,1134],"product_tag":[],"class_list":{"0":"post-30647","1":"product","2":"type-product","3":"status-publish","4":"has-post-thumbnail","6":"product_cat-gach-lat","7":"product_cat-gach-lat-nen-van-da","8":"product_cat-gach-op-lat","9":"product_cat-porcelain","10":"product_cat-gach-op-lat-refina","12":"first","13":"instock","14":"taxable","15":"shipping-taxable","16":"purchasable","17":"product-type-simple"},"_links":{"self":[{"href":"https:\/\/cmctiles.vn\/en\/wp-json\/wp\/v2\/product\/30647","targetHints":{"allow":["GET"]}}],"collection":[{"href":"https:\/\/cmctiles.vn\/en\/wp-json\/wp\/v2\/product"}],"about":[{"href":"https:\/\/cmctiles.vn\/en\/wp-json\/wp\/v2\/types\/product"}],"replies":[{"embeddable":true,"href":"https:\/\/cmctiles.vn\/en\/wp-json\/wp\/v2\/comments?post=30647"}],"version-history":[{"count":2,"href":"https:\/\/cmctiles.vn\/en\/wp-json\/wp\/v2\/product\/30647\/revisions"}],"predecessor-version":[{"id":30689,"href":"https:\/\/cmctiles.vn\/en\/wp-json\/wp\/v2\/product\/30647\/revisions\/30689"}],"wp:featuredmedia":[{"embeddable":true,"href":"https:\/\/cmctiles.vn\/en\/wp-json\/wp\/v2\/media\/30651"}],"wp:attachment":[{"href":"https:\/\/cmctiles.vn\/en\/wp-json\/wp\/v2\/media?parent=30647"}],"wp:term":[{"taxonomy":"product_brand","embeddable":true,"href":"https:\/\/cmctiles.vn\/en\/wp-json\/wp\/v2\/product_brand?post=30647"},{"taxonomy":"product_cat","embeddable":true,"href":"https:\/\/cmctiles.vn\/en\/wp-json\/wp\/v2\/product_cat?post=30647"},{"taxonomy":"product_tag","embeddable":true,"href":"https:\/\/cmctiles.vn\/en\/wp-json\/wp\/v2\/product_tag?post=30647"}],"curies":[{"name":"wp","href":"https:\/\/api.w.org\/{rel}","templated":true}]}}