{"id":30609,"date":"2024-07-23T23:09:55","date_gmt":"2024-07-23T16:09:55","guid":{"rendered":"https:\/\/cmctiles.vn\/?post_type=product&#038;p=30609"},"modified":"2024-07-23T23:19:00","modified_gmt":"2024-07-23T16:19:00","slug":"gach-lat-nen-dinh-hinh-hoa-tiet-hinh-hoc-doc-dao-pt30002","status":"publish","type":"product","link":"https:\/\/cmctiles.vn\/en\/ceramic\/gach-lat-nen-dinh-hinh-hoa-tiet-hinh-hoc-doc-dao-pt30002.html","title":{"rendered":"G\u1ea1ch l\u00e1t n\u1ec1n \u0111\u1ecbnh h\u00ecnh h\u1ecda ti\u1ebft h\u00ecnh h\u1ecdc \u0111\u1ed9c \u0111\u00e1o PT30002"},"content":{"rendered":"<p>L\u00e0 m\u1ed9t v\u00ed d\u1ee5 \u0111i\u1ec3n h\u00ecnh v\u1ec1 s\u1ef1 ph\u00e1t tri\u1ec3n c\u1ee7a ng\u00e0nh c\u00f4ng nghi\u1ec7p v\u1eadt li\u1ec7u x\u00e2y d\u1ef1ng hi\u1ec7n \u0111\u1ea1i, g\u1ea1ch l\u00e1t n\u1ec1n<strong> PT30002<\/strong> n\u1ed5i b\u1eadt nh\u1edd s\u1ef1 k\u1ebft h\u1ee3p gi\u1eefa c\u00e1c kh\u1ed1i h\u00ecnh h\u1ecdc \u0111\u01b0\u1ee3c t\u1ea1o t\u1eeb v\u00e2n \u0111\u00e1 v\u00e0 c\u00e1c m\u1ea3ng \u0111\u1ea7y m\u00e0u s\u1eafc \u1ea5n t\u01b0\u1ee3ng g\u00e2y k\u00edch th\u00edch th\u1ecb gi\u00e1c. Kh\u00f4ng ch\u1ec9 s\u1edf h\u1eefu v\u1ebb ngo\u00e0i \u0111\u1ed9c \u0111\u00e1o v\u00e0 \u1ea5n t\u01b0\u1ee3ng, g\u1ea1ch l\u00e1t n\u1ec1n<strong> PT30002 <\/strong>c\u00f2n \u1ee9ng d\u1ee5ng nhi\u1ec1u c\u00f4ng ngh\u1ec7 hi\u1ec7n \u0111\u1ea1i, \u0111\u1eb7c bi\u1ec7t l\u00e0\u00a0c\u00f4ng ngh\u1ec7 nh\u00e1m, \u0111\u1ecbnh h\u00ecnh, ch\u1ed1ng tr\u01a1n tr\u01b0\u1ee3t gi\u00fap t\u0103ng \u0111\u1ed9 ma s\u00e1t, \u0111\u1ea3m b\u1ea3o an to\u00e0n khi \u0111i l\u1ea1i trong nh\u00e0 t\u1eafm ho\u1eb7c ban c\u00f4ng, ph\u00f9 h\u1ee3p cho nhi\u1ec1u c\u00f4ng tr\u00ecnh thi\u1ebft k\u1ebf.<\/p>\n<h2><b>1. Th\u00f4ng s\u1ed1 s\u1ea3n ph\u1ea9m<\/b><\/h2>\n<table border=\"1\" cellpadding=\"10\">\n<tbody>\n<tr>\n<td>M\u00e3 s\u1ea3n ph\u1ea9m<\/td>\n<td><strong>PT30002<\/strong><\/td>\n<\/tr>\n<tr>\n<td>BRANDS<\/td>\n<td>G\u1ea1ch \u1ed1p l\u00e1t Prato<\/td>\n<\/tr>\n<tr>\n<td>Ph\u00e2n lo\u1ea1i<\/td>\n<td>G\u1ea1ch l\u00e1t Ceramic<\/td>\n<\/tr>\n<tr>\n<td>M\u00e0u s\u1eafc<\/td>\n<td>M\u00e0u x\u00e1m tr\u1eafng h\u1ecda ti\u1ebft h\u00ecnh h\u1ecdc<\/td>\n<\/tr>\n<tr>\n<td>Sizes<\/td>\n<td>300\u00d7300 mm<\/td>\n<\/tr>\n<tr>\n<td>\u0110\u1ed9 d\u00e0y<\/td>\n<td>8.5 (mm)<\/td>\n<\/tr>\n<tr>\n<td>MATERIALS<\/td>\n<td>Ceramic<\/td>\n<\/tr>\n<tr>\n<td>Surfaces<\/td>\n<td>Glossy Glaze<\/td>\n<\/tr>\n<tr>\n<td>Outstanding features<\/td>\n<td>\n<ul>\n<li aria-level=\"1\">High wear resistance<\/li>\n<li aria-level=\"1\">High-pressure resistance<\/li>\n<li aria-level=\"1\">Anti-acid, anti-slip<\/li>\n<li aria-level=\"1\">Non-ignition, non-expansion<\/li>\n<li aria-level=\"1\">Easy to clean, anti-bacterial, anti-mildew<\/li>\n<\/ul>\n<\/td>\n<\/tr>\n<tr>\n<td>APPLICATIONS<\/td>\n<td>\u0110a d\u1ea1ng, v\u00ed d\u1ee5 ki\u1ebfn tr\u00fac nh\u00e0 \u1ed1ng, khu chung c\u01b0, nh\u00e0 \u1edf cao c\u1ea5p, bi\u1ec7t th\u1ef1, ph\u00f2ng kh\u00e1ch, ph\u00f2ng t\u1eafm\u2026<\/td>\n<\/tr>\n<\/tbody>\n<\/table>\n<h2><b>2.<\/b><b> Floor Tiles<strong> PT30002<\/strong> <\/b><b>\u2013 s\u1ef1 l\u1ef1a ch\u1ecdn ho\u00e0n h\u1ea3o cho m\u1ecdi c\u00f4ng tr\u00ecnh<\/b><\/h2>\n<figure id=\"attachment_30500\" class=\"wp-caption aligncenter\" aria-describedby=\"caption-attachment-30500\">\n<p><figure id=\"attachment_30610\" aria-describedby=\"caption-attachment-30610\" style=\"width: 1011px\" class=\"wp-caption aligncenter\"><img fetchpriority=\"high\" decoding=\"async\" class=\"wp-image-30610\" src=\"https:\/\/cmctiles.vn\/wp-content\/uploads\/2024\/07\/PT30002-1024x870.jpg\" alt=\"\" width=\"1011\" height=\"859\" title=\"\" srcset=\"https:\/\/cmctiles.vn\/wp-content\/uploads\/2024\/07\/PT30002-1024x870.jpg 1024w, https:\/\/cmctiles.vn\/wp-content\/uploads\/2024\/07\/PT30002-300x255.jpg 300w, https:\/\/cmctiles.vn\/wp-content\/uploads\/2024\/07\/PT30002-768x653.jpg 768w, https:\/\/cmctiles.vn\/wp-content\/uploads\/2024\/07\/PT30002-14x12.jpg 14w, https:\/\/cmctiles.vn\/wp-content\/uploads\/2024\/07\/PT30002-329x280.jpg 329w, https:\/\/cmctiles.vn\/wp-content\/uploads\/2024\/07\/PT30002-500x425.jpg 500w, https:\/\/cmctiles.vn\/wp-content\/uploads\/2024\/07\/PT30002.jpg 1526w\" sizes=\"(max-width: 1011px) 100vw, 1011px\" \/><figcaption id=\"caption-attachment-30610\" class=\"wp-caption-text\">G\u1ea1ch l\u00e1t n\u1ec1n PT30002 mang c\u1ea3m gi\u00e1c v\u1ec1 s\u1ef1 c\u00e2n b\u1eb1ng, h\u00e0i h\u00f2a v\u00e0 \u0111\u1ea7y tinh t\u1ebf<\/figcaption><\/figure><figcaption id=\"caption-attachment-30500\" class=\"wp-caption-text\"><\/figcaption><\/figure>\n<p>&nbsp;<\/p>\n<p>\u0110\u01b0\u1ee3c s\u1ea3n xu\u1ea5t b\u1eb1ng ch\u1ea5t li\u1ec7u Ceramic cao c\u1ea5p v\u1edbi l\u1edbp x\u01b0\u01a1ng d\u00e0y d\u1eb7n, \u0111\u1ed9 c\u1ee9ng cao, ch\u1ecbu l\u1ef1c t\u1ed1t, kh\u1ea3 n\u0103ng in m\u00e0u v\u00e0 in h\u1ecda ti\u1ebft s\u1eafc n\u00e9t, g\u1ea1ch l\u00e1t n\u1ec1n<strong> PT30002<\/strong> t\u1ea1o n\u00ean t\u1eeb c\u00f4ng ngh\u1ec7 nh\u00e1m, \u0111\u1ecbnh h\u00ecnh gi\u00fap ch\u1ed1ng tr\u01a1n tr\u01b0\u1ee3t \u01b0u vi\u1ec7t, \u0111\u1eb7c bi\u1ec7t an to\u00e0n v\u00e0 ph\u00f9 h\u1ee3p v\u1edbi nh\u1eefng kh\u00f4ng gian ngo\u1ea1i th\u1ea5t nh\u01b0 nh\u00e0 t\u1eafm , ban c\u00f4ng ho\u1eb7c s\u00e2n v\u01b0\u1eddn.<\/p>\n<h3><b><i>2.1. L\u1ea5y c\u1ea3m h\u1ee9ng v\u1ebb \u0111\u1eb9p t\u1ef1 nhi\u00ean c\u1ee7a c\u00e1c h\u00ecnh th\u1ec3 \u0111\u00e1, s\u1ecfi\u00a0<\/i><\/b><\/h3>\n<p>\u0110\u00e1p \u1ee9ng nh\u1eefng nhu c\u1ea7u kh\u1eaft khe c\u1ee7a c\u00e1c gia ch\u1ee7, g\u1ea1ch l\u00e1t n\u1ec1n<strong> PT30002<\/strong><b>\u00a0<\/b>n\u1ed5i b\u1eadt b\u1edfi c\u00e1c kh\u1ed1i h\u00ecnh h\u1ecdc \u0111\u00e3 t\u00e1i hi\u1ec7n l\u1ea1i v\u1ebb \u0111\u1eb9p c\u1ee7a \u0111\u00e1 c\u1ee7a s\u1ecfi, \u0111\u00f3 l\u00e0 v\u1ebb \u0111\u1eb9p c\u1ee7a thi\u00ean nhi\u00ean v\u00e0 t\u1eeb tr\u01b0\u1edbc \u0111\u1ebfn nay v\u1ebb \u0111\u1eb9p n\u00e0y v\u1eabn lu\u00f4n \u0111\u01b0\u1ee3c \u0111\u00e1nh gi\u00e1 cao v\u00ec t\u00ednh b\u1ec1n v\u1eefng v\u00e0 h\u00e0i h\u00f2a.<\/p>\n<h3><b><i>2.2. Ch\u1ea5t l\u01b0\u1ee3ng v\u01b0\u1ee3t tr\u1ed9i, b\u1ec1n b\u1ec9\u00a0<\/i><\/b><\/h3>\n<p>Kh\u00f4ng ch\u1ec9 s\u1edf h\u1eefu v\u1ebb ngo\u00e0i \u1ea5n t\u01b0\u1ee3ng, g\u1ea1ch l\u00e1t n\u1ec1n<strong> PT30002<\/strong> c\u00f2n \u0111\u1ea3m b\u1ea3o ch\u1ea5t l\u01b0\u1ee3ng v\u01b0\u1ee3t tr\u1ed9i, b\u1ec1n b\u1ec9 theo th\u1eddi gian. \u0110\u01b0\u1ee3c s\u1ea3n xu\u1ea5t t\u1eeb ch\u1ea5t li\u1ec7u Ceramic, s\u1ea3n ph\u1ea9m kh\u00f4ng ch\u1ec9 \u0111\u1ea3m b\u1ea3o \u0111\u1ed9 c\u1ee9ng c\u00e1p m\u00e0 c\u00f2n t\u1ed1i \u01b0u h\u00f3a \u0111\u1ed9 b\u1ec1n m\u00e0u v\u00e0 kh\u1ea3 n\u0103ng ch\u1ed1ng tr\u01a1n tr\u01b0\u1ee3t.<\/p>\n<h3><b><i>2.3. T\u1ed1i \u01b0u tr\u1ea3i nghi\u1ec7m c\u1ee7a kh\u00e1ch h\u00e0ng<\/i><\/b><\/h3>\n<p>B\u00ean c\u1ea1nh v\u1ebb ngo\u00e0i \u1ea5n t\u01b0\u1ee3ng v\u00e0 ch\u1ea5t l\u01b0\u1ee3ng v\u01b0\u1ee3t tr\u1ed9i, g\u1ea1ch l\u00e1t n\u1ec1n<strong> PT30002<\/strong> c\u00f2n mang \u0111\u1ebfn tr\u1ea3i nghi\u1ec7m \u01b0u vi\u1ec7t cho ng\u01b0\u1eddi s\u1eed d\u1ee5ng. V\u1edbi b\u1ec1 m\u1eb7t men b\u00f3ng, s\u1ea3n ph\u1ea9m n\u00e0y kh\u00f4ng ch\u1ec9 d\u1ec5 d\u00e0ng v\u1ec7 sinh, m\u00e0 c\u00f2n \u0111\u1ea3m b\u1ea3o an to\u00e0n v\u00ec ch\u1ed1ng tr\u01a1n tr\u01b0\u1ee3t. \u0110\u1ed3ng th\u1eddi, kh\u1ea3 n\u0103ng ch\u1ecbu l\u1ef1c v\u00e0 ch\u1ecbu nhi\u1ec7t t\u1ed1t c\u00f2n gi\u00fap t\u0103ng tu\u1ed5i th\u1ecd c\u1ee7a kh\u00f4ng gian s\u1eed d\u1ee5ng, mang l\u1ea1i s\u1ef1 ti\u1ec7n l\u1ee3i v\u00e0 ti\u1ebft ki\u1ec7m cho ng\u01b0\u1eddi d\u00f9ng.<\/p>\n<p>Tr\u00ean \u0111\u00e2y l\u00e0 nh\u1eefng \u0111\u1eb7c \u0111i\u1ec3m n\u1ed5i b\u1eadt v\u00e0 l\u01b0u \u00fd khi qu\u00fd kh\u00e1ch l\u1ef1a ch\u1ecdn v\u00e0 s\u1eed d\u1ee5ng g\u1ea1ch l\u00e1t n\u1ec1n<strong> PT30002<\/strong><b>.\u00a0<\/b>Hy v\u1ecdng b\u00e0i vi\u1ebft s\u1ebd gi\u00fap \u00edch cho qu\u00fd v\u1ecb \u0111\u1ec3 l\u1ef1a ch\u1ecdn \u0111\u01b0\u1ee3c s\u1ea3n ph\u1ea9m ph\u00f9 h\u1ee3p nh\u1ea5t v\u1edbi kh\u00f4ng gian v\u00e0 chi ph\u00ed c\u1ee7a gia \u0111\u00ecnh.<\/p>\n<p><i>Vui l\u00f2ng \u0111\u1ec3 l\u1ea1i th\u00f4ng tin d\u01b0\u1edbi h\u1ed9p th\u01b0 d\u01b0\u1edbi \u0111\u00e2y n\u1ebfu qu\u00fd v\u1ecb c\u1ea7n gi\u1ea3i \u0111\u00e1p th\u1eafc m\u1eafc ho\u1eb7c nh\u1eadn s\u1ef1 t\u01b0 v\u1ea5n t\u1eeb chuy\u00ean gia c\u1ee7a CMC Tiles!<\/i><\/p>\n<p>&nbsp;<\/p>","protected":false},"excerpt":{"rendered":"<p>L\u00e0 m\u1ed9t v\u00ed d\u1ee5 \u0111i\u1ec3n h\u00ecnh v\u1ec1 s\u1ef1 ph\u00e1t tri\u1ec3n c\u1ee7a ng\u00e0nh c\u00f4ng nghi\u1ec7p v\u1eadt li\u1ec7u x\u00e2y d\u1ef1ng hi\u1ec7n \u0111\u1ea1i, g\u1ea1ch l\u00e1t n\u1ec1n PT30002 n\u1ed5i b\u1eadt nh\u1edd s\u1ef1 k\u1ebft h\u1ee3p gi\u1eefa c\u00e1c kh\u1ed1i h\u00ecnh h\u1ecdc \u0111\u01b0\u1ee3c t\u1ea1o t\u1eeb v\u00e2n \u0111\u00e1 v\u00e0 c\u00e1c m\u1ea3ng \u0111\u1ea7y m\u00e0u s\u1eafc \u1ea5n t\u01b0\u1ee3ng g\u00e2y k\u00edch th\u00edch th\u1ecb gi\u00e1c. Kh\u00f4ng ch\u1ec9 [&hellip;]<\/p>\n","protected":false},"featured_media":30610,"comment_status":"open","ping_status":"closed","template":"","meta":[],"product_brand":[],"product_cat":[1009,1015,1083,1016,1076,1092],"product_tag":[],"class_list":{"0":"post-30609","1":"product","2":"type-product","3":"status-publish","4":"has-post-thumbnail","6":"product_cat-ceramic","7":"product_cat-gach-lat","8":"product_cat-gach-lat-nen-van-da","9":"product_cat-gach-op","10":"product_cat-gach-op-lat","11":"product_cat-gach-op-lat-prato","13":"first","14":"instock","15":"taxable","16":"shipping-taxable","17":"purchasable","18":"product-type-simple"},"_links":{"self":[{"href":"https:\/\/cmctiles.vn\/en\/wp-json\/wp\/v2\/product\/30609","targetHints":{"allow":["GET"]}}],"collection":[{"href":"https:\/\/cmctiles.vn\/en\/wp-json\/wp\/v2\/product"}],"about":[{"href":"https:\/\/cmctiles.vn\/en\/wp-json\/wp\/v2\/types\/product"}],"replies":[{"embeddable":true,"href":"https:\/\/cmctiles.vn\/en\/wp-json\/wp\/v2\/comments?post=30609"}],"version-history":[{"count":5,"href":"https:\/\/cmctiles.vn\/en\/wp-json\/wp\/v2\/product\/30609\/revisions"}],"predecessor-version":[{"id":30617,"href":"https:\/\/cmctiles.vn\/en\/wp-json\/wp\/v2\/product\/30609\/revisions\/30617"}],"wp:featuredmedia":[{"embeddable":true,"href":"https:\/\/cmctiles.vn\/en\/wp-json\/wp\/v2\/media\/30610"}],"wp:attachment":[{"href":"https:\/\/cmctiles.vn\/en\/wp-json\/wp\/v2\/media?parent=30609"}],"wp:term":[{"taxonomy":"product_brand","embeddable":true,"href":"https:\/\/cmctiles.vn\/en\/wp-json\/wp\/v2\/product_brand?post=30609"},{"taxonomy":"product_cat","embeddable":true,"href":"https:\/\/cmctiles.vn\/en\/wp-json\/wp\/v2\/product_cat?post=30609"},{"taxonomy":"product_tag","embeddable":true,"href":"https:\/\/cmctiles.vn\/en\/wp-json\/wp\/v2\/product_tag?post=30609"}],"curies":[{"name":"wp","href":"https:\/\/api.w.org\/{rel}","templated":true}]}}