{"id":30567,"date":"2024-07-22T17:29:15","date_gmt":"2024-07-22T10:29:15","guid":{"rendered":"https:\/\/cmctiles.vn\/?post_type=product&#038;p=30567"},"modified":"2024-07-24T14:25:36","modified_gmt":"2024-07-24T07:25:36","slug":"gach-op-lat-porcelain-ket-hop-net-co-dien-va-hien-dai-rpg8080007s2","status":"publish","type":"product","link":"https:\/\/cmctiles.vn\/en\/gach-op-lat\/gach-op-lat-porcelain-ket-hop-net-co-dien-va-hien-dai-rpg8080007s2.html","title":{"rendered":"G\u1ea1ch \u1ed1p l\u00e1t porcelain k\u1ebft h\u1ee3p n\u00e9t c\u1ed5 \u0111i\u1ec3n v\u00e0 hi\u1ec7n \u0111\u1ea1i RPG8080007S2"},"content":{"rendered":"<p style=\"text-align: justify;\"><span style=\"font-weight: 400;\">L\u1ea5y c\u1ea3m h\u1ee9ng t\u1eeb nh\u1eefng \u0111\u01b0\u1eddng n\u00e9t thanh m\u1ea3nh, g\u1ecdn g\u00e0ng c\u00f9ng b\u1ec1 m\u1eb7t nh\u1eb5n b\u00f3ng ho\u00e0n h\u1ea3o, g\u1ea1ch \u1ed1p l\u00e1t RPG8080007S2 mang \u0111\u1ebfn m\u1ed9t l\u00e0n gi\u00f3 m\u1edbi cho ki\u1ebfn tr\u00fac n\u1ed9i th\u1ea5t, g\u00f3p ph\u1ea7n t\u00f4 \u0111i\u1ec3m cho cu\u1ed9c s\u1ed1ng th\u00eam \u0111\u1eb3ng c\u1ea5p. S\u1ea3n ph\u1ea9m chinh ph\u1ee5c m\u1ecdi \u00e1nh nh\u00ecn b\u1edfi v\u1ebb \u0111\u1eb9p sang tr\u1ecdng, tinh t\u1ebf v\u00e0 kh\u1ea3 n\u0103ng ki\u1ebfn t\u1ea1o n\u00ean t\u1ed5ng th\u1ec3 h\u00e0i h\u00f2a cho kh\u00f4ng gian.\u00a0<\/span><\/p>\n<h2 style=\"text-align: justify;\"><b>1. Th\u00f4ng s\u1ed1 s\u1ea3n ph\u1ea9m\u00a0<\/b><\/h2>\n<table>\n<tbody>\n<tr>\n<td><span style=\"font-weight: 400;\">M\u00e3 s\u1ea3n ph\u1ea9m<\/span><\/td>\n<td><span style=\"font-weight: 400;\">RPG8080007S2<\/span><\/td>\n<\/tr>\n<tr>\n<td><span style=\"font-weight: 400;\">BRANDS<\/span><\/td>\n<td><span style=\"font-weight: 400;\">G\u1ea1ch \u1ed1p l\u00e1t REFINA<\/span><\/td>\n<\/tr>\n<tr>\n<td><span style=\"font-weight: 400;\">Ph\u00e2n lo\u1ea1i<\/span><\/td>\n<td><span style=\"font-weight: 400;\">Ceramic tiles<\/span><\/td>\n<\/tr>\n<tr>\n<td><span style=\"font-weight: 400;\">M\u00e0u s\u1eafc<\/span><\/td>\n<td><span style=\"font-weight: 400;\">M\u00e0u tr\u1eafng v\u00e2n \u0111\u00e1<\/span><\/td>\n<\/tr>\n<tr>\n<td><span style=\"font-weight: 400;\">Sizes<\/span><\/td>\n<td><span style=\"font-weight: 400;\">800&#215;800 mm<\/span><\/td>\n<\/tr>\n<tr>\n<td><span style=\"font-weight: 400;\">\u0110\u1ed9 d\u00e0y<\/span><\/td>\n<td><span style=\"font-weight: 400;\">9,3 mm<\/span><\/td>\n<\/tr>\n<tr>\n<td><span style=\"font-weight: 400;\">MATERIALS\u00a0<\/span><\/td>\n<td><span style=\"font-weight: 400;\">Porcelain<\/span><\/td>\n<\/tr>\n<tr>\n<td><span style=\"font-weight: 400;\">Surfaces<\/span><\/td>\n<td><span style=\"font-weight: 400;\">Glossy Glaze<\/span><\/td>\n<\/tr>\n<tr>\n<td><span style=\"font-weight: 400;\">Outstanding features<\/span><\/td>\n<td>\n<ul>\n<li style=\"font-weight: 400;\" aria-level=\"1\"><span style=\"font-weight: 400;\">Hoa v\u0103n sang tr\u1ecdng, th\u1eddi th\u01b0\u1ee3ng<\/span><\/li>\n<li style=\"font-weight: 400;\" aria-level=\"1\"><span style=\"font-weight: 400;\">\u0110\u1ed3 b\u1ec1n u\u1ed1n ch\u1ecbu l\u1ef1c t\u1ed1t, th\u1ea5m h\u00fat n\u01b0\u1edbc th\u1ea5p<\/span><\/li>\n<li style=\"font-weight: 400;\" aria-level=\"1\"><span style=\"font-weight: 400;\">Ch\u1ed1ng axit, ch\u1ed1ng b\u00e1m b\u1ea9n<\/span><\/li>\n<li style=\"font-weight: 400;\" aria-level=\"1\"><span style=\"font-weight: 400;\">Non-ignition, non-expansion<\/span><\/li>\n<li style=\"font-weight: 400;\" aria-level=\"1\"><span style=\"font-weight: 400;\">Easy to clean, anti-bacterial, anti-mildew<\/span><\/li>\n<\/ul>\n<\/td>\n<\/tr>\n<tr>\n<td><span style=\"font-weight: 400;\">APPLICATIONS<\/span><\/td>\n<td><span style=\"font-weight: 400;\">\u0110a d\u1ea1ng, v\u00ed d\u1ee5 ki\u1ebfn tr\u00fac nh\u00e0 \u1ed1ng, khu chung c\u01b0, nh\u00e0 \u1edf cao c\u1ea5p, bi\u1ec7t th\u1ef1, ph\u00f2ng kh\u00e1ch\u2026<\/span><\/td>\n<\/tr>\n<\/tbody>\n<\/table>\n<h2 style=\"text-align: justify;\"><b>2. RPG8080007S2 &#8211; D\u00f2ng s\u1ea3n ph\u1ea9m cao c\u1ea5p c\u1ee7a CMC<\/b><\/h2>\n<p style=\"text-align: justify;\"><span style=\"font-weight: 400;\">\u0110\u01b0\u1ee3c \u0111\u00e1nh gi\u00e1 l\u00e0 d\u00f2ng s\u1ea3n ph\u1ea9m g\u1ea1ch \u1ed1p l\u00e1t ch\u1ea5t l\u01b0\u1ee3ng v\u01b0\u1ee3t tr\u1ed9i v\u1edbi c\u00e1c hoa v\u0103n s\u1eafc s\u1ea3o tinh t\u1ebf, g\u1ea1ch \u1ed1p l\u00e1t RPG8080007S2 ch\u00ednh l\u00e0 m\u1ea3nh gh\u00e9p ho\u00e0n h\u1ea3o, mang \u0111\u1ebfn giai \u0111i\u1ec7u sang tr\u1ecdng, \u0111\u1eb3ng c\u1ea5p cho ng\u00f4i nh\u00e0 c\u1ee7a Qu\u00fd kh\u00e1ch.<\/span><\/p>\n<figure id=\"attachment_30578\" aria-describedby=\"caption-attachment-30578\" style=\"width: 1024px\" class=\"wp-caption aligncenter\"><img fetchpriority=\"high\" decoding=\"async\" class=\"size-large wp-image-30578\" src=\"https:\/\/cmctiles.vn\/wp-content\/uploads\/2024\/07\/RPG6060007S2-RPG8080007S2-PC2-1-1024x778.jpg\" alt=\"\" width=\"1024\" height=\"778\" title=\"\" srcset=\"https:\/\/cmctiles.vn\/wp-content\/uploads\/2024\/07\/RPG6060007S2-RPG8080007S2-PC2-1-1024x778.jpg 1024w, https:\/\/cmctiles.vn\/wp-content\/uploads\/2024\/07\/RPG6060007S2-RPG8080007S2-PC2-1-300x228.jpg 300w, https:\/\/cmctiles.vn\/wp-content\/uploads\/2024\/07\/RPG6060007S2-RPG8080007S2-PC2-1-768x584.jpg 768w, https:\/\/cmctiles.vn\/wp-content\/uploads\/2024\/07\/RPG6060007S2-RPG8080007S2-PC2-1-1536x1167.jpg 1536w, https:\/\/cmctiles.vn\/wp-content\/uploads\/2024\/07\/RPG6060007S2-RPG8080007S2-PC2-1-16x12.jpg 16w, https:\/\/cmctiles.vn\/wp-content\/uploads\/2024\/07\/RPG6060007S2-RPG8080007S2-PC2-1-369x280.jpg 369w, https:\/\/cmctiles.vn\/wp-content\/uploads\/2024\/07\/RPG6060007S2-RPG8080007S2-PC2-1-500x380.jpg 500w, https:\/\/cmctiles.vn\/wp-content\/uploads\/2024\/07\/RPG6060007S2-RPG8080007S2-PC2-1.jpg 2048w\" sizes=\"(max-width: 1024px) 100vw, 1024px\" \/><figcaption id=\"caption-attachment-30578\" class=\"wp-caption-text\"><span style=\"font-weight: 400;\">RPG8080007S2 <\/span>l\u00e0 m\u1ed9t trong hai s\u1ea3n ph\u1ea9m thu\u1ed9c thi\u1ebft k\u1ebf combo g\u1ea1ch \u1ed1p l\u00e1t k\u00edch th\u01b0\u1edbc 600x600mm v\u00e0 800x800mm<\/figcaption><\/figure>\n<h3 style=\"text-align: justify;\"><b>2.1. Thi\u1ebft k\u1ebf h\u00f2a quy\u1ec7n gi\u1eefa thi\u00ean nhi\u00ean v\u00e0 ngh\u1ec7 thu\u1eadt<\/b><\/h3>\n<p style=\"text-align: justify;\"><span style=\"font-weight: 400;\">D\u00f9 c\u00f3 t\u00f4ng m\u00e0u trung t\u00ednh, mang thi\u00ean h\u01b0\u1edbng t\u1ed1i gi\u1ea3n nh\u01b0ng g\u1ea1ch \u1ed1p l\u00e1t RPG8080007S2 v\u1eabn thu h\u00fat nhi\u1ec1u \u00e1nh nh\u00ecn nh\u1edd v\u00e0o v\u1ebb \u0111\u1eb9p tinh t\u1ebf, th\u1eddi th\u01b0\u1ee3ng. B\u1ec1 m\u1eb7t g\u1ea1ch \u0111\u01b0\u1ee3c in \u1ea5n v\u1edbi nh\u1eefng \u0111\u01b0\u1eddng v\u00e2n \u0111\u00e1 nh\u1ecf n\u1ed1i \u0111u\u00f4i nhau t\u1ef1a nh\u01b0 r\u00eau phong b\u00e1m tr\u00ean v\u00e1ch \u0111\u00e1, t\u1ea1o n\u00ean m\u1ed9t n\u00e9t \u0111\u1eb9p v\u1eeba c\u1ed5 \u0111i\u1ec3n, v\u1eeba hi\u1ec7n \u0111\u1ea1i, mang h\u01a1i th\u1edf thi\u00ean nhi\u00ean v\u00e0o t\u1eebng g\u00f3c nh\u00e0.<\/span><\/p>\n<p style=\"text-align: justify;\"><span style=\"font-weight: 400;\">V\u1edbi thi\u1ebft k\u1ebf hi\u1ec7n \u0111\u1ea1i, sang tr\u1ecdng v\u00e0 t\u00f4ng m\u00e0u trung t\u00ednh, RPG8080007S2 ph\u00f9 h\u1ee3p \u0111\u1ec3 s\u1eed d\u1ee5ng cho nhi\u1ec1u kh\u00f4ng gian kh\u00e1c nhau, t\u1eeb ph\u00f2ng kh\u00e1ch, ph\u00f2ng ng\u1ee7, nh\u00e0 b\u1ebfp \u0111\u1ebfn ph\u00f2ng t\u1eafm. S\u1ea3n ph\u1ea9m \u0111\u1eb7c bi\u1ec7t th\u00edch h\u1ee3p cho nh\u1eefng ai y\u00eau th\u00edch phong c\u00e1ch hi\u1ec7n \u0111\u1ea1i, t\u1ed1i gi\u1ea3n ho\u1eb7c mu\u1ed1n t\u1ea1o \u0111i\u1ec3m nh\u1ea5n cho kh\u00f4ng gian s\u1ed1ng c\u1ee7a m\u00ecnh.<\/span><\/p>\n<h3 style=\"text-align: justify;\"><b>2.2. Ch\u1ea5t l\u01b0\u1ee3ng v\u01b0\u1ee3t tr\u1ed9i theo th\u1eddi gian<\/b><\/h3>\n<p style=\"text-align: justify;\"><span style=\"font-weight: 400;\">\u0110\u01b0\u1ee3c l\u00e0m t\u1eeb ch\u1ea5t li\u1ec7u porcelain cao c\u1ea5p, RPG8080007S2 c\u00f3 \u0111\u1ed9 c\u1ee9ng cao, kh\u1ea3 n\u0103ng ch\u1ed1ng x\u01b0\u1edbc v\u00e0 ch\u1ecbu l\u1ef1c t\u1ed1t, \u0111\u1ea3m b\u1ea3o s\u1ef1 b\u1ec1n \u0111\u1eb9p theo th\u1eddi gian. B\u1ec1 m\u1eb7t g\u1ea1ch \u0111\u01b0\u1ee3c ph\u1ee7 men nano b\u00f3ng m\u1ecbn, gi\u00fap ch\u1ed1ng th\u1ea5m hi\u1ec7u qu\u1ea3, gi\u00fap gia ch\u1ee7 d\u1ec5 d\u00e0ng lau ch\u00f9i v\u00e0 b\u1ea3o qu\u1ea3n. Nh\u1edd \u0111\u00f3, s\u1ea3n ph\u1ea9m lu\u00f4n gi\u1eef \u0111\u01b0\u1ee3c v\u1ebb \u0111\u1eb9p s\u00e1ng b\u00f3ng nh\u01b0 m\u1edbi theo d\u00f2ng ch\u1ea3y c\u1ee7a th\u1eddi gian. <\/span><\/p>\n<h3 style=\"text-align: justify;\"><span style=\"font-weight: 400;\"><strong>2.3. <\/strong><\/span><strong>Tr\u1ea3i nghi\u1ec7m ho\u00e0n h\u1ea3o cho m\u1ecdi gi\u00e1c quan<\/strong><\/h3>\n<p style=\"text-align: justify;\"><span style=\"font-weight: 400;\">G\u1ea1ch \u1ed1p l\u00e1t RPG8080007S2 mang \u0111\u1ebfn tr\u1ea3i nghi\u1ec7m ho\u00e0n h\u1ea3o cho m\u1ecdi gi\u00e1c quan c\u1ee7a gia ch\u1ee7. B\u1ec1 m\u1eb7t g\u1ea1ch ph\u1eb3ng m\u1ecbn, \u00eam \u00e1i khi ch\u1ea1m tay, t\u1ea1o c\u1ea3m gi\u00e1c th\u01b0 gi\u00e3n v\u00e0 tho\u1ea3i m\u00e1i. T\u00f4ng m\u00e0u tr\u1eafng nh\u1eb9 nh\u00e0ng c\u00f9ng h\u1ecda ti\u1ebft v\u00e2n \u0111\u00e1 tinh t\u1ebf mang \u0111\u1ebfn cho Qu\u00fd kh\u00e1ch c\u1ea3m gi\u00e1c b\u00ecnh y\u00ean, d\u1ec5 ch\u1ecbu, xua tan \u0111i m\u1ecdi c\u0103ng th\u1eb3ng, m\u1ec7t m\u1ecfi sau m\u1ed9t ng\u00e0y d\u00e0i l\u00e0m vi\u1ec7c.<\/span><\/p>\n<p style=\"text-align: justify;\"><span style=\"font-weight: 400;\">Tr\u00ean \u0111\u00e2y l\u00e0 nh\u1eefng \u0111\u1eb7c \u0111i\u1ec3m n\u1ed5i b\u1eadt v\u00e0 l\u01b0u \u00fd khi Qu\u00fd kh\u00e1ch l\u1ef1a ch\u1ecdn v\u00e0 s\u1eed d\u1ee5ng g\u1ea1ch \u1ed1p l\u00e1t RPG8080007S2. Hy v\u1ecdng b\u00e0i vi\u1ebft s\u1ebd gi\u00fap \u00edch cho qu\u00fd v\u1ecb \u0111\u1ec3 l\u1ef1a ch\u1ecdn \u0111\u01b0\u1ee3c s\u1ea3n ph\u1ea9m ph\u00f9 h\u1ee3p nh\u1ea5t v\u1edbi kh\u00f4ng gian v\u00e0 chi ph\u00ed c\u1ee7a gia \u0111\u00ecnh.\u00a0<\/span><\/p>\n<p style=\"text-align: justify;\"><span style=\"font-weight: 400;\">Vui l\u00f2ng \u0111\u1ec3 l\u1ea1i th\u00f4ng tin d\u01b0\u1edbi h\u1ed9p th\u01b0 d\u01b0\u1edbi \u0111\u00e2y n\u1ebfu qu\u00fd v\u1ecb c\u1ea7n gi\u1ea3i \u0111\u00e1p th\u1eafc m\u1eafc ho\u1eb7c nh\u1eadn s\u1ef1 t\u01b0 v\u1ea5n t\u1eeb chuy\u00ean gia c\u1ee7a CMC Tiles!<\/span><\/p>","protected":false},"excerpt":{"rendered":"<p>L\u1ea5y c\u1ea3m h\u1ee9ng t\u1eeb nh\u1eefng \u0111\u01b0\u1eddng n\u00e9t thanh m\u1ea3nh, g\u1ecdn g\u00e0ng c\u00f9ng b\u1ec1 m\u1eb7t nh\u1eb5n b\u00f3ng ho\u00e0n h\u1ea3o, g\u1ea1ch \u1ed1p l\u00e1t RPG8080007S2 mang \u0111\u1ebfn m\u1ed9t l\u00e0n gi\u00f3 m\u1edbi cho ki\u1ebfn tr\u00fac n\u1ed9i th\u1ea5t, g\u00f3p ph\u1ea7n t\u00f4 \u0111i\u1ec3m cho cu\u1ed9c s\u1ed1ng th\u00eam \u0111\u1eb3ng c\u1ea5p. S\u1ea3n ph\u1ea9m chinh ph\u1ee5c m\u1ecdi \u00e1nh nh\u00ecn b\u1edfi v\u1ebb \u0111\u1eb9p sang tr\u1ecdng, [&hellip;]<\/p>\n","protected":false},"featured_media":30579,"comment_status":"open","ping_status":"closed","template":"","meta":[],"product_brand":[],"product_cat":[1076,1015,1083,1023,1134],"product_tag":[],"class_list":{"0":"post-30567","1":"product","2":"type-product","3":"status-publish","4":"has-post-thumbnail","6":"product_cat-gach-op-lat","7":"product_cat-gach-lat","8":"product_cat-gach-lat-nen-van-da","9":"product_cat-porcelain","10":"product_cat-gach-op-lat-refina","12":"first","13":"instock","14":"taxable","15":"shipping-taxable","16":"purchasable","17":"product-type-simple"},"_links":{"self":[{"href":"https:\/\/cmctiles.vn\/en\/wp-json\/wp\/v2\/product\/30567","targetHints":{"allow":["GET"]}}],"collection":[{"href":"https:\/\/cmctiles.vn\/en\/wp-json\/wp\/v2\/product"}],"about":[{"href":"https:\/\/cmctiles.vn\/en\/wp-json\/wp\/v2\/types\/product"}],"replies":[{"embeddable":true,"href":"https:\/\/cmctiles.vn\/en\/wp-json\/wp\/v2\/comments?post=30567"}],"version-history":[{"count":5,"href":"https:\/\/cmctiles.vn\/en\/wp-json\/wp\/v2\/product\/30567\/revisions"}],"predecessor-version":[{"id":30683,"href":"https:\/\/cmctiles.vn\/en\/wp-json\/wp\/v2\/product\/30567\/revisions\/30683"}],"wp:featuredmedia":[{"embeddable":true,"href":"https:\/\/cmctiles.vn\/en\/wp-json\/wp\/v2\/media\/30579"}],"wp:attachment":[{"href":"https:\/\/cmctiles.vn\/en\/wp-json\/wp\/v2\/media?parent=30567"}],"wp:term":[{"taxonomy":"product_brand","embeddable":true,"href":"https:\/\/cmctiles.vn\/en\/wp-json\/wp\/v2\/product_brand?post=30567"},{"taxonomy":"product_cat","embeddable":true,"href":"https:\/\/cmctiles.vn\/en\/wp-json\/wp\/v2\/product_cat?post=30567"},{"taxonomy":"product_tag","embeddable":true,"href":"https:\/\/cmctiles.vn\/en\/wp-json\/wp\/v2\/product_tag?post=30567"}],"curies":[{"name":"wp","href":"https:\/\/api.w.org\/{rel}","templated":true}]}}