{"id":30537,"date":"2024-07-22T16:24:54","date_gmt":"2024-07-22T09:24:54","guid":{"rendered":"https:\/\/cmctiles.vn\/?post_type=product&#038;p=30537"},"modified":"2024-07-22T16:24:55","modified_gmt":"2024-07-22T09:24:55","slug":"gach-op-lat-tong-xam-tram-toi-gian-nhung-khong-kem-phan-bat-mat-rcm6060024s4","status":"publish","type":"product","link":"https:\/\/cmctiles.vn\/en\/ceramic\/gach-op-lat-tong-xam-tram-toi-gian-nhung-khong-kem-phan-bat-mat-rcm6060024s4.html","title":{"rendered":"G\u1ea1ch \u1ed1p l\u00e1t t\u00f4ng x\u00e1m tr\u1ea7m t\u1ed1i gi\u1ea3n nh\u01b0ng kh\u00f4ng k\u00e9m ph\u1ea7n b\u1eaft m\u1eaft RCM6060024S4"},"content":{"rendered":"<p style=\"text-align: justify;\"><span style=\"font-weight: 400;\">T\u1eeb l\u00e2u, g\u1ea1ch m\u00e0u x\u00e1m tr\u1ea7m \u0111\u00e3 tr\u1edf th\u00e0nh s\u1ef1 l\u1ef1a ch\u1ecdn \u01b0a th\u00edch c\u1ee7a nhi\u1ec1u ng\u01b0\u1eddi trong l\u0129nh v\u1ef1c ki\u1ebfn tr\u00fac n\u1ed9i th\u1ea5t nh\u1edd v\u00e0o v\u1ebb \u0111\u1eb9p t\u1ed1i gi\u1ea3n c\u1ee7a s\u1ea3n ph\u1ea9m. Theo ch\u00e2n xu h\u01b0\u1edbng \u0111ang th\u1ecbnh h\u00e0nh n\u00e0y, g\u1ea1ch \u1ed1p l\u00e1t RCM6060024S4 \u0111\u00e3 \u0111\u01b0\u1ee3c n\u00e2ng c\u1ea5p v\u1edbi thi\u1ebft k\u1ebf t\u1ec9 m\u1ec9 t\u1eeb m\u00e0u s\u1eafc \u0111\u1ebfn c\u00e1c \u0111i\u1ec3m nh\u1ea5n tinh t\u1ebf, mang l\u1ea1i cho kh\u00f4ng gian n\u1ed9i th\u1ea5t s\u1ef1 h\u00f2a quy\u1ec7n \u0111\u1ea7y thu h\u00fat.<\/span><\/p>\n<figure id=\"attachment_30539\" aria-describedby=\"caption-attachment-30539\" style=\"width: 1024px\" class=\"wp-caption aligncenter\"><img fetchpriority=\"high\" decoding=\"async\" class=\"size-large wp-image-30539\" src=\"https:\/\/cmctiles.vn\/wp-content\/uploads\/2024\/07\/RCM6060024S4-1024x1024.jpg\" alt=\"\" width=\"1024\" height=\"1024\" title=\"\" srcset=\"https:\/\/cmctiles.vn\/wp-content\/uploads\/2024\/07\/RCM6060024S4-1024x1024.jpg 1024w, https:\/\/cmctiles.vn\/wp-content\/uploads\/2024\/07\/RCM6060024S4-300x300.jpg 300w, https:\/\/cmctiles.vn\/wp-content\/uploads\/2024\/07\/RCM6060024S4-150x150.jpg 150w, https:\/\/cmctiles.vn\/wp-content\/uploads\/2024\/07\/RCM6060024S4-768x768.jpg 768w, https:\/\/cmctiles.vn\/wp-content\/uploads\/2024\/07\/RCM6060024S4-1536x1536.jpg 1536w, https:\/\/cmctiles.vn\/wp-content\/uploads\/2024\/07\/RCM6060024S4-12x12.jpg 12w, https:\/\/cmctiles.vn\/wp-content\/uploads\/2024\/07\/RCM6060024S4-280x280.jpg 280w, https:\/\/cmctiles.vn\/wp-content\/uploads\/2024\/07\/RCM6060024S4-600x600.jpg 600w, https:\/\/cmctiles.vn\/wp-content\/uploads\/2024\/07\/RCM6060024S4-500x500.jpg 500w, https:\/\/cmctiles.vn\/wp-content\/uploads\/2024\/07\/RCM6060024S4-100x100.jpg 100w, https:\/\/cmctiles.vn\/wp-content\/uploads\/2024\/07\/RCM6060024S4.jpg 1772w\" sizes=\"(max-width: 1024px) 100vw, 1024px\" \/><figcaption id=\"caption-attachment-30539\" class=\"wp-caption-text\">Thi\u1ebft k\u1ebf t\u1ed1i gi\u1ea3n nh\u01b0ng kh\u00f4ng k\u00e9m ph\u1ea7n \u1ea5n t\u01b0\u1ee3ng c\u1ee7a g\u1ea1ch \u1ed1p l\u00e1t RCM6060024S4<\/figcaption><\/figure>\n<h2 style=\"text-align: justify;\"><b>1. Th\u00f4ng s\u1ed1 s\u1ea3n ph\u1ea9m\u00a0<\/b><\/h2>\n<table>\n<tbody>\n<tr>\n<td><span style=\"font-weight: 400;\">M\u00e3 s\u1ea3n ph\u1ea9m<\/span><\/td>\n<td><span style=\"font-weight: 400;\">RCM6060024S4<\/span><\/td>\n<\/tr>\n<tr>\n<td><span style=\"font-weight: 400;\">BRANDS<\/span><\/td>\n<td><span style=\"font-weight: 400;\">G\u1ea1ch \u1ed1p l\u00e1t REFINA<\/span><\/td>\n<\/tr>\n<tr>\n<td><span style=\"font-weight: 400;\">Ph\u00e2n lo\u1ea1i<\/span><\/td>\n<td><span style=\"font-weight: 400;\">Ceramic tiles\u00a0<\/span><\/td>\n<\/tr>\n<tr>\n<td><span style=\"font-weight: 400;\">M\u00e0u s\u1eafc<\/span><\/td>\n<td><span style=\"font-weight: 400;\">M\u00e0u x\u00e1m tr\u1ea7m v\u00e2n \u0111\u00e1 tr\u1eafng<\/span><\/td>\n<\/tr>\n<tr>\n<td><span style=\"font-weight: 400;\">Sizes<\/span><\/td>\n<td><span style=\"font-weight: 400;\">600&#215;600 mm<\/span><\/td>\n<\/tr>\n<tr>\n<td><span style=\"font-weight: 400;\">\u0110\u1ed9 d\u00e0y<\/span><\/td>\n<td><span style=\"font-weight: 400;\">9,0 mm<\/span><\/td>\n<\/tr>\n<tr>\n<td><span style=\"font-weight: 400;\">MATERIALS\u00a0<\/span><\/td>\n<td><span style=\"font-weight: 400;\">Ceramic\u00a0<\/span><\/td>\n<\/tr>\n<tr>\n<td><span style=\"font-weight: 400;\">Surfaces<\/span><\/td>\n<td><span style=\"font-weight: 400;\">Glossy Glaze\u00a0<\/span><\/td>\n<\/tr>\n<tr>\n<td><span style=\"font-weight: 400;\">Outstanding features<\/span><\/td>\n<td>\n<ul>\n<li style=\"font-weight: 400;\" aria-level=\"1\"><span style=\"font-weight: 400;\">Hoa v\u0103n sang tr\u1ecdng, th\u1eddi th\u01b0\u1ee3ng<\/span><\/li>\n<li style=\"font-weight: 400;\" aria-level=\"1\"><span style=\"font-weight: 400;\">\u0110\u1ed3 b\u1ec1n u\u1ed1n ch\u1ecbu l\u1ef1c t\u1ed1t, th\u1ea5m h\u00fat n\u01b0\u1edbc th\u1ea5p<\/span><\/li>\n<li style=\"font-weight: 400;\" aria-level=\"1\"><span style=\"font-weight: 400;\">K\u00edch th\u01b0\u1edbc ph\u1ed5 th\u00f4ng, \u1ee9ng d\u1ee5ng \u0111a d\u1ea1ng<\/span><\/li>\n<li style=\"font-weight: 400;\" aria-level=\"1\"><span style=\"font-weight: 400;\">Non-ignition, non-expansion<\/span><\/li>\n<li style=\"font-weight: 400;\" aria-level=\"1\"><span style=\"font-weight: 400;\">Easy to clean, anti-bacterial, anti-mildew<\/span><\/li>\n<\/ul>\n<\/td>\n<\/tr>\n<tr>\n<td><span style=\"font-weight: 400;\">APPLICATIONS<\/span><\/td>\n<td><span style=\"font-weight: 400;\">\u0110a d\u1ea1ng, v\u00ed d\u1ee5 ki\u1ebfn tr\u00fac nh\u00e0 \u1ed1ng, khu chung c\u01b0, nh\u00e0 \u1edf cao c\u1ea5p, bi\u1ec7t th\u1ef1, ph\u00f2ng kh\u00e1ch\u2026<\/span><\/td>\n<\/tr>\n<\/tbody>\n<\/table>\n<h2 style=\"text-align: justify;\"><b>2. G\u1ea1ch \u1ed1p l\u00e1t RCM6060024S4 &#8211; S\u1ef1 l\u1ef1a ch\u1ecdn ho\u00e0n h\u1ea3o cho m\u1ecdi c\u00f4ng tr\u00ecnh\u00a0<\/b><\/h2>\n<p style=\"text-align: justify;\"><span style=\"font-weight: 400;\">V\u1edbi cam k\u1ebft cung c\u1ea5p nh\u1eefng gi\u1ea3i ph\u00e1p s\u1ea3n ph\u1ea9m \u0111a d\u1ea1ng, s\u00e1ng t\u1ea1o v\u00e0 ch\u1ea5t l\u01b0\u1ee3ng ph\u00f9 h\u1ee3p v\u1edbi nhu c\u1ea7u c\u1ee7a kh\u00e1ch h\u00e0ng, CMC \u0111\u00e3 cho \u0111\u1eddi s\u1ea3n ph\u1ea9m g\u1ea1ch \u1ed1p l\u00e1t RCM6060024S4. Thi\u1ebft k\u1ebf c\u1ee7a s\u1ea3n ph\u1ea9m n\u00e0y kh\u00f4ng qu\u00e1 ph\u1ee9c t\u1ea1p, nh\u01b0ng l\u1ea1i r\u1ea5t linh ho\u1ea1t v\u00e0 d\u1ec5 \u1ee9ng d\u1ee5ng, h\u1ee9a h\u1eb9n s\u1ebd mang l\u1ea1i tr\u1ea3i nghi\u1ec7m tuy\u1ec7t v\u1eddi cho ng\u01b0\u1eddi s\u1eed d\u1ee5ng.<\/span><\/p>\n<figure id=\"attachment_30538\" aria-describedby=\"caption-attachment-30538\" style=\"width: 1024px\" class=\"wp-caption aligncenter\"><img decoding=\"async\" class=\"size-large wp-image-30538\" src=\"https:\/\/cmctiles.vn\/wp-content\/uploads\/2024\/07\/RCM6060024S4-PC-1024x819.jpg\" alt=\"\" width=\"1024\" height=\"819\" title=\"\" srcset=\"https:\/\/cmctiles.vn\/wp-content\/uploads\/2024\/07\/RCM6060024S4-PC-1024x819.jpg 1024w, https:\/\/cmctiles.vn\/wp-content\/uploads\/2024\/07\/RCM6060024S4-PC-300x240.jpg 300w, https:\/\/cmctiles.vn\/wp-content\/uploads\/2024\/07\/RCM6060024S4-PC-768x614.jpg 768w, https:\/\/cmctiles.vn\/wp-content\/uploads\/2024\/07\/RCM6060024S4-PC-1536x1229.jpg 1536w, https:\/\/cmctiles.vn\/wp-content\/uploads\/2024\/07\/RCM6060024S4-PC-2048x1638.jpg 2048w, https:\/\/cmctiles.vn\/wp-content\/uploads\/2024\/07\/RCM6060024S4-PC-15x12.jpg 15w, https:\/\/cmctiles.vn\/wp-content\/uploads\/2024\/07\/RCM6060024S4-PC-350x280.jpg 350w, https:\/\/cmctiles.vn\/wp-content\/uploads\/2024\/07\/RCM6060024S4-PC-500x400.jpg 500w\" sizes=\"(max-width: 1024px) 100vw, 1024px\" \/><figcaption id=\"caption-attachment-30538\" class=\"wp-caption-text\">G\u1ea1ch \u1ed1p l\u00e1t RCM6060024S4 t\u00f4 th\u00eam ph\u1ea7n n\u1ed5i b\u1eadt cho nh\u1eefng m\u00f3n \u0111\u1ed3 n\u1ed9i th\u1ea5t trong kh\u00f4ng gian s\u1ed1ng c\u1ee7a gia ch\u1ee7<\/figcaption><\/figure>\n<h3 style=\"text-align: justify;\"><b>2.1. Thi\u1ebft k\u1ebf \u0111\u01a1n gi\u1ea3n nh\u01b0ng n\u1ed5i b\u1eadt<\/b><\/h3>\n<p style=\"text-align: justify;\"><span style=\"font-weight: 400;\">Nh\u1eefng ch\u1ea5m nh\u1ecf \u0111\u1ec1u \u0111\u1eb7n v\u00e0 tinh t\u1ebf tr\u00ean b\u1ec1 m\u1eb7t g\u1ea1ch x\u00e1m, hay nh\u1eefng \u0111\u01b0\u1eddng v\u00e2n t\u01b0\u1edfng ch\u1eebng xu\u1ea5t hi\u1ec7n ng\u1eabu nhi\u00ean, nh\u01b0ng l\u1ea1i \u0111\u01b0\u1ee3c s\u1eafp x\u1ebfp theo m\u1ed9t quy lu\u1eadt nh\u1ea5t \u0111\u1ecbnh, t\u1ea1o n\u00ean hi\u1ec7u \u1ee9ng th\u1ecb gi\u00e1c \u1ea5n t\u01b0\u1ee3ng. V\u1edbi v\u1ebb ngo\u00e0i trung t\u00ednh, g\u1ea1ch \u1ed1p l\u00e1t RCM6060024S4 ph\u00f9 h\u1ee3p v\u1edbi nhi\u1ec1u phong c\u00e1ch thi\u1ebft k\u1ebf kh\u00e1c nhau, t\u1eeb c\u1ed5 \u0111i\u1ec3n, t\u00e2n c\u1ed5 \u0111i\u1ec3n t\u1edbi hi\u1ec7n \u0111\u1ea1i.<\/span><\/p>\n<h3 style=\"text-align: justify;\"><b>2.2. Ch\u1ea5t l\u01b0\u1ee3ng v\u01b0\u1ee3t k\u1ef3 v\u1ecdng so v\u1edbi gi\u00e1 th\u00e0nh<\/b><\/h3>\n<p style=\"text-align: justify;\"><span style=\"font-weight: 400;\">G\u1ea1ch \u1ed1p l\u00e1t RCM6060024S4 s\u1edf h\u1eefu b\u1ec1 m\u1eb7t men matt kh\u00f4ng ph\u1ea3n chi\u1ebfu \u00e1nh s\u00e1ng, t\u1ea1o ra c\u1ea3m gi\u00e1c d\u1ecbu d\u00e0ng, kh\u00f4ng g\u00e2y ch\u00f3i m\u1eaft. Do v\u1eady, kh\u00f4ng gian s\u1ed1ng c\u1ee7a gia ch\u1ee7 th\u00eam ph\u1ea7n tho\u1ea3i m\u00e1i v\u00e0 d\u1ec5 ch\u1ecbu h\u01a1n. Th\u00eam v\u00e0o \u0111\u00f3, g\u1ea1ch c\u0169ng kh\u00f4ng d\u1ec5 b\u00e1m b\u1ee5i hay v\u00e2n tay, \u0111\u1ed3ng th\u1eddi c\u00f3 kh\u1ea3 n\u0103ng ch\u1ed1ng tr\u01b0\u1ee3t t\u1ed1t.<\/span><\/p>\n<p style=\"text-align: justify;\"><span style=\"font-weight: 400;\">Tr\u00ean \u0111\u00e2y l\u00e0 nh\u1eefng \u0111\u1eb7c \u0111i\u1ec3m n\u1ed5i b\u1eadt v\u00e0 l\u01b0u \u00fd khi qu\u00fd kh\u00e1ch l\u1ef1a ch\u1ecdn v\u00e0 s\u1eed d\u1ee5ng g\u1ea1ch \u1ed1p l\u00e1t RCM6060024S4. Hy v\u1ecdng b\u00e0i vi\u1ebft s\u1ebd gi\u00fap \u00edch cho qu\u00fd v\u1ecb \u0111\u1ec3 l\u1ef1a ch\u1ecdn \u0111\u01b0\u1ee3c s\u1ea3n ph\u1ea9m ph\u00f9 h\u1ee3p nh\u1ea5t v\u1edbi kh\u00f4ng gian v\u00e0 chi ph\u00ed c\u1ee7a gia \u0111\u00ecnh.\u00a0<\/span><\/p>\n<p style=\"text-align: justify;\"><span style=\"font-weight: 400;\">Vui l\u00f2ng \u0111\u1ec3 l\u1ea1i th\u00f4ng tin d\u01b0\u1edbi h\u1ed9p th\u01b0 d\u01b0\u1edbi \u0111\u00e2y n\u1ebfu qu\u00fd v\u1ecb c\u1ea7n gi\u1ea3i \u0111\u00e1p th\u1eafc m\u1eafc ho\u1eb7c nh\u1eadn s\u1ef1 t\u01b0 v\u1ea5n t\u1eeb chuy\u00ean gia c\u1ee7a CMC Tiles!<\/span><\/p>","protected":false},"excerpt":{"rendered":"<p>T\u1eeb l\u00e2u, g\u1ea1ch m\u00e0u x\u00e1m tr\u1ea7m \u0111\u00e3 tr\u1edf th\u00e0nh s\u1ef1 l\u1ef1a ch\u1ecdn \u01b0a th\u00edch c\u1ee7a nhi\u1ec1u ng\u01b0\u1eddi trong l\u0129nh v\u1ef1c ki\u1ebfn tr\u00fac n\u1ed9i th\u1ea5t nh\u1edd v\u00e0o v\u1ebb \u0111\u1eb9p t\u1ed1i gi\u1ea3n c\u1ee7a s\u1ea3n ph\u1ea9m. Theo ch\u00e2n xu h\u01b0\u1edbng \u0111ang th\u1ecbnh h\u00e0nh n\u00e0y, g\u1ea1ch \u1ed1p l\u00e1t RCM6060024S4 \u0111\u00e3 \u0111\u01b0\u1ee3c n\u00e2ng c\u1ea5p v\u1edbi thi\u1ebft k\u1ebf t\u1ec9 m\u1ec9 t\u1eeb [&hellip;]<\/p>\n","protected":false},"featured_media":30539,"comment_status":"open","ping_status":"closed","template":"","meta":[],"product_brand":[],"product_cat":[1009,1015,1083,1076,1134],"product_tag":[],"class_list":{"0":"post-30537","1":"product","2":"type-product","3":"status-publish","4":"has-post-thumbnail","6":"product_cat-ceramic","7":"product_cat-gach-lat","8":"product_cat-gach-lat-nen-van-da","9":"product_cat-gach-op-lat","10":"product_cat-gach-op-lat-refina","12":"first","13":"instock","14":"taxable","15":"shipping-taxable","16":"purchasable","17":"product-type-simple"},"_links":{"self":[{"href":"https:\/\/cmctiles.vn\/en\/wp-json\/wp\/v2\/product\/30537","targetHints":{"allow":["GET"]}}],"collection":[{"href":"https:\/\/cmctiles.vn\/en\/wp-json\/wp\/v2\/product"}],"about":[{"href":"https:\/\/cmctiles.vn\/en\/wp-json\/wp\/v2\/types\/product"}],"replies":[{"embeddable":true,"href":"https:\/\/cmctiles.vn\/en\/wp-json\/wp\/v2\/comments?post=30537"}],"version-history":[{"count":1,"href":"https:\/\/cmctiles.vn\/en\/wp-json\/wp\/v2\/product\/30537\/revisions"}],"predecessor-version":[{"id":30540,"href":"https:\/\/cmctiles.vn\/en\/wp-json\/wp\/v2\/product\/30537\/revisions\/30540"}],"wp:featuredmedia":[{"embeddable":true,"href":"https:\/\/cmctiles.vn\/en\/wp-json\/wp\/v2\/media\/30539"}],"wp:attachment":[{"href":"https:\/\/cmctiles.vn\/en\/wp-json\/wp\/v2\/media?parent=30537"}],"wp:term":[{"taxonomy":"product_brand","embeddable":true,"href":"https:\/\/cmctiles.vn\/en\/wp-json\/wp\/v2\/product_brand?post=30537"},{"taxonomy":"product_cat","embeddable":true,"href":"https:\/\/cmctiles.vn\/en\/wp-json\/wp\/v2\/product_cat?post=30537"},{"taxonomy":"product_tag","embeddable":true,"href":"https:\/\/cmctiles.vn\/en\/wp-json\/wp\/v2\/product_tag?post=30537"}],"curies":[{"name":"wp","href":"https:\/\/api.w.org\/{rel}","templated":true}]}}