{"id":30532,"date":"2024-07-22T16:02:04","date_gmt":"2024-07-22T09:02:04","guid":{"rendered":"https:\/\/cmctiles.vn\/?post_type=product&#038;p=30532"},"modified":"2024-07-22T16:02:06","modified_gmt":"2024-07-22T09:02:06","slug":"gach-op-lat-xam-tram-chong-tron-truot-hieu-qua-rcm6060023s4","status":"publish","type":"product","link":"https:\/\/cmctiles.vn\/en\/ceramic\/gach-op-lat-xam-tram-chong-tron-truot-hieu-qua-rcm6060023s4.html","title":{"rendered":"G\u1ea1ch \u1ed1p l\u00e1t x\u00e1m tr\u1ea7m ch\u1ed1ng tr\u01a1n tr\u01b0\u1ee3t hi\u1ec7u qu\u1ea3 RCM6060023S4"},"content":{"rendered":"<p style=\"text-align: justify;\"><span style=\"font-weight: 400;\">Trong th\u1eddi \u0111\u1ea1i tr\u00e0n ng\u1eadp nh\u1eefng c\u00f4ng tr\u00ecnh n\u1ed5i b\u1eadt v\u00e0 l\u1ed9ng l\u1eaby, g\u1ea1ch l\u00e1t s\u00e0n x\u00e1m tr\u1ea7m v\u1eabn \u00e2m th\u1ea7m kh\u1eb3ng \u0111\u1ecbnh gi\u00e1 tr\u1ecb c\u1ee7a m\u00ecnh nh\u01b0 m\u1ed9t v\u1eadt li\u1ec7u n\u1ec1n t\u1ea3ng cho nh\u1eefng c\u00f4ng tr\u00ecnh ki\u1ebfn tr\u00fac v\u01b0\u1ee3t th\u1eddi gian. L\u1ea5y c\u1ea3m h\u1ee9ng t\u1eeb \u0111\u00f3, g\u1ea1ch \u1ed1p l\u00e1t RCM6060023S4 kh\u00f4ng ch\u1ec9 mang l\u1ea1i v\u1ebb \u0111\u1eb9p tinh t\u1ebf m\u00e0 c\u00f2n l\u00e0 m\u1ed9t gi\u1ea3i ph\u00e1p b\u1ec1n v\u1eefng v\u00e0 th\u00e2n thi\u1ec7n v\u1edbi m\u00f4i tr\u01b0\u1eddng.<\/span><\/p>\n<figure id=\"attachment_30534\" aria-describedby=\"caption-attachment-30534\" style=\"width: 1024px\" class=\"wp-caption aligncenter\"><img fetchpriority=\"high\" decoding=\"async\" class=\"size-large wp-image-30534\" src=\"https:\/\/cmctiles.vn\/wp-content\/uploads\/2024\/07\/RCM6060023S4-1024x1024.jpg\" alt=\"\" width=\"1024\" height=\"1024\" title=\"\" srcset=\"https:\/\/cmctiles.vn\/wp-content\/uploads\/2024\/07\/RCM6060023S4-1024x1024.jpg 1024w, https:\/\/cmctiles.vn\/wp-content\/uploads\/2024\/07\/RCM6060023S4-300x300.jpg 300w, https:\/\/cmctiles.vn\/wp-content\/uploads\/2024\/07\/RCM6060023S4-150x150.jpg 150w, https:\/\/cmctiles.vn\/wp-content\/uploads\/2024\/07\/RCM6060023S4-768x768.jpg 768w, https:\/\/cmctiles.vn\/wp-content\/uploads\/2024\/07\/RCM6060023S4-1536x1536.jpg 1536w, https:\/\/cmctiles.vn\/wp-content\/uploads\/2024\/07\/RCM6060023S4-12x12.jpg 12w, https:\/\/cmctiles.vn\/wp-content\/uploads\/2024\/07\/RCM6060023S4-280x280.jpg 280w, https:\/\/cmctiles.vn\/wp-content\/uploads\/2024\/07\/RCM6060023S4-600x600.jpg 600w, https:\/\/cmctiles.vn\/wp-content\/uploads\/2024\/07\/RCM6060023S4-500x500.jpg 500w, https:\/\/cmctiles.vn\/wp-content\/uploads\/2024\/07\/RCM6060023S4-100x100.jpg 100w, https:\/\/cmctiles.vn\/wp-content\/uploads\/2024\/07\/RCM6060023S4.jpg 1772w\" sizes=\"(max-width: 1024px) 100vw, 1024px\" \/><figcaption id=\"caption-attachment-30534\" class=\"wp-caption-text\">Thi\u1ebft k\u1ebf t\u1ed1i gi\u1ea3n c\u1ee7a g\u1ea1ch \u1ed1p l\u00e1t RCM6060023S4<\/figcaption><\/figure>\n<h2 style=\"text-align: justify;\"><b>1. Th\u00f4ng s\u1ed1 s\u1ea3n ph\u1ea9m\u00a0<\/b><\/h2>\n<table>\n<tbody>\n<tr>\n<td><span style=\"font-weight: 400;\">M\u00e3 s\u1ea3n ph\u1ea9m<\/span><\/td>\n<td><span style=\"font-weight: 400;\">RCM6060023S4<\/span><\/td>\n<\/tr>\n<tr>\n<td><span style=\"font-weight: 400;\">BRANDS<\/span><\/td>\n<td><span style=\"font-weight: 400;\">G\u1ea1ch \u1ed1p l\u00e1t REFINA<\/span><\/td>\n<\/tr>\n<tr>\n<td><span style=\"font-weight: 400;\">Ph\u00e2n lo\u1ea1i<\/span><\/td>\n<td><span style=\"font-weight: 400;\">Ceramic tiles\u00a0<\/span><\/td>\n<\/tr>\n<tr>\n<td><span style=\"font-weight: 400;\">M\u00e0u s\u1eafc<\/span><\/td>\n<td><span style=\"font-weight: 400;\">M\u00e0u x\u00e1m tr\u1ea7m\u00a0<\/span><\/td>\n<\/tr>\n<tr>\n<td><span style=\"font-weight: 400;\">Sizes<\/span><\/td>\n<td><span style=\"font-weight: 400;\">600&#215;600 mm<\/span><\/td>\n<\/tr>\n<tr>\n<td><span style=\"font-weight: 400;\">\u0110\u1ed9 d\u00e0y<\/span><\/td>\n<td><span style=\"font-weight: 400;\">9,0 mm<\/span><\/td>\n<\/tr>\n<tr>\n<td><span style=\"font-weight: 400;\">MATERIALS\u00a0<\/span><\/td>\n<td><span style=\"font-weight: 400;\">Ceramic\u00a0<\/span><\/td>\n<\/tr>\n<tr>\n<td><span style=\"font-weight: 400;\">Surfaces<\/span><\/td>\n<td><span style=\"font-weight: 400;\">Glossy Glaze\u00a0<\/span><\/td>\n<\/tr>\n<tr>\n<td><span style=\"font-weight: 400;\">Outstanding features<\/span><\/td>\n<td>\n<ul>\n<li style=\"font-weight: 400;\" aria-level=\"1\"><span style=\"font-weight: 400;\">Hoa v\u0103n sang tr\u1ecdng, th\u1eddi th\u01b0\u1ee3ng<\/span><\/li>\n<li style=\"font-weight: 400;\" aria-level=\"1\"><span style=\"font-weight: 400;\">\u0110\u1ed3 b\u1ec1n u\u1ed1n ch\u1ecbu l\u1ef1c t\u1ed1t, th\u1ea5m h\u00fat n\u01b0\u1edbc th\u1ea5p<\/span><\/li>\n<li style=\"font-weight: 400;\" aria-level=\"1\"><span style=\"font-weight: 400;\">K\u00edch th\u01b0\u1edbc ph\u1ed5 th\u00f4ng, \u1ee9ng d\u1ee5ng \u0111a d\u1ea1ng<\/span><\/li>\n<li style=\"font-weight: 400;\" aria-level=\"1\"><span style=\"font-weight: 400;\">Non-ignition, non-expansion<\/span><\/li>\n<li style=\"font-weight: 400;\" aria-level=\"1\"><span style=\"font-weight: 400;\">Easy to clean, anti-bacterial, anti-mildew<\/span><\/li>\n<\/ul>\n<\/td>\n<\/tr>\n<tr>\n<td><span style=\"font-weight: 400;\">APPLICATIONS<\/span><\/td>\n<td><span style=\"font-weight: 400;\">\u0110a d\u1ea1ng, v\u00ed d\u1ee5 ki\u1ebfn tr\u00fac nh\u00e0 \u1ed1ng, khu chung c\u01b0, nh\u00e0 \u1edf cao c\u1ea5p, bi\u1ec7t th\u1ef1, ph\u00f2ng kh\u00e1ch\u2026<\/span><\/td>\n<\/tr>\n<\/tbody>\n<\/table>\n<h2><b style=\"text-align: justify;\">2. G\u1ea1ch \u1ed1p l\u00e1t RCM6060023S4 &#8211; S\u1ef1 l\u1ef1a ch\u1ecdn ho\u00e0n h\u1ea3o cho m\u1ecdi c\u00f4ng tr\u00ecnh\u00a0<\/b><\/h2>\n<p style=\"text-align: justify;\"><span style=\"font-weight: 400;\">G\u1ea1ch \u1ed1p l\u00e1t RCM6060023S4 \u2013 m\u1ed9t s\u1ef1 k\u1ebft h\u1ee3p ho\u00e0n h\u1ea3o gi\u1eefa s\u1ef1 tinh t\u1ebf v\u00e0 v\u1ebb \u0111\u1eb9p gi\u1ea3n d\u1ecb. V\u1edbi kh\u1ea3 n\u0103ng l\u00e0m n\u1ed5i b\u1eadt m\u1ecdi v\u1eadt th\u1ec3 m\u00e0 kh\u00f4ng l\u00e0m m\u1ea5t \u0111i kh\u00f4ng gian, g\u1ea1ch RCM6060023S4 h\u1ee9a h\u1eb9n mang \u0111\u1ebfn cho ng\u01b0\u1eddi d\u00f9ng nh\u1eefng tr\u1ea3i nghi\u1ec7m v\u01b0\u1ee3t tr\u1ed9i.<\/span><\/p>\n<figure id=\"attachment_30533\" aria-describedby=\"caption-attachment-30533\" style=\"width: 1024px\" class=\"wp-caption aligncenter\"><img decoding=\"async\" class=\"size-large wp-image-30533\" src=\"https:\/\/cmctiles.vn\/wp-content\/uploads\/2024\/07\/RCM6060023S4-PC-1024x819.jpg\" alt=\"\" width=\"1024\" height=\"819\" title=\"\" srcset=\"https:\/\/cmctiles.vn\/wp-content\/uploads\/2024\/07\/RCM6060023S4-PC-1024x819.jpg 1024w, https:\/\/cmctiles.vn\/wp-content\/uploads\/2024\/07\/RCM6060023S4-PC-300x240.jpg 300w, https:\/\/cmctiles.vn\/wp-content\/uploads\/2024\/07\/RCM6060023S4-PC-768x614.jpg 768w, https:\/\/cmctiles.vn\/wp-content\/uploads\/2024\/07\/RCM6060023S4-PC-1536x1229.jpg 1536w, https:\/\/cmctiles.vn\/wp-content\/uploads\/2024\/07\/RCM6060023S4-PC-2048x1638.jpg 2048w, https:\/\/cmctiles.vn\/wp-content\/uploads\/2024\/07\/RCM6060023S4-PC-15x12.jpg 15w, https:\/\/cmctiles.vn\/wp-content\/uploads\/2024\/07\/RCM6060023S4-PC-350x280.jpg 350w, https:\/\/cmctiles.vn\/wp-content\/uploads\/2024\/07\/RCM6060023S4-PC-500x400.jpg 500w\" sizes=\"(max-width: 1024px) 100vw, 1024px\" \/><figcaption id=\"caption-attachment-30533\" class=\"wp-caption-text\">G\u1ea1ch \u1ed1p l\u00e1t RCM6060023S4 t\u00f4n l\u00ean v\u1ebb \u0111\u1eb9p c\u1ee7a nh\u1eefng m\u00f3n \u0111\u1ed3 n\u1ed9i th\u1ea5t trong kh\u00f4n gian s\u1ed1ng c\u1ee7a gia ch\u1ee7<\/figcaption><\/figure>\n<h3 style=\"text-align: justify;\"><b>2.1. Thi\u1ebft k\u1ebf t\u1ed1i gi\u1ea3n nh\u01b0ng t\u1ea1o n\u00ean t\u1ed5ng th\u1ec3 \u0111\u1ea7y cu\u1ed1n h\u00fat\u00a0<\/b><\/h3>\n<p style=\"text-align: justify;\"><span style=\"font-weight: 400;\">\u0110i\u1ec3m nh\u1ea5n c\u1ee7a g\u1ea1ch \u1ed1p l\u00e1t RCM6060023S4 ch\u00ednh l\u00e0 thi\u1ebft k\u1ebf m\u1ecbn l\u00ec v\u1edbi m\u00e0u x\u00e1m sang tr\u1ecdng, t\u1ea1o n\u00ean s\u1ef1 \u0111\u1ed3ng \u0111i\u1ec7u v\u00e0 h\u00e0i h\u00f2a cho m\u1ecdi kh\u00f4ng gian. S\u1ea3n ph\u1ea9m g\u1ea1ch \u1ed1p l\u00e1t \u0111\u1eb7c bi\u1ec7t ph\u00f9 h\u1ee3p v\u1edbi kh\u00f4ng gian s\u1ed1ng c\u00f3 \u0111\u1ed3 n\u1ed9i th\u1ea5t mang m\u00e0u s\u00e1ng, nh\u1eb1m t\u00f4n l\u00ean v\u1ebb \u0111\u1eb9p c\u1ee7a t\u1eebng m\u00f3n \u0111\u1ed3 c\u00f3 trong m\u00e1i \u1ea5m c\u1ee7a gia ch\u1ee7.\u00a0<\/span><\/p>\n<h3 style=\"text-align: justify;\"><b>2.2. Ch\u1ea5t l\u01b0\u1ee3ng \u01b0u vi\u1ec7t so v\u1edbi gi\u00e1 ti\u1ec1n\u00a0<\/b><\/h3>\n<p style=\"text-align: justify;\"><span style=\"font-weight: 400;\">S\u1ea3n xu\u1ea5t tr\u00ean d\u00e2y chuy\u1ec1n hi\u1ec7n \u0111\u1ea1i v\u00e0 ti\u00ean ti\u1ebfn, g\u1ea1ch \u1ed1p l\u00e1t RCM6060023S4 s\u1edf h\u1eefu \u0111\u1ed9 b\u1ec1n m\u00e0u cao, kh\u00f4ng b\u1ecb phai m\u00e0u theo th\u1eddi gian. Nh\u1edd s\u1ea3n xu\u1ea5t b\u1eb1ng ch\u1ea5t li\u1ec7u ceramic \u0111\u01b0\u1ee3c nung \u1edf nhi\u1ec7t \u0111\u1ed9 tr\u00ean 1000 \u0111\u1ed9 C, g\u1ea1ch RCM6060023S4 c\u00f3 kh\u1ea3 n\u0103ng ch\u1ecbu l\u1ef1c t\u1ed1t, th\u00edch h\u1ee3p s\u1eed d\u1ee5ng cho nhi\u1ec1u h\u1ea1ng m\u1ee5c c\u00f4ng tr\u00ecnh kh\u00e1c nhau. B\u1ec1 m\u1eb7t g\u1ea1ch \u0111\u01b0\u1ee3c ph\u1ee7 l\u1edbp men matt n\u00ean c\u00f3 kh\u1ea3 n\u0103ng ch\u1ed1ng tr\u01a1n tr\u01b0\u1ee3t hi\u1ec7u qu\u1ea3, \u0111\u1ea3m b\u1ea3o an to\u00e0n cho ng\u01b0\u1eddi s\u1eed d\u1ee5ng, \u0111\u1eb7c bi\u1ec7t l\u00e0 gia \u0111\u00ecnh c\u00f3 tr\u1ebb nh\u1ecf v\u00e0 ng\u01b0\u1eddi cao tu\u1ed5i.<\/span><\/p>\n<p style=\"text-align: justify;\"><span style=\"font-weight: 400;\">Tr\u00ean \u0111\u00e2y l\u00e0 nh\u1eefng \u0111\u1eb7c \u0111i\u1ec3m n\u1ed5i b\u1eadt v\u00e0 l\u01b0u \u00fd khi qu\u00fd kh\u00e1ch l\u1ef1a ch\u1ecdn v\u00e0 s\u1eed d\u1ee5ng g\u1ea1ch \u1ed1p l\u00e1t RCM6060023S4. Hy v\u1ecdng b\u00e0i vi\u1ebft s\u1ebd gi\u00fap \u00edch cho qu\u00fd v\u1ecb \u0111\u1ec3 l\u1ef1a ch\u1ecdn \u0111\u01b0\u1ee3c s\u1ea3n ph\u1ea9m ph\u00f9 h\u1ee3p nh\u1ea5t v\u1edbi kh\u00f4ng gian v\u00e0 chi ph\u00ed c\u1ee7a gia \u0111\u00ecnh.\u00a0<\/span><\/p>\n<p style=\"text-align: justify;\"><span style=\"font-weight: 400;\">Vui l\u00f2ng \u0111\u1ec3 l\u1ea1i th\u00f4ng tin d\u01b0\u1edbi h\u1ed9p th\u01b0 d\u01b0\u1edbi \u0111\u00e2y n\u1ebfu qu\u00fd v\u1ecb c\u1ea7n gi\u1ea3i \u0111\u00e1p th\u1eafc m\u1eafc ho\u1eb7c nh\u1eadn s\u1ef1 t\u01b0 v\u1ea5n t\u1eeb chuy\u00ean gia c\u1ee7a CMC Tiles!<\/span><\/p>","protected":false},"excerpt":{"rendered":"<p>Trong th\u1eddi \u0111\u1ea1i tr\u00e0n ng\u1eadp nh\u1eefng c\u00f4ng tr\u00ecnh n\u1ed5i b\u1eadt v\u00e0 l\u1ed9ng l\u1eaby, g\u1ea1ch l\u00e1t s\u00e0n x\u00e1m tr\u1ea7m v\u1eabn \u00e2m th\u1ea7m kh\u1eb3ng \u0111\u1ecbnh gi\u00e1 tr\u1ecb c\u1ee7a m\u00ecnh nh\u01b0 m\u1ed9t v\u1eadt li\u1ec7u n\u1ec1n t\u1ea3ng cho nh\u1eefng c\u00f4ng tr\u00ecnh ki\u1ebfn tr\u00fac v\u01b0\u1ee3t th\u1eddi gian. L\u1ea5y c\u1ea3m h\u1ee9ng t\u1eeb \u0111\u00f3, g\u1ea1ch \u1ed1p l\u00e1t RCM6060023S4 kh\u00f4ng ch\u1ec9 mang l\u1ea1i [&hellip;]<\/p>\n","protected":false},"featured_media":30534,"comment_status":"open","ping_status":"closed","template":"","meta":[],"product_brand":[],"product_cat":[1009,1015,1076,1134],"product_tag":[],"class_list":{"0":"post-30532","1":"product","2":"type-product","3":"status-publish","4":"has-post-thumbnail","6":"product_cat-ceramic","7":"product_cat-gach-lat","8":"product_cat-gach-op-lat","9":"product_cat-gach-op-lat-refina","11":"first","12":"instock","13":"taxable","14":"shipping-taxable","15":"purchasable","16":"product-type-simple"},"_links":{"self":[{"href":"https:\/\/cmctiles.vn\/en\/wp-json\/wp\/v2\/product\/30532","targetHints":{"allow":["GET"]}}],"collection":[{"href":"https:\/\/cmctiles.vn\/en\/wp-json\/wp\/v2\/product"}],"about":[{"href":"https:\/\/cmctiles.vn\/en\/wp-json\/wp\/v2\/types\/product"}],"replies":[{"embeddable":true,"href":"https:\/\/cmctiles.vn\/en\/wp-json\/wp\/v2\/comments?post=30532"}],"version-history":[{"count":2,"href":"https:\/\/cmctiles.vn\/en\/wp-json\/wp\/v2\/product\/30532\/revisions"}],"predecessor-version":[{"id":30536,"href":"https:\/\/cmctiles.vn\/en\/wp-json\/wp\/v2\/product\/30532\/revisions\/30536"}],"wp:featuredmedia":[{"embeddable":true,"href":"https:\/\/cmctiles.vn\/en\/wp-json\/wp\/v2\/media\/30534"}],"wp:attachment":[{"href":"https:\/\/cmctiles.vn\/en\/wp-json\/wp\/v2\/media?parent=30532"}],"wp:term":[{"taxonomy":"product_brand","embeddable":true,"href":"https:\/\/cmctiles.vn\/en\/wp-json\/wp\/v2\/product_brand?post=30532"},{"taxonomy":"product_cat","embeddable":true,"href":"https:\/\/cmctiles.vn\/en\/wp-json\/wp\/v2\/product_cat?post=30532"},{"taxonomy":"product_tag","embeddable":true,"href":"https:\/\/cmctiles.vn\/en\/wp-json\/wp\/v2\/product_tag?post=30532"}],"curies":[{"name":"wp","href":"https:\/\/api.w.org\/{rel}","templated":true}]}}