{"id":30522,"date":"2024-07-22T14:04:42","date_gmt":"2024-07-22T07:04:42","guid":{"rendered":"https:\/\/cmctiles.vn\/?post_type=product&#038;p=30522"},"modified":"2024-07-22T14:04:44","modified_gmt":"2024-07-22T07:04:44","slug":"gach-op-lat-phong-cach-hien-dai-mau-ghi-xam-cung-van-da-doc-dao-rcg6060021s4","status":"publish","type":"product","link":"https:\/\/cmctiles.vn\/en\/ceramic\/gach-op-lat-phong-cach-hien-dai-mau-ghi-xam-cung-van-da-doc-dao-rcg6060021s4.html","title":{"rendered":"G\u1ea1ch \u1ed1p l\u00e1t phong c\u00e1ch hi\u1ec7n \u0111\u1ea1i m\u00e0u ghi x\u00e1m c\u00f9ng v\u00e2n \u0111\u00e1 \u0111\u1ed9c \u0111\u00e1o RCG6060021S4"},"content":{"rendered":"<p><span style=\"font-weight: 400;\">G\u1ea1ch \u1ed1p l\u00e1t RCG6060021S4 \u0111\u01b0\u1ee3c thi\u1ebft k\u1ebf v\u00e0 ch\u1ebf t\u00e1c t\u1ec9 m\u1ec9, ch\u00fa tr\u1ecdng \u0111\u1ebfn m\u00e0u s\u1eafc v\u00e0 h\u1ecda ti\u1ebft \u0111\u1ec3 t\u00e1i hi\u1ec7n ch\u00e2n th\u1ef1c nh\u1eefng \u0111\u01b0\u1eddng n\u00e9t ho\u00e0n h\u1ea3o c\u1ee7a \u0111\u00e1 c\u1ea9m th\u1ea1ch, t\u1ea1o n\u00ean v\u1ebb \u0111\u1eb9p trang tr\u1ecdng, b\u1ec1n b\u1ec9 v\u00e0 uy nghi.<\/span><\/p>\n<figure id=\"attachment_30524\" aria-describedby=\"caption-attachment-30524\" style=\"width: 1024px\" class=\"wp-caption aligncenter\"><img fetchpriority=\"high\" decoding=\"async\" class=\"size-large wp-image-30524\" src=\"https:\/\/cmctiles.vn\/wp-content\/uploads\/2024\/07\/RCG6060021S4-1-1024x1024.jpg\" alt=\"\" width=\"1024\" height=\"1024\" title=\"\" srcset=\"https:\/\/cmctiles.vn\/wp-content\/uploads\/2024\/07\/RCG6060021S4-1-1024x1024.jpg 1024w, https:\/\/cmctiles.vn\/wp-content\/uploads\/2024\/07\/RCG6060021S4-1-300x300.jpg 300w, https:\/\/cmctiles.vn\/wp-content\/uploads\/2024\/07\/RCG6060021S4-1-150x150.jpg 150w, https:\/\/cmctiles.vn\/wp-content\/uploads\/2024\/07\/RCG6060021S4-1-768x768.jpg 768w, https:\/\/cmctiles.vn\/wp-content\/uploads\/2024\/07\/RCG6060021S4-1-1536x1536.jpg 1536w, https:\/\/cmctiles.vn\/wp-content\/uploads\/2024\/07\/RCG6060021S4-1-2048x2048.jpg 2048w, https:\/\/cmctiles.vn\/wp-content\/uploads\/2024\/07\/RCG6060021S4-1-12x12.jpg 12w, https:\/\/cmctiles.vn\/wp-content\/uploads\/2024\/07\/RCG6060021S4-1-280x280.jpg 280w, https:\/\/cmctiles.vn\/wp-content\/uploads\/2024\/07\/RCG6060021S4-1-600x600.jpg 600w, https:\/\/cmctiles.vn\/wp-content\/uploads\/2024\/07\/RCG6060021S4-1-500x500.jpg 500w, https:\/\/cmctiles.vn\/wp-content\/uploads\/2024\/07\/RCG6060021S4-1-100x100.jpg 100w\" sizes=\"(max-width: 1024px) 100vw, 1024px\" \/><figcaption id=\"caption-attachment-30524\" class=\"wp-caption-text\">Thi\u1ebft k\u1ebf \u1ea5n t\u01b0\u1ee3ng t\u00e1i hi\u1ec7n tr\u1ecdn v\u1eb9n v\u1ebb \u0111\u1eb9p \u0111\u00e1 c\u1ea9m th\u1ea1ch c\u1ee7a g\u1ea1ch \u1ed1p l\u00e1t RCG6060021S4<\/figcaption><\/figure>\n<h2><b>1. Th\u00f4ng s\u1ed1 s\u1ea3n ph\u1ea9m\u00a0<\/b><\/h2>\n<table style=\"width: 89.3481%; height: 538px;\">\n<tbody>\n<tr style=\"height: 43px;\">\n<td style=\"height: 43px;\"><span style=\"font-weight: 400;\">M\u00e3 s\u1ea3n ph\u1ea9m<\/span><\/td>\n<td style=\"height: 43px;\"><span style=\"font-weight: 400;\">RCG6060020S4<\/span><\/td>\n<\/tr>\n<tr style=\"height: 43px;\">\n<td style=\"height: 43px;\"><span style=\"font-weight: 400;\">BRANDS<\/span><\/td>\n<td style=\"height: 43px;\"><span style=\"font-weight: 400;\">G\u1ea1ch \u1ed1p l\u00e1t REFINA<\/span><\/td>\n<\/tr>\n<tr style=\"height: 43px;\">\n<td style=\"height: 43px;\"><span style=\"font-weight: 400;\">Ph\u00e2n lo\u1ea1i<\/span><\/td>\n<td style=\"height: 43px;\"><span style=\"font-weight: 400;\">Ceramic tiles\u00a0<\/span><\/td>\n<\/tr>\n<tr style=\"height: 43px;\">\n<td style=\"height: 43px;\"><span style=\"font-weight: 400;\">M\u00e0u s\u1eafc<\/span><\/td>\n<td style=\"height: 43px;\"><span style=\"font-weight: 400;\">M\u00e0u ghi x\u00e1m v\u00e2n \u0111\u00e1\u00a0<\/span><\/td>\n<\/tr>\n<tr style=\"height: 43px;\">\n<td style=\"height: 43px;\"><span style=\"font-weight: 400;\">Sizes<\/span><\/td>\n<td style=\"height: 43px;\"><span style=\"font-weight: 400;\">600&#215;600 mm<\/span><\/td>\n<\/tr>\n<tr style=\"height: 43px;\">\n<td style=\"height: 43px;\"><span style=\"font-weight: 400;\">\u0110\u1ed9 d\u00e0y<\/span><\/td>\n<td style=\"height: 43px;\"><span style=\"font-weight: 400;\">9,0 mm<\/span><\/td>\n<\/tr>\n<tr style=\"height: 43px;\">\n<td style=\"height: 43px;\"><span style=\"font-weight: 400;\">MATERIALS\u00a0<\/span><\/td>\n<td style=\"height: 43px;\"><span style=\"font-weight: 400;\">Ceramic\u00a0<\/span><\/td>\n<\/tr>\n<tr style=\"height: 43px;\">\n<td style=\"height: 43px;\"><span style=\"font-weight: 400;\">Surfaces<\/span><\/td>\n<td style=\"height: 43px;\"><span style=\"font-weight: 400;\">Glossy Glaze\u00a0<\/span><\/td>\n<\/tr>\n<tr style=\"height: 151px;\">\n<td style=\"height: 151px;\"><span style=\"font-weight: 400;\">Outstanding features<\/span><\/td>\n<td style=\"height: 151px;\">\n<ul>\n<li style=\"font-weight: 400;\" aria-level=\"1\"><span style=\"font-weight: 400;\">Gi\u00e1 th\u00e0nh ph\u1ea3i ch\u0103ng, ph\u1ed5 th\u00f4ng linh ho\u1ea1t<\/span><\/li>\n<li style=\"font-weight: 400;\" aria-level=\"1\"><span style=\"font-weight: 400;\">Kh\u1ea3 n\u0103ng ch\u1ecbu l\u1ef1c, ch\u1ecbu m\u00e0i m\u00f2i cao<\/span><\/li>\n<li style=\"font-weight: 400;\" aria-level=\"1\"><span style=\"font-weight: 400;\">Anti-acid, anti-slip<\/span><\/li>\n<li style=\"font-weight: 400;\" aria-level=\"1\"><span style=\"font-weight: 400;\">Non-ignition, non-expansion<\/span><\/li>\n<li style=\"font-weight: 400;\" aria-level=\"1\"><span style=\"font-weight: 400;\">Easy to clean, anti-bacterial, anti-mildew<\/span><\/li>\n<\/ul>\n<\/td>\n<\/tr>\n<tr style=\"height: 43px;\">\n<td style=\"height: 43px;\"><span style=\"font-weight: 400;\">APPLICATIONS<\/span><\/td>\n<td style=\"height: 43px;\"><span style=\"font-weight: 400;\">\u0110a d\u1ea1ng, v\u00ed d\u1ee5 ki\u1ebfn tr\u00fac nh\u00e0 \u1ed1ng, khu chung c\u01b0, nh\u00e0 \u1edf cao c\u1ea5p, bi\u1ec7t th\u1ef1, ph\u00f2ng kh\u00e1ch\u2026<\/span><\/td>\n<\/tr>\n<\/tbody>\n<\/table>\n<h2><b>2. G\u1ea1ch \u1ed1p l\u00e1t RCG6060021S4 &#8211; S\u1ef1 l\u1ef1a ch\u1ecdn ho\u00e0n h\u1ea3o cho m\u1ecdi c\u00f4ng tr\u00ecnh\u00a0<\/b><\/h2>\n<p><span style=\"font-weight: 400;\">G\u1ea1ch \u1ed1p l\u00e1t RCG6060021S4 l\u00e0 s\u1ea3n ph\u1ea9m n\u1ed5i b\u1eadt v\u1edbi hoa v\u0103n tinh x\u1ea3o, \u0111\u01b0\u1ee3c \u0111\u00e1nh gi\u00e1 cao v\u1ec1 kh\u1ea3 n\u0103ng ch\u1ed1ng ch\u1ecbu l\u1ef1c, ch\u1ed1ng m\u00e0i m\u00f2n v\u00e0 \u0111\u1ed9 b\u1ec1n \u0111\u1eb9p, khi\u1ebfn g\u1ea1ch RCG6060021S4 tr\u1edf th\u00e0nh s\u1ef1 l\u1ef1a ch\u1ecdn \u01b0u ti\u00ean \u0111\u1ed1i v\u1edbi nhi\u1ec1u gia ch\u1ee7.\u00a0<\/span><\/p>\n<figure id=\"attachment_30525\" aria-describedby=\"caption-attachment-30525\" style=\"width: 1024px\" class=\"wp-caption aligncenter\"><img decoding=\"async\" class=\"size-large wp-image-30525\" src=\"https:\/\/cmctiles.vn\/wp-content\/uploads\/2024\/07\/RCG6060021S4-2-1024x819.jpg\" alt=\"\" width=\"1024\" height=\"819\" title=\"\" srcset=\"https:\/\/cmctiles.vn\/wp-content\/uploads\/2024\/07\/RCG6060021S4-2-1024x819.jpg 1024w, https:\/\/cmctiles.vn\/wp-content\/uploads\/2024\/07\/RCG6060021S4-2-300x240.jpg 300w, https:\/\/cmctiles.vn\/wp-content\/uploads\/2024\/07\/RCG6060021S4-2-768x614.jpg 768w, https:\/\/cmctiles.vn\/wp-content\/uploads\/2024\/07\/RCG6060021S4-2-1536x1229.jpg 1536w, https:\/\/cmctiles.vn\/wp-content\/uploads\/2024\/07\/RCG6060021S4-2-2048x1638.jpg 2048w, https:\/\/cmctiles.vn\/wp-content\/uploads\/2024\/07\/RCG6060021S4-2-15x12.jpg 15w, https:\/\/cmctiles.vn\/wp-content\/uploads\/2024\/07\/RCG6060021S4-2-350x280.jpg 350w, https:\/\/cmctiles.vn\/wp-content\/uploads\/2024\/07\/RCG6060021S4-2-500x400.jpg 500w\" sizes=\"(max-width: 1024px) 100vw, 1024px\" \/><figcaption id=\"caption-attachment-30525\" class=\"wp-caption-text\">G\u1ea1ch \u1ed1p l\u00e1t RCG6060021S4 \u0111\u01b0\u1ee3c nhi\u1ec1u gia ch\u1ee7 tin d\u00f9ng v\u00ec thi\u1ebft k\u1ebf hi\u1ec7n \u0111\u1ea1i, ch\u1ea5t l\u01b0\u1ee3ng cao so v\u1edbi t\u1ea7m gi\u00e1<\/figcaption><\/figure>\n<h3><b>2.1. Phong c\u00e1ch thi\u1ebft k\u1ebf v\u1edbi hoa v\u0103n v\u00e0 m\u00e0u s\u1eafc n\u1ed5i b\u1eadt<\/b><\/h3>\n<p><span style=\"font-weight: 400;\">G\u1ea1ch \u1ed1p l\u00e1t RCG6060021S4 \u00e1p d\u1ee5ng c\u00f4ng ngh\u1ec7 in k\u1ef9 thu\u1eadt s\u1ed1 ti\u00ean ti\u1ebfn c\u00f9ng v\u1edbi hi\u1ec7u \u1ee9ng men b\u00f3ng m\u1ecbn, \u0111\u00e3 t\u00e1i hi\u1ec7n ho\u00e0n h\u1ea3o v\u1ebb \u0111\u1eb9p c\u1ee7a \u0111\u00e1 c\u1ea9m th\u1ea1ch. T\u00f4ng m\u00e0u ghi x\u00e1m th\u1eddi th\u01b0\u1ee3ng kh\u00f4ng ch\u1ec9 t\u00f4n l\u00ean v\u1ebb \u0111\u1eb9p hi\u1ec7n \u0111\u1ea1i c\u1ee7a kh\u00f4ng gian m\u00e0 c\u00f2n \u0111\u1ea3m b\u1ea3o kh\u1ea3 n\u0103ng \u1ee9ng d\u1ee5ng linh ho\u1ea1t.<\/span><\/p>\n<h3><b>2.2. Tu\u1ed5i th\u1ecd l\u00ean \u0111\u1ebfn h\u00e0ng ch\u1ee5c n\u0103m<\/b><\/h3>\n<p><span style=\"font-weight: 400;\">G\u1ea1ch \u1ed1p l\u00e1t RCG6060021S4 n\u1ed5i b\u1eadt v\u1edbi \u0111\u1ed9 ch\u1ecbu l\u1ef1c v\u00e0 kh\u1ea3 n\u0103ng ch\u1ecbu m\u00e0i m\u00f2n nh\u1edd v\u00e0o x\u01b0\u01a1ng g\u1ea1ch ceramic, khi\u1ebfn cho s\u1ea3n ph\u1ea9m c\u00f3 th\u1ec3 s\u1eed d\u1ee5ng l\u00e2u d\u00e0i m\u00e0 kh\u00f4ng lo b\u1ecb h\u01b0 h\u1ecfng hay gi\u1ea3m ch\u1ea5t l\u01b0\u1ee3ng. C\u00f9ng v\u1edbi \u0111\u00f3, g\u1ea1ch RCG6060021S4 c\u0169ng s\u1edf h\u1eefu kh\u1ea3 n\u0103ng ch\u1ed1ng phai m\u00e0u t\u1ed1t n\u00ean d\u00f9 gia ch\u1ee7 c\u00f3 s\u1eed d\u1ee5ng trong nhi\u1ec1u n\u0103m, g\u1ea1ch v\u1eabn duy tr\u00ec \u0111\u01b0\u1ee3c v\u1ebb \u0111\u1eb9p ban \u0111\u1ea7u kh\u00f4ng b\u1ecb x\u1ec9n m\u00e0u hay xu\u1ed1ng c\u1ea5p do t\u00e1c \u0111\u1ed9ng c\u1ee7a th\u1eddi ti\u1ebft hay c\u00e1c y\u1ebfu t\u1ed1 m\u00f4i tr\u01b0\u1eddng.<\/span><\/p>\n<h3><b>2.3. Nh\u1eefng \u0111\u1eb7c t\u00ednh kh\u00e1c c\u1ee7a s\u1ea3n ph\u1ea9m<\/b><\/h3>\n<p><span style=\"font-weight: 400;\">B\u00ean c\u1ea1nh tu\u1ed5i th\u1ecd d\u00e0i l\u00e2u, g\u1ea1ch \u1ed1p l\u00e1t RCG6060021S4 c\u00f2n mang \u0111\u1ebfn nhi\u1ec1u \u0111\u1eb7c \u0111i\u1ec3m n\u1ed5i b\u1eadt kh\u00e1c gi\u00fap c\u1ea3i thi\u1ec7n ch\u1ea5t l\u01b0\u1ee3ng kh\u00f4ng gian s\u1ed1ng. Nh\u1edd v\u00e0o ch\u1ea5t li\u1ec7u men b\u00f3ng, g\u1ea1ch RCG6060021S4 c\u00f3 t\u00ednh n\u0103ng kh\u00f4ng th\u1ea5m n\u01b0\u1edbc c\u00f9ng \u0111\u1ed9 m\u01b0\u1edbt m\u1ecbn, t\u1ea1o ra c\u1ea3m gi\u00e1c tho\u1ea3i m\u00e1i cho ng\u01b0\u1eddi s\u1eed d\u1ee5ng, \u0111\u1eb7c bi\u1ec7t trong nh\u1eefng ng\u00e0y h\u00e8 oi \u1ea3.<\/span><\/p>\n<p><span style=\"font-weight: 400;\">Tr\u00ean \u0111\u00e2y l\u00e0 nh\u1eefng \u0111\u1eb7c \u0111i\u1ec3m n\u1ed5i b\u1eadt v\u00e0 l\u01b0u \u00fd khi qu\u00fd kh\u00e1ch l\u1ef1a ch\u1ecdn v\u00e0 s\u1eed d\u1ee5ng g\u1ea1ch \u1ed1p l\u00e1t RCG6060021S4. Hy v\u1ecdng b\u00e0i vi\u1ebft s\u1ebd gi\u00fap \u00edch cho qu\u00fd v\u1ecb \u0111\u1ec3 l\u1ef1a ch\u1ecdn \u0111\u01b0\u1ee3c s\u1ea3n ph\u1ea9m ph\u00f9 h\u1ee3p nh\u1ea5t v\u1edbi kh\u00f4ng gian v\u00e0 chi ph\u00ed c\u1ee7a gia \u0111\u00ecnh.\u00a0<\/span><\/p>\n<p><span style=\"font-weight: 400;\">Vui l\u00f2ng \u0111\u1ec3 l\u1ea1i th\u00f4ng tin d\u01b0\u1edbi h\u1ed9p th\u01b0 d\u01b0\u1edbi \u0111\u00e2y n\u1ebfu qu\u00fd v\u1ecb c\u1ea7n gi\u1ea3i \u0111\u00e1p th\u1eafc m\u1eafc ho\u1eb7c nh\u1eadn s\u1ef1 t\u01b0 v\u1ea5n t\u1eeb chuy\u00ean gia c\u1ee7a CMC Tiles!<\/span><\/p>\n<p>&nbsp;<\/p>","protected":false},"excerpt":{"rendered":"<p>G\u1ea1ch \u1ed1p l\u00e1t RCG6060021S4 \u0111\u01b0\u1ee3c thi\u1ebft k\u1ebf v\u00e0 ch\u1ebf t\u00e1c t\u1ec9 m\u1ec9, ch\u00fa tr\u1ecdng \u0111\u1ebfn m\u00e0u s\u1eafc v\u00e0 h\u1ecda ti\u1ebft \u0111\u1ec3 t\u00e1i hi\u1ec7n ch\u00e2n th\u1ef1c nh\u1eefng \u0111\u01b0\u1eddng n\u00e9t ho\u00e0n h\u1ea3o c\u1ee7a \u0111\u00e1 c\u1ea9m th\u1ea1ch, t\u1ea1o n\u00ean v\u1ebb \u0111\u1eb9p trang tr\u1ecdng, b\u1ec1n b\u1ec9 v\u00e0 uy nghi. 1. Th\u00f4ng s\u1ed1 s\u1ea3n ph\u1ea9m\u00a0 M\u00e3 s\u1ea3n ph\u1ea9m RCG6060020S4 Th\u01b0\u01a1ng [&hellip;]<\/p>\n","protected":false},"featured_media":30524,"comment_status":"open","ping_status":"closed","template":"","meta":[],"product_brand":[],"product_cat":[1009,1015,1083,1076,1134],"product_tag":[],"class_list":{"0":"post-30522","1":"product","2":"type-product","3":"status-publish","4":"has-post-thumbnail","6":"product_cat-ceramic","7":"product_cat-gach-lat","8":"product_cat-gach-lat-nen-van-da","9":"product_cat-gach-op-lat","10":"product_cat-gach-op-lat-refina","12":"first","13":"instock","14":"taxable","15":"shipping-taxable","16":"purchasable","17":"product-type-simple"},"_links":{"self":[{"href":"https:\/\/cmctiles.vn\/en\/wp-json\/wp\/v2\/product\/30522","targetHints":{"allow":["GET"]}}],"collection":[{"href":"https:\/\/cmctiles.vn\/en\/wp-json\/wp\/v2\/product"}],"about":[{"href":"https:\/\/cmctiles.vn\/en\/wp-json\/wp\/v2\/types\/product"}],"replies":[{"embeddable":true,"href":"https:\/\/cmctiles.vn\/en\/wp-json\/wp\/v2\/comments?post=30522"}],"version-history":[{"count":1,"href":"https:\/\/cmctiles.vn\/en\/wp-json\/wp\/v2\/product\/30522\/revisions"}],"predecessor-version":[{"id":30526,"href":"https:\/\/cmctiles.vn\/en\/wp-json\/wp\/v2\/product\/30522\/revisions\/30526"}],"wp:featuredmedia":[{"embeddable":true,"href":"https:\/\/cmctiles.vn\/en\/wp-json\/wp\/v2\/media\/30524"}],"wp:attachment":[{"href":"https:\/\/cmctiles.vn\/en\/wp-json\/wp\/v2\/media?parent=30522"}],"wp:term":[{"taxonomy":"product_brand","embeddable":true,"href":"https:\/\/cmctiles.vn\/en\/wp-json\/wp\/v2\/product_brand?post=30522"},{"taxonomy":"product_cat","embeddable":true,"href":"https:\/\/cmctiles.vn\/en\/wp-json\/wp\/v2\/product_cat?post=30522"},{"taxonomy":"product_tag","embeddable":true,"href":"https:\/\/cmctiles.vn\/en\/wp-json\/wp\/v2\/product_tag?post=30522"}],"curies":[{"name":"wp","href":"https:\/\/api.w.org\/{rel}","templated":true}]}}