{"id":30518,"date":"2024-07-22T13:41:51","date_gmt":"2024-07-22T06:41:51","guid":{"rendered":"https:\/\/cmctiles.vn\/?post_type=product&#038;p=30518"},"modified":"2024-07-22T13:41:56","modified_gmt":"2024-07-22T06:41:56","slug":"gach-op-lat-trang-su-diem-xuyet-van-da-xanh-doc-dao-rcg6060020s4","status":"publish","type":"product","link":"https:\/\/cmctiles.vn\/en\/ceramic\/gach-op-lat-trang-su-diem-xuyet-van-da-xanh-doc-dao-rcg6060020s4.html","title":{"rendered":"G\u1ea1ch \u1ed1p l\u00e1t tr\u1eafng s\u1ee9 \u0111i\u1ec3m xuy\u1ebft v\u00e2n \u0111\u00e1 xanh \u0111\u1ed9c \u0111\u00e1o RCG6060020S4"},"content":{"rendered":"<p style=\"text-align: justify;\"><span style=\"font-weight: 400;\">V\u1edbi thi\u1ebft k\u1ebf \u0111\u1ed9c \u0111\u00e1o v\u00e0 m\u1edbi l\u1ea1 trong gam m\u00e0u tr\u1eafng v\u00e0 xanh l\u00e1, s\u1ea3n ph\u1ea9m g\u1ea1ch \u1ed1p l\u00e1t RCG6060020S4 nh\u01b0 \u0111em c\u1ea3 \u0111\u1ea5t tr\u1eddi h\u00f2a quy\u1ec7n ho\u00e0n h\u1ea3o v\u00e0o m\u00e1i \u1ea5m c\u1ee7a gia ch\u1ee7. \u0110\u01b0\u1ee3c s\u1ea3n xu\u1ea5t b\u1eb1ng c\u00f4ng ngh\u1ec7 ti\u00ean ti\u1ebfn, v\u1edbi ph\u1ea7n x\u01b0\u01a1ng g\u1ea1ch l\u00e0m t\u1eeb ceramic v\u00e0 b\u1ec1 m\u1eb7t \u0111\u01b0\u1ee3c ph\u1ee7 men b\u00f3ng m\u1ecbn, t\u1ea5t c\u1ea3 gi\u00fap s\u1ea3n ph\u1ea9m kh\u00f4ng ch\u1ec9 gi\u1eef \u0111\u01b0\u1ee3c \u0111\u1ed9 b\u1ec1n b\u1ec9 theo th\u1eddi gian m\u00e0 c\u00f2n mang s\u1eafc th\u00e1i \u0111\u1eb7c tr\u01b0ng c\u1ee7a g\u1ea1ch \u1ed1p l\u00e1t hi\u1ec7n \u0111\u1ea1i.<\/span><\/p>\n<figure id=\"attachment_30520\" aria-describedby=\"caption-attachment-30520\" style=\"width: 1024px\" class=\"wp-caption aligncenter\"><img fetchpriority=\"high\" decoding=\"async\" class=\"size-large wp-image-30520\" src=\"https:\/\/cmctiles.vn\/wp-content\/uploads\/2024\/07\/RCG6060020S4-1024x1024.jpg\" alt=\"\" width=\"1024\" height=\"1024\" title=\"\" srcset=\"https:\/\/cmctiles.vn\/wp-content\/uploads\/2024\/07\/RCG6060020S4-1024x1024.jpg 1024w, https:\/\/cmctiles.vn\/wp-content\/uploads\/2024\/07\/RCG6060020S4-300x300.jpg 300w, https:\/\/cmctiles.vn\/wp-content\/uploads\/2024\/07\/RCG6060020S4-150x150.jpg 150w, https:\/\/cmctiles.vn\/wp-content\/uploads\/2024\/07\/RCG6060020S4-768x768.jpg 768w, https:\/\/cmctiles.vn\/wp-content\/uploads\/2024\/07\/RCG6060020S4-1536x1536.jpg 1536w, https:\/\/cmctiles.vn\/wp-content\/uploads\/2024\/07\/RCG6060020S4-2048x2048.jpg 2048w, https:\/\/cmctiles.vn\/wp-content\/uploads\/2024\/07\/RCG6060020S4-12x12.jpg 12w, https:\/\/cmctiles.vn\/wp-content\/uploads\/2024\/07\/RCG6060020S4-280x280.jpg 280w, https:\/\/cmctiles.vn\/wp-content\/uploads\/2024\/07\/RCG6060020S4-600x600.jpg 600w, https:\/\/cmctiles.vn\/wp-content\/uploads\/2024\/07\/RCG6060020S4-500x500.jpg 500w, https:\/\/cmctiles.vn\/wp-content\/uploads\/2024\/07\/RCG6060020S4-100x100.jpg 100w\" sizes=\"(max-width: 1024px) 100vw, 1024px\" \/><figcaption id=\"caption-attachment-30520\" class=\"wp-caption-text\">Thi\u1ebft k\u1ebf t\u01b0\u1edfng nh\u01b0 \u0111\u01a1n gi\u1ea3n nh\u01b0ng kh\u00f4ng k\u00e9m ph\u1ea7n \u1ea5n t\u01b0\u1ee3ng c\u1ee7a g\u1ea1ch \u1ed1p l\u00e1t RCG6060020S4<\/figcaption><\/figure>\n<p>&nbsp;<\/p>\n<h2 style=\"text-align: justify;\"><b>1. Th\u00f4ng s\u1ed1 s\u1ea3n ph\u1ea9m\u00a0<\/b><\/h2>\n<table>\n<tbody>\n<tr>\n<td><span style=\"font-weight: 400;\">M\u00e3 s\u1ea3n ph\u1ea9m<\/span><\/td>\n<td><span style=\"font-weight: 400;\">RCG6060020S4<\/span><\/td>\n<\/tr>\n<tr>\n<td><span style=\"font-weight: 400;\">BRANDS<\/span><\/td>\n<td><span style=\"font-weight: 400;\">G\u1ea1ch \u1ed1p l\u00e1t REFINA<\/span><\/td>\n<\/tr>\n<tr>\n<td><span style=\"font-weight: 400;\">Ph\u00e2n lo\u1ea1i<\/span><\/td>\n<td><span style=\"font-weight: 400;\">Ceramic tiles\u00a0<\/span><\/td>\n<\/tr>\n<tr>\n<td><span style=\"font-weight: 400;\">M\u00e0u s\u1eafc<\/span><\/td>\n<td><span style=\"font-weight: 400;\">M\u00e0u tr\u1eafng v\u00e2n \u0111\u00e1 xanh<\/span><\/td>\n<\/tr>\n<tr>\n<td><span style=\"font-weight: 400;\">Sizes<\/span><\/td>\n<td><span style=\"font-weight: 400;\">600&#215;600 mm<\/span><\/td>\n<\/tr>\n<tr>\n<td><span style=\"font-weight: 400;\">\u0110\u1ed9 d\u00e0y<\/span><\/td>\n<td><span style=\"font-weight: 400;\">9,0 mm<\/span><\/td>\n<\/tr>\n<tr>\n<td><span style=\"font-weight: 400;\">MATERIALS\u00a0<\/span><\/td>\n<td><span style=\"font-weight: 400;\">Ceramic\u00a0<\/span><\/td>\n<\/tr>\n<tr>\n<td><span style=\"font-weight: 400;\">Surfaces<\/span><\/td>\n<td><span style=\"font-weight: 400;\">Glossy Glaze\u00a0<\/span><\/td>\n<\/tr>\n<tr>\n<td><span style=\"font-weight: 400;\">Outstanding features<\/span><\/td>\n<td>\n<ul>\n<li style=\"font-weight: 400;\" aria-level=\"1\"><span style=\"font-weight: 400;\">Gi\u00e1 th\u00e0nh ph\u1ea3i ch\u0103ng, ph\u1ed5 th\u00f4ng linh ho\u1ea1t<\/span><\/li>\n<li style=\"font-weight: 400;\" aria-level=\"1\"><span style=\"font-weight: 400;\">Kh\u1ea3 n\u0103ng ch\u1ecbu l\u1ef1c, ch\u1ecbu m\u00e0i m\u00f2i cao<\/span><\/li>\n<li style=\"font-weight: 400;\" aria-level=\"1\"><span style=\"font-weight: 400;\">Anti-acid, anti-slip<\/span><\/li>\n<li style=\"font-weight: 400;\" aria-level=\"1\"><span style=\"font-weight: 400;\">Non-ignition, non-expansion<\/span><\/li>\n<li style=\"font-weight: 400;\" aria-level=\"1\"><span style=\"font-weight: 400;\">Easy to clean, anti-bacterial, anti-mildew<\/span><\/li>\n<\/ul>\n<\/td>\n<\/tr>\n<tr>\n<td><span style=\"font-weight: 400;\">APPLICATIONS<\/span><\/td>\n<td><span style=\"font-weight: 400;\">\u0110a d\u1ea1ng, v\u00ed d\u1ee5 ki\u1ebfn tr\u00fac nh\u00e0 \u1ed1ng, khu chung c\u01b0, nh\u00e0 \u1edf cao c\u1ea5p, bi\u1ec7t th\u1ef1, ph\u00f2ng kh\u00e1ch\u2026<\/span><\/td>\n<\/tr>\n<\/tbody>\n<\/table>\n<h2 style=\"text-align: justify;\"><b>2. G\u1ea1ch \u1ed1p l\u00e1t RCG6060020S4 &#8211; S\u1ef1 l\u1ef1a ch\u1ecdn ho\u00e0n h\u1ea3o cho m\u1ecdi c\u00f4ng tr\u00ecnh\u00a0<\/b><\/h2>\n<h3 style=\"text-align: justify;\"><span style=\"font-weight: 400; font-size: 12pt;\">S\u1ea3n ph\u1ea9m g\u1ea1ch \u1ed1p l\u00e1t RCG6060020S4 c\u1ee7a CMC \u0111\u01b0\u1ee3c ch\u1ebf t\u1ea1o tr\u00ean d\u00e2y chuy\u1ec1n c\u00f4ng ngh\u1ec7 ti\u00ean ti\u1ebfn, gi\u00fap gi\u1ea3m thi\u1ec3u t\u1ed1i \u0111a hi\u1ec7n t\u01b0\u1ee3ng m\u00e0i m\u00f2n v\u00e0 b\u00e1m b\u1ea9n. M\u1ed7i vi\u00ean g\u1ea1ch tr\u1ea3i qua qu\u00e1 tr\u00ecnh nung \u1edf nhi\u1ec7t \u0111\u1ed9 l\u00ean \u0111\u1ebfn 1200 \u0111\u1ed9 C, do \u0111\u00f3 c\u00f3 kh\u1ea3 n\u0103ng ch\u1ecbu l\u1ef1c t\u1ed1t trong nhi\u1ec1u \u0111i\u1ec1u ki\u1ec7n m\u00f4i tr\u01b0\u1eddng.\u00a0<\/span><\/h3>\n<figure id=\"attachment_30519\" aria-describedby=\"caption-attachment-30519\" style=\"width: 1024px\" class=\"wp-caption aligncenter\"><img decoding=\"async\" class=\"size-large wp-image-30519\" src=\"https:\/\/cmctiles.vn\/wp-content\/uploads\/2024\/07\/RCG6060020S4-1-1024x819.jpg\" alt=\"\" width=\"1024\" height=\"819\" title=\"\" srcset=\"https:\/\/cmctiles.vn\/wp-content\/uploads\/2024\/07\/RCG6060020S4-1-1024x819.jpg 1024w, https:\/\/cmctiles.vn\/wp-content\/uploads\/2024\/07\/RCG6060020S4-1-300x240.jpg 300w, https:\/\/cmctiles.vn\/wp-content\/uploads\/2024\/07\/RCG6060020S4-1-768x614.jpg 768w, https:\/\/cmctiles.vn\/wp-content\/uploads\/2024\/07\/RCG6060020S4-1-1536x1229.jpg 1536w, https:\/\/cmctiles.vn\/wp-content\/uploads\/2024\/07\/RCG6060020S4-1-2048x1638.jpg 2048w, https:\/\/cmctiles.vn\/wp-content\/uploads\/2024\/07\/RCG6060020S4-1-15x12.jpg 15w, https:\/\/cmctiles.vn\/wp-content\/uploads\/2024\/07\/RCG6060020S4-1-350x280.jpg 350w, https:\/\/cmctiles.vn\/wp-content\/uploads\/2024\/07\/RCG6060020S4-1-500x400.jpg 500w\" sizes=\"(max-width: 1024px) 100vw, 1024px\" \/><figcaption id=\"caption-attachment-30519\" class=\"wp-caption-text\">Kh\u00f4ng gian s\u1ed1ng c\u1ee7a gia ch\u1ee7 th\u00eam ph\u1ea7n \u0111\u1ed9c \u0111\u00e1o nh\u1edd v\u00e0o g\u1ea1ch \u1ed1p l\u00e1t RCG6060020S4<\/figcaption><\/figure>\n<h3><b>2.1. S\u1ef1 giao thoa c\u1ee7a \u0111\u1ea5t tr\u1eddi tr\u00ean t\u1eebng vi\u00ean g\u1ea1ch<\/b><\/h3>\n<p style=\"text-align: justify;\"><span style=\"font-weight: 400;\">G\u1ea1ch \u1ed1p l\u00e1t RCG6060020S4 l\u00e0 s\u1ef1 k\u1ebft h\u1ee3p h\u00e0i h\u00f2a gi\u1eefa hai gam m\u00e0u ch\u1ee7 \u0111\u1ea1o: tr\u1eafng v\u00e0 xanh l\u00e1 c\u00e2y. T\u00f4ng m\u00e0u tr\u1eafng tinh kh\u00f4i nh\u01b0 b\u1ea7u tr\u1eddi trong xanh, t\u01b0\u1ee3ng tr\u01b0ng cho s\u1ef1 thu\u1ea7n khi\u1ebft, thanh cao v\u00e0 v\u00f4 t\u1eadn. Xen k\u1ebd gi\u1eefa n\u1ec1n tr\u1eafng l\u00e0 nh\u1eefng v\u1ec7t \u0111\u00e1 xanh l\u00e1 c\u00e2y nh\u01b0 nh\u1eefng c\u00e0nh c\u00e2y c\u1ed5 th\u1ee5 v\u01b0\u01a1n cao \u0111\u00f3n \u00e1nh n\u1eafng mai, mang \u0111\u1ebfn s\u1ee9c s\u1ed1ng v\u00e0 s\u1ef1 t\u01b0\u01a1i m\u00e1t cho kh\u00f4ng gian n\u1ed9i th\u1ea5t c\u1ee7a gia ch\u1ee7.<\/span><\/p>\n<h3 style=\"text-align: justify;\"><b>2.3. S\u1ef1 ti\u1ec7n l\u1ee3i cho kh\u00f4ng gian n\u1ed9i th\u1ea5t<\/b><\/h3>\n<ul style=\"text-align: justify;\">\n<li style=\"font-weight: 400;\" aria-level=\"1\"><b>Thi c\u00f4ng thu\u1eadn l\u1ee3i<\/b><span style=\"font-weight: 400;\">: G\u1ea1ch \u1ed1p l\u00e1t RCG6060020S4 s\u1edf h\u1eefu \u0111\u1eb7c t\u00ednh nh\u1eb9 v\u00e0 m\u1ecfng nh\u1edd v\u00e0o ch\u1ea5t li\u1ec7u ceramic n\u00ean gi\u00fap gia ch\u1ee7 d\u1ec5 d\u00e0ng thi c\u00f4ng v\u00e0 l\u1eafp \u0111\u1eb7t. Ngay c\u1ea3 khi g\u1ea1ch RCG6060020S4 \u0111\u00e3 \u0111\u01b0\u1ee3c \u1ed1p l\u00e1t, vi\u1ec7c khoan hay \u0111\u1ee5c \u0111\u1ec3 trang tr\u00ed th\u00eam ho\u1eb7c l\u1eafp \u0111\u1eb7t c\u00e1c thi\u1ebft b\u1ecb ti\u1ec7n \u00edch c\u0169ng tr\u1edf n\u00ean d\u1ec5 d\u00e0ng.<\/span><\/li>\n<li style=\"font-weight: 400;\" aria-level=\"1\"><b>Ch\u1ed1ng ch\u00e1y v\u00e0 kh\u00f4ng gi\u00e3n n\u1edf<\/b><span style=\"font-weight: 400;\">: \u0110\u01b0\u1ee3c s\u1ea3n xu\u1ea5t qua qu\u00e1 tr\u00ecnh nung \u1edf nhi\u1ec7t \u0111\u1ed9 cao v\u01b0\u1ee3t h\u01a1n 1.000 \u0111\u1ed9 C, g\u1ea1ch \u1ed1p l\u00e1t RCG6060020S4 kh\u00f4ng ch\u1ec9 kh\u00f3 b\u1eaft ch\u00e1y m\u00e0 c\u00f2n kh\u00f4ng c\u00f3 hi\u1ec7n t\u01b0\u1ee3ng gi\u00e3n n\u1edf \u1edf nhi\u1ec7t \u0111\u1ed9 b\u00ecnh th\u01b0\u1eddng c\u1ee7a ng\u00f4i nh\u00e0, \u0111\u1ed3ng th\u1eddi ch\u1ecbu \u0111\u01b0\u1ee3c c\u00e1c \u0111i\u1ec1u ki\u1ec7n th\u1eddi ti\u1ebft kh\u1eafc nghi\u1ec7t.\u00a0<\/span><\/li>\n<\/ul>\n<h3 style=\"text-align: justify;\"><b>2.3. Nh\u1eefng \u0111i\u1ec3m c\u1ea7n ch\u00fa \u00fd khi ch\u1ecdn mua v\u00e0 s\u1eed d\u1ee5ng g\u1ea1ch\u00a0<\/b><\/h3>\n<p style=\"text-align: justify;\"><span style=\"font-weight: 400;\">Qu\u00fd kh\u00e1ch xin l\u01b0u \u00fd nh\u1eefng \u0111i\u1ec1u sau \u0111\u1ec3 t\u1ed1i \u01b0u h\u00f3a hi\u1ec7u qu\u1ea3 v\u00e0 t\u00ednh th\u1ea9m m\u1ef9 c\u1ee7a s\u1ea3n ph\u1ea9m:<\/span><\/p>\n<ul style=\"text-align: justify;\">\n<li style=\"font-weight: 400;\" aria-level=\"1\"><b>Phong c\u00e1ch ki\u1ebfn tr\u00fac<\/b><span style=\"font-weight: 400;\">: M\u1ed7i c\u00f4ng tr\u00ecnh ki\u1ebfn tr\u00fac mang m\u1ed9t phong c\u00e1ch v\u00e0 gam m\u00e0u ri\u00eang bi\u1ec7t. S\u1ef1 k\u1ebft h\u1ee3p gi\u1eefa gam m\u00e0u tr\u1eafng s\u1ee9 t\u1ef1a m\u00e2y tr\u1eddi v\u00e0 xanh c\u1ee7a c\u00e2y c\u1ed1i t\u1ea1o n\u00ean s\u1ef1 h\u00f2a quy\u1ec7n gi\u1eefa c\u1ee7a thi\u00ean nhi\u00ean ngay trong l\u1ed1i s\u1ed1ng hi\u1ec7n \u0111\u1ea1i. \u0110\u1ed3ng th\u1eddi nh\u1edd v\u00e0o m\u00e0u s\u1eafc t\u01b0\u01a1i s\u00e1ng, kh\u00f4ng gian n\u1ed9i th\u1ea5t c\u1ee7a gia ch\u1ee7 th\u00eam c\u1ea3m gi\u00e1c d\u1ec5 ch\u1ecbu, s\u1ea3ng kho\u00e1i.<\/span><\/li>\n<li style=\"font-weight: 400;\" aria-level=\"1\"><b>Kh\u00f4ng gian th\u00edch h\u1ee3p:<\/b><span style=\"font-weight: 400;\"> V\u1edbi k\u00edch th\u01b0\u1edbc nh\u1ecf g\u1ecdn v\u00e0 men b\u00f3ng m\u1ecbn, g\u1ea1ch \u1ed1p l\u00e1t RCG6060020S4 c\u00f3 th\u1ec3 \u1ee9ng d\u1ee5ng cho vi\u1ec7c l\u00e1t s\u00e0n v\u00e0 \u1ed1p t\u01b0\u1eddng. Ch\u00fang \u0111\u1eb7c bi\u1ec7t l\u00fd t\u01b0\u1edfng cho nh\u1eefng kh\u00f4ng gian sang tr\u1ecdng, gi\u1eef \u0111\u01b0\u1ee3c gi\u00e1 tr\u1ecb theo th\u1eddi gian, do \u0111\u00f3 th\u01b0\u1eddng \u0111\u01b0\u1ee3c \u01b0u ti\u00ean l\u1ef1a ch\u1ecdn b\u1edfi c\u00e1c gia \u0111\u00ecnh hi\u1ec7n \u0111\u1ea1i.<\/span><\/li>\n<\/ul>\n<p style=\"text-align: justify;\"><span style=\"font-weight: 400;\">Tr\u00ean \u0111\u00e2y l\u00e0 nh\u1eefng \u0111\u1eb7c \u0111i\u1ec3m n\u1ed5i b\u1eadt v\u00e0 l\u01b0u \u00fd khi qu\u00fd kh\u00e1ch l\u1ef1a ch\u1ecdn v\u00e0 s\u1eed d\u1ee5ng g\u1ea1ch \u1ed1p l\u00e1t RCG6060020S4. Hy v\u1ecdng b\u00e0i vi\u1ebft s\u1ebd gi\u00fap \u00edch cho qu\u00fd v\u1ecb \u0111\u1ec3 l\u1ef1a ch\u1ecdn \u0111\u01b0\u1ee3c s\u1ea3n ph\u1ea9m ph\u00f9 h\u1ee3p nh\u1ea5t v\u1edbi kh\u00f4ng gian v\u00e0 chi ph\u00ed c\u1ee7a gia \u0111\u00ecnh.\u00a0<\/span><\/p>\n<p style=\"text-align: justify;\"><span style=\"font-weight: 400;\">Vui l\u00f2ng \u0111\u1ec3 l\u1ea1i th\u00f4ng tin d\u01b0\u1edbi h\u1ed9p th\u01b0 d\u01b0\u1edbi \u0111\u00e2y n\u1ebfu qu\u00fd v\u1ecb c\u1ea7n gi\u1ea3i \u0111\u00e1p th\u1eafc m\u1eafc ho\u1eb7c nh\u1eadn s\u1ef1 t\u01b0 v\u1ea5n t\u1eeb chuy\u00ean gia c\u1ee7a CMC Tiles!<\/span><\/p>","protected":false},"excerpt":{"rendered":"<p>V\u1edbi thi\u1ebft k\u1ebf \u0111\u1ed9c \u0111\u00e1o v\u00e0 m\u1edbi l\u1ea1 trong gam m\u00e0u tr\u1eafng v\u00e0 xanh l\u00e1, s\u1ea3n ph\u1ea9m g\u1ea1ch \u1ed1p l\u00e1t RCG6060020S4 nh\u01b0 \u0111em c\u1ea3 \u0111\u1ea5t tr\u1eddi h\u00f2a quy\u1ec7n ho\u00e0n h\u1ea3o v\u00e0o m\u00e1i \u1ea5m c\u1ee7a gia ch\u1ee7. \u0110\u01b0\u1ee3c s\u1ea3n xu\u1ea5t b\u1eb1ng c\u00f4ng ngh\u1ec7 ti\u00ean ti\u1ebfn, v\u1edbi ph\u1ea7n x\u01b0\u01a1ng g\u1ea1ch l\u00e0m t\u1eeb ceramic v\u00e0 b\u1ec1 m\u1eb7t \u0111\u01b0\u1ee3c [&hellip;]<\/p>\n","protected":false},"featured_media":30520,"comment_status":"open","ping_status":"closed","template":"","meta":[],"product_brand":[],"product_cat":[1009,1015,1083,1076,1134],"product_tag":[],"class_list":{"0":"post-30518","1":"product","2":"type-product","3":"status-publish","4":"has-post-thumbnail","6":"product_cat-ceramic","7":"product_cat-gach-lat","8":"product_cat-gach-lat-nen-van-da","9":"product_cat-gach-op-lat","10":"product_cat-gach-op-lat-refina","12":"first","13":"instock","14":"taxable","15":"shipping-taxable","16":"purchasable","17":"product-type-simple"},"_links":{"self":[{"href":"https:\/\/cmctiles.vn\/en\/wp-json\/wp\/v2\/product\/30518","targetHints":{"allow":["GET"]}}],"collection":[{"href":"https:\/\/cmctiles.vn\/en\/wp-json\/wp\/v2\/product"}],"about":[{"href":"https:\/\/cmctiles.vn\/en\/wp-json\/wp\/v2\/types\/product"}],"replies":[{"embeddable":true,"href":"https:\/\/cmctiles.vn\/en\/wp-json\/wp\/v2\/comments?post=30518"}],"version-history":[{"count":1,"href":"https:\/\/cmctiles.vn\/en\/wp-json\/wp\/v2\/product\/30518\/revisions"}],"predecessor-version":[{"id":30521,"href":"https:\/\/cmctiles.vn\/en\/wp-json\/wp\/v2\/product\/30518\/revisions\/30521"}],"wp:featuredmedia":[{"embeddable":true,"href":"https:\/\/cmctiles.vn\/en\/wp-json\/wp\/v2\/media\/30520"}],"wp:attachment":[{"href":"https:\/\/cmctiles.vn\/en\/wp-json\/wp\/v2\/media?parent=30518"}],"wp:term":[{"taxonomy":"product_brand","embeddable":true,"href":"https:\/\/cmctiles.vn\/en\/wp-json\/wp\/v2\/product_brand?post=30518"},{"taxonomy":"product_cat","embeddable":true,"href":"https:\/\/cmctiles.vn\/en\/wp-json\/wp\/v2\/product_cat?post=30518"},{"taxonomy":"product_tag","embeddable":true,"href":"https:\/\/cmctiles.vn\/en\/wp-json\/wp\/v2\/product_tag?post=30518"}],"curies":[{"name":"wp","href":"https:\/\/api.w.org\/{rel}","templated":true}]}}