{"id":30488,"date":"2024-07-21T15:48:49","date_gmt":"2024-07-21T08:48:49","guid":{"rendered":"https:\/\/cmctiles.vn\/?post_type=product&#038;p=30488"},"modified":"2024-07-21T23:02:33","modified_gmt":"2024-07-21T16:02:33","slug":"gach-op-lat-gia-go-cao-cap-pt158006-2","status":"publish","type":"product","link":"https:\/\/cmctiles.vn\/en\/ceramic\/gach-op-lat-gia-go-cao-cap-pt158006-2.html","title":{"rendered":"G\u1ea1ch \u1ed1p l\u00e1t gi\u1ea3 g\u1ed7 m\u00e0u n\u00e2u s\u1eabm cao c\u1ea5p PT158006"},"content":{"rendered":"<p style=\"text-align: justify;\">Kh\u1eafc h\u1ecda l\u1ea1i v\u1ebb \u0111\u1eb9p sang tr\u1ecdng v\u00e0 tinh t\u1ebf c\u1ee7a lo\u1ea1i g\u1ed7 \u00f3c ch\u00f3. G\u1ea1ch \u1ed1p l\u00e1t gi\u1ea3 g\u1ed7 <strong>PT158006<\/strong> s\u1edf h\u1eefu t\u00f4ng m\u00e0u n\u00e2u s\u1eabm \u0111\u1eb7c tr\u01b0ng v\u00e0 nh\u1eefng \u0111\u01b0\u1eddng v\u00e2n u\u1ed1n l\u01b0\u1ee3n \u0111i\u1ec7u \u0111\u00e0, t\u1ea1o n\u00ean v\u1ebb \u0111\u1eb9p sang tr\u1ecdng, b\u1ec1n b\u1ec9 v\u00e0 c\u1ed5 \u0111i\u1ec3n. S\u1ef1 k\u1ebft h\u1ee3p gi\u1eefa m\u00e0u s\u1eafc \u1ea5m \u00e1p v\u00e0 v\u00e2n g\u1ed7 \u0111\u1ed9c \u0111\u00e1o \u0111\u01b0\u1ee3c \u0111\u00e1nh gi\u00e1 l\u00e0 s\u1ef1 \u0103n kh\u1edbp tuy\u1ec7t v\u1eddi, do \u0111\u00f3 g\u1ea1ch \u1ed1p l\u00e1t gi\u1ea3 g\u1ed7 <strong>PT158006<\/strong> lu\u00f4n mang \u0111\u1ebfn c\u1ea3m gi\u00e1c \u1ea5m \u00e1p, l\u1ecbch l\u00e3m v\u00e0 \u0111\u1eb3ng c\u1ea5p.<\/p>\n<figure id=\"attachment_30432\" aria-describedby=\"caption-attachment-30432\" style=\"width: 1024px\" class=\"wp-caption aligncenter\"><img fetchpriority=\"high\" decoding=\"async\" class=\"wp-image-30432 size-large\" src=\"https:\/\/cmctiles.vn\/wp-content\/uploads\/2024\/07\/Screenshot-2024-07-19-115634-1024x654.png\" alt=\"\" width=\"1024\" height=\"654\" title=\"\" srcset=\"https:\/\/cmctiles.vn\/wp-content\/uploads\/2024\/07\/Screenshot-2024-07-19-115634-1024x654.png 1024w, https:\/\/cmctiles.vn\/wp-content\/uploads\/2024\/07\/Screenshot-2024-07-19-115634-300x192.png 300w, https:\/\/cmctiles.vn\/wp-content\/uploads\/2024\/07\/Screenshot-2024-07-19-115634-768x491.png 768w, https:\/\/cmctiles.vn\/wp-content\/uploads\/2024\/07\/Screenshot-2024-07-19-115634-18x12.png 18w, https:\/\/cmctiles.vn\/wp-content\/uploads\/2024\/07\/Screenshot-2024-07-19-115634-400x256.png 400w, https:\/\/cmctiles.vn\/wp-content\/uploads\/2024\/07\/Screenshot-2024-07-19-115634-500x319.png 500w, https:\/\/cmctiles.vn\/wp-content\/uploads\/2024\/07\/Screenshot-2024-07-19-115634.png 1116w\" sizes=\"(max-width: 1024px) 100vw, 1024px\" \/><figcaption id=\"caption-attachment-30432\" class=\"wp-caption-text\">G\u1ea1ch \u1ed1p l\u00e1t gi\u1ea3 g\u1ed7 PT158006 t\u1ea1o kh\u00f4ng gian l\u1ecbch l\u00e3m v\u00e0 \u0111\u1eb3ng c\u1ea5p<\/figcaption><\/figure>\n<p>&nbsp;<\/p>\n<h2 style=\"text-align: justify;\"><b>1. Th\u00f4ng s\u1ed1 s\u1ea3n ph\u1ea9m<\/b><\/h2>\n<table style=\"width: 100%;\" border=\"1\" cellpadding=\"10\">\n<tbody>\n<tr>\n<td><span style=\"font-weight: 400;\">M\u00e3 s\u1ea3n ph\u1ea9m<\/span><\/td>\n<td><strong>PT158006<\/strong><\/td>\n<\/tr>\n<tr>\n<td><span style=\"font-weight: 400;\">BRANDS<\/span><\/td>\n<td><span style=\"font-weight: 400;\">G\u1ea1ch \u1ed1p l\u00e1t Prato<\/span><\/td>\n<\/tr>\n<tr>\n<td><span style=\"font-weight: 400;\">Ph\u00e2n lo\u1ea1i<\/span><\/td>\n<td><span style=\"font-weight: 400;\">G\u1ea1ch l\u00e1t Ceramic<\/span><\/td>\n<\/tr>\n<tr>\n<td><span style=\"font-weight: 400;\">M\u00e0u s\u1eafc<\/span><\/td>\n<td><span style=\"font-weight: 400;\">M\u00e0u n\u00e2u s\u1eabm v\u00e2n x\u00e1m<\/span><\/td>\n<\/tr>\n<tr>\n<td><span style=\"font-weight: 400;\">Sizes<\/span><\/td>\n<td><span style=\"font-weight: 400;\">150\u00d7800 mm<\/span><\/td>\n<\/tr>\n<tr>\n<td><span style=\"font-weight: 400;\">\u0110\u1ed9 d\u00e0y<\/span><\/td>\n<td><span style=\"font-weight: 400;\">10.8 (mm)<\/span><\/td>\n<\/tr>\n<tr>\n<td><span style=\"font-weight: 400;\">MATERIALS\u00a0<\/span><\/td>\n<td><span style=\"font-weight: 400;\">Ceramic<\/span><\/td>\n<\/tr>\n<tr>\n<td><span style=\"font-weight: 400;\">Surfaces<\/span><\/td>\n<td><span style=\"font-weight: 400;\">Men matt<\/span><\/td>\n<\/tr>\n<tr>\n<td><span style=\"font-weight: 400;\">Outstanding features<\/span><\/td>\n<td>\n<ul>\n<li style=\"font-weight: 400;\" aria-level=\"1\"><span style=\"font-weight: 400;\">High wear resistance<\/span><\/li>\n<li style=\"font-weight: 400;\" aria-level=\"1\"><span style=\"font-weight: 400;\">High-pressure resistance<\/span><\/li>\n<li style=\"font-weight: 400;\" aria-level=\"1\"><span style=\"font-weight: 400;\">Anti-acid, anti-slip<\/span><\/li>\n<li style=\"font-weight: 400;\" aria-level=\"1\"><span style=\"font-weight: 400;\">Non-ignition, non-expansion<\/span><\/li>\n<li style=\"font-weight: 400;\" aria-level=\"1\"><span style=\"font-weight: 400;\">Easy to clean, anti-bacterial, anti-mildew<\/span><\/li>\n<\/ul>\n<\/td>\n<\/tr>\n<tr>\n<td><span style=\"font-weight: 400;\">APPLICATIONS<\/span><\/td>\n<td><span style=\"font-weight: 400;\">\u0110a d\u1ea1ng, v\u00ed d\u1ee5 ki\u1ebfn tr\u00fac nh\u00e0 \u1ed1ng, khu chung c\u01b0, nh\u00e0 \u1edf cao c\u1ea5p, bi\u1ec7t th\u1ef1, ph\u00f2ng kh\u00e1ch, ph\u00f2ng t\u1eafm\u2026<\/span><\/td>\n<\/tr>\n<\/tbody>\n<\/table>\n<h2 style=\"text-align: justify;\"><b>2.<\/b><b> G\u1ea1ch \u1ed1p l\u00e1t gi\u1ea3 g\u1ed7 PT158006 <\/b><b>&#8211; s\u1ef1 l\u1ef1a ch\u1ecdn ho\u00e0n h\u1ea3o cho m\u1ecdi c\u00f4ng tr\u00ecnh<\/b><\/h2>\n<p><img decoding=\"async\" class=\"aligncenter wp-image-30431\" src=\"https:\/\/cmctiles.vn\/wp-content\/uploads\/2024\/07\/Screenshot-2024-07-19-115445.png\" alt=\"\" width=\"898\" height=\"897\" title=\"\" srcset=\"https:\/\/cmctiles.vn\/wp-content\/uploads\/2024\/07\/Screenshot-2024-07-19-115445.png 728w, https:\/\/cmctiles.vn\/wp-content\/uploads\/2024\/07\/Screenshot-2024-07-19-115445-300x300.png 300w, https:\/\/cmctiles.vn\/wp-content\/uploads\/2024\/07\/Screenshot-2024-07-19-115445-150x150.png 150w, https:\/\/cmctiles.vn\/wp-content\/uploads\/2024\/07\/Screenshot-2024-07-19-115445-12x12.png 12w, https:\/\/cmctiles.vn\/wp-content\/uploads\/2024\/07\/Screenshot-2024-07-19-115445-280x280.png 280w, https:\/\/cmctiles.vn\/wp-content\/uploads\/2024\/07\/Screenshot-2024-07-19-115445-600x600.png 600w, https:\/\/cmctiles.vn\/wp-content\/uploads\/2024\/07\/Screenshot-2024-07-19-115445-500x499.png 500w, https:\/\/cmctiles.vn\/wp-content\/uploads\/2024\/07\/Screenshot-2024-07-19-115445-100x100.png 100w\" sizes=\"(max-width: 898px) 100vw, 898px\" \/><\/p>\n<p>G\u1ea1ch \u1ed1p l\u00e1t gi\u1ea3 g\u1ed7 <span style=\"font-weight: 400;\"><strong>PT158006 <\/strong><\/span>\u0111\u01b0\u1ee3c s\u1ea3n xu\u1ea5t v\u1edbi c\u00f4ng ngh\u1ec7 in \u1ea5n ti\u00ean ti\u1ebfn, t\u1ea1o n\u00ean h\u1ecda ti\u1ebft v\u00e0 v\u00e2n g\u1ed7 r\u1ea5t gi\u1ed1ng v\u1edbi g\u1ed7 th\u1eadt. S\u1ea3n ph\u1ea9m mang l\u1ea1i c\u1ea3m gi\u00e1c \u1ea5m \u00e1p, g\u1ea7n g\u0169i v\u1edbi thi\u00ean nhi\u00ean v\u00e0 kh\u00f4ng gian khi \u1ee9ng d\u1ee5ng trong ki\u1ebfn tr\u00fac v\u00e0 n\u1ed9i th\u1ea5t. <span style=\"font-weight: 400;\"><strong>PT158006\u00a0<\/strong>x\u1ee9ng \u0111\u00e1ng l\u00e0 s\u1ef1 l\u1ef1a ch\u1ecdn ho\u00e0n h\u1ea3o cho m\u1ecdi c\u00f4ng tr\u00ecnh.\u00a0<\/span><\/p>\n<h3 style=\"text-align: justify;\"><b><i>2.1. Thi\u1ebft k\u1ebf l\u1ea5y c\u1ea3m h\u1ee9ng t\u1eeb lo\u1ea1i g\u1ed7 \u00f3c ch\u00f3<\/i><\/b><\/h3>\n<p style=\"text-align: justify;\"><span style=\"font-weight: 400;\">L\u1ea5y c\u1ea3m h\u1ee9ng t\u1eeb lo\u1ea1i g\u1ed7 \u00f3c ch\u00f3 qu\u00fd gi\u00e1 , g\u1ea1ch \u1ed1p l\u00e1t gi\u1ea3 g\u1ed7 <strong>PT158006<\/strong> kh\u1eafc h\u1ecda m\u1ed9t c\u00e1ch tinh t\u1ebf v\u00e0 ch\u00e2n th\u1ef1c v\u1ebb \u0111\u1eb9p c\u1ee7a g\u1ed7 h\u01b0\u01a1ng t\u1ef1 nhi\u00ean, mang \u0111\u1ebfn n\u00e9t ph\u00f3ng kho\u00e1ng, tr\u1ebb trung \u0111\u1ea7y ph\u00e1 c\u00e1ch cho c\u00e1c kh\u00f4ng gian thi\u1ebft k\u1ebf n\u1ed9i th\u1ea5t. <strong>PT158006<\/strong> h\u1ee9a h\u1eb9n l\u00e0 s\u1ef1 l\u1ef1a ch\u1ecdn l\u00fd t\u01b0\u1edfng cho c\u00e1c thi\u1ebft k\u1ebf \u1ea5n t\u01b0\u1ee3ng trong kh\u00f4ng gian s\u1ed1ng hi\u1ec7n \u0111\u1ea1i.<\/span><\/p>\n<h3 style=\"text-align: justify;\"><b><i>2.2. C\u00e1c t\u00ednh n\u0103ng v\u01b0\u1ee3t tr\u1ed9i v\u1edbi mong \u0111\u1ee3i<\/i><\/b><\/h3>\n<ul style=\"text-align: justify;\">\n<li style=\"font-weight: 400;\" aria-level=\"1\"><b>Ti\u1ec7n l\u1ee3i, an to\u00e0n cho gia ch\u1ee7: <\/b><span style=\"font-weight: 400;\">Tiles <strong>PT158006<\/strong> l\u00e0 m\u1ed9t s\u1ea3n ph\u1ea9m thu\u1ed9c d\u00f2ng g\u1ea1ch Ceramic c\u00f3 kh\u1ea3 n\u0103ng ch\u1ed1ng tr\u01a1n tr\u01b0\u1ee3t t\u1ed1t, \u0111\u1ed9 c\u1ee9ng b\u1ec1 m\u1eb7t cao, ch\u1ed1ng tr\u1ea7y x\u01b0\u1edbc. Lu\u00f4n b\u1ec1n m\u00e0u v\u1edbi \u0111i\u1ec1u ki\u1ec7n kh\u1eafc nghi\u1ec7t c\u1ee7a m\u00f4i tr\u01b0\u1eddng, kh\u00f4ng lo b\u1ecb r\u1ea1n n\u1ee9t, bay m\u00e0u, \u1ed1 m\u00e0u.<\/span><\/li>\n<li aria-level=\"1\"><strong>D\u1ec5 \u1ee9ng d\u1ee5ng:<\/strong>\u00a0\u0110\u1ed9 c\u1ee9ng c\u1ee7a lo\u1ea1i g\u1ea1ch n\u00e0y v\u1eeba ph\u1ea3i n\u00ean g\u1ea1ch Ceramic r\u1ea5t \u0111\u01a1n gi\u1ea3n, thu\u1eadn ti\u1ec7n. Sau khi \u1ed1p, l\u00e1t cho m\u1ed9t v\u1ecb tr\u00ed v\u1eabn c\u00f3 th\u1ec3 d\u1ec5 d\u00e0ng khoan, c\u1eaft \u0111\u1ec3 trang tr\u00ed ho\u1eb7c l\u1eafp \u0111\u1eb7t c\u00e1c m\u00f3n \u0111\u1ed3 kh\u00e1c. \u0110\u1ed3ng th\u1eddi, g\u1ea1ch Ceramic kh\u00e1 nh\u1eb9 n\u00ean ph\u00f9 h\u1ee3p cho c\u1ea3 \u1ed1p l\u00e1t v\u00e0 \u1ed1p t\u01b0\u1eddng.<\/li>\n<li style=\"font-weight: 400;\" aria-level=\"1\"><strong>Gi\u00e1 c\u1ea3 ph\u1ea3i ch\u0103ng:<\/strong>\u00a0Trong r\u1ea5t nhi\u1ec1u c\u00e1c lo\u1ea1i g\u1ea1ch kh\u00e1c, Ceramic \u0111\u01b0\u1ee3c coi l\u00e0 c\u00f3 gi\u00e1 th\u00e0nh ph\u00f9 h\u1ee3p v\u1edbi kinh t\u1ebf c\u1ee7a nhi\u1ec1u gia \u0111\u00ecnh hi\u1ec7n nay.<\/li>\n<\/ul>\n<h2><b>3. L\u01b0u \u00fd khi ch\u1ecdn mua v\u00e0 s\u1eed d\u1ee5ng g\u1ea1ch l\u00e1t <span style=\"font-weight: 400;\"> <strong>PT158006<\/strong><\/span><\/b><\/h2>\n<p style=\"text-align: justify;\"><span style=\"font-weight: 400;\">Qu\u00fd kh\u00e1ch vui l\u00f2ng l\u01b0u \u00fd nh\u1eefng \u0111i\u1ec1u sau \u0111\u1ec3 \u0111\u1ea3m b\u1ea3o t\u1ed1i \u0111a c\u00f4ng n\u0103ng v\u00e0 t\u00ednh th\u1ea9m m\u1ef9 c\u1ee7a s\u1ea3n ph\u1ea9m:<\/span><\/p>\n<ul style=\"text-align: justify;\">\n<li style=\"font-weight: 400;\" aria-level=\"1\"><b>M\u00e0u s\u1eafc h\u00e0i h\u00f2a: <\/b><span style=\"font-weight: 400;\">C\u00e2n \u0111\u1ed1i ch\u1ecdn m\u00e0u g\u1ea1ch ph\u00f9 h\u1ee3p v\u1edbi m\u00e0u s\u1eafc c\u1ee7a t\u1ed5ng th\u1ec3 ng\u00f4i nh\u00e0 v\u00e0 c\u00f4ng n\u0103ng s\u1eed d\u1ee5ng. Nh\u1eefng s\u1ea3n ph\u1ea9m g\u1ea1ch tone s\u00e1ng (tr\u1eafng, be, kem,..) ph\u00f9 h\u1ee3p v\u1edbi ph\u00f2ng nh\u1ecf v\u00ec gi\u00fap m\u1edf r\u1ed9ng kh\u00f4ng gian v\u00e0 h\u00fat s\u00e1ng; tone t\u1ed1i (\u0111en, tr\u1ea7m, n\u00e2u&#8230;) ph\u00f9 h\u1ee3p v\u1edbi kh\u00f4ng gian r\u1ed9ng, phong c\u00e1ch ki\u1ebfn tr\u00fac c\u1ed5 \u0111i\u1ec3n, t\u00e2n c\u1ed5 \u0111i\u1ec3n.<\/span><\/li>\n<li style=\"font-weight: 400;\" aria-level=\"1\"><b>Kh\u00f4ng gian ph\u00f9 h\u1ee3p: <\/b><span style=\"font-weight: 400;\">v\u1edbi k\u00edch th\u01b0\u1edbc h\u1ee3p l\u00fd, ph\u1ee7 men <\/span><span style=\"font-weight: 400;\">matt v\u00e0 tone m\u00e0u t\u1ed1i gi\u1ea3n, <strong>PT158006<\/strong> l\u00e0<\/span><span style=\"font-weight: 400;\"> s\u1ef1 l\u1ef1a ch\u1ecdn ho\u00e0n h\u1ea3o cho nhi\u1ec1u kh\u00f4ng gian nh\u01b0 ph\u00f2ng kh\u00e1ch, ph\u00f2ng ng\u1ee7\u2026\u1ee9ng d\u1ee5ng linh ho\u1ea1t c\u1ea3 l\u00e1t n\u1ec1n v\u00e0 \u1ed1p t\u01b0\u1eddng<\/span><\/li>\n<li style=\"font-weight: 400;\" aria-level=\"1\"><b>S\u1eed d\u1ee5ng \u0111\u00fang c\u00e1ch:<\/b><span style=\"font-weight: 400;\"> \u0110\u1ea3m b\u1ea3o quy tr\u00ecnh thi c\u00f4ng khoa h\u1ecdc v\u00e0 h\u1ea1n ch\u1ebf d\u00f9ng v\u1eadt nh\u1ecdn t\u00e1c \u0111\u1ed9ng l\u00ean b\u1ec1 m\u1eb7t g\u1ea1ch<\/span><\/li>\n<\/ul>\n<p style=\"text-align: justify;\"><span style=\"font-weight: 400;\">Tr\u00ean \u0111\u00e2y l\u00e0 nh\u1eefng \u0111\u1eb7c \u0111i\u1ec3m n\u1ed5i b\u1eadt v\u00e0 l\u01b0u \u00fd khi qu\u00fd kh\u00e1ch l\u1ef1a ch\u1ecdn v\u00e0 s\u1eed d\u1ee5ng g\u1ea1ch l\u00e1t <strong>PT158006<\/strong>. Hy v\u1ecdng b\u00e0i vi\u1ebft s\u1ebd gi\u00fap \u00edch cho qu\u00fd v\u1ecb \u0111\u1ec3 l\u1ef1a ch\u1ecdn \u0111\u01b0\u1ee3c s\u1ea3n ph\u1ea9m ph\u00f9 h\u1ee3p nh\u1ea5t v\u1edbi kh\u00f4ng gian v\u00e0 chi ph\u00ed c\u1ee7a gia \u0111\u00ecnh.\u00a0<\/span><\/p>\n<p style=\"text-align: justify;\"><i><span style=\"font-weight: 400;\">Vui l\u00f2ng \u0111\u1ec3 l\u1ea1i th\u00f4ng tin d\u01b0\u1edbi h\u1ed9p th\u01b0 d\u01b0\u1edbi \u0111\u00e2y n\u1ebfu qu\u00fd v\u1ecb c\u1ea7n gi\u1ea3i \u0111\u00e1p th\u1eafc m\u1eafc ho\u1eb7c nh\u1eadn s\u1ef1 t\u01b0 v\u1ea5n t\u1eeb chuy\u00ean gia c\u1ee7a CMC Tiles!<\/span><\/i><\/p>","protected":false},"excerpt":{"rendered":"<p>Kh\u1eafc h\u1ecda l\u1ea1i v\u1ebb \u0111\u1eb9p sang tr\u1ecdng v\u00e0 tinh t\u1ebf c\u1ee7a lo\u1ea1i g\u1ed7 \u00f3c ch\u00f3. G\u1ea1ch \u1ed1p l\u00e1t gi\u1ea3 g\u1ed7 PT158006 s\u1edf h\u1eefu t\u00f4ng m\u00e0u n\u00e2u s\u1eabm \u0111\u1eb7c tr\u01b0ng v\u00e0 nh\u1eefng \u0111\u01b0\u1eddng v\u00e2n u\u1ed1n l\u01b0\u1ee3n \u0111i\u1ec7u \u0111\u00e0, t\u1ea1o n\u00ean v\u1ebb \u0111\u1eb9p sang tr\u1ecdng, b\u1ec1n b\u1ec9 v\u00e0 c\u1ed5 \u0111i\u1ec3n. S\u1ef1 k\u1ebft h\u1ee3p gi\u1eefa m\u00e0u s\u1eafc \u1ea5m [&hellip;]<\/p>\n","protected":false},"featured_media":30431,"comment_status":"open","ping_status":"closed","template":"","meta":[],"product_brand":[],"product_cat":[1009,1015,1084,1016,1076,1092],"product_tag":[],"class_list":{"0":"post-30488","1":"product","2":"type-product","3":"status-publish","4":"has-post-thumbnail","6":"product_cat-ceramic","7":"product_cat-gach-lat","8":"product_cat-gach-lat-nen-van-go","9":"product_cat-gach-op","10":"product_cat-gach-op-lat","11":"product_cat-gach-op-lat-prato","13":"first","14":"instock","15":"taxable","16":"shipping-taxable","17":"purchasable","18":"product-type-simple"},"_links":{"self":[{"href":"https:\/\/cmctiles.vn\/en\/wp-json\/wp\/v2\/product\/30488","targetHints":{"allow":["GET"]}}],"collection":[{"href":"https:\/\/cmctiles.vn\/en\/wp-json\/wp\/v2\/product"}],"about":[{"href":"https:\/\/cmctiles.vn\/en\/wp-json\/wp\/v2\/types\/product"}],"replies":[{"embeddable":true,"href":"https:\/\/cmctiles.vn\/en\/wp-json\/wp\/v2\/comments?post=30488"}],"version-history":[{"count":8,"href":"https:\/\/cmctiles.vn\/en\/wp-json\/wp\/v2\/product\/30488\/revisions"}],"predecessor-version":[{"id":30501,"href":"https:\/\/cmctiles.vn\/en\/wp-json\/wp\/v2\/product\/30488\/revisions\/30501"}],"wp:featuredmedia":[{"embeddable":true,"href":"https:\/\/cmctiles.vn\/en\/wp-json\/wp\/v2\/media\/30431"}],"wp:attachment":[{"href":"https:\/\/cmctiles.vn\/en\/wp-json\/wp\/v2\/media?parent=30488"}],"wp:term":[{"taxonomy":"product_brand","embeddable":true,"href":"https:\/\/cmctiles.vn\/en\/wp-json\/wp\/v2\/product_brand?post=30488"},{"taxonomy":"product_cat","embeddable":true,"href":"https:\/\/cmctiles.vn\/en\/wp-json\/wp\/v2\/product_cat?post=30488"},{"taxonomy":"product_tag","embeddable":true,"href":"https:\/\/cmctiles.vn\/en\/wp-json\/wp\/v2\/product_tag?post=30488"}],"curies":[{"name":"wp","href":"https:\/\/api.w.org\/{rel}","templated":true}]}}