{"id":30475,"date":"2024-07-21T11:29:06","date_gmt":"2024-07-21T04:29:06","guid":{"rendered":"https:\/\/cmctiles.vn\/?post_type=product&#038;p=30475"},"modified":"2025-05-23T14:27:25","modified_gmt":"2025-05-23T07:27:25","slug":"gach-op-lat-mau-vang-kem-trang-nha-csg6060150s3","status":"publish","type":"product","link":"https:\/\/cmctiles.vn\/en\/gach-op-lat\/gach-op-lat-mau-vang-kem-trang-nha-csg6060150s5.html","title":{"rendered":"G\u1ea1ch \u1ed1p l\u00e1t m\u00e0u v\u00e0ng kem trang nh\u00e3 CSG6060150S5"},"content":{"rendered":"<p>\u0110\u01b0\u1ee3c kh\u01a1i ngu\u1ed3n c\u1ea3m h\u1ee9ng t\u1eeb v\u1ebb \u0111\u1eb9p c\u1ee7a nh\u1eefng d\u00f2ng \u0111\u00e1 t\u1ef1 nhi\u00ean v\u1edbi \u0111\u01b0\u1eddng v\u00e2n \u0111\u1ea7y bi\u1ebfn chuy\u1ec3n, g\u1ea1ch \u1ed1p l\u00e1t CSG6060150S5 s\u1edf h\u1eefu thi\u1ebft k\u1ebf \u0111\u1ed9c \u0111\u00e1o, ch\u1ea5t x\u01b0\u01a1ng Porcelain c\u1ee9ng c\u00e1p c\u00f9ng gi\u00e1 th\u00e0nh m\u1ec1m m\u1ea1i. S\u1ea3n ph\u1ea9m l\u00e0 l\u1ef1a ch\u1ecdn l\u00fd t\u01b0\u1edfng cho nh\u1eefng gia ch\u1ee7 y\u00eau th\u00edch phong c\u00e1ch hi\u1ec7n \u0111\u1ea1i, sang tr\u1ecdng c\u00f9ng nh\u1eefng s\u1ea3n ph\u1ea9m ph\u00e2n kh\u00fac trung c\u1ea5p.<\/p>\n<h2><b>1. Th\u00f4ng s\u1ed1 s\u1ea3n ph\u1ea9m<\/b><\/h2>\n<table>\n<tbody>\n<tr>\n<td>M\u00e3 s\u1ea3n ph\u1ea9m<\/td>\n<td>CSG6060150S5<\/td>\n<\/tr>\n<tr>\n<td>BRANDS<\/td>\n<td>CMC Tiles<\/td>\n<\/tr>\n<tr>\n<td>Ph\u00e2n lo\u1ea1i<\/td>\n<td>Ceramic tiles<\/td>\n<\/tr>\n<tr>\n<td>M\u00e0u s\u1eafc<\/td>\n<td>M\u00e0u v\u00e0ng kem v\u00e2n \u0111\u00e1 nh\u1eb9<\/td>\n<\/tr>\n<tr>\n<td>Sizes<\/td>\n<td>600\u00d7600 mm<\/td>\n<\/tr>\n<tr>\n<td>\u0110\u1ed9 d\u00e0y<\/td>\n<td>8,7mm<\/td>\n<\/tr>\n<tr>\n<td>MATERIALS<\/td>\n<td>Porcelain (BIb)<\/td>\n<\/tr>\n<tr>\n<td>Surfaces<\/td>\n<td>Glossy Glaze<\/td>\n<\/tr>\n<tr>\n<td>Outstanding features<\/td>\n<td>\n<ul>\n<li aria-level=\"1\">Hoa v\u0103n sang tr\u1ecdng, th\u1eddi th\u01b0\u1ee3ng<\/li>\n<li aria-level=\"1\">\u0110\u1ed3 b\u1ec1n u\u1ed1n ch\u1ecbu l\u1ef1c t\u1ed1t, th\u1ea5m h\u00fat n\u01b0\u1edbc th\u1ea5p t\u1eeb 0.5 \u2013 3%<\/li>\n<li aria-level=\"1\">K\u00edch th\u01b0\u1edbc ph\u1ed5 th\u00f4ng, \u1ee9ng d\u1ee5ng \u0111a d\u1ea1ng<\/li>\n<li aria-level=\"1\">Non-ignition, non-expansion<\/li>\n<li aria-level=\"1\">Easy to clean, anti-bacterial, anti-mildew<\/li>\n<\/ul>\n<\/td>\n<\/tr>\n<tr>\n<td>APPLICATIONS<\/td>\n<td>\u0110a d\u1ea1ng, v\u00ed d\u1ee5 ki\u1ebfn tr\u00fac nh\u00e0 \u1ed1ng, khu chung c\u01b0, nh\u00e0 \u1edf cao c\u1ea5p, bi\u1ec7t th\u1ef1, ph\u00f2ng kh\u00e1ch\u2026<\/td>\n<\/tr>\n<\/tbody>\n<\/table>\n<h2><b>2. G\u1ea1ch \u1ed1p l\u00e1t CSG6060150S5 \u2013 s\u1ef1 l\u1ef1a ch\u1ecdn ho\u00e0n h\u1ea3o cho m\u1ecdi c\u00f4ng tr\u00ecnh\u00a0<\/b><\/h2>\n<p>Thu\u1ed9c ph\u00e2n kh\u00fac d\u00f2ng s\u1ea3n ph\u1ea9m trung c\u1ea5p c\u1ee7a CMC, g\u1ea1ch \u1ed1p l\u00e1t CSG6060150S5 s\u1ebd t\u1ea1o \u0111i\u1ec3m nh\u1ea5n sang tr\u1ecdng v\u00e0 hi\u1ec7n \u0111\u1ea1i cho kh\u00f4ng gian s\u1ed1ng v\u1edbi gi\u00e1 th\u00e0nh ph\u1ea3i ch\u0103ng, ph\u00f9 h\u1ee3p v\u1edbi t\u00fai ti\u1ec1n c\u1ee7a nhi\u1ec1u gia ch\u1ee7.<\/p>\n<figure id=\"attachment_30413\" class=\"wp-caption aligncenter\" aria-describedby=\"caption-attachment-30413\"><figcaption id=\"caption-attachment-30413\" class=\"wp-caption-text\"><em><img fetchpriority=\"high\" decoding=\"async\" class=\"aligncenter size-full wp-image-30464\" src=\"https:\/\/cmctiles.vn\/wp-content\/uploads\/2024\/07\/150s3.png\" alt=\"\" width=\"843\" height=\"682\" title=\"\" srcset=\"https:\/\/cmctiles.vn\/wp-content\/uploads\/2024\/07\/150s3.png 843w, https:\/\/cmctiles.vn\/wp-content\/uploads\/2024\/07\/150s3-300x243.png 300w, https:\/\/cmctiles.vn\/wp-content\/uploads\/2024\/07\/150s3-768x621.png 768w, https:\/\/cmctiles.vn\/wp-content\/uploads\/2024\/07\/150s3-15x12.png 15w, https:\/\/cmctiles.vn\/wp-content\/uploads\/2024\/07\/150s3-346x280.png 346w, https:\/\/cmctiles.vn\/wp-content\/uploads\/2024\/07\/150s3-500x405.png 500w\" sizes=\"(max-width: 843px) 100vw, 843px\" \/>G\u1ea1ch \u1ed1p l\u00e1t CSG6060150S5 s\u1edf h\u1eefu t\u00f4ng m\u00e0u v\u00e0ng kem trang nh\u00e3<\/em><\/figcaption><\/figure>\n<h3><b>2.1. Thi\u1ebft k\u1ebf thu h\u00fat m\u1ecdi \u00e1nh nh\u00ecn c\u1ee7a gia ch\u1ee7\u00a0<\/b><\/h3>\n<p>S\u1ea3n ph\u1ea9m g\u1ea1ch \u1ed1p l\u00e1t CSG6060150S5 s\u1edf h\u1eefu t\u00f4ng m\u00e0u v\u00e0ng kem trang nh\u00e3 c\u00f9ng nh\u1eefng \u0111\u01b0\u1eddng v\u00e2n m\u1ec1m m\u1ea1i, uy\u1ec3n chuy\u1ec3n gi\u00fap t\u00f4n l\u00ean n\u1ed9i th\u1ea5t c\u1ee7a kh\u00f4ng gian v\u00e0 mang l\u1ea1i hi\u1ec7u \u1ee9ng m\u1edf r\u1ed9ng hi\u1ec7u qu\u1ea3. Nh\u00ecn ng\u1eafm nh\u1eefng \u0111\u01b0\u1eddng v\u00e2n tinh t\u1ebf, s\u1eafc n\u00e9t tr\u00ean b\u1ec1 m\u1eb7t g\u1ea1ch, ta nh\u01b0 \u0111\u01b0\u1ee3c chi\u00eam ng\u01b0\u1ee1ng v\u1ebb \u0111\u1eb9p h\u00f9ng v\u0129 c\u1ee7a nh\u1eefng d\u00e3y n\u00fai \u0111\u00e1 hoa c\u01b0\u01a1ng, kh\u01a1i g\u1ee3i c\u1ea3m x\u00fac v\u1ec1 s\u1ef1 tr\u01b0\u1eddng t\u1ed3n theo n\u0103m th\u00e1ng. M\u1ed7i vi\u00ean g\u1ea1ch nh\u01b0 m\u1ed9t m\u1ea3nh gh\u00e9p ho\u00e0n h\u1ea3o, g\u00f3p ph\u1ea7n t\u1ea1o n\u00ean b\u1ee9c tranh ngh\u1ec7 thu\u1eadt \u0111\u1ed9c \u0111\u00e1o v\u00e0 \u0111\u1ea7y \u1ea5n t\u01b0\u1ee3ng cho kh\u00f4ng gian s\u1ed1ng c\u1ee7a gia gia ch\u1ee7.<\/p>\n<h3><b>2.2.\u00a0 Ch\u1ea5t l\u01b0\u1ee3ng c\u1ee7a g\u1ea1ch Porcelain (BIb)<\/b><\/h3>\n<p>\u0110\u01b0\u1ee3c ch\u1ebf t\u00e1c t\u1eeb ch\u1ea5t li\u1ec7u porcelain n\u00ean g\u1ea1ch \u1ed1p l\u00e1t CSG6060150S5 c\u00f3 \u0111\u1ed9 th\u1ea5m h\u00fat n\u01b0\u1edbc th\u1ea5p t\u1eeb 0.5% \u2013 3%, ch\u1ecbu l\u1ef1c t\u1ed1t, thu\u1eadn ti\u1ec7n cho vi\u1ec7c thi c\u00f4ng. B\u1ec1 m\u1eb7t g\u1ea1ch \u0111\u01b0\u1ee3c ph\u1ee7 l\u1edbp men b\u00f3ng cao c\u1ea5p, ch\u1ed1ng b\u00e1m b\u1ea9n v\u00e0 d\u1ec5 d\u00e0ng v\u1ec7 sinh. Nh\u1edd v\u1eady, gia ch\u1ee7 c\u00f3 th\u1ec3 s\u1eed d\u1ee5ng g\u1ea1ch trong th\u1eddi gian d\u00e0i m\u00e0 kh\u00f4ng lo b\u1ecb phai m\u00e0u, bong tr\u00f3c hay n\u1ee9t v\u1ee1.<\/p>\n<h3><b>2.3. Tr\u1ea3i nghi\u1ec7m g\u1ea1ch \u1ed1p l\u00e1t ho\u00e0n h\u1ea3o cho ng\u01b0\u1eddi d\u00f9ng<\/b><\/h3>\n<p>G\u1ea1ch \u1ed1p l\u00e1t CSG6060150S5 s\u1edf h\u1eefu k\u00edch th\u01b0\u1edbc 600x600mm n\u00ean ph\u00f9 h\u1ee3p \u0111\u1ec3 \u1ed1p l\u00e1t cho nhi\u1ec1u kh\u00f4ng gian kh\u00e1c nhau nh\u01b0 ph\u00f2ng kh\u00e1ch, ph\u00f2ng ng\u1ee7, ph\u00f2ng b\u1ebfp, nh\u00e0 t\u1eafm,\u2026<\/p>\n<p>Th\u00eam v\u00e0o \u0111\u00f3, g\u1ea1ch \u1ed1p l\u00e1t CSG6060150S5 c\u00f3 kh\u1ea3 n\u0103ng ch\u1ed1ng th\u1ea5m n\u01b0\u1edbc, ch\u1ed1ng b\u00e1m b\u1ea9n t\u1ed1t, gi\u00fap gia ch\u1ee7 v\u1ec7 sinh kh\u00f4ng gian s\u1ed1ng d\u1ec5 d\u00e0ng v\u00e0 nhanh ch\u00f3ng h\u01a1n.<\/p>\n<p>Tr\u00ean \u0111\u00e2y l\u00e0 nh\u1eefng \u0111\u1eb7c \u0111i\u1ec3m n\u1ed5i b\u1eadt v\u00e0 l\u01b0u \u00fd khi qu\u00fd kh\u00e1ch l\u1ef1a ch\u1ecdn v\u00e0 s\u1eed d\u1ee5ng g\u1ea1ch \u1ed1p l\u00e1t CSG6060150S5. Hy v\u1ecdng b\u00e0i vi\u1ebft s\u1ebd gi\u00fap \u00edch cho qu\u00fd v\u1ecb \u0111\u1ec3 l\u1ef1a ch\u1ecdn \u0111\u01b0\u1ee3c s\u1ea3n ph\u1ea9m ph\u00f9 h\u1ee3p nh\u1ea5t v\u1edbi kh\u00f4ng gian v\u00e0 chi ph\u00ed c\u1ee7a gia \u0111\u00ecnh.<\/p>\n<p>Vui l\u00f2ng \u0111\u1ec3 l\u1ea1i th\u00f4ng tin d\u01b0\u1edbi h\u1ed9p th\u01b0 d\u01b0\u1edbi \u0111\u00e2y n\u1ebfu qu\u00fd v\u1ecb c\u1ea7n gi\u1ea3i \u0111\u00e1p th\u1eafc m\u1eafc ho\u1eb7c nh\u1eadn s\u1ef1 t\u01b0 v\u1ea5n t\u1eeb chuy\u00ean gia c\u1ee7a CMC Tiles!<\/p>","protected":false},"excerpt":{"rendered":"<p>\u0110\u01b0\u1ee3c kh\u01a1i ngu\u1ed3n c\u1ea3m h\u1ee9ng t\u1eeb v\u1ebb \u0111\u1eb9p c\u1ee7a nh\u1eefng d\u00f2ng \u0111\u00e1 t\u1ef1 nhi\u00ean v\u1edbi \u0111\u01b0\u1eddng v\u00e2n \u0111\u1ea7y bi\u1ebfn chuy\u1ec3n, g\u1ea1ch \u1ed1p l\u00e1t CSG6060150S5 s\u1edf h\u1eefu thi\u1ebft k\u1ebf \u0111\u1ed9c \u0111\u00e1o, ch\u1ea5t x\u01b0\u01a1ng Porcelain c\u1ee9ng c\u00e1p c\u00f9ng gi\u00e1 th\u00e0nh m\u1ec1m m\u1ea1i. S\u1ea3n ph\u1ea9m l\u00e0 l\u1ef1a ch\u1ecdn l\u00fd t\u01b0\u1edfng cho nh\u1eefng gia ch\u1ee7 y\u00eau th\u00edch phong c\u00e1ch [&hellip;]<\/p>\n","protected":false},"featured_media":30465,"comment_status":"open","ping_status":"closed","template":"","meta":[],"product_brand":[],"product_cat":[1076,1015,1083,1016,1017,1023],"product_tag":[],"class_list":{"0":"post-30475","1":"product","2":"type-product","3":"status-publish","4":"has-post-thumbnail","6":"product_cat-gach-op-lat","7":"product_cat-gach-lat","8":"product_cat-gach-lat-nen-van-da","9":"product_cat-gach-op","10":"product_cat-gach-op-lat-cmc","11":"product_cat-porcelain","13":"first","14":"instock","15":"taxable","16":"shipping-taxable","17":"purchasable","18":"product-type-simple"},"_links":{"self":[{"href":"https:\/\/cmctiles.vn\/en\/wp-json\/wp\/v2\/product\/30475","targetHints":{"allow":["GET"]}}],"collection":[{"href":"https:\/\/cmctiles.vn\/en\/wp-json\/wp\/v2\/product"}],"about":[{"href":"https:\/\/cmctiles.vn\/en\/wp-json\/wp\/v2\/types\/product"}],"replies":[{"embeddable":true,"href":"https:\/\/cmctiles.vn\/en\/wp-json\/wp\/v2\/comments?post=30475"}],"version-history":[{"count":3,"href":"https:\/\/cmctiles.vn\/en\/wp-json\/wp\/v2\/product\/30475\/revisions"}],"predecessor-version":[{"id":32905,"href":"https:\/\/cmctiles.vn\/en\/wp-json\/wp\/v2\/product\/30475\/revisions\/32905"}],"wp:featuredmedia":[{"embeddable":true,"href":"https:\/\/cmctiles.vn\/en\/wp-json\/wp\/v2\/media\/30465"}],"wp:attachment":[{"href":"https:\/\/cmctiles.vn\/en\/wp-json\/wp\/v2\/media?parent=30475"}],"wp:term":[{"taxonomy":"product_brand","embeddable":true,"href":"https:\/\/cmctiles.vn\/en\/wp-json\/wp\/v2\/product_brand?post=30475"},{"taxonomy":"product_cat","embeddable":true,"href":"https:\/\/cmctiles.vn\/en\/wp-json\/wp\/v2\/product_cat?post=30475"},{"taxonomy":"product_tag","embeddable":true,"href":"https:\/\/cmctiles.vn\/en\/wp-json\/wp\/v2\/product_tag?post=30475"}],"curies":[{"name":"wp","href":"https:\/\/api.w.org\/{rel}","templated":true}]}}