{"id":30451,"date":"2024-07-19T17:24:02","date_gmt":"2024-07-19T10:24:02","guid":{"rendered":"https:\/\/cmctiles.vn\/?post_type=product&#038;p=30451"},"modified":"2024-07-22T11:21:23","modified_gmt":"2024-07-22T04:21:23","slug":"gach-op-lat-van-go-men-bong-sinh-dong-nhu-go-tu-nhien-rcg6060017s4","status":"publish","type":"product","link":"https:\/\/cmctiles.vn\/en\/gach-op-lat\/gach-op-lat-van-go-men-bong-sinh-dong-nhu-go-tu-nhien-rcg6060017s4.html","title":{"rendered":"G\u1ea1ch \u1ed1p l\u00e1t v\u00e2n g\u1ed7 men b\u00f3ng sinh \u0111\u1ed9ng nh\u01b0 g\u1ed7 t\u1ef1 nhi\u00ean RCG6060017S4"},"content":{"rendered":"<p><span style=\"font-weight: 400;\">D\u00f9 kh\u00f4ng s\u1eed d\u1ee5ng m\u00e0u s\u1eafc n\u1ed5i tr\u1ed9i, g\u1ea1ch gi\u1ea3 g\u1ed7 RCG6060017S4 v\u1eabn \u1ea5n t\u01b0\u1ee3ng v\u1edbi kh\u00e1ch h\u00e0ng nh\u1edd v\u1ebb \u0111\u1eb9p r\u1ef1c r\u1ee1 c\u1ee7a m\u00e0u v\u00e0ng kem trang nh\u00e3 k\u1ebft h\u1ee3p v\u1edbi m\u00e0u n\u00e2u \u0111\u1eadm t\u1ef1 nhi\u00ean c\u1ee7a g\u1ed7. B\u1ec1 m\u1eb7t men b\u00f3ng c\u0169ng l\u00e0m t\u0103ng s\u1ef1 s\u1ed1ng \u0111\u1ed9ng v\u00e0 h\u1ea5p d\u1eabn c\u1ee7a s\u1ea3n ph\u1ea9m, thu h\u00fat \u00e1nh nh\u00ecn c\u1ee7a m\u1ecdi gia ch\u1ee7.\u00a0<\/span><\/p>\n<figure id=\"attachment_30453\" aria-describedby=\"caption-attachment-30453\" style=\"width: 1024px\" class=\"wp-caption aligncenter\"><img fetchpriority=\"high\" decoding=\"async\" class=\"size-large wp-image-30453\" src=\"https:\/\/cmctiles.vn\/wp-content\/uploads\/2024\/07\/RCG6060017S4-1-1024x1024.jpg\" alt=\"\" width=\"1024\" height=\"1024\" title=\"\" srcset=\"https:\/\/cmctiles.vn\/wp-content\/uploads\/2024\/07\/RCG6060017S4-1-1024x1024.jpg 1024w, https:\/\/cmctiles.vn\/wp-content\/uploads\/2024\/07\/RCG6060017S4-1-300x300.jpg 300w, https:\/\/cmctiles.vn\/wp-content\/uploads\/2024\/07\/RCG6060017S4-1-150x150.jpg 150w, https:\/\/cmctiles.vn\/wp-content\/uploads\/2024\/07\/RCG6060017S4-1-768x768.jpg 768w, https:\/\/cmctiles.vn\/wp-content\/uploads\/2024\/07\/RCG6060017S4-1-1536x1536.jpg 1536w, https:\/\/cmctiles.vn\/wp-content\/uploads\/2024\/07\/RCG6060017S4-1-2048x2048.jpg 2048w, https:\/\/cmctiles.vn\/wp-content\/uploads\/2024\/07\/RCG6060017S4-1-12x12.jpg 12w, https:\/\/cmctiles.vn\/wp-content\/uploads\/2024\/07\/RCG6060017S4-1-280x280.jpg 280w, https:\/\/cmctiles.vn\/wp-content\/uploads\/2024\/07\/RCG6060017S4-1-600x600.jpg 600w, https:\/\/cmctiles.vn\/wp-content\/uploads\/2024\/07\/RCG6060017S4-1-500x500.jpg 500w, https:\/\/cmctiles.vn\/wp-content\/uploads\/2024\/07\/RCG6060017S4-1-100x100.jpg 100w\" sizes=\"(max-width: 1024px) 100vw, 1024px\" \/><figcaption id=\"caption-attachment-30453\" class=\"wp-caption-text\">Thi\u1ebft k\u1ebf ch\u00e2n th\u1ef1c c\u1ee7a g\u1ea1ch \u1ed1p l\u00e1t RCG6060017S4<\/figcaption><\/figure>\n<h2><strong>1. Th\u00f4ng tin s\u1ea3n ph\u1ea9m\u00a0<\/strong><\/h2>\n<table>\n<tbody>\n<tr>\n<td><span style=\"font-weight: 400;\">M\u00e3 s\u1ea3n ph\u1ea9m<\/span><\/td>\n<td><span style=\"font-weight: 400;\">RCG6060017S4<\/span><\/td>\n<\/tr>\n<tr>\n<td><span style=\"font-weight: 400;\">BRANDS<\/span><\/td>\n<td><span style=\"font-weight: 400;\">G\u1ea1ch \u1ed1p l\u00e1t REFINA<\/span><\/td>\n<\/tr>\n<tr>\n<td><span style=\"font-weight: 400;\">Ph\u00e2n lo\u1ea1i<\/span><\/td>\n<td><span style=\"font-weight: 400;\">Ceramic tiles\u00a0<\/span><\/td>\n<\/tr>\n<tr>\n<td><span style=\"font-weight: 400;\">M\u00e0u s\u1eafc<\/span><\/td>\n<td><span style=\"font-weight: 400;\">M\u00e0u v\u00e2n g\u1ed7\u00a0<\/span><\/td>\n<\/tr>\n<tr>\n<td><span style=\"font-weight: 400;\">Sizes<\/span><\/td>\n<td><span style=\"font-weight: 400;\">600&#215;600 mm<\/span><\/td>\n<\/tr>\n<tr>\n<td><span style=\"font-weight: 400;\">\u0110\u1ed9 d\u00e0y<\/span><\/td>\n<td><span style=\"font-weight: 400;\">9,0 mm<\/span><\/td>\n<\/tr>\n<tr>\n<td><span style=\"font-weight: 400;\">MATERIALS\u00a0<\/span><\/td>\n<td><span style=\"font-weight: 400;\">Ceramic\u00a0<\/span><\/td>\n<\/tr>\n<tr>\n<td><span style=\"font-weight: 400;\">Surfaces<\/span><\/td>\n<td><span style=\"font-weight: 400;\">Glossy Glaze\u00a0<\/span><\/td>\n<\/tr>\n<tr>\n<td><span style=\"font-weight: 400;\">Outstanding features<\/span><\/td>\n<td>\n<ul>\n<li style=\"font-weight: 400;\" aria-level=\"1\"><span style=\"font-weight: 400;\">Gi\u00e1 th\u00e0nh ph\u1ea3i ch\u0103ng, ph\u1ed5 th\u00f4ng linh ho\u1ea1t<\/span><\/li>\n<li style=\"font-weight: 400;\" aria-level=\"1\"><span style=\"font-weight: 400;\">Kh\u1ea3 n\u0103ng ch\u1ecbu l\u1ef1c, ch\u1ecbu m\u00e0i m\u00f2i cao<\/span><\/li>\n<li style=\"font-weight: 400;\" aria-level=\"1\"><span style=\"font-weight: 400;\">Anti-acid, anti-slip<\/span><\/li>\n<li style=\"font-weight: 400;\" aria-level=\"1\"><span style=\"font-weight: 400;\">Non-ignition, non-expansion<\/span><\/li>\n<li style=\"font-weight: 400;\" aria-level=\"1\"><span style=\"font-weight: 400;\">Easy to clean, anti-bacterial, anti-mildew<\/span><\/li>\n<\/ul>\n<\/td>\n<\/tr>\n<tr>\n<td><span style=\"font-weight: 400;\">APPLICATIONS<\/span><\/td>\n<td><span style=\"font-weight: 400;\">\u0110a d\u1ea1ng, v\u00ed d\u1ee5 ki\u1ebfn tr\u00fac nh\u00e0 \u1ed1ng, khu chung c\u01b0, nh\u00e0 \u1edf cao c\u1ea5p, bi\u1ec7t th\u1ef1, ph\u00f2ng kh\u00e1ch\u2026<\/span><\/td>\n<\/tr>\n<\/tbody>\n<\/table>\n<h2><b>2. G\u1ea1ch \u1ed1p l\u00e1t RCG6060017S4\u00a0 &#8211; S\u1ef1 l\u1ef1a ch\u1ecdn ho\u00e0n h\u1ea3o cho m\u1ecdi c\u00f4ng tr\u00ecnh\u00a0<\/b><\/h2>\n<p><span style=\"font-weight: 400;\">\u0110\u01b0\u1ee3c thi\u1ebft k\u1ebf linh ho\u1ea1t v\u1edbi k\u00edch th\u01b0\u1edbc 600x600mm, s\u1ea3n ph\u1ea9m g\u1ea1ch RCG6060017S4 mang \u0111\u1ebfn tr\u1ea3i nghi\u1ec7m \u0111\u1eb7c bi\u1ec7t h\u1ea5p d\u1eabn cho ng\u01b0\u1eddi s\u1eed d\u1ee5ng v\u00e0 l\u00e0 s\u1ef1 ch\u1ecdn l\u1ef1a ho\u00e0n h\u1ea3o cho c\u00e1c kh\u00f4ng gian hi\u1ec7n \u0111\u1ea1i.<\/span><\/p>\n<figure id=\"attachment_30452\" aria-describedby=\"caption-attachment-30452\" style=\"width: 1024px\" class=\"wp-caption aligncenter\"><img decoding=\"async\" class=\"size-large wp-image-30452\" src=\"https:\/\/cmctiles.vn\/wp-content\/uploads\/2024\/07\/RCG6060017S4-1024x819.jpg\" alt=\"\" width=\"1024\" height=\"819\" title=\"\" srcset=\"https:\/\/cmctiles.vn\/wp-content\/uploads\/2024\/07\/RCG6060017S4-1024x819.jpg 1024w, https:\/\/cmctiles.vn\/wp-content\/uploads\/2024\/07\/RCG6060017S4-300x240.jpg 300w, https:\/\/cmctiles.vn\/wp-content\/uploads\/2024\/07\/RCG6060017S4-768x614.jpg 768w, https:\/\/cmctiles.vn\/wp-content\/uploads\/2024\/07\/RCG6060017S4-1536x1229.jpg 1536w, https:\/\/cmctiles.vn\/wp-content\/uploads\/2024\/07\/RCG6060017S4-2048x1638.jpg 2048w, https:\/\/cmctiles.vn\/wp-content\/uploads\/2024\/07\/RCG6060017S4-15x12.jpg 15w, https:\/\/cmctiles.vn\/wp-content\/uploads\/2024\/07\/RCG6060017S4-350x280.jpg 350w, https:\/\/cmctiles.vn\/wp-content\/uploads\/2024\/07\/RCG6060017S4-500x400.jpg 500w\" sizes=\"(max-width: 1024px) 100vw, 1024px\" \/><figcaption id=\"caption-attachment-30452\" class=\"wp-caption-text\">Kh\u00f4ng gian th\u00eam \u1ea5m \u00e1p v\u00e0 th\u01b0 gi\u00e3n nh\u1edd v\u00e0o g\u1ea1ch v\u00e2n g\u1ed7 RCG6060017S4<\/figcaption><\/figure>\n<p><b>2.1. Thi\u1ebft k\u1ebf \u0111\u1ed9c \u0111\u00e1o v\u00e0 \u1ea5n t\u01b0\u1ee3ng<\/b><\/p>\n<p><span style=\"font-weight: 400;\">\u0110\u01b0\u1ee3c l\u1ea5y c\u1ea3m h\u1ee9ng t\u1eeb v\u1ebb \u0111\u1eb9p t\u1ef1 nhi\u00ean c\u1ee7a v\u00e2n g\u1ed7, g\u1ea1ch \u1ed1p l\u00e1t RCG6060017S4 t\u1ea1o n\u00ean s\u1ef1 h\u00f2a quy\u1ec7n gi\u1eefa n\u00e9t m\u1ed9c m\u1ea1c v\u00e0 sang tr\u1ecdng, \u0111\u1eb3ng c\u1ea5p. V\u1edbi gam m\u00e0u v\u00e0ng kem trang nh\u00e3 v\u00e0 nh\u1eefng \u0111\u01b0\u1eddng v\u00e2n m\u1ec1m m\u1ea1i nh\u01b0 l\u1edbp vi\u1ec1n tr\u00ean g\u1ed7 th\u1eadt, s\u1ea3n ph\u1ea9m t\u1ea1o ra hi\u1ec7u \u1ee9ng th\u1ecb gi\u00e1c tinh t\u1ebf, kh\u01a1i g\u1ee3i c\u1ea3m gi\u00e1c \u1ea5m \u00e1p v\u00e0 th\u01b0 gi\u00e3n cho ng\u01b0\u1eddi s\u1eed d\u1ee5ng.<\/span><\/p>\n<p><b>2.2. Gi\u00e1 c\u1ea3 ph\u1ea3i ch\u0103ng nh\u01b0ng v\u1eabn \u0111\u1ea3m b\u1ea3o ch\u1ea5t l\u01b0\u1ee3ng<\/b><\/p>\n<p><span style=\"font-weight: 400;\">G\u1ea1ch \u1ed1p l\u00e1t RCG6060017S4 \u0111\u01b0\u1ee3c l\u00e0m t\u1eeb ch\u1ea5t li\u1ec7u x\u01b0\u01a1ng g\u1ea1ch ceramic n\u00ean c\u00f3 kh\u1ea3 n\u0103ng ch\u1ed1ng tr\u01a1n tr\u01b0\u1ee3t v\u00e0 tr\u1ea7y x\u01b0\u1edbc hi\u1ec7u qu\u1ea3. Nh\u1edd v\u00e0o tr\u1ecdng l\u01b0\u1ee3ng nh\u1eb9, vi\u1ec7c thi c\u00f4ng gi\u1ea3 g\u1ed7 RCG6060017S4 tr\u1edf n\u00ean d\u1ec5 d\u00e0ng h\u01a1n, gi\u00fap g\u1ea1ch b\u00e1m d\u00ednh ch\u1eafc ch\u1eafn l\u00ean c\u00e1c b\u1ee9c t\u01b0\u1eddng. H\u01a1n n\u1eefa, g\u1ea1ch RCG6060017S4 c\u00f2n \u0111\u01b0\u1ee3c \u01b0a chu\u1ed9ng nh\u1edd m\u1ee9c gi\u00e1 h\u1ee3p l\u00fd, tr\u1edf th\u00e0nh s\u1ef1 l\u1ef1a ch\u1ecdn ho\u00e0n h\u1ea3o cho nhi\u1ec1u gia \u0111\u00ecnh mong mu\u1ed1n t\u00ecm ki\u1ebfm v\u1eadt li\u1ec7u x\u00e2y d\u1ef1ng ph\u00f9 h\u1ee3p v\u1edbi ng\u00e2n s\u00e1ch c\u1ee7a m\u00ecnh.<\/span><\/p>\n<p><b>2.3. Tr\u1ea3i nghi\u1ec7m h\u00e0ng \u0111\u1ea7u cho kh\u00e1ch h\u00e0ng<\/b><\/p>\n<p><span style=\"font-weight: 400;\">V\u1edbi nh\u1eefng \u01b0u \u0111i\u1ec3m n\u1ed5i b\u1eadt, g\u1ea1ch gi\u1ea3 g\u1ed7 RCG6060017S4 mang \u0111\u1ebfn tr\u1ea3i nghi\u1ec7m tuy\u1ec7t v\u1eddi cho ng\u01b0\u1eddi d\u00f9ng. V\u1edbi thi\u1ebft k\u1ebf \u0111\u1ed9c \u0111\u00e1o, s\u1ea3n ph\u1ea9m ch\u1eafc ch\u1eafn s\u1ebd \u0111\u1ec3 l\u1ea1i \u1ea5n t\u01b0\u1ee3ng m\u1ea1nh m\u1ebd \u0111\u1ed1i v\u1edbi nh\u1eefng v\u1ecb kh\u00e1ch gh\u00e9 th\u0103m t\u1ed5 \u1ea5m c\u1ee7a gia ch\u1ee7. \u0110\u1ed3ng th\u1eddi, b\u1ec1 m\u1eb7t g\u1ea1ch \u0111\u01b0\u1ee3c ph\u1ee7 men b\u00f3ng n\u00ean d\u1ec5 d\u00e0ng v\u1ec7 sinh v\u00e0 lau ch\u00f9i, mang l\u1ea1i s\u1ef1 ti\u1ec7n l\u1ee3i cho gia ch\u1ee7.<\/span><\/p>\n<p><span style=\"font-weight: 400;\">Tr\u00ean \u0111\u00e2y l\u00e0 nh\u1eefng \u0111\u1eb7c \u0111i\u1ec3m n\u1ed5i b\u1eadt v\u00e0 l\u01b0u \u00fd khi qu\u00fd kh\u00e1ch l\u1ef1a ch\u1ecdn v\u00e0 s\u1eed d\u1ee5ng g\u1ea1ch \u1ed1p l\u00e1t RCG6060017S4. Hy v\u1ecdng b\u00e0i vi\u1ebft s\u1ebd gi\u00fap \u00edch cho qu\u00fd v\u1ecb \u0111\u1ec3 l\u1ef1a ch\u1ecdn \u0111\u01b0\u1ee3c s\u1ea3n ph\u1ea9m ph\u00f9 h\u1ee3p nh\u1ea5t v\u1edbi kh\u00f4ng gian v\u00e0 chi ph\u00ed c\u1ee7a gia \u0111\u00ecnh.\u00a0<\/span><\/p>\n<p><span style=\"font-weight: 400;\">Vui l\u00f2ng \u0111\u1ec3 l\u1ea1i th\u00f4ng tin d\u01b0\u1edbi h\u1ed9p th\u01b0 d\u01b0\u1edbi \u0111\u00e2y n\u1ebfu qu\u00fd v\u1ecb c\u1ea7n gi\u1ea3i \u0111\u00e1p th\u1eafc m\u1eafc ho\u1eb7c nh\u1eadn s\u1ef1 t\u01b0 v\u1ea5n t\u1eeb chuy\u00ean gia c\u1ee7a CMC Tiles!<\/span><\/p>\n<p>&nbsp;<\/p>","protected":false},"excerpt":{"rendered":"<p>D\u00f9 kh\u00f4ng s\u1eed d\u1ee5ng m\u00e0u s\u1eafc n\u1ed5i tr\u1ed9i, g\u1ea1ch gi\u1ea3 g\u1ed7 RCG6060017S4 v\u1eabn \u1ea5n t\u01b0\u1ee3ng v\u1edbi kh\u00e1ch h\u00e0ng nh\u1edd v\u1ebb \u0111\u1eb9p r\u1ef1c r\u1ee1 c\u1ee7a m\u00e0u v\u00e0ng kem trang nh\u00e3 k\u1ebft h\u1ee3p v\u1edbi m\u00e0u n\u00e2u \u0111\u1eadm t\u1ef1 nhi\u00ean c\u1ee7a g\u1ed7. B\u1ec1 m\u1eb7t men b\u00f3ng c\u0169ng l\u00e0m t\u0103ng s\u1ef1 s\u1ed1ng \u0111\u1ed9ng v\u00e0 h\u1ea5p d\u1eabn c\u1ee7a s\u1ea3n ph\u1ea9m, [&hellip;]<\/p>\n","protected":false},"featured_media":30453,"comment_status":"open","ping_status":"closed","template":"","meta":[],"product_brand":[],"product_cat":[1076,1009,1015,1084,1134],"product_tag":[],"class_list":{"0":"post-30451","1":"product","2":"type-product","3":"status-publish","4":"has-post-thumbnail","6":"product_cat-gach-op-lat","7":"product_cat-ceramic","8":"product_cat-gach-lat","9":"product_cat-gach-lat-nen-van-go","10":"product_cat-gach-op-lat-refina","12":"first","13":"instock","14":"taxable","15":"shipping-taxable","16":"purchasable","17":"product-type-simple"},"_links":{"self":[{"href":"https:\/\/cmctiles.vn\/en\/wp-json\/wp\/v2\/product\/30451","targetHints":{"allow":["GET"]}}],"collection":[{"href":"https:\/\/cmctiles.vn\/en\/wp-json\/wp\/v2\/product"}],"about":[{"href":"https:\/\/cmctiles.vn\/en\/wp-json\/wp\/v2\/types\/product"}],"replies":[{"embeddable":true,"href":"https:\/\/cmctiles.vn\/en\/wp-json\/wp\/v2\/comments?post=30451"}],"version-history":[{"count":1,"href":"https:\/\/cmctiles.vn\/en\/wp-json\/wp\/v2\/product\/30451\/revisions"}],"predecessor-version":[{"id":30454,"href":"https:\/\/cmctiles.vn\/en\/wp-json\/wp\/v2\/product\/30451\/revisions\/30454"}],"wp:featuredmedia":[{"embeddable":true,"href":"https:\/\/cmctiles.vn\/en\/wp-json\/wp\/v2\/media\/30453"}],"wp:attachment":[{"href":"https:\/\/cmctiles.vn\/en\/wp-json\/wp\/v2\/media?parent=30451"}],"wp:term":[{"taxonomy":"product_brand","embeddable":true,"href":"https:\/\/cmctiles.vn\/en\/wp-json\/wp\/v2\/product_brand?post=30451"},{"taxonomy":"product_cat","embeddable":true,"href":"https:\/\/cmctiles.vn\/en\/wp-json\/wp\/v2\/product_cat?post=30451"},{"taxonomy":"product_tag","embeddable":true,"href":"https:\/\/cmctiles.vn\/en\/wp-json\/wp\/v2\/product_tag?post=30451"}],"curies":[{"name":"wp","href":"https:\/\/api.w.org\/{rel}","templated":true}]}}