{"id":30440,"date":"2024-07-19T14:54:33","date_gmt":"2024-07-19T07:54:33","guid":{"rendered":"https:\/\/cmctiles.vn\/?post_type=product&#038;p=30440"},"modified":"2025-05-30T13:08:06","modified_gmt":"2025-05-30T06:08:06","slug":"gach-op-lat-mau-vang-kem-doc-dao-goi-cam-hung-tu-da-marfil-trang-nha-rsg6060164s3","status":"publish","type":"product","link":"https:\/\/cmctiles.vn\/en\/gach-op-lat\/gach-op-lat-mau-vang-kem-doc-dao-goi-cam-hung-tu-da-marfil-trang-nha-rsg6060164s5.html","title":{"rendered":"G\u1ea1ch \u1ed1p l\u00e1t m\u00e0u v\u00e0ng kem \u0111\u1ed9c \u0111\u00e1o g\u1ee3i c\u1ea3m h\u1ee9ng t\u1eeb \u0111\u00e1 Marfil trang nh\u00e3 RSG6060164S5"},"content":{"rendered":"<figure id=\"attachment_30442\" aria-describedby=\"caption-attachment-30442\" style=\"width: 1024px\" class=\"wp-caption aligncenter\"><img fetchpriority=\"high\" decoding=\"async\" class=\"size-large wp-image-30442\" src=\"https:\/\/cmctiles.vn\/wp-content\/uploads\/2024\/07\/RSG6060164S3-1024x1024.jpg\" alt=\"\" width=\"1024\" height=\"1024\" title=\"\" srcset=\"https:\/\/cmctiles.vn\/wp-content\/uploads\/2024\/07\/RSG6060164S3-1024x1024.jpg 1024w, https:\/\/cmctiles.vn\/wp-content\/uploads\/2024\/07\/RSG6060164S3-300x300.jpg 300w, https:\/\/cmctiles.vn\/wp-content\/uploads\/2024\/07\/RSG6060164S3-150x150.jpg 150w, https:\/\/cmctiles.vn\/wp-content\/uploads\/2024\/07\/RSG6060164S3-768x768.jpg 768w, https:\/\/cmctiles.vn\/wp-content\/uploads\/2024\/07\/RSG6060164S3-1536x1536.jpg 1536w, https:\/\/cmctiles.vn\/wp-content\/uploads\/2024\/07\/RSG6060164S3-2048x2048.jpg 2048w, https:\/\/cmctiles.vn\/wp-content\/uploads\/2024\/07\/RSG6060164S3-12x12.jpg 12w, https:\/\/cmctiles.vn\/wp-content\/uploads\/2024\/07\/RSG6060164S3-280x280.jpg 280w, https:\/\/cmctiles.vn\/wp-content\/uploads\/2024\/07\/RSG6060164S3-600x600.jpg 600w, https:\/\/cmctiles.vn\/wp-content\/uploads\/2024\/07\/RSG6060164S3-500x500.jpg 500w, https:\/\/cmctiles.vn\/wp-content\/uploads\/2024\/07\/RSG6060164S3-100x100.jpg 100w\" sizes=\"(max-width: 1024px) 100vw, 1024px\" \/><figcaption id=\"caption-attachment-30442\" class=\"wp-caption-text\">G\u1ea1ch \u1ed1p l\u00e1t RSG6060164S5 n\u1ed5i b\u1eadt v\u1edbi t\u00f4ng m\u00e0u v\u00e0ng kem g\u1ee3i c\u1ea3m h\u1ee9ng t\u1edbi \u0111\u00e1 Marfil<\/figcaption><\/figure>\n<h2 style=\"text-align: justify;\"><b>1. Th\u00f4ng s\u1ed1 s\u1ea3n ph\u1ea9m<\/b><\/h2>\n<table>\n<tbody>\n<tr>\n<td><span style=\"font-weight: 400;\">M\u00e3 s\u1ea3n ph\u1ea9m<\/span><\/td>\n<td><span style=\"font-weight: 400;\">RSG6060164S5<\/span><\/td>\n<\/tr>\n<tr>\n<td><span style=\"font-weight: 400;\">BRANDS<\/span><\/td>\n<td><span style=\"font-weight: 400;\">G\u1ea1ch \u1ed1p l\u00e1t REFINA\u00a0<\/span><\/td>\n<\/tr>\n<tr>\n<td><span style=\"font-weight: 400;\">Ph\u00e2n lo\u1ea1i<\/span><\/td>\n<td><span style=\"font-weight: 400;\">Ceramic tiles<\/span><\/td>\n<\/tr>\n<tr>\n<td><span style=\"font-weight: 400;\">M\u00e0u s\u1eafc<\/span><\/td>\n<td><span style=\"font-weight: 400;\">M\u00e0u v\u00e0ng kem v\u00e2n \u0111\u00e1 tr\u1eafng<\/span><\/td>\n<\/tr>\n<tr>\n<td><span style=\"font-weight: 400;\">Sizes<\/span><\/td>\n<td><span style=\"font-weight: 400;\">600&#215;600 mm<\/span><\/td>\n<\/tr>\n<tr>\n<td><span style=\"font-weight: 400;\">\u0110\u1ed9 d\u00e0y<\/span><\/td>\n<td><span style=\"font-weight: 400;\">8,7mm<\/span><\/td>\n<\/tr>\n<tr>\n<td><span style=\"font-weight: 400;\">MATERIALS\u00a0<\/span><\/td>\n<td><span style=\"font-weight: 400;\">Porcelain (BIb)\u00a0<\/span><\/td>\n<\/tr>\n<tr>\n<td><span style=\"font-weight: 400;\">Surfaces<\/span><\/td>\n<td><span style=\"font-weight: 400;\">Glossy Glaze\u00a0<\/span><\/td>\n<\/tr>\n<tr>\n<td><span style=\"font-weight: 400;\">Outstanding features<\/span><\/td>\n<td>\n<ul>\n<li style=\"font-weight: 400;\" aria-level=\"1\"><span style=\"font-weight: 400;\">Hoa v\u0103n sang tr\u1ecdng, th\u1eddi th\u01b0\u1ee3ng<\/span><\/li>\n<li style=\"font-weight: 400;\" aria-level=\"1\"><span style=\"font-weight: 400;\">\u0110\u1ed3 b\u1ec1n u\u1ed1n ch\u1ecbu l\u1ef1c t\u1ed1t, th\u1ea5m h\u00fat n\u01b0\u1edbc th\u1ea5p<\/span><\/li>\n<li style=\"font-weight: 400;\" aria-level=\"1\"><span style=\"font-weight: 400;\">K\u00edch th\u01b0\u1edbc ph\u1ed5 th\u00f4ng, \u1ee9ng d\u1ee5ng \u0111a d\u1ea1ng<\/span><\/li>\n<li style=\"font-weight: 400;\" aria-level=\"1\"><span style=\"font-weight: 400;\">Non-ignition, non-expansion<\/span><\/li>\n<li style=\"font-weight: 400;\" aria-level=\"1\"><span style=\"font-weight: 400;\">Easy to clean, anti-bacterial, anti-mildew<\/span><\/li>\n<\/ul>\n<\/td>\n<\/tr>\n<tr>\n<td><span style=\"font-weight: 400;\">APPLICATIONS<\/span><\/td>\n<td><span style=\"font-weight: 400;\">\u0110a d\u1ea1ng, v\u00ed d\u1ee5 ki\u1ebfn tr\u00fac nh\u00e0 \u1ed1ng, khu chung c\u01b0, nh\u00e0 \u1edf cao c\u1ea5p, bi\u1ec7t th\u1ef1, ph\u00f2ng kh\u00e1ch\u2026<\/span><\/td>\n<\/tr>\n<\/tbody>\n<\/table>\n<h2 style=\"text-align: justify;\"><b>2. G\u1ea1ch \u1ed1p l\u00e1t RSG6060164S5 &#8211; S\u1ef1 l\u1ef1a ch\u1ecdn ho\u00e0n h\u1ea3o cho m\u1ecdi c\u00f4ng tr\u00ecnh<\/b><\/h2>\n<p style=\"text-align: justify;\"><span style=\"font-weight: 400;\">Trong ph\u00e2n kh\u00fac s\u1ea3n ph\u1ea9m cao c\u1ea5p c\u1ee7a CMC, g\u1ea1ch \u1ed1p l\u00e1t RSG6060164S5 \u0111\u01b0\u1ee3c coi l\u00e0 m\u1ed9t l\u1ef1a ch\u1ecdn ho\u00e0n h\u1ea3o, t\u1ea1o n\u00ean v\u1ebb \u0111\u1eb9p sang tr\u1ecdng v\u00e0 tinh t\u1ebf cho kh\u00f4ng gian s\u1ed1ng c\u1ee7a Qu\u00fd kh\u00e1ch.<\/span><\/p>\n<figure id=\"attachment_30441\" aria-describedby=\"caption-attachment-30441\" style=\"width: 1024px\" class=\"wp-caption aligncenter\"><img decoding=\"async\" class=\"size-large wp-image-30441\" src=\"https:\/\/cmctiles.vn\/wp-content\/uploads\/2024\/07\/RSG6060164S3-PC-1024x1024.png\" alt=\"\" width=\"1024\" height=\"1024\" title=\"\" srcset=\"https:\/\/cmctiles.vn\/wp-content\/uploads\/2024\/07\/RSG6060164S3-PC-1024x1024.png 1024w, https:\/\/cmctiles.vn\/wp-content\/uploads\/2024\/07\/RSG6060164S3-PC-300x300.png 300w, https:\/\/cmctiles.vn\/wp-content\/uploads\/2024\/07\/RSG6060164S3-PC-150x150.png 150w, https:\/\/cmctiles.vn\/wp-content\/uploads\/2024\/07\/RSG6060164S3-PC-768x768.png 768w, https:\/\/cmctiles.vn\/wp-content\/uploads\/2024\/07\/RSG6060164S3-PC-1536x1536.png 1536w, https:\/\/cmctiles.vn\/wp-content\/uploads\/2024\/07\/RSG6060164S3-PC-2048x2048.png 2048w, https:\/\/cmctiles.vn\/wp-content\/uploads\/2024\/07\/RSG6060164S3-PC-12x12.png 12w, https:\/\/cmctiles.vn\/wp-content\/uploads\/2024\/07\/RSG6060164S3-PC-280x280.png 280w, https:\/\/cmctiles.vn\/wp-content\/uploads\/2024\/07\/RSG6060164S3-PC-600x600.png 600w, https:\/\/cmctiles.vn\/wp-content\/uploads\/2024\/07\/RSG6060164S3-PC-500x500.png 500w, https:\/\/cmctiles.vn\/wp-content\/uploads\/2024\/07\/RSG6060164S3-PC-100x100.png 100w\" sizes=\"(max-width: 1024px) 100vw, 1024px\" \/><figcaption id=\"caption-attachment-30441\" class=\"wp-caption-text\">Kh\u00f4ng gian s\u1ed1ng c\u1ee7a gia ch\u1ee7 mang v\u1ebb \u0111\u1eb9p sang tr\u1ecdng, \u0111\u1eb3ng c\u1ea5p nh\u1edd v\u00e0o g\u1ea1ch \u1ed1p l\u00e1t RSG6060164S5<\/figcaption><\/figure>\n<h3 style=\"text-align: justify;\"><b>2.1. Thi\u1ebft k\u1ebf mang \u00e2m h\u01b0\u1edfng \u0111\u1ed9c \u0111\u00e1o c\u1ee7a g\u1ea1ch Marfil\u00a0<\/b><\/h3>\n<p style=\"text-align: justify;\"><span style=\"font-weight: 400;\">L\u1ea5y c\u1ea3m h\u1ee9ng t\u1eeb nh\u1eefng v\u00e2n \u0111\u00e1 Marfil \u0111\u1ed9c \u0111\u00e1o c\u1ee7a T\u00e2y Ban Nha, g\u1ea1ch \u1ed1p l\u00e1t RSG6060164S5 mang \u0111\u1ebfn m\u1ed9t l\u00e0n gi\u00f3 m\u1edbi cho kh\u00f4ng gian s\u1ed1ng c\u1ee7a b\u1ea1n v\u1edbi thi\u1ebft k\u1ebf \u0111\u1ed9c \u0111\u00e1o, \u1ea5n t\u01b0\u1ee3ng. T\u1eebng \u0111\u01b0\u1eddng v\u00e2n \u0111\u00e1 \u0111\u01b0\u1ee3c t\u00e1i hi\u1ec7n m\u1ed9t c\u00e1ch tinh t\u1ebf, s\u1eafc n\u00e9t, mang \u0111\u1ebfn v\u1ebb \u0111\u1eb9p sang tr\u1ecdng, \u0111\u1eb3ng c\u1ea5p cho m\u1ecdi kh\u00f4ng gian. Gam m\u00e0u v\u00e0ng kem nh\u1eb9 nh\u00e0ng, \u1ea5m \u00e1p k\u1ebft h\u1ee3p v\u1edbi nh\u1eefng \u0111\u01b0\u1eddng v\u00e2n t\u1ea1o n\u00ean s\u1ef1 h\u00e0i h\u00f2a, tinh t\u1ebf, g\u00f3p ph\u1ea7n t\u00f4 \u0111i\u1ec3m cho kh\u00f4ng gian s\u1ed1ng th\u00eam lung linh, \u1ea5n t\u01b0\u1ee3ng.<\/span><\/p>\n<h3 style=\"text-align: justify;\"><b>2.2. Ch\u1ea5t l\u01b0\u1ee3ng v\u01b0\u1ee3t tr\u1ed9i b\u1edfi x\u01b0\u01a1ng g\u1ea1ch Porcelain (BIb)\u00a0<\/b><\/h3>\n<p style=\"text-align: justify;\"><span style=\"font-weight: 400;\">G\u1ea1ch \u1ed1p l\u00e1t RSG6060164S5 kh\u00f4ng ch\u1ec9 g\u00e2y \u1ea5n t\u01b0\u1ee3ng v\u1ec1 m\u1eb7t th\u1ecb gi\u00e1c m\u00e0 c\u00f2n s\u1edf h\u1eefu ch\u1ea5t l\u01b0\u1ee3ng v\u01b0\u1ee3t tr\u1ed9i, \u0111\u00e1p \u1ee9ng nhi\u1ec1u y\u00eau c\u1ea7u thi c\u00f4ng kh\u1eaft khe. S\u1ea3n ph\u1ea9m \u0111\u01b0\u1ee3c ch\u1ebf t\u1ea1o t\u1eeb ch\u1ea5t li\u1ec7u porcelain cao c\u1ea5p n\u00ean s\u1edf h\u1eefu \u0111\u1ed9 c\u1ee9ng h\u01a1n g\u1ea1ch men th\u00f4ng th\u01b0\u1eddng. Nh\u1edd v\u1eady, g\u1ea1ch c\u00f3 kh\u1ea3 n\u0103ng ch\u1ecbu l\u1ef1c t\u1ed1t, ch\u1ed1ng x\u01b0\u1edbc hi\u1ec7u qu\u1ea3, \u0111\u1ea3m b\u1ea3o \u0111\u1ed9 b\u1ec1n b\u1ec9 theo th\u1eddi gian, d\u00f9 trong \u0111i\u1ec1u ki\u1ec7n s\u1eed d\u1ee5ng c\u01b0\u1eddng \u0111\u1ed9 cao.<\/span><\/p>\n<p style=\"text-align: justify;\"><span style=\"font-weight: 400;\">V\u1edbi t\u1ef7 l\u1ec7 h\u00fat n\u01b0\u1edbc ch\u1ec9 t\u1eeb 0,5% \u0111\u1ebfn 3%, g\u1ea1ch \u1ed1p l\u00e1t RSG6060164S5 ho\u00e0n to\u00e0n ch\u1ed1ng th\u1ea5m n\u01b0\u1edbc, ch\u1ed1ng \u1ea9m m\u1ed1c, n\u1ea5m x\u00e2m h\u1ea1i, \u0111\u1ea3m b\u1ea3o \u0111\u1ed9 b\u1ec1n \u0111\u1eb9p v\u01b0\u1ee3t th\u1eddi gian cho c\u00f4ng tr\u00ecnh.<\/span><\/p>\n<h3 style=\"text-align: justify;\"><b>2.3. L\u1ef1a ch\u1ecdn ho\u00e0n h\u1ea3o cho kh\u00f4ng gian sang tr\u1ecdng<\/b><\/h3>\n<p style=\"text-align: justify;\"><span style=\"font-weight: 400;\">V\u1edbi thi\u1ebft k\u1ebf tinh t\u1ebf, sang tr\u1ecdng c\u00f9ng ch\u1ea5t l\u01b0\u1ee3ng v\u01b0\u1ee3t tr\u1ed9i, g\u1ea1ch \u1ed1p l\u00e1t RSG6060164S5 l\u00e0 l\u1ef1a ch\u1ecdn ho\u00e0n h\u1ea3o cho nh\u1eefng ai y\u00eau th\u00edch phong c\u00e1ch hi\u1ec7n \u0111\u1ea1i, sang tr\u1ecdng v\u00e0 mong mu\u1ed1n ki\u1ebfn t\u1ea1o kh\u00f4ng gian s\u1ed1ng \u0111\u1eb3ng c\u1ea5p. G\u1ea1ch ph\u00f9 h\u1ee3p cho nh\u1eefng gia ch\u1ee7 y\u00eau th\u00edch s\u1ef1 tinh t\u1ebf, nh\u1eb9 nh\u00e0ng v\u00e0 mu\u1ed1n t\u1ea1o \u0111i\u1ec3m nh\u1ea5n cho kh\u00f4ng gian n\u1ed9i th\u1ea5t.<\/span><\/p>\n<p style=\"text-align: justify;\"><span style=\"font-weight: 400;\">Tr\u00ean \u0111\u00e2y l\u00e0 nh\u1eefng \u0111\u1eb7c \u0111i\u1ec3m n\u1ed5i b\u1eadt v\u00e0 l\u01b0u \u00fd khi qu\u00fd kh\u00e1ch l\u1ef1a ch\u1ecdn v\u00e0 s\u1eed d\u1ee5ng g\u1ea1ch \u1ed1p l\u00e1t RSG6060164S5. Hy v\u1ecdng b\u00e0i vi\u1ebft s\u1ebd gi\u00fap \u00edch cho qu\u00fd v\u1ecb \u0111\u1ec3 l\u1ef1a ch\u1ecdn \u0111\u01b0\u1ee3c s\u1ea3n ph\u1ea9m ph\u00f9 h\u1ee3p nh\u1ea5t v\u1edbi kh\u00f4ng gian v\u00e0 chi ph\u00ed c\u1ee7a gia \u0111\u00ecnh.\u00a0<\/span><\/p>\n<p style=\"text-align: justify;\"><span style=\"font-weight: 400;\">Vui l\u00f2ng \u0111\u1ec3 l\u1ea1i th\u00f4ng tin d\u01b0\u1edbi h\u1ed9p th\u01b0 d\u01b0\u1edbi \u0111\u00e2y n\u1ebfu qu\u00fd v\u1ecb c\u1ea7n gi\u1ea3i \u0111\u00e1p th\u1eafc m\u1eafc ho\u1eb7c nh\u1eadn s\u1ef1 t\u01b0 v\u1ea5n t\u1eeb chuy\u00ean gia c\u1ee7a CMC Tiles!<\/span><\/p>","protected":false},"excerpt":{"rendered":"<p>1. Th\u00f4ng s\u1ed1 s\u1ea3n ph\u1ea9m M\u00e3 s\u1ea3n ph\u1ea9m RSG6060164S5 Th\u01b0\u01a1ng hi\u1ec7u G\u1ea1ch \u1ed1p l\u00e1t REFINA\u00a0 Ph\u00e2n lo\u1ea1i G\u1ea1ch \u1ed1p l\u00e1t M\u00e0u s\u1eafc M\u00e0u v\u00e0ng kem v\u00e2n \u0111\u00e1 tr\u1eafng K\u00edch th\u01b0\u1edbc 600&#215;600 mm \u0110\u1ed9 d\u00e0y 8,7mm Ch\u1ea5t li\u1ec7u\u00a0 Porcelain (BIb)\u00a0 B\u1ec1 m\u1eb7t Men b\u00f3ng\u00a0 \u0110\u1eb7c \u0111i\u1ec3m n\u1ed5i b\u1eadt Hoa v\u0103n sang tr\u1ecdng, th\u1eddi th\u01b0\u1ee3ng \u0110\u1ed3 b\u1ec1n [&hellip;]<\/p>\n","protected":false},"featured_media":30442,"comment_status":"open","ping_status":"closed","template":"","meta":[],"product_brand":[],"product_cat":[1076,1015,1083,1023,1134],"product_tag":[],"class_list":{"0":"post-30440","1":"product","2":"type-product","3":"status-publish","4":"has-post-thumbnail","6":"product_cat-gach-op-lat","7":"product_cat-gach-lat","8":"product_cat-gach-lat-nen-van-da","9":"product_cat-porcelain","10":"product_cat-gach-op-lat-refina","12":"first","13":"instock","14":"taxable","15":"shipping-taxable","16":"purchasable","17":"product-type-simple"},"_links":{"self":[{"href":"https:\/\/cmctiles.vn\/en\/wp-json\/wp\/v2\/product\/30440","targetHints":{"allow":["GET"]}}],"collection":[{"href":"https:\/\/cmctiles.vn\/en\/wp-json\/wp\/v2\/product"}],"about":[{"href":"https:\/\/cmctiles.vn\/en\/wp-json\/wp\/v2\/types\/product"}],"replies":[{"embeddable":true,"href":"https:\/\/cmctiles.vn\/en\/wp-json\/wp\/v2\/comments?post=30440"}],"version-history":[{"count":8,"href":"https:\/\/cmctiles.vn\/en\/wp-json\/wp\/v2\/product\/30440\/revisions"}],"predecessor-version":[{"id":33498,"href":"https:\/\/cmctiles.vn\/en\/wp-json\/wp\/v2\/product\/30440\/revisions\/33498"}],"wp:featuredmedia":[{"embeddable":true,"href":"https:\/\/cmctiles.vn\/en\/wp-json\/wp\/v2\/media\/30442"}],"wp:attachment":[{"href":"https:\/\/cmctiles.vn\/en\/wp-json\/wp\/v2\/media?parent=30440"}],"wp:term":[{"taxonomy":"product_brand","embeddable":true,"href":"https:\/\/cmctiles.vn\/en\/wp-json\/wp\/v2\/product_brand?post=30440"},{"taxonomy":"product_cat","embeddable":true,"href":"https:\/\/cmctiles.vn\/en\/wp-json\/wp\/v2\/product_cat?post=30440"},{"taxonomy":"product_tag","embeddable":true,"href":"https:\/\/cmctiles.vn\/en\/wp-json\/wp\/v2\/product_tag?post=30440"}],"curies":[{"name":"wp","href":"https:\/\/api.w.org\/{rel}","templated":true}]}}