{"id":30435,"date":"2024-07-19T13:42:53","date_gmt":"2024-07-19T06:42:53","guid":{"rendered":"https:\/\/cmctiles.vn\/?post_type=product&#038;p=30435"},"modified":"2025-05-30T13:04:50","modified_gmt":"2025-05-30T06:04:50","slug":"gach-op-lat-xanh-ghi-bat-mat-goi-cam-hung-troi-may-bat-tan-rsg6060163s3","status":"publish","type":"product","link":"https:\/\/cmctiles.vn\/en\/gach-op-lat\/gach-op-lat-xanh-ghi-bat-mat-goi-cam-hung-troi-may-bat-tan-rsg6060163s5.html","title":{"rendered":"G\u1ea1ch \u1ed1p l\u00e1t xanh ghi b\u1eaft m\u1eaft g\u1ee3i c\u1ea3m h\u1ee9ng tr\u1eddi m\u00e2y b\u1ea5t t\u1eadn RSG6060163S5"},"content":{"rendered":"<figure id=\"attachment_30437\" aria-describedby=\"caption-attachment-30437\" style=\"width: 1024px\" class=\"wp-caption aligncenter\"><img fetchpriority=\"high\" decoding=\"async\" class=\"size-large wp-image-30437\" src=\"https:\/\/cmctiles.vn\/wp-content\/uploads\/2024\/07\/RSG6060163S3-1024x1024.jpg\" alt=\"\" width=\"1024\" height=\"1024\" title=\"\" srcset=\"https:\/\/cmctiles.vn\/wp-content\/uploads\/2024\/07\/RSG6060163S3-1024x1024.jpg 1024w, https:\/\/cmctiles.vn\/wp-content\/uploads\/2024\/07\/RSG6060163S3-300x300.jpg 300w, https:\/\/cmctiles.vn\/wp-content\/uploads\/2024\/07\/RSG6060163S3-150x150.jpg 150w, https:\/\/cmctiles.vn\/wp-content\/uploads\/2024\/07\/RSG6060163S3-768x768.jpg 768w, https:\/\/cmctiles.vn\/wp-content\/uploads\/2024\/07\/RSG6060163S3-1536x1536.jpg 1536w, https:\/\/cmctiles.vn\/wp-content\/uploads\/2024\/07\/RSG6060163S3-2048x2048.jpg 2048w, https:\/\/cmctiles.vn\/wp-content\/uploads\/2024\/07\/RSG6060163S3-12x12.jpg 12w, https:\/\/cmctiles.vn\/wp-content\/uploads\/2024\/07\/RSG6060163S3-280x280.jpg 280w, https:\/\/cmctiles.vn\/wp-content\/uploads\/2024\/07\/RSG6060163S3-600x600.jpg 600w, https:\/\/cmctiles.vn\/wp-content\/uploads\/2024\/07\/RSG6060163S3-500x500.jpg 500w, https:\/\/cmctiles.vn\/wp-content\/uploads\/2024\/07\/RSG6060163S3-100x100.jpg 100w\" sizes=\"(max-width: 1024px) 100vw, 1024px\" \/><figcaption id=\"caption-attachment-30437\" class=\"wp-caption-text\">G\u1ea1ch \u1ed1p l\u00e1t RSG6060163S5 n\u1ed5i b\u1eadt v\u1edbi t\u00f4ng m\u00e0u ghi xanh t\u01b0\u01a1i s\u00e1ng<\/figcaption><\/figure>\n<h2 style=\"text-align: justify;\"><b>1. Th\u00f4ng s\u1ed1 s\u1ea3n ph\u1ea9m<\/b><\/h2>\n<table>\n<tbody>\n<tr>\n<td><span style=\"font-weight: 400;\">M\u00e3 s\u1ea3n ph\u1ea9m<\/span><\/td>\n<td><span style=\"font-weight: 400;\">RSG6060163S5<\/span><\/td>\n<\/tr>\n<tr>\n<td><span style=\"font-weight: 400;\">BRANDS<\/span><\/td>\n<td><span style=\"font-weight: 400;\">G\u1ea1ch \u1ed1p l\u00e1t REFINA\u00a0<\/span><\/td>\n<\/tr>\n<tr>\n<td><span style=\"font-weight: 400;\">Ph\u00e2n lo\u1ea1i<\/span><\/td>\n<td><span style=\"font-weight: 400;\">Ceramic tiles<\/span><\/td>\n<\/tr>\n<tr>\n<td><span style=\"font-weight: 400;\">M\u00e0u s\u1eafc<\/span><\/td>\n<td><span style=\"font-weight: 400;\">M\u00e0u xanh ghi v\u00e2n \u0111\u00e1 tr\u1eafng<\/span><\/td>\n<\/tr>\n<tr>\n<td><span style=\"font-weight: 400;\">Sizes<\/span><\/td>\n<td><span style=\"font-weight: 400;\">600&#215;600 mm<\/span><\/td>\n<\/tr>\n<tr>\n<td><span style=\"font-weight: 400;\">\u0110\u1ed9 d\u00e0y<\/span><\/td>\n<td><span style=\"font-weight: 400;\">8,7mm<\/span><\/td>\n<\/tr>\n<tr>\n<td><span style=\"font-weight: 400;\">MATERIALS\u00a0<\/span><\/td>\n<td><span style=\"font-weight: 400;\">Porcelain (BIb)\u00a0<\/span><\/td>\n<\/tr>\n<tr>\n<td><span style=\"font-weight: 400;\">Surfaces<\/span><\/td>\n<td><span style=\"font-weight: 400;\">Glossy Glaze\u00a0<\/span><\/td>\n<\/tr>\n<tr>\n<td><span style=\"font-weight: 400;\">Outstanding features<\/span><\/td>\n<td>\n<ul>\n<li style=\"font-weight: 400;\" aria-level=\"1\"><span style=\"font-weight: 400;\">Hoa v\u0103n sang tr\u1ecdng, th\u1eddi th\u01b0\u1ee3ng<\/span><\/li>\n<li style=\"font-weight: 400;\" aria-level=\"1\"><span style=\"font-weight: 400;\">\u0110\u1ed3 b\u1ec1n u\u1ed1n ch\u1ecbu l\u1ef1c t\u1ed1t, th\u1ea5m h\u00fat n\u01b0\u1edbc th\u1ea5p<\/span><\/li>\n<li style=\"font-weight: 400;\" aria-level=\"1\"><span style=\"font-weight: 400;\">K\u00edch th\u01b0\u1edbc ph\u1ed5 th\u00f4ng, \u1ee9ng d\u1ee5ng \u0111a d\u1ea1ng<\/span><\/li>\n<li style=\"font-weight: 400;\" aria-level=\"1\"><span style=\"font-weight: 400;\">Non-ignition, non-expansion<\/span><\/li>\n<li style=\"font-weight: 400;\" aria-level=\"1\"><span style=\"font-weight: 400;\">Easy to clean, anti-bacterial, anti-mildew<\/span><\/li>\n<\/ul>\n<\/td>\n<\/tr>\n<tr>\n<td><span style=\"font-weight: 400;\">APPLICATIONS<\/span><\/td>\n<td><span style=\"font-weight: 400;\">\u0110a d\u1ea1ng, v\u00ed d\u1ee5 ki\u1ebfn tr\u00fac nh\u00e0 \u1ed1ng, khu chung c\u01b0, nh\u00e0 \u1edf cao c\u1ea5p, bi\u1ec7t th\u1ef1, ph\u00f2ng kh\u00e1ch\u2026<\/span><\/td>\n<\/tr>\n<\/tbody>\n<\/table>\n<h2 style=\"text-align: justify;\"><b>2. G\u1ea1ch \u1ed1p l\u00e1t RSG6060163S5 &#8211; S\u1ef1 l\u1ef1a ch\u1ecdn ho\u00e0n h\u1ea3o cho m\u1ecdi c\u00f4ng tr\u00ecnh\u00a0<\/b><\/h2>\n<p style=\"text-align: justify;\"><span style=\"font-weight: 400;\">\u0110\u01b0\u1ee3c \u0111\u00e1nh gi\u00e1 l\u00e0 d\u00f2ng s\u1ea3n ph\u1ea9m g\u1ea1ch \u1ed1p l\u00e1t v\u01b0\u1ee3t tr\u1ed9i v\u1edbi ch\u1ea5t l\u01b0\u1ee3ng b\u1ec1n b\u1ec9 theo n\u0103m th\u00e1ng c\u00f9ng thi\u1ebft k\u1ebf \u0111\u1ea7y th\u1ea9m m\u1ef9, g\u1ea1ch v\u00e2n \u0111\u00e1 RSG6060163S5 ch\u1eafc h\u1eb3n s\u1ebd l\u00e0m h\u00e0i l\u00f2ng ngay c\u1ea3 nh\u1eefng gia ch\u1ee7 kh\u00f3 t\u00ednh nh\u1ea5t.\u00a0<\/span><\/p>\n<figure id=\"attachment_30436\" aria-describedby=\"caption-attachment-30436\" style=\"width: 1024px\" class=\"wp-caption aligncenter\"><img decoding=\"async\" class=\"size-large wp-image-30436\" src=\"https:\/\/cmctiles.vn\/wp-content\/uploads\/2024\/07\/RSG6060163S3-PC-1024x819.png\" alt=\"\" width=\"1024\" height=\"819\" title=\"\" srcset=\"https:\/\/cmctiles.vn\/wp-content\/uploads\/2024\/07\/RSG6060163S3-PC-1024x819.png 1024w, https:\/\/cmctiles.vn\/wp-content\/uploads\/2024\/07\/RSG6060163S3-PC-300x240.png 300w, https:\/\/cmctiles.vn\/wp-content\/uploads\/2024\/07\/RSG6060163S3-PC-768x614.png 768w, https:\/\/cmctiles.vn\/wp-content\/uploads\/2024\/07\/RSG6060163S3-PC-1536x1229.png 1536w, https:\/\/cmctiles.vn\/wp-content\/uploads\/2024\/07\/RSG6060163S3-PC-2048x1638.png 2048w, https:\/\/cmctiles.vn\/wp-content\/uploads\/2024\/07\/RSG6060163S3-PC-15x12.png 15w, https:\/\/cmctiles.vn\/wp-content\/uploads\/2024\/07\/RSG6060163S3-PC-350x280.png 350w, https:\/\/cmctiles.vn\/wp-content\/uploads\/2024\/07\/RSG6060163S3-PC-500x400.png 500w\" sizes=\"(max-width: 1024px) 100vw, 1024px\" \/><figcaption id=\"caption-attachment-30436\" class=\"wp-caption-text\">Kh\u00f4ng gian s\u1ed1ng c\u1ee7a gia ch\u1ee7 th\u00eam nhi\u1ec1u ph\u1ea7n cu\u1ed1n h\u00fat nh\u1edd g\u1ea1ch \u1ed1p l\u00e1t RSG6060163S5<\/figcaption><\/figure>\n<h3 style=\"text-align: justify;\"><b>2.1. Nh\u1eefng \u0111\u01b0\u1eddng v\u00e2n \u0111\u00e1 u\u1ed1n l\u01b0\u1ee3n m\u1ec1m m\u1ea1i t\u1ef1a l\u00e0n m\u00e2y b\u1ec1nh b\u1ed3ng\u00a0<\/b><\/h3>\n<p style=\"text-align: justify;\"><span style=\"font-weight: 400;\">S\u1ea3n ph\u1ea9m g\u1ea1ch \u1ed1p l\u00e1t RSG6060163S5 l\u00e0 m\u1ed9t t\u00e1c ph\u1ea9m ngh\u1ec7 thu\u1eadt s\u00e1ng t\u1ea1o \u0111\u1ed9c \u0111\u00e1o, th\u1ec3 hi\u1ec7n s\u1ef1 k\u1ef3 di\u1ec7u v\u00e0 r\u1ed9ng l\u1edbn c\u1ee7a v\u0169 tr\u1ee5. V\u1edbi c\u00e1c \u0111\u01b0\u1eddng v\u00e2n \u0111\u00e1 m\u1ec1m m\u1ea1i u\u1ed1n l\u01b0\u1ee3n t\u1ef1a nh\u1eefng l\u00e0n m\u00e2y tr\u00f4i b\u1ec1nh b\u1ed3ng tr\u00ean b\u1ea7u tr\u1eddi, k\u1ebft h\u1ee3p c\u00f9ng t\u00f4ng m\u00e0u xanh ghi \u0111\u00e3 l\u00e0m t\u1ea1o n\u00ean s\u1ef1 cu\u1ed1n h\u00fat kh\u00f3 c\u01b0\u1ee1ng c\u1ee7a g\u1ea1ch RSG6060163S5 \u0111\u1ed1i v\u1edbi nhi\u1ec1u gia ch\u1ee7.<\/span><\/p>\n<h3 style=\"text-align: justify;\"><b>2.2. T\u00ednh n\u0103ng m\u1ea1nh m\u1ebd v\u00e0 b\u1ec1n b\u1ec9<\/b><\/h3>\n<p style=\"text-align: justify;\"><span style=\"font-weight: 400;\">Ch\u1ebf t\u00e1c t\u1eeb ch\u1ea5t li\u1ec7u porcelain (BIb) \u0111\u01b0\u1ee3c nung \u1edf nhi\u1ec7t \u0111\u1ed9 cao t\u1edbi 1200\u00b0C, g\u1ea1ch \u1ed1p l\u00e1t RSG6060163S5 s\u1edf h\u1eefu \u0111\u1ed9 c\u1ee9ng cao v\u00e0 kh\u1ea3 n\u0103ng h\u00fat n\u01b0\u1edbc th\u1ea5p ch\u1ec9 0,5% \u0111\u1ebfn 3%. G\u1ea1ch c\u00f2n c\u00f3 b\u1ec1 m\u1eb7t men b\u00f3ng m\u01b0\u1ee3t n\u00ean vi\u1ec7c v\u1ec7 sinh lau ch\u00f9i kh\u00f4ng c\u00f2n l\u00e0 tr\u1edf ng\u1ea1i v\u1edbi gia ch\u1ee7.\u00a0<\/span><\/p>\n<h3 style=\"text-align: justify;\"><b>2.3. Tr\u1ea3i nghi\u1ec7m ng\u01b0\u1eddi d\u00f9ng \u01b0u vi\u1ec7t<\/b><\/h3>\n<p style=\"text-align: justify;\"><span style=\"font-weight: 400;\">V\u00ec s\u1edf h\u1eefu ch\u1ea5t li\u1ec7u x\u01b0\u01a1ng g\u1ea1ch porcelain n\u00ean gia ch\u1ee7 s\u1ebd kh\u00f4ng ph\u1ea3i lo l\u1eafng khi \u1ed1p l\u00e1t g\u1ea1ch RSG6060163S5 \u1edf nh\u1eefng v\u1ecb tr\u00ed c\u00f3 l\u01b0u l\u01b0\u1ee3ng \u0111i l\u1ea1i cao b\u1edfi g\u1ea1ch v\u00f4 c\u00f9ng c\u1ee9ng c\u00e1p, ch\u1ecbu l\u1ef1c v\u00e0 ch\u1ecbu nhi\u1ec7t t\u1ed1t, \u0111\u1ea3m b\u1ea3o \u0111\u1ed9 b\u1ec1n \u0111\u1eb9p theo n\u0103m th\u00e1ng. \u0110\u1ed3ng th\u1eddi, b\u1ec1 m\u1eb7t men b\u00f3ng c\u1ee7a g\u1ea1ch c\u0169ng gi\u00fap kh\u00f4ng gian n\u1ed9i th\u1ea5t c\u1ee7a gia ch\u1ee7 th\u00eam ph\u1ea7n lung linh, t\u1ea1o ra hi\u1ec7u \u1ee9ng th\u1ecb gi\u00e1c \u0111\u1ed9c \u0111\u00e1o v\u00e0 l\u00e0 \u0111i\u1ec3m nh\u1ea5n kh\u00f4ng th\u1ec3 thi\u1ebfu trong t\u1ed5 \u1ea5m gia \u0111\u00ecnh.<\/span><\/p>\n<p style=\"text-align: justify;\"><span style=\"font-weight: 400;\">Tr\u1ea3i nghi\u1ec7m ng\u01b0\u1eddi d\u00f9ng v\u1edbi g\u1ea1ch \u1ed1p l\u00e1t RSG6060163S5 kh\u00f4ng ch\u1ec9 l\u00e0 s\u1ef1 ti\u1ec7n l\u1ee3i trong v\u1ec7 sinh m\u00e0 c\u00f2n l\u00e0 s\u1ef1 \u0111\u1eb3ng c\u1ea5p v\u00e0 l\u1ecbch l\u00e3m m\u00e0 m\u1ed7i chi ti\u1ebft nh\u1ecf nh\u01b0ng \u0111\u1ea7y \u00fd ngh\u0129a truy\u1ec1n t\u1ea3i.<\/span><\/p>\n<p style=\"text-align: justify;\"><span style=\"font-weight: 400;\">Tr\u00ean \u0111\u00e2y l\u00e0 nh\u1eefng \u0111\u1eb7c \u0111i\u1ec3m n\u1ed5i b\u1eadt v\u00e0 l\u01b0u \u00fd khi qu\u00fd kh\u00e1ch l\u1ef1a ch\u1ecdn v\u00e0 s\u1eed d\u1ee5ng g\u1ea1ch \u1ed1p l\u00e1t RSG6060163S5. Hy v\u1ecdng b\u00e0i vi\u1ebft s\u1ebd gi\u00fap \u00edch cho qu\u00fd v\u1ecb \u0111\u1ec3 l\u1ef1a ch\u1ecdn \u0111\u01b0\u1ee3c s\u1ea3n ph\u1ea9m ph\u00f9 h\u1ee3p nh\u1ea5t v\u1edbi kh\u00f4ng gian v\u00e0 chi ph\u00ed c\u1ee7a gia \u0111\u00ecnh.\u00a0<\/span><\/p>\n<p style=\"text-align: justify;\"><span style=\"font-weight: 400;\">Vui l\u00f2ng \u0111\u1ec3 l\u1ea1i th\u00f4ng tin d\u01b0\u1edbi h\u1ed9p th\u01b0 d\u01b0\u1edbi \u0111\u00e2y n\u1ebfu qu\u00fd v\u1ecb c\u1ea7n gi\u1ea3i \u0111\u00e1p th\u1eafc m\u1eafc ho\u1eb7c nh\u1eadn s\u1ef1 t\u01b0 v\u1ea5n t\u1eeb chuy\u00ean gia c\u1ee7a CMC Tiles!<\/span><\/p>","protected":false},"excerpt":{"rendered":"<p>1. Th\u00f4ng s\u1ed1 s\u1ea3n ph\u1ea9m M\u00e3 s\u1ea3n ph\u1ea9m RSG6060163S5 Th\u01b0\u01a1ng hi\u1ec7u G\u1ea1ch \u1ed1p l\u00e1t REFINA\u00a0 Ph\u00e2n lo\u1ea1i G\u1ea1ch \u1ed1p l\u00e1t M\u00e0u s\u1eafc M\u00e0u xanh ghi v\u00e2n \u0111\u00e1 tr\u1eafng K\u00edch th\u01b0\u1edbc 600&#215;600 mm \u0110\u1ed9 d\u00e0y 8,7mm Ch\u1ea5t li\u1ec7u\u00a0 Porcelain (BIb)\u00a0 B\u1ec1 m\u1eb7t Men b\u00f3ng\u00a0 \u0110\u1eb7c \u0111i\u1ec3m n\u1ed5i b\u1eadt Hoa v\u0103n sang tr\u1ecdng, th\u1eddi th\u01b0\u1ee3ng \u0110\u1ed3 b\u1ec1n [&hellip;]<\/p>\n","protected":false},"featured_media":30437,"comment_status":"open","ping_status":"closed","template":"","meta":[],"product_brand":[],"product_cat":[1076,1015,1083,1023,1134],"product_tag":[],"class_list":{"0":"post-30435","1":"product","2":"type-product","3":"status-publish","4":"has-post-thumbnail","6":"product_cat-gach-op-lat","7":"product_cat-gach-lat","8":"product_cat-gach-lat-nen-van-da","9":"product_cat-porcelain","10":"product_cat-gach-op-lat-refina","12":"first","13":"instock","14":"taxable","15":"shipping-taxable","16":"purchasable","17":"product-type-simple"},"_links":{"self":[{"href":"https:\/\/cmctiles.vn\/en\/wp-json\/wp\/v2\/product\/30435","targetHints":{"allow":["GET"]}}],"collection":[{"href":"https:\/\/cmctiles.vn\/en\/wp-json\/wp\/v2\/product"}],"about":[{"href":"https:\/\/cmctiles.vn\/en\/wp-json\/wp\/v2\/types\/product"}],"replies":[{"embeddable":true,"href":"https:\/\/cmctiles.vn\/en\/wp-json\/wp\/v2\/comments?post=30435"}],"version-history":[{"count":5,"href":"https:\/\/cmctiles.vn\/en\/wp-json\/wp\/v2\/product\/30435\/revisions"}],"predecessor-version":[{"id":33494,"href":"https:\/\/cmctiles.vn\/en\/wp-json\/wp\/v2\/product\/30435\/revisions\/33494"}],"wp:featuredmedia":[{"embeddable":true,"href":"https:\/\/cmctiles.vn\/en\/wp-json\/wp\/v2\/media\/30437"}],"wp:attachment":[{"href":"https:\/\/cmctiles.vn\/en\/wp-json\/wp\/v2\/media?parent=30435"}],"wp:term":[{"taxonomy":"product_brand","embeddable":true,"href":"https:\/\/cmctiles.vn\/en\/wp-json\/wp\/v2\/product_brand?post=30435"},{"taxonomy":"product_cat","embeddable":true,"href":"https:\/\/cmctiles.vn\/en\/wp-json\/wp\/v2\/product_cat?post=30435"},{"taxonomy":"product_tag","embeddable":true,"href":"https:\/\/cmctiles.vn\/en\/wp-json\/wp\/v2\/product_tag?post=30435"}],"curies":[{"name":"wp","href":"https:\/\/api.w.org\/{rel}","templated":true}]}}