{"id":30405,"date":"2024-07-18T16:54:59","date_gmt":"2024-07-18T09:54:59","guid":{"rendered":"https:\/\/cmctiles.vn\/?post_type=product&#038;p=30405"},"modified":"2025-05-30T13:03:09","modified_gmt":"2025-05-30T06:03:09","slug":"gach-op-lat-tong-ghi-sang-ket-hop-cung-van-da-mem-mai-rsg6060162s3","status":"publish","type":"product","link":"https:\/\/cmctiles.vn\/en\/gach-op-lat\/gach-op-lat-tong-ghi-sang-ket-hop-cung-van-da-mem-mai-rsg6060162s5.html","title":{"rendered":"G\u1ea1ch \u1ed1p l\u00e1t t\u00f4ng ghi s\u00e1ng k\u1ebft h\u1ee3p c\u00f9ng v\u00e2n \u0111\u00e1 m\u1ec1m m\u1ea1i RSG6060162S5"},"content":{"rendered":"<h2><b>1. Th\u00f4ng s\u1ed1 s\u1ea3n ph\u1ea9m<\/b><\/h2>\n<table style=\"width: 74.2087%; height: 538px;\">\n<tbody>\n<tr style=\"height: 43px;\">\n<td style=\"height: 43px;\"><span style=\"font-weight: 400;\">M\u00e3 s\u1ea3n ph\u1ea9m<\/span><\/td>\n<td style=\"height: 43px;\"><span style=\"font-weight: 400;\">RSG6060162S5<\/span><\/td>\n<\/tr>\n<tr style=\"height: 43px;\">\n<td style=\"height: 43px;\"><span style=\"font-weight: 400;\">BRANDS<\/span><\/td>\n<td style=\"height: 43px;\"><span style=\"font-weight: 400;\">G\u1ea1ch \u1ed1p l\u00e1t REFINA\u00a0<\/span><\/td>\n<\/tr>\n<tr style=\"height: 43px;\">\n<td style=\"height: 43px;\"><span style=\"font-weight: 400;\">Ph\u00e2n lo\u1ea1i<\/span><\/td>\n<td style=\"height: 43px;\"><span style=\"font-weight: 400;\">Ceramic tiles<\/span><\/td>\n<\/tr>\n<tr style=\"height: 43px;\">\n<td style=\"height: 43px;\"><span style=\"font-weight: 400;\">M\u00e0u s\u1eafc<\/span><\/td>\n<td style=\"height: 43px;\"><span style=\"font-weight: 400;\">M\u00e0u ghi s\u00e1ng v\u00e2n \u0111\u00e1\u00a0<\/span><\/td>\n<\/tr>\n<tr style=\"height: 43px;\">\n<td style=\"height: 43px;\"><span style=\"font-weight: 400;\">Sizes<\/span><\/td>\n<td style=\"height: 43px;\"><span style=\"font-weight: 400;\">600&#215;600 mm<\/span><\/td>\n<\/tr>\n<tr style=\"height: 43px;\">\n<td style=\"height: 43px;\"><span style=\"font-weight: 400;\">\u0110\u1ed9 d\u00e0y<\/span><\/td>\n<td style=\"height: 43px;\"><span style=\"font-weight: 400;\">8,7mm<\/span><\/td>\n<\/tr>\n<tr style=\"height: 43px;\">\n<td style=\"height: 43px;\"><span style=\"font-weight: 400;\">MATERIALS\u00a0<\/span><\/td>\n<td style=\"height: 43px;\"><span style=\"font-weight: 400;\">Porcelain (BIb) <\/span><\/td>\n<\/tr>\n<tr style=\"height: 43px;\">\n<td style=\"height: 43px;\"><span style=\"font-weight: 400;\">Surfaces<\/span><\/td>\n<td style=\"height: 43px;\"><span style=\"font-weight: 400;\">Glossy Glaze\u00a0<\/span><\/td>\n<\/tr>\n<tr style=\"height: 151px;\">\n<td style=\"height: 151px;\"><span style=\"font-weight: 400;\">Outstanding features<\/span><\/td>\n<td style=\"height: 151px;\">\n<ul>\n<li style=\"font-weight: 400;\" aria-level=\"1\"><span style=\"font-weight: 400;\">Hoa v\u0103n sang tr\u1ecdng, th\u1eddi th\u01b0\u1ee3ng<\/span><\/li>\n<li style=\"font-weight: 400;\" aria-level=\"1\"><span style=\"font-weight: 400;\">\u0110\u1ed3 b\u1ec1n u\u1ed1n ch\u1ecbu l\u1ef1c t\u1ed1t, th\u1ea5m h\u00fat n\u01b0\u1edbc th\u1ea5p<\/span><\/li>\n<li style=\"font-weight: 400;\" aria-level=\"1\"><span style=\"font-weight: 400;\">K\u00edch th\u01b0\u1edbc ph\u1ed5 th\u00f4ng, \u1ee9ng d\u1ee5ng \u0111a d\u1ea1ng<\/span><\/li>\n<li style=\"font-weight: 400;\" aria-level=\"1\"><span style=\"font-weight: 400;\">Non-ignition, non-expansion<\/span><\/li>\n<li style=\"font-weight: 400;\" aria-level=\"1\"><span style=\"font-weight: 400;\">Easy to clean, anti-bacterial, anti-mildew<\/span><\/li>\n<\/ul>\n<\/td>\n<\/tr>\n<tr style=\"height: 43px;\">\n<td style=\"height: 43px;\"><span style=\"font-weight: 400;\">APPLICATIONS<\/span><\/td>\n<td style=\"height: 43px;\"><span style=\"font-weight: 400;\">\u0110a d\u1ea1ng, v\u00ed d\u1ee5 ki\u1ebfn tr\u00fac nh\u00e0 \u1ed1ng, khu chung c\u01b0, nh\u00e0 \u1edf cao c\u1ea5p, bi\u1ec7t th\u1ef1, ph\u00f2ng kh\u00e1ch\u2026<\/span><\/td>\n<\/tr>\n<\/tbody>\n<\/table>\n<h2><b>2. G\u1ea1ch \u1ed1p l\u00e1t RSG6060162S5 &#8211; S\u1ef1 l\u1ef1a ch\u1ecdn ho\u00e0n h\u1ea3o cho m\u1ecdi c\u00f4ng tr\u00ecnh\u00a0<\/b><\/h2>\n<p><span style=\"font-weight: 400;\">L\u00e0 d\u00f2ng s\u1ea3n ph\u1ea9m cao c\u1ea5p c\u1ee7a CMC, g\u1ea1ch \u1ed1p l\u00e1t RSG6060162S5 lu\u00f4n t\u1ea1o \u0111i\u1ec3m nh\u1ea5n tinh t\u1ebf, \u0111\u1ed3ng th\u1eddi c\u0169ng \u0111\u1ee7 trung t\u00ednh \u0111\u1ec3 ph\u00f9 h\u1ee3p v\u1edbi nhi\u1ec1u phong c\u00e1ch kh\u00e1c nhau. V\u1edbi nh\u1eefng \u01b0u \u0111i\u1ec3m v\u01b0\u1ee3t tr\u1ed9i v\u1ec1 th\u1ea9m m\u1ef9, g\u1ea1ch \u1ed1p l\u00e1t RSG6060162S5 x\u1ee9ng \u0111\u00e1ng tr\u1edf th\u00e0nh l\u1ef1a ch\u1ecdn \u01b0u ti\u00ean h\u00e0ng \u0111\u1ea7u trong c\u00e1c d\u1ef1 \u00e1n thi\u1ebft k\u1ebf n\u1ed9i th\u1ea5t hi\u1ec7n \u0111\u1ea1i v\u00e0 tinh t\u1ebf.<\/span><\/p>\n<figure id=\"attachment_30407\" aria-describedby=\"caption-attachment-30407\" style=\"width: 1024px\" class=\"wp-caption aligncenter\"><img fetchpriority=\"high\" decoding=\"async\" class=\"size-large wp-image-30407\" src=\"https:\/\/cmctiles.vn\/wp-content\/uploads\/2024\/07\/RSG6060162S3-PC-1024x819.png\" alt=\"\" width=\"1024\" height=\"819\" title=\"\" srcset=\"https:\/\/cmctiles.vn\/wp-content\/uploads\/2024\/07\/RSG6060162S3-PC-1024x819.png 1024w, https:\/\/cmctiles.vn\/wp-content\/uploads\/2024\/07\/RSG6060162S3-PC-300x240.png 300w, https:\/\/cmctiles.vn\/wp-content\/uploads\/2024\/07\/RSG6060162S3-PC-768x614.png 768w, https:\/\/cmctiles.vn\/wp-content\/uploads\/2024\/07\/RSG6060162S3-PC-1536x1229.png 1536w, https:\/\/cmctiles.vn\/wp-content\/uploads\/2024\/07\/RSG6060162S3-PC-2048x1638.png 2048w, https:\/\/cmctiles.vn\/wp-content\/uploads\/2024\/07\/RSG6060162S3-PC-15x12.png 15w, https:\/\/cmctiles.vn\/wp-content\/uploads\/2024\/07\/RSG6060162S3-PC-350x280.png 350w, https:\/\/cmctiles.vn\/wp-content\/uploads\/2024\/07\/RSG6060162S3-PC-500x400.png 500w\" sizes=\"(max-width: 1024px) 100vw, 1024px\" \/><figcaption id=\"caption-attachment-30407\" class=\"wp-caption-text\">Kh\u00f4ng gian ngo\u1ea1i th\u1ea5t c\u1ee7a gia ch\u1ee7 th\u00eam ph\u1ea7n sang tr\u1ecdng v\u00e0 thanh l\u1ecbch nh\u1edd v\u00e0o g\u1ea1ch \u1ed1p l\u00e1t RSG6060162S5<\/figcaption><\/figure>\n<h3><b>2.1. Thi\u1ebft k\u1ebf mang \u0111\u1ea7y t\u00ednh th\u1ea9m m\u1ef9 v\u00e0 s\u1ef1 sang tr\u1ecdng\u00a0<\/b><\/h3>\n<p><span style=\"font-weight: 400;\">M\u00e0u ghi x\u00e1m trung t\u00ednh c\u1ee7a g\u1ea1ch \u1ed1p l\u00e1t RSG6060162S5 kh\u00f4ng ch\u1ec9 mang l\u1ea1i c\u1ea3m gi\u00e1c \u1ea5m \u00e1p v\u00e0 tinh t\u1ebf m\u00e0 c\u00f2n t\u1ea1o \u0111i\u1ec3m nh\u1ea5n \u0111\u1ed9c \u0111\u00e1o, t\u1ea1o s\u1ef1 c\u00e2n b\u1eb1ng trong kh\u00f4ng gian. V\u1edbi s\u1ef1 k\u1ebft h\u1ee3p h\u00e0i h\u00f2a gi\u1eefa m\u00e0u s\u1eafc v\u00e0 h\u1ecda ti\u1ebft, g\u1ea1ch n\u00e0y kh\u00f4ng ch\u1ec9 \u0111\u01a1n gi\u1ea3n l\u00e0 v\u1eadt li\u1ec7u x\u00e2y d\u1ef1ng m\u00e0 c\u00f2n l\u00e0 m\u1ed9t t\u00e1c ph\u1ea9m ngh\u1ec7 thu\u1eadt thu\u1ea7n t\u00fay, l\u00e0 n\u00e9t \u0111\u1eb7c tr\u01b0ng ri\u00eang bi\u1ec7t cho c\u0103n ph\u00f2ng.<\/span><\/p>\n<h3><b>2.2. Tu\u1ed5i th\u1ecd l\u00ean \u0111\u1ebfn h\u00e0ng ch\u1ee5c n\u0103m\u00a0<\/b><\/h3>\n<p><span style=\"font-weight: 400;\">Kh\u00f4ng ch\u1ec9 v\u1ec1 m\u1eb7t th\u1ea9m m\u1ef9, g\u1ea1ch \u1ed1p l\u00e1t RSG6060162S5 c\u00f2n \u0111\u01b0\u1ee3c \u0111\u00e1nh gi\u00e1 cao v\u1ec1 \u0111\u1ed9 b\u1ec1n t\u1ed1t v\u00e0 tu\u1ed5i th\u1ecd l\u00e2u d\u00e0i. \u0110\u01b0\u1ee3c s\u1ea3n xu\u1ea5t v\u1edbi ch\u1ea5t li\u1ec7u porcelain, g\u1ea1ch RSG6060162S5 c\u00f3 kh\u1ea3 n\u0103ng ch\u1ecbu m\u00e0i m\u00f2n, va \u0111\u1eadp t\u1ed1t v\u00e0 kh\u00f3 b\u1ecb phai m\u00e0u, gi\u00fap cho kh\u00f4ng gian s\u1eed d\u1ee5ng \u0111\u01b0\u1ee3c b\u1ea3o qu\u1ea3n v\u00e0 duy tr\u00ec \u0111\u1eb9p l\u00e2u d\u00e0i.<\/span><\/p>\n<h3><b>2.3. \u0110\u1eb7c t\u00ednh n\u1ed5i b\u1eadt kh\u00e1c c\u1ee7a s\u1ea3n ph\u1ea9m<\/b><\/h3>\n<p><span style=\"font-weight: 400;\">G\u1ea1ch \u1ed1p l\u00e1t RSG6060162S5 c\u00f2n s\u1edf h\u1eefu \u0111\u1eb7c t\u00ednh kh\u00f4ng th\u1ea5m n\u01b0\u1edbc v\u00e0 d\u1ec5 lau ch\u00f9i nh\u1edd v\u00e0o b\u1ec1 m\u1eb7t men b\u00f3ng gi\u00fap cho vi\u1ec7c v\u1ec7 sinh v\u00e0 b\u1ea3o d\u01b0\u1ee1ng tr\u1edf n\u00ean \u0111\u01a1n gi\u1ea3n h\u01a1n. Ch\u1ec9 c\u1ea7n m\u1ed9t chi\u1ebfc kh\u0103n \u01b0\u1edbt, gia ch\u1ee7 \u0111\u00e3 c\u00f3 th\u1ec3 d\u1ec5 d\u00e0ng lau \u0111i nh\u1eefng v\u1ebft b\u1ea9n b\u00e1m tr\u00ean b\u1ec1 m\u1eb7t g\u1ea1ch.\u00a0<\/span><\/p>\n<p><span style=\"font-weight: 400;\">Tr\u00ean \u0111\u00e2y l\u00e0 nh\u1eefng \u0111\u1eb7c \u0111i\u1ec3m n\u1ed5i b\u1eadt v\u00e0 l\u01b0u \u00fd khi qu\u00fd kh\u00e1ch l\u1ef1a ch\u1ecdn v\u00e0 s\u1eed d\u1ee5ng g\u1ea1ch \u1ed1p l\u00e1t RSG6060162S5. Hy v\u1ecdng b\u00e0i vi\u1ebft s\u1ebd gi\u00fap \u00edch cho qu\u00fd v\u1ecb \u0111\u1ec3 l\u1ef1a ch\u1ecdn \u0111\u01b0\u1ee3c s\u1ea3n ph\u1ea9m ph\u00f9 h\u1ee3p nh\u1ea5t v\u1edbi kh\u00f4ng gian v\u00e0 chi ph\u00ed c\u1ee7a gia \u0111\u00ecnh.\u00a0<\/span><\/p>\n<p><span style=\"font-weight: 400;\">Vui l\u00f2ng \u0111\u1ec3 l\u1ea1i th\u00f4ng tin d\u01b0\u1edbi h\u1ed9p th\u01b0 d\u01b0\u1edbi \u0111\u00e2y n\u1ebfu qu\u00fd v\u1ecb c\u1ea7n gi\u1ea3i \u0111\u00e1p th\u1eafc m\u1eafc ho\u1eb7c nh\u1eadn s\u1ef1 t\u01b0 v\u1ea5n t\u1eeb chuy\u00ean gia c\u1ee7a CMC Tiles!<\/span><\/p>","protected":false},"excerpt":{"rendered":"<p>1. Th\u00f4ng s\u1ed1 s\u1ea3n ph\u1ea9m M\u00e3 s\u1ea3n ph\u1ea9m RSG6060162S5 Th\u01b0\u01a1ng hi\u1ec7u G\u1ea1ch \u1ed1p l\u00e1t REFINA\u00a0 Ph\u00e2n lo\u1ea1i G\u1ea1ch \u1ed1p l\u00e1t M\u00e0u s\u1eafc M\u00e0u ghi s\u00e1ng v\u00e2n \u0111\u00e1\u00a0 K\u00edch th\u01b0\u1edbc 600&#215;600 mm \u0110\u1ed9 d\u00e0y 8,7mm Ch\u1ea5t li\u1ec7u\u00a0 Porcelain (BIb) B\u1ec1 m\u1eb7t Men b\u00f3ng\u00a0 \u0110\u1eb7c \u0111i\u1ec3m n\u1ed5i b\u1eadt Hoa v\u0103n sang tr\u1ecdng, th\u1eddi th\u01b0\u1ee3ng \u0110\u1ed3 b\u1ec1n u\u1ed1n [&hellip;]<\/p>\n","protected":false},"featured_media":30406,"comment_status":"open","ping_status":"closed","template":"","meta":[],"product_brand":[],"product_cat":[1076,1015,1083,1023,1134],"product_tag":[],"class_list":{"0":"post-30405","1":"product","2":"type-product","3":"status-publish","4":"has-post-thumbnail","6":"product_cat-gach-op-lat","7":"product_cat-gach-lat","8":"product_cat-gach-lat-nen-van-da","9":"product_cat-porcelain","10":"product_cat-gach-op-lat-refina","12":"first","13":"instock","14":"taxable","15":"shipping-taxable","16":"purchasable","17":"product-type-simple"},"_links":{"self":[{"href":"https:\/\/cmctiles.vn\/en\/wp-json\/wp\/v2\/product\/30405","targetHints":{"allow":["GET"]}}],"collection":[{"href":"https:\/\/cmctiles.vn\/en\/wp-json\/wp\/v2\/product"}],"about":[{"href":"https:\/\/cmctiles.vn\/en\/wp-json\/wp\/v2\/types\/product"}],"replies":[{"embeddable":true,"href":"https:\/\/cmctiles.vn\/en\/wp-json\/wp\/v2\/comments?post=30405"}],"version-history":[{"count":6,"href":"https:\/\/cmctiles.vn\/en\/wp-json\/wp\/v2\/product\/30405\/revisions"}],"predecessor-version":[{"id":33493,"href":"https:\/\/cmctiles.vn\/en\/wp-json\/wp\/v2\/product\/30405\/revisions\/33493"}],"wp:featuredmedia":[{"embeddable":true,"href":"https:\/\/cmctiles.vn\/en\/wp-json\/wp\/v2\/media\/30406"}],"wp:attachment":[{"href":"https:\/\/cmctiles.vn\/en\/wp-json\/wp\/v2\/media?parent=30405"}],"wp:term":[{"taxonomy":"product_brand","embeddable":true,"href":"https:\/\/cmctiles.vn\/en\/wp-json\/wp\/v2\/product_brand?post=30405"},{"taxonomy":"product_cat","embeddable":true,"href":"https:\/\/cmctiles.vn\/en\/wp-json\/wp\/v2\/product_cat?post=30405"},{"taxonomy":"product_tag","embeddable":true,"href":"https:\/\/cmctiles.vn\/en\/wp-json\/wp\/v2\/product_tag?post=30405"}],"curies":[{"name":"wp","href":"https:\/\/api.w.org\/{rel}","templated":true}]}}