{"id":30400,"date":"2024-07-15T18:40:56","date_gmt":"2024-07-15T11:40:56","guid":{"rendered":"https:\/\/cmctiles.vn\/?post_type=product&#038;p=30400"},"modified":"2024-07-15T18:40:57","modified_gmt":"2024-07-15T11:40:57","slug":"gach-op-lat-trang-su-van-da-doc-ban-sang-trong-rpg6060129s3","status":"publish","type":"product","link":"https:\/\/cmctiles.vn\/en\/gach-op-lat\/gach-op-lat-trang-su-van-da-doc-ban-sang-trong-rpg6060129s3.html","title":{"rendered":"G\u1ea1ch \u1ed1p l\u00e1t tr\u1eafng s\u1ee9 v\u00e2n \u0111\u00e1 \u0111\u1ed9c b\u1ea3n sang tr\u1ecdng RPG6060129S3"},"content":{"rendered":"<p><span style=\"font-weight: 400;\">Tr\u00ean m\u1ed9t th\u1ebf gi\u1edbi \u0111\u1ea7y s\u1eafc m\u00e0u, m\u00e0u tr\u1eafng s\u1ee9 t\u1ecfa \u00e1nh s\u00e1ng tinh kh\u00f4i v\u00e0 trong tr\u1ebbo. S\u1ea3n ph\u1ea9m g\u1ea1ch \u1ed1p l\u00e1t RPG6060129S3 k\u1ebft h\u1ee3p m\u00e0u tr\u1eafng \u0111\u01a1n gi\u1ea3n c\u00f9ng \u0111\u01b0\u1eddng v\u00e2n \u0111\u00e1 marble v\u00e0ng cam t\u1ef1a nh\u01b0 dung nham ch\u1ea3y d\u00e0i tr\u00ean n\u1ec1n n\u00fai \u0111\u00e1 h\u00f9ng v\u0129, t\u1ea1o n\u00ean v\u1ebb \u0111\u1eb9p m\u1ea1nh m\u1ebd nh\u01b0ng kh\u00f4ng k\u00e9m ph\u1ea7n sang tr\u1ecdng.<\/span><\/p>\n<figure id=\"attachment_30402\" aria-describedby=\"caption-attachment-30402\" style=\"width: 1024px\" class=\"wp-caption aligncenter\"><img fetchpriority=\"high\" decoding=\"async\" class=\"size-large wp-image-30402\" src=\"https:\/\/cmctiles.vn\/wp-content\/uploads\/2024\/07\/RPG-6060129S3-face-01-1024x1024.jpg\" alt=\"\" width=\"1024\" height=\"1024\" title=\"\" srcset=\"https:\/\/cmctiles.vn\/wp-content\/uploads\/2024\/07\/RPG-6060129S3-face-01-1024x1024.jpg 1024w, https:\/\/cmctiles.vn\/wp-content\/uploads\/2024\/07\/RPG-6060129S3-face-01-300x300.jpg 300w, https:\/\/cmctiles.vn\/wp-content\/uploads\/2024\/07\/RPG-6060129S3-face-01-150x150.jpg 150w, https:\/\/cmctiles.vn\/wp-content\/uploads\/2024\/07\/RPG-6060129S3-face-01-768x768.jpg 768w, https:\/\/cmctiles.vn\/wp-content\/uploads\/2024\/07\/RPG-6060129S3-face-01-1536x1536.jpg 1536w, https:\/\/cmctiles.vn\/wp-content\/uploads\/2024\/07\/RPG-6060129S3-face-01-2048x2048.jpg 2048w, https:\/\/cmctiles.vn\/wp-content\/uploads\/2024\/07\/RPG-6060129S3-face-01-12x12.jpg 12w, https:\/\/cmctiles.vn\/wp-content\/uploads\/2024\/07\/RPG-6060129S3-face-01-280x280.jpg 280w, https:\/\/cmctiles.vn\/wp-content\/uploads\/2024\/07\/RPG-6060129S3-face-01-600x600.jpg 600w, https:\/\/cmctiles.vn\/wp-content\/uploads\/2024\/07\/RPG-6060129S3-face-01-500x500.jpg 500w, https:\/\/cmctiles.vn\/wp-content\/uploads\/2024\/07\/RPG-6060129S3-face-01-100x100.jpg 100w\" sizes=\"(max-width: 1024px) 100vw, 1024px\" \/><figcaption id=\"caption-attachment-30402\" class=\"wp-caption-text\">G\u1ea1ch \u1ed1p l\u00e1t RPG6060129S3 n\u1ed5i b\u1eadt v\u1edbi gam m\u00e0u tr\u1eafng s\u00e1ng c\u00f9ng nh\u1eefng \u0111\u01b0\u1eddng v\u00e2n \u0111\u00e1 t\u1ef1a dung nham \u0111ang phun tr\u00e0o<\/figcaption><\/figure>\n<h2><b>1. Th\u00f4ng s\u1ed1 s\u1ea3n ph\u1ea9m\u00a0<\/b><\/h2>\n<table>\n<tbody>\n<tr>\n<td><span style=\"font-weight: 400;\">M\u00e3 s\u1ea3n ph\u1ea9m<\/span><\/td>\n<td><span style=\"font-weight: 400;\">RPG6060129S3<\/span><\/td>\n<\/tr>\n<tr>\n<td><span style=\"font-weight: 400;\">BRANDS<\/span><\/td>\n<td><span style=\"font-weight: 400;\">G\u1ea1ch \u1ed1p l\u00e1t REFINA<\/span><\/td>\n<\/tr>\n<tr>\n<td><span style=\"font-weight: 400;\">Ph\u00e2n lo\u1ea1i<\/span><\/td>\n<td><span style=\"font-weight: 400;\">Ceramic tiles<\/span><\/td>\n<\/tr>\n<tr>\n<td><span style=\"font-weight: 400;\">M\u00e0u s\u1eafc<\/span><\/td>\n<td><span style=\"font-weight: 400;\">M\u00e0u tr\u1eafng v\u00e2n \u0111\u00e1 v\u00e0ng cam<\/span><\/td>\n<\/tr>\n<tr>\n<td><span style=\"font-weight: 400;\">Sizes<\/span><\/td>\n<td><span style=\"font-weight: 400;\">600&#215;600 mm<\/span><\/td>\n<\/tr>\n<tr>\n<td><span style=\"font-weight: 400;\">\u0110\u1ed9 d\u00e0y<\/span><\/td>\n<td><span style=\"font-weight: 400;\">9,0 mm<\/span><\/td>\n<\/tr>\n<tr>\n<td><span style=\"font-weight: 400;\">MATERIALS\u00a0<\/span><\/td>\n<td><span style=\"font-weight: 400;\">Porcelain<\/span><\/td>\n<\/tr>\n<tr>\n<td><span style=\"font-weight: 400;\">Surfaces<\/span><\/td>\n<td><span style=\"font-weight: 400;\">Glossy Glaze<\/span><\/td>\n<\/tr>\n<tr>\n<td><span style=\"font-weight: 400;\">Outstanding features<\/span><\/td>\n<td>\n<ul>\n<li style=\"font-weight: 400;\" aria-level=\"1\"><span style=\"font-weight: 400;\">H\u1ecda ti\u1ebft s\u1eafc n\u00e9t, m\u1eabu m\u00e3 \u0111a d\u1ea1ng<\/span><\/li>\n<li style=\"font-weight: 400;\" aria-level=\"1\"><span style=\"font-weight: 400;\">B\u1ec1n b\u1ec9, c\u1ee9ng c\u00e1p, b\u1ea3o v\u1ec7 t\u01b0\u1eddng t\u1ed1t v\u00e0 tu\u1ed5i th\u1ecd cao<\/span><\/li>\n<li style=\"font-weight: 400;\" aria-level=\"1\"><span style=\"font-weight: 400;\">D\u1ec5 \u1ee9ng d\u1ee5ng, d\u1ec5 thi c\u00f4ng<\/span><\/li>\n<li style=\"font-weight: 400;\" aria-level=\"1\"><span style=\"font-weight: 400;\">Non-ignition, non-expansion<\/span><\/li>\n<li style=\"font-weight: 400;\" aria-level=\"1\"><span style=\"font-weight: 400;\">D\u1ec5 v\u1ec7 sinh, ch\u1ed1ng n\u1ea5m m\u1ed1c<\/span><\/li>\n<\/ul>\n<\/td>\n<\/tr>\n<tr>\n<td><span style=\"font-weight: 400;\">APPLICATIONS<\/span><\/td>\n<td><span style=\"font-weight: 400;\">\u0110a d\u1ea1ng, v\u00ed d\u1ee5 ki\u1ebfn tr\u00fac nh\u00e0 \u1ed1ng, khu chung c\u01b0, nh\u00e0 \u1edf cao c\u1ea5p, bi\u1ec7t th\u1ef1, ph\u00f2ng kh\u00e1ch\u2026<\/span><\/td>\n<\/tr>\n<\/tbody>\n<\/table>\n<h2><b>2. RPG6060129S3 &#8211; D\u00f2ng s\u1ea3n ph\u1ea9m cao c\u1ea5p c\u1ee7a CMC\u00a0<\/b><\/h2>\n<p><span style=\"font-weight: 400;\">G\u1ea1ch \u1ed1p l\u00e1t RPG6060129S3 l\u00e0 m\u1ed9t l\u1ef1a ch\u1ecdn ho\u00e0n h\u1ea3o cho nh\u1eefng gia ch\u1ee7 mu\u1ed1n s\u1edf h\u1eefu m\u1ed9t kh\u00f4ng gian s\u1ed1ng sang tr\u1ecdng, \u0111\u1eb3ng c\u1ea5p v\u00e0 \u0111\u1ea7y s\u1ee9c s\u1ed1ng. V\u1edbi thi\u1ebft k\u1ebf \u0111\u1ed9c \u0111\u00e1o, ch\u1ea5t l\u01b0\u1ee3ng v\u01b0\u1ee3t tr\u1ed9i v\u00e0 tr\u1ea3i nghi\u1ec7m ng\u01b0\u1eddi d\u00f9ng \u0111\u1eb3ng c\u1ea5p, s\u1ea3n ph\u1ea9m h\u1ee9a h\u1eb9n s\u1ebd chi\u1ec1u long ngay c\u1ea3 nh\u1eefng kh\u00e1ch h\u00e0ng kh\u00f3 t\u00ednh.<\/span><\/p>\n<figure id=\"attachment_30401\" aria-describedby=\"caption-attachment-30401\" style=\"width: 1024px\" class=\"wp-caption aligncenter\"><img decoding=\"async\" class=\"size-large wp-image-30401\" src=\"https:\/\/cmctiles.vn\/wp-content\/uploads\/2024\/07\/RPG-6060129S3-4Faces-PC-1024x688.jpg\" alt=\"\" width=\"1024\" height=\"688\" title=\"\" srcset=\"https:\/\/cmctiles.vn\/wp-content\/uploads\/2024\/07\/RPG-6060129S3-4Faces-PC-1024x688.jpg 1024w, https:\/\/cmctiles.vn\/wp-content\/uploads\/2024\/07\/RPG-6060129S3-4Faces-PC-300x202.jpg 300w, https:\/\/cmctiles.vn\/wp-content\/uploads\/2024\/07\/RPG-6060129S3-4Faces-PC-768x516.jpg 768w, https:\/\/cmctiles.vn\/wp-content\/uploads\/2024\/07\/RPG-6060129S3-4Faces-PC-1536x1032.jpg 1536w, https:\/\/cmctiles.vn\/wp-content\/uploads\/2024\/07\/RPG-6060129S3-4Faces-PC-2048x1377.jpg 2048w, https:\/\/cmctiles.vn\/wp-content\/uploads\/2024\/07\/RPG-6060129S3-4Faces-PC-18x12.jpg 18w, https:\/\/cmctiles.vn\/wp-content\/uploads\/2024\/07\/RPG-6060129S3-4Faces-PC-400x269.jpg 400w, https:\/\/cmctiles.vn\/wp-content\/uploads\/2024\/07\/RPG-6060129S3-4Faces-PC-500x336.jpg 500w\" sizes=\"(max-width: 1024px) 100vw, 1024px\" \/><figcaption id=\"caption-attachment-30401\" class=\"wp-caption-text\">Kh\u00f4ng gian s\u1ed1ng c\u1ee7a gia ch\u1ee7 thu h\u00fat m\u1ecdi \u00e1nh nh\u00ecn c\u1ee7a th\u1ef1c kh\u00e1ch nh\u1edd v\u00e0o g\u1ea1ch \u1ed1p l\u00e1t RPG6060129S3<\/figcaption><\/figure>\n<h3><b>2.1. Thi\u1ebft k\u1ebf mang v\u1ebb \u0111\u1eb9p h\u00f9ng v\u0129 c\u1ee7a n\u00fai l\u1eeda phun tr\u00e0o<\/b><\/h3>\n<p><span style=\"font-weight: 400;\">G\u1ea1ch \u1ed1p l\u00e1t RPG6060129S3 s\u1edf h\u1eefu thi\u1ebft k\u1ebf v\u00e2n \u0111\u00e1 tinh t\u1ebf, l\u1ea5y c\u1ea3m h\u1ee9ng t\u1eeb d\u00f2ng ch\u1ea3y m\u00e3nh li\u1ec7t c\u1ee7a dung nham n\u00fai l\u1eeda. Gam m\u00e0u tr\u1eafng ch\u1ee7 \u0111\u1ea1o c\u00f9ng nh\u1eefng \u0111\u01b0\u1eddng v\u00e2n cam \u0111\u1ecf \u0111an xen nh\u01b0 nh\u1eefng d\u1ea3i dung nham n\u00f3ng h\u1ed5i, t\u1ea1o n\u00ean khung c\u1ea3nh g\u1ee3i nh\u1edb t\u1edbi thi\u00ean nhi\u00ean h\u00f9ng v\u0129 v\u00e0 \u0111\u1ea7y s\u1ee9c s\u1ed1ng.\u00a0<\/span><\/p>\n<h3><b>2.2. Ch\u1ea5t l\u01b0\u1ee3ng b\u1ec1n b\u1ec9 v\u01b0\u1ee3t th\u1eddi gian\u00a0<\/b><\/h3>\n<p><span style=\"font-weight: 400;\">G\u1ea1ch \u1ed1p l\u00e1t RPG6060129S3 \u0111\u01b0\u1ee3c l\u00e0m t\u1eeb ch\u1ea5t li\u1ec7u porcelain cao c\u1ea5p v\u1edbi \u0111\u1ed9 n\u00e9n l\u00ean \u0111\u1ebfn 11.000 PSI, g\u1ea5p 2 l\u1ea7n so v\u1edbi g\u1ea1ch men th\u00f4ng th\u01b0\u1eddng n\u00ean c\u00f3 kh\u1ea3 n\u0103ng ch\u1ecbu l\u1ef1c v\u01b0\u1ee3t tr\u1ed9i, ch\u1ed1ng s\u1ee9t m\u1ebb, n\u1ee9t v\u1ee1 hi\u1ec7u qu\u1ea3.<\/span><\/p>\n<p><span style=\"font-weight: 400;\">Th\u00eam v\u00e0o \u0111\u00f3, x\u01b0\u01a1ng g\u1ea1ch porcelain gi\u00fap s\u1ea3n ph\u1ea9m c\u00f3 \u0111\u1ed9 h\u00fat n\u01b0\u1edbc g\u1ea7n nh\u01b0 b\u1eb1ng 0, gi\u00fap ch\u1ed1ng th\u1ea5m n\u01b0\u1edbc ho\u00e0n h\u1ea3o, b\u1ea3o v\u1ec7 kh\u00f4ng gian s\u1ed1ng c\u1ee7a gia ch\u1ee7 kh\u1ecfi \u1ea9m \u01b0\u1edbt, n\u1ea5m m\u1ed1c v\u00e0 vi khu\u1ea9n.<\/span><\/p>\n<h3><b>2.3. Tr\u1ea3i nghi\u1ec7m \u01b0u vi\u1ec7t cho kh\u00e1ch h\u00e0ng\u00a0<\/b><\/h3>\n<p><span style=\"font-weight: 400;\">Thi\u1ebft k\u1ebf \u0111\u1ed9c \u0111\u00e1o l\u1ea5y c\u1ea3m h\u1ee9ng t\u1eeb dung nham n\u00fai l\u1eeda c\u1ee7a g\u1ea1ch \u1ed1p l\u00e1t RPG6060129S3 mang \u0111\u1ebfn v\u1ebb \u0111\u1eb9p c\u00e1 t\u00ednh, \u0111\u1ed9c \u0111\u00e1o cho kh\u00f4ng gian s\u1ed1ng, th\u1ec3 hi\u1ec7n \u0111\u1eb3ng c\u1ea5p v\u00e0 gu th\u1ea9m m\u1ef9 tinh t\u1ebf c\u1ee7a gia ch\u1ee7.\u00a0<\/span><\/p>\n<p><span style=\"font-weight: 400;\">Kh\u00f4ng ch\u1ec9 v\u1eady, nh\u1edd b\u1ec1 m\u1eb7t men b\u00f3ng v\u00e0 kh\u1ea3 n\u0103ng ch\u1ed1ng th\u1ea5m tuy\u1ec7t \u0111\u1ed1i c\u1ee7a x\u01b0\u01a1ng g\u1ea1ch porcelain, vi\u1ec7c v\u1ec7 sinh v\u00e0 b\u1ea3o d\u01b0\u1ee1ng t\u1ed5 \u1ea5m c\u1ee7a gia ch\u1ee7 tr\u1edf n\u00ean v\u00f4 c\u00f9ng d\u1ec5 d\u00e0ng.<\/span><\/p>\n<p><span style=\"font-weight: 400;\">Tr\u00ean \u0111\u00e2y l\u00e0 nh\u1eefng \u0111\u1eb7c \u0111i\u1ec3m n\u1ed5i b\u1eadt v\u00e0 l\u01b0u \u00fd khi Qu\u00fd kh\u00e1ch l\u1ef1a ch\u1ecdn v\u00e0 s\u1eed d\u1ee5ng g\u1ea1ch \u1ed1p l\u00e1t RPG6060129S3. Hy v\u1ecdng b\u00e0i vi\u1ebft s\u1ebd gi\u00fap \u00edch cho qu\u00fd v\u1ecb \u0111\u1ec3 l\u1ef1a ch\u1ecdn \u0111\u01b0\u1ee3c s\u1ea3n ph\u1ea9m ph\u00f9 h\u1ee3p nh\u1ea5t v\u1edbi kh\u00f4ng gian v\u00e0 chi ph\u00ed c\u1ee7a gia \u0111\u00ecnh.\u00a0<\/span><\/p>\n<p><span style=\"font-weight: 400;\">Vui l\u00f2ng \u0111\u1ec3 l\u1ea1i th\u00f4ng tin d\u01b0\u1edbi h\u1ed9p th\u01b0 d\u01b0\u1edbi \u0111\u00e2y n\u1ebfu qu\u00fd v\u1ecb c\u1ea7n gi\u1ea3i \u0111\u00e1p th\u1eafc m\u1eafc ho\u1eb7c nh\u1eadn s\u1ef1 t\u01b0 v\u1ea5n t\u1eeb chuy\u00ean gia c\u1ee7a CMC Tiles!<\/span><\/p>","protected":false},"excerpt":{"rendered":"<p>Tr\u00ean m\u1ed9t th\u1ebf gi\u1edbi \u0111\u1ea7y s\u1eafc m\u00e0u, m\u00e0u tr\u1eafng s\u1ee9 t\u1ecfa \u00e1nh s\u00e1ng tinh kh\u00f4i v\u00e0 trong tr\u1ebbo. S\u1ea3n ph\u1ea9m g\u1ea1ch \u1ed1p l\u00e1t RPG6060129S3 k\u1ebft h\u1ee3p m\u00e0u tr\u1eafng \u0111\u01a1n gi\u1ea3n c\u00f9ng \u0111\u01b0\u1eddng v\u00e2n \u0111\u00e1 marble v\u00e0ng cam t\u1ef1a nh\u01b0 dung nham ch\u1ea3y d\u00e0i tr\u00ean n\u1ec1n n\u00fai \u0111\u00e1 h\u00f9ng v\u0129, t\u1ea1o n\u00ean v\u1ebb \u0111\u1eb9p m\u1ea1nh m\u1ebd [&hellip;]<\/p>\n","protected":false},"featured_media":30402,"comment_status":"open","ping_status":"closed","template":"","meta":[],"product_brand":[],"product_cat":[1076,1015,1083,1023,1134],"product_tag":[],"class_list":{"0":"post-30400","1":"product","2":"type-product","3":"status-publish","4":"has-post-thumbnail","6":"product_cat-gach-op-lat","7":"product_cat-gach-lat","8":"product_cat-gach-lat-nen-van-da","9":"product_cat-porcelain","10":"product_cat-gach-op-lat-refina","12":"first","13":"instock","14":"taxable","15":"shipping-taxable","16":"purchasable","17":"product-type-simple"},"_links":{"self":[{"href":"https:\/\/cmctiles.vn\/en\/wp-json\/wp\/v2\/product\/30400","targetHints":{"allow":["GET"]}}],"collection":[{"href":"https:\/\/cmctiles.vn\/en\/wp-json\/wp\/v2\/product"}],"about":[{"href":"https:\/\/cmctiles.vn\/en\/wp-json\/wp\/v2\/types\/product"}],"replies":[{"embeddable":true,"href":"https:\/\/cmctiles.vn\/en\/wp-json\/wp\/v2\/comments?post=30400"}],"version-history":[{"count":2,"href":"https:\/\/cmctiles.vn\/en\/wp-json\/wp\/v2\/product\/30400\/revisions"}],"predecessor-version":[{"id":30404,"href":"https:\/\/cmctiles.vn\/en\/wp-json\/wp\/v2\/product\/30400\/revisions\/30404"}],"wp:featuredmedia":[{"embeddable":true,"href":"https:\/\/cmctiles.vn\/en\/wp-json\/wp\/v2\/media\/30402"}],"wp:attachment":[{"href":"https:\/\/cmctiles.vn\/en\/wp-json\/wp\/v2\/media?parent=30400"}],"wp:term":[{"taxonomy":"product_brand","embeddable":true,"href":"https:\/\/cmctiles.vn\/en\/wp-json\/wp\/v2\/product_brand?post=30400"},{"taxonomy":"product_cat","embeddable":true,"href":"https:\/\/cmctiles.vn\/en\/wp-json\/wp\/v2\/product_cat?post=30400"},{"taxonomy":"product_tag","embeddable":true,"href":"https:\/\/cmctiles.vn\/en\/wp-json\/wp\/v2\/product_tag?post=30400"}],"curies":[{"name":"wp","href":"https:\/\/api.w.org\/{rel}","templated":true}]}}