{"id":30396,"date":"2024-07-19T10:42:50","date_gmt":"2024-07-19T03:42:50","guid":{"rendered":"https:\/\/cmctiles.vn\/?post_type=product&#038;p=30396"},"modified":"2024-07-21T11:01:05","modified_gmt":"2024-07-21T04:01:05","slug":"gach-op-lat-mau-xam-dom-van-da-chan-thuc-pgd1010008s3","status":"publish","type":"product","link":"https:\/\/cmctiles.vn\/en\/gach-op-lat\/gach-op-lat-mau-xam-dom-van-da-chan-thuc-pgd1010008s3.html","title":{"rendered":"G\u1ea1ch \u1ed1p l\u00e1t m\u00e0u x\u00e1m \u0111\u1ed1m v\u00e2n \u0111\u00e1 ch\u00e2n th\u1ef1c PGD1010008S3"},"content":{"rendered":"<p>L\u1ea5y c\u1ea3m h\u1ee9ng t\u1eeb nh\u1eefng \u0111\u01b0\u1eddng n\u00e9t tinh x\u1ea3o d\u01b0\u1edbi s\u1ef1 t\u00e1c \u0111\u1ed9ng c\u1ee7a th\u1eddi gian, s\u1ea3n ph\u1ea9m g\u1ea1ch \u1ed1p l\u00e1t <strong>PGD1010008S3<\/strong> mang v\u1ebb \u0111\u1eb9p h\u00f9ng v\u0129 v\u00e0 m\u00eanh m\u00f4ng c\u1ee7a m\u1eb9 thi\u00ean nhi\u00ean. Nh\u1eefng \u0111i\u1ec3m xuy\u1ebfn v\u00e2n \u0111\u00e1 pha l\u1eabn nh\u1eefng ch\u1ea5m ph\u00e1 \u0111\u1ed9c \u0111\u00e1o v\u00e0 ch\u00e2n th\u1ef1c \u0111\u01b0\u1ee3c kh\u01a1i ngu\u1ed3n c\u1ea3m h\u1ee9ng t\u1eeb \u0111\u00e1 t\u1ef1 nhi\u00ean, th\u1ed5i v\u00e0o kh\u00f4ng gian s\u1ef1 sang tr\u1ecdng v\u00e0 hi\u1ec7n \u0111\u1ea1i nh\u01b0ng v\u1eabn r\u1ea5t g\u1ea7n g\u0169i.<\/p>\n<figure id=\"attachment_30398\" aria-describedby=\"caption-attachment-30398\" style=\"width: 1024px\" class=\"wp-caption aligncenter\"><img fetchpriority=\"high\" decoding=\"async\" class=\"wp-image-30398 size-large\" src=\"https:\/\/cmctiles.vn\/wp-content\/uploads\/2024\/07\/PGD1010008s3-f1A-1024x746.jpg\" alt=\"\" width=\"1024\" height=\"746\" title=\"\" srcset=\"https:\/\/cmctiles.vn\/wp-content\/uploads\/2024\/07\/PGD1010008s3-f1A-1024x746.jpg 1024w, https:\/\/cmctiles.vn\/wp-content\/uploads\/2024\/07\/PGD1010008s3-f1A-300x219.jpg 300w, https:\/\/cmctiles.vn\/wp-content\/uploads\/2024\/07\/PGD1010008s3-f1A-768x560.jpg 768w, https:\/\/cmctiles.vn\/wp-content\/uploads\/2024\/07\/PGD1010008s3-f1A-1536x1119.jpg 1536w, https:\/\/cmctiles.vn\/wp-content\/uploads\/2024\/07\/PGD1010008s3-f1A-16x12.jpg 16w, https:\/\/cmctiles.vn\/wp-content\/uploads\/2024\/07\/PGD1010008s3-f1A-384x280.jpg 384w, https:\/\/cmctiles.vn\/wp-content\/uploads\/2024\/07\/PGD1010008s3-f1A-500x364.jpg 500w, https:\/\/cmctiles.vn\/wp-content\/uploads\/2024\/07\/PGD1010008s3-f1A.jpg 1828w\" sizes=\"(max-width: 1024px) 100vw, 1024px\" \/><figcaption id=\"caption-attachment-30398\" class=\"wp-caption-text\">G\u1ea1ch \u1ed1p l\u00e1t PGD1010008S3 th\u1ed5i v\u00e0o kh\u00f4ng gian s\u1ef1 sang tr\u1ecdng nh\u01b0ng v\u1eabn r\u1ea5t g\u1ea7n g\u0169i v\u1edbi thi\u00ean nhi\u00ean<\/figcaption><\/figure>\n<h2>1. Th\u00f4ng s\u1ed1 s\u1ea3n ph\u1ea9m<\/h2>\n<table style=\"width: 81.0951%; height: 368px;\">\n<tbody>\n<tr style=\"height: 24px;\">\n<td style=\"width: 28.7805%; height: 24px;\"><span style=\"font-weight: 400;\">M\u00e3 s\u1ea3n ph\u1ea9m<\/span><\/td>\n<td style=\"width: 89.1158%; height: 24px;\"><strong>PGD1010008S3<\/strong><\/td>\n<\/tr>\n<tr style=\"height: 24px;\">\n<td style=\"width: 28.7805%; height: 24px;\"><span style=\"font-weight: 400;\">BRANDS<\/span><\/td>\n<td style=\"width: 89.1158%; height: 24px;\"><span style=\"font-weight: 400;\">PRATO Tiles<\/span><\/td>\n<\/tr>\n<tr style=\"height: 24px;\">\n<td style=\"width: 28.7805%; height: 24px;\"><span style=\"font-weight: 400;\">Ph\u00e2n lo\u1ea1i<\/span><\/td>\n<td style=\"width: 89.1158%; height: 24px;\"><span style=\"font-weight: 400;\">G\u1ea1ch \u1ed1p l\u00e1t n\u1ec1n\u00a0<\/span><\/td>\n<\/tr>\n<tr style=\"height: 24px;\">\n<td style=\"width: 28.7805%; height: 24px;\"><span style=\"font-weight: 400;\">M\u00e0u s\u1eafc<\/span><\/td>\n<td style=\"width: 89.1158%; height: 24px;\"><span style=\"font-weight: 400;\">M\u00e0u x\u00e1m \u0111\u1ed1m v\u00e2n \u0111\u00e1\u00a0<\/span><\/td>\n<\/tr>\n<tr style=\"height: 24px;\">\n<td style=\"width: 28.7805%; height: 24px;\"><span style=\"font-weight: 400;\">Sizes<\/span><\/td>\n<td style=\"width: 89.1158%; height: 24px;\"><span style=\"font-weight: 400;\">1000&#215;1000 mm<\/span><\/td>\n<\/tr>\n<tr style=\"height: 24px;\">\n<td style=\"width: 28.7805%; height: 24px;\"><span style=\"font-weight: 400;\">\u0110\u1ed9 d\u00e0y<\/span><\/td>\n<td style=\"width: 89.1158%; height: 24px;\"><span style=\"font-weight: 400;\">10,5 mm<\/span><\/td>\n<\/tr>\n<tr style=\"height: 24px;\">\n<td style=\"width: 28.7805%; height: 24px;\"><span style=\"font-weight: 400;\">MATERIALS\u00a0<\/span><\/td>\n<td style=\"width: 89.1158%; height: 24px;\"><span style=\"font-weight: 400;\">Granite <\/span><\/td>\n<\/tr>\n<tr style=\"height: 24px;\">\n<td style=\"width: 28.7805%; height: 24px;\"><span style=\"font-weight: 400;\">Surfaces<\/span><\/td>\n<td style=\"width: 89.1158%; height: 24px;\"><span style=\"font-weight: 400;\">Men kim c\u01b0\u01a1ng b\u00f3ng\u00a0<\/span><\/td>\n<\/tr>\n<tr style=\"height: 152px;\">\n<td style=\"width: 28.7805%; height: 152px;\"><span style=\"font-weight: 400;\">Outstanding features<\/span><\/td>\n<td style=\"width: 89.1158%; height: 152px;\">\n<ul>\n<li style=\"font-weight: 400;\" aria-level=\"1\"><span style=\"font-weight: 400;\">Hoa v\u0103n sang tr\u1ecdng, th\u1eddi th\u01b0\u1ee3ng<\/span><\/li>\n<li style=\"font-weight: 400;\" aria-level=\"1\"><span style=\"font-weight: 400;\">\u0110\u1ed3 b\u1ec1n u\u1ed1n ch\u1ecbu l\u1ef1c t\u1ed1t, th\u1ea5m h\u00fat n\u01b0\u1edbc th\u1ea5p<\/span><\/li>\n<li style=\"font-weight: 400;\" aria-level=\"1\"><span style=\"font-weight: 400;\">K\u00edch th\u01b0\u1edbc ph\u1ed5 th\u00f4ng, \u1ee9ng d\u1ee5ng \u0111a d\u1ea1ng<\/span><\/li>\n<li style=\"font-weight: 400;\" aria-level=\"1\"><span style=\"font-weight: 400;\">Non-ignition, non-expansion<\/span><\/li>\n<li style=\"font-weight: 400;\" aria-level=\"1\"><span style=\"font-weight: 400;\">Easy to clean, anti-bacterial, anti-mildew<\/span><\/li>\n<\/ul>\n<\/td>\n<\/tr>\n<tr style=\"height: 24px;\">\n<td style=\"width: 28.7805%; height: 24px;\"><span style=\"font-weight: 400;\">APPLICATIONS<\/span><\/td>\n<td style=\"width: 89.1158%; height: 24px;\"><span style=\"font-weight: 400;\">\u0110a d\u1ea1ng, v\u00ed d\u1ee5 ki\u1ebfn tr\u00fac nh\u00e0 \u1ed1ng, khu chung c\u01b0, nh\u00e0 \u1edf cao c\u1ea5p, bi\u1ec7t th\u1ef1, ph\u00f2ng kh\u00e1ch\u2026<\/span><\/td>\n<\/tr>\n<\/tbody>\n<\/table>\n<h2>2. G<b>\u1ea1ch \u1ed1p l\u00e1t PGD1010008<strong>S3<\/strong><\/b><b> &#8211; d\u00f2ng s\u1ea3n ph\u1ea9m cao c\u1ea5p c\u1ee7a CMC\u00a0<\/b><\/h2>\n<figure id=\"attachment_30426\" aria-describedby=\"caption-attachment-30426\" style=\"width: 1024px\" class=\"wp-caption aligncenter\"><img decoding=\"async\" class=\"wp-image-30426 size-large\" src=\"https:\/\/cmctiles.vn\/wp-content\/uploads\/2024\/07\/PGD1010008s3-1024x681.png\" alt=\"\" width=\"1024\" height=\"681\" title=\"\" srcset=\"https:\/\/cmctiles.vn\/wp-content\/uploads\/2024\/07\/PGD1010008s3-1024x681.png 1024w, https:\/\/cmctiles.vn\/wp-content\/uploads\/2024\/07\/PGD1010008s3-300x200.png 300w, https:\/\/cmctiles.vn\/wp-content\/uploads\/2024\/07\/PGD1010008s3-768x511.png 768w, https:\/\/cmctiles.vn\/wp-content\/uploads\/2024\/07\/PGD1010008s3-1536x1022.png 1536w, https:\/\/cmctiles.vn\/wp-content\/uploads\/2024\/07\/PGD1010008s3-2048x1363.png 2048w, https:\/\/cmctiles.vn\/wp-content\/uploads\/2024\/07\/PGD1010008s3-18x12.png 18w, https:\/\/cmctiles.vn\/wp-content\/uploads\/2024\/07\/PGD1010008s3-400x266.png 400w, https:\/\/cmctiles.vn\/wp-content\/uploads\/2024\/07\/PGD1010008s3-500x333.png 500w\" sizes=\"(max-width: 1024px) 100vw, 1024px\" \/><figcaption id=\"caption-attachment-30426\" class=\"wp-caption-text\">G\u1ea1ch \u1ed1p l\u00e1t PGD1010008S3 v\u1edbi 4 face \u0111a d\u1ea1ng<\/figcaption><\/figure>\n<p>&nbsp;<\/p>\n<p>L\u00e0 d\u00f2ng s\u1ea3n ph\u1ea9m cao c\u1ea5p c\u1ee7a CMC, <strong>PGD1010008S3<\/strong> \u0111a d\u1ea1ng v\u1ec1 m\u1eabu m\u00e3 g\u1ed3m 4 face cho gia ch\u1ee7 th\u1ecfa s\u1ee9c l\u1ef1a ch\u1ecdn, n\u1ed5i b\u1eadt nh\u1edd v\u1ebb \u0111\u1eb9p ch\u00e2n th\u1ef1c v\u00e0 t\u1ef1 nhi\u00ean, g\u1ea1ch \u1ed1p l\u00e1t <strong>PGD1010008S3\u00a0<\/strong>ch\u1eafc ch\u1eafn l\u00e0 s\u1ef1 l\u1ef1a ch\u1ecdn \u01b0u vi\u1ec7t cho m\u1ecdi c\u00f4ng tr\u00ecnh t\u1eeb c\u1ed5 \u0111i\u1ec3n \u0111\u1ebfn hi\u1ec7n \u0111\u1ea1i.<\/p>\n<h3><i>2.1. Phong c\u00e1ch thi\u1ebft k\u1ebf t\u1ec9 m\u1ec9 \u0111\u1ebfn ch\u00e2n th\u1ef1c\u00a0<\/i><\/h3>\n<p>\u0110\u01b0\u1ee3c m\u00f4 ph\u1ecfng ch\u00e2n th\u1ef1c t\u1eeb nh\u1eefng \u0111\u01b0\u1eddng v\u00e2n, c\u00e1c ch\u1ea5m ph\u00e1 cho \u0111\u1ebfn t\u00f4ng m\u00e0u, g\u1ea1ch \u1ed1p l\u00e1t <strong>PGD1010008S3\u00a0<\/strong>\u0111\u01b0\u1ee3c \u0111\u00e1nh gi\u00e1 cao v\u1ec1 ch\u1ea5t l\u01b0\u1ee3ng v\u00e0 phong c\u00e1ch thi\u1ebft k\u1ebf \u1ee9ng d\u1ee5ng linh ho\u1ea1t, v\u00ec v\u1eady m\u00e0 \u0111\u01b0\u1ee3c r\u1ea5t nhi\u1ec1u gia ch\u1ee7 \u01b0a chu\u1ed9ng v\u00e0 s\u0103n \u0111\u00f3n.<\/p>\n<h3><i>2.2. \u0110\u1eb7c \u0111i\u1ec3m n\u1ed5i b\u1eadt c\u1ee7a ch\u1ea5t li\u1ec7u g\u1ea1ch Granite\u00a0<\/i><\/h3>\n<p>Kh\u00f4ng ch\u1ec9 ch\u00fa tr\u1ecdng v\u00e0o h\u1ecda ti\u1ebft t\u1ec9, g\u1ea1ch \u1ed1p l\u00e1t <strong>PGD1010008S3<\/strong>\u00a0c\u00f2n r\u1ea5t ch\u00fa tr\u1ecdng v\u00e0o ch\u1ee9c n\u0103ng s\u1eed d\u1ee5ng. S\u1ea3n ph\u1ea9m \u0111\u01b0\u1ee3c \u0111\u00e1nh gi\u00e1 c\u00f3 \u0111\u1ed9 b\u1ec1n, \u0111\u1ed9 c\u1ee9ng, kh\u1ea3 n\u0103ng ch\u1ecbu m\u00e0i m\u00f2n cao.<\/p>\n<p>V\u00ec ch\u1ecbu \u0111\u01b0\u1ee3c t\u00e1c \u0111\u1ed9ng c\u1ee7a nhi\u1ec7t \u0111\u1ed9, h\u00f3a ch\u1ea5t, v\u1ebft b\u1ea9n n\u00ean vi\u1ec7c v\u1ec7 sinh hay lau ch\u00f9i tr\u1edf n\u00ean \u0111\u01a1n gi\u1ea3n h\u01a1n. Ngo\u00e0i ra th\u00edch nghi v\u1edbi m\u1ecdi m\u00f4i tr\u01b0\u1eddng k\u1ec3 c\u1ea3 m\u00f4i tr\u01b0\u1eddng kh\u1eafc nghi\u1ec7t.<\/p>\n<h3><i>2.3. T\u1ed1i \u01b0u tr\u1ea3i nghi\u1ec7m c\u1ee7a kh\u00e1ch h\u00e0ng<\/i><\/h3>\n<p>B\u1ec1 m\u1eb7t men kim c\u01b0\u01a1ng b\u00f3ng v\u1eeba mang \u0111\u1ebfn v\u1ebb \u0111\u1eb9p sang tr\u1ecdng, thu h\u00fat v\u1eeba thu\u1eadn ti\u1ec7n cho vi\u1ec7c ch\u0103m s\u00f3c v\u00e0 v\u1ec7 sinh b\u1ec1 m\u1eb7t g\u1ea1ch<\/p>\n<p>\u0110\u1ed9 b\u1ec1n u\u1ed1n v\u00e0 ch\u1ecbu l\u1ef1c t\u1ed1t, k\u00edch th\u01b0\u1edbc ph\u1ed5 th\u00f4ng n\u00ean c\u00f3 kh\u1ea3 n\u0103ng \u1ee9ng d\u1ee5ng trong c\u1ea3 l\u00e1t n\u1ec1n v\u00e0 \u1ed1p t\u01b0\u1eddng, mang \u0111\u1ebfn th\u1ea9m m\u1ef9 \u0111\u1ed3ng b\u1ed9 v\u00e0 h\u00e0i h\u00f2a.<\/p>\n<p>Tr\u00ean \u0111\u00e2y l\u00e0 nh\u1eefng \u0111\u1eb7c \u0111i\u1ec3m n\u1ed5i b\u1eadt v\u00e0 l\u01b0u \u00fd khi qu\u00fd kh\u00e1ch l\u1ef1a ch\u1ecdn v\u00e0 s\u1eed d\u1ee5ng g\u1ea1ch \u1ed1p l\u00e1t <strong>PGD1010008S3<\/strong>. Hy v\u1ecdng b\u00e0i vi\u1ebft s\u1ebd gi\u00fap \u00edch cho qu\u00fd v\u1ecb \u0111\u1ec3 l\u1ef1a ch\u1ecdn \u0111\u01b0\u1ee3c s\u1ea3n ph\u1ea9m ph\u00f9 h\u1ee3p nh\u1ea5t v\u1edbi kh\u00f4ng gian v\u00e0 chi ph\u00ed c\u1ee7a gia \u0111\u00ecnh.<\/p>\n<p>Vui l\u00f2ng \u0111\u1ec3 l\u1ea1i th\u00f4ng tin d\u01b0\u1edbi h\u1ed9p th\u01b0 d\u01b0\u1edbi \u0111\u00e2y n\u1ebfu qu\u00fd v\u1ecb c\u1ea7n gi\u1ea3i \u0111\u00e1p th\u1eafc m\u1eafc ho\u1eb7c nh\u1eadn s\u1ef1 t\u01b0 v\u1ea5n t\u1eeb chuy\u00ean gia c\u1ee7a CMC Tiles!<\/p>\n<p>&nbsp;<\/p>","protected":false},"excerpt":{"rendered":"<p>L\u1ea5y c\u1ea3m h\u1ee9ng t\u1eeb nh\u1eefng \u0111\u01b0\u1eddng n\u00e9t tinh x\u1ea3o d\u01b0\u1edbi s\u1ef1 t\u00e1c \u0111\u1ed9ng c\u1ee7a th\u1eddi gian, s\u1ea3n ph\u1ea9m g\u1ea1ch \u1ed1p l\u00e1t PGD1010008S3 mang v\u1ebb \u0111\u1eb9p h\u00f9ng v\u0129 v\u00e0 m\u00eanh m\u00f4ng c\u1ee7a m\u1eb9 thi\u00ean nhi\u00ean. Nh\u1eefng \u0111i\u1ec3m xuy\u1ebfn v\u00e2n \u0111\u00e1 pha l\u1eabn nh\u1eefng ch\u1ea5m ph\u00e1 \u0111\u1ed9c \u0111\u00e1o v\u00e0 ch\u00e2n th\u1ef1c \u0111\u01b0\u1ee3c kh\u01a1i ngu\u1ed3n c\u1ea3m h\u1ee9ng t\u1eeb [&hellip;]<\/p>\n","protected":false},"featured_media":30455,"comment_status":"open","ping_status":"closed","template":"","meta":[],"product_brand":[],"product_cat":[1076,1015,1083,1016,1092,1019,1023],"product_tag":[],"class_list":{"0":"post-30396","1":"product","2":"type-product","3":"status-publish","4":"has-post-thumbnail","6":"product_cat-gach-op-lat","7":"product_cat-gach-lat","8":"product_cat-gach-lat-nen-van-da","9":"product_cat-gach-op","10":"product_cat-gach-op-lat-prato","11":"product_cat-granite","12":"product_cat-porcelain","14":"first","15":"instock","16":"taxable","17":"shipping-taxable","18":"purchasable","19":"product-type-simple"},"_links":{"self":[{"href":"https:\/\/cmctiles.vn\/en\/wp-json\/wp\/v2\/product\/30396","targetHints":{"allow":["GET"]}}],"collection":[{"href":"https:\/\/cmctiles.vn\/en\/wp-json\/wp\/v2\/product"}],"about":[{"href":"https:\/\/cmctiles.vn\/en\/wp-json\/wp\/v2\/types\/product"}],"replies":[{"embeddable":true,"href":"https:\/\/cmctiles.vn\/en\/wp-json\/wp\/v2\/comments?post=30396"}],"version-history":[{"count":3,"href":"https:\/\/cmctiles.vn\/en\/wp-json\/wp\/v2\/product\/30396\/revisions"}],"predecessor-version":[{"id":30456,"href":"https:\/\/cmctiles.vn\/en\/wp-json\/wp\/v2\/product\/30396\/revisions\/30456"}],"wp:featuredmedia":[{"embeddable":true,"href":"https:\/\/cmctiles.vn\/en\/wp-json\/wp\/v2\/media\/30455"}],"wp:attachment":[{"href":"https:\/\/cmctiles.vn\/en\/wp-json\/wp\/v2\/media?parent=30396"}],"wp:term":[{"taxonomy":"product_brand","embeddable":true,"href":"https:\/\/cmctiles.vn\/en\/wp-json\/wp\/v2\/product_brand?post=30396"},{"taxonomy":"product_cat","embeddable":true,"href":"https:\/\/cmctiles.vn\/en\/wp-json\/wp\/v2\/product_cat?post=30396"},{"taxonomy":"product_tag","embeddable":true,"href":"https:\/\/cmctiles.vn\/en\/wp-json\/wp\/v2\/product_tag?post=30396"}],"curies":[{"name":"wp","href":"https:\/\/api.w.org\/{rel}","templated":true}]}}