{"id":30390,"date":"2024-07-15T14:03:42","date_gmt":"2024-07-15T07:03:42","guid":{"rendered":"https:\/\/cmctiles.vn\/?post_type=product&#038;p=30390"},"modified":"2024-07-24T10:19:21","modified_gmt":"2024-07-24T03:19:21","slug":"gach-op-lat-mau-trang-tinh-khoi-goi-cam-hung-tu-da-calacatta-rpg6060128s3","status":"publish","type":"product","link":"https:\/\/cmctiles.vn\/en\/gach-op-lat\/gach-op-lat-mau-trang-tinh-khoi-goi-cam-hung-tu-da-calacatta-rpg6060128s3.html","title":{"rendered":"G\u1ea1ch \u1ed1p l\u00e1t m\u00e0u tr\u1eafng tinh kh\u00f4i g\u1ee3i c\u1ea3m h\u1ee9ng t\u1eeb \u0111\u00e1 Calacatta RPG6060128S3"},"content":{"rendered":"<p style=\"text-align: justify;\"><span style=\"font-weight: 400;\">Kh\u1eafc h\u1ecda v\u1ebb \u0111\u1eb9p tinh kh\u00f4i v\u00e0 ki\u1ec1u di\u1ec5m c\u1ee7a d\u00f2ng \u0111\u00e1 n\u1eef ho\u00e0ng Calacatta huy\u1ec1n tho\u1ea1i, g\u1ea1ch \u1ed1p l\u00e1t RPG6060128S3 mang \u0111\u1ebfn n\u00e9t ki\u1ec1u di\u1ec5m, tinh kh\u00f4i nh\u01b0ng kh\u00f4ng k\u00e9m ph\u1ea7n sang tr\u1ecdng, \u0111\u1eb3ng c\u1ea5p cho ng\u00f4i nh\u00e0 c\u1ee7a gia ch\u1ee7.\u00a0<\/span><\/p>\n<figure id=\"attachment_30391\" aria-describedby=\"caption-attachment-30391\" style=\"width: 1024px\" class=\"wp-caption aligncenter\"><img fetchpriority=\"high\" decoding=\"async\" class=\"size-large wp-image-30391\" src=\"https:\/\/cmctiles.vn\/wp-content\/uploads\/2024\/07\/RPG-6060128S3-face-03-1024x1024.jpg\" alt=\"\" width=\"1024\" height=\"1024\" title=\"\" srcset=\"https:\/\/cmctiles.vn\/wp-content\/uploads\/2024\/07\/RPG-6060128S3-face-03-1024x1024.jpg 1024w, https:\/\/cmctiles.vn\/wp-content\/uploads\/2024\/07\/RPG-6060128S3-face-03-300x300.jpg 300w, https:\/\/cmctiles.vn\/wp-content\/uploads\/2024\/07\/RPG-6060128S3-face-03-150x150.jpg 150w, https:\/\/cmctiles.vn\/wp-content\/uploads\/2024\/07\/RPG-6060128S3-face-03-768x768.jpg 768w, https:\/\/cmctiles.vn\/wp-content\/uploads\/2024\/07\/RPG-6060128S3-face-03-1536x1536.jpg 1536w, https:\/\/cmctiles.vn\/wp-content\/uploads\/2024\/07\/RPG-6060128S3-face-03-2048x2048.jpg 2048w, https:\/\/cmctiles.vn\/wp-content\/uploads\/2024\/07\/RPG-6060128S3-face-03-12x12.jpg 12w, https:\/\/cmctiles.vn\/wp-content\/uploads\/2024\/07\/RPG-6060128S3-face-03-280x280.jpg 280w, https:\/\/cmctiles.vn\/wp-content\/uploads\/2024\/07\/RPG-6060128S3-face-03-600x600.jpg 600w, https:\/\/cmctiles.vn\/wp-content\/uploads\/2024\/07\/RPG-6060128S3-face-03-500x500.jpg 500w, https:\/\/cmctiles.vn\/wp-content\/uploads\/2024\/07\/RPG-6060128S3-face-03-100x100.jpg 100w\" sizes=\"(max-width: 1024px) 100vw, 1024px\" \/><figcaption id=\"caption-attachment-30391\" class=\"wp-caption-text\">G\u1ea1ch \u1ed1p l\u00e1t RPG6060128S3 kh\u1eafc h\u1ecda v\u1ebb \u0111\u1eb9p \u0111\u1ed9c b\u1ea3n c\u1ee7a d\u00f2ng \u0111\u00e1 Calacatta huy\u1ec1n tho\u1ea1i<\/figcaption><\/figure>\n<h2 style=\"text-align: justify;\"><b>1. Th\u00f4ng s\u1ed1 s\u1ea3n ph\u1ea9m\u00a0<\/b><\/h2>\n<table>\n<tbody>\n<tr>\n<td><span style=\"font-weight: 400;\">M\u00e3 s\u1ea3n ph\u1ea9m<\/span><\/td>\n<td><span style=\"font-weight: 400;\">RPG6060128S3<\/span><\/td>\n<\/tr>\n<tr>\n<td><span style=\"font-weight: 400;\">BRANDS<\/span><\/td>\n<td><span style=\"font-weight: 400;\">G\u1ea1ch \u1ed1p l\u00e1t REFINA<\/span><\/td>\n<\/tr>\n<tr>\n<td><span style=\"font-weight: 400;\">Ph\u00e2n lo\u1ea1i<\/span><\/td>\n<td><span style=\"font-weight: 400;\">Ceramic tiles<\/span><\/td>\n<\/tr>\n<tr>\n<td><span style=\"font-weight: 400;\">M\u00e0u s\u1eafc<\/span><\/td>\n<td><span style=\"font-weight: 400;\">M\u00e0u tr\u1eafng v\u00e2n \u0111\u00e1 x\u00e1m v\u00e0ng<\/span><\/td>\n<\/tr>\n<tr>\n<td><span style=\"font-weight: 400;\">Sizes<\/span><\/td>\n<td><span style=\"font-weight: 400;\">600&#215;600 mm<\/span><\/td>\n<\/tr>\n<tr>\n<td><span style=\"font-weight: 400;\">\u0110\u1ed9 d\u00e0y<\/span><\/td>\n<td><span style=\"font-weight: 400;\">9,0 mm<\/span><\/td>\n<\/tr>\n<tr>\n<td><span style=\"font-weight: 400;\">MATERIALS\u00a0<\/span><\/td>\n<td><span style=\"font-weight: 400;\">Porcelain<\/span><\/td>\n<\/tr>\n<tr>\n<td><span style=\"font-weight: 400;\">Surfaces<\/span><\/td>\n<td><span style=\"font-weight: 400;\">Glossy Glaze<\/span><\/td>\n<\/tr>\n<tr>\n<td><span style=\"font-weight: 400;\">Outstanding features<\/span><\/td>\n<td>\n<ul>\n<li style=\"font-weight: 400;\" aria-level=\"1\"><span style=\"font-weight: 400;\">H\u1ecda ti\u1ebft s\u1eafc n\u00e9t, m\u1eabu m\u00e3 \u0111a d\u1ea1ng<\/span><\/li>\n<li style=\"font-weight: 400;\" aria-level=\"1\"><span style=\"font-weight: 400;\">B\u1ec1n b\u1ec9, c\u1ee9ng c\u00e1p, b\u1ea3o v\u1ec7 t\u01b0\u1eddng t\u1ed1t v\u00e0 tu\u1ed5i th\u1ecd cao<\/span><\/li>\n<li style=\"font-weight: 400;\" aria-level=\"1\"><span style=\"font-weight: 400;\">D\u1ec5 \u1ee9ng d\u1ee5ng, d\u1ec5 thi c\u00f4ng<\/span><\/li>\n<li style=\"font-weight: 400;\" aria-level=\"1\"><span style=\"font-weight: 400;\">Non-ignition, non-expansion<\/span><\/li>\n<li style=\"font-weight: 400;\" aria-level=\"1\"><span style=\"font-weight: 400;\">D\u1ec5 v\u1ec7 sinh, ch\u1ed1ng n\u1ea5m m\u1ed1c<\/span><\/li>\n<\/ul>\n<\/td>\n<\/tr>\n<tr>\n<td><span style=\"font-weight: 400;\">APPLICATIONS<\/span><\/td>\n<td><span style=\"font-weight: 400;\">\u0110a d\u1ea1ng, v\u00ed d\u1ee5 ki\u1ebfn tr\u00fac nh\u00e0 \u1ed1ng, khu chung c\u01b0, nh\u00e0 \u1edf cao c\u1ea5p, bi\u1ec7t th\u1ef1, ph\u00f2ng kh\u00e1ch\u2026<\/span><\/td>\n<\/tr>\n<\/tbody>\n<\/table>\n<h2 style=\"text-align: justify;\"><b>2. RPG6060128S3 &#8211; D\u00f2ng s\u1ea3n ph\u1ea9m cao c\u1ea5p c\u1ee7a CMC\u00a0<\/b><\/h2>\n<p style=\"text-align: justify;\"><span style=\"font-weight: 400;\">G\u1ea1ch \u1ed1p l\u00e1t RPG6060128S3 \u0111\u01b0\u1ee3c l\u00e0m t\u1eeb ch\u1ea5t li\u1ec7u porcelain cao c\u1ea5p v\u1edbi l\u1edbp x\u01b0\u01a1ng d\u00e0y n\u00ean s\u1edf h\u1eefu \u0111\u1ed9 c\u1ee9ng cao v\u00e0 kh\u1ea3 n\u0103ng ch\u1ed1ng th\u1ea5m n\u01b0\u1edbc t\u1ed1t. K\u1ebft h\u1ee3p v\u1edbi b\u1ec1 m\u1eb7t men b\u00f3ng c\u00f9ng h\u1ecda ti\u1ebft b\u1eaft m\u1eaft, s\u1ea3n ph\u1ea9m n\u00e0y h\u1ee9a h\u1eb9n s\u1ebd l\u00e0 l\u1ef1a ch\u1ecdn \u01b0u ti\u00ean trong m\u00e1i \u1ea5m c\u1ee7a nhi\u1ec1u gia ch\u1ee7.\u00a0<\/span><\/p>\n<figure id=\"attachment_30392\" aria-describedby=\"caption-attachment-30392\" style=\"width: 1024px\" class=\"wp-caption aligncenter\"><img decoding=\"async\" class=\"size-large wp-image-30392\" src=\"https:\/\/cmctiles.vn\/wp-content\/uploads\/2024\/07\/RPG-6060128S3-4faces-PC-1024x833.jpg\" alt=\"\" width=\"1024\" height=\"833\" title=\"\" srcset=\"https:\/\/cmctiles.vn\/wp-content\/uploads\/2024\/07\/RPG-6060128S3-4faces-PC-1024x833.jpg 1024w, https:\/\/cmctiles.vn\/wp-content\/uploads\/2024\/07\/RPG-6060128S3-4faces-PC-300x244.jpg 300w, https:\/\/cmctiles.vn\/wp-content\/uploads\/2024\/07\/RPG-6060128S3-4faces-PC-768x625.jpg 768w, https:\/\/cmctiles.vn\/wp-content\/uploads\/2024\/07\/RPG-6060128S3-4faces-PC-1536x1249.jpg 1536w, https:\/\/cmctiles.vn\/wp-content\/uploads\/2024\/07\/RPG-6060128S3-4faces-PC-2048x1665.jpg 2048w, https:\/\/cmctiles.vn\/wp-content\/uploads\/2024\/07\/RPG-6060128S3-4faces-PC-15x12.jpg 15w, https:\/\/cmctiles.vn\/wp-content\/uploads\/2024\/07\/RPG-6060128S3-4faces-PC-344x280.jpg 344w, https:\/\/cmctiles.vn\/wp-content\/uploads\/2024\/07\/RPG-6060128S3-4faces-PC-500x407.jpg 500w\" sizes=\"(max-width: 1024px) 100vw, 1024px\" \/><figcaption id=\"caption-attachment-30392\" class=\"wp-caption-text\">Kh\u00f4ng gian s\u1ed1ng c\u1ee7a gia ch\u1ee7 nh\u01b0 b\u1eebng s\u00e1ng nh\u1edd v\u00e0o g\u1ea1ch \u1ed1p l\u00e1t RPG6060128S3<\/figcaption><\/figure>\n<h3 style=\"text-align: justify;\"><b>2.1. Thi\u1ebft k\u1ebf thanh l\u1ecbch, kh\u01a1i ngu\u1ed3n c\u1ea3m h\u1ee9ng t\u1eeb \u0111\u00e1 Calacatta<\/b><\/h3>\n<p style=\"text-align: justify;\"><span style=\"font-weight: 400;\">G\u1ea1ch \u1ed1p l\u00e1t RPG6060128S3 s\u1edf h\u1eefu thi\u1ebft k\u1ebf v\u00e2n \u0111\u00e1 tinh t\u1ebf, l\u1ea5y c\u1ea3m h\u1ee9ng t\u1eeb v\u1ebb \u0111\u1eb9p tinh kh\u00f4i v\u00e0 ki\u1ec1u di\u1ec5m c\u1ee7a \u0111\u00e1 Calacatta &#8211; m\u1ed9t lo\u1ea1i \u0111\u00e1 qu\u00fd hi\u1ebfm t\u1ea1i n\u01b0\u1edbc \u00dd n\u00ean th\u01a1. Gam m\u00e0u tr\u1eafng ch\u1ee7 \u0111\u1ea1o c\u00f9ng nh\u1eefng \u0111\u01b0\u1eddng v\u00e2n \u0111\u00e1 v\u00e0ng x\u00e1m \u0111an xen uy\u1ec3n chuy\u1ec3n, m\u1ec1m m\u1ea1i nh\u01b0 \u0111\u01b0a c\u1ea3 thi\u00ean nhi\u00ean v\u00e0o trong kh\u00f4ng gian s\u1ed1ng c\u1ee7a gia ch\u1ee7.<\/span><\/p>\n<h3 style=\"text-align: justify;\"><b>2.2. Ch\u1ea5t l\u01b0\u1ee3ng \u01b0u vi\u1ec7t c\u1ee7a x\u01b0\u01a1ng g\u1ea1ch Porcelain<\/b><\/h3>\n<p style=\"text-align: justify;\"><span style=\"font-weight: 400;\">V\u1edbi \u0111\u1ed9 d\u00e0y kho\u1ea3ng 9mm, g\u1ea1ch RPG6060128S3 c\u00f3 \u0111\u1ed9 b\u1ec1n c\u01a1 h\u1ecdc cao, ch\u1ecbu \u0111\u01b0\u1ee3c l\u1ef1c va \u0111\u1eadp v\u00e0 tr\u1ecdng t\u1ea3i l\u1edbn, \u0111\u1ea1t \u0111\u1ebfn m\u1ee9c 800-1200N. \u0110\u1ed3ng th\u1eddi, ch\u1ea5t li\u1ec7u n\u00e0y c\u00f2n c\u00f3 kh\u1ea3 n\u0103ng ch\u1ed1ng th\u1ea5m h\u00fat n\u01b0\u1edbc c\u1ef1c t\u1ed1t v\u1edbi \u0111\u1ed9 h\u00fat n\u01b0\u1edbc d\u01b0\u1edbi 0.5%, gi\u00fap ng\u0103n ng\u1eeba s\u1ef1 th\u1ea5m n\u01b0\u1edbc v\u00e0 \u0111\u1ea3m b\u1ea3o b\u1ec1 m\u1eb7t lu\u00f4n kh\u00f4 r\u00e1o v\u00e0 s\u1ea1ch s\u1ebd ngay c\u1ea3 trong m\u00f4i tr\u01b0\u1eddng \u1ea9m \u01b0\u1edbt nh\u01b0 ph\u00f2ng t\u1eafm, nh\u00e0 b\u1ebfp.<\/span><\/p>\n<h3 style=\"text-align: justify;\"><b>2.3. Tr\u1ea3i nghi\u1ec7m c\u00f3 1-0-2 cho ng\u01b0\u1eddi d\u00f9ng\u00a0<\/b><\/h3>\n<p style=\"text-align: justify;\"><span style=\"font-weight: 400;\">V\u1edbi ch\u1ea5t li\u1ec7u v\u01b0\u1ee3t tr\u1ed9i v\u00e0 b\u1ec1 m\u1eb7t men s\u00e1ng b\u00f3ng, g\u1ea1ch \u1ed1p l\u00e1t RPG6060128S3 gi\u00fap gia ch\u1ee7 d\u1ec5 d\u00e0ng v\u1ec7 sinh v\u00e0 lau ch\u00f9i. Ch\u1ec9 v\u1edbi v\u00e0i thao t\u00e1c \u0111\u01a1n gi\u1ea3n, Qu\u00fd kh\u00e1ch \u0111\u00e3 c\u00f3 th\u1ec3 g\u1ea1t bay m\u1ecdi v\u1ebft b\u1ea9n d\u00ednh tr\u00ean g\u1ea1ch, gi\u1eef \u0111\u01b0\u1ee3c kh\u00f4ng gian s\u1ed1ng lu\u00f4n s\u00e1ng b\u00f3ng v\u00e0 s\u1ea1ch \u0111\u1eb9p.<\/span><\/p>\n<p style=\"text-align: justify;\"><span style=\"font-weight: 400;\">Th\u00eam v\u00e0o \u0111\u00f3, g\u1ea1ch \u1ed1p l\u00e1t RPG6060128S3 c\u00f3 \u0111\u1ed9 b\u1ec1n cao, ch\u1ecbu l\u1ef1c t\u1ed1t n\u00ean h\u1ea1n ch\u1ebf t\u1ed1i \u0111a kh\u1ea3 n\u0103ng n\u1ee9t v\u1ee1, gi\u00fap gia ch\u1ee7 ti\u1ebft ki\u1ec7m chi ph\u00ed s\u1eeda ch\u1eefa v\u00e0 thay th\u1ebf trong su\u1ed1t qu\u00e1 tr\u00ecnh s\u1eed d\u1ee5ng.<\/span><\/p>\n<p style=\"text-align: justify;\"><span style=\"font-weight: 400;\">Tr\u00ean \u0111\u00e2y l\u00e0 nh\u1eefng \u0111\u1eb7c \u0111i\u1ec3m n\u1ed5i b\u1eadt v\u00e0 l\u01b0u \u00fd khi Qu\u00fd kh\u00e1ch l\u1ef1a ch\u1ecdn v\u00e0 s\u1eed d\u1ee5ng g\u1ea1ch \u1ed1p l\u00e1t RPG6060128S3. Hy v\u1ecdng b\u00e0i vi\u1ebft s\u1ebd gi\u00fap \u00edch cho qu\u00fd v\u1ecb \u0111\u1ec3 l\u1ef1a ch\u1ecdn \u0111\u01b0\u1ee3c s\u1ea3n ph\u1ea9m ph\u00f9 h\u1ee3p nh\u1ea5t v\u1edbi kh\u00f4ng gian v\u00e0 chi ph\u00ed c\u1ee7a gia \u0111\u00ecnh.\u00a0<\/span><\/p>\n<p style=\"text-align: justify;\"><span style=\"font-weight: 400;\">Vui l\u00f2ng \u0111\u1ec3 l\u1ea1i th\u00f4ng tin d\u01b0\u1edbi h\u1ed9p th\u01b0 d\u01b0\u1edbi \u0111\u00e2y n\u1ebfu qu\u00fd v\u1ecb c\u1ea7n gi\u1ea3i \u0111\u00e1p th\u1eafc m\u1eafc ho\u1eb7c nh\u1eadn s\u1ef1 t\u01b0 v\u1ea5n t\u1eeb chuy\u00ean gia c\u1ee7a CMC Tiles!<\/span><\/p>","protected":false},"excerpt":{"rendered":"<p>Kh\u1eafc h\u1ecda v\u1ebb \u0111\u1eb9p tinh kh\u00f4i v\u00e0 ki\u1ec1u di\u1ec5m c\u1ee7a d\u00f2ng \u0111\u00e1 n\u1eef ho\u00e0ng Calacatta huy\u1ec1n tho\u1ea1i, g\u1ea1ch \u1ed1p l\u00e1t RPG6060128S3 mang \u0111\u1ebfn n\u00e9t ki\u1ec1u di\u1ec5m, tinh kh\u00f4i nh\u01b0ng kh\u00f4ng k\u00e9m ph\u1ea7n sang tr\u1ecdng, \u0111\u1eb3ng c\u1ea5p cho ng\u00f4i nh\u00e0 c\u1ee7a gia ch\u1ee7.\u00a0 1. Th\u00f4ng s\u1ed1 s\u1ea3n ph\u1ea9m\u00a0 M\u00e3 s\u1ea3n ph\u1ea9m RPG6060128S3 Th\u01b0\u01a1ng hi\u1ec7u G\u1ea1ch \u1ed1p [&hellip;]<\/p>\n","protected":false},"featured_media":30391,"comment_status":"open","ping_status":"closed","template":"","meta":[],"product_brand":[],"product_cat":[1076,1015,1083,1023,1134],"product_tag":[],"class_list":{"0":"post-30390","1":"product","2":"type-product","3":"status-publish","4":"has-post-thumbnail","6":"product_cat-gach-op-lat","7":"product_cat-gach-lat","8":"product_cat-gach-lat-nen-van-da","9":"product_cat-porcelain","10":"product_cat-gach-op-lat-refina","12":"first","13":"instock","14":"taxable","15":"shipping-taxable","16":"purchasable","17":"product-type-simple"},"_links":{"self":[{"href":"https:\/\/cmctiles.vn\/en\/wp-json\/wp\/v2\/product\/30390","targetHints":{"allow":["GET"]}}],"collection":[{"href":"https:\/\/cmctiles.vn\/en\/wp-json\/wp\/v2\/product"}],"about":[{"href":"https:\/\/cmctiles.vn\/en\/wp-json\/wp\/v2\/types\/product"}],"replies":[{"embeddable":true,"href":"https:\/\/cmctiles.vn\/en\/wp-json\/wp\/v2\/comments?post=30390"}],"version-history":[{"count":4,"href":"https:\/\/cmctiles.vn\/en\/wp-json\/wp\/v2\/product\/30390\/revisions"}],"predecessor-version":[{"id":30658,"href":"https:\/\/cmctiles.vn\/en\/wp-json\/wp\/v2\/product\/30390\/revisions\/30658"}],"wp:featuredmedia":[{"embeddable":true,"href":"https:\/\/cmctiles.vn\/en\/wp-json\/wp\/v2\/media\/30391"}],"wp:attachment":[{"href":"https:\/\/cmctiles.vn\/en\/wp-json\/wp\/v2\/media?parent=30390"}],"wp:term":[{"taxonomy":"product_brand","embeddable":true,"href":"https:\/\/cmctiles.vn\/en\/wp-json\/wp\/v2\/product_brand?post=30390"},{"taxonomy":"product_cat","embeddable":true,"href":"https:\/\/cmctiles.vn\/en\/wp-json\/wp\/v2\/product_cat?post=30390"},{"taxonomy":"product_tag","embeddable":true,"href":"https:\/\/cmctiles.vn\/en\/wp-json\/wp\/v2\/product_tag?post=30390"}],"curies":[{"name":"wp","href":"https:\/\/api.w.org\/{rel}","templated":true}]}}