{"id":30374,"date":"2024-07-15T11:22:38","date_gmt":"2024-07-15T04:22:38","guid":{"rendered":"https:\/\/cmctiles.vn\/?post_type=product&#038;p=30374"},"modified":"2024-07-15T11:26:37","modified_gmt":"2024-07-15T04:26:37","slug":"gach-op-lat-tong-ghi-mang-hoi-tho-cua-bien-baltic-rpg6060125s3","status":"publish","type":"product","link":"https:\/\/cmctiles.vn\/en\/gach-op-lat\/gach-op-lat-tong-ghi-mang-hoi-tho-cua-bien-baltic-rpg6060125s3.html","title":{"rendered":"G\u1ea1ch \u1ed1p l\u00e1t t\u00f4ng ghi mang h\u01a1i th\u1edf c\u1ee7a bi\u1ec3n Baltic RPG6060125S3"},"content":{"rendered":"<p style=\"text-align: justify;\"><span style=\"font-weight: 400;\">Ceramic tiles <\/span><span style=\"font-weight: 400;\">RPG6060125S3 l\u00e0 <\/span><span style=\"font-weight: 400;\">m\u1ed9t tuy\u1ec7t t\u00e1c \u0111\u01b0\u1ee3c l\u1ea5y c\u1ea3m h\u1ee9ng t\u1eeb v\u1ebb \u0111\u1eb9p huy\u1ec1n b\u00ed c\u1ee7a bi\u1ec3n Baltic, mang \u0111\u1ebfn cho kh\u00f4ng gian s\u1ed1ng c\u1ee7a gia ch\u1ee7 s\u1ef1 sang tr\u1ecdng, tinh t\u1ebf v\u00e0 \u0111\u1ea7y s\u1ee9c s\u1ed1ng. C\u00f9ng v\u1edbi ch\u1ea5t l\u01b0\u1ee3ng \u01b0u vi\u1ec7t, s\u1ea3n ph\u1ea9m ch\u1eafc h\u1eb3n s\u1ebd l\u00e0 l\u1ef1a ch\u1ecdn h\u00e0ng \u0111\u1ea7u trong kh\u00f4ng gian s\u1ed1ng c\u1ee7a nhi\u1ec1u gia ch\u1ee7.\u00a0<\/span><\/p>\n<figure id=\"attachment_30375\" aria-describedby=\"caption-attachment-30375\" style=\"width: 1024px\" class=\"wp-caption aligncenter\"><img fetchpriority=\"high\" decoding=\"async\" class=\"size-large wp-image-30375\" src=\"https:\/\/cmctiles.vn\/wp-content\/uploads\/2024\/07\/RPG6060125S3-4FACES-1024x1024.jpg\" alt=\"\" width=\"1024\" height=\"1024\" title=\"\" srcset=\"https:\/\/cmctiles.vn\/wp-content\/uploads\/2024\/07\/RPG6060125S3-4FACES-1024x1024.jpg 1024w, https:\/\/cmctiles.vn\/wp-content\/uploads\/2024\/07\/RPG6060125S3-4FACES-300x300.jpg 300w, https:\/\/cmctiles.vn\/wp-content\/uploads\/2024\/07\/RPG6060125S3-4FACES-150x150.jpg 150w, https:\/\/cmctiles.vn\/wp-content\/uploads\/2024\/07\/RPG6060125S3-4FACES-768x767.jpg 768w, https:\/\/cmctiles.vn\/wp-content\/uploads\/2024\/07\/RPG6060125S3-4FACES-1536x1536.jpg 1536w, https:\/\/cmctiles.vn\/wp-content\/uploads\/2024\/07\/RPG6060125S3-4FACES-2048x2048.jpg 2048w, https:\/\/cmctiles.vn\/wp-content\/uploads\/2024\/07\/RPG6060125S3-4FACES-12x12.jpg 12w, https:\/\/cmctiles.vn\/wp-content\/uploads\/2024\/07\/RPG6060125S3-4FACES-280x280.jpg 280w, https:\/\/cmctiles.vn\/wp-content\/uploads\/2024\/07\/RPG6060125S3-4FACES-600x600.jpg 600w, https:\/\/cmctiles.vn\/wp-content\/uploads\/2024\/07\/RPG6060125S3-4FACES-500x500.jpg 500w, https:\/\/cmctiles.vn\/wp-content\/uploads\/2024\/07\/RPG6060125S3-4FACES-100x100.jpg 100w\" sizes=\"(max-width: 1024px) 100vw, 1024px\" \/><figcaption id=\"caption-attachment-30375\" class=\"wp-caption-text\">G\u1ea1ch \u1ed1p l\u00e1t RPG6060125S3 mang h\u01a1i th\u1edf huy\u1ec1n b\u00ed c\u1ee7a bi\u1ec3n Baltic<\/figcaption><\/figure>\n<h2 style=\"text-align: justify;\"><b>1. Th\u00f4ng s\u1ed1 s\u1ea3n ph\u1ea9m\u00a0<\/b><\/h2>\n<table>\n<tbody>\n<tr>\n<td><span style=\"font-weight: 400;\">M\u00e3 s\u1ea3n ph\u1ea9m<\/span><\/td>\n<td><span style=\"font-weight: 400;\">RPG6060125S3<\/span><\/td>\n<\/tr>\n<tr>\n<td><span style=\"font-weight: 400;\">BRANDS<\/span><\/td>\n<td><span style=\"font-weight: 400;\">G\u1ea1ch \u1ed1p l\u00e1t REFINA<\/span><\/td>\n<\/tr>\n<tr>\n<td><span style=\"font-weight: 400;\">Ph\u00e2n lo\u1ea1i<\/span><\/td>\n<td><span style=\"font-weight: 400;\">Ceramic tiles<\/span><\/td>\n<\/tr>\n<tr>\n<td><span style=\"font-weight: 400;\">M\u00e0u s\u1eafc<\/span><\/td>\n<td><span style=\"font-weight: 400;\">M\u00e0u ghi v\u00e2n \u0111\u00e1 tr\u1eafng<\/span><\/td>\n<\/tr>\n<tr>\n<td><span style=\"font-weight: 400;\">Sizes<\/span><\/td>\n<td><span style=\"font-weight: 400;\">600&#215;600 mm<\/span><\/td>\n<\/tr>\n<tr>\n<td><span style=\"font-weight: 400;\">\u0110\u1ed9 d\u00e0y<\/span><\/td>\n<td><span style=\"font-weight: 400;\">9,0 mm<\/span><\/td>\n<\/tr>\n<tr>\n<td><span style=\"font-weight: 400;\">MATERIALS\u00a0<\/span><\/td>\n<td><span style=\"font-weight: 400;\">Porcelain<\/span><\/td>\n<\/tr>\n<tr>\n<td><span style=\"font-weight: 400;\">Surfaces<\/span><\/td>\n<td><span style=\"font-weight: 400;\">Glossy Glaze<\/span><\/td>\n<\/tr>\n<tr>\n<td><span style=\"font-weight: 400;\">Outstanding features<\/span><\/td>\n<td>\n<ul>\n<li style=\"font-weight: 400;\" aria-level=\"1\"><span style=\"font-weight: 400;\">H\u1ecda ti\u1ebft s\u1eafc n\u00e9t, m\u1eabu m\u00e3 \u0111a d\u1ea1ng<\/span><\/li>\n<li style=\"font-weight: 400;\" aria-level=\"1\"><span style=\"font-weight: 400;\">B\u1ec1n b\u1ec9, c\u1ee9ng c\u00e1p, b\u1ea3o v\u1ec7 t\u01b0\u1eddng t\u1ed1t v\u00e0 tu\u1ed5i th\u1ecd cao<\/span><\/li>\n<li style=\"font-weight: 400;\" aria-level=\"1\"><span style=\"font-weight: 400;\">D\u1ec5 \u1ee9ng d\u1ee5ng, d\u1ec5 thi c\u00f4ng<\/span><\/li>\n<li style=\"font-weight: 400;\" aria-level=\"1\"><span style=\"font-weight: 400;\">Non-ignition, non-expansion<\/span><\/li>\n<li style=\"font-weight: 400;\" aria-level=\"1\"><span style=\"font-weight: 400;\">D\u1ec5 v\u1ec7 sinh, ch\u1ed1ng n\u1ea5m m\u1ed1c<\/span><\/li>\n<\/ul>\n<\/td>\n<\/tr>\n<tr>\n<td><span style=\"font-weight: 400;\">APPLICATIONS<\/span><\/td>\n<td><span style=\"font-weight: 400;\">\u0110a d\u1ea1ng, v\u00ed d\u1ee5 ki\u1ebfn tr\u00fac nh\u00e0 \u1ed1ng, khu chung c\u01b0, nh\u00e0 \u1edf cao c\u1ea5p, bi\u1ec7t th\u1ef1, ph\u00f2ng kh\u00e1ch\u2026<\/span><\/td>\n<\/tr>\n<\/tbody>\n<\/table>\n<h2 style=\"text-align: justify;\"><b>2. RPG6060125S3 &#8211; D\u00f2ng s\u1ea3n ph\u1ea9m cao c\u1ea5p c\u1ee7a CMC\u00a0<\/b><\/h2>\n<p style=\"text-align: justify;\"><span style=\"font-weight: 400;\">Thu\u1ed9c ph\u00e2n kh\u00fac s\u1ea3n ph\u1ea9m cao c\u1ea5p c\u1ee7a CMC, g\u1ea1ch \u1ed1p l\u00e1t RPG6060125S3 l\u00e0 l\u1ef1a ch\u1ecdn ho\u00e0n h\u1ea3o cho nh\u1eefng ai mu\u1ed1n s\u1edf h\u1eefu m\u1ed9t kh\u00f4ng gian s\u1ed1ng sang tr\u1ecdng, \u0111\u1eb3ng c\u1ea5p v\u00e0 \u0111\u1ea7y s\u1ee9c s\u1ed1ng. \u0110\u01b0\u1ee3c s\u1ea3n xu\u1ea5t tr\u00ean d\u00e2y chuy\u1ec1n c\u00f4ng ngh\u1ec7 hi\u1ec7n \u0111\u1ea1i, ti\u00ean ti\u1ebfn, s\u1ea3n ph\u1ea9m h\u1ee9a h\u1eb9n s\u1ebd mang \u0111\u1ebfn s\u1ef1 h\u00e0i l\u00f2ng cho Qu\u00fd kh\u00e1ch.<\/span><\/p>\n<figure id=\"attachment_30376\" aria-describedby=\"caption-attachment-30376\" style=\"width: 1024px\" class=\"wp-caption aligncenter\"><img decoding=\"async\" class=\"size-large wp-image-30376\" src=\"https:\/\/cmctiles.vn\/wp-content\/uploads\/2024\/07\/RPG6060125S3-4FACES-PC2-1024x778.jpg\" alt=\"\" width=\"1024\" height=\"778\" title=\"\" srcset=\"https:\/\/cmctiles.vn\/wp-content\/uploads\/2024\/07\/RPG6060125S3-4FACES-PC2-1024x778.jpg 1024w, https:\/\/cmctiles.vn\/wp-content\/uploads\/2024\/07\/RPG6060125S3-4FACES-PC2-300x228.jpg 300w, https:\/\/cmctiles.vn\/wp-content\/uploads\/2024\/07\/RPG6060125S3-4FACES-PC2-768x584.jpg 768w, https:\/\/cmctiles.vn\/wp-content\/uploads\/2024\/07\/RPG6060125S3-4FACES-PC2-1536x1167.jpg 1536w, https:\/\/cmctiles.vn\/wp-content\/uploads\/2024\/07\/RPG6060125S3-4FACES-PC2-16x12.jpg 16w, https:\/\/cmctiles.vn\/wp-content\/uploads\/2024\/07\/RPG6060125S3-4FACES-PC2-369x280.jpg 369w, https:\/\/cmctiles.vn\/wp-content\/uploads\/2024\/07\/RPG6060125S3-4FACES-PC2-500x380.jpg 500w, https:\/\/cmctiles.vn\/wp-content\/uploads\/2024\/07\/RPG6060125S3-4FACES-PC2.jpg 2048w\" sizes=\"(max-width: 1024px) 100vw, 1024px\" \/><figcaption id=\"caption-attachment-30376\" class=\"wp-caption-text\">Kh\u00f4ng gian c\u1ee7a gia ch\u1ee7 th\u00eam ph\u1ea7n sang tr\u1ecdng v\u00e0 \u0111\u1eb3ng c\u1ea5p nh\u1edd v\u00e0o g\u1ea1ch \u1ed1p l\u00e1t RPG6060125S3<\/figcaption><\/figure>\n<h3 style=\"text-align: justify;\"><b>2.1. Thi\u1ebft k\u1ebf tinh t\u1ebf, l\u1ea5y c\u1ea3m h\u1ee9ng t\u1eeb bi\u1ec3n Baltic<\/b><\/h3>\n<p style=\"text-align: justify;\"><span style=\"font-weight: 400;\">Nh\u00ecn v\u00e0o kh\u00f4ng gian s\u1ed1ng \u0111\u01b0\u1ee3c \u1ed1p l\u00e1t b\u1eb1ng g\u1ea1ch RPG6060125S3, gia ch\u1ee7 nh\u01b0 \u0111\u01b0\u1ee3c chi\u00eam ng\u01b0\u1ee1ng v\u1ebb \u0111\u1eb9p huy\u1ec1n b\u00ed c\u1ee7a bi\u1ec3n Baltic. Gam m\u00e0u ghi ch\u1ee7 \u0111\u1ea1o c\u00f9ng nh\u1eefng \u0111\u01b0\u1eddng v\u00e2n \u0111\u00e1 uy\u1ec3n chuy\u1ec3n, m\u1ec1m m\u1ea1i nh\u01b0 s\u1ebd mang \u0111\u1ebfn c\u1ea3m gi\u00e1c gia ch\u1ee7 \u0111ang d\u1ea1o b\u01b0\u1edbc b\u00ean b\u1edd bi\u1ec3n c\u00e1t tr\u1eafng tr\u1ea3i d\u00e0i, nh\u1eefng l\u00e0n s\u00f3ng v\u1ed7 r\u00ec r\u00e0o v\u00e0 b\u1ea7u tr\u1eddi xanh bi\u1ebfc. Thi\u1ebft k\u1ebf n\u00e0y ph\u00f9 h\u1ee3p v\u1edbi nh\u1eefng kh\u00f4ng gian mu\u1ed1n t\u1ea1o c\u1ea3m gi\u00e1c r\u1ed9ng r\u00e3i, tho\u00e1ng m\u00e1t v\u00e0 mang \u0111\u1ebfn s\u1ef1 sang tr\u1ecdng, \u0111\u1eb3ng c\u1ea5p.<\/span><\/p>\n<h3 style=\"text-align: justify;\"><b>2.2. Ch\u1ea5t l\u01b0\u1ee3ng b\u1ec1n b\u1ec9 theo th\u1eddi gian\u00a0<\/b><\/h3>\n<p style=\"text-align: justify;\"><span style=\"font-weight: 400;\">G\u1ea1ch \u1ed1p l\u00e1t RPG6060125S3 s\u1ea3n xu\u1ea5t t\u1eeb ch\u1ea5t li\u1ec7u porcelain cao c\u1ea5p \u0111\u01b0\u1ee3c nung \u1edf nhi\u1ec7t \u0111\u1ed9 l\u00ean t\u1edbi 1200 \u0111\u1ed9 C n\u00ean c\u00f3 \u0111\u1ed9 b\u1ec1n cao, s\u1edf h\u1eefu kh\u1ea3 n\u0103ng ch\u1ed1ng th\u1ea5m v\u00e0 ch\u1ecbu l\u1ef1c t\u1ed1t, d\u1ec5 d\u00e0ng v\u1ec7 sinh v\u00e0 b\u1ea3o d\u01b0\u1ee1ng. B\u1ec1 m\u1eb7t men b\u00f3ng cao c\u1ea5p gi\u00fap t\u0103ng \u0111\u1ed9 s\u00e1ng b\u00f3ng cho kh\u00f4ng gian, khi\u1ebfn c\u0103n nh\u00e0 c\u1ee7a gia ch\u1ee7 th\u00eam ph\u1ea7n lung linh trong \u00e1nh n\u1eafng.\u00a0<\/span><\/p>\n<h3 style=\"text-align: justify;\"><b>2.3. Tr\u1ea3i nghi\u1ec7m ng\u01b0\u1eddi d\u00f9ng \u0111\u1eb3ng c\u1ea5p<\/b><\/h3>\n<p style=\"text-align: justify;\"><span style=\"font-weight: 400;\">V\u1edbi thi\u1ebft k\u1ebf \u0111\u1ea7y t\u00ednh th\u1ea9m m\u1ef9 c\u0169ng nh\u01b0 ch\u1ea5t li\u1ec7u s\u1ea3n ph\u1ea9m \u01b0u vi\u1ec7t, g\u1ea1ch \u1ed1p l\u00e1t RPG6060125S3 h\u1ee9a h\u1eb9n mang \u0111\u1ebfn cho Qu\u00fd kh\u00e1ch tr\u1ea3i nghi\u1ec7m sang tr\u1ecdng, \u0111\u1eb3ng c\u1ea5p. B\u1ec1 m\u1eb7t g\u1ea1ch b\u00f3ng m\u1ecbn, \u00eam \u00e1i khi di chuy\u1ec3n, t\u1ea1o c\u1ea3m gi\u00e1c tho\u1ea3i m\u00e1i v\u00e0 th\u01b0 gi\u00e3n cho gia ch\u1ee7 sau m\u1ed9t ng\u00e0y d\u00e0i l\u00e0m vi\u1ec7c m\u1ec7t m\u1ecfi.\u00a0<\/span><\/p>\n<p style=\"text-align: justify;\"><span style=\"font-weight: 400;\">Tr\u00ean \u0111\u00e2y l\u00e0 nh\u1eefng \u0111\u1eb7c \u0111i\u1ec3m n\u1ed5i b\u1eadt v\u00e0 l\u01b0u \u00fd khi Qu\u00fd kh\u00e1ch l\u1ef1a ch\u1ecdn v\u00e0 s\u1eed d\u1ee5ng g\u1ea1ch \u1ed1p l\u00e1t RPG6060125S3. Hy v\u1ecdng b\u00e0i vi\u1ebft s\u1ebd gi\u00fap \u00edch cho qu\u00fd v\u1ecb \u0111\u1ec3 l\u1ef1a ch\u1ecdn \u0111\u01b0\u1ee3c s\u1ea3n ph\u1ea9m ph\u00f9 h\u1ee3p nh\u1ea5t v\u1edbi kh\u00f4ng gian v\u00e0 chi ph\u00ed c\u1ee7a gia \u0111\u00ecnh.\u00a0<\/span><\/p>\n<p style=\"text-align: justify;\"><span style=\"font-weight: 400;\">Vui l\u00f2ng \u0111\u1ec3 l\u1ea1i th\u00f4ng tin d\u01b0\u1edbi h\u1ed9p th\u01b0 d\u01b0\u1edbi \u0111\u00e2y n\u1ebfu qu\u00fd v\u1ecb c\u1ea7n gi\u1ea3i \u0111\u00e1p th\u1eafc m\u1eafc ho\u1eb7c nh\u1eadn s\u1ef1 t\u01b0 v\u1ea5n t\u1eeb chuy\u00ean gia c\u1ee7a CMC Tiles!<\/span><\/p>","protected":false},"excerpt":{"rendered":"<p>G\u1ea1ch \u1ed1p l\u00e1t RPG6060125S3 l\u00e0 m\u1ed9t tuy\u1ec7t t\u00e1c \u0111\u01b0\u1ee3c l\u1ea5y c\u1ea3m h\u1ee9ng t\u1eeb v\u1ebb \u0111\u1eb9p huy\u1ec1n b\u00ed c\u1ee7a bi\u1ec3n Baltic, mang \u0111\u1ebfn cho kh\u00f4ng gian s\u1ed1ng c\u1ee7a gia ch\u1ee7 s\u1ef1 sang tr\u1ecdng, tinh t\u1ebf v\u00e0 \u0111\u1ea7y s\u1ee9c s\u1ed1ng. C\u00f9ng v\u1edbi ch\u1ea5t l\u01b0\u1ee3ng \u01b0u vi\u1ec7t, s\u1ea3n ph\u1ea9m ch\u1eafc h\u1eb3n s\u1ebd l\u00e0 l\u1ef1a ch\u1ecdn h\u00e0ng \u0111\u1ea7u trong [&hellip;]<\/p>\n","protected":false},"featured_media":30375,"comment_status":"open","ping_status":"closed","template":"","meta":[],"product_brand":[],"product_cat":[1076,1015,1083,1023,1134],"product_tag":[],"class_list":{"0":"post-30374","1":"product","2":"type-product","3":"status-publish","4":"has-post-thumbnail","6":"product_cat-gach-op-lat","7":"product_cat-gach-lat","8":"product_cat-gach-lat-nen-van-da","9":"product_cat-porcelain","10":"product_cat-gach-op-lat-refina","12":"first","13":"instock","14":"taxable","15":"shipping-taxable","16":"purchasable","17":"product-type-simple"},"_links":{"self":[{"href":"https:\/\/cmctiles.vn\/en\/wp-json\/wp\/v2\/product\/30374","targetHints":{"allow":["GET"]}}],"collection":[{"href":"https:\/\/cmctiles.vn\/en\/wp-json\/wp\/v2\/product"}],"about":[{"href":"https:\/\/cmctiles.vn\/en\/wp-json\/wp\/v2\/types\/product"}],"replies":[{"embeddable":true,"href":"https:\/\/cmctiles.vn\/en\/wp-json\/wp\/v2\/comments?post=30374"}],"version-history":[{"count":3,"href":"https:\/\/cmctiles.vn\/en\/wp-json\/wp\/v2\/product\/30374\/revisions"}],"predecessor-version":[{"id":30379,"href":"https:\/\/cmctiles.vn\/en\/wp-json\/wp\/v2\/product\/30374\/revisions\/30379"}],"wp:featuredmedia":[{"embeddable":true,"href":"https:\/\/cmctiles.vn\/en\/wp-json\/wp\/v2\/media\/30375"}],"wp:attachment":[{"href":"https:\/\/cmctiles.vn\/en\/wp-json\/wp\/v2\/media?parent=30374"}],"wp:term":[{"taxonomy":"product_brand","embeddable":true,"href":"https:\/\/cmctiles.vn\/en\/wp-json\/wp\/v2\/product_brand?post=30374"},{"taxonomy":"product_cat","embeddable":true,"href":"https:\/\/cmctiles.vn\/en\/wp-json\/wp\/v2\/product_cat?post=30374"},{"taxonomy":"product_tag","embeddable":true,"href":"https:\/\/cmctiles.vn\/en\/wp-json\/wp\/v2\/product_tag?post=30374"}],"curies":[{"name":"wp","href":"https:\/\/api.w.org\/{rel}","templated":true}]}}