{"id":30354,"date":"2024-07-15T09:19:45","date_gmt":"2024-07-15T02:19:45","guid":{"rendered":"https:\/\/cmctiles.vn\/?post_type=product&#038;p=30354"},"modified":"2024-07-15T09:25:59","modified_gmt":"2024-07-15T02:25:59","slug":"gach-op-lat-ghi-sang-khoi-nguon-cam-hung-tu-song-bien-baltic-cuon-trao-rpg6060123s3","status":"publish","type":"product","link":"https:\/\/cmctiles.vn\/en\/gach-op-lat\/gach-op-lat-ghi-sang-khoi-nguon-cam-hung-tu-song-bien-cuon-trao-rpg6060123s3.html","title":{"rendered":"G\u1ea1ch \u1ed1p l\u00e1t ghi s\u00e1ng kh\u01a1i ngu\u1ed3n c\u1ea3m h\u1ee9ng t\u1eeb s\u00f3ng bi\u1ec3n cu\u1ed9n tr\u00e0o RPG6060123S3"},"content":{"rendered":"<p><span style=\"font-weight: 400;\">G\u1ea1ch \u1ed1p l\u00e1t RPG6060123S3 mang \u0111\u1ebfn m\u1ed9t l\u00e0n gi\u00f3 m\u1edbi cho kh\u00f4ng gian s\u1ed1ng c\u1ee7a gia ch\u1ee7 v\u1edbi thi\u1ebft k\u1ebf \u0111\u1ed9c \u0111\u00e1o, l\u1ea5y c\u1ea3m h\u1ee9ng t\u1eeb nh\u1eefng con s\u00f3ng n\u1ed1i \u0111u\u00f4i nhau \u0111\u1ebfn v\u00f4 t\u1eadn. C\u00f9ng v\u1edbi ch\u1ea5t l\u01b0\u1ee3ng v\u01b0\u1ee3t tr\u1ed9i, s\u1ea3n ph\u1ea9m h\u1ee9a h\u1eb9n s\u1ebd l\u00e0m h\u00e0i l\u00f2ng ngay c\u1ea3 nh\u1eefng gia ch\u1ee7 kh\u00f3 t\u00ednh nh\u1ea5t.\u00a0<\/span><\/p>\n<figure id=\"attachment_30355\" aria-describedby=\"caption-attachment-30355\" style=\"width: 1024px\" class=\"wp-caption aligncenter\"><img fetchpriority=\"high\" decoding=\"async\" class=\"size-large wp-image-30355\" src=\"https:\/\/cmctiles.vn\/wp-content\/uploads\/2024\/07\/RPG6060123S3-4FACES-1024x1024.jpg\" alt=\"\" width=\"1024\" height=\"1024\" title=\"\" srcset=\"https:\/\/cmctiles.vn\/wp-content\/uploads\/2024\/07\/RPG6060123S3-4FACES-1024x1024.jpg 1024w, https:\/\/cmctiles.vn\/wp-content\/uploads\/2024\/07\/RPG6060123S3-4FACES-300x300.jpg 300w, https:\/\/cmctiles.vn\/wp-content\/uploads\/2024\/07\/RPG6060123S3-4FACES-150x150.jpg 150w, https:\/\/cmctiles.vn\/wp-content\/uploads\/2024\/07\/RPG6060123S3-4FACES-768x769.jpg 768w, https:\/\/cmctiles.vn\/wp-content\/uploads\/2024\/07\/RPG6060123S3-4FACES-1534x1536.jpg 1534w, https:\/\/cmctiles.vn\/wp-content\/uploads\/2024\/07\/RPG6060123S3-4FACES-2046x2048.jpg 2046w, https:\/\/cmctiles.vn\/wp-content\/uploads\/2024\/07\/RPG6060123S3-4FACES-12x12.jpg 12w, https:\/\/cmctiles.vn\/wp-content\/uploads\/2024\/07\/RPG6060123S3-4FACES-280x280.jpg 280w, https:\/\/cmctiles.vn\/wp-content\/uploads\/2024\/07\/RPG6060123S3-4FACES-600x600.jpg 600w, https:\/\/cmctiles.vn\/wp-content\/uploads\/2024\/07\/RPG6060123S3-4FACES-500x500.jpg 500w, https:\/\/cmctiles.vn\/wp-content\/uploads\/2024\/07\/RPG6060123S3-4FACES-100x100.jpg 100w\" sizes=\"(max-width: 1024px) 100vw, 1024px\" \/><figcaption id=\"caption-attachment-30355\" class=\"wp-caption-text\">G\u1ea1ch \u1ed1p l\u00e1t RPG6060123S3 n\u1ed5i b\u1eadt v\u1edbi thi\u1ebft k\u1ebf t\u1ef1a nh\u01b0 s\u00f3ng bi\u1ec3n n\u1ed1i \u0111u\u00f4i nhau \u0111\u1ebfn b\u1ea5t t\u1eadn<\/figcaption><\/figure>\n<h2><b>1. Th\u00f4ng s\u1ed1 s\u1ea3n ph\u1ea9m\u00a0<\/b><\/h2>\n<table>\n<tbody>\n<tr>\n<td><span style=\"font-weight: 400;\">M\u00e3 s\u1ea3n ph\u1ea9m<\/span><\/td>\n<td><span style=\"font-weight: 400;\">RPG6060123S3<\/span><\/td>\n<\/tr>\n<tr>\n<td><span style=\"font-weight: 400;\">BRANDS<\/span><\/td>\n<td><span style=\"font-weight: 400;\">G\u1ea1ch \u1ed1p l\u00e1t REFINA<\/span><\/td>\n<\/tr>\n<tr>\n<td><span style=\"font-weight: 400;\">Ph\u00e2n lo\u1ea1i<\/span><\/td>\n<td><span style=\"font-weight: 400;\">Ceramic tiles<\/span><\/td>\n<\/tr>\n<tr>\n<td><span style=\"font-weight: 400;\">M\u00e0u s\u1eafc<\/span><\/td>\n<td><span style=\"font-weight: 400;\">M\u00e0u ghi s\u00e1ng v\u00e2n \u0111\u00e1 tr\u1eafng<\/span><\/td>\n<\/tr>\n<tr>\n<td><span style=\"font-weight: 400;\">Sizes<\/span><\/td>\n<td><span style=\"font-weight: 400;\">600&#215;600 mm<\/span><\/td>\n<\/tr>\n<tr>\n<td><span style=\"font-weight: 400;\">\u0110\u1ed9 d\u00e0y<\/span><\/td>\n<td><span style=\"font-weight: 400;\">9,0 mm<\/span><\/td>\n<\/tr>\n<tr>\n<td><span style=\"font-weight: 400;\">MATERIALS\u00a0<\/span><\/td>\n<td><span style=\"font-weight: 400;\">Porcelain<\/span><\/td>\n<\/tr>\n<tr>\n<td><span style=\"font-weight: 400;\">Surfaces<\/span><\/td>\n<td><span style=\"font-weight: 400;\">Glossy Glaze<\/span><\/td>\n<\/tr>\n<tr>\n<td><span style=\"font-weight: 400;\">Outstanding features<\/span><\/td>\n<td>\n<ul>\n<li style=\"font-weight: 400;\" aria-level=\"1\"><span style=\"font-weight: 400;\">H\u1ecda ti\u1ebft s\u1eafc n\u00e9t, m\u1eabu m\u00e3 \u0111a d\u1ea1ng<\/span><\/li>\n<li style=\"font-weight: 400;\" aria-level=\"1\"><span style=\"font-weight: 400;\">B\u1ec1n b\u1ec9, c\u1ee9ng c\u00e1p, b\u1ea3o v\u1ec7 t\u01b0\u1eddng t\u1ed1t v\u00e0 tu\u1ed5i th\u1ecd cao<\/span><\/li>\n<li style=\"font-weight: 400;\" aria-level=\"1\"><span style=\"font-weight: 400;\">D\u1ec5 \u1ee9ng d\u1ee5ng, d\u1ec5 thi c\u00f4ng<\/span><\/li>\n<li style=\"font-weight: 400;\" aria-level=\"1\"><span style=\"font-weight: 400;\">Non-ignition, non-expansion<\/span><\/li>\n<li style=\"font-weight: 400;\" aria-level=\"1\"><span style=\"font-weight: 400;\">D\u1ec5 v\u1ec7 sinh, ch\u1ed1ng n\u1ea5m m\u1ed1c<\/span><\/li>\n<\/ul>\n<\/td>\n<\/tr>\n<tr>\n<td><span style=\"font-weight: 400;\">APPLICATIONS<\/span><\/td>\n<td><span style=\"font-weight: 400;\">\u0110a d\u1ea1ng, v\u00ed d\u1ee5 ki\u1ebfn tr\u00fac nh\u00e0 \u1ed1ng, khu chung c\u01b0, nh\u00e0 \u1edf cao c\u1ea5p, bi\u1ec7t th\u1ef1, ph\u00f2ng kh\u00e1ch\u2026<\/span><\/td>\n<\/tr>\n<\/tbody>\n<\/table>\n<h2><b>2. RPG6060123S3 &#8211; D\u00f2ng s\u1ea3n ph\u1ea9m cao c\u1ea5p c\u1ee7a CMC\u00a0<\/b><\/h2>\n<p><span style=\"font-weight: 400;\">G\u1ea1ch \u1ed1p l\u00e1t RPG6060123S3 l\u00e0 s\u1ef1 l\u1ef1a ch\u1ecdn ho\u00e0n h\u1ea3o cho nh\u1eefng gia ch\u1ee7 y\u00eau th\u00edch phong c\u00e1ch thi\u1ebft k\u1ebf hi\u1ec7n \u0111\u1ea1i, sang tr\u1ecdng v\u00e0 \u0111\u1eb3ng c\u1ea5p. S\u1ea3n ph\u1ea9m kh\u00f4ng ch\u1ec9 mang \u0111\u1ebfn v\u1ebb \u0111\u1eb9p \u0111\u1ed9c \u0111\u00e1o m\u00e0 c\u00f2n s\u1edf h\u1eefu nh\u1eefng \u01b0u \u0111i\u1ec3m v\u01b0\u1ee3t tr\u1ed9i, \u0111\u00e1p \u1ee9ng nhu c\u1ea7u kh\u1eaft khe c\u1ee7a kh\u00e1ch h\u00e0ng.<\/span><\/p>\n<figure id=\"attachment_30356\" aria-describedby=\"caption-attachment-30356\" style=\"width: 1024px\" class=\"wp-caption aligncenter\"><img decoding=\"async\" class=\"size-large wp-image-30356\" src=\"https:\/\/cmctiles.vn\/wp-content\/uploads\/2024\/07\/RPG6060123S3-4FACES-PC-1024x778.jpg\" alt=\"\" width=\"1024\" height=\"778\" title=\"\" srcset=\"https:\/\/cmctiles.vn\/wp-content\/uploads\/2024\/07\/RPG6060123S3-4FACES-PC-1024x778.jpg 1024w, https:\/\/cmctiles.vn\/wp-content\/uploads\/2024\/07\/RPG6060123S3-4FACES-PC-300x228.jpg 300w, https:\/\/cmctiles.vn\/wp-content\/uploads\/2024\/07\/RPG6060123S3-4FACES-PC-768x584.jpg 768w, https:\/\/cmctiles.vn\/wp-content\/uploads\/2024\/07\/RPG6060123S3-4FACES-PC-1536x1167.jpg 1536w, https:\/\/cmctiles.vn\/wp-content\/uploads\/2024\/07\/RPG6060123S3-4FACES-PC-16x12.jpg 16w, https:\/\/cmctiles.vn\/wp-content\/uploads\/2024\/07\/RPG6060123S3-4FACES-PC-369x280.jpg 369w, https:\/\/cmctiles.vn\/wp-content\/uploads\/2024\/07\/RPG6060123S3-4FACES-PC-500x380.jpg 500w, https:\/\/cmctiles.vn\/wp-content\/uploads\/2024\/07\/RPG6060123S3-4FACES-PC.jpg 2048w\" sizes=\"(max-width: 1024px) 100vw, 1024px\" \/><figcaption id=\"caption-attachment-30356\" class=\"wp-caption-text\">Kh\u00f4ng gian s\u1ed1ng c\u1ee7a gia ch\u1ee7 th\u00eam ph\u1ea7n sang tr\u1ecdng v\u00e0 \u0111\u1eb3ng c\u1ea5p nh\u1edd v\u00e0o g\u1ea1ch \u1ed1p l\u00e1t RPG6060123S3<\/figcaption><\/figure>\n<h3><b>2.1. Thi\u1ebft k\u1ebf mang c\u1ea3m h\u1ee9ng t\u1eeb nh\u1eefng con s\u00f3ng k\u00e9o d\u00e0i t\u1edbi v\u00f4 c\u00f9ng c\u1ee7a bi\u1ec3n c\u1ea3<\/b><\/h3>\n<p><span style=\"font-weight: 400;\">L\u1ea5y c\u1ea3m h\u1ee9ng t\u1eeb v\u1ebb \u0111\u1eb9p b\u1ea5t t\u1eadn c\u1ee7a bi\u1ec3n c\u1ea3, g\u1ea1ch \u1ed1p l\u00e1t RPG6060123S3 mang h\u01a1i th\u1edf c\u1ee7a s\u00f3ng n\u01b0\u1edbc cu\u1ed9n tr\u00e0o v\u00e0o trong kh\u00f4ng gian s\u1ed1ng c\u1ee7a gia ch\u1ee7. B\u1ec1 m\u1eb7t men b\u00f3ng s\u00e1ng k\u1ebft h\u1ee3p v\u1edbi nh\u1eefng \u0111\u01b0\u1eddng v\u00e2n tinh t\u1ebf \u0111\u01b0\u1ee3c m\u00f4 ph\u1ecfng theo v\u00e2n \u0111\u00e1 t\u1ef1 nhi\u00ean t\u1ea1o n\u00ean hi\u1ec7u \u1ee9ng th\u1ecb gi\u00e1c ho\u00e0n h\u1ea3o, gi\u00fap m\u1edf r\u1ed9ng kh\u00f4ng gian v\u00e0 t\u0103ng th\u00eam s\u1ef1 sang tr\u1ecdng cho m\u1ecdi ki\u1ebfn tr\u00fac.<\/span><\/p>\n<h3><b>2.2. Ch\u1ea5t l\u01b0\u1ee3ng \u01b0u vi\u1ec7t h\u00e0ng \u0111\u1ea7u\u00a0<\/b><\/h3>\n<p><span style=\"font-weight: 400;\">G\u1ea1ch \u1ed1p l\u00e1t RPG6060123S3 \u0111\u01b0\u1ee3c s\u1ea3n xu\u1ea5t tr\u00ean d\u00e2y chuy\u1ec1n hi\u1ec7n \u0111\u1ea1i v\u1edbi c\u00f4ng ngh\u1ec7 ti\u00ean ti\u1ebfn. Nh\u1edd v\u00e0o ch\u1ea5t li\u1ec7u x\u01b0\u01a1ng g\u1ea1ch Porcelain v\u1edbi k\u1ebft c\u1ea5u \u00edt l\u1ed7 h\u1ed5ng, \u0111\u01b0\u1ee3c nung \u1edf nhi\u1ec7t \u0111\u1ed9 cao t\u1edbi 1200 \u0111\u1ed9 C, s\u1ea3n ph\u1ea9m c\u00f3 \u0111\u1ed9 c\u1ee9ng cao, ch\u1ecbu l\u1ef1c t\u1ed1t, ph\u00f9 h\u1ee3p \u1ed1p l\u00e1t cho nh\u1eefng khu v\u1ef1c c\u00f3 m\u1eadt \u0111\u1ed9 di chuy\u1ec3n cao.<\/span><\/p>\n<p><span style=\"font-weight: 400;\">B\u00ean c\u1ea1nh \u0111\u00f3, g\u1ea1ch \u1ed1p l\u00e1t RPG6060123S3 c\u00f2n c\u00f3 \u0111\u1ed9 b\u1ec1n m\u00e0u cao, kh\u00f4ng b\u1ecb phai m\u00e0u theo th\u1eddi gian, gi\u1eef cho kh\u00f4ng gian lu\u00f4n s\u00e1ng m\u1edbi v\u00e0 \u0111\u1eb9p \u0111\u1ebd.<\/span><\/p>\n<h3><b>2.2. Tr\u1ea3i nghi\u1ec7m c\u00f3 1-0-2 cho gia ch\u1ee7<\/b><\/h3>\n<p><span style=\"font-weight: 400;\">V\u1edbi k\u00edch th\u01b0\u1edbc 600x600mm, s\u1ea3n ph\u1ea9m g\u1ea1ch ph\u00f9 h\u1ee3p v\u1edbi nhi\u1ec1u di\u1ec7n t\u00edch v\u00e0 phong c\u00e1ch thi\u1ebft k\u1ebf kh\u00e1c nhau, t\u1eeb c\u1ed5 \u0111i\u1ec3n, t\u00e2n c\u1ed5 \u0111i\u1ec3n \u0111\u1ebfn hi\u1ec7n \u0111\u1ea1i. B\u1ec1 m\u1eb7t men b\u00f3ng gi\u00fap t\u1ea1o c\u1ea3m gi\u00e1c m\u00e1t m\u1ebb, d\u1ec5 ch\u1ecbu khi di chuy\u1ec3n, \u0111\u1eb7c bi\u1ec7t ph\u00f9 h\u1ee3p cho nh\u1eefng khu v\u1ef1c c\u00f3 kh\u00ed h\u1eadu n\u00f3ng b\u1ee9c.<\/span><\/p>\n<p><span style=\"font-weight: 400;\">Th\u00eam v\u00e0o \u0111\u00f3, nh\u1edd b\u1ec1 m\u1eb7t men b\u00f3ng v\u00e0 kh\u1ea3 n\u0103ng ch\u1ed1ng th\u1ea5m n\u01b0\u1edbc hi\u1ec7u qu\u1ea3 c\u1ee7a ch\u1ea5t li\u1ec7u porcelain, g\u1ea1ch \u1ed1p l\u00e1t RPG6060123S3 gi\u00fap gia ch\u1ee7 d\u1ec5 d\u00e0ng v\u1ec7 sinh lau ch\u00f9i, ti\u1ebft ki\u1ec7m th\u1eddi gian v\u00e0 c\u00f4ng s\u1ee9c.<\/span><\/p>\n<p><span style=\"font-weight: 400;\">Tr\u00ean \u0111\u00e2y l\u00e0 nh\u1eefng \u0111\u1eb7c \u0111i\u1ec3m n\u1ed5i b\u1eadt v\u00e0 l\u01b0u \u00fd khi Qu\u00fd kh\u00e1ch l\u1ef1a ch\u1ecdn v\u00e0 s\u1eed d\u1ee5ng g\u1ea1ch \u1ed1p l\u00e1t RPG6060123S3. Hy v\u1ecdng b\u00e0i vi\u1ebft s\u1ebd gi\u00fap \u00edch cho qu\u00fd v\u1ecb \u0111\u1ec3 l\u1ef1a ch\u1ecdn \u0111\u01b0\u1ee3c s\u1ea3n ph\u1ea9m ph\u00f9 h\u1ee3p nh\u1ea5t v\u1edbi kh\u00f4ng gian v\u00e0 chi ph\u00ed c\u1ee7a gia \u0111\u00ecnh.\u00a0<\/span><\/p>\n<p><span style=\"font-weight: 400;\">Vui l\u00f2ng \u0111\u1ec3 l\u1ea1i th\u00f4ng tin d\u01b0\u1edbi h\u1ed9p th\u01b0 d\u01b0\u1edbi \u0111\u00e2y n\u1ebfu qu\u00fd v\u1ecb c\u1ea7n gi\u1ea3i \u0111\u00e1p th\u1eafc m\u1eafc ho\u1eb7c nh\u1eadn s\u1ef1 t\u01b0 v\u1ea5n t\u1eeb chuy\u00ean gia c\u1ee7a CMC Tiles!<\/span><\/p>\n<p>&nbsp;<\/p>","protected":false},"excerpt":{"rendered":"<p>G\u1ea1ch \u1ed1p l\u00e1t RPG6060123S3 mang \u0111\u1ebfn m\u1ed9t l\u00e0n gi\u00f3 m\u1edbi cho kh\u00f4ng gian s\u1ed1ng c\u1ee7a gia ch\u1ee7 v\u1edbi thi\u1ebft k\u1ebf \u0111\u1ed9c \u0111\u00e1o, l\u1ea5y c\u1ea3m h\u1ee9ng t\u1eeb nh\u1eefng con s\u00f3ng n\u1ed1i \u0111u\u00f4i nhau \u0111\u1ebfn v\u00f4 t\u1eadn. C\u00f9ng v\u1edbi ch\u1ea5t l\u01b0\u1ee3ng v\u01b0\u1ee3t tr\u1ed9i, s\u1ea3n ph\u1ea9m h\u1ee9a h\u1eb9n s\u1ebd l\u00e0m h\u00e0i l\u00f2ng ngay c\u1ea3 nh\u1eefng gia ch\u1ee7 kh\u00f3 [&hellip;]<\/p>\n","protected":false},"featured_media":30355,"comment_status":"open","ping_status":"closed","template":"","meta":[],"product_brand":[],"product_cat":[1076,1015,1083,1023,1134],"product_tag":[],"class_list":{"0":"post-30354","1":"product","2":"type-product","3":"status-publish","4":"has-post-thumbnail","6":"product_cat-gach-op-lat","7":"product_cat-gach-lat","8":"product_cat-gach-lat-nen-van-da","9":"product_cat-porcelain","10":"product_cat-gach-op-lat-refina","12":"first","13":"instock","14":"taxable","15":"shipping-taxable","16":"purchasable","17":"product-type-simple"},"_links":{"self":[{"href":"https:\/\/cmctiles.vn\/en\/wp-json\/wp\/v2\/product\/30354","targetHints":{"allow":["GET"]}}],"collection":[{"href":"https:\/\/cmctiles.vn\/en\/wp-json\/wp\/v2\/product"}],"about":[{"href":"https:\/\/cmctiles.vn\/en\/wp-json\/wp\/v2\/types\/product"}],"replies":[{"embeddable":true,"href":"https:\/\/cmctiles.vn\/en\/wp-json\/wp\/v2\/comments?post=30354"}],"version-history":[{"count":5,"href":"https:\/\/cmctiles.vn\/en\/wp-json\/wp\/v2\/product\/30354\/revisions"}],"predecessor-version":[{"id":30364,"href":"https:\/\/cmctiles.vn\/en\/wp-json\/wp\/v2\/product\/30354\/revisions\/30364"}],"wp:featuredmedia":[{"embeddable":true,"href":"https:\/\/cmctiles.vn\/en\/wp-json\/wp\/v2\/media\/30355"}],"wp:attachment":[{"href":"https:\/\/cmctiles.vn\/en\/wp-json\/wp\/v2\/media?parent=30354"}],"wp:term":[{"taxonomy":"product_brand","embeddable":true,"href":"https:\/\/cmctiles.vn\/en\/wp-json\/wp\/v2\/product_brand?post=30354"},{"taxonomy":"product_cat","embeddable":true,"href":"https:\/\/cmctiles.vn\/en\/wp-json\/wp\/v2\/product_cat?post=30354"},{"taxonomy":"product_tag","embeddable":true,"href":"https:\/\/cmctiles.vn\/en\/wp-json\/wp\/v2\/product_tag?post=30354"}],"curies":[{"name":"wp","href":"https:\/\/api.w.org\/{rel}","templated":true}]}}