{"id":30346,"date":"2024-07-14T23:30:11","date_gmt":"2024-07-14T16:30:11","guid":{"rendered":"https:\/\/cmctiles.vn\/?post_type=product&#038;p=30346"},"modified":"2024-07-14T23:32:26","modified_gmt":"2024-07-14T16:32:26","slug":"bo-gach-op-tuong-tre-trung-hien-dai-ppm4080029s2-ppm4080030s2-ppm4080031s2","status":"publish","type":"product","link":"https:\/\/cmctiles.vn\/en\/gach-op-lat\/bo-gach-op-tuong-tre-trung-hien-dai-ppm4080029s2-ppm4080030s2-ppm4080031s2.html","title":{"rendered":"B\u1ed9 g\u1ea1ch \u1ed1p t\u01b0\u1eddng tr\u1ebb trung hi\u1ec7n \u0111\u1ea1i PPM4080029S2 &#8211; PPM4080030S2 &#8211; PPM4080031S2"},"content":{"rendered":"<p>Chi\u1ebfm tr\u1ecdn ngay t\u1eeb \u00e1nh nh\u00ecn \u0111\u1ea7u ti\u00ean, b\u1ed9 g\u1ea1ch \u1ed1p t\u01b0\u1eddng<strong> PPM4080029S2 &#8211; PPM4080030S2 &#8211; PPM4080031S2<\/strong> \u0111\u01b0\u1ee3c thi\u1ebft k\u1ebf v\u1edbi nh\u1eefng chi ti\u1ebft \u0111\u01a1n gi\u1ea3n nh\u01b0ng kh\u00f4ng h\u1ec1 \u0111\u01a1n \u0111i\u1ec7u. C\u00e1ch s\u1eafp x\u1ebfp c\u00e1c chi ti\u1ebft \u0111\u01b0\u1ee3c \u0111\u00e1nh gi\u00e1 l\u00e0 r\u1ea5t c\u00f3 t\u00ednh th\u1ea9m m\u1ef9, t\u1ea1o n\u00ean s\u1ef1 c\u00e2n \u0111\u1ed1i h\u00e0i h\u00f2a cho t\u1ed5ng th\u1ec3 v\u00e0 \u1ee9ng d\u1ee5ng linh ho\u1ea1t cho m\u1ecdi kh\u00f4ng gian.<\/p>\n<figure id=\"attachment_30348\" aria-describedby=\"caption-attachment-30348\" style=\"width: 901px\" class=\"wp-caption aligncenter\"><img fetchpriority=\"high\" decoding=\"async\" class=\"wp-image-30348\" src=\"https:\/\/cmctiles.vn\/wp-content\/uploads\/2024\/07\/PPM4080029-31S2-1024x664.jpg\" alt=\"\" width=\"901\" height=\"584\" title=\"\" srcset=\"https:\/\/cmctiles.vn\/wp-content\/uploads\/2024\/07\/PPM4080029-31S2-1024x664.jpg 1024w, https:\/\/cmctiles.vn\/wp-content\/uploads\/2024\/07\/PPM4080029-31S2-300x194.jpg 300w, https:\/\/cmctiles.vn\/wp-content\/uploads\/2024\/07\/PPM4080029-31S2-768x498.jpg 768w, https:\/\/cmctiles.vn\/wp-content\/uploads\/2024\/07\/PPM4080029-31S2-1536x996.jpg 1536w, https:\/\/cmctiles.vn\/wp-content\/uploads\/2024\/07\/PPM4080029-31S2-18x12.jpg 18w, https:\/\/cmctiles.vn\/wp-content\/uploads\/2024\/07\/PPM4080029-31S2-400x259.jpg 400w, https:\/\/cmctiles.vn\/wp-content\/uploads\/2024\/07\/PPM4080029-31S2-500x324.jpg 500w, https:\/\/cmctiles.vn\/wp-content\/uploads\/2024\/07\/PPM4080029-31S2.jpg 1987w\" sizes=\"(max-width: 901px) 100vw, 901px\" \/><figcaption id=\"caption-attachment-30348\" class=\"wp-caption-text\">B\u1ed9 g\u1ea1ch \u1ed1p t\u01b0\u1eddng PPM4080029S2 &#8211; PPM4080030S2 &#8211; PPM4080031S2 tr\u1ebb trung hi\u1ec7n \u0111\u1ea1i<\/figcaption><\/figure>\n<h2>1. Th\u00f4ng s\u1ed1 s\u1ea3n ph\u1ea9m<\/h2>\n<table>\n<tbody>\n<tr style=\"height: 24px;\">\n<td style=\"width: 26.0541%; height: 24px;\"><span style=\"font-weight: 400;\">M\u00e3 s\u1ea3n ph\u1ea9m<\/span><\/td>\n<td style=\"width: 85.5131%; height: 24px;\"><strong>PPM4080029S2 &#8211; PPM4080030S2 &#8211; PPM4080031S2<\/strong><\/td>\n<\/tr>\n<tr style=\"height: 24px;\">\n<td style=\"width: 26.0541%; height: 24px;\"><span style=\"font-weight: 400;\">BRANDS<\/span><\/td>\n<td style=\"width: 85.5131%; height: 24px;\"><span style=\"font-weight: 400;\">PRATO Tiles<\/span><\/td>\n<\/tr>\n<tr style=\"height: 24px;\">\n<td style=\"width: 26.0541%; height: 24px;\"><span style=\"font-weight: 400;\">Ph\u00e2n lo\u1ea1i<\/span><\/td>\n<td style=\"width: 85.5131%; height: 24px;\"><span style=\"font-weight: 400;\">Wall Tiles<\/span><\/td>\n<\/tr>\n<tr style=\"height: 24px;\">\n<td style=\"width: 26.0541%; height: 24px;\"><span style=\"font-weight: 400;\">M\u00e0u s\u1eafc<\/span><\/td>\n<td style=\"width: 85.5131%; height: 24px;\"><span style=\"font-weight: 400;\">M\u00e0u x\u00e1m \u0111\u1eadm v\u00e2n \u0111\u00e1, h\u1ecda ti\u1ebft h\u00ecnh h\u1ecdc \u0111\u1eb7c bi\u1ec7t, m\u00e0u tr\u1eafng v\u00e2n \u0111\u00e1<\/span><\/td>\n<\/tr>\n<tr style=\"height: 24px;\">\n<td style=\"width: 26.0541%; height: 24px;\"><span style=\"font-weight: 400;\">Sizes<\/span><\/td>\n<td style=\"width: 85.5131%; height: 24px;\"><span style=\"font-weight: 400;\">400&#215;800 mm<\/span><\/td>\n<\/tr>\n<tr style=\"height: 24px;\">\n<td style=\"width: 26.0541%; height: 24px;\"><span style=\"font-weight: 400;\">\u0110\u1ed9 d\u00e0y<\/span><\/td>\n<td style=\"width: 85.5131%; height: 24px;\"><span style=\"font-weight: 400;\">8,5 mm<\/span><\/td>\n<\/tr>\n<tr style=\"height: 24px;\">\n<td style=\"width: 26.0541%; height: 24px;\"><span style=\"font-weight: 400;\">MATERIALS\u00a0<\/span><\/td>\n<td style=\"width: 85.5131%; height: 24px;\"><span style=\"font-weight: 400;\">Porcelain <\/span><\/td>\n<\/tr>\n<tr style=\"height: 24px;\">\n<td style=\"width: 26.0541%; height: 24px;\"><span style=\"font-weight: 400;\">Surfaces<\/span><\/td>\n<td style=\"width: 85.5131%; height: 24px;\"><span style=\"font-weight: 400;\">Men matt<\/span><\/td>\n<\/tr>\n<tr style=\"height: 152px;\">\n<td style=\"width: 26.0541%; height: 152px;\"><span style=\"font-weight: 400;\">Outstanding features<\/span><\/td>\n<td style=\"width: 85.5131%; height: 152px;\">\n<ul>\n<li style=\"font-weight: 400;\" aria-level=\"1\"><span style=\"font-weight: 400;\">Hoa v\u0103n sang tr\u1ecdng, th\u1eddi th\u01b0\u1ee3ng<\/span><\/li>\n<li style=\"font-weight: 400;\" aria-level=\"1\"><span style=\"font-weight: 400;\">\u0110\u1ed3 b\u1ec1n u\u1ed1n ch\u1ecbu l\u1ef1c t\u1ed1t, th\u1ea5m h\u00fat n\u01b0\u1edbc th\u1ea5p<\/span><\/li>\n<li style=\"font-weight: 400;\" aria-level=\"1\"><span style=\"font-weight: 400;\">K\u00edch th\u01b0\u1edbc ph\u1ed5 th\u00f4ng, \u1ee9ng d\u1ee5ng \u0111a d\u1ea1ng<\/span><\/li>\n<li style=\"font-weight: 400;\" aria-level=\"1\"><span style=\"font-weight: 400;\">Non-ignition, non-expansion<\/span><\/li>\n<li style=\"font-weight: 400;\" aria-level=\"1\"><span style=\"font-weight: 400;\">Easy to clean, anti-bacterial, anti-mildew<\/span><\/li>\n<\/ul>\n<\/td>\n<\/tr>\n<tr style=\"height: 24px;\">\n<td style=\"width: 26.0541%; height: 24px;\"><span style=\"font-weight: 400;\">APPLICATIONS<\/span><\/td>\n<td style=\"width: 85.5131%; height: 24px;\"><span style=\"font-weight: 400;\">\u0110a d\u1ea1ng, v\u00ed d\u1ee5 ki\u1ebfn tr\u00fac nh\u00e0 \u1ed1ng, khu chung c\u01b0, nh\u00e0 \u1edf cao c\u1ea5p, bi\u1ec7t th\u1ef1, ph\u00f2ng kh\u00e1ch\u2026<\/span><\/td>\n<\/tr>\n<\/tbody>\n<\/table>\n<h2>2. <b>B\u1ed9 g\u1ea1ch \u1ed1p t\u01b0\u1eddng <strong>PPM4080029S2 &#8211; PPM4080030S2 &#8211; PPM4080031S2<\/strong><\/b><b>\u00a0&#8211; d\u00f2ng s\u1ea3n ph\u1ea9m hi\u1ec7n \u0111\u1ea1i v\u00e0 tr\u1ebb trung c\u1ee7a Prato<\/b><\/h2>\n<figure id=\"attachment_30347\" aria-describedby=\"caption-attachment-30347\" style=\"width: 866px\" class=\"wp-caption aligncenter\"><img decoding=\"async\" class=\"wp-image-30347\" src=\"https:\/\/cmctiles.vn\/wp-content\/uploads\/2024\/07\/PPM4080029-31S2-OP2.2-1024x1024.png\" alt=\"\" width=\"866\" height=\"866\" title=\"\" srcset=\"https:\/\/cmctiles.vn\/wp-content\/uploads\/2024\/07\/PPM4080029-31S2-OP2.2-1024x1024.png 1024w, https:\/\/cmctiles.vn\/wp-content\/uploads\/2024\/07\/PPM4080029-31S2-OP2.2-300x300.png 300w, https:\/\/cmctiles.vn\/wp-content\/uploads\/2024\/07\/PPM4080029-31S2-OP2.2-150x150.png 150w, https:\/\/cmctiles.vn\/wp-content\/uploads\/2024\/07\/PPM4080029-31S2-OP2.2-768x768.png 768w, https:\/\/cmctiles.vn\/wp-content\/uploads\/2024\/07\/PPM4080029-31S2-OP2.2-1536x1536.png 1536w, https:\/\/cmctiles.vn\/wp-content\/uploads\/2024\/07\/PPM4080029-31S2-OP2.2-12x12.png 12w, https:\/\/cmctiles.vn\/wp-content\/uploads\/2024\/07\/PPM4080029-31S2-OP2.2-280x280.png 280w, https:\/\/cmctiles.vn\/wp-content\/uploads\/2024\/07\/PPM4080029-31S2-OP2.2-600x600.png 600w, https:\/\/cmctiles.vn\/wp-content\/uploads\/2024\/07\/PPM4080029-31S2-OP2.2-500x500.png 500w, https:\/\/cmctiles.vn\/wp-content\/uploads\/2024\/07\/PPM4080029-31S2-OP2.2-100x100.png 100w, https:\/\/cmctiles.vn\/wp-content\/uploads\/2024\/07\/PPM4080029-31S2-OP2.2.png 2048w\" sizes=\"(max-width: 866px) 100vw, 866px\" \/><figcaption id=\"caption-attachment-30347\" class=\"wp-caption-text\">B\u1ed9 g\u1ea1ch \u1ed1p t\u01b0\u1eddng PPM4080029S2 &#8211; PPM4080030S2 &#8211; PPM4080031S2 \u0111\u01a1n gi\u1ea3n nh\u01b0ng kh\u00f4ng \u0111\u01a1n \u0111i\u1ec7u<\/figcaption><\/figure>\n<p>&nbsp;<\/p>\n<p>L\u00e0 s\u1ea3n ph\u1ea9m thu\u1ed9c d\u00f2ng g\u1ea1ch Porcelain, b\u1ed9 g\u1ea1ch \u1ed1p t\u01b0\u1eddng <strong>PPM4080029S2 &#8211; PPM4080030S2 &#8211; PPM4080031S2<\/strong>\u00a0nhanh ch\u00f3ng \u0111\u01b0\u1ee3c kh\u00e1ch h\u00e0ng tin d\u00f9ng v\u00e0 \u01b0a chu\u1ed9ng nh\u1edd nh\u1eefng \u0111\u1eb7c \u0111i\u1ec3m \u01b0u vi\u1ec7t:<\/p>\n<ul>\n<li aria-level=\"1\"><b>M\u1eabu m\u00e3 \u0111a d\u1ea1ng<\/b>: B\u1ed9 g\u1ea1ch \u1ed1p t\u01b0\u1eddng g\u1ed3m 03 m\u1eabu s\u1ea3n ph\u1ea9m k\u1ebft h\u1ee3p mang \u0111\u1ebfn h\u1ecda ti\u1ebft \u0111a d\u1ea1ng, \u1ee9ng d\u1ee5ng linh ho\u1ea1t trong nhi\u1ec1u kh\u00f4ng gian, v\u1eeba trang tr\u00ed kh\u00f4ng gian r\u1ed9ng v\u1eeba t\u1ea1o \u0111i\u1ec3m nh\u1ea5n cho m\u1ea3ng t\u01b0\u1eddng, gi\u00fap t\u0103ng t\u00ednh th\u1ea9m m\u1ef9 v\u00e0 th\u1ed5i h\u1ed3n cho kh\u00f4ng gian s\u1ed1ng<\/li>\n<li aria-level=\"1\"><b>B\u1ec1 m\u1eb7t men matt sang tr\u1ecdng:<\/b> B\u1ec1 m\u1eb7t men matt kh\u00f4ng ph\u1ea3n chi\u1ebfu \u00e1nh s\u00e1ng, t\u1ea1o c\u1ea3m gi\u00e1c m\u1ec1m m\u1ea1i, kh\u00f4ng l\u00f3a m\u1eaft. \u0110i\u1ec1u n\u00e0y gi\u00fap kh\u00f4ng gian tr\u1edf n\u00ean d\u1ec5 ch\u1ecbu, tho\u1ea3i m\u00e1i h\u01a1n. Ngo\u00e0i ra g\u1ea1ch kh\u00f4ng d\u1ec5 b\u00e1m b\u1ee5i ho\u1eb7c v\u00e2n tay, kh\u1ea3 n\u0103ng ch\u1ed1ng tr\u01b0\u1ee3t r\u1ea5t t\u1ed1t.<\/li>\n<li aria-level=\"1\"><b>\u0110\u1ed9 b\u1ec1n v\u01b0\u1ee3t tr\u1ed9i:\u00a0<\/b>X\u01b0\u01a1ng g\u1ea1ch Porcelain ch\u1eafc ch\u1eafn v\u1edbi \u0111\u1ed9 th\u1ea5m h\u00fat n\u01b0\u1edbc &lt;0.5% gi\u00fap s\u1ea3n ph\u1ea9m c\u00f3 \u0111\u1ed9 b\u1ec1n l\u00e2u d\u00e0i, kh\u00f4ng lo ng\u1ea5m n\u01b0\u1edbc ng\u01b0\u1ee3c t\u1eeb t\u01b0\u1eddng, h\u1ea1n ch\u1ebf t\u1ed1i \u0111a t\u00ecnh tr\u1ea1ng b\u1ed9p n\u1ee9t \u0111\u1ed3ng th\u1eddi b\u1ea3o v\u1ec7 t\u01b0\u1eddng nh\u00e0.<\/li>\n<li aria-level=\"1\"><b>Kh\u00f4ng b\u1eaft ch\u00e1y, kh\u00f4ng gi\u00e3n n\u1edf:<\/b>\u00a0G\u1ea1ch \u0111\u01b0\u1ee3c nung \u1edf nhi\u1ec7t \u0111\u1ed9 cao t\u1eeb 1.200 \u2013 1.220 \u0111\u1ed9 C n\u00ean kh\u00f4ng d\u1ec5 d\u00e0ng b\u1eaft ch\u00e1y, \u0111\u1eb7c bi\u1ec7t tuy\u1ec7t \u0111\u1ed1i kh\u00f4ng gi\u00e3n n\u1edf \u1edf nhi\u1ec7t \u0111\u1ed9 nh\u00e0 th\u00f4ng th\u01b0\u1eddng v\u00e0 ch\u1ecbu \u0111\u01b0\u1ee3c th\u1eddi ti\u1ebft kh\u1eafc nghi\u1ec7t.<\/li>\n<\/ul>\n<p>Tr\u00ean \u0111\u00e2y l\u00e0 nh\u1eefng \u0111\u1eb7c \u0111i\u1ec3m n\u1ed5i b\u1eadt v\u00e0 l\u01b0u \u00fd khi qu\u00fd kh\u00e1ch l\u1ef1a ch\u1ecdn v\u00e0 s\u1eed d\u1ee5ng g\u1ea1ch \u1ed1p t\u01b0\u1eddng <strong>PPM4080029S2 &#8211; PPM4080030S2 &#8211; PPM4080031S2<\/strong>. Hy v\u1ecdng b\u00e0i vi\u1ebft s\u1ebd gi\u00fap \u00edch cho qu\u00fd v\u1ecb \u0111\u1ec3 l\u1ef1a ch\u1ecdn \u0111\u01b0\u1ee3c s\u1ea3n ph\u1ea9m ph\u00f9 h\u1ee3p nh\u1ea5t v\u1edbi kh\u00f4ng gian v\u00e0 chi ph\u00ed c\u1ee7a gia \u0111\u00ecnh.<\/p>\n<p><i>Vui l\u00f2ng \u0111\u1ec3 l\u1ea1i th\u00f4ng tin d\u01b0\u1edbi h\u1ed9p th\u01b0 d\u01b0\u1edbi \u0111\u00e2y n\u1ebfu qu\u00fd v\u1ecb c\u1ea7n gi\u1ea3i \u0111\u00e1p th\u1eafc m\u1eafc ho\u1eb7c nh\u1eadn s\u1ef1 t\u01b0 v\u1ea5n t\u1eeb chuy\u00ean gia c\u1ee7a CMC Tiles!<\/i><\/p>\n<p>&nbsp;<\/p>","protected":false},"excerpt":{"rendered":"<p>Chi\u1ebfm tr\u1ecdn ngay t\u1eeb \u00e1nh nh\u00ecn \u0111\u1ea7u ti\u00ean, b\u1ed9 g\u1ea1ch \u1ed1p t\u01b0\u1eddng PPM4080029S2 &#8211; PPM4080030S2 &#8211; PPM4080031S2 \u0111\u01b0\u1ee3c thi\u1ebft k\u1ebf v\u1edbi nh\u1eefng chi ti\u1ebft \u0111\u01a1n gi\u1ea3n nh\u01b0ng kh\u00f4ng h\u1ec1 \u0111\u01a1n \u0111i\u1ec7u. C\u00e1ch s\u1eafp x\u1ebfp c\u00e1c chi ti\u1ebft \u0111\u01b0\u1ee3c \u0111\u00e1nh gi\u00e1 l\u00e0 r\u1ea5t c\u00f3 t\u00ednh th\u1ea9m m\u1ef9, t\u1ea1o n\u00ean s\u1ef1 c\u00e2n \u0111\u1ed1i h\u00e0i h\u00f2a cho t\u1ed5ng [&hellip;]<\/p>\n","protected":false},"featured_media":30347,"comment_status":"open","ping_status":"closed","template":"","meta":[],"product_brand":[],"product_cat":[1076,1015,1016,1092,1023],"product_tag":[],"class_list":{"0":"post-30346","1":"product","2":"type-product","3":"status-publish","4":"has-post-thumbnail","6":"product_cat-gach-op-lat","7":"product_cat-gach-lat","8":"product_cat-gach-op","9":"product_cat-gach-op-lat-prato","10":"product_cat-porcelain","12":"first","13":"instock","14":"taxable","15":"shipping-taxable","16":"purchasable","17":"product-type-simple"},"_links":{"self":[{"href":"https:\/\/cmctiles.vn\/en\/wp-json\/wp\/v2\/product\/30346","targetHints":{"allow":["GET"]}}],"collection":[{"href":"https:\/\/cmctiles.vn\/en\/wp-json\/wp\/v2\/product"}],"about":[{"href":"https:\/\/cmctiles.vn\/en\/wp-json\/wp\/v2\/types\/product"}],"replies":[{"embeddable":true,"href":"https:\/\/cmctiles.vn\/en\/wp-json\/wp\/v2\/comments?post=30346"}],"version-history":[{"count":4,"href":"https:\/\/cmctiles.vn\/en\/wp-json\/wp\/v2\/product\/30346\/revisions"}],"predecessor-version":[{"id":30353,"href":"https:\/\/cmctiles.vn\/en\/wp-json\/wp\/v2\/product\/30346\/revisions\/30353"}],"wp:featuredmedia":[{"embeddable":true,"href":"https:\/\/cmctiles.vn\/en\/wp-json\/wp\/v2\/media\/30347"}],"wp:attachment":[{"href":"https:\/\/cmctiles.vn\/en\/wp-json\/wp\/v2\/media?parent=30346"}],"wp:term":[{"taxonomy":"product_brand","embeddable":true,"href":"https:\/\/cmctiles.vn\/en\/wp-json\/wp\/v2\/product_brand?post=30346"},{"taxonomy":"product_cat","embeddable":true,"href":"https:\/\/cmctiles.vn\/en\/wp-json\/wp\/v2\/product_cat?post=30346"},{"taxonomy":"product_tag","embeddable":true,"href":"https:\/\/cmctiles.vn\/en\/wp-json\/wp\/v2\/product_tag?post=30346"}],"curies":[{"name":"wp","href":"https:\/\/api.w.org\/{rel}","templated":true}]}}