{"id":30336,"date":"2024-07-12T18:18:27","date_gmt":"2024-07-12T11:18:27","guid":{"rendered":"https:\/\/cmctiles.vn\/?post_type=product&#038;p=30336"},"modified":"2024-07-12T18:18:28","modified_gmt":"2024-07-12T11:18:28","slug":"gach-op-lat-van-da-hoa-cuong-binh-dinh-doc-dao-rpg6060130s3","status":"publish","type":"product","link":"https:\/\/cmctiles.vn\/en\/gach-op-lat\/gach-op-lat-van-da-hoa-cuong-binh-dinh-doc-dao-rpg6060130s3.html","title":{"rendered":"G\u1ea1ch \u1ed1p l\u00e1t v\u00e2n \u0111\u00e1 hoa c\u01b0\u01a1ng B\u00ecnh \u0110\u1ecbnh \u0111\u1ed9c \u0111\u00e1o RPG6060130S3"},"content":{"rendered":"<p><span style=\"font-weight: 400;\">M\u00f4 ph\u1ecfng v\u1ebb \u0111\u1eb9p t\u1ef1 nhi\u00ean c\u1ee7a \u0111\u00e1 hoa c\u01b0\u01a1ng t\u1eeb B\u00ecnh \u0110\u1ecbnh, v\u1edbi c\u00e1c v\u00e2n \u0111\u00e1 \u0111\u1ed9c \u0111\u00e1o, s\u1ea3n ph\u1ea9m g\u1ea1ch \u1ed1p l\u00e1t RPG6060130S3 t\u1ea1o ra m\u1ed9t kh\u00f4ng gian \u0111\u1ed9c \u0111\u00e1o v\u00e0 \u1ea5n t\u01b0\u1ee3ng v\u1edbi v\u1ebb \u0111\u1eb9p m\u1edbi l\u1ea1.<\/span><\/p>\n<figure id=\"attachment_30337\" aria-describedby=\"caption-attachment-30337\" style=\"width: 1024px\" class=\"wp-caption aligncenter\"><img fetchpriority=\"high\" decoding=\"async\" class=\"size-large wp-image-30337\" src=\"https:\/\/cmctiles.vn\/wp-content\/uploads\/2024\/07\/RPG6060130S3-1FACE-1024x1024.jpg\" alt=\"\" width=\"1024\" height=\"1024\" title=\"\" srcset=\"https:\/\/cmctiles.vn\/wp-content\/uploads\/2024\/07\/RPG6060130S3-1FACE-1024x1024.jpg 1024w, https:\/\/cmctiles.vn\/wp-content\/uploads\/2024\/07\/RPG6060130S3-1FACE-300x300.jpg 300w, https:\/\/cmctiles.vn\/wp-content\/uploads\/2024\/07\/RPG6060130S3-1FACE-150x150.jpg 150w, https:\/\/cmctiles.vn\/wp-content\/uploads\/2024\/07\/RPG6060130S3-1FACE-768x768.jpg 768w, https:\/\/cmctiles.vn\/wp-content\/uploads\/2024\/07\/RPG6060130S3-1FACE-1536x1536.jpg 1536w, https:\/\/cmctiles.vn\/wp-content\/uploads\/2024\/07\/RPG6060130S3-1FACE-2048x2048.jpg 2048w, https:\/\/cmctiles.vn\/wp-content\/uploads\/2024\/07\/RPG6060130S3-1FACE-12x12.jpg 12w, https:\/\/cmctiles.vn\/wp-content\/uploads\/2024\/07\/RPG6060130S3-1FACE-280x280.jpg 280w, https:\/\/cmctiles.vn\/wp-content\/uploads\/2024\/07\/RPG6060130S3-1FACE-600x600.jpg 600w, https:\/\/cmctiles.vn\/wp-content\/uploads\/2024\/07\/RPG6060130S3-1FACE-500x500.jpg 500w, https:\/\/cmctiles.vn\/wp-content\/uploads\/2024\/07\/RPG6060130S3-1FACE-100x100.jpg 100w\" sizes=\"(max-width: 1024px) 100vw, 1024px\" \/><figcaption id=\"caption-attachment-30337\" class=\"wp-caption-text\">Thi\u1ebft k\u1ebf \u0111\u1ed9c \u0111\u00e1o c\u1ee7a s\u1ea3n ph\u1ea9m g\u1ea1ch v\u00e2n \u0111\u00e1 B\u00ecnh \u0110\u1ecbnh RPG6060130S3<\/figcaption><\/figure>\n<h2><b>1. Th\u00f4ng s\u1ed1 s\u1ea3n ph\u1ea9m\u00a0<\/b><\/h2>\n<table>\n<tbody>\n<tr>\n<td><span style=\"font-weight: 400;\">M\u00e3 s\u1ea3n ph\u1ea9m<\/span><\/td>\n<td><span style=\"font-weight: 400;\">RPG6060130S3\u00a0<\/span><\/td>\n<\/tr>\n<tr>\n<td><span style=\"font-weight: 400;\">BRANDS<\/span><\/td>\n<td><span style=\"font-weight: 400;\">G\u1ea1ch \u1ed1p l\u00e1t REFINA<\/span><\/td>\n<\/tr>\n<tr>\n<td><span style=\"font-weight: 400;\">Ph\u00e2n lo\u1ea1i<\/span><\/td>\n<td><span style=\"font-weight: 400;\">Ceramic tiles<\/span><\/td>\n<\/tr>\n<tr>\n<td><span style=\"font-weight: 400;\">M\u00e0u s\u1eafc<\/span><\/td>\n<td><span style=\"font-weight: 400;\">M\u00e0u ghi \u0111\u00e1 ch\u1ea5m ph\u00e1\u00a0<\/span><\/td>\n<\/tr>\n<tr>\n<td><span style=\"font-weight: 400;\">Sizes<\/span><\/td>\n<td><span style=\"font-weight: 400;\">600&#215;600 mm<\/span><\/td>\n<\/tr>\n<tr>\n<td><span style=\"font-weight: 400;\">\u0110\u1ed9 d\u00e0y<\/span><\/td>\n<td><span style=\"font-weight: 400;\">9,0 mm<\/span><\/td>\n<\/tr>\n<tr>\n<td><span style=\"font-weight: 400;\">MATERIALS\u00a0<\/span><\/td>\n<td><span style=\"font-weight: 400;\">Porcelain<\/span><\/td>\n<\/tr>\n<tr>\n<td><span style=\"font-weight: 400;\">Surfaces<\/span><\/td>\n<td><span style=\"font-weight: 400;\">Glossy Glaze<\/span><\/td>\n<\/tr>\n<tr>\n<td><span style=\"font-weight: 400;\">Outstanding features<\/span><\/td>\n<td>\n<ul>\n<li style=\"font-weight: 400;\" aria-level=\"1\"><span style=\"font-weight: 400;\">H\u1ecda ti\u1ebft s\u1eafc n\u00e9t, m\u1eabu m\u00e3 \u0111a d\u1ea1ng<\/span><\/li>\n<li style=\"font-weight: 400;\" aria-level=\"1\"><span style=\"font-weight: 400;\">B\u1ec1n b\u1ec9, c\u1ee9ng c\u00e1p, b\u1ea3o v\u1ec7 t\u01b0\u1eddng t\u1ed1t v\u00e0 tu\u1ed5i th\u1ecd cao<\/span><\/li>\n<li style=\"font-weight: 400;\" aria-level=\"1\"><span style=\"font-weight: 400;\">D\u1ec5 \u1ee9ng d\u1ee5ng, d\u1ec5 thi c\u00f4ng<\/span><\/li>\n<li style=\"font-weight: 400;\" aria-level=\"1\"><span style=\"font-weight: 400;\">Non-ignition, non-expansion<\/span><\/li>\n<li style=\"font-weight: 400;\" aria-level=\"1\"><span style=\"font-weight: 400;\">D\u1ec5 v\u1ec7 sinh, ch\u1ed1ng n\u1ea5m m\u1ed1c<\/span><\/li>\n<\/ul>\n<\/td>\n<\/tr>\n<tr>\n<td><span style=\"font-weight: 400;\">APPLICATIONS<\/span><\/td>\n<td><span style=\"font-weight: 400;\">\u0110a d\u1ea1ng, v\u00ed d\u1ee5 ki\u1ebfn tr\u00fac nh\u00e0 \u1ed1ng, khu chung c\u01b0, nh\u00e0 \u1edf cao c\u1ea5p, bi\u1ec7t th\u1ef1, ph\u00f2ng kh\u00e1ch\u2026<\/span><\/td>\n<\/tr>\n<\/tbody>\n<\/table>\n<h2><b>2. RPG6060130S3 &#8211; D\u00f2ng s\u1ea3n ph\u1ea9m cao c\u1ea5p c\u1ee7a CMC\u00a0<\/b><\/h2>\n<p><span style=\"font-weight: 400;\">G\u1ea1ch \u1ed1p l\u00e1t RPG6060130S3 \u0111\u01b0\u1ee3c \u0111\u00e1nh gi\u00e1 cao trong d\u00f2ng s\u1ea3n ph\u1ea9m c\u1ee7a CMC v\u1edbi ch\u1ea5t l\u01b0\u1ee3ng xu\u1ea5t s\u1eafc v\u00e0 thi\u1ebft k\u1ebf th\u00fa v\u1ecb, pha tr\u1ed9n gi\u1eefa truy\u1ec1n th\u1ed1ng v\u00e0 hi\u1ec7n \u0111\u1ea1i. \u0110i\u1ec1u n\u00e0y khi\u1ebfn g\u1ea1ch RPG6060130S3 tr\u1edf th\u00e0nh s\u1ef1 l\u1ef1a ch\u1ecdn \u01b0u vi\u1ec7t cho b\u1ea5t k\u1ef3 kh\u00f4ng gian thi\u1ebft k\u1ebf n\u00e0o.<\/span><\/p>\n<figure id=\"attachment_30338\" aria-describedby=\"caption-attachment-30338\" style=\"width: 1024px\" class=\"wp-caption aligncenter\"><img decoding=\"async\" class=\"size-large wp-image-30338\" src=\"https:\/\/cmctiles.vn\/wp-content\/uploads\/2024\/07\/RPG6060130S3-1FACE-BD-1024x778.jpg\" alt=\"\" width=\"1024\" height=\"778\" title=\"\" srcset=\"https:\/\/cmctiles.vn\/wp-content\/uploads\/2024\/07\/RPG6060130S3-1FACE-BD-1024x778.jpg 1024w, https:\/\/cmctiles.vn\/wp-content\/uploads\/2024\/07\/RPG6060130S3-1FACE-BD-300x228.jpg 300w, https:\/\/cmctiles.vn\/wp-content\/uploads\/2024\/07\/RPG6060130S3-1FACE-BD-768x584.jpg 768w, https:\/\/cmctiles.vn\/wp-content\/uploads\/2024\/07\/RPG6060130S3-1FACE-BD-1536x1167.jpg 1536w, https:\/\/cmctiles.vn\/wp-content\/uploads\/2024\/07\/RPG6060130S3-1FACE-BD-16x12.jpg 16w, https:\/\/cmctiles.vn\/wp-content\/uploads\/2024\/07\/RPG6060130S3-1FACE-BD-369x280.jpg 369w, https:\/\/cmctiles.vn\/wp-content\/uploads\/2024\/07\/RPG6060130S3-1FACE-BD-500x380.jpg 500w, https:\/\/cmctiles.vn\/wp-content\/uploads\/2024\/07\/RPG6060130S3-1FACE-BD.jpg 2048w\" sizes=\"(max-width: 1024px) 100vw, 1024px\" \/><figcaption id=\"caption-attachment-30338\" class=\"wp-caption-text\">Kh\u00f4ng gian n\u1ed9i th\u1ea5t c\u1ee7a gia ch\u1ee7 th\u00eam ph\u1ea7n \u0111\u1eb7c bi\u1ec7t nh\u1edd v\u00e0o g\u1ea1ch \u1ed1p l\u00e1t RPG6060130S3<\/figcaption><\/figure>\n<h3><b>2.1. Phong c\u00e1ch thi\u1ebft k\u1ebf t\u1ef1 nhi\u00ean, ch\u00e2n th\u1ef1c<\/b><\/h3>\n<p><span style=\"font-weight: 400;\">Nh\u1eefng thi\u1ebft k\u1ebf t\u1ef1 nhi\u00ean v\u00e0 trang nh\u00e3 t\u1eeb xa x\u01b0a \u0111\u00e3 lu\u00f4n r\u1ea5t \u0111\u01b0\u1ee3c \u01b0a chu\u1ed9ng trong thi\u1ebft k\u1ebf n\u1ed9i th\u1ea5t t\u1eeb \u0111\u01a1n gi\u1ea3n \u0111\u1ebfn sang tr\u1ecdng. C\u0169ng b\u1edfi v\u1eady, g\u1ea1ch \u1ed1p l\u00e1t RPG6060130S3 l\u00e0 l\u1ef1a ch\u1ecdn \u01b0u ti\u00ean c\u1ee7a nhi\u1ec1u gia ch\u1ee7 y\u00eau th\u00edch phong c\u00e1ch g\u1ea7n g\u0169i v\u1edbi thi\u00ean nhi\u00ean, thu h\u00fat m\u1ecdi \u00e1nh nh\u00ecn c\u1ee7a th\u1ef1c kh\u00e1ch \u0111\u1ebfn ch\u01a1i nh\u00e0.\u00a0<\/span><\/p>\n<h3><b>2.2. \u0110\u1eb7c \u0111i\u1ec3m n\u1ed5i b\u1eadt c\u1ee7a ch\u1ea5t li\u1ec7u g\u1ea1ch Porcelain<\/b><\/h3>\n<p>Ch\u1ea5t li\u1ec7u porcelain c\u1ee7a g\u1ea1ch \u1ed1p l\u00e1t <span style=\"font-weight: 400;\">RPG6060130S3 <\/span>s\u1edf h\u1eefu \u0111\u1ed9 c\u1ee9ng v\u00e0 b\u1ec1n cao nh\u1edd c\u1ea5u tr\u00fac x\u01b0\u01a1ng \u00edt l\u1ed7 h\u1ed5ng k\u1ebft h\u1ee3p v\u1edbi qu\u00e1 tr\u00ecnh nung \u1edf nhi\u1ec7t \u0111\u1ed9 1200 \u0111\u1ed9 C. B\u1edfi v\u1eady, s\u1ea3n ph\u1ea9m c\u00f3 kh\u1ea3 n\u0103ng ch\u1ecbu l\u1ef1c t\u1ed1t v\u00e0 ch\u1ed1ng th\u1ea5m hi\u1ec7u qu\u1ea3, b\u1ea3o v\u1ec7 c\u00f4ng tr\u00ecnh kh\u1ecfi t\u00e1c \u0111\u1ed9ng c\u1ee7a n\u01b0\u1edbc v\u00e0 \u1ea9m m\u1ed1c.<\/p>\n<h3><b>2.3. Tr\u1ea3i nghi\u1ec7m v\u01b0\u1ee3t tr\u1ed9i cho ng\u01b0\u1eddi d\u00f9ng\u00a0<\/b><\/h3>\n<p><span style=\"font-weight: 400;\">V\u1edbi ch\u1ea5t li\u1ec7u g\u1ea1ch men b\u00f3ng porcelain c\u00f9ng b\u1ec1 m\u1eb7t men b\u00f3ng, g\u1ea1ch \u1ed1p l\u00e1t RPG6060130S3 kh\u00f4ng ch\u1ec9 t\u1ea1o n\u00ean v\u1ebb \u0111\u1eb9p mang \u0111\u1ea7y t\u00ednh th\u1ea9m m\u1ef9 m\u00e0 c\u00f2n d\u1ec5 d\u00e0ng v\u1ec7 sinh. \u0110\u1ed3ng th\u1eddi, g\u1ea1ch RPG6060130S3 s\u1edf h\u1eefu k\u00edch th\u01b0\u1edbc ph\u1ed5 th\u00f4ng n\u00ean \u0111\u1ea3m b\u1ea3o mang \u0111\u1ebfn tr\u1ea3i nghi\u1ec7m s\u1eed d\u1ee5ng t\u1ed1i \u01b0u, ph\u00f9 h\u1ee3p l\u1eafp \u0111\u1eb7t t\u1ea1i \u0111a d\u1ea1ng kh\u00f4ng gian t\u1eeb n\u1ed9i th\u1ea5t \u0111\u1ebfn ngo\u1ea1i th\u1ea5t.<\/span><\/p>\n<p><span style=\"font-weight: 400;\">Tr\u00ean \u0111\u00e2y l\u00e0 nh\u1eefng \u0111\u1eb7c \u0111i\u1ec3m n\u1ed5i b\u1eadt v\u00e0 l\u01b0u \u00fd khi Qu\u00fd kh\u00e1ch l\u1ef1a ch\u1ecdn v\u00e0 s\u1eed d\u1ee5ng g\u1ea1ch \u1ed1p l\u00e1t RPG6060130S3. Hy v\u1ecdng b\u00e0i vi\u1ebft s\u1ebd gi\u00fap \u00edch cho qu\u00fd v\u1ecb \u0111\u1ec3 l\u1ef1a ch\u1ecdn \u0111\u01b0\u1ee3c s\u1ea3n ph\u1ea9m ph\u00f9 h\u1ee3p nh\u1ea5t v\u1edbi kh\u00f4ng gian v\u00e0 chi ph\u00ed c\u1ee7a gia \u0111\u00ecnh.\u00a0<\/span><\/p>\n<p><span style=\"font-weight: 400;\">Vui l\u00f2ng \u0111\u1ec3 l\u1ea1i th\u00f4ng tin d\u01b0\u1edbi h\u1ed9p th\u01b0 d\u01b0\u1edbi \u0111\u00e2y n\u1ebfu qu\u00fd v\u1ecb c\u1ea7n gi\u1ea3i \u0111\u00e1p th\u1eafc m\u1eafc ho\u1eb7c nh\u1eadn s\u1ef1 t\u01b0 v\u1ea5n t\u1eeb chuy\u00ean gia c\u1ee7a CMC Tiles!<\/span><\/p>","protected":false},"excerpt":{"rendered":"<p>M\u00f4 ph\u1ecfng v\u1ebb \u0111\u1eb9p t\u1ef1 nhi\u00ean c\u1ee7a \u0111\u00e1 hoa c\u01b0\u01a1ng t\u1eeb B\u00ecnh \u0110\u1ecbnh, v\u1edbi c\u00e1c v\u00e2n \u0111\u00e1 \u0111\u1ed9c \u0111\u00e1o, s\u1ea3n ph\u1ea9m g\u1ea1ch \u1ed1p l\u00e1t RPG6060130S3 t\u1ea1o ra m\u1ed9t kh\u00f4ng gian \u0111\u1ed9c \u0111\u00e1o v\u00e0 \u1ea5n t\u01b0\u1ee3ng v\u1edbi v\u1ebb \u0111\u1eb9p m\u1edbi l\u1ea1. 1. Th\u00f4ng s\u1ed1 s\u1ea3n ph\u1ea9m\u00a0 M\u00e3 s\u1ea3n ph\u1ea9m RPG6060130S3\u00a0 Th\u01b0\u01a1ng hi\u1ec7u G\u1ea1ch \u1ed1p l\u00e1t REFINA [&hellip;]<\/p>\n","protected":false},"featured_media":30337,"comment_status":"open","ping_status":"closed","template":"","meta":[],"product_brand":[],"product_cat":[1076,1015,1083,1023,1134],"product_tag":[],"class_list":{"0":"post-30336","1":"product","2":"type-product","3":"status-publish","4":"has-post-thumbnail","6":"product_cat-gach-op-lat","7":"product_cat-gach-lat","8":"product_cat-gach-lat-nen-van-da","9":"product_cat-porcelain","10":"product_cat-gach-op-lat-refina","12":"first","13":"instock","14":"taxable","15":"shipping-taxable","16":"purchasable","17":"product-type-simple"},"_links":{"self":[{"href":"https:\/\/cmctiles.vn\/en\/wp-json\/wp\/v2\/product\/30336","targetHints":{"allow":["GET"]}}],"collection":[{"href":"https:\/\/cmctiles.vn\/en\/wp-json\/wp\/v2\/product"}],"about":[{"href":"https:\/\/cmctiles.vn\/en\/wp-json\/wp\/v2\/types\/product"}],"replies":[{"embeddable":true,"href":"https:\/\/cmctiles.vn\/en\/wp-json\/wp\/v2\/comments?post=30336"}],"version-history":[{"count":2,"href":"https:\/\/cmctiles.vn\/en\/wp-json\/wp\/v2\/product\/30336\/revisions"}],"predecessor-version":[{"id":30340,"href":"https:\/\/cmctiles.vn\/en\/wp-json\/wp\/v2\/product\/30336\/revisions\/30340"}],"wp:featuredmedia":[{"embeddable":true,"href":"https:\/\/cmctiles.vn\/en\/wp-json\/wp\/v2\/media\/30337"}],"wp:attachment":[{"href":"https:\/\/cmctiles.vn\/en\/wp-json\/wp\/v2\/media?parent=30336"}],"wp:term":[{"taxonomy":"product_brand","embeddable":true,"href":"https:\/\/cmctiles.vn\/en\/wp-json\/wp\/v2\/product_brand?post=30336"},{"taxonomy":"product_cat","embeddable":true,"href":"https:\/\/cmctiles.vn\/en\/wp-json\/wp\/v2\/product_cat?post=30336"},{"taxonomy":"product_tag","embeddable":true,"href":"https:\/\/cmctiles.vn\/en\/wp-json\/wp\/v2\/product_tag?post=30336"}],"curies":[{"name":"wp","href":"https:\/\/api.w.org\/{rel}","templated":true}]}}